{"id":16829,"date":"2024-06-20T23:24:14","date_gmt":"2024-06-21T05:24:14","guid":{"rendered":"https:\/\/itemsind.com\/tienda\/?page_id=16829"},"modified":"2024-09-05T08:13:41","modified_gmt":"2024-09-05T14:13:41","slug":"nosotros","status":"publish","type":"page","link":"https:\/\/itemsind.com\/tienda\/nosotros\/","title":{"rendered":"Nosotros"},"content":{"rendered":"<div class=\"wpb-content-wrapper\"><p>[vc_row][vc_column][tbay_title_heading title=&#8221;\u00bfQUI\u00c9NES SOMOS?&#8221; buttons=&#8221;btn-default btn-outline&#8221; subtitle=&#8221;Items Industriales, S.A., nace hace m\u00e1s de 20 a\u00f1os como una empresa guatemalteca para crear, brindar y desarrollar soluciones de seguridad industrial para las empresas del pa\u00eds.&#8221;][\/vc_column][\/vc_row][vc_row][vc_column][tbay_title_heading title=&#8221;VISI\u00d3N&#8221; buttons=&#8221;btn-default btn-outline&#8221; subtitle=&#8221;Ser el proveedor l\u00edder de equipo para seguridad industrial, protecci\u00f3n personal, trabajos en alturas, primeros auxilios y combate contra incendios en Centro Am\u00e9rica.&#8221;][\/vc_column][\/vc_row][vc_row][vc_column][tbay_title_heading title=&#8221;MISI\u00d3N&#8221; buttons=&#8221;btn-default btn-outline&#8221; subtitle=&#8221;Satisfacer las necesidades de nuestros clientes, brind\u00e1ndoles la asesor\u00eda necesaria y provey\u00e9ndoles de productos de la m\u00e1s alta calidad a un precio justo, fomentando relaciones s\u00f3lidas y duraderas con nuestros proveedores y una actitud de servicio incondicional hacia nuestros clientes&#8221;][\/vc_column][\/vc_row]<\/p>\n<\/div>","protected":false},"excerpt":{"rendered":"<p>[vc_row][vc_column][tbay_title_heading title=&#8221;\u00bfQUI\u00c9NES SOMOS?&#8221; buttons=&#8221;btn-default btn-outline&#8221; subtitle=&#8221;Items Industriales, S.A., nace hace m\u00e1s de 20 a\u00f1os como una empresa guatemalteca para crear, brindar y desarrollar soluciones de seguridad industrial para las empresas del pa\u00eds.&#8221;][\/vc_column][\/vc_row][vc_row][vc_column][tbay_title_heading title=&#8221;VISI\u00d3N&#8221; buttons=&#8221;btn-default btn-outline&#8221; subtitle=&#8221;Ser el proveedor l\u00edder de equipo para seguridad industrial, protecci\u00f3n personal, trabajos en alturas, primeros auxilios y combate contra incendios &hellip; <a href=\"https:\/\/itemsind.com\/tienda\/nosotros\/\" class=\"more-link\">Continue reading <span class=\"screen-reader-text\">Nosotros<\/span><\/a><\/p>\n","protected":false},"author":1,"featured_media":0,"parent":0,"menu_order":0,"comment_status":"closed","ping_status":"closed","template":"","meta":{"footnotes":""},"class_list":["post-16829","page","type-page","status-publish","hentry"],"yoast_head":"<!-- This site is optimized with the Yoast SEO plugin v27.4 - https:\/\/yoast.com\/product\/yoast-seo-wordpress\/ -->\n<title>Nosotros - Items Industriales<\/title>\n<meta name=\"description\" content=\"Items Industriales es una empresa guatemalteca para crear, brindar y desarrollar soluciones de seguridad industrial.\" \/>\n<meta name=\"robots\" content=\"index, follow, max-snippet:-1, max-image-preview:large, max-video-preview:-1\" \/>\n<link rel=\"canonical\" href=\"https:\/\/itemsind.com\/tienda\/nosotros\/\" \/>\n<meta property=\"og:locale\" content=\"es_ES\" \/>\n<meta property=\"og:type\" content=\"article\" \/>\n<meta property=\"og:title\" content=\"Nosotros - Items Industriales\" \/>\n<meta property=\"og:description\" content=\"Items Industriales es una empresa guatemalteca para crear, brindar y desarrollar soluciones de seguridad industrial.\" \/>\n<meta property=\"og:url\" content=\"https:\/\/itemsind.com\/tienda\/nosotros\/\" \/>\n<meta property=\"og:site_name\" content=\"Items Industriales\" \/>\n<meta property=\"article:publisher\" content=\"https:\/\/www.facebook.com\/itemsind\" \/>\n<meta property=\"article:modified_time\" content=\"2024-09-05T14:13:41+00:00\" \/>\n<meta name=\"twitter:card\" content=\"summary_large_image\" \/>\n<meta name=\"twitter:label1\" content=\"Tiempo de lectura\" \/>\n\t<meta name=\"twitter:data1\" content=\"1 minuto\" \/>\n<script type=\"application\/ld+json\" class=\"yoast-schema-graph\">{\"@context\":\"https:\\\/\\\/schema.org\",\"@graph\":[{\"@type\":\"WebPage\",\"@id\":\"https:\\\/\\\/itemsind.com\\\/tienda\\\/nosotros\\\/\",\"url\":\"https:\\\/\\\/itemsind.com\\\/tienda\\\/nosotros\\\/\",\"name\":\"Nosotros - Items Industriales\",\"isPartOf\":{\"@id\":\"https:\\\/\\\/itemsind.com\\\/tienda\\\/#website\"},\"datePublished\":\"2024-06-21T05:24:14+00:00\",\"dateModified\":\"2024-09-05T14:13:41+00:00\",\"description\":\"Items Industriales es una empresa guatemalteca para crear, brindar y desarrollar soluciones de seguridad industrial.\",\"breadcrumb\":{\"@id\":\"https:\\\/\\\/itemsind.com\\\/tienda\\\/nosotros\\\/#breadcrumb\"},\"inLanguage\":\"es\",\"potentialAction\":[{\"@type\":\"ReadAction\",\"target\":[\"https:\\\/\\\/itemsind.com\\\/tienda\\\/nosotros\\\/\"]}]},{\"@type\":\"BreadcrumbList\",\"@id\":\"https:\\\/\\\/itemsind.com\\\/tienda\\\/nosotros\\\/#breadcrumb\",\"itemListElement\":[{\"@type\":\"ListItem\",\"position\":1,\"name\":\"Portada\",\"item\":\"https:\\\/\\\/itemsind.com\\\/tienda\\\/\"},{\"@type\":\"ListItem\",\"position\":2,\"name\":\"Nosotros\"}]},{\"@type\":\"WebSite\",\"@id\":\"https:\\\/\\\/itemsind.com\\\/tienda\\\/#website\",\"url\":\"https:\\\/\\\/itemsind.com\\\/tienda\\\/\",\"name\":\"Items Industriales\",\"description\":\"Productos y Servicios para Seguridad Industrial\",\"publisher\":{\"@id\":\"https:\\\/\\\/itemsind.com\\\/tienda\\\/#organization\"},\"potentialAction\":[{\"@type\":\"SearchAction\",\"target\":{\"@type\":\"EntryPoint\",\"urlTemplate\":\"https:\\\/\\\/itemsind.com\\\/tienda\\\/?s={search_term_string}\"},\"query-input\":{\"@type\":\"PropertyValueSpecification\",\"valueRequired\":true,\"valueName\":\"search_term_string\"}}],\"inLanguage\":\"es\"},{\"@type\":\"Organization\",\"@id\":\"https:\\\/\\\/itemsind.com\\\/tienda\\\/#organization\",\"name\":\"Items Industriales\",\"url\":\"https:\\\/\\\/itemsind.com\\\/tienda\\\/\",\"logo\":{\"@type\":\"ImageObject\",\"inLanguage\":\"es\",\"@id\":\"https:\\\/\\\/itemsind.com\\\/tienda\\\/#\\\/schema\\\/logo\\\/image\\\/\",\"url\":\"https:\\\/\\\/itemsind.com\\\/tienda\\\/wp-content\\\/uploads\\\/2023\\\/11\\\/items-logo-principal.jpg\",\"contentUrl\":\"https:\\\/\\\/itemsind.com\\\/tienda\\\/wp-content\\\/uploads\\\/2023\\\/11\\\/items-logo-principal.jpg\",\"width\":2120,\"height\":793,\"caption\":\"Items Industriales\"},\"image\":{\"@id\":\"https:\\\/\\\/itemsind.com\\\/tienda\\\/#\\\/schema\\\/logo\\\/image\\\/\"},\"sameAs\":[\"https:\\\/\\\/www.facebook.com\\\/itemsind\",\"https:\\\/\\\/www.instagram.com\\\/itemsind\\\/\"]}]}<\/script>\n<!-- \/ Yoast SEO plugin. -->","yoast_head_json":{"title":"Nosotros - Items Industriales","description":"Items Industriales es una empresa guatemalteca para crear, brindar y desarrollar soluciones de seguridad industrial.","robots":{"index":"index","follow":"follow","max-snippet":"max-snippet:-1","max-image-preview":"max-image-preview:large","max-video-preview":"max-video-preview:-1"},"canonical":"https:\/\/itemsind.com\/tienda\/nosotros\/","og_locale":"es_ES","og_type":"article","og_title":"Nosotros - Items Industriales","og_description":"Items Industriales es una empresa guatemalteca para crear, brindar y desarrollar soluciones de seguridad industrial.","og_url":"https:\/\/itemsind.com\/tienda\/nosotros\/","og_site_name":"Items Industriales","article_publisher":"https:\/\/www.facebook.com\/itemsind","article_modified_time":"2024-09-05T14:13:41+00:00","twitter_card":"summary_large_image","twitter_misc":{"Tiempo de lectura":"1 minuto"},"schema":{"@context":"https:\/\/schema.org","@graph":[{"@type":"WebPage","@id":"https:\/\/itemsind.com\/tienda\/nosotros\/","url":"https:\/\/itemsind.com\/tienda\/nosotros\/","name":"Nosotros - Items Industriales","isPartOf":{"@id":"https:\/\/itemsind.com\/tienda\/#website"},"datePublished":"2024-06-21T05:24:14+00:00","dateModified":"2024-09-05T14:13:41+00:00","description":"Items Industriales es una empresa guatemalteca para crear, brindar y desarrollar soluciones de seguridad industrial.","breadcrumb":{"@id":"https:\/\/itemsind.com\/tienda\/nosotros\/#breadcrumb"},"inLanguage":"es","potentialAction":[{"@type":"ReadAction","target":["https:\/\/itemsind.com\/tienda\/nosotros\/"]}]},{"@type":"BreadcrumbList","@id":"https:\/\/itemsind.com\/tienda\/nosotros\/#breadcrumb","itemListElement":[{"@type":"ListItem","position":1,"name":"Portada","item":"https:\/\/itemsind.com\/tienda\/"},{"@type":"ListItem","position":2,"name":"Nosotros"}]},{"@type":"WebSite","@id":"https:\/\/itemsind.com\/tienda\/#website","url":"https:\/\/itemsind.com\/tienda\/","name":"Items Industriales","description":"Productos y Servicios para Seguridad Industrial","publisher":{"@id":"https:\/\/itemsind.com\/tienda\/#organization"},"potentialAction":[{"@type":"SearchAction","target":{"@type":"EntryPoint","urlTemplate":"https:\/\/itemsind.com\/tienda\/?s={search_term_string}"},"query-input":{"@type":"PropertyValueSpecification","valueRequired":true,"valueName":"search_term_string"}}],"inLanguage":"es"},{"@type":"Organization","@id":"https:\/\/itemsind.com\/tienda\/#organization","name":"Items Industriales","url":"https:\/\/itemsind.com\/tienda\/","logo":{"@type":"ImageObject","inLanguage":"es","@id":"https:\/\/itemsind.com\/tienda\/#\/schema\/logo\/image\/","url":"https:\/\/itemsind.com\/tienda\/wp-content\/uploads\/2023\/11\/items-logo-principal.jpg","contentUrl":"https:\/\/itemsind.com\/tienda\/wp-content\/uploads\/2023\/11\/items-logo-principal.jpg","width":2120,"height":793,"caption":"Items Industriales"},"image":{"@id":"https:\/\/itemsind.com\/tienda\/#\/schema\/logo\/image\/"},"sameAs":["https:\/\/www.facebook.com\/itemsind","https:\/\/www.instagram.com\/itemsind\/"]}]}},"_links":{"self":[{"href":"https:\/\/itemsind.com\/tienda\/wp-json\/wp\/v2\/pages\/16829","targetHints":{"allow":["GET"]}}],"collection":[{"href":"https:\/\/itemsind.com\/tienda\/wp-json\/wp\/v2\/pages"}],"about":[{"href":"https:\/\/itemsind.com\/tienda\/wp-json\/wp\/v2\/types\/page"}],"author":[{"embeddable":true,"href":"https:\/\/itemsind.com\/tienda\/wp-json\/wp\/v2\/users\/1"}],"replies":[{"embeddable":true,"href":"https:\/\/itemsind.com\/tienda\/wp-json\/wp\/v2\/comments?post=16829"}],"version-history":[{"count":0,"href":"https:\/\/itemsind.com\/tienda\/wp-json\/wp\/v2\/pages\/16829\/revisions"}],"wp:attachment":[{"href":"https:\/\/itemsind.com\/tienda\/wp-json\/wp\/v2\/media?parent=16829"}],"curies":[{"name":"wp","href":"https:\/\/api.w.org\/{rel}","templated":true}]}}