{"id":12491,"date":"2019-01-15T15:58:05","date_gmt":"2019-01-15T21:58:05","guid":{"rendered":"https:\/\/itemsind.com\/tienda\/product\/guante-de-kevlar-2\/"},"modified":"2026-03-10T08:03:40","modified_gmt":"2026-03-10T14:03:40","slug":"guante-hyflex-11-900","status":"publish","type":"product","link":"https:\/\/itemsind.com\/tienda\/producto\/guante-hyflex-11-900\/","title":{"rendered":"Guante HyFlex\u00ae 11-900"},"content":{"rendered":"","protected":false},"excerpt":{"rendered":"<p><strong>Protecci\u00f3n especializada:<\/strong>\u00a0Los guantes industriales HyFlex<sup>\u00ae<\/sup>\u00a011-900 incorporan un resistente recubrimiento de nitrilo en la palma que les confiere una repelencia al aceite perfecta para aplicaciones de fabricaci\u00f3n y mantenimiento ligeras.<\/p>\n<p><strong>Mayor durabilidad:<\/strong>\u00a0Su recubrimiento de nitrilo tambi\u00e9n garantiza una excelente resistencia a la abrasi\u00f3n -cumpliendo las normas ANSI y EN de nivel 4 y un agarre seguro y fiable en condiciones secas y moderadamente aceitosas.<\/p>\n<p><strong>Confort elevado:<\/strong>\u00a0Adem\u00e1s, estos guantes resistentes a la abrasi\u00f3n incorporan un forro de nailon flexible que proporciona comodidad durante todo el d\u00eda.<\/p>\n","protected":false},"featured_media":17854,"template":"","meta":[],"product_brand":[2356],"product_cat":[1384,2064],"product_tag":[2224,2225,2206,2237],"class_list":{"0":"post-12491","1":"product","2":"type-product","3":"status-publish","4":"has-post-thumbnail","6":"product_brand-ansell","7":"product_cat-proteccion-de-manos-brazos","8":"product_cat-proteccion","9":"product_tag-contra-el-aceite","10":"product_tag-guante","11":"product_tag-manos","12":"product_tag-mecanico","15":"instock","16":"taxable","17":"shipping-taxable","18":"product-type-simple"},"yoast_head":"<!-- This site is optimized with the Yoast SEO plugin v27.4 - https:\/\/yoast.com\/product\/yoast-seo-wordpress\/ -->\n<title>Guante HyFlex\u00ae 11-900 - Items Industriales<\/title>\n<meta name=\"robots\" content=\"index, follow, max-snippet:-1, max-image-preview:large, max-video-preview:-1\" \/>\n<link rel=\"canonical\" href=\"https:\/\/itemsind.com\/tienda\/producto\/guante-hyflex-11-900\/\" \/>\n<meta property=\"og:locale\" content=\"es_ES\" \/>\n<meta property=\"og:type\" content=\"article\" \/>\n<meta property=\"og:title\" content=\"Guante HyFlex\u00ae 11-900 - Items Industriales\" \/>\n<meta property=\"og:description\" content=\"Protecci\u00f3n especializada:\u00a0Los guantes industriales HyFlex\u00ae\u00a011-900 incorporan un resistente recubrimiento de nitrilo en la palma que les confiere una repelencia al aceite perfecta para aplicaciones de fabricaci\u00f3n y mantenimiento ligeras.  Mayor durabilidad:\u00a0Su recubrimiento de nitrilo tambi\u00e9n garantiza una excelente resistencia a la abrasi\u00f3n -cumpliendo las normas ANSI y EN de nivel 4 y un agarre seguro y fiable en condiciones secas y moderadamente aceitosas.  Confort elevado:\u00a0Adem\u00e1s, estos guantes resistentes a la abrasi\u00f3n incorporan un forro de nailon flexible que proporciona comodidad durante todo el d\u00eda.\" \/>\n<meta property=\"og:url\" content=\"https:\/\/itemsind.com\/tienda\/producto\/guante-hyflex-11-900\/\" \/>\n<meta property=\"og:site_name\" content=\"Items Industriales\" \/>\n<meta property=\"article:publisher\" content=\"https:\/\/www.facebook.com\/itemsind\" \/>\n<meta property=\"article:modified_time\" content=\"2026-03-10T14:03:40+00:00\" \/>\n<meta property=\"og:image\" content=\"https:\/\/itemsind.com\/tienda\/wp-content\/uploads\/2019\/01\/plantilla-productos-WEBSITE-75.png\" \/>\n\t<meta property=\"og:image:width\" content=\"1080\" \/>\n\t<meta property=\"og:image:height\" content=\"1080\" \/>\n\t<meta property=\"og:image:type\" content=\"image\/png\" \/>\n<meta name=\"twitter:card\" content=\"summary_large_image\" \/>\n<meta name=\"twitter:label1\" content=\"Tiempo de lectura\" \/>\n\t<meta name=\"twitter:data1\" content=\"1 minuto\" \/>\n<script type=\"application\/ld+json\" class=\"yoast-schema-graph\">{\"@context\":\"https:\\\/\\\/schema.org\",\"@graph\":[{\"@type\":\"WebPage\",\"@id\":\"https:\\\/\\\/itemsind.com\\\/tienda\\\/producto\\\/guante-hyflex-11-900\\\/\",\"url\":\"https:\\\/\\\/itemsind.com\\\/tienda\\\/producto\\\/guante-hyflex-11-900\\\/\",\"name\":\"Guante HyFlex\u00ae 11-900 - Items Industriales\",\"isPartOf\":{\"@id\":\"https:\\\/\\\/itemsind.com\\\/tienda\\\/#website\"},\"primaryImageOfPage\":{\"@id\":\"https:\\\/\\\/itemsind.com\\\/tienda\\\/producto\\\/guante-hyflex-11-900\\\/#primaryimage\"},\"image\":{\"@id\":\"https:\\\/\\\/itemsind.com\\\/tienda\\\/producto\\\/guante-hyflex-11-900\\\/#primaryimage\"},\"thumbnailUrl\":\"https:\\\/\\\/itemsind.com\\\/tienda\\\/wp-content\\\/uploads\\\/2019\\\/01\\\/plantilla-productos-WEBSITE-75.png\",\"datePublished\":\"2019-01-15T21:58:05+00:00\",\"dateModified\":\"2026-03-10T14:03:40+00:00\",\"breadcrumb\":{\"@id\":\"https:\\\/\\\/itemsind.com\\\/tienda\\\/producto\\\/guante-hyflex-11-900\\\/#breadcrumb\"},\"inLanguage\":\"es\",\"potentialAction\":[{\"@type\":\"ReadAction\",\"target\":[\"https:\\\/\\\/itemsind.com\\\/tienda\\\/producto\\\/guante-hyflex-11-900\\\/\"]}]},{\"@type\":\"ImageObject\",\"inLanguage\":\"es\",\"@id\":\"https:\\\/\\\/itemsind.com\\\/tienda\\\/producto\\\/guante-hyflex-11-900\\\/#primaryimage\",\"url\":\"https:\\\/\\\/itemsind.com\\\/tienda\\\/wp-content\\\/uploads\\\/2019\\\/01\\\/plantilla-productos-WEBSITE-75.png\",\"contentUrl\":\"https:\\\/\\\/itemsind.com\\\/tienda\\\/wp-content\\\/uploads\\\/2019\\\/01\\\/plantilla-productos-WEBSITE-75.png\",\"width\":1080,\"height\":1080},{\"@type\":\"BreadcrumbList\",\"@id\":\"https:\\\/\\\/itemsind.com\\\/tienda\\\/producto\\\/guante-hyflex-11-900\\\/#breadcrumb\",\"itemListElement\":[{\"@type\":\"ListItem\",\"position\":1,\"name\":\"Portada\",\"item\":\"https:\\\/\\\/itemsind.com\\\/tienda\\\/\"},{\"@type\":\"ListItem\",\"position\":2,\"name\":\"Tienda\",\"item\":\"https:\\\/\\\/itemsind.com\\\/tienda\\\/tienda\\\/\"},{\"@type\":\"ListItem\",\"position\":3,\"name\":\"Guante HyFlex\u00ae 11-900\"}]},{\"@type\":\"WebSite\",\"@id\":\"https:\\\/\\\/itemsind.com\\\/tienda\\\/#website\",\"url\":\"https:\\\/\\\/itemsind.com\\\/tienda\\\/\",\"name\":\"Items Industriales\",\"description\":\"Productos y Servicios para Seguridad Industrial\",\"publisher\":{\"@id\":\"https:\\\/\\\/itemsind.com\\\/tienda\\\/#organization\"},\"potentialAction\":[{\"@type\":\"SearchAction\",\"target\":{\"@type\":\"EntryPoint\",\"urlTemplate\":\"https:\\\/\\\/itemsind.com\\\/tienda\\\/?s={search_term_string}\"},\"query-input\":{\"@type\":\"PropertyValueSpecification\",\"valueRequired\":true,\"valueName\":\"search_term_string\"}}],\"inLanguage\":\"es\"},{\"@type\":\"Organization\",\"@id\":\"https:\\\/\\\/itemsind.com\\\/tienda\\\/#organization\",\"name\":\"Items Industriales\",\"url\":\"https:\\\/\\\/itemsind.com\\\/tienda\\\/\",\"logo\":{\"@type\":\"ImageObject\",\"inLanguage\":\"es\",\"@id\":\"https:\\\/\\\/itemsind.com\\\/tienda\\\/#\\\/schema\\\/logo\\\/image\\\/\",\"url\":\"https:\\\/\\\/itemsind.com\\\/tienda\\\/wp-content\\\/uploads\\\/2023\\\/11\\\/items-logo-principal.jpg\",\"contentUrl\":\"https:\\\/\\\/itemsind.com\\\/tienda\\\/wp-content\\\/uploads\\\/2023\\\/11\\\/items-logo-principal.jpg\",\"width\":2120,\"height\":793,\"caption\":\"Items Industriales\"},\"image\":{\"@id\":\"https:\\\/\\\/itemsind.com\\\/tienda\\\/#\\\/schema\\\/logo\\\/image\\\/\"},\"sameAs\":[\"https:\\\/\\\/www.facebook.com\\\/itemsind\",\"https:\\\/\\\/www.instagram.com\\\/itemsind\\\/\"]}]}<\/script>\n<!-- \/ Yoast SEO plugin. -->","yoast_head_json":{"title":"Guante HyFlex\u00ae 11-900 - Items Industriales","robots":{"index":"index","follow":"follow","max-snippet":"max-snippet:-1","max-image-preview":"max-image-preview:large","max-video-preview":"max-video-preview:-1"},"canonical":"https:\/\/itemsind.com\/tienda\/producto\/guante-hyflex-11-900\/","og_locale":"es_ES","og_type":"article","og_title":"Guante HyFlex\u00ae 11-900 - Items Industriales","og_description":"Protecci\u00f3n especializada:\u00a0Los guantes industriales HyFlex\u00ae\u00a011-900 incorporan un resistente recubrimiento de nitrilo en la palma que les confiere una repelencia al aceite perfecta para aplicaciones de fabricaci\u00f3n y mantenimiento ligeras.  Mayor durabilidad:\u00a0Su recubrimiento de nitrilo tambi\u00e9n garantiza una excelente resistencia a la abrasi\u00f3n -cumpliendo las normas ANSI y EN de nivel 4 y un agarre seguro y fiable en condiciones secas y moderadamente aceitosas.  Confort elevado:\u00a0Adem\u00e1s, estos guantes resistentes a la abrasi\u00f3n incorporan un forro de nailon flexible que proporciona comodidad durante todo el d\u00eda.","og_url":"https:\/\/itemsind.com\/tienda\/producto\/guante-hyflex-11-900\/","og_site_name":"Items Industriales","article_publisher":"https:\/\/www.facebook.com\/itemsind","article_modified_time":"2026-03-10T14:03:40+00:00","og_image":[{"width":1080,"height":1080,"url":"https:\/\/itemsind.com\/tienda\/wp-content\/uploads\/2019\/01\/plantilla-productos-WEBSITE-75.png","type":"image\/png"}],"twitter_card":"summary_large_image","twitter_misc":{"Tiempo de lectura":"1 minuto"},"schema":{"@context":"https:\/\/schema.org","@graph":[{"@type":"WebPage","@id":"https:\/\/itemsind.com\/tienda\/producto\/guante-hyflex-11-900\/","url":"https:\/\/itemsind.com\/tienda\/producto\/guante-hyflex-11-900\/","name":"Guante HyFlex\u00ae 11-900 - Items Industriales","isPartOf":{"@id":"https:\/\/itemsind.com\/tienda\/#website"},"primaryImageOfPage":{"@id":"https:\/\/itemsind.com\/tienda\/producto\/guante-hyflex-11-900\/#primaryimage"},"image":{"@id":"https:\/\/itemsind.com\/tienda\/producto\/guante-hyflex-11-900\/#primaryimage"},"thumbnailUrl":"https:\/\/itemsind.com\/tienda\/wp-content\/uploads\/2019\/01\/plantilla-productos-WEBSITE-75.png","datePublished":"2019-01-15T21:58:05+00:00","dateModified":"2026-03-10T14:03:40+00:00","breadcrumb":{"@id":"https:\/\/itemsind.com\/tienda\/producto\/guante-hyflex-11-900\/#breadcrumb"},"inLanguage":"es","potentialAction":[{"@type":"ReadAction","target":["https:\/\/itemsind.com\/tienda\/producto\/guante-hyflex-11-900\/"]}]},{"@type":"ImageObject","inLanguage":"es","@id":"https:\/\/itemsind.com\/tienda\/producto\/guante-hyflex-11-900\/#primaryimage","url":"https:\/\/itemsind.com\/tienda\/wp-content\/uploads\/2019\/01\/plantilla-productos-WEBSITE-75.png","contentUrl":"https:\/\/itemsind.com\/tienda\/wp-content\/uploads\/2019\/01\/plantilla-productos-WEBSITE-75.png","width":1080,"height":1080},{"@type":"BreadcrumbList","@id":"https:\/\/itemsind.com\/tienda\/producto\/guante-hyflex-11-900\/#breadcrumb","itemListElement":[{"@type":"ListItem","position":1,"name":"Portada","item":"https:\/\/itemsind.com\/tienda\/"},{"@type":"ListItem","position":2,"name":"Tienda","item":"https:\/\/itemsind.com\/tienda\/tienda\/"},{"@type":"ListItem","position":3,"name":"Guante HyFlex\u00ae 11-900"}]},{"@type":"WebSite","@id":"https:\/\/itemsind.com\/tienda\/#website","url":"https:\/\/itemsind.com\/tienda\/","name":"Items Industriales","description":"Productos y Servicios para Seguridad Industrial","publisher":{"@id":"https:\/\/itemsind.com\/tienda\/#organization"},"potentialAction":[{"@type":"SearchAction","target":{"@type":"EntryPoint","urlTemplate":"https:\/\/itemsind.com\/tienda\/?s={search_term_string}"},"query-input":{"@type":"PropertyValueSpecification","valueRequired":true,"valueName":"search_term_string"}}],"inLanguage":"es"},{"@type":"Organization","@id":"https:\/\/itemsind.com\/tienda\/#organization","name":"Items Industriales","url":"https:\/\/itemsind.com\/tienda\/","logo":{"@type":"ImageObject","inLanguage":"es","@id":"https:\/\/itemsind.com\/tienda\/#\/schema\/logo\/image\/","url":"https:\/\/itemsind.com\/tienda\/wp-content\/uploads\/2023\/11\/items-logo-principal.jpg","contentUrl":"https:\/\/itemsind.com\/tienda\/wp-content\/uploads\/2023\/11\/items-logo-principal.jpg","width":2120,"height":793,"caption":"Items Industriales"},"image":{"@id":"https:\/\/itemsind.com\/tienda\/#\/schema\/logo\/image\/"},"sameAs":["https:\/\/www.facebook.com\/itemsind","https:\/\/www.instagram.com\/itemsind\/"]}]}},"_links":{"self":[{"href":"https:\/\/itemsind.com\/tienda\/wp-json\/wp\/v2\/product\/12491","targetHints":{"allow":["GET"]}}],"collection":[{"href":"https:\/\/itemsind.com\/tienda\/wp-json\/wp\/v2\/product"}],"about":[{"href":"https:\/\/itemsind.com\/tienda\/wp-json\/wp\/v2\/types\/product"}],"wp:featuredmedia":[{"embeddable":true,"href":"https:\/\/itemsind.com\/tienda\/wp-json\/wp\/v2\/media\/17854"}],"wp:attachment":[{"href":"https:\/\/itemsind.com\/tienda\/wp-json\/wp\/v2\/media?parent=12491"}],"wp:term":[{"taxonomy":"product_brand","embeddable":true,"href":"https:\/\/itemsind.com\/tienda\/wp-json\/wp\/v2\/product_brand?post=12491"},{"taxonomy":"product_cat","embeddable":true,"href":"https:\/\/itemsind.com\/tienda\/wp-json\/wp\/v2\/product_cat?post=12491"},{"taxonomy":"product_tag","embeddable":true,"href":"https:\/\/itemsind.com\/tienda\/wp-json\/wp\/v2\/product_tag?post=12491"}],"curies":[{"name":"wp","href":"https:\/\/api.w.org\/{rel}","templated":true}]}}