{"id":12509,"date":"2019-01-16T08:49:05","date_gmt":"2019-01-16T14:49:05","guid":{"rendered":"https:\/\/itemsind.com\/tienda\/product\/guante-hyflex-11-920-5\/"},"modified":"2026-03-04T09:51:56","modified_gmt":"2026-03-04T15:51:56","slug":"guante-hyflex-11-920-5","status":"publish","type":"product","link":"https:\/\/itemsind.com\/tienda\/producto\/guante-hyflex-11-920-5\/","title":{"rendered":"Guante HyFlex 11-425"},"content":{"rendered":"<div class=\"intro\">\n<p><span dir=\"auto\">Guantes resistentes a la abrasi\u00f3n, con codificaci\u00f3n de colores para garantizar una aplicaci\u00f3n adecuada.<\/span><\/p>\n<\/div>\n<div class=\"details\">\n<h3><span dir=\"auto\">Caracter\u00edsticas y beneficios clave<\/span><\/h3>\n<ul>\n<li><strong><span dir=\"auto\">Sistema indicador\u00a0HyFlex\u00a0<\/span><sup><span dir=\"auto\">\u00ae<\/span><\/sup><\/strong><span dir=\"auto\">\u00a0: Los trabajadores pueden garantizar una protecci\u00f3n adecuada<\/span><\/li>\n<li><strong><span dir=\"auto\">Resistencia a la abrasi\u00f3n certificada:<\/span><\/strong><span dir=\"auto\">\u00a0Excelente durabilidad<\/span><\/li>\n<li><strong><span dir=\"auto\">Recubrimiento de espuma de nitrilo:<\/span><\/strong><span dir=\"auto\">\u00a0mayor agarre y comodidad.<\/span><\/li>\n<\/ul>\n<div class=\"ans-accordion-item\">\n<div class=\"ans-accordion-body d-xl-block\">\n<div class=\"ans-accordion-body-content\">\n<h3 class=\"d-none d-xl-block\"><span dir=\"auto\">Recomendado para<\/span><\/h3>\n<ul>\n<li><span dir=\"auto\">Manipulaci\u00f3n de chapas y paneles met\u00e1licos<\/span><\/li>\n<li><span dir=\"auto\">Manipulaci\u00f3n de piezas con bordes afilados y \u00e1speros<\/span><\/li>\n<li><span dir=\"auto\">Aplicaci\u00f3n de selladores, retoques.<\/span><\/li>\n<li><span dir=\"auto\">Soporte y mantenimiento de l\u00edneas de producci\u00f3n<\/span><\/li>\n<li><span dir=\"auto\">Carga y descarga de camiones y veh\u00edculos<\/span><\/li>\n<li><span dir=\"auto\">Env\u00edo, transporte y entrega de productos<\/span><\/li>\n<li><span dir=\"auto\">Mantenimiento<\/span><\/li>\n<li><span dir=\"auto\">Apertura de hornos, vaciado de bombas, v\u00e1lvulas o l\u00edneas y crackers del proceso BTX<\/span><\/li>\n<li><span dir=\"auto\">cerrajero<\/span><\/li>\n<\/ul>\n<\/div>\n<\/div>\n<\/div>\n<div class=\"ans-accordion-item\">\n<div class=\"ans-accordion-body d-xl-block\">\n<div class=\"ans-accordion-body-content\">\n<h3 class=\"d-none d-xl-block\"><span dir=\"auto\">Industrias primarias<\/span><\/h3>\n<ul>\n<li><strong><span dir=\"auto\">Automotor<\/span><\/strong><\/li>\n<li><strong><span dir=\"auto\">Qu\u00edmico<\/span><\/strong><\/li>\n<li><strong><span dir=\"auto\">Procesamiento de alimentos<\/span><\/strong><\/li>\n<\/ul>\n<\/div>\n<\/div>\n<\/div>\n<\/div>\n","protected":false},"excerpt":{"rendered":"<div class=\"intro\">\n<p>Guantes resistentes a la abrasi\u00f3n, con codificaci\u00f3n por colores para garantizar una aplicaci\u00f3n adecuada.<\/p>\n<\/div>\n<div class=\"details\">\n<h3>Caracter\u00edsticas<\/h3>\n<ul>\n<li><strong>Sistema indicador HyFlex\u2122:<\/strong>\u00a0Los trabajadores pueden garantizar una protecci\u00f3n adecuada<\/li>\n<li><strong>Resistencia a la abrasi\u00f3n certificada:<\/strong>\u00a0Excelente durabilidad<\/li>\n<li><strong>Recubrimiento de espuma de nitrilo:<\/strong>\u00a0Mayor agarre y comodidad<\/li>\n<\/ul>\n<\/div>\n","protected":false},"featured_media":17665,"template":"","meta":[],"product_brand":[2356],"product_cat":[1384,2064],"product_tag":[2207,2225,2206,2237,2201,2238,2227],"class_list":{"0":"post-12509","1":"product","2":"type-product","3":"status-publish","4":"has-post-thumbnail","6":"product_brand-ansell","7":"product_cat-proteccion-de-manos-brazos","8":"product_cat-proteccion","9":"product_tag-brazos","10":"product_tag-guante","11":"product_tag-manos","12":"product_tag-mecanico","13":"product_tag-proteccion","14":"product_tag-recubiertos","15":"product_tag-resistencia-al-corte","18":"instock","19":"taxable","20":"shipping-taxable","21":"product-type-simple"},"yoast_head":"<!-- This site is optimized with the Yoast SEO plugin v27.4 - https:\/\/yoast.com\/product\/yoast-seo-wordpress\/ -->\n<title>Guante HyFlex 11-425 - Items Industriales<\/title>\n<meta name=\"robots\" content=\"index, follow, max-snippet:-1, max-image-preview:large, max-video-preview:-1\" \/>\n<link rel=\"canonical\" href=\"https:\/\/itemsind.com\/tienda\/producto\/guante-hyflex-11-920-5\/\" \/>\n<meta property=\"og:locale\" content=\"es_ES\" \/>\n<meta property=\"og:type\" content=\"article\" \/>\n<meta property=\"og:title\" content=\"Guante HyFlex 11-425 - Items Industriales\" \/>\n<meta property=\"og:description\" content=\"Guantes resistentes a la abrasi\u00f3n, con codificaci\u00f3n por colores para garantizar una aplicaci\u00f3n adecuada.    Caracter\u00edsticas   Sistema indicador HyFlex\u2122:\u00a0Los trabajadores pueden garantizar una protecci\u00f3n adecuada  Resistencia a la abrasi\u00f3n certificada:\u00a0Excelente durabilidad  Recubrimiento de espuma de nitrilo:\u00a0Mayor agarre y comodidad\" \/>\n<meta property=\"og:url\" content=\"https:\/\/itemsind.com\/tienda\/producto\/guante-hyflex-11-920-5\/\" \/>\n<meta property=\"og:site_name\" content=\"Items Industriales\" \/>\n<meta property=\"article:publisher\" content=\"https:\/\/www.facebook.com\/itemsind\" \/>\n<meta property=\"article:modified_time\" content=\"2026-03-04T15:51:56+00:00\" \/>\n<meta property=\"og:image\" content=\"https:\/\/itemsind.com\/tienda\/wp-content\/uploads\/2019\/01\/plantilla-productos-WEBSITE-30.png\" \/>\n\t<meta property=\"og:image:width\" content=\"1080\" \/>\n\t<meta property=\"og:image:height\" content=\"1080\" \/>\n\t<meta property=\"og:image:type\" content=\"image\/png\" \/>\n<meta name=\"twitter:card\" content=\"summary_large_image\" \/>\n<meta name=\"twitter:label1\" content=\"Tiempo de lectura\" \/>\n\t<meta name=\"twitter:data1\" content=\"1 minuto\" \/>\n<script type=\"application\/ld+json\" class=\"yoast-schema-graph\">{\"@context\":\"https:\\\/\\\/schema.org\",\"@graph\":[{\"@type\":\"WebPage\",\"@id\":\"https:\\\/\\\/itemsind.com\\\/tienda\\\/producto\\\/guante-hyflex-11-920-5\\\/\",\"url\":\"https:\\\/\\\/itemsind.com\\\/tienda\\\/producto\\\/guante-hyflex-11-920-5\\\/\",\"name\":\"Guante HyFlex 11-425 - Items Industriales\",\"isPartOf\":{\"@id\":\"https:\\\/\\\/itemsind.com\\\/tienda\\\/#website\"},\"primaryImageOfPage\":{\"@id\":\"https:\\\/\\\/itemsind.com\\\/tienda\\\/producto\\\/guante-hyflex-11-920-5\\\/#primaryimage\"},\"image\":{\"@id\":\"https:\\\/\\\/itemsind.com\\\/tienda\\\/producto\\\/guante-hyflex-11-920-5\\\/#primaryimage\"},\"thumbnailUrl\":\"https:\\\/\\\/itemsind.com\\\/tienda\\\/wp-content\\\/uploads\\\/2019\\\/01\\\/plantilla-productos-WEBSITE-30.png\",\"datePublished\":\"2019-01-16T14:49:05+00:00\",\"dateModified\":\"2026-03-04T15:51:56+00:00\",\"breadcrumb\":{\"@id\":\"https:\\\/\\\/itemsind.com\\\/tienda\\\/producto\\\/guante-hyflex-11-920-5\\\/#breadcrumb\"},\"inLanguage\":\"es\",\"potentialAction\":[{\"@type\":\"ReadAction\",\"target\":[\"https:\\\/\\\/itemsind.com\\\/tienda\\\/producto\\\/guante-hyflex-11-920-5\\\/\"]}]},{\"@type\":\"ImageObject\",\"inLanguage\":\"es\",\"@id\":\"https:\\\/\\\/itemsind.com\\\/tienda\\\/producto\\\/guante-hyflex-11-920-5\\\/#primaryimage\",\"url\":\"https:\\\/\\\/itemsind.com\\\/tienda\\\/wp-content\\\/uploads\\\/2019\\\/01\\\/plantilla-productos-WEBSITE-30.png\",\"contentUrl\":\"https:\\\/\\\/itemsind.com\\\/tienda\\\/wp-content\\\/uploads\\\/2019\\\/01\\\/plantilla-productos-WEBSITE-30.png\",\"width\":1080,\"height\":1080},{\"@type\":\"BreadcrumbList\",\"@id\":\"https:\\\/\\\/itemsind.com\\\/tienda\\\/producto\\\/guante-hyflex-11-920-5\\\/#breadcrumb\",\"itemListElement\":[{\"@type\":\"ListItem\",\"position\":1,\"name\":\"Portada\",\"item\":\"https:\\\/\\\/itemsind.com\\\/tienda\\\/\"},{\"@type\":\"ListItem\",\"position\":2,\"name\":\"Tienda\",\"item\":\"https:\\\/\\\/itemsind.com\\\/tienda\\\/tienda\\\/\"},{\"@type\":\"ListItem\",\"position\":3,\"name\":\"Guante HyFlex 11-425\"}]},{\"@type\":\"WebSite\",\"@id\":\"https:\\\/\\\/itemsind.com\\\/tienda\\\/#website\",\"url\":\"https:\\\/\\\/itemsind.com\\\/tienda\\\/\",\"name\":\"Items Industriales\",\"description\":\"Productos y Servicios para Seguridad Industrial\",\"publisher\":{\"@id\":\"https:\\\/\\\/itemsind.com\\\/tienda\\\/#organization\"},\"potentialAction\":[{\"@type\":\"SearchAction\",\"target\":{\"@type\":\"EntryPoint\",\"urlTemplate\":\"https:\\\/\\\/itemsind.com\\\/tienda\\\/?s={search_term_string}\"},\"query-input\":{\"@type\":\"PropertyValueSpecification\",\"valueRequired\":true,\"valueName\":\"search_term_string\"}}],\"inLanguage\":\"es\"},{\"@type\":\"Organization\",\"@id\":\"https:\\\/\\\/itemsind.com\\\/tienda\\\/#organization\",\"name\":\"Items Industriales\",\"url\":\"https:\\\/\\\/itemsind.com\\\/tienda\\\/\",\"logo\":{\"@type\":\"ImageObject\",\"inLanguage\":\"es\",\"@id\":\"https:\\\/\\\/itemsind.com\\\/tienda\\\/#\\\/schema\\\/logo\\\/image\\\/\",\"url\":\"https:\\\/\\\/itemsind.com\\\/tienda\\\/wp-content\\\/uploads\\\/2023\\\/11\\\/items-logo-principal.jpg\",\"contentUrl\":\"https:\\\/\\\/itemsind.com\\\/tienda\\\/wp-content\\\/uploads\\\/2023\\\/11\\\/items-logo-principal.jpg\",\"width\":2120,\"height\":793,\"caption\":\"Items Industriales\"},\"image\":{\"@id\":\"https:\\\/\\\/itemsind.com\\\/tienda\\\/#\\\/schema\\\/logo\\\/image\\\/\"},\"sameAs\":[\"https:\\\/\\\/www.facebook.com\\\/itemsind\",\"https:\\\/\\\/www.instagram.com\\\/itemsind\\\/\"]}]}<\/script>\n<!-- \/ Yoast SEO plugin. -->","yoast_head_json":{"title":"Guante HyFlex 11-425 - Items Industriales","robots":{"index":"index","follow":"follow","max-snippet":"max-snippet:-1","max-image-preview":"max-image-preview:large","max-video-preview":"max-video-preview:-1"},"canonical":"https:\/\/itemsind.com\/tienda\/producto\/guante-hyflex-11-920-5\/","og_locale":"es_ES","og_type":"article","og_title":"Guante HyFlex 11-425 - Items Industriales","og_description":"Guantes resistentes a la abrasi\u00f3n, con codificaci\u00f3n por colores para garantizar una aplicaci\u00f3n adecuada.    Caracter\u00edsticas   Sistema indicador HyFlex\u2122:\u00a0Los trabajadores pueden garantizar una protecci\u00f3n adecuada  Resistencia a la abrasi\u00f3n certificada:\u00a0Excelente durabilidad  Recubrimiento de espuma de nitrilo:\u00a0Mayor agarre y comodidad","og_url":"https:\/\/itemsind.com\/tienda\/producto\/guante-hyflex-11-920-5\/","og_site_name":"Items Industriales","article_publisher":"https:\/\/www.facebook.com\/itemsind","article_modified_time":"2026-03-04T15:51:56+00:00","og_image":[{"width":1080,"height":1080,"url":"https:\/\/itemsind.com\/tienda\/wp-content\/uploads\/2019\/01\/plantilla-productos-WEBSITE-30.png","type":"image\/png"}],"twitter_card":"summary_large_image","twitter_misc":{"Tiempo de lectura":"1 minuto"},"schema":{"@context":"https:\/\/schema.org","@graph":[{"@type":"WebPage","@id":"https:\/\/itemsind.com\/tienda\/producto\/guante-hyflex-11-920-5\/","url":"https:\/\/itemsind.com\/tienda\/producto\/guante-hyflex-11-920-5\/","name":"Guante HyFlex 11-425 - Items Industriales","isPartOf":{"@id":"https:\/\/itemsind.com\/tienda\/#website"},"primaryImageOfPage":{"@id":"https:\/\/itemsind.com\/tienda\/producto\/guante-hyflex-11-920-5\/#primaryimage"},"image":{"@id":"https:\/\/itemsind.com\/tienda\/producto\/guante-hyflex-11-920-5\/#primaryimage"},"thumbnailUrl":"https:\/\/itemsind.com\/tienda\/wp-content\/uploads\/2019\/01\/plantilla-productos-WEBSITE-30.png","datePublished":"2019-01-16T14:49:05+00:00","dateModified":"2026-03-04T15:51:56+00:00","breadcrumb":{"@id":"https:\/\/itemsind.com\/tienda\/producto\/guante-hyflex-11-920-5\/#breadcrumb"},"inLanguage":"es","potentialAction":[{"@type":"ReadAction","target":["https:\/\/itemsind.com\/tienda\/producto\/guante-hyflex-11-920-5\/"]}]},{"@type":"ImageObject","inLanguage":"es","@id":"https:\/\/itemsind.com\/tienda\/producto\/guante-hyflex-11-920-5\/#primaryimage","url":"https:\/\/itemsind.com\/tienda\/wp-content\/uploads\/2019\/01\/plantilla-productos-WEBSITE-30.png","contentUrl":"https:\/\/itemsind.com\/tienda\/wp-content\/uploads\/2019\/01\/plantilla-productos-WEBSITE-30.png","width":1080,"height":1080},{"@type":"BreadcrumbList","@id":"https:\/\/itemsind.com\/tienda\/producto\/guante-hyflex-11-920-5\/#breadcrumb","itemListElement":[{"@type":"ListItem","position":1,"name":"Portada","item":"https:\/\/itemsind.com\/tienda\/"},{"@type":"ListItem","position":2,"name":"Tienda","item":"https:\/\/itemsind.com\/tienda\/tienda\/"},{"@type":"ListItem","position":3,"name":"Guante HyFlex 11-425"}]},{"@type":"WebSite","@id":"https:\/\/itemsind.com\/tienda\/#website","url":"https:\/\/itemsind.com\/tienda\/","name":"Items Industriales","description":"Productos y Servicios para Seguridad Industrial","publisher":{"@id":"https:\/\/itemsind.com\/tienda\/#organization"},"potentialAction":[{"@type":"SearchAction","target":{"@type":"EntryPoint","urlTemplate":"https:\/\/itemsind.com\/tienda\/?s={search_term_string}"},"query-input":{"@type":"PropertyValueSpecification","valueRequired":true,"valueName":"search_term_string"}}],"inLanguage":"es"},{"@type":"Organization","@id":"https:\/\/itemsind.com\/tienda\/#organization","name":"Items Industriales","url":"https:\/\/itemsind.com\/tienda\/","logo":{"@type":"ImageObject","inLanguage":"es","@id":"https:\/\/itemsind.com\/tienda\/#\/schema\/logo\/image\/","url":"https:\/\/itemsind.com\/tienda\/wp-content\/uploads\/2023\/11\/items-logo-principal.jpg","contentUrl":"https:\/\/itemsind.com\/tienda\/wp-content\/uploads\/2023\/11\/items-logo-principal.jpg","width":2120,"height":793,"caption":"Items Industriales"},"image":{"@id":"https:\/\/itemsind.com\/tienda\/#\/schema\/logo\/image\/"},"sameAs":["https:\/\/www.facebook.com\/itemsind","https:\/\/www.instagram.com\/itemsind\/"]}]}},"_links":{"self":[{"href":"https:\/\/itemsind.com\/tienda\/wp-json\/wp\/v2\/product\/12509","targetHints":{"allow":["GET"]}}],"collection":[{"href":"https:\/\/itemsind.com\/tienda\/wp-json\/wp\/v2\/product"}],"about":[{"href":"https:\/\/itemsind.com\/tienda\/wp-json\/wp\/v2\/types\/product"}],"wp:featuredmedia":[{"embeddable":true,"href":"https:\/\/itemsind.com\/tienda\/wp-json\/wp\/v2\/media\/17665"}],"wp:attachment":[{"href":"https:\/\/itemsind.com\/tienda\/wp-json\/wp\/v2\/media?parent=12509"}],"wp:term":[{"taxonomy":"product_brand","embeddable":true,"href":"https:\/\/itemsind.com\/tienda\/wp-json\/wp\/v2\/product_brand?post=12509"},{"taxonomy":"product_cat","embeddable":true,"href":"https:\/\/itemsind.com\/tienda\/wp-json\/wp\/v2\/product_cat?post=12509"},{"taxonomy":"product_tag","embeddable":true,"href":"https:\/\/itemsind.com\/tienda\/wp-json\/wp\/v2\/product_tag?post=12509"}],"curies":[{"name":"wp","href":"https:\/\/api.w.org\/{rel}","templated":true}]}}