{"id":13123,"date":"2019-03-08T14:36:28","date_gmt":"2019-03-08T20:36:28","guid":{"rendered":"https:\/\/itemsind.com\/tienda\/product\/guante-g40-latex\/"},"modified":"2025-09-10T09:21:01","modified_gmt":"2025-09-10T15:21:01","slug":"guante-g40-latex","status":"publish","type":"product","link":"https:\/\/itemsind.com\/tienda\/producto\/guante-g40-latex\/","title":{"rendered":"Guante G40 &#8211; Latex"},"content":{"rendered":"","protected":false},"excerpt":{"rendered":"<p>Los guantes KleenGuard\u00ae G40 L\u00e1tex tienen un excelente nivel de agarre en seco, destreza y comodidad. Su tejido de punto de poli\u00e9ster y algod\u00f3n otorga respirabilidad que se traduce en mayor productividad del usuario cuando se le compara con otros guantes de protecci\u00f3n general, tales como el cuero y la carnaza. 5 paquetes x 12 pares de guantes (120 en total)<\/p>\n<ul>\n<li>Resistencia por contacto a temperaturas menores a 250\u00b0 por un m\u00e1ximo de 15 segundos de forma intermitente<\/li>\n<li>Tejido de punto de poli\u00e9ster sin costuras que provee un mejor ajuste y respirabilidad al usuario<\/li>\n<li>Color ideal para ocultar suciedad<\/li>\n<li>Usos t\u00edpicos: Trabajos de construcci\u00f3n, Manejo de empaques y embalajes, Procesos generales de mantenimiento<\/li>\n<li>Especificaciones: EN 420, EN 388: 2142, EN 407<\/li>\n<\/ul>\n","protected":false},"featured_media":17017,"template":"","meta":[],"product_brand":[2357],"product_cat":[1384,2064],"product_tag":[2207,2225,2206,2201,2238],"class_list":{"0":"post-13123","1":"product","2":"type-product","3":"status-publish","4":"has-post-thumbnail","6":"product_brand-kimberly-clark","7":"product_cat-proteccion-de-manos-brazos","8":"product_cat-proteccion","9":"product_tag-brazos","10":"product_tag-guante","11":"product_tag-manos","12":"product_tag-proteccion","13":"product_tag-recubiertos","16":"instock","17":"taxable","18":"shipping-taxable","19":"product-type-simple"},"yoast_head":"<!-- This site is optimized with the Yoast SEO plugin v27.4 - https:\/\/yoast.com\/product\/yoast-seo-wordpress\/ -->\n<title>Guante G40 - Latex - Items Industriales<\/title>\n<meta name=\"robots\" content=\"index, follow, max-snippet:-1, max-image-preview:large, max-video-preview:-1\" \/>\n<link rel=\"canonical\" href=\"https:\/\/itemsind.com\/tienda\/producto\/guante-g40-latex\/\" \/>\n<meta property=\"og:locale\" content=\"es_ES\" \/>\n<meta property=\"og:type\" content=\"article\" \/>\n<meta property=\"og:title\" content=\"Guante G40 - Latex - Items Industriales\" \/>\n<meta property=\"og:description\" content=\"Los guantes KleenGuard\u00ae G40 L\u00e1tex tienen un excelente nivel de agarre en seco, destreza y comodidad. Su tejido de punto de poli\u00e9ster y algod\u00f3n otorga respirabilidad que se traduce en mayor productividad del usuario cuando se le compara con otros guantes de protecci\u00f3n general, tales como el cuero y la carnaza. 5 paquetes x 12 pares de guantes (120 en total)   Resistencia por contacto a temperaturas menores a 250\u00b0 por un m\u00e1ximo de 15 segundos de forma intermitente  Tejido de punto de poli\u00e9ster sin costuras que provee un mejor ajuste y respirabilidad al usuario  Color ideal para ocultar suciedad  Usos t\u00edpicos: Trabajos de construcci\u00f3n, Manejo de empaques y embalajes, Procesos generales de mantenimiento  Especificaciones: EN 420, EN 388: 2142, EN 407\" \/>\n<meta property=\"og:url\" content=\"https:\/\/itemsind.com\/tienda\/producto\/guante-g40-latex\/\" \/>\n<meta property=\"og:site_name\" content=\"Items Industriales\" \/>\n<meta property=\"article:publisher\" content=\"https:\/\/www.facebook.com\/itemsind\" \/>\n<meta property=\"article:modified_time\" content=\"2025-09-10T15:21:01+00:00\" \/>\n<meta property=\"og:image\" content=\"https:\/\/itemsind.com\/tienda\/wp-content\/uploads\/2019\/03\/KleenGuard\u00ae-Guante-multiproposito-G40-Latex-30222027.jpg\" \/>\n\t<meta property=\"og:image:width\" content=\"1200\" \/>\n\t<meta property=\"og:image:height\" content=\"900\" \/>\n\t<meta property=\"og:image:type\" content=\"image\/jpeg\" \/>\n<meta name=\"twitter:card\" content=\"summary_large_image\" \/>\n<meta name=\"twitter:label1\" content=\"Tiempo de lectura\" \/>\n\t<meta name=\"twitter:data1\" content=\"1 minuto\" \/>\n<script type=\"application\/ld+json\" class=\"yoast-schema-graph\">{\"@context\":\"https:\\\/\\\/schema.org\",\"@graph\":[{\"@type\":\"WebPage\",\"@id\":\"https:\\\/\\\/itemsind.com\\\/tienda\\\/producto\\\/guante-g40-latex\\\/\",\"url\":\"https:\\\/\\\/itemsind.com\\\/tienda\\\/producto\\\/guante-g40-latex\\\/\",\"name\":\"Guante G40 - Latex - Items Industriales\",\"isPartOf\":{\"@id\":\"https:\\\/\\\/itemsind.com\\\/tienda\\\/#website\"},\"primaryImageOfPage\":{\"@id\":\"https:\\\/\\\/itemsind.com\\\/tienda\\\/producto\\\/guante-g40-latex\\\/#primaryimage\"},\"image\":{\"@id\":\"https:\\\/\\\/itemsind.com\\\/tienda\\\/producto\\\/guante-g40-latex\\\/#primaryimage\"},\"thumbnailUrl\":\"https:\\\/\\\/itemsind.com\\\/tienda\\\/wp-content\\\/uploads\\\/2019\\\/03\\\/KleenGuard\u00ae-Guante-multiproposito-G40-Latex-30222027.jpg\",\"datePublished\":\"2019-03-08T20:36:28+00:00\",\"dateModified\":\"2025-09-10T15:21:01+00:00\",\"breadcrumb\":{\"@id\":\"https:\\\/\\\/itemsind.com\\\/tienda\\\/producto\\\/guante-g40-latex\\\/#breadcrumb\"},\"inLanguage\":\"es\",\"potentialAction\":[{\"@type\":\"ReadAction\",\"target\":[\"https:\\\/\\\/itemsind.com\\\/tienda\\\/producto\\\/guante-g40-latex\\\/\"]}]},{\"@type\":\"ImageObject\",\"inLanguage\":\"es\",\"@id\":\"https:\\\/\\\/itemsind.com\\\/tienda\\\/producto\\\/guante-g40-latex\\\/#primaryimage\",\"url\":\"https:\\\/\\\/itemsind.com\\\/tienda\\\/wp-content\\\/uploads\\\/2019\\\/03\\\/KleenGuard\u00ae-Guante-multiproposito-G40-Latex-30222027.jpg\",\"contentUrl\":\"https:\\\/\\\/itemsind.com\\\/tienda\\\/wp-content\\\/uploads\\\/2019\\\/03\\\/KleenGuard\u00ae-Guante-multiproposito-G40-Latex-30222027.jpg\",\"width\":1200,\"height\":900},{\"@type\":\"BreadcrumbList\",\"@id\":\"https:\\\/\\\/itemsind.com\\\/tienda\\\/producto\\\/guante-g40-latex\\\/#breadcrumb\",\"itemListElement\":[{\"@type\":\"ListItem\",\"position\":1,\"name\":\"Portada\",\"item\":\"https:\\\/\\\/itemsind.com\\\/tienda\\\/\"},{\"@type\":\"ListItem\",\"position\":2,\"name\":\"Tienda\",\"item\":\"https:\\\/\\\/itemsind.com\\\/tienda\\\/tienda\\\/\"},{\"@type\":\"ListItem\",\"position\":3,\"name\":\"Guante G40 &#8211; Latex\"}]},{\"@type\":\"WebSite\",\"@id\":\"https:\\\/\\\/itemsind.com\\\/tienda\\\/#website\",\"url\":\"https:\\\/\\\/itemsind.com\\\/tienda\\\/\",\"name\":\"Items Industriales\",\"description\":\"Productos y Servicios para Seguridad Industrial\",\"publisher\":{\"@id\":\"https:\\\/\\\/itemsind.com\\\/tienda\\\/#organization\"},\"potentialAction\":[{\"@type\":\"SearchAction\",\"target\":{\"@type\":\"EntryPoint\",\"urlTemplate\":\"https:\\\/\\\/itemsind.com\\\/tienda\\\/?s={search_term_string}\"},\"query-input\":{\"@type\":\"PropertyValueSpecification\",\"valueRequired\":true,\"valueName\":\"search_term_string\"}}],\"inLanguage\":\"es\"},{\"@type\":\"Organization\",\"@id\":\"https:\\\/\\\/itemsind.com\\\/tienda\\\/#organization\",\"name\":\"Items Industriales\",\"url\":\"https:\\\/\\\/itemsind.com\\\/tienda\\\/\",\"logo\":{\"@type\":\"ImageObject\",\"inLanguage\":\"es\",\"@id\":\"https:\\\/\\\/itemsind.com\\\/tienda\\\/#\\\/schema\\\/logo\\\/image\\\/\",\"url\":\"https:\\\/\\\/itemsind.com\\\/tienda\\\/wp-content\\\/uploads\\\/2023\\\/11\\\/items-logo-principal.jpg\",\"contentUrl\":\"https:\\\/\\\/itemsind.com\\\/tienda\\\/wp-content\\\/uploads\\\/2023\\\/11\\\/items-logo-principal.jpg\",\"width\":2120,\"height\":793,\"caption\":\"Items Industriales\"},\"image\":{\"@id\":\"https:\\\/\\\/itemsind.com\\\/tienda\\\/#\\\/schema\\\/logo\\\/image\\\/\"},\"sameAs\":[\"https:\\\/\\\/www.facebook.com\\\/itemsind\",\"https:\\\/\\\/www.instagram.com\\\/itemsind\\\/\"]}]}<\/script>\n<!-- \/ Yoast SEO plugin. -->","yoast_head_json":{"title":"Guante G40 - Latex - Items Industriales","robots":{"index":"index","follow":"follow","max-snippet":"max-snippet:-1","max-image-preview":"max-image-preview:large","max-video-preview":"max-video-preview:-1"},"canonical":"https:\/\/itemsind.com\/tienda\/producto\/guante-g40-latex\/","og_locale":"es_ES","og_type":"article","og_title":"Guante G40 - Latex - Items Industriales","og_description":"Los guantes KleenGuard\u00ae G40 L\u00e1tex tienen un excelente nivel de agarre en seco, destreza y comodidad. Su tejido de punto de poli\u00e9ster y algod\u00f3n otorga respirabilidad que se traduce en mayor productividad del usuario cuando se le compara con otros guantes de protecci\u00f3n general, tales como el cuero y la carnaza. 5 paquetes x 12 pares de guantes (120 en total)   Resistencia por contacto a temperaturas menores a 250\u00b0 por un m\u00e1ximo de 15 segundos de forma intermitente  Tejido de punto de poli\u00e9ster sin costuras que provee un mejor ajuste y respirabilidad al usuario  Color ideal para ocultar suciedad  Usos t\u00edpicos: Trabajos de construcci\u00f3n, Manejo de empaques y embalajes, Procesos generales de mantenimiento  Especificaciones: EN 420, EN 388: 2142, EN 407","og_url":"https:\/\/itemsind.com\/tienda\/producto\/guante-g40-latex\/","og_site_name":"Items Industriales","article_publisher":"https:\/\/www.facebook.com\/itemsind","article_modified_time":"2025-09-10T15:21:01+00:00","og_image":[{"width":1200,"height":900,"url":"https:\/\/itemsind.com\/tienda\/wp-content\/uploads\/2019\/03\/KleenGuard\u00ae-Guante-multiproposito-G40-Latex-30222027.jpg","type":"image\/jpeg"}],"twitter_card":"summary_large_image","twitter_misc":{"Tiempo de lectura":"1 minuto"},"schema":{"@context":"https:\/\/schema.org","@graph":[{"@type":"WebPage","@id":"https:\/\/itemsind.com\/tienda\/producto\/guante-g40-latex\/","url":"https:\/\/itemsind.com\/tienda\/producto\/guante-g40-latex\/","name":"Guante G40 - Latex - Items Industriales","isPartOf":{"@id":"https:\/\/itemsind.com\/tienda\/#website"},"primaryImageOfPage":{"@id":"https:\/\/itemsind.com\/tienda\/producto\/guante-g40-latex\/#primaryimage"},"image":{"@id":"https:\/\/itemsind.com\/tienda\/producto\/guante-g40-latex\/#primaryimage"},"thumbnailUrl":"https:\/\/itemsind.com\/tienda\/wp-content\/uploads\/2019\/03\/KleenGuard\u00ae-Guante-multiproposito-G40-Latex-30222027.jpg","datePublished":"2019-03-08T20:36:28+00:00","dateModified":"2025-09-10T15:21:01+00:00","breadcrumb":{"@id":"https:\/\/itemsind.com\/tienda\/producto\/guante-g40-latex\/#breadcrumb"},"inLanguage":"es","potentialAction":[{"@type":"ReadAction","target":["https:\/\/itemsind.com\/tienda\/producto\/guante-g40-latex\/"]}]},{"@type":"ImageObject","inLanguage":"es","@id":"https:\/\/itemsind.com\/tienda\/producto\/guante-g40-latex\/#primaryimage","url":"https:\/\/itemsind.com\/tienda\/wp-content\/uploads\/2019\/03\/KleenGuard\u00ae-Guante-multiproposito-G40-Latex-30222027.jpg","contentUrl":"https:\/\/itemsind.com\/tienda\/wp-content\/uploads\/2019\/03\/KleenGuard\u00ae-Guante-multiproposito-G40-Latex-30222027.jpg","width":1200,"height":900},{"@type":"BreadcrumbList","@id":"https:\/\/itemsind.com\/tienda\/producto\/guante-g40-latex\/#breadcrumb","itemListElement":[{"@type":"ListItem","position":1,"name":"Portada","item":"https:\/\/itemsind.com\/tienda\/"},{"@type":"ListItem","position":2,"name":"Tienda","item":"https:\/\/itemsind.com\/tienda\/tienda\/"},{"@type":"ListItem","position":3,"name":"Guante G40 &#8211; Latex"}]},{"@type":"WebSite","@id":"https:\/\/itemsind.com\/tienda\/#website","url":"https:\/\/itemsind.com\/tienda\/","name":"Items Industriales","description":"Productos y Servicios para Seguridad Industrial","publisher":{"@id":"https:\/\/itemsind.com\/tienda\/#organization"},"potentialAction":[{"@type":"SearchAction","target":{"@type":"EntryPoint","urlTemplate":"https:\/\/itemsind.com\/tienda\/?s={search_term_string}"},"query-input":{"@type":"PropertyValueSpecification","valueRequired":true,"valueName":"search_term_string"}}],"inLanguage":"es"},{"@type":"Organization","@id":"https:\/\/itemsind.com\/tienda\/#organization","name":"Items Industriales","url":"https:\/\/itemsind.com\/tienda\/","logo":{"@type":"ImageObject","inLanguage":"es","@id":"https:\/\/itemsind.com\/tienda\/#\/schema\/logo\/image\/","url":"https:\/\/itemsind.com\/tienda\/wp-content\/uploads\/2023\/11\/items-logo-principal.jpg","contentUrl":"https:\/\/itemsind.com\/tienda\/wp-content\/uploads\/2023\/11\/items-logo-principal.jpg","width":2120,"height":793,"caption":"Items Industriales"},"image":{"@id":"https:\/\/itemsind.com\/tienda\/#\/schema\/logo\/image\/"},"sameAs":["https:\/\/www.facebook.com\/itemsind","https:\/\/www.instagram.com\/itemsind\/"]}]}},"_links":{"self":[{"href":"https:\/\/itemsind.com\/tienda\/wp-json\/wp\/v2\/product\/13123","targetHints":{"allow":["GET"]}}],"collection":[{"href":"https:\/\/itemsind.com\/tienda\/wp-json\/wp\/v2\/product"}],"about":[{"href":"https:\/\/itemsind.com\/tienda\/wp-json\/wp\/v2\/types\/product"}],"wp:featuredmedia":[{"embeddable":true,"href":"https:\/\/itemsind.com\/tienda\/wp-json\/wp\/v2\/media\/17017"}],"wp:attachment":[{"href":"https:\/\/itemsind.com\/tienda\/wp-json\/wp\/v2\/media?parent=13123"}],"wp:term":[{"taxonomy":"product_brand","embeddable":true,"href":"https:\/\/itemsind.com\/tienda\/wp-json\/wp\/v2\/product_brand?post=13123"},{"taxonomy":"product_cat","embeddable":true,"href":"https:\/\/itemsind.com\/tienda\/wp-json\/wp\/v2\/product_cat?post=13123"},{"taxonomy":"product_tag","embeddable":true,"href":"https:\/\/itemsind.com\/tienda\/wp-json\/wp\/v2\/product_tag?post=13123"}],"curies":[{"name":"wp","href":"https:\/\/api.w.org\/{rel}","templated":true}]}}