{"id":13493,"date":"2019-03-18T12:25:13","date_gmt":"2019-03-18T18:25:13","guid":{"rendered":"https:\/\/itemsind.com\/tienda\/product\/guante-hyflex-48-101\/"},"modified":"2026-02-25T10:30:45","modified_gmt":"2026-02-25T16:30:45","slug":"guante-hyflex-48-101","status":"publish","type":"product","link":"https:\/\/itemsind.com\/tienda\/producto\/guante-hyflex-48-101\/","title":{"rendered":"Guante HyFlex 48-101"},"content":{"rendered":"","protected":false},"excerpt":{"rendered":"<ul>\n<li>Dise\u00f1ado para aplicaciones ligeras que requieren buenos niveles de confort y resistencia a la abrasi\u00f3n<\/li>\n<li>Al ofrecer un manejo preciso de objetos peque\u00f1os en ambientes secos o con poco aceite, HyFlex\u00a0\u00ae\u00a0es la opci\u00f3n pr\u00e1ctica cuando busca destreza.<\/li>\n<li>HyFlex\u00a0\u00ae\u00a0proporciona mayor seguridad, destreza y durabilidad en comparaci\u00f3n con otras opciones de guantes que se usan a menudo en las mismas aplicaciones<\/li>\n<\/ul>\n","protected":false},"featured_media":17489,"template":"","meta":[],"product_brand":[2356],"product_cat":[1384,2064],"product_tag":[2207,2225,2235,2206,2237,2201,2236],"class_list":{"0":"post-13493","1":"product","2":"type-product","3":"status-publish","4":"has-post-thumbnail","6":"product_brand-ansell","7":"product_cat-proteccion-de-manos-brazos","8":"product_cat-proteccion","9":"product_tag-brazos","10":"product_tag-guante","11":"product_tag-liquidos","12":"product_tag-manos","13":"product_tag-mecanico","14":"product_tag-proteccion","15":"product_tag-uso-general","18":"instock","19":"taxable","20":"shipping-taxable","21":"product-type-simple"},"yoast_head":"<!-- This site is optimized with the Yoast SEO plugin v27.4 - https:\/\/yoast.com\/product\/yoast-seo-wordpress\/ -->\n<title>Guante HyFlex 48-101 - Items Industriales<\/title>\n<meta name=\"robots\" content=\"index, follow, max-snippet:-1, max-image-preview:large, max-video-preview:-1\" \/>\n<link rel=\"canonical\" href=\"https:\/\/itemsind.com\/tienda\/producto\/guante-hyflex-48-101\/\" \/>\n<meta property=\"og:locale\" content=\"es_ES\" \/>\n<meta property=\"og:type\" content=\"article\" \/>\n<meta property=\"og:title\" content=\"Guante HyFlex 48-101 - Items Industriales\" \/>\n<meta property=\"og:description\" content=\"Dise\u00f1ado para aplicaciones ligeras que requieren buenos niveles de confort y resistencia a la abrasi\u00f3n  Al ofrecer un manejo preciso de objetos peque\u00f1os en ambientes secos o con poco aceite, HyFlex\u00a0\u00ae\u00a0es la opci\u00f3n pr\u00e1ctica cuando busca destreza.  HyFlex\u00a0\u00ae\u00a0proporciona mayor seguridad, destreza y durabilidad en comparaci\u00f3n con otras opciones de guantes que se usan a menudo en las mismas aplicaciones\" \/>\n<meta property=\"og:url\" content=\"https:\/\/itemsind.com\/tienda\/producto\/guante-hyflex-48-101\/\" \/>\n<meta property=\"og:site_name\" content=\"Items Industriales\" \/>\n<meta property=\"article:publisher\" content=\"https:\/\/www.facebook.com\/itemsind\" \/>\n<meta property=\"article:modified_time\" content=\"2026-02-25T16:30:45+00:00\" \/>\n<meta property=\"og:image\" content=\"https:\/\/itemsind.com\/tienda\/wp-content\/uploads\/2019\/03\/hyflex-48-101-black-product-emea-u-card.png\" \/>\n\t<meta property=\"og:image:width\" content=\"599\" \/>\n\t<meta property=\"og:image:height\" content=\"799\" \/>\n\t<meta property=\"og:image:type\" content=\"image\/png\" \/>\n<meta name=\"twitter:card\" content=\"summary_large_image\" \/>\n<meta name=\"twitter:label1\" content=\"Tiempo de lectura\" \/>\n\t<meta name=\"twitter:data1\" content=\"1 minuto\" \/>\n<script type=\"application\/ld+json\" class=\"yoast-schema-graph\">{\"@context\":\"https:\\\/\\\/schema.org\",\"@graph\":[{\"@type\":\"WebPage\",\"@id\":\"https:\\\/\\\/itemsind.com\\\/tienda\\\/producto\\\/guante-hyflex-48-101\\\/\",\"url\":\"https:\\\/\\\/itemsind.com\\\/tienda\\\/producto\\\/guante-hyflex-48-101\\\/\",\"name\":\"Guante HyFlex 48-101 - Items Industriales\",\"isPartOf\":{\"@id\":\"https:\\\/\\\/itemsind.com\\\/tienda\\\/#website\"},\"primaryImageOfPage\":{\"@id\":\"https:\\\/\\\/itemsind.com\\\/tienda\\\/producto\\\/guante-hyflex-48-101\\\/#primaryimage\"},\"image\":{\"@id\":\"https:\\\/\\\/itemsind.com\\\/tienda\\\/producto\\\/guante-hyflex-48-101\\\/#primaryimage\"},\"thumbnailUrl\":\"https:\\\/\\\/itemsind.com\\\/tienda\\\/wp-content\\\/uploads\\\/2019\\\/03\\\/hyflex-48-101-black-product-emea-u-card.png\",\"datePublished\":\"2019-03-18T18:25:13+00:00\",\"dateModified\":\"2026-02-25T16:30:45+00:00\",\"breadcrumb\":{\"@id\":\"https:\\\/\\\/itemsind.com\\\/tienda\\\/producto\\\/guante-hyflex-48-101\\\/#breadcrumb\"},\"inLanguage\":\"es\",\"potentialAction\":[{\"@type\":\"ReadAction\",\"target\":[\"https:\\\/\\\/itemsind.com\\\/tienda\\\/producto\\\/guante-hyflex-48-101\\\/\"]}]},{\"@type\":\"ImageObject\",\"inLanguage\":\"es\",\"@id\":\"https:\\\/\\\/itemsind.com\\\/tienda\\\/producto\\\/guante-hyflex-48-101\\\/#primaryimage\",\"url\":\"https:\\\/\\\/itemsind.com\\\/tienda\\\/wp-content\\\/uploads\\\/2019\\\/03\\\/hyflex-48-101-black-product-emea-u-card.png\",\"contentUrl\":\"https:\\\/\\\/itemsind.com\\\/tienda\\\/wp-content\\\/uploads\\\/2019\\\/03\\\/hyflex-48-101-black-product-emea-u-card.png\",\"width\":599,\"height\":799},{\"@type\":\"BreadcrumbList\",\"@id\":\"https:\\\/\\\/itemsind.com\\\/tienda\\\/producto\\\/guante-hyflex-48-101\\\/#breadcrumb\",\"itemListElement\":[{\"@type\":\"ListItem\",\"position\":1,\"name\":\"Portada\",\"item\":\"https:\\\/\\\/itemsind.com\\\/tienda\\\/\"},{\"@type\":\"ListItem\",\"position\":2,\"name\":\"Tienda\",\"item\":\"https:\\\/\\\/itemsind.com\\\/tienda\\\/tienda\\\/\"},{\"@type\":\"ListItem\",\"position\":3,\"name\":\"Guante HyFlex 48-101\"}]},{\"@type\":\"WebSite\",\"@id\":\"https:\\\/\\\/itemsind.com\\\/tienda\\\/#website\",\"url\":\"https:\\\/\\\/itemsind.com\\\/tienda\\\/\",\"name\":\"Items Industriales\",\"description\":\"Productos y Servicios para Seguridad Industrial\",\"publisher\":{\"@id\":\"https:\\\/\\\/itemsind.com\\\/tienda\\\/#organization\"},\"potentialAction\":[{\"@type\":\"SearchAction\",\"target\":{\"@type\":\"EntryPoint\",\"urlTemplate\":\"https:\\\/\\\/itemsind.com\\\/tienda\\\/?s={search_term_string}\"},\"query-input\":{\"@type\":\"PropertyValueSpecification\",\"valueRequired\":true,\"valueName\":\"search_term_string\"}}],\"inLanguage\":\"es\"},{\"@type\":\"Organization\",\"@id\":\"https:\\\/\\\/itemsind.com\\\/tienda\\\/#organization\",\"name\":\"Items Industriales\",\"url\":\"https:\\\/\\\/itemsind.com\\\/tienda\\\/\",\"logo\":{\"@type\":\"ImageObject\",\"inLanguage\":\"es\",\"@id\":\"https:\\\/\\\/itemsind.com\\\/tienda\\\/#\\\/schema\\\/logo\\\/image\\\/\",\"url\":\"https:\\\/\\\/itemsind.com\\\/tienda\\\/wp-content\\\/uploads\\\/2023\\\/11\\\/items-logo-principal.jpg\",\"contentUrl\":\"https:\\\/\\\/itemsind.com\\\/tienda\\\/wp-content\\\/uploads\\\/2023\\\/11\\\/items-logo-principal.jpg\",\"width\":2120,\"height\":793,\"caption\":\"Items Industriales\"},\"image\":{\"@id\":\"https:\\\/\\\/itemsind.com\\\/tienda\\\/#\\\/schema\\\/logo\\\/image\\\/\"},\"sameAs\":[\"https:\\\/\\\/www.facebook.com\\\/itemsind\",\"https:\\\/\\\/www.instagram.com\\\/itemsind\\\/\"]}]}<\/script>\n<!-- \/ Yoast SEO plugin. -->","yoast_head_json":{"title":"Guante HyFlex 48-101 - Items Industriales","robots":{"index":"index","follow":"follow","max-snippet":"max-snippet:-1","max-image-preview":"max-image-preview:large","max-video-preview":"max-video-preview:-1"},"canonical":"https:\/\/itemsind.com\/tienda\/producto\/guante-hyflex-48-101\/","og_locale":"es_ES","og_type":"article","og_title":"Guante HyFlex 48-101 - Items Industriales","og_description":"Dise\u00f1ado para aplicaciones ligeras que requieren buenos niveles de confort y resistencia a la abrasi\u00f3n  Al ofrecer un manejo preciso de objetos peque\u00f1os en ambientes secos o con poco aceite, HyFlex\u00a0\u00ae\u00a0es la opci\u00f3n pr\u00e1ctica cuando busca destreza.  HyFlex\u00a0\u00ae\u00a0proporciona mayor seguridad, destreza y durabilidad en comparaci\u00f3n con otras opciones de guantes que se usan a menudo en las mismas aplicaciones","og_url":"https:\/\/itemsind.com\/tienda\/producto\/guante-hyflex-48-101\/","og_site_name":"Items Industriales","article_publisher":"https:\/\/www.facebook.com\/itemsind","article_modified_time":"2026-02-25T16:30:45+00:00","og_image":[{"width":599,"height":799,"url":"https:\/\/itemsind.com\/tienda\/wp-content\/uploads\/2019\/03\/hyflex-48-101-black-product-emea-u-card.png","type":"image\/png"}],"twitter_card":"summary_large_image","twitter_misc":{"Tiempo de lectura":"1 minuto"},"schema":{"@context":"https:\/\/schema.org","@graph":[{"@type":"WebPage","@id":"https:\/\/itemsind.com\/tienda\/producto\/guante-hyflex-48-101\/","url":"https:\/\/itemsind.com\/tienda\/producto\/guante-hyflex-48-101\/","name":"Guante HyFlex 48-101 - Items Industriales","isPartOf":{"@id":"https:\/\/itemsind.com\/tienda\/#website"},"primaryImageOfPage":{"@id":"https:\/\/itemsind.com\/tienda\/producto\/guante-hyflex-48-101\/#primaryimage"},"image":{"@id":"https:\/\/itemsind.com\/tienda\/producto\/guante-hyflex-48-101\/#primaryimage"},"thumbnailUrl":"https:\/\/itemsind.com\/tienda\/wp-content\/uploads\/2019\/03\/hyflex-48-101-black-product-emea-u-card.png","datePublished":"2019-03-18T18:25:13+00:00","dateModified":"2026-02-25T16:30:45+00:00","breadcrumb":{"@id":"https:\/\/itemsind.com\/tienda\/producto\/guante-hyflex-48-101\/#breadcrumb"},"inLanguage":"es","potentialAction":[{"@type":"ReadAction","target":["https:\/\/itemsind.com\/tienda\/producto\/guante-hyflex-48-101\/"]}]},{"@type":"ImageObject","inLanguage":"es","@id":"https:\/\/itemsind.com\/tienda\/producto\/guante-hyflex-48-101\/#primaryimage","url":"https:\/\/itemsind.com\/tienda\/wp-content\/uploads\/2019\/03\/hyflex-48-101-black-product-emea-u-card.png","contentUrl":"https:\/\/itemsind.com\/tienda\/wp-content\/uploads\/2019\/03\/hyflex-48-101-black-product-emea-u-card.png","width":599,"height":799},{"@type":"BreadcrumbList","@id":"https:\/\/itemsind.com\/tienda\/producto\/guante-hyflex-48-101\/#breadcrumb","itemListElement":[{"@type":"ListItem","position":1,"name":"Portada","item":"https:\/\/itemsind.com\/tienda\/"},{"@type":"ListItem","position":2,"name":"Tienda","item":"https:\/\/itemsind.com\/tienda\/tienda\/"},{"@type":"ListItem","position":3,"name":"Guante HyFlex 48-101"}]},{"@type":"WebSite","@id":"https:\/\/itemsind.com\/tienda\/#website","url":"https:\/\/itemsind.com\/tienda\/","name":"Items Industriales","description":"Productos y Servicios para Seguridad Industrial","publisher":{"@id":"https:\/\/itemsind.com\/tienda\/#organization"},"potentialAction":[{"@type":"SearchAction","target":{"@type":"EntryPoint","urlTemplate":"https:\/\/itemsind.com\/tienda\/?s={search_term_string}"},"query-input":{"@type":"PropertyValueSpecification","valueRequired":true,"valueName":"search_term_string"}}],"inLanguage":"es"},{"@type":"Organization","@id":"https:\/\/itemsind.com\/tienda\/#organization","name":"Items Industriales","url":"https:\/\/itemsind.com\/tienda\/","logo":{"@type":"ImageObject","inLanguage":"es","@id":"https:\/\/itemsind.com\/tienda\/#\/schema\/logo\/image\/","url":"https:\/\/itemsind.com\/tienda\/wp-content\/uploads\/2023\/11\/items-logo-principal.jpg","contentUrl":"https:\/\/itemsind.com\/tienda\/wp-content\/uploads\/2023\/11\/items-logo-principal.jpg","width":2120,"height":793,"caption":"Items Industriales"},"image":{"@id":"https:\/\/itemsind.com\/tienda\/#\/schema\/logo\/image\/"},"sameAs":["https:\/\/www.facebook.com\/itemsind","https:\/\/www.instagram.com\/itemsind\/"]}]}},"_links":{"self":[{"href":"https:\/\/itemsind.com\/tienda\/wp-json\/wp\/v2\/product\/13493","targetHints":{"allow":["GET"]}}],"collection":[{"href":"https:\/\/itemsind.com\/tienda\/wp-json\/wp\/v2\/product"}],"about":[{"href":"https:\/\/itemsind.com\/tienda\/wp-json\/wp\/v2\/types\/product"}],"wp:featuredmedia":[{"embeddable":true,"href":"https:\/\/itemsind.com\/tienda\/wp-json\/wp\/v2\/media\/17489"}],"wp:attachment":[{"href":"https:\/\/itemsind.com\/tienda\/wp-json\/wp\/v2\/media?parent=13493"}],"wp:term":[{"taxonomy":"product_brand","embeddable":true,"href":"https:\/\/itemsind.com\/tienda\/wp-json\/wp\/v2\/product_brand?post=13493"},{"taxonomy":"product_cat","embeddable":true,"href":"https:\/\/itemsind.com\/tienda\/wp-json\/wp\/v2\/product_cat?post=13493"},{"taxonomy":"product_tag","embeddable":true,"href":"https:\/\/itemsind.com\/tienda\/wp-json\/wp\/v2\/product_tag?post=13493"}],"curies":[{"name":"wp","href":"https:\/\/api.w.org\/{rel}","templated":true}]}}