{"id":17251,"date":"2025-09-17T13:11:31","date_gmt":"2025-09-17T19:11:31","guid":{"rendered":"https:\/\/itemsind.com\/tienda\/?post_type=product&#038;p=17251"},"modified":"2026-02-23T12:58:33","modified_gmt":"2026-02-23T18:58:33","slug":"guante-constructo-3243x","status":"publish","type":"product","link":"https:\/\/itemsind.com\/tienda\/producto\/guante-constructo-3243x\/","title":{"rendered":"Guante CONSTRUCTO &#8211; 3243X"},"content":{"rendered":"","protected":false},"excerpt":{"rendered":"<h3><span dir=\"auto\">GUANTE CONSTRUCCI\u00d3N 3243X<\/span><\/h3>\n<ul>\n<li><span dir=\"auto\">Guantes de seguridad de algod\u00f3n sin costuras para uso general en condiciones dif\u00edciles.<\/span><\/li>\n<li><span dir=\"auto\">Los guantes CONSTRUCTO sin costuras de Safety Jogger est\u00e1n dise\u00f1ados para uso general.<\/span><\/li>\n<li><span dir=\"auto\">Forro de algod\u00f3n\/poli\u00e9ster con revestimiento de l\u00e1tex verde en la palma de la mano.<\/span><\/li>\n<li><span dir=\"auto\">\u00a1El guante m\u00e1s utilizado para manipulaciones donde son imprescindibles una alta resistencia a la abrasi\u00f3n y destreza!<\/span><\/li>\n<li><span dir=\"auto\">Extremadamente flexible y resistente. El recubrimiento de l\u00e1tex arrugado proporciona un agarre excepcional.<\/span><\/li>\n<\/ul>\n<h4><span dir=\"auto\">Presupuesto<\/span><\/h4>\n<ul>\n<li><span dir=\"auto\">Forro: poli\u00e9ster<\/span><\/li>\n<li><span dir=\"auto\">Recubrimiento: L\u00e1tex<\/span><\/li>\n<li><span dir=\"auto\">Nivel de rendimiento: 3243X<\/span><\/li>\n<li><span dir=\"auto\">Tipo de protecci\u00f3n (guantes): Protecci\u00f3n multiusos<\/span><\/li>\n<li><span dir=\"auto\">Rango de tallas: S#8 \/ M#9 \/ L#10<\/span><\/li>\n<\/ul>\n","protected":false},"featured_media":17252,"template":"","meta":[],"product_brand":[2362],"product_cat":[2252,1384,2064],"product_tag":[2225],"class_list":{"0":"post-17251","1":"product","2":"type-product","3":"status-publish","4":"has-post-thumbnail","6":"product_brand-safety-jogger","7":"product_cat-equipo","8":"product_cat-proteccion-de-manos-brazos","9":"product_cat-proteccion","10":"product_tag-guante","13":"instock","14":"taxable","15":"shipping-taxable","16":"product-type-simple"},"yoast_head":"<!-- This site is optimized with the Yoast SEO plugin v27.4 - https:\/\/yoast.com\/product\/yoast-seo-wordpress\/ -->\n<title>Guante CONSTRUCTO - 3243X - Items Industriales<\/title>\n<meta name=\"robots\" content=\"index, follow, max-snippet:-1, max-image-preview:large, max-video-preview:-1\" \/>\n<link rel=\"canonical\" href=\"https:\/\/itemsind.com\/tienda\/producto\/guante-constructo-3243x\/\" \/>\n<meta property=\"og:locale\" content=\"es_ES\" \/>\n<meta property=\"og:type\" content=\"article\" \/>\n<meta property=\"og:title\" content=\"Guante CONSTRUCTO - 3243X - Items Industriales\" \/>\n<meta property=\"og:description\" content=\"GUANTE CONSTRUCCI\u00d3N 3243X   Guantes de seguridad de algod\u00f3n sin costuras para uso general en condiciones dif\u00edciles.  Los guantes CONSTRUCTO sin costuras de Safety Jogger est\u00e1n dise\u00f1ados para uso general.  Forro de algod\u00f3n\/poli\u00e9ster con revestimiento de l\u00e1tex verde en la palma de la mano.  \u00a1El guante m\u00e1s utilizado para manipulaciones donde son imprescindibles una alta resistencia a la abrasi\u00f3n y destreza!  Extremadamente flexible y resistente. El recubrimiento de l\u00e1tex arrugado proporciona un agarre excepcional.  Presupuesto   Forro: poli\u00e9ster  Recubrimiento: L\u00e1tex  Nivel de rendimiento: 3243X  Tipo de protecci\u00f3n (guantes): Protecci\u00f3n multiusos  Rango de tallas: S#8 \/ M#9 \/ L#10\" \/>\n<meta property=\"og:url\" content=\"https:\/\/itemsind.com\/tienda\/producto\/guante-constructo-3243x\/\" \/>\n<meta property=\"og:site_name\" content=\"Items Industriales\" \/>\n<meta property=\"article:publisher\" content=\"https:\/\/www.facebook.com\/itemsind\" \/>\n<meta property=\"article:modified_time\" content=\"2026-02-23T18:58:33+00:00\" \/>\n<meta property=\"og:image\" content=\"https:\/\/itemsind.com\/tienda\/wp-content\/uploads\/2025\/09\/SMCPJyxNmk-Safety-Jogger-GLOVE-CONSTURCTO-3243X.png\" \/>\n\t<meta property=\"og:image:width\" content=\"1000\" \/>\n\t<meta property=\"og:image:height\" content=\"1000\" \/>\n\t<meta property=\"og:image:type\" content=\"image\/png\" \/>\n<meta name=\"twitter:card\" content=\"summary_large_image\" \/>\n<meta name=\"twitter:label1\" content=\"Tiempo de lectura\" \/>\n\t<meta name=\"twitter:data1\" content=\"1 minuto\" \/>\n<script type=\"application\/ld+json\" class=\"yoast-schema-graph\">{\"@context\":\"https:\\\/\\\/schema.org\",\"@graph\":[{\"@type\":\"WebPage\",\"@id\":\"https:\\\/\\\/itemsind.com\\\/tienda\\\/producto\\\/guante-constructo-3243x\\\/\",\"url\":\"https:\\\/\\\/itemsind.com\\\/tienda\\\/producto\\\/guante-constructo-3243x\\\/\",\"name\":\"Guante CONSTRUCTO - 3243X - Items Industriales\",\"isPartOf\":{\"@id\":\"https:\\\/\\\/itemsind.com\\\/tienda\\\/#website\"},\"primaryImageOfPage\":{\"@id\":\"https:\\\/\\\/itemsind.com\\\/tienda\\\/producto\\\/guante-constructo-3243x\\\/#primaryimage\"},\"image\":{\"@id\":\"https:\\\/\\\/itemsind.com\\\/tienda\\\/producto\\\/guante-constructo-3243x\\\/#primaryimage\"},\"thumbnailUrl\":\"https:\\\/\\\/itemsind.com\\\/tienda\\\/wp-content\\\/uploads\\\/2025\\\/09\\\/SMCPJyxNmk-Safety-Jogger-GLOVE-CONSTURCTO-3243X.png\",\"datePublished\":\"2025-09-17T19:11:31+00:00\",\"dateModified\":\"2026-02-23T18:58:33+00:00\",\"breadcrumb\":{\"@id\":\"https:\\\/\\\/itemsind.com\\\/tienda\\\/producto\\\/guante-constructo-3243x\\\/#breadcrumb\"},\"inLanguage\":\"es\",\"potentialAction\":[{\"@type\":\"ReadAction\",\"target\":[\"https:\\\/\\\/itemsind.com\\\/tienda\\\/producto\\\/guante-constructo-3243x\\\/\"]}]},{\"@type\":\"ImageObject\",\"inLanguage\":\"es\",\"@id\":\"https:\\\/\\\/itemsind.com\\\/tienda\\\/producto\\\/guante-constructo-3243x\\\/#primaryimage\",\"url\":\"https:\\\/\\\/itemsind.com\\\/tienda\\\/wp-content\\\/uploads\\\/2025\\\/09\\\/SMCPJyxNmk-Safety-Jogger-GLOVE-CONSTURCTO-3243X.png\",\"contentUrl\":\"https:\\\/\\\/itemsind.com\\\/tienda\\\/wp-content\\\/uploads\\\/2025\\\/09\\\/SMCPJyxNmk-Safety-Jogger-GLOVE-CONSTURCTO-3243X.png\",\"width\":1000,\"height\":1000},{\"@type\":\"BreadcrumbList\",\"@id\":\"https:\\\/\\\/itemsind.com\\\/tienda\\\/producto\\\/guante-constructo-3243x\\\/#breadcrumb\",\"itemListElement\":[{\"@type\":\"ListItem\",\"position\":1,\"name\":\"Portada\",\"item\":\"https:\\\/\\\/itemsind.com\\\/tienda\\\/\"},{\"@type\":\"ListItem\",\"position\":2,\"name\":\"Tienda\",\"item\":\"https:\\\/\\\/itemsind.com\\\/tienda\\\/tienda\\\/\"},{\"@type\":\"ListItem\",\"position\":3,\"name\":\"Guante CONSTRUCTO &#8211; 3243X\"}]},{\"@type\":\"WebSite\",\"@id\":\"https:\\\/\\\/itemsind.com\\\/tienda\\\/#website\",\"url\":\"https:\\\/\\\/itemsind.com\\\/tienda\\\/\",\"name\":\"Items Industriales\",\"description\":\"Productos y Servicios para Seguridad Industrial\",\"publisher\":{\"@id\":\"https:\\\/\\\/itemsind.com\\\/tienda\\\/#organization\"},\"potentialAction\":[{\"@type\":\"SearchAction\",\"target\":{\"@type\":\"EntryPoint\",\"urlTemplate\":\"https:\\\/\\\/itemsind.com\\\/tienda\\\/?s={search_term_string}\"},\"query-input\":{\"@type\":\"PropertyValueSpecification\",\"valueRequired\":true,\"valueName\":\"search_term_string\"}}],\"inLanguage\":\"es\"},{\"@type\":\"Organization\",\"@id\":\"https:\\\/\\\/itemsind.com\\\/tienda\\\/#organization\",\"name\":\"Items Industriales\",\"url\":\"https:\\\/\\\/itemsind.com\\\/tienda\\\/\",\"logo\":{\"@type\":\"ImageObject\",\"inLanguage\":\"es\",\"@id\":\"https:\\\/\\\/itemsind.com\\\/tienda\\\/#\\\/schema\\\/logo\\\/image\\\/\",\"url\":\"https:\\\/\\\/itemsind.com\\\/tienda\\\/wp-content\\\/uploads\\\/2023\\\/11\\\/items-logo-principal.jpg\",\"contentUrl\":\"https:\\\/\\\/itemsind.com\\\/tienda\\\/wp-content\\\/uploads\\\/2023\\\/11\\\/items-logo-principal.jpg\",\"width\":2120,\"height\":793,\"caption\":\"Items Industriales\"},\"image\":{\"@id\":\"https:\\\/\\\/itemsind.com\\\/tienda\\\/#\\\/schema\\\/logo\\\/image\\\/\"},\"sameAs\":[\"https:\\\/\\\/www.facebook.com\\\/itemsind\",\"https:\\\/\\\/www.instagram.com\\\/itemsind\\\/\"]}]}<\/script>\n<!-- \/ Yoast SEO plugin. -->","yoast_head_json":{"title":"Guante CONSTRUCTO - 3243X - Items Industriales","robots":{"index":"index","follow":"follow","max-snippet":"max-snippet:-1","max-image-preview":"max-image-preview:large","max-video-preview":"max-video-preview:-1"},"canonical":"https:\/\/itemsind.com\/tienda\/producto\/guante-constructo-3243x\/","og_locale":"es_ES","og_type":"article","og_title":"Guante CONSTRUCTO - 3243X - Items Industriales","og_description":"GUANTE CONSTRUCCI\u00d3N 3243X   Guantes de seguridad de algod\u00f3n sin costuras para uso general en condiciones dif\u00edciles.  Los guantes CONSTRUCTO sin costuras de Safety Jogger est\u00e1n dise\u00f1ados para uso general.  Forro de algod\u00f3n\/poli\u00e9ster con revestimiento de l\u00e1tex verde en la palma de la mano.  \u00a1El guante m\u00e1s utilizado para manipulaciones donde son imprescindibles una alta resistencia a la abrasi\u00f3n y destreza!  Extremadamente flexible y resistente. El recubrimiento de l\u00e1tex arrugado proporciona un agarre excepcional.  Presupuesto   Forro: poli\u00e9ster  Recubrimiento: L\u00e1tex  Nivel de rendimiento: 3243X  Tipo de protecci\u00f3n (guantes): Protecci\u00f3n multiusos  Rango de tallas: S#8 \/ M#9 \/ L#10","og_url":"https:\/\/itemsind.com\/tienda\/producto\/guante-constructo-3243x\/","og_site_name":"Items Industriales","article_publisher":"https:\/\/www.facebook.com\/itemsind","article_modified_time":"2026-02-23T18:58:33+00:00","og_image":[{"width":1000,"height":1000,"url":"https:\/\/itemsind.com\/tienda\/wp-content\/uploads\/2025\/09\/SMCPJyxNmk-Safety-Jogger-GLOVE-CONSTURCTO-3243X.png","type":"image\/png"}],"twitter_card":"summary_large_image","twitter_misc":{"Tiempo de lectura":"1 minuto"},"schema":{"@context":"https:\/\/schema.org","@graph":[{"@type":"WebPage","@id":"https:\/\/itemsind.com\/tienda\/producto\/guante-constructo-3243x\/","url":"https:\/\/itemsind.com\/tienda\/producto\/guante-constructo-3243x\/","name":"Guante CONSTRUCTO - 3243X - Items Industriales","isPartOf":{"@id":"https:\/\/itemsind.com\/tienda\/#website"},"primaryImageOfPage":{"@id":"https:\/\/itemsind.com\/tienda\/producto\/guante-constructo-3243x\/#primaryimage"},"image":{"@id":"https:\/\/itemsind.com\/tienda\/producto\/guante-constructo-3243x\/#primaryimage"},"thumbnailUrl":"https:\/\/itemsind.com\/tienda\/wp-content\/uploads\/2025\/09\/SMCPJyxNmk-Safety-Jogger-GLOVE-CONSTURCTO-3243X.png","datePublished":"2025-09-17T19:11:31+00:00","dateModified":"2026-02-23T18:58:33+00:00","breadcrumb":{"@id":"https:\/\/itemsind.com\/tienda\/producto\/guante-constructo-3243x\/#breadcrumb"},"inLanguage":"es","potentialAction":[{"@type":"ReadAction","target":["https:\/\/itemsind.com\/tienda\/producto\/guante-constructo-3243x\/"]}]},{"@type":"ImageObject","inLanguage":"es","@id":"https:\/\/itemsind.com\/tienda\/producto\/guante-constructo-3243x\/#primaryimage","url":"https:\/\/itemsind.com\/tienda\/wp-content\/uploads\/2025\/09\/SMCPJyxNmk-Safety-Jogger-GLOVE-CONSTURCTO-3243X.png","contentUrl":"https:\/\/itemsind.com\/tienda\/wp-content\/uploads\/2025\/09\/SMCPJyxNmk-Safety-Jogger-GLOVE-CONSTURCTO-3243X.png","width":1000,"height":1000},{"@type":"BreadcrumbList","@id":"https:\/\/itemsind.com\/tienda\/producto\/guante-constructo-3243x\/#breadcrumb","itemListElement":[{"@type":"ListItem","position":1,"name":"Portada","item":"https:\/\/itemsind.com\/tienda\/"},{"@type":"ListItem","position":2,"name":"Tienda","item":"https:\/\/itemsind.com\/tienda\/tienda\/"},{"@type":"ListItem","position":3,"name":"Guante CONSTRUCTO &#8211; 3243X"}]},{"@type":"WebSite","@id":"https:\/\/itemsind.com\/tienda\/#website","url":"https:\/\/itemsind.com\/tienda\/","name":"Items Industriales","description":"Productos y Servicios para Seguridad Industrial","publisher":{"@id":"https:\/\/itemsind.com\/tienda\/#organization"},"potentialAction":[{"@type":"SearchAction","target":{"@type":"EntryPoint","urlTemplate":"https:\/\/itemsind.com\/tienda\/?s={search_term_string}"},"query-input":{"@type":"PropertyValueSpecification","valueRequired":true,"valueName":"search_term_string"}}],"inLanguage":"es"},{"@type":"Organization","@id":"https:\/\/itemsind.com\/tienda\/#organization","name":"Items Industriales","url":"https:\/\/itemsind.com\/tienda\/","logo":{"@type":"ImageObject","inLanguage":"es","@id":"https:\/\/itemsind.com\/tienda\/#\/schema\/logo\/image\/","url":"https:\/\/itemsind.com\/tienda\/wp-content\/uploads\/2023\/11\/items-logo-principal.jpg","contentUrl":"https:\/\/itemsind.com\/tienda\/wp-content\/uploads\/2023\/11\/items-logo-principal.jpg","width":2120,"height":793,"caption":"Items Industriales"},"image":{"@id":"https:\/\/itemsind.com\/tienda\/#\/schema\/logo\/image\/"},"sameAs":["https:\/\/www.facebook.com\/itemsind","https:\/\/www.instagram.com\/itemsind\/"]}]}},"_links":{"self":[{"href":"https:\/\/itemsind.com\/tienda\/wp-json\/wp\/v2\/product\/17251","targetHints":{"allow":["GET"]}}],"collection":[{"href":"https:\/\/itemsind.com\/tienda\/wp-json\/wp\/v2\/product"}],"about":[{"href":"https:\/\/itemsind.com\/tienda\/wp-json\/wp\/v2\/types\/product"}],"wp:featuredmedia":[{"embeddable":true,"href":"https:\/\/itemsind.com\/tienda\/wp-json\/wp\/v2\/media\/17252"}],"wp:attachment":[{"href":"https:\/\/itemsind.com\/tienda\/wp-json\/wp\/v2\/media?parent=17251"}],"wp:term":[{"taxonomy":"product_brand","embeddable":true,"href":"https:\/\/itemsind.com\/tienda\/wp-json\/wp\/v2\/product_brand?post=17251"},{"taxonomy":"product_cat","embeddable":true,"href":"https:\/\/itemsind.com\/tienda\/wp-json\/wp\/v2\/product_cat?post=17251"},{"taxonomy":"product_tag","embeddable":true,"href":"https:\/\/itemsind.com\/tienda\/wp-json\/wp\/v2\/product_tag?post=17251"}],"curies":[{"name":"wp","href":"https:\/\/api.w.org\/{rel}","templated":true}]}}