{"id":17349,"date":"2026-02-17T10:58:23","date_gmt":"2026-02-17T16:58:23","guid":{"rendered":"https:\/\/itemsind.com\/tienda\/?post_type=product&#038;p=17349"},"modified":"2026-02-17T11:05:21","modified_gmt":"2026-02-17T17:05:21","slug":"casco-oreka-ii-vent","status":"publish","type":"product","link":"https:\/\/itemsind.com\/tienda\/producto\/casco-oreka-ii-vent\/","title":{"rendered":"Casco OREKA II VENT"},"content":{"rendered":"<h5>Casco Definitivo del Doble Equilibrio<\/h5>\n<p class=\"\">\u2022\u00a0Casquete ultraligero: Fabricado en ABS para mayor comodidad.<br \/>\n\u2022\u00a0Comodidad: Con espuma de alta densidad para mejor absorci\u00f3n de impacto.<br \/>\n\u2022\u00a0Barboquejo ajustable: Hebillas intercambiables para uso industrial o deportivo.<br \/>\n\u2022\u00a0Compatibilidad: Ranuras para visor, pantalla facial y protecci\u00f3n auditiva.<br \/>\n\u2022\u00a0Versatilidad: Ranuras para adaptadores Q-IK.<br \/>\n\u2022\u00a0Ajuste ergon\u00f3mico: Sistema ROUNDFIT y divisor lateral en el barboquejo.<br \/>\n\u2022\u00a0Pr\u00e1ctico: 4 soportes portal\u00e1mparas extra\u00edbles.<br \/>\n\u2022\u00a0Tecnolog\u00eda NFC: Chip NFC incorporado para trazabilidad.<\/p>\n","protected":false},"excerpt":{"rendered":"<p>Casco Definitivo del Doble Equilibrio \u2022\u00a0Casquete ultraligero: Fabricado en ABS para mayor comodidad. \u2022\u00a0Comodidad: Con espuma de alta densidad para mejor absorci\u00f3n de impacto. \u2022\u00a0Barboquejo ajustable: Hebillas intercambiables para uso industrial o deportivo. \u2022\u00a0Compatibilidad: Ranuras para visor, pantalla facial y protecci\u00f3n auditiva. \u2022\u00a0Versatilidad: Ranuras para adaptadores Q-IK. \u2022\u00a0Ajuste ergon\u00f3mico: Sistema ROUNDFIT y divisor lateral en &hellip; <a href=\"https:\/\/itemsind.com\/tienda\/producto\/casco-oreka-ii-vent\/\" class=\"more-link\">Continue reading <span class=\"screen-reader-text\">Casco OREKA II VENT<\/span><\/a><\/p>\n","protected":false},"featured_media":17352,"template":"","meta":[],"product_brand":[2368],"product_cat":[1396,2064],"product_tag":[1622],"class_list":{"0":"post-17349","1":"product","2":"type-product","3":"status-publish","4":"has-post-thumbnail","6":"product_brand-irudek","7":"product_cat-proteccion-de-cabeza","8":"product_cat-proteccion","9":"product_tag-casco-para-rescate","12":"instock","13":"taxable","14":"shipping-taxable","15":"product-type-simple"},"yoast_head":"<!-- This site is optimized with the Yoast SEO plugin v27.1.1 - https:\/\/yoast.com\/product\/yoast-seo-wordpress\/ -->\n<title>Casco OREKA II VENT - Items Industriales<\/title>\n<meta name=\"robots\" content=\"index, follow, max-snippet:-1, max-image-preview:large, max-video-preview:-1\" \/>\n<link rel=\"canonical\" href=\"https:\/\/itemsind.com\/tienda\/producto\/casco-oreka-ii-vent\/\" \/>\n<meta property=\"og:locale\" content=\"es_ES\" \/>\n<meta property=\"og:type\" content=\"article\" \/>\n<meta property=\"og:title\" content=\"Casco OREKA II VENT - Items Industriales\" \/>\n<meta property=\"og:description\" content=\"Casco Definitivo del Doble Equilibrio \u2022\u00a0Casquete ultraligero: Fabricado en ABS para mayor comodidad. \u2022\u00a0Comodidad: Con espuma de alta densidad para mejor absorci\u00f3n de impacto. \u2022\u00a0Barboquejo ajustable: Hebillas intercambiables para uso industrial o deportivo. \u2022\u00a0Compatibilidad: Ranuras para visor, pantalla facial y protecci\u00f3n auditiva. \u2022\u00a0Versatilidad: Ranuras para adaptadores Q-IK. \u2022\u00a0Ajuste ergon\u00f3mico: Sistema ROUNDFIT y divisor lateral en &hellip; Continue reading Casco OREKA II VENT\" \/>\n<meta property=\"og:url\" content=\"https:\/\/itemsind.com\/tienda\/producto\/casco-oreka-ii-vent\/\" \/>\n<meta property=\"og:site_name\" content=\"Items Industriales\" \/>\n<meta property=\"article:publisher\" content=\"https:\/\/www.facebook.com\/itemsind\" \/>\n<meta property=\"article:modified_time\" content=\"2026-02-17T17:05:21+00:00\" \/>\n<meta property=\"og:image\" content=\"https:\/\/itemsind.com\/tienda\/wp-content\/uploads\/2026\/02\/OREKA-II-VENT_AZUL_45o-1920x1920-1.png\" \/>\n\t<meta property=\"og:image:width\" content=\"1200\" \/>\n\t<meta property=\"og:image:height\" content=\"1200\" \/>\n\t<meta property=\"og:image:type\" content=\"image\/png\" \/>\n<meta name=\"twitter:card\" content=\"summary_large_image\" \/>\n<meta name=\"twitter:label1\" content=\"Tiempo de lectura\" \/>\n\t<meta name=\"twitter:data1\" content=\"1 minuto\" \/>\n<script type=\"application\/ld+json\" class=\"yoast-schema-graph\">{\"@context\":\"https:\/\/schema.org\",\"@graph\":[{\"@type\":\"WebPage\",\"@id\":\"https:\/\/itemsind.com\/tienda\/producto\/casco-oreka-ii-vent\/\",\"url\":\"https:\/\/itemsind.com\/tienda\/producto\/casco-oreka-ii-vent\/\",\"name\":\"Casco OREKA II VENT - Items Industriales\",\"isPartOf\":{\"@id\":\"https:\/\/itemsind.com\/tienda\/#website\"},\"primaryImageOfPage\":{\"@id\":\"https:\/\/itemsind.com\/tienda\/producto\/casco-oreka-ii-vent\/#primaryimage\"},\"image\":{\"@id\":\"https:\/\/itemsind.com\/tienda\/producto\/casco-oreka-ii-vent\/#primaryimage\"},\"thumbnailUrl\":\"https:\/\/itemsind.com\/tienda\/wp-content\/uploads\/2026\/02\/OREKA-II-VENT_AZUL_45o-1920x1920-1.png\",\"datePublished\":\"2026-02-17T16:58:23+00:00\",\"dateModified\":\"2026-02-17T17:05:21+00:00\",\"breadcrumb\":{\"@id\":\"https:\/\/itemsind.com\/tienda\/producto\/casco-oreka-ii-vent\/#breadcrumb\"},\"inLanguage\":\"es\",\"potentialAction\":[{\"@type\":\"ReadAction\",\"target\":[\"https:\/\/itemsind.com\/tienda\/producto\/casco-oreka-ii-vent\/\"]}]},{\"@type\":\"ImageObject\",\"inLanguage\":\"es\",\"@id\":\"https:\/\/itemsind.com\/tienda\/producto\/casco-oreka-ii-vent\/#primaryimage\",\"url\":\"https:\/\/itemsind.com\/tienda\/wp-content\/uploads\/2026\/02\/OREKA-II-VENT_AZUL_45o-1920x1920-1.png\",\"contentUrl\":\"https:\/\/itemsind.com\/tienda\/wp-content\/uploads\/2026\/02\/OREKA-II-VENT_AZUL_45o-1920x1920-1.png\",\"width\":1200,\"height\":1200},{\"@type\":\"BreadcrumbList\",\"@id\":\"https:\/\/itemsind.com\/tienda\/producto\/casco-oreka-ii-vent\/#breadcrumb\",\"itemListElement\":[{\"@type\":\"ListItem\",\"position\":1,\"name\":\"Portada\",\"item\":\"https:\/\/itemsind.com\/tienda\/\"},{\"@type\":\"ListItem\",\"position\":2,\"name\":\"Tienda\",\"item\":\"https:\/\/itemsind.com\/tienda\/tienda\/\"},{\"@type\":\"ListItem\",\"position\":3,\"name\":\"Casco OREKA II VENT\"}]},{\"@type\":\"WebSite\",\"@id\":\"https:\/\/itemsind.com\/tienda\/#website\",\"url\":\"https:\/\/itemsind.com\/tienda\/\",\"name\":\"Items Industriales\",\"description\":\"Productos y Servicios para Seguridad Industrial\",\"publisher\":{\"@id\":\"https:\/\/itemsind.com\/tienda\/#organization\"},\"potentialAction\":[{\"@type\":\"SearchAction\",\"target\":{\"@type\":\"EntryPoint\",\"urlTemplate\":\"https:\/\/itemsind.com\/tienda\/?s={search_term_string}\"},\"query-input\":{\"@type\":\"PropertyValueSpecification\",\"valueRequired\":true,\"valueName\":\"search_term_string\"}}],\"inLanguage\":\"es\"},{\"@type\":\"Organization\",\"@id\":\"https:\/\/itemsind.com\/tienda\/#organization\",\"name\":\"Items Industriales\",\"url\":\"https:\/\/itemsind.com\/tienda\/\",\"logo\":{\"@type\":\"ImageObject\",\"inLanguage\":\"es\",\"@id\":\"https:\/\/itemsind.com\/tienda\/#\/schema\/logo\/image\/\",\"url\":\"https:\/\/itemsind.com\/tienda\/wp-content\/uploads\/2023\/11\/items-logo-principal.jpg\",\"contentUrl\":\"https:\/\/itemsind.com\/tienda\/wp-content\/uploads\/2023\/11\/items-logo-principal.jpg\",\"width\":2120,\"height\":793,\"caption\":\"Items Industriales\"},\"image\":{\"@id\":\"https:\/\/itemsind.com\/tienda\/#\/schema\/logo\/image\/\"},\"sameAs\":[\"https:\/\/www.facebook.com\/itemsind\",\"https:\/\/www.instagram.com\/itemsind\/\"]}]}<\/script>\n<!-- \/ Yoast SEO plugin. -->","yoast_head_json":{"title":"Casco OREKA II VENT - Items Industriales","robots":{"index":"index","follow":"follow","max-snippet":"max-snippet:-1","max-image-preview":"max-image-preview:large","max-video-preview":"max-video-preview:-1"},"canonical":"https:\/\/itemsind.com\/tienda\/producto\/casco-oreka-ii-vent\/","og_locale":"es_ES","og_type":"article","og_title":"Casco OREKA II VENT - Items Industriales","og_description":"Casco Definitivo del Doble Equilibrio \u2022\u00a0Casquete ultraligero: Fabricado en ABS para mayor comodidad. \u2022\u00a0Comodidad: Con espuma de alta densidad para mejor absorci\u00f3n de impacto. \u2022\u00a0Barboquejo ajustable: Hebillas intercambiables para uso industrial o deportivo. \u2022\u00a0Compatibilidad: Ranuras para visor, pantalla facial y protecci\u00f3n auditiva. \u2022\u00a0Versatilidad: Ranuras para adaptadores Q-IK. \u2022\u00a0Ajuste ergon\u00f3mico: Sistema ROUNDFIT y divisor lateral en &hellip; Continue reading Casco OREKA II VENT","og_url":"https:\/\/itemsind.com\/tienda\/producto\/casco-oreka-ii-vent\/","og_site_name":"Items Industriales","article_publisher":"https:\/\/www.facebook.com\/itemsind","article_modified_time":"2026-02-17T17:05:21+00:00","og_image":[{"width":1200,"height":1200,"url":"https:\/\/itemsind.com\/tienda\/wp-content\/uploads\/2026\/02\/OREKA-II-VENT_AZUL_45o-1920x1920-1.png","type":"image\/png"}],"twitter_card":"summary_large_image","twitter_misc":{"Tiempo de lectura":"1 minuto"},"schema":{"@context":"https:\/\/schema.org","@graph":[{"@type":"WebPage","@id":"https:\/\/itemsind.com\/tienda\/producto\/casco-oreka-ii-vent\/","url":"https:\/\/itemsind.com\/tienda\/producto\/casco-oreka-ii-vent\/","name":"Casco OREKA II VENT - Items Industriales","isPartOf":{"@id":"https:\/\/itemsind.com\/tienda\/#website"},"primaryImageOfPage":{"@id":"https:\/\/itemsind.com\/tienda\/producto\/casco-oreka-ii-vent\/#primaryimage"},"image":{"@id":"https:\/\/itemsind.com\/tienda\/producto\/casco-oreka-ii-vent\/#primaryimage"},"thumbnailUrl":"https:\/\/itemsind.com\/tienda\/wp-content\/uploads\/2026\/02\/OREKA-II-VENT_AZUL_45o-1920x1920-1.png","datePublished":"2026-02-17T16:58:23+00:00","dateModified":"2026-02-17T17:05:21+00:00","breadcrumb":{"@id":"https:\/\/itemsind.com\/tienda\/producto\/casco-oreka-ii-vent\/#breadcrumb"},"inLanguage":"es","potentialAction":[{"@type":"ReadAction","target":["https:\/\/itemsind.com\/tienda\/producto\/casco-oreka-ii-vent\/"]}]},{"@type":"ImageObject","inLanguage":"es","@id":"https:\/\/itemsind.com\/tienda\/producto\/casco-oreka-ii-vent\/#primaryimage","url":"https:\/\/itemsind.com\/tienda\/wp-content\/uploads\/2026\/02\/OREKA-II-VENT_AZUL_45o-1920x1920-1.png","contentUrl":"https:\/\/itemsind.com\/tienda\/wp-content\/uploads\/2026\/02\/OREKA-II-VENT_AZUL_45o-1920x1920-1.png","width":1200,"height":1200},{"@type":"BreadcrumbList","@id":"https:\/\/itemsind.com\/tienda\/producto\/casco-oreka-ii-vent\/#breadcrumb","itemListElement":[{"@type":"ListItem","position":1,"name":"Portada","item":"https:\/\/itemsind.com\/tienda\/"},{"@type":"ListItem","position":2,"name":"Tienda","item":"https:\/\/itemsind.com\/tienda\/tienda\/"},{"@type":"ListItem","position":3,"name":"Casco OREKA II VENT"}]},{"@type":"WebSite","@id":"https:\/\/itemsind.com\/tienda\/#website","url":"https:\/\/itemsind.com\/tienda\/","name":"Items Industriales","description":"Productos y Servicios para Seguridad Industrial","publisher":{"@id":"https:\/\/itemsind.com\/tienda\/#organization"},"potentialAction":[{"@type":"SearchAction","target":{"@type":"EntryPoint","urlTemplate":"https:\/\/itemsind.com\/tienda\/?s={search_term_string}"},"query-input":{"@type":"PropertyValueSpecification","valueRequired":true,"valueName":"search_term_string"}}],"inLanguage":"es"},{"@type":"Organization","@id":"https:\/\/itemsind.com\/tienda\/#organization","name":"Items Industriales","url":"https:\/\/itemsind.com\/tienda\/","logo":{"@type":"ImageObject","inLanguage":"es","@id":"https:\/\/itemsind.com\/tienda\/#\/schema\/logo\/image\/","url":"https:\/\/itemsind.com\/tienda\/wp-content\/uploads\/2023\/11\/items-logo-principal.jpg","contentUrl":"https:\/\/itemsind.com\/tienda\/wp-content\/uploads\/2023\/11\/items-logo-principal.jpg","width":2120,"height":793,"caption":"Items Industriales"},"image":{"@id":"https:\/\/itemsind.com\/tienda\/#\/schema\/logo\/image\/"},"sameAs":["https:\/\/www.facebook.com\/itemsind","https:\/\/www.instagram.com\/itemsind\/"]}]}},"_links":{"self":[{"href":"https:\/\/itemsind.com\/tienda\/wp-json\/wp\/v2\/product\/17349","targetHints":{"allow":["GET"]}}],"collection":[{"href":"https:\/\/itemsind.com\/tienda\/wp-json\/wp\/v2\/product"}],"about":[{"href":"https:\/\/itemsind.com\/tienda\/wp-json\/wp\/v2\/types\/product"}],"wp:featuredmedia":[{"embeddable":true,"href":"https:\/\/itemsind.com\/tienda\/wp-json\/wp\/v2\/media\/17352"}],"wp:attachment":[{"href":"https:\/\/itemsind.com\/tienda\/wp-json\/wp\/v2\/media?parent=17349"}],"wp:term":[{"taxonomy":"product_brand","embeddable":true,"href":"https:\/\/itemsind.com\/tienda\/wp-json\/wp\/v2\/product_brand?post=17349"},{"taxonomy":"product_cat","embeddable":true,"href":"https:\/\/itemsind.com\/tienda\/wp-json\/wp\/v2\/product_cat?post=17349"},{"taxonomy":"product_tag","embeddable":true,"href":"https:\/\/itemsind.com\/tienda\/wp-json\/wp\/v2\/product_tag?post=17349"}],"curies":[{"name":"wp","href":"https:\/\/api.w.org\/{rel}","templated":true}]}}