{"id":17360,"date":"2026-02-17T11:39:21","date_gmt":"2026-02-17T17:39:21","guid":{"rendered":"https:\/\/itemsind.com\/tienda\/?post_type=product&#038;p=17360"},"modified":"2026-02-17T11:39:22","modified_gmt":"2026-02-17T17:39:22","slug":"retractil-anticaidas-karbor-35-se","status":"publish","type":"product","link":"https:\/\/itemsind.com\/tienda\/producto\/retractil-anticaidas-karbor-35-se\/","title":{"rendered":"Retr\u00e1ctil Antica\u00eddas KARBOR 3,5 SE"},"content":{"rendered":"<h5>Antica\u00eddas Retr\u00e1ctil Ligero de 3,5 m<\/h5>\n<p>\u2022\u00a0Frenado mec\u00e1nico:\u00a0R\u00e1pido y seguro<br \/>\n\u2022\u00a0Impacto reducido:\u00a0Menos de 6 kN en caso de ca\u00edda<br \/>\n\u2022\u00a0Capacidad vertical:\u00a0140 kg<br \/>\n\u2022\u00a0Certificaci\u00f3n:<br \/>\n\u2013 Trabajos horizontales contra arista viva (RFU\/VG 11.060, m\u00e1x. 100 kg)<br \/>\n\u2013 Trabajos en factor 2<br \/>\n\u2022\u00a0Caracter\u00edsticas:<br \/>\n\u2013 Anilla giratoria superior para evitar enredos<br \/>\n\u2013 Gancho de 20 mm de apertura<br \/>\n\u2022\u00a0Funci\u00f3n:\u00a0Mantiene tensi\u00f3n para evitar ca\u00eddas<br \/>\n\u2022\u00a0Tecnolog\u00eda NFC:\u00a0Chip Irucheck para gesti\u00f3n e inspecci\u00f3n del equipo<\/p>\n","protected":false},"excerpt":{"rendered":"<p>Antica\u00eddas Retr\u00e1ctil Ligero de 3,5 m \u2022\u00a0Frenado mec\u00e1nico:\u00a0R\u00e1pido y seguro \u2022\u00a0Impacto reducido:\u00a0Menos de 6 kN en caso de ca\u00edda \u2022\u00a0Capacidad vertical:\u00a0140 kg \u2022\u00a0Certificaci\u00f3n: \u2013 Trabajos horizontales contra arista viva (RFU\/VG 11.060, m\u00e1x. 100 kg) \u2013 Trabajos en factor 2 \u2022\u00a0Caracter\u00edsticas: \u2013 Anilla giratoria superior para evitar enredos \u2013 Gancho de 20 mm de apertura \u2022\u00a0Funci\u00f3n:\u00a0Mantiene &hellip; <a href=\"https:\/\/itemsind.com\/tienda\/producto\/retractil-anticaidas-karbor-35-se\/\" class=\"more-link\">Continue reading <span class=\"screen-reader-text\">Retr\u00e1ctil Antica\u00eddas KARBOR 3,5 SE<\/span><\/a><\/p>\n","protected":false},"featured_media":17361,"template":"","meta":[],"product_brand":[2368],"product_cat":[2252,1311],"product_tag":[2278],"class_list":{"0":"post-17360","1":"product","2":"type-product","3":"status-publish","4":"has-post-thumbnail","6":"product_brand-irudek","7":"product_cat-equipo","8":"product_cat-trabajo-alturas","9":"product_tag-retractil","12":"instock","13":"taxable","14":"shipping-taxable","15":"product-type-simple"},"yoast_head":"<!-- This site is optimized with the Yoast SEO plugin v27.1.1 - https:\/\/yoast.com\/product\/yoast-seo-wordpress\/ -->\n<title>Retr\u00e1ctil Antica\u00eddas KARBOR 3,5 SE - Items Industriales<\/title>\n<meta name=\"robots\" content=\"index, follow, max-snippet:-1, max-image-preview:large, max-video-preview:-1\" \/>\n<link rel=\"canonical\" href=\"https:\/\/itemsind.com\/tienda\/producto\/retractil-anticaidas-karbor-35-se\/\" \/>\n<meta property=\"og:locale\" content=\"es_ES\" \/>\n<meta property=\"og:type\" content=\"article\" \/>\n<meta property=\"og:title\" content=\"Retr\u00e1ctil Antica\u00eddas KARBOR 3,5 SE - Items Industriales\" \/>\n<meta property=\"og:description\" content=\"Antica\u00eddas Retr\u00e1ctil Ligero de 3,5 m \u2022\u00a0Frenado mec\u00e1nico:\u00a0R\u00e1pido y seguro \u2022\u00a0Impacto reducido:\u00a0Menos de 6 kN en caso de ca\u00edda \u2022\u00a0Capacidad vertical:\u00a0140 kg \u2022\u00a0Certificaci\u00f3n: \u2013 Trabajos horizontales contra arista viva (RFU\/VG 11.060, m\u00e1x. 100 kg) \u2013 Trabajos en factor 2 \u2022\u00a0Caracter\u00edsticas: \u2013 Anilla giratoria superior para evitar enredos \u2013 Gancho de 20 mm de apertura \u2022\u00a0Funci\u00f3n:\u00a0Mantiene &hellip; Continue reading Retr\u00e1ctil Antica\u00eddas KARBOR 3,5 SE\" \/>\n<meta property=\"og:url\" content=\"https:\/\/itemsind.com\/tienda\/producto\/retractil-anticaidas-karbor-35-se\/\" \/>\n<meta property=\"og:site_name\" content=\"Items Industriales\" \/>\n<meta property=\"article:publisher\" content=\"https:\/\/www.facebook.com\/itemsind\" \/>\n<meta property=\"article:modified_time\" content=\"2026-02-17T17:39:22+00:00\" \/>\n<meta property=\"og:image\" content=\"https:\/\/itemsind.com\/tienda\/wp-content\/uploads\/2026\/02\/KARBOR-35-SE-New.png\" \/>\n\t<meta property=\"og:image:width\" content=\"900\" \/>\n\t<meta property=\"og:image:height\" content=\"1200\" \/>\n\t<meta property=\"og:image:type\" content=\"image\/png\" \/>\n<meta name=\"twitter:card\" content=\"summary_large_image\" \/>\n<meta name=\"twitter:label1\" content=\"Tiempo de lectura\" \/>\n\t<meta name=\"twitter:data1\" content=\"1 minuto\" \/>\n<script type=\"application\/ld+json\" class=\"yoast-schema-graph\">{\"@context\":\"https:\/\/schema.org\",\"@graph\":[{\"@type\":\"WebPage\",\"@id\":\"https:\/\/itemsind.com\/tienda\/producto\/retractil-anticaidas-karbor-35-se\/\",\"url\":\"https:\/\/itemsind.com\/tienda\/producto\/retractil-anticaidas-karbor-35-se\/\",\"name\":\"Retr\u00e1ctil Antica\u00eddas KARBOR 3,5 SE - Items Industriales\",\"isPartOf\":{\"@id\":\"https:\/\/itemsind.com\/tienda\/#website\"},\"primaryImageOfPage\":{\"@id\":\"https:\/\/itemsind.com\/tienda\/producto\/retractil-anticaidas-karbor-35-se\/#primaryimage\"},\"image\":{\"@id\":\"https:\/\/itemsind.com\/tienda\/producto\/retractil-anticaidas-karbor-35-se\/#primaryimage\"},\"thumbnailUrl\":\"https:\/\/itemsind.com\/tienda\/wp-content\/uploads\/2026\/02\/KARBOR-35-SE-New.png\",\"datePublished\":\"2026-02-17T17:39:21+00:00\",\"dateModified\":\"2026-02-17T17:39:22+00:00\",\"breadcrumb\":{\"@id\":\"https:\/\/itemsind.com\/tienda\/producto\/retractil-anticaidas-karbor-35-se\/#breadcrumb\"},\"inLanguage\":\"es\",\"potentialAction\":[{\"@type\":\"ReadAction\",\"target\":[\"https:\/\/itemsind.com\/tienda\/producto\/retractil-anticaidas-karbor-35-se\/\"]}]},{\"@type\":\"ImageObject\",\"inLanguage\":\"es\",\"@id\":\"https:\/\/itemsind.com\/tienda\/producto\/retractil-anticaidas-karbor-35-se\/#primaryimage\",\"url\":\"https:\/\/itemsind.com\/tienda\/wp-content\/uploads\/2026\/02\/KARBOR-35-SE-New.png\",\"contentUrl\":\"https:\/\/itemsind.com\/tienda\/wp-content\/uploads\/2026\/02\/KARBOR-35-SE-New.png\",\"width\":900,\"height\":1200},{\"@type\":\"BreadcrumbList\",\"@id\":\"https:\/\/itemsind.com\/tienda\/producto\/retractil-anticaidas-karbor-35-se\/#breadcrumb\",\"itemListElement\":[{\"@type\":\"ListItem\",\"position\":1,\"name\":\"Portada\",\"item\":\"https:\/\/itemsind.com\/tienda\/\"},{\"@type\":\"ListItem\",\"position\":2,\"name\":\"Tienda\",\"item\":\"https:\/\/itemsind.com\/tienda\/tienda\/\"},{\"@type\":\"ListItem\",\"position\":3,\"name\":\"Retr\u00e1ctil Antica\u00eddas KARBOR 3,5 SE\"}]},{\"@type\":\"WebSite\",\"@id\":\"https:\/\/itemsind.com\/tienda\/#website\",\"url\":\"https:\/\/itemsind.com\/tienda\/\",\"name\":\"Items Industriales\",\"description\":\"Productos y Servicios para Seguridad Industrial\",\"publisher\":{\"@id\":\"https:\/\/itemsind.com\/tienda\/#organization\"},\"potentialAction\":[{\"@type\":\"SearchAction\",\"target\":{\"@type\":\"EntryPoint\",\"urlTemplate\":\"https:\/\/itemsind.com\/tienda\/?s={search_term_string}\"},\"query-input\":{\"@type\":\"PropertyValueSpecification\",\"valueRequired\":true,\"valueName\":\"search_term_string\"}}],\"inLanguage\":\"es\"},{\"@type\":\"Organization\",\"@id\":\"https:\/\/itemsind.com\/tienda\/#organization\",\"name\":\"Items Industriales\",\"url\":\"https:\/\/itemsind.com\/tienda\/\",\"logo\":{\"@type\":\"ImageObject\",\"inLanguage\":\"es\",\"@id\":\"https:\/\/itemsind.com\/tienda\/#\/schema\/logo\/image\/\",\"url\":\"https:\/\/itemsind.com\/tienda\/wp-content\/uploads\/2023\/11\/items-logo-principal.jpg\",\"contentUrl\":\"https:\/\/itemsind.com\/tienda\/wp-content\/uploads\/2023\/11\/items-logo-principal.jpg\",\"width\":2120,\"height\":793,\"caption\":\"Items Industriales\"},\"image\":{\"@id\":\"https:\/\/itemsind.com\/tienda\/#\/schema\/logo\/image\/\"},\"sameAs\":[\"https:\/\/www.facebook.com\/itemsind\",\"https:\/\/www.instagram.com\/itemsind\/\"]}]}<\/script>\n<!-- \/ Yoast SEO plugin. -->","yoast_head_json":{"title":"Retr\u00e1ctil Antica\u00eddas KARBOR 3,5 SE - Items Industriales","robots":{"index":"index","follow":"follow","max-snippet":"max-snippet:-1","max-image-preview":"max-image-preview:large","max-video-preview":"max-video-preview:-1"},"canonical":"https:\/\/itemsind.com\/tienda\/producto\/retractil-anticaidas-karbor-35-se\/","og_locale":"es_ES","og_type":"article","og_title":"Retr\u00e1ctil Antica\u00eddas KARBOR 3,5 SE - Items Industriales","og_description":"Antica\u00eddas Retr\u00e1ctil Ligero de 3,5 m \u2022\u00a0Frenado mec\u00e1nico:\u00a0R\u00e1pido y seguro \u2022\u00a0Impacto reducido:\u00a0Menos de 6 kN en caso de ca\u00edda \u2022\u00a0Capacidad vertical:\u00a0140 kg \u2022\u00a0Certificaci\u00f3n: \u2013 Trabajos horizontales contra arista viva (RFU\/VG 11.060, m\u00e1x. 100 kg) \u2013 Trabajos en factor 2 \u2022\u00a0Caracter\u00edsticas: \u2013 Anilla giratoria superior para evitar enredos \u2013 Gancho de 20 mm de apertura \u2022\u00a0Funci\u00f3n:\u00a0Mantiene &hellip; Continue reading Retr\u00e1ctil Antica\u00eddas KARBOR 3,5 SE","og_url":"https:\/\/itemsind.com\/tienda\/producto\/retractil-anticaidas-karbor-35-se\/","og_site_name":"Items Industriales","article_publisher":"https:\/\/www.facebook.com\/itemsind","article_modified_time":"2026-02-17T17:39:22+00:00","og_image":[{"width":900,"height":1200,"url":"https:\/\/itemsind.com\/tienda\/wp-content\/uploads\/2026\/02\/KARBOR-35-SE-New.png","type":"image\/png"}],"twitter_card":"summary_large_image","twitter_misc":{"Tiempo de lectura":"1 minuto"},"schema":{"@context":"https:\/\/schema.org","@graph":[{"@type":"WebPage","@id":"https:\/\/itemsind.com\/tienda\/producto\/retractil-anticaidas-karbor-35-se\/","url":"https:\/\/itemsind.com\/tienda\/producto\/retractil-anticaidas-karbor-35-se\/","name":"Retr\u00e1ctil Antica\u00eddas KARBOR 3,5 SE - Items Industriales","isPartOf":{"@id":"https:\/\/itemsind.com\/tienda\/#website"},"primaryImageOfPage":{"@id":"https:\/\/itemsind.com\/tienda\/producto\/retractil-anticaidas-karbor-35-se\/#primaryimage"},"image":{"@id":"https:\/\/itemsind.com\/tienda\/producto\/retractil-anticaidas-karbor-35-se\/#primaryimage"},"thumbnailUrl":"https:\/\/itemsind.com\/tienda\/wp-content\/uploads\/2026\/02\/KARBOR-35-SE-New.png","datePublished":"2026-02-17T17:39:21+00:00","dateModified":"2026-02-17T17:39:22+00:00","breadcrumb":{"@id":"https:\/\/itemsind.com\/tienda\/producto\/retractil-anticaidas-karbor-35-se\/#breadcrumb"},"inLanguage":"es","potentialAction":[{"@type":"ReadAction","target":["https:\/\/itemsind.com\/tienda\/producto\/retractil-anticaidas-karbor-35-se\/"]}]},{"@type":"ImageObject","inLanguage":"es","@id":"https:\/\/itemsind.com\/tienda\/producto\/retractil-anticaidas-karbor-35-se\/#primaryimage","url":"https:\/\/itemsind.com\/tienda\/wp-content\/uploads\/2026\/02\/KARBOR-35-SE-New.png","contentUrl":"https:\/\/itemsind.com\/tienda\/wp-content\/uploads\/2026\/02\/KARBOR-35-SE-New.png","width":900,"height":1200},{"@type":"BreadcrumbList","@id":"https:\/\/itemsind.com\/tienda\/producto\/retractil-anticaidas-karbor-35-se\/#breadcrumb","itemListElement":[{"@type":"ListItem","position":1,"name":"Portada","item":"https:\/\/itemsind.com\/tienda\/"},{"@type":"ListItem","position":2,"name":"Tienda","item":"https:\/\/itemsind.com\/tienda\/tienda\/"},{"@type":"ListItem","position":3,"name":"Retr\u00e1ctil Antica\u00eddas KARBOR 3,5 SE"}]},{"@type":"WebSite","@id":"https:\/\/itemsind.com\/tienda\/#website","url":"https:\/\/itemsind.com\/tienda\/","name":"Items Industriales","description":"Productos y Servicios para Seguridad Industrial","publisher":{"@id":"https:\/\/itemsind.com\/tienda\/#organization"},"potentialAction":[{"@type":"SearchAction","target":{"@type":"EntryPoint","urlTemplate":"https:\/\/itemsind.com\/tienda\/?s={search_term_string}"},"query-input":{"@type":"PropertyValueSpecification","valueRequired":true,"valueName":"search_term_string"}}],"inLanguage":"es"},{"@type":"Organization","@id":"https:\/\/itemsind.com\/tienda\/#organization","name":"Items Industriales","url":"https:\/\/itemsind.com\/tienda\/","logo":{"@type":"ImageObject","inLanguage":"es","@id":"https:\/\/itemsind.com\/tienda\/#\/schema\/logo\/image\/","url":"https:\/\/itemsind.com\/tienda\/wp-content\/uploads\/2023\/11\/items-logo-principal.jpg","contentUrl":"https:\/\/itemsind.com\/tienda\/wp-content\/uploads\/2023\/11\/items-logo-principal.jpg","width":2120,"height":793,"caption":"Items Industriales"},"image":{"@id":"https:\/\/itemsind.com\/tienda\/#\/schema\/logo\/image\/"},"sameAs":["https:\/\/www.facebook.com\/itemsind","https:\/\/www.instagram.com\/itemsind\/"]}]}},"_links":{"self":[{"href":"https:\/\/itemsind.com\/tienda\/wp-json\/wp\/v2\/product\/17360","targetHints":{"allow":["GET"]}}],"collection":[{"href":"https:\/\/itemsind.com\/tienda\/wp-json\/wp\/v2\/product"}],"about":[{"href":"https:\/\/itemsind.com\/tienda\/wp-json\/wp\/v2\/types\/product"}],"wp:featuredmedia":[{"embeddable":true,"href":"https:\/\/itemsind.com\/tienda\/wp-json\/wp\/v2\/media\/17361"}],"wp:attachment":[{"href":"https:\/\/itemsind.com\/tienda\/wp-json\/wp\/v2\/media?parent=17360"}],"wp:term":[{"taxonomy":"product_brand","embeddable":true,"href":"https:\/\/itemsind.com\/tienda\/wp-json\/wp\/v2\/product_brand?post=17360"},{"taxonomy":"product_cat","embeddable":true,"href":"https:\/\/itemsind.com\/tienda\/wp-json\/wp\/v2\/product_cat?post=17360"},{"taxonomy":"product_tag","embeddable":true,"href":"https:\/\/itemsind.com\/tienda\/wp-json\/wp\/v2\/product_tag?post=17360"}],"curies":[{"name":"wp","href":"https:\/\/api.w.org\/{rel}","templated":true}]}}