{"id":17388,"date":"2026-02-18T14:40:38","date_gmt":"2026-02-18T20:40:38","guid":{"rendered":"https:\/\/itemsind.com\/tienda\/?post_type=product&#038;p=17388"},"modified":"2026-02-18T14:41:22","modified_gmt":"2026-02-18T20:41:22","slug":"guantes-de-nitrilo-juba-4550im-impact","status":"publish","type":"product","link":"https:\/\/itemsind.com\/tienda\/producto\/guantes-de-nitrilo-juba-4550im-impact\/","title":{"rendered":"Guantes para impactos &#8211; 4550IM IMPACT"},"content":{"rendered":"<p>Guante de corte alto con fibra K-ROCK\u00ae y recubrimiento de nitrilo en la palma, adem\u00e1s de refuerzo especial de espuma EVA en el dorso y los nudillos. Especialmente dise\u00f1ado para resistir impactos.<\/p>\n<div class=\"file__col col-12 col-md-12 col-lg-6\">\n<div class=\"info_rasgos\">\n<h2 class=\"titulo\"><span dir=\"auto\">Caracter\u00edsticas<\/span><\/h2>\n<ul>\n<li><span dir=\"auto\">Protectores de caucho termopl\u00e1stico (TPR) altamente flexible en dorso y dedos, aumentando la protecci\u00f3n de la zona dorsal.<\/span><\/li>\n<li><span dir=\"auto\">Alta resistencia a la abrasi\u00f3n, mayor durabilidad.<\/span><\/li>\n<li><span dir=\"auto\">Buen agarre en ambientes secos, ligeros o aceitosos.<\/span><\/li>\n<li><span dir=\"auto\">Resistente al calor por contacto (100\u00baC para 15\u201d).<\/span><\/li>\n<\/ul>\n<\/div>\n<\/div>\n<div class=\"file__col col-12 col-md-12 col-lg-6\">\n<div class=\"info_usos\">\n<h2 class=\"titulo\"><span dir=\"auto\">Guantes de trabajo recomendados para:<\/span><\/h2>\n<ul>\n<li><span dir=\"auto\">Guante de alta resistencia.<\/span><\/li>\n<li><span dir=\"auto\">Riesgo de agresi\u00f3n mec\u00e1nica en el dorso de la mano.<\/span><\/li>\n<li><span dir=\"auto\">Manipulaci\u00f3n de objetos con bordes y esquinas afilados.<\/span><\/li>\n<li><span dir=\"auto\">Construcci\u00f3n y mantenimiento de energ\u00eda e\u00f3lica.<\/span><\/li>\n<li><span dir=\"auto\">Montaje y mantenimiento de ascensores.<\/span><\/li>\n<li><span dir=\"auto\">Sector petroqu\u00edmico.<\/span><\/li>\n<li><span dir=\"auto\">Construcci\u00f3n y obras p\u00fablicas.<\/span><\/li>\n<li><span dir=\"auto\">\u00c1ridos y canteras.<\/span><\/li>\n<li><span dir=\"auto\">Industria cer\u00e1mica.<\/span><\/li>\n<\/ul>\n<\/div>\n<\/div>\n","protected":false},"excerpt":{"rendered":"<p>Guante de corte alto con fibra K-ROCK\u00ae y recubrimiento de nitrilo en la palma, adem\u00e1s de refuerzo especial de espuma EVA en el dorso y los nudillos. Especialmente dise\u00f1ado para resistir impactos. Caracter\u00edsticas Protectores de caucho termopl\u00e1stico (TPR) altamente flexible en dorso y dedos, aumentando la protecci\u00f3n de la zona dorsal. Alta resistencia a la &hellip; <a href=\"https:\/\/itemsind.com\/tienda\/producto\/guantes-de-nitrilo-juba-4550im-impact\/\" class=\"more-link\">Continue reading <span class=\"screen-reader-text\">Guantes para impactos &#8211; 4550IM IMPACT<\/span><\/a><\/p>\n","protected":false},"featured_media":17389,"template":"","meta":[],"product_brand":[2372],"product_cat":[1384,2064],"product_tag":[2225],"class_list":{"0":"post-17388","1":"product","2":"type-product","3":"status-publish","4":"has-post-thumbnail","6":"product_brand-juba","7":"product_cat-proteccion-de-manos-brazos","8":"product_cat-proteccion","9":"product_tag-guante","12":"instock","13":"taxable","14":"shipping-taxable","15":"product-type-simple"},"yoast_head":"<!-- This site is optimized with the Yoast SEO plugin v27.4 - https:\/\/yoast.com\/product\/yoast-seo-wordpress\/ -->\n<title>Guantes para impactos - 4550IM IMPACT - Items Industriales<\/title>\n<meta name=\"robots\" content=\"index, follow, max-snippet:-1, max-image-preview:large, max-video-preview:-1\" \/>\n<link rel=\"canonical\" href=\"https:\/\/itemsind.com\/tienda\/producto\/guantes-de-nitrilo-juba-4550im-impact\/\" \/>\n<meta property=\"og:locale\" content=\"es_ES\" \/>\n<meta property=\"og:type\" content=\"article\" \/>\n<meta property=\"og:title\" content=\"Guantes para impactos - 4550IM IMPACT - Items Industriales\" \/>\n<meta property=\"og:description\" content=\"Guante de corte alto con fibra K-ROCK\u00ae y recubrimiento de nitrilo en la palma, adem\u00e1s de refuerzo especial de espuma EVA en el dorso y los nudillos. Especialmente dise\u00f1ado para resistir impactos. Caracter\u00edsticas Protectores de caucho termopl\u00e1stico (TPR) altamente flexible en dorso y dedos, aumentando la protecci\u00f3n de la zona dorsal. Alta resistencia a la &hellip; Continue reading Guantes para impactos &#8211; 4550IM IMPACT\" \/>\n<meta property=\"og:url\" content=\"https:\/\/itemsind.com\/tienda\/producto\/guantes-de-nitrilo-juba-4550im-impact\/\" \/>\n<meta property=\"og:site_name\" content=\"Items Industriales\" \/>\n<meta property=\"article:publisher\" content=\"https:\/\/www.facebook.com\/itemsind\" \/>\n<meta property=\"article:modified_time\" content=\"2026-02-18T20:41:22+00:00\" \/>\n<meta property=\"og:image\" content=\"https:\/\/itemsind.com\/tienda\/wp-content\/uploads\/2026\/02\/4550IM-principal01.jpg.webp\" \/>\n\t<meta property=\"og:image:width\" content=\"810\" \/>\n\t<meta property=\"og:image:height\" content=\"720\" \/>\n\t<meta property=\"og:image:type\" content=\"image\/webp\" \/>\n<meta name=\"twitter:card\" content=\"summary_large_image\" \/>\n<meta name=\"twitter:label1\" content=\"Tiempo de lectura\" \/>\n\t<meta name=\"twitter:data1\" content=\"1 minuto\" \/>\n<script type=\"application\/ld+json\" class=\"yoast-schema-graph\">{\"@context\":\"https:\\\/\\\/schema.org\",\"@graph\":[{\"@type\":\"WebPage\",\"@id\":\"https:\\\/\\\/itemsind.com\\\/tienda\\\/producto\\\/guantes-de-nitrilo-juba-4550im-impact\\\/\",\"url\":\"https:\\\/\\\/itemsind.com\\\/tienda\\\/producto\\\/guantes-de-nitrilo-juba-4550im-impact\\\/\",\"name\":\"Guantes para impactos - 4550IM IMPACT - Items Industriales\",\"isPartOf\":{\"@id\":\"https:\\\/\\\/itemsind.com\\\/tienda\\\/#website\"},\"primaryImageOfPage\":{\"@id\":\"https:\\\/\\\/itemsind.com\\\/tienda\\\/producto\\\/guantes-de-nitrilo-juba-4550im-impact\\\/#primaryimage\"},\"image\":{\"@id\":\"https:\\\/\\\/itemsind.com\\\/tienda\\\/producto\\\/guantes-de-nitrilo-juba-4550im-impact\\\/#primaryimage\"},\"thumbnailUrl\":\"https:\\\/\\\/itemsind.com\\\/tienda\\\/wp-content\\\/uploads\\\/2026\\\/02\\\/4550IM-principal01.jpg.webp\",\"datePublished\":\"2026-02-18T20:40:38+00:00\",\"dateModified\":\"2026-02-18T20:41:22+00:00\",\"breadcrumb\":{\"@id\":\"https:\\\/\\\/itemsind.com\\\/tienda\\\/producto\\\/guantes-de-nitrilo-juba-4550im-impact\\\/#breadcrumb\"},\"inLanguage\":\"es\",\"potentialAction\":[{\"@type\":\"ReadAction\",\"target\":[\"https:\\\/\\\/itemsind.com\\\/tienda\\\/producto\\\/guantes-de-nitrilo-juba-4550im-impact\\\/\"]}]},{\"@type\":\"ImageObject\",\"inLanguage\":\"es\",\"@id\":\"https:\\\/\\\/itemsind.com\\\/tienda\\\/producto\\\/guantes-de-nitrilo-juba-4550im-impact\\\/#primaryimage\",\"url\":\"https:\\\/\\\/itemsind.com\\\/tienda\\\/wp-content\\\/uploads\\\/2026\\\/02\\\/4550IM-principal01.jpg.webp\",\"contentUrl\":\"https:\\\/\\\/itemsind.com\\\/tienda\\\/wp-content\\\/uploads\\\/2026\\\/02\\\/4550IM-principal01.jpg.webp\",\"width\":810,\"height\":720},{\"@type\":\"BreadcrumbList\",\"@id\":\"https:\\\/\\\/itemsind.com\\\/tienda\\\/producto\\\/guantes-de-nitrilo-juba-4550im-impact\\\/#breadcrumb\",\"itemListElement\":[{\"@type\":\"ListItem\",\"position\":1,\"name\":\"Portada\",\"item\":\"https:\\\/\\\/itemsind.com\\\/tienda\\\/\"},{\"@type\":\"ListItem\",\"position\":2,\"name\":\"Tienda\",\"item\":\"https:\\\/\\\/itemsind.com\\\/tienda\\\/tienda\\\/\"},{\"@type\":\"ListItem\",\"position\":3,\"name\":\"Guantes para impactos &#8211; 4550IM IMPACT\"}]},{\"@type\":\"WebSite\",\"@id\":\"https:\\\/\\\/itemsind.com\\\/tienda\\\/#website\",\"url\":\"https:\\\/\\\/itemsind.com\\\/tienda\\\/\",\"name\":\"Items Industriales\",\"description\":\"Productos y Servicios para Seguridad Industrial\",\"publisher\":{\"@id\":\"https:\\\/\\\/itemsind.com\\\/tienda\\\/#organization\"},\"potentialAction\":[{\"@type\":\"SearchAction\",\"target\":{\"@type\":\"EntryPoint\",\"urlTemplate\":\"https:\\\/\\\/itemsind.com\\\/tienda\\\/?s={search_term_string}\"},\"query-input\":{\"@type\":\"PropertyValueSpecification\",\"valueRequired\":true,\"valueName\":\"search_term_string\"}}],\"inLanguage\":\"es\"},{\"@type\":\"Organization\",\"@id\":\"https:\\\/\\\/itemsind.com\\\/tienda\\\/#organization\",\"name\":\"Items Industriales\",\"url\":\"https:\\\/\\\/itemsind.com\\\/tienda\\\/\",\"logo\":{\"@type\":\"ImageObject\",\"inLanguage\":\"es\",\"@id\":\"https:\\\/\\\/itemsind.com\\\/tienda\\\/#\\\/schema\\\/logo\\\/image\\\/\",\"url\":\"https:\\\/\\\/itemsind.com\\\/tienda\\\/wp-content\\\/uploads\\\/2023\\\/11\\\/items-logo-principal.jpg\",\"contentUrl\":\"https:\\\/\\\/itemsind.com\\\/tienda\\\/wp-content\\\/uploads\\\/2023\\\/11\\\/items-logo-principal.jpg\",\"width\":2120,\"height\":793,\"caption\":\"Items Industriales\"},\"image\":{\"@id\":\"https:\\\/\\\/itemsind.com\\\/tienda\\\/#\\\/schema\\\/logo\\\/image\\\/\"},\"sameAs\":[\"https:\\\/\\\/www.facebook.com\\\/itemsind\",\"https:\\\/\\\/www.instagram.com\\\/itemsind\\\/\"]}]}<\/script>\n<!-- \/ Yoast SEO plugin. -->","yoast_head_json":{"title":"Guantes para impactos - 4550IM IMPACT - Items Industriales","robots":{"index":"index","follow":"follow","max-snippet":"max-snippet:-1","max-image-preview":"max-image-preview:large","max-video-preview":"max-video-preview:-1"},"canonical":"https:\/\/itemsind.com\/tienda\/producto\/guantes-de-nitrilo-juba-4550im-impact\/","og_locale":"es_ES","og_type":"article","og_title":"Guantes para impactos - 4550IM IMPACT - Items Industriales","og_description":"Guante de corte alto con fibra K-ROCK\u00ae y recubrimiento de nitrilo en la palma, adem\u00e1s de refuerzo especial de espuma EVA en el dorso y los nudillos. Especialmente dise\u00f1ado para resistir impactos. Caracter\u00edsticas Protectores de caucho termopl\u00e1stico (TPR) altamente flexible en dorso y dedos, aumentando la protecci\u00f3n de la zona dorsal. Alta resistencia a la &hellip; Continue reading Guantes para impactos &#8211; 4550IM IMPACT","og_url":"https:\/\/itemsind.com\/tienda\/producto\/guantes-de-nitrilo-juba-4550im-impact\/","og_site_name":"Items Industriales","article_publisher":"https:\/\/www.facebook.com\/itemsind","article_modified_time":"2026-02-18T20:41:22+00:00","og_image":[{"width":810,"height":720,"url":"https:\/\/itemsind.com\/tienda\/wp-content\/uploads\/2026\/02\/4550IM-principal01.jpg.webp","type":"image\/webp"}],"twitter_card":"summary_large_image","twitter_misc":{"Tiempo de lectura":"1 minuto"},"schema":{"@context":"https:\/\/schema.org","@graph":[{"@type":"WebPage","@id":"https:\/\/itemsind.com\/tienda\/producto\/guantes-de-nitrilo-juba-4550im-impact\/","url":"https:\/\/itemsind.com\/tienda\/producto\/guantes-de-nitrilo-juba-4550im-impact\/","name":"Guantes para impactos - 4550IM IMPACT - Items Industriales","isPartOf":{"@id":"https:\/\/itemsind.com\/tienda\/#website"},"primaryImageOfPage":{"@id":"https:\/\/itemsind.com\/tienda\/producto\/guantes-de-nitrilo-juba-4550im-impact\/#primaryimage"},"image":{"@id":"https:\/\/itemsind.com\/tienda\/producto\/guantes-de-nitrilo-juba-4550im-impact\/#primaryimage"},"thumbnailUrl":"https:\/\/itemsind.com\/tienda\/wp-content\/uploads\/2026\/02\/4550IM-principal01.jpg.webp","datePublished":"2026-02-18T20:40:38+00:00","dateModified":"2026-02-18T20:41:22+00:00","breadcrumb":{"@id":"https:\/\/itemsind.com\/tienda\/producto\/guantes-de-nitrilo-juba-4550im-impact\/#breadcrumb"},"inLanguage":"es","potentialAction":[{"@type":"ReadAction","target":["https:\/\/itemsind.com\/tienda\/producto\/guantes-de-nitrilo-juba-4550im-impact\/"]}]},{"@type":"ImageObject","inLanguage":"es","@id":"https:\/\/itemsind.com\/tienda\/producto\/guantes-de-nitrilo-juba-4550im-impact\/#primaryimage","url":"https:\/\/itemsind.com\/tienda\/wp-content\/uploads\/2026\/02\/4550IM-principal01.jpg.webp","contentUrl":"https:\/\/itemsind.com\/tienda\/wp-content\/uploads\/2026\/02\/4550IM-principal01.jpg.webp","width":810,"height":720},{"@type":"BreadcrumbList","@id":"https:\/\/itemsind.com\/tienda\/producto\/guantes-de-nitrilo-juba-4550im-impact\/#breadcrumb","itemListElement":[{"@type":"ListItem","position":1,"name":"Portada","item":"https:\/\/itemsind.com\/tienda\/"},{"@type":"ListItem","position":2,"name":"Tienda","item":"https:\/\/itemsind.com\/tienda\/tienda\/"},{"@type":"ListItem","position":3,"name":"Guantes para impactos &#8211; 4550IM IMPACT"}]},{"@type":"WebSite","@id":"https:\/\/itemsind.com\/tienda\/#website","url":"https:\/\/itemsind.com\/tienda\/","name":"Items Industriales","description":"Productos y Servicios para Seguridad Industrial","publisher":{"@id":"https:\/\/itemsind.com\/tienda\/#organization"},"potentialAction":[{"@type":"SearchAction","target":{"@type":"EntryPoint","urlTemplate":"https:\/\/itemsind.com\/tienda\/?s={search_term_string}"},"query-input":{"@type":"PropertyValueSpecification","valueRequired":true,"valueName":"search_term_string"}}],"inLanguage":"es"},{"@type":"Organization","@id":"https:\/\/itemsind.com\/tienda\/#organization","name":"Items Industriales","url":"https:\/\/itemsind.com\/tienda\/","logo":{"@type":"ImageObject","inLanguage":"es","@id":"https:\/\/itemsind.com\/tienda\/#\/schema\/logo\/image\/","url":"https:\/\/itemsind.com\/tienda\/wp-content\/uploads\/2023\/11\/items-logo-principal.jpg","contentUrl":"https:\/\/itemsind.com\/tienda\/wp-content\/uploads\/2023\/11\/items-logo-principal.jpg","width":2120,"height":793,"caption":"Items Industriales"},"image":{"@id":"https:\/\/itemsind.com\/tienda\/#\/schema\/logo\/image\/"},"sameAs":["https:\/\/www.facebook.com\/itemsind","https:\/\/www.instagram.com\/itemsind\/"]}]}},"_links":{"self":[{"href":"https:\/\/itemsind.com\/tienda\/wp-json\/wp\/v2\/product\/17388","targetHints":{"allow":["GET"]}}],"collection":[{"href":"https:\/\/itemsind.com\/tienda\/wp-json\/wp\/v2\/product"}],"about":[{"href":"https:\/\/itemsind.com\/tienda\/wp-json\/wp\/v2\/types\/product"}],"wp:featuredmedia":[{"embeddable":true,"href":"https:\/\/itemsind.com\/tienda\/wp-json\/wp\/v2\/media\/17389"}],"wp:attachment":[{"href":"https:\/\/itemsind.com\/tienda\/wp-json\/wp\/v2\/media?parent=17388"}],"wp:term":[{"taxonomy":"product_brand","embeddable":true,"href":"https:\/\/itemsind.com\/tienda\/wp-json\/wp\/v2\/product_brand?post=17388"},{"taxonomy":"product_cat","embeddable":true,"href":"https:\/\/itemsind.com\/tienda\/wp-json\/wp\/v2\/product_cat?post=17388"},{"taxonomy":"product_tag","embeddable":true,"href":"https:\/\/itemsind.com\/tienda\/wp-json\/wp\/v2\/product_tag?post=17388"}],"curies":[{"name":"wp","href":"https:\/\/api.w.org\/{rel}","templated":true}]}}