{"id":17394,"date":"2026-02-18T14:56:38","date_gmt":"2026-02-18T20:56:38","guid":{"rendered":"https:\/\/itemsind.com\/tienda\/?post_type=product&#038;p=17394"},"modified":"2026-02-18T14:56:55","modified_gmt":"2026-02-18T20:56:55","slug":"guante-de-soldadura-408k-weldy","status":"publish","type":"product","link":"https:\/\/itemsind.com\/tienda\/producto\/guante-de-soldadura-408k-weldy\/","title":{"rendered":"Guante de soldadura &#8211; 408K WELDY"},"content":{"rendered":"<div class=\"file__col col-12 col-md-12 col-lg-6\">\n<div class=\"info_rasgos\">\n<h2 class=\"titulo\"><span dir=\"auto\">Caracter\u00edsticas<\/span><\/h2>\n<ul>\n<li><span dir=\"auto\">Cuero de calidad extra.<\/span><\/li>\n<li><span dir=\"auto\">Resistente al calor por contacto (100\u00baC durante 15 segundos).<\/span><\/li>\n<li><span dir=\"auto\">Excelente comportamiento al fuego y peque\u00f1as salpicaduras.<\/span><\/li>\n<li><span dir=\"auto\">Muy c\u00f3modo gracias a su forro interior de algod\u00f3n en palma y dorso.<\/span><\/li>\n<li><span dir=\"auto\">Cosido con hilo Kevlar\u00ae para mayor durabilidad.<\/span><\/li>\n<li><span dir=\"auto\">Refuerzo de ante en la zona de mayor fricci\u00f3n de la palma.<\/span><\/li>\n<li><span dir=\"auto\">Cumple con la norma EN12477:2001+A1:2005 de guantes de protecci\u00f3n para soldadores tipo A.<\/span><\/li>\n<\/ul>\n<\/div>\n<\/div>\n<div class=\"file__col col-12 col-md-12 col-lg-6\">\n<div class=\"info_usos\">\n<h2 class=\"titulo\"><span dir=\"auto\">Guantes de trabajo recomendados para:<\/span><\/h2>\n<ul>\n<li><span dir=\"auto\">Trabajos de soldadura.<\/span><\/li>\n<li><span dir=\"auto\">Trabajo mec\u00e1nico.<\/span><\/li>\n<li><span dir=\"auto\">Industria naval.<\/span><\/li>\n<\/ul>\n<\/div>\n<\/div>\n","protected":false},"excerpt":{"rendered":"<p>Caracter\u00edsticas Cuero de calidad extra. Resistente al calor por contacto (100\u00baC durante 15 segundos). Excelente comportamiento al fuego y peque\u00f1as salpicaduras. Muy c\u00f3modo gracias a su forro interior de algod\u00f3n en palma y dorso. Cosido con hilo Kevlar\u00ae para mayor durabilidad. Refuerzo de ante en la zona de mayor fricci\u00f3n de la palma. Cumple con &hellip; <a href=\"https:\/\/itemsind.com\/tienda\/producto\/guante-de-soldadura-408k-weldy\/\" class=\"more-link\">Continue reading <span class=\"screen-reader-text\">Guante de soldadura &#8211; 408K WELDY<\/span><\/a><\/p>\n","protected":false},"featured_media":17395,"template":"","meta":[],"product_brand":[2372],"product_cat":[1384,2064],"product_tag":[2272],"class_list":{"0":"post-17394","1":"product","2":"type-product","3":"status-publish","4":"has-post-thumbnail","6":"product_brand-juba","7":"product_cat-proteccion-de-manos-brazos","8":"product_cat-proteccion","9":"product_tag-guantes","12":"instock","13":"taxable","14":"shipping-taxable","15":"product-type-simple"},"yoast_head":"<!-- This site is optimized with the Yoast SEO plugin v27.4 - https:\/\/yoast.com\/product\/yoast-seo-wordpress\/ -->\n<title>Guante de soldadura - 408K WELDY - Items Industriales<\/title>\n<meta name=\"robots\" content=\"index, follow, max-snippet:-1, max-image-preview:large, max-video-preview:-1\" \/>\n<link rel=\"canonical\" href=\"https:\/\/itemsind.com\/tienda\/producto\/guante-de-soldadura-408k-weldy\/\" \/>\n<meta property=\"og:locale\" content=\"es_ES\" \/>\n<meta property=\"og:type\" content=\"article\" \/>\n<meta property=\"og:title\" content=\"Guante de soldadura - 408K WELDY - Items Industriales\" \/>\n<meta property=\"og:description\" content=\"Caracter\u00edsticas Cuero de calidad extra. Resistente al calor por contacto (100\u00baC durante 15 segundos). Excelente comportamiento al fuego y peque\u00f1as salpicaduras. Muy c\u00f3modo gracias a su forro interior de algod\u00f3n en palma y dorso. Cosido con hilo Kevlar\u00ae para mayor durabilidad. Refuerzo de ante en la zona de mayor fricci\u00f3n de la palma. Cumple con &hellip; Continue reading Guante de soldadura &#8211; 408K WELDY\" \/>\n<meta property=\"og:url\" content=\"https:\/\/itemsind.com\/tienda\/producto\/guante-de-soldadura-408k-weldy\/\" \/>\n<meta property=\"og:site_name\" content=\"Items Industriales\" \/>\n<meta property=\"article:publisher\" content=\"https:\/\/www.facebook.com\/itemsind\" \/>\n<meta property=\"article:modified_time\" content=\"2026-02-18T20:56:55+00:00\" \/>\n<meta property=\"og:image\" content=\"https:\/\/itemsind.com\/tienda\/wp-content\/uploads\/2026\/02\/408K-principal02.jpg.webp\" \/>\n\t<meta property=\"og:image:width\" content=\"810\" \/>\n\t<meta property=\"og:image:height\" content=\"720\" \/>\n\t<meta property=\"og:image:type\" content=\"image\/webp\" \/>\n<meta name=\"twitter:card\" content=\"summary_large_image\" \/>\n<meta name=\"twitter:label1\" content=\"Tiempo de lectura\" \/>\n\t<meta name=\"twitter:data1\" content=\"1 minuto\" \/>\n<script type=\"application\/ld+json\" class=\"yoast-schema-graph\">{\"@context\":\"https:\\\/\\\/schema.org\",\"@graph\":[{\"@type\":\"WebPage\",\"@id\":\"https:\\\/\\\/itemsind.com\\\/tienda\\\/producto\\\/guante-de-soldadura-408k-weldy\\\/\",\"url\":\"https:\\\/\\\/itemsind.com\\\/tienda\\\/producto\\\/guante-de-soldadura-408k-weldy\\\/\",\"name\":\"Guante de soldadura - 408K WELDY - Items Industriales\",\"isPartOf\":{\"@id\":\"https:\\\/\\\/itemsind.com\\\/tienda\\\/#website\"},\"primaryImageOfPage\":{\"@id\":\"https:\\\/\\\/itemsind.com\\\/tienda\\\/producto\\\/guante-de-soldadura-408k-weldy\\\/#primaryimage\"},\"image\":{\"@id\":\"https:\\\/\\\/itemsind.com\\\/tienda\\\/producto\\\/guante-de-soldadura-408k-weldy\\\/#primaryimage\"},\"thumbnailUrl\":\"https:\\\/\\\/itemsind.com\\\/tienda\\\/wp-content\\\/uploads\\\/2026\\\/02\\\/408K-principal02.jpg.webp\",\"datePublished\":\"2026-02-18T20:56:38+00:00\",\"dateModified\":\"2026-02-18T20:56:55+00:00\",\"breadcrumb\":{\"@id\":\"https:\\\/\\\/itemsind.com\\\/tienda\\\/producto\\\/guante-de-soldadura-408k-weldy\\\/#breadcrumb\"},\"inLanguage\":\"es\",\"potentialAction\":[{\"@type\":\"ReadAction\",\"target\":[\"https:\\\/\\\/itemsind.com\\\/tienda\\\/producto\\\/guante-de-soldadura-408k-weldy\\\/\"]}]},{\"@type\":\"ImageObject\",\"inLanguage\":\"es\",\"@id\":\"https:\\\/\\\/itemsind.com\\\/tienda\\\/producto\\\/guante-de-soldadura-408k-weldy\\\/#primaryimage\",\"url\":\"https:\\\/\\\/itemsind.com\\\/tienda\\\/wp-content\\\/uploads\\\/2026\\\/02\\\/408K-principal02.jpg.webp\",\"contentUrl\":\"https:\\\/\\\/itemsind.com\\\/tienda\\\/wp-content\\\/uploads\\\/2026\\\/02\\\/408K-principal02.jpg.webp\",\"width\":810,\"height\":720},{\"@type\":\"BreadcrumbList\",\"@id\":\"https:\\\/\\\/itemsind.com\\\/tienda\\\/producto\\\/guante-de-soldadura-408k-weldy\\\/#breadcrumb\",\"itemListElement\":[{\"@type\":\"ListItem\",\"position\":1,\"name\":\"Portada\",\"item\":\"https:\\\/\\\/itemsind.com\\\/tienda\\\/\"},{\"@type\":\"ListItem\",\"position\":2,\"name\":\"Tienda\",\"item\":\"https:\\\/\\\/itemsind.com\\\/tienda\\\/tienda\\\/\"},{\"@type\":\"ListItem\",\"position\":3,\"name\":\"Guante de soldadura &#8211; 408K WELDY\"}]},{\"@type\":\"WebSite\",\"@id\":\"https:\\\/\\\/itemsind.com\\\/tienda\\\/#website\",\"url\":\"https:\\\/\\\/itemsind.com\\\/tienda\\\/\",\"name\":\"Items Industriales\",\"description\":\"Productos y Servicios para Seguridad Industrial\",\"publisher\":{\"@id\":\"https:\\\/\\\/itemsind.com\\\/tienda\\\/#organization\"},\"potentialAction\":[{\"@type\":\"SearchAction\",\"target\":{\"@type\":\"EntryPoint\",\"urlTemplate\":\"https:\\\/\\\/itemsind.com\\\/tienda\\\/?s={search_term_string}\"},\"query-input\":{\"@type\":\"PropertyValueSpecification\",\"valueRequired\":true,\"valueName\":\"search_term_string\"}}],\"inLanguage\":\"es\"},{\"@type\":\"Organization\",\"@id\":\"https:\\\/\\\/itemsind.com\\\/tienda\\\/#organization\",\"name\":\"Items Industriales\",\"url\":\"https:\\\/\\\/itemsind.com\\\/tienda\\\/\",\"logo\":{\"@type\":\"ImageObject\",\"inLanguage\":\"es\",\"@id\":\"https:\\\/\\\/itemsind.com\\\/tienda\\\/#\\\/schema\\\/logo\\\/image\\\/\",\"url\":\"https:\\\/\\\/itemsind.com\\\/tienda\\\/wp-content\\\/uploads\\\/2023\\\/11\\\/items-logo-principal.jpg\",\"contentUrl\":\"https:\\\/\\\/itemsind.com\\\/tienda\\\/wp-content\\\/uploads\\\/2023\\\/11\\\/items-logo-principal.jpg\",\"width\":2120,\"height\":793,\"caption\":\"Items Industriales\"},\"image\":{\"@id\":\"https:\\\/\\\/itemsind.com\\\/tienda\\\/#\\\/schema\\\/logo\\\/image\\\/\"},\"sameAs\":[\"https:\\\/\\\/www.facebook.com\\\/itemsind\",\"https:\\\/\\\/www.instagram.com\\\/itemsind\\\/\"]}]}<\/script>\n<!-- \/ Yoast SEO plugin. -->","yoast_head_json":{"title":"Guante de soldadura - 408K WELDY - Items Industriales","robots":{"index":"index","follow":"follow","max-snippet":"max-snippet:-1","max-image-preview":"max-image-preview:large","max-video-preview":"max-video-preview:-1"},"canonical":"https:\/\/itemsind.com\/tienda\/producto\/guante-de-soldadura-408k-weldy\/","og_locale":"es_ES","og_type":"article","og_title":"Guante de soldadura - 408K WELDY - Items Industriales","og_description":"Caracter\u00edsticas Cuero de calidad extra. Resistente al calor por contacto (100\u00baC durante 15 segundos). Excelente comportamiento al fuego y peque\u00f1as salpicaduras. Muy c\u00f3modo gracias a su forro interior de algod\u00f3n en palma y dorso. Cosido con hilo Kevlar\u00ae para mayor durabilidad. Refuerzo de ante en la zona de mayor fricci\u00f3n de la palma. Cumple con &hellip; Continue reading Guante de soldadura &#8211; 408K WELDY","og_url":"https:\/\/itemsind.com\/tienda\/producto\/guante-de-soldadura-408k-weldy\/","og_site_name":"Items Industriales","article_publisher":"https:\/\/www.facebook.com\/itemsind","article_modified_time":"2026-02-18T20:56:55+00:00","og_image":[{"width":810,"height":720,"url":"https:\/\/itemsind.com\/tienda\/wp-content\/uploads\/2026\/02\/408K-principal02.jpg.webp","type":"image\/webp"}],"twitter_card":"summary_large_image","twitter_misc":{"Tiempo de lectura":"1 minuto"},"schema":{"@context":"https:\/\/schema.org","@graph":[{"@type":"WebPage","@id":"https:\/\/itemsind.com\/tienda\/producto\/guante-de-soldadura-408k-weldy\/","url":"https:\/\/itemsind.com\/tienda\/producto\/guante-de-soldadura-408k-weldy\/","name":"Guante de soldadura - 408K WELDY - Items Industriales","isPartOf":{"@id":"https:\/\/itemsind.com\/tienda\/#website"},"primaryImageOfPage":{"@id":"https:\/\/itemsind.com\/tienda\/producto\/guante-de-soldadura-408k-weldy\/#primaryimage"},"image":{"@id":"https:\/\/itemsind.com\/tienda\/producto\/guante-de-soldadura-408k-weldy\/#primaryimage"},"thumbnailUrl":"https:\/\/itemsind.com\/tienda\/wp-content\/uploads\/2026\/02\/408K-principal02.jpg.webp","datePublished":"2026-02-18T20:56:38+00:00","dateModified":"2026-02-18T20:56:55+00:00","breadcrumb":{"@id":"https:\/\/itemsind.com\/tienda\/producto\/guante-de-soldadura-408k-weldy\/#breadcrumb"},"inLanguage":"es","potentialAction":[{"@type":"ReadAction","target":["https:\/\/itemsind.com\/tienda\/producto\/guante-de-soldadura-408k-weldy\/"]}]},{"@type":"ImageObject","inLanguage":"es","@id":"https:\/\/itemsind.com\/tienda\/producto\/guante-de-soldadura-408k-weldy\/#primaryimage","url":"https:\/\/itemsind.com\/tienda\/wp-content\/uploads\/2026\/02\/408K-principal02.jpg.webp","contentUrl":"https:\/\/itemsind.com\/tienda\/wp-content\/uploads\/2026\/02\/408K-principal02.jpg.webp","width":810,"height":720},{"@type":"BreadcrumbList","@id":"https:\/\/itemsind.com\/tienda\/producto\/guante-de-soldadura-408k-weldy\/#breadcrumb","itemListElement":[{"@type":"ListItem","position":1,"name":"Portada","item":"https:\/\/itemsind.com\/tienda\/"},{"@type":"ListItem","position":2,"name":"Tienda","item":"https:\/\/itemsind.com\/tienda\/tienda\/"},{"@type":"ListItem","position":3,"name":"Guante de soldadura &#8211; 408K WELDY"}]},{"@type":"WebSite","@id":"https:\/\/itemsind.com\/tienda\/#website","url":"https:\/\/itemsind.com\/tienda\/","name":"Items Industriales","description":"Productos y Servicios para Seguridad Industrial","publisher":{"@id":"https:\/\/itemsind.com\/tienda\/#organization"},"potentialAction":[{"@type":"SearchAction","target":{"@type":"EntryPoint","urlTemplate":"https:\/\/itemsind.com\/tienda\/?s={search_term_string}"},"query-input":{"@type":"PropertyValueSpecification","valueRequired":true,"valueName":"search_term_string"}}],"inLanguage":"es"},{"@type":"Organization","@id":"https:\/\/itemsind.com\/tienda\/#organization","name":"Items Industriales","url":"https:\/\/itemsind.com\/tienda\/","logo":{"@type":"ImageObject","inLanguage":"es","@id":"https:\/\/itemsind.com\/tienda\/#\/schema\/logo\/image\/","url":"https:\/\/itemsind.com\/tienda\/wp-content\/uploads\/2023\/11\/items-logo-principal.jpg","contentUrl":"https:\/\/itemsind.com\/tienda\/wp-content\/uploads\/2023\/11\/items-logo-principal.jpg","width":2120,"height":793,"caption":"Items Industriales"},"image":{"@id":"https:\/\/itemsind.com\/tienda\/#\/schema\/logo\/image\/"},"sameAs":["https:\/\/www.facebook.com\/itemsind","https:\/\/www.instagram.com\/itemsind\/"]}]}},"_links":{"self":[{"href":"https:\/\/itemsind.com\/tienda\/wp-json\/wp\/v2\/product\/17394","targetHints":{"allow":["GET"]}}],"collection":[{"href":"https:\/\/itemsind.com\/tienda\/wp-json\/wp\/v2\/product"}],"about":[{"href":"https:\/\/itemsind.com\/tienda\/wp-json\/wp\/v2\/types\/product"}],"wp:featuredmedia":[{"embeddable":true,"href":"https:\/\/itemsind.com\/tienda\/wp-json\/wp\/v2\/media\/17395"}],"wp:attachment":[{"href":"https:\/\/itemsind.com\/tienda\/wp-json\/wp\/v2\/media?parent=17394"}],"wp:term":[{"taxonomy":"product_brand","embeddable":true,"href":"https:\/\/itemsind.com\/tienda\/wp-json\/wp\/v2\/product_brand?post=17394"},{"taxonomy":"product_cat","embeddable":true,"href":"https:\/\/itemsind.com\/tienda\/wp-json\/wp\/v2\/product_cat?post=17394"},{"taxonomy":"product_tag","embeddable":true,"href":"https:\/\/itemsind.com\/tienda\/wp-json\/wp\/v2\/product_tag?post=17394"}],"curies":[{"name":"wp","href":"https:\/\/api.w.org\/{rel}","templated":true}]}}