{"id":17399,"date":"2026-02-18T15:41:08","date_gmt":"2026-02-18T21:41:08","guid":{"rendered":"https:\/\/itemsind.com\/tienda\/?post_type=product&#038;p=17399"},"modified":"2026-02-18T15:41:09","modified_gmt":"2026-02-18T21:41:09","slug":"autocontenido-ig-scba-6l","status":"publish","type":"product","link":"https:\/\/itemsind.com\/tienda\/producto\/autocontenido-ig-scba-6l\/","title":{"rendered":"Autocontenido &#8211; IG-SCBA-6L"},"content":{"rendered":"<div class=\"card__header\">\n<h2 class=\"card__title heading h3\">Descripci\u00f3n<\/h2>\n<\/div>\n<div class=\"card__section\">\n<div class=\"rte text--pull\">\n<p>Este equipo puede ser utilizado en el \u00e1rea petrolera, qu\u00edmica, metal\u00fargica, el\u00e9ctrica, naval, militar, polic\u00eda, entre otras.\u00a0Para personas que trabajan en ambientes con deficiencia de ox\u00edgeno, con presencia de gases t\u00f3xicos, humos o neblinas pesadas.<\/p>\n<p>Mientras se encuentra en funcionamiento, la presi\u00f3n entre la pieza facial es siempre ligeramente superior que la presi\u00f3n externa, lo cual previene efectivamente la penetraci\u00f3n de gases t\u00f3xicos\/da\u00f1inos para el organismo.<\/p>\n<p>Disponible en 60 min.<\/p>\n<p>Arn\u00e9s de kevlar<\/p>\n<p>Cilindro de fibra de carbono<\/p>\n<\/div>\n<\/div>\n","protected":false},"excerpt":{"rendered":"<p>Descripci\u00f3n Este equipo puede ser utilizado en el \u00e1rea petrolera, qu\u00edmica, metal\u00fargica, el\u00e9ctrica, naval, militar, polic\u00eda, entre otras.\u00a0Para personas que trabajan en ambientes con deficiencia de ox\u00edgeno, con presencia de gases t\u00f3xicos, humos o neblinas pesadas. Mientras se encuentra en funcionamiento, la presi\u00f3n entre la pieza facial es siempre ligeramente superior que la presi\u00f3n externa, &hellip; <a href=\"https:\/\/itemsind.com\/tienda\/producto\/autocontenido-ig-scba-6l\/\" class=\"more-link\">Continue reading <span class=\"screen-reader-text\">Autocontenido &#8211; IG-SCBA-6L<\/span><\/a><\/p>\n","protected":false},"featured_media":17400,"template":"","meta":[],"product_brand":[2379],"product_cat":[1312,2252,2064,1353],"product_tag":[2360],"class_list":{"0":"post-17399","1":"product","2":"type-product","3":"status-publish","4":"has-post-thumbnail","6":"product_brand-apmascarillas","7":"product_cat-contra-incendios","8":"product_cat-equipo","9":"product_cat-proteccion","10":"product_cat-proteccion-respiratoria","11":"product_tag-equipo-de-autocontenido","14":"instock","15":"taxable","16":"shipping-taxable","17":"product-type-simple"},"yoast_head":"<!-- This site is optimized with the Yoast SEO plugin v27.1.1 - https:\/\/yoast.com\/product\/yoast-seo-wordpress\/ -->\n<title>Autocontenido - IG-SCBA-6L - Items Industriales<\/title>\n<meta name=\"robots\" content=\"index, follow, max-snippet:-1, max-image-preview:large, max-video-preview:-1\" \/>\n<link rel=\"canonical\" href=\"https:\/\/itemsind.com\/tienda\/producto\/autocontenido-ig-scba-6l\/\" \/>\n<meta property=\"og:locale\" content=\"es_ES\" \/>\n<meta property=\"og:type\" content=\"article\" \/>\n<meta property=\"og:title\" content=\"Autocontenido - IG-SCBA-6L - Items Industriales\" \/>\n<meta property=\"og:description\" content=\"Descripci\u00f3n Este equipo puede ser utilizado en el \u00e1rea petrolera, qu\u00edmica, metal\u00fargica, el\u00e9ctrica, naval, militar, polic\u00eda, entre otras.\u00a0Para personas que trabajan en ambientes con deficiencia de ox\u00edgeno, con presencia de gases t\u00f3xicos, humos o neblinas pesadas. Mientras se encuentra en funcionamiento, la presi\u00f3n entre la pieza facial es siempre ligeramente superior que la presi\u00f3n externa, &hellip; Continue reading Autocontenido &#8211; IG-SCBA-6L\" \/>\n<meta property=\"og:url\" content=\"https:\/\/itemsind.com\/tienda\/producto\/autocontenido-ig-scba-6l\/\" \/>\n<meta property=\"og:site_name\" content=\"Items Industriales\" \/>\n<meta property=\"article:publisher\" content=\"https:\/\/www.facebook.com\/itemsind\" \/>\n<meta property=\"article:modified_time\" content=\"2026-02-18T21:41:09+00:00\" \/>\n<meta property=\"og:image\" content=\"https:\/\/itemsind.com\/tienda\/wp-content\/uploads\/2026\/02\/C5TbJn8VMAAvbGy.jpg\" \/>\n\t<meta property=\"og:image:width\" content=\"879\" \/>\n\t<meta property=\"og:image:height\" content=\"879\" \/>\n\t<meta property=\"og:image:type\" content=\"image\/jpeg\" \/>\n<meta name=\"twitter:card\" content=\"summary_large_image\" \/>\n<meta name=\"twitter:label1\" content=\"Tiempo de lectura\" \/>\n\t<meta name=\"twitter:data1\" content=\"1 minuto\" \/>\n<script type=\"application\/ld+json\" class=\"yoast-schema-graph\">{\"@context\":\"https:\/\/schema.org\",\"@graph\":[{\"@type\":\"WebPage\",\"@id\":\"https:\/\/itemsind.com\/tienda\/producto\/autocontenido-ig-scba-6l\/\",\"url\":\"https:\/\/itemsind.com\/tienda\/producto\/autocontenido-ig-scba-6l\/\",\"name\":\"Autocontenido - IG-SCBA-6L - Items Industriales\",\"isPartOf\":{\"@id\":\"https:\/\/itemsind.com\/tienda\/#website\"},\"primaryImageOfPage\":{\"@id\":\"https:\/\/itemsind.com\/tienda\/producto\/autocontenido-ig-scba-6l\/#primaryimage\"},\"image\":{\"@id\":\"https:\/\/itemsind.com\/tienda\/producto\/autocontenido-ig-scba-6l\/#primaryimage\"},\"thumbnailUrl\":\"https:\/\/itemsind.com\/tienda\/wp-content\/uploads\/2026\/02\/C5TbJn8VMAAvbGy.jpg\",\"datePublished\":\"2026-02-18T21:41:08+00:00\",\"dateModified\":\"2026-02-18T21:41:09+00:00\",\"breadcrumb\":{\"@id\":\"https:\/\/itemsind.com\/tienda\/producto\/autocontenido-ig-scba-6l\/#breadcrumb\"},\"inLanguage\":\"es\",\"potentialAction\":[{\"@type\":\"ReadAction\",\"target\":[\"https:\/\/itemsind.com\/tienda\/producto\/autocontenido-ig-scba-6l\/\"]}]},{\"@type\":\"ImageObject\",\"inLanguage\":\"es\",\"@id\":\"https:\/\/itemsind.com\/tienda\/producto\/autocontenido-ig-scba-6l\/#primaryimage\",\"url\":\"https:\/\/itemsind.com\/tienda\/wp-content\/uploads\/2026\/02\/C5TbJn8VMAAvbGy.jpg\",\"contentUrl\":\"https:\/\/itemsind.com\/tienda\/wp-content\/uploads\/2026\/02\/C5TbJn8VMAAvbGy.jpg\",\"width\":879,\"height\":879},{\"@type\":\"BreadcrumbList\",\"@id\":\"https:\/\/itemsind.com\/tienda\/producto\/autocontenido-ig-scba-6l\/#breadcrumb\",\"itemListElement\":[{\"@type\":\"ListItem\",\"position\":1,\"name\":\"Portada\",\"item\":\"https:\/\/itemsind.com\/tienda\/\"},{\"@type\":\"ListItem\",\"position\":2,\"name\":\"Tienda\",\"item\":\"https:\/\/itemsind.com\/tienda\/tienda\/\"},{\"@type\":\"ListItem\",\"position\":3,\"name\":\"Autocontenido &#8211; IG-SCBA-6L\"}]},{\"@type\":\"WebSite\",\"@id\":\"https:\/\/itemsind.com\/tienda\/#website\",\"url\":\"https:\/\/itemsind.com\/tienda\/\",\"name\":\"Items Industriales\",\"description\":\"Productos y Servicios para Seguridad Industrial\",\"publisher\":{\"@id\":\"https:\/\/itemsind.com\/tienda\/#organization\"},\"potentialAction\":[{\"@type\":\"SearchAction\",\"target\":{\"@type\":\"EntryPoint\",\"urlTemplate\":\"https:\/\/itemsind.com\/tienda\/?s={search_term_string}\"},\"query-input\":{\"@type\":\"PropertyValueSpecification\",\"valueRequired\":true,\"valueName\":\"search_term_string\"}}],\"inLanguage\":\"es\"},{\"@type\":\"Organization\",\"@id\":\"https:\/\/itemsind.com\/tienda\/#organization\",\"name\":\"Items Industriales\",\"url\":\"https:\/\/itemsind.com\/tienda\/\",\"logo\":{\"@type\":\"ImageObject\",\"inLanguage\":\"es\",\"@id\":\"https:\/\/itemsind.com\/tienda\/#\/schema\/logo\/image\/\",\"url\":\"https:\/\/itemsind.com\/tienda\/wp-content\/uploads\/2023\/11\/items-logo-principal.jpg\",\"contentUrl\":\"https:\/\/itemsind.com\/tienda\/wp-content\/uploads\/2023\/11\/items-logo-principal.jpg\",\"width\":2120,\"height\":793,\"caption\":\"Items Industriales\"},\"image\":{\"@id\":\"https:\/\/itemsind.com\/tienda\/#\/schema\/logo\/image\/\"},\"sameAs\":[\"https:\/\/www.facebook.com\/itemsind\",\"https:\/\/www.instagram.com\/itemsind\/\"]}]}<\/script>\n<!-- \/ Yoast SEO plugin. -->","yoast_head_json":{"title":"Autocontenido - IG-SCBA-6L - Items Industriales","robots":{"index":"index","follow":"follow","max-snippet":"max-snippet:-1","max-image-preview":"max-image-preview:large","max-video-preview":"max-video-preview:-1"},"canonical":"https:\/\/itemsind.com\/tienda\/producto\/autocontenido-ig-scba-6l\/","og_locale":"es_ES","og_type":"article","og_title":"Autocontenido - IG-SCBA-6L - Items Industriales","og_description":"Descripci\u00f3n Este equipo puede ser utilizado en el \u00e1rea petrolera, qu\u00edmica, metal\u00fargica, el\u00e9ctrica, naval, militar, polic\u00eda, entre otras.\u00a0Para personas que trabajan en ambientes con deficiencia de ox\u00edgeno, con presencia de gases t\u00f3xicos, humos o neblinas pesadas. Mientras se encuentra en funcionamiento, la presi\u00f3n entre la pieza facial es siempre ligeramente superior que la presi\u00f3n externa, &hellip; Continue reading Autocontenido &#8211; IG-SCBA-6L","og_url":"https:\/\/itemsind.com\/tienda\/producto\/autocontenido-ig-scba-6l\/","og_site_name":"Items Industriales","article_publisher":"https:\/\/www.facebook.com\/itemsind","article_modified_time":"2026-02-18T21:41:09+00:00","og_image":[{"width":879,"height":879,"url":"https:\/\/itemsind.com\/tienda\/wp-content\/uploads\/2026\/02\/C5TbJn8VMAAvbGy.jpg","type":"image\/jpeg"}],"twitter_card":"summary_large_image","twitter_misc":{"Tiempo de lectura":"1 minuto"},"schema":{"@context":"https:\/\/schema.org","@graph":[{"@type":"WebPage","@id":"https:\/\/itemsind.com\/tienda\/producto\/autocontenido-ig-scba-6l\/","url":"https:\/\/itemsind.com\/tienda\/producto\/autocontenido-ig-scba-6l\/","name":"Autocontenido - IG-SCBA-6L - Items Industriales","isPartOf":{"@id":"https:\/\/itemsind.com\/tienda\/#website"},"primaryImageOfPage":{"@id":"https:\/\/itemsind.com\/tienda\/producto\/autocontenido-ig-scba-6l\/#primaryimage"},"image":{"@id":"https:\/\/itemsind.com\/tienda\/producto\/autocontenido-ig-scba-6l\/#primaryimage"},"thumbnailUrl":"https:\/\/itemsind.com\/tienda\/wp-content\/uploads\/2026\/02\/C5TbJn8VMAAvbGy.jpg","datePublished":"2026-02-18T21:41:08+00:00","dateModified":"2026-02-18T21:41:09+00:00","breadcrumb":{"@id":"https:\/\/itemsind.com\/tienda\/producto\/autocontenido-ig-scba-6l\/#breadcrumb"},"inLanguage":"es","potentialAction":[{"@type":"ReadAction","target":["https:\/\/itemsind.com\/tienda\/producto\/autocontenido-ig-scba-6l\/"]}]},{"@type":"ImageObject","inLanguage":"es","@id":"https:\/\/itemsind.com\/tienda\/producto\/autocontenido-ig-scba-6l\/#primaryimage","url":"https:\/\/itemsind.com\/tienda\/wp-content\/uploads\/2026\/02\/C5TbJn8VMAAvbGy.jpg","contentUrl":"https:\/\/itemsind.com\/tienda\/wp-content\/uploads\/2026\/02\/C5TbJn8VMAAvbGy.jpg","width":879,"height":879},{"@type":"BreadcrumbList","@id":"https:\/\/itemsind.com\/tienda\/producto\/autocontenido-ig-scba-6l\/#breadcrumb","itemListElement":[{"@type":"ListItem","position":1,"name":"Portada","item":"https:\/\/itemsind.com\/tienda\/"},{"@type":"ListItem","position":2,"name":"Tienda","item":"https:\/\/itemsind.com\/tienda\/tienda\/"},{"@type":"ListItem","position":3,"name":"Autocontenido &#8211; IG-SCBA-6L"}]},{"@type":"WebSite","@id":"https:\/\/itemsind.com\/tienda\/#website","url":"https:\/\/itemsind.com\/tienda\/","name":"Items Industriales","description":"Productos y Servicios para Seguridad Industrial","publisher":{"@id":"https:\/\/itemsind.com\/tienda\/#organization"},"potentialAction":[{"@type":"SearchAction","target":{"@type":"EntryPoint","urlTemplate":"https:\/\/itemsind.com\/tienda\/?s={search_term_string}"},"query-input":{"@type":"PropertyValueSpecification","valueRequired":true,"valueName":"search_term_string"}}],"inLanguage":"es"},{"@type":"Organization","@id":"https:\/\/itemsind.com\/tienda\/#organization","name":"Items Industriales","url":"https:\/\/itemsind.com\/tienda\/","logo":{"@type":"ImageObject","inLanguage":"es","@id":"https:\/\/itemsind.com\/tienda\/#\/schema\/logo\/image\/","url":"https:\/\/itemsind.com\/tienda\/wp-content\/uploads\/2023\/11\/items-logo-principal.jpg","contentUrl":"https:\/\/itemsind.com\/tienda\/wp-content\/uploads\/2023\/11\/items-logo-principal.jpg","width":2120,"height":793,"caption":"Items Industriales"},"image":{"@id":"https:\/\/itemsind.com\/tienda\/#\/schema\/logo\/image\/"},"sameAs":["https:\/\/www.facebook.com\/itemsind","https:\/\/www.instagram.com\/itemsind\/"]}]}},"_links":{"self":[{"href":"https:\/\/itemsind.com\/tienda\/wp-json\/wp\/v2\/product\/17399","targetHints":{"allow":["GET"]}}],"collection":[{"href":"https:\/\/itemsind.com\/tienda\/wp-json\/wp\/v2\/product"}],"about":[{"href":"https:\/\/itemsind.com\/tienda\/wp-json\/wp\/v2\/types\/product"}],"wp:featuredmedia":[{"embeddable":true,"href":"https:\/\/itemsind.com\/tienda\/wp-json\/wp\/v2\/media\/17400"}],"wp:attachment":[{"href":"https:\/\/itemsind.com\/tienda\/wp-json\/wp\/v2\/media?parent=17399"}],"wp:term":[{"taxonomy":"product_brand","embeddable":true,"href":"https:\/\/itemsind.com\/tienda\/wp-json\/wp\/v2\/product_brand?post=17399"},{"taxonomy":"product_cat","embeddable":true,"href":"https:\/\/itemsind.com\/tienda\/wp-json\/wp\/v2\/product_cat?post=17399"},{"taxonomy":"product_tag","embeddable":true,"href":"https:\/\/itemsind.com\/tienda\/wp-json\/wp\/v2\/product_tag?post=17399"}],"curies":[{"name":"wp","href":"https:\/\/api.w.org\/{rel}","templated":true}]}}