{"id":17406,"date":"2026-02-18T16:11:31","date_gmt":"2026-02-18T22:11:31","guid":{"rendered":"https:\/\/itemsind.com\/tienda\/?post_type=product&#038;p=17406"},"modified":"2026-02-18T16:11:32","modified_gmt":"2026-02-18T22:11:32","slug":"respirador-n95-m14n95v","status":"publish","type":"product","link":"https:\/\/itemsind.com\/tienda\/producto\/respirador-n95-m14n95v\/","title":{"rendered":"Respirador N95-M14N95V"},"content":{"rendered":"<div class=\"woocommerce-product-details__short-description\">\n<p><strong>Part\u00edculas con aceite (P95) \/ Carb\u00f3n activado (CA) \/ V\u00e1lvula de exhalaci\u00f3n (V)<\/strong><\/p>\n<p>Es un respirador purificador de aire que contiene una combinaci\u00f3n de medio filtrante electroest\u00e1tico de alta tecnolog\u00eda con una eficiencia m\u00ednima del 95%.<br \/>\nMascarilla dise\u00f1ada para retener part\u00edculas y neblinas s\u00f3lidas que contienen aceite, por otro lado cuenta con un filtro de carb\u00f3n activado.<\/p>\n<p>Es un respirador desechable (libre de mantenimiento)<br \/>\n\u2022 Sus el\u00e1sticos no se deforman a altas temperaturas.<br \/>\n\u2022 Permite una respiraci\u00f3n f\u00e1cil y c\u00f3moda.<br \/>\n\u2022 Son muy livianos y no distorsionan la voz.<br \/>\n\u2022 F\u00e1cil de ajustar el rostro debido a su forma anat\u00f3mica y ergon\u00f3mica caracter\u00edstica.<br \/>\n\u2022 Cuenta con un clip nasal pl\u00e1stico que brinda un sello confortable al dorso de la nariz.<br \/>\n\u2022 Gran resistencia a la deformaci\u00f3n ocasionada por la humedad.<br \/>\n\u2022 Se ajusta f\u00e1cilmente debajo de los ojos.<br \/>\n\u2022 Compatibilidad con otros equipos de seguridad.<br \/>\n\u2022 Buena relaci\u00f3n Costo \u2013 Eficiencia.<br \/>\n\u2022 Su v\u00e1lvula de exhalaci\u00f3n proporciona al usuario frescura en el interior del respirador.<br \/>\n\u2022 Cuenta con un filtro de carb\u00f3n activado para vapores org\u00e1nicos y ciertos gases \u00e1cidos en peque\u00f1as concentraciones.<\/p>\n<\/div>\n","protected":false},"excerpt":{"rendered":"<p>Part\u00edculas con aceite (P95) \/ Carb\u00f3n activado (CA) \/ V\u00e1lvula de exhalaci\u00f3n (V) Es un respirador purificador de aire que contiene una combinaci\u00f3n de medio filtrante electroest\u00e1tico de alta tecnolog\u00eda con una eficiencia m\u00ednima del 95%. Mascarilla dise\u00f1ada para retener part\u00edculas y neblinas s\u00f3lidas que contienen aceite, por otro lado cuenta con un filtro de &hellip; <a href=\"https:\/\/itemsind.com\/tienda\/producto\/respirador-n95-m14n95v\/\" class=\"more-link\">Continue reading <span class=\"screen-reader-text\">Respirador N95-M14N95V<\/span><\/a><\/p>\n","protected":false},"featured_media":17407,"template":"","meta":[],"product_brand":[2379],"product_cat":[2064,1353],"product_tag":[1455,1456],"class_list":{"0":"post-17406","1":"product","2":"type-product","3":"status-publish","4":"has-post-thumbnail","6":"product_brand-apmascarillas","7":"product_cat-proteccion","8":"product_cat-proteccion-respiratoria","9":"product_tag-mascarilla","10":"product_tag-respirador","13":"instock","14":"taxable","15":"shipping-taxable","16":"product-type-simple"},"yoast_head":"<!-- This site is optimized with the Yoast SEO plugin v27.1.1 - https:\/\/yoast.com\/product\/yoast-seo-wordpress\/ -->\n<title>Respirador N95-M14N95V - Items Industriales<\/title>\n<meta name=\"robots\" content=\"index, follow, max-snippet:-1, max-image-preview:large, max-video-preview:-1\" \/>\n<link rel=\"canonical\" href=\"https:\/\/itemsind.com\/tienda\/producto\/respirador-n95-m14n95v\/\" \/>\n<meta property=\"og:locale\" content=\"es_ES\" \/>\n<meta property=\"og:type\" content=\"article\" \/>\n<meta property=\"og:title\" content=\"Respirador N95-M14N95V - Items Industriales\" \/>\n<meta property=\"og:description\" content=\"Part\u00edculas con aceite (P95) \/ Carb\u00f3n activado (CA) \/ V\u00e1lvula de exhalaci\u00f3n (V) Es un respirador purificador de aire que contiene una combinaci\u00f3n de medio filtrante electroest\u00e1tico de alta tecnolog\u00eda con una eficiencia m\u00ednima del 95%. Mascarilla dise\u00f1ada para retener part\u00edculas y neblinas s\u00f3lidas que contienen aceite, por otro lado cuenta con un filtro de &hellip; Continue reading Respirador N95-M14N95V\" \/>\n<meta property=\"og:url\" content=\"https:\/\/itemsind.com\/tienda\/producto\/respirador-n95-m14n95v\/\" \/>\n<meta property=\"og:site_name\" content=\"Items Industriales\" \/>\n<meta property=\"article:publisher\" content=\"https:\/\/www.facebook.com\/itemsind\" \/>\n<meta property=\"article:modified_time\" content=\"2026-02-18T22:11:32+00:00\" \/>\n<meta property=\"og:image\" content=\"https:\/\/itemsind.com\/tienda\/wp-content\/uploads\/2026\/02\/ap-m15-v.png\" \/>\n\t<meta property=\"og:image:width\" content=\"450\" \/>\n\t<meta property=\"og:image:height\" content=\"450\" \/>\n\t<meta property=\"og:image:type\" content=\"image\/png\" \/>\n<meta name=\"twitter:card\" content=\"summary_large_image\" \/>\n<meta name=\"twitter:label1\" content=\"Tiempo de lectura\" \/>\n\t<meta name=\"twitter:data1\" content=\"2 minutos\" \/>\n<script type=\"application\/ld+json\" class=\"yoast-schema-graph\">{\"@context\":\"https:\/\/schema.org\",\"@graph\":[{\"@type\":\"WebPage\",\"@id\":\"https:\/\/itemsind.com\/tienda\/producto\/respirador-n95-m14n95v\/\",\"url\":\"https:\/\/itemsind.com\/tienda\/producto\/respirador-n95-m14n95v\/\",\"name\":\"Respirador N95-M14N95V - Items Industriales\",\"isPartOf\":{\"@id\":\"https:\/\/itemsind.com\/tienda\/#website\"},\"primaryImageOfPage\":{\"@id\":\"https:\/\/itemsind.com\/tienda\/producto\/respirador-n95-m14n95v\/#primaryimage\"},\"image\":{\"@id\":\"https:\/\/itemsind.com\/tienda\/producto\/respirador-n95-m14n95v\/#primaryimage\"},\"thumbnailUrl\":\"https:\/\/itemsind.com\/tienda\/wp-content\/uploads\/2026\/02\/ap-m15-v.png\",\"datePublished\":\"2026-02-18T22:11:31+00:00\",\"dateModified\":\"2026-02-18T22:11:32+00:00\",\"breadcrumb\":{\"@id\":\"https:\/\/itemsind.com\/tienda\/producto\/respirador-n95-m14n95v\/#breadcrumb\"},\"inLanguage\":\"es\",\"potentialAction\":[{\"@type\":\"ReadAction\",\"target\":[\"https:\/\/itemsind.com\/tienda\/producto\/respirador-n95-m14n95v\/\"]}]},{\"@type\":\"ImageObject\",\"inLanguage\":\"es\",\"@id\":\"https:\/\/itemsind.com\/tienda\/producto\/respirador-n95-m14n95v\/#primaryimage\",\"url\":\"https:\/\/itemsind.com\/tienda\/wp-content\/uploads\/2026\/02\/ap-m15-v.png\",\"contentUrl\":\"https:\/\/itemsind.com\/tienda\/wp-content\/uploads\/2026\/02\/ap-m15-v.png\",\"width\":450,\"height\":450},{\"@type\":\"BreadcrumbList\",\"@id\":\"https:\/\/itemsind.com\/tienda\/producto\/respirador-n95-m14n95v\/#breadcrumb\",\"itemListElement\":[{\"@type\":\"ListItem\",\"position\":1,\"name\":\"Portada\",\"item\":\"https:\/\/itemsind.com\/tienda\/\"},{\"@type\":\"ListItem\",\"position\":2,\"name\":\"Tienda\",\"item\":\"https:\/\/itemsind.com\/tienda\/tienda\/\"},{\"@type\":\"ListItem\",\"position\":3,\"name\":\"Respirador N95-M14N95V\"}]},{\"@type\":\"WebSite\",\"@id\":\"https:\/\/itemsind.com\/tienda\/#website\",\"url\":\"https:\/\/itemsind.com\/tienda\/\",\"name\":\"Items Industriales\",\"description\":\"Productos y Servicios para Seguridad Industrial\",\"publisher\":{\"@id\":\"https:\/\/itemsind.com\/tienda\/#organization\"},\"potentialAction\":[{\"@type\":\"SearchAction\",\"target\":{\"@type\":\"EntryPoint\",\"urlTemplate\":\"https:\/\/itemsind.com\/tienda\/?s={search_term_string}\"},\"query-input\":{\"@type\":\"PropertyValueSpecification\",\"valueRequired\":true,\"valueName\":\"search_term_string\"}}],\"inLanguage\":\"es\"},{\"@type\":\"Organization\",\"@id\":\"https:\/\/itemsind.com\/tienda\/#organization\",\"name\":\"Items Industriales\",\"url\":\"https:\/\/itemsind.com\/tienda\/\",\"logo\":{\"@type\":\"ImageObject\",\"inLanguage\":\"es\",\"@id\":\"https:\/\/itemsind.com\/tienda\/#\/schema\/logo\/image\/\",\"url\":\"https:\/\/itemsind.com\/tienda\/wp-content\/uploads\/2023\/11\/items-logo-principal.jpg\",\"contentUrl\":\"https:\/\/itemsind.com\/tienda\/wp-content\/uploads\/2023\/11\/items-logo-principal.jpg\",\"width\":2120,\"height\":793,\"caption\":\"Items Industriales\"},\"image\":{\"@id\":\"https:\/\/itemsind.com\/tienda\/#\/schema\/logo\/image\/\"},\"sameAs\":[\"https:\/\/www.facebook.com\/itemsind\",\"https:\/\/www.instagram.com\/itemsind\/\"]}]}<\/script>\n<!-- \/ Yoast SEO plugin. -->","yoast_head_json":{"title":"Respirador N95-M14N95V - Items Industriales","robots":{"index":"index","follow":"follow","max-snippet":"max-snippet:-1","max-image-preview":"max-image-preview:large","max-video-preview":"max-video-preview:-1"},"canonical":"https:\/\/itemsind.com\/tienda\/producto\/respirador-n95-m14n95v\/","og_locale":"es_ES","og_type":"article","og_title":"Respirador N95-M14N95V - Items Industriales","og_description":"Part\u00edculas con aceite (P95) \/ Carb\u00f3n activado (CA) \/ V\u00e1lvula de exhalaci\u00f3n (V) Es un respirador purificador de aire que contiene una combinaci\u00f3n de medio filtrante electroest\u00e1tico de alta tecnolog\u00eda con una eficiencia m\u00ednima del 95%. Mascarilla dise\u00f1ada para retener part\u00edculas y neblinas s\u00f3lidas que contienen aceite, por otro lado cuenta con un filtro de &hellip; Continue reading Respirador N95-M14N95V","og_url":"https:\/\/itemsind.com\/tienda\/producto\/respirador-n95-m14n95v\/","og_site_name":"Items Industriales","article_publisher":"https:\/\/www.facebook.com\/itemsind","article_modified_time":"2026-02-18T22:11:32+00:00","og_image":[{"width":450,"height":450,"url":"https:\/\/itemsind.com\/tienda\/wp-content\/uploads\/2026\/02\/ap-m15-v.png","type":"image\/png"}],"twitter_card":"summary_large_image","twitter_misc":{"Tiempo de lectura":"2 minutos"},"schema":{"@context":"https:\/\/schema.org","@graph":[{"@type":"WebPage","@id":"https:\/\/itemsind.com\/tienda\/producto\/respirador-n95-m14n95v\/","url":"https:\/\/itemsind.com\/tienda\/producto\/respirador-n95-m14n95v\/","name":"Respirador N95-M14N95V - Items Industriales","isPartOf":{"@id":"https:\/\/itemsind.com\/tienda\/#website"},"primaryImageOfPage":{"@id":"https:\/\/itemsind.com\/tienda\/producto\/respirador-n95-m14n95v\/#primaryimage"},"image":{"@id":"https:\/\/itemsind.com\/tienda\/producto\/respirador-n95-m14n95v\/#primaryimage"},"thumbnailUrl":"https:\/\/itemsind.com\/tienda\/wp-content\/uploads\/2026\/02\/ap-m15-v.png","datePublished":"2026-02-18T22:11:31+00:00","dateModified":"2026-02-18T22:11:32+00:00","breadcrumb":{"@id":"https:\/\/itemsind.com\/tienda\/producto\/respirador-n95-m14n95v\/#breadcrumb"},"inLanguage":"es","potentialAction":[{"@type":"ReadAction","target":["https:\/\/itemsind.com\/tienda\/producto\/respirador-n95-m14n95v\/"]}]},{"@type":"ImageObject","inLanguage":"es","@id":"https:\/\/itemsind.com\/tienda\/producto\/respirador-n95-m14n95v\/#primaryimage","url":"https:\/\/itemsind.com\/tienda\/wp-content\/uploads\/2026\/02\/ap-m15-v.png","contentUrl":"https:\/\/itemsind.com\/tienda\/wp-content\/uploads\/2026\/02\/ap-m15-v.png","width":450,"height":450},{"@type":"BreadcrumbList","@id":"https:\/\/itemsind.com\/tienda\/producto\/respirador-n95-m14n95v\/#breadcrumb","itemListElement":[{"@type":"ListItem","position":1,"name":"Portada","item":"https:\/\/itemsind.com\/tienda\/"},{"@type":"ListItem","position":2,"name":"Tienda","item":"https:\/\/itemsind.com\/tienda\/tienda\/"},{"@type":"ListItem","position":3,"name":"Respirador N95-M14N95V"}]},{"@type":"WebSite","@id":"https:\/\/itemsind.com\/tienda\/#website","url":"https:\/\/itemsind.com\/tienda\/","name":"Items Industriales","description":"Productos y Servicios para Seguridad Industrial","publisher":{"@id":"https:\/\/itemsind.com\/tienda\/#organization"},"potentialAction":[{"@type":"SearchAction","target":{"@type":"EntryPoint","urlTemplate":"https:\/\/itemsind.com\/tienda\/?s={search_term_string}"},"query-input":{"@type":"PropertyValueSpecification","valueRequired":true,"valueName":"search_term_string"}}],"inLanguage":"es"},{"@type":"Organization","@id":"https:\/\/itemsind.com\/tienda\/#organization","name":"Items Industriales","url":"https:\/\/itemsind.com\/tienda\/","logo":{"@type":"ImageObject","inLanguage":"es","@id":"https:\/\/itemsind.com\/tienda\/#\/schema\/logo\/image\/","url":"https:\/\/itemsind.com\/tienda\/wp-content\/uploads\/2023\/11\/items-logo-principal.jpg","contentUrl":"https:\/\/itemsind.com\/tienda\/wp-content\/uploads\/2023\/11\/items-logo-principal.jpg","width":2120,"height":793,"caption":"Items Industriales"},"image":{"@id":"https:\/\/itemsind.com\/tienda\/#\/schema\/logo\/image\/"},"sameAs":["https:\/\/www.facebook.com\/itemsind","https:\/\/www.instagram.com\/itemsind\/"]}]}},"_links":{"self":[{"href":"https:\/\/itemsind.com\/tienda\/wp-json\/wp\/v2\/product\/17406","targetHints":{"allow":["GET"]}}],"collection":[{"href":"https:\/\/itemsind.com\/tienda\/wp-json\/wp\/v2\/product"}],"about":[{"href":"https:\/\/itemsind.com\/tienda\/wp-json\/wp\/v2\/types\/product"}],"wp:featuredmedia":[{"embeddable":true,"href":"https:\/\/itemsind.com\/tienda\/wp-json\/wp\/v2\/media\/17407"}],"wp:attachment":[{"href":"https:\/\/itemsind.com\/tienda\/wp-json\/wp\/v2\/media?parent=17406"}],"wp:term":[{"taxonomy":"product_brand","embeddable":true,"href":"https:\/\/itemsind.com\/tienda\/wp-json\/wp\/v2\/product_brand?post=17406"},{"taxonomy":"product_cat","embeddable":true,"href":"https:\/\/itemsind.com\/tienda\/wp-json\/wp\/v2\/product_cat?post=17406"},{"taxonomy":"product_tag","embeddable":true,"href":"https:\/\/itemsind.com\/tienda\/wp-json\/wp\/v2\/product_tag?post=17406"}],"curies":[{"name":"wp","href":"https:\/\/api.w.org\/{rel}","templated":true}]}}