{"id":17432,"date":"2026-02-20T11:38:32","date_gmt":"2026-02-20T17:38:32","guid":{"rendered":"https:\/\/itemsind.com\/tienda\/?post_type=product&#038;p=17432"},"modified":"2026-02-20T11:39:55","modified_gmt":"2026-02-20T17:39:55","slug":"lente-artic-elite-para-interiores-y-exteriores-con-proteccion-uv400","status":"publish","type":"product","link":"https:\/\/itemsind.com\/tienda\/producto\/lente-artic-elite-para-interiores-y-exteriores-con-proteccion-uv400\/","title":{"rendered":"Lente Artic Elite para interiores y exteriores, con protecci\u00f3n UV400"},"content":{"rendered":"<p class=\"product-name mt-0 d-lg-block d-none\">Los lentes de seguridad Arctic\u2122 Elite ofrecen\u00a0protecci\u00f3n contra part\u00edculas, polvo y salpicaduras de productos qu\u00edmicos.<\/p>\n<p class=\"product-name mt-0 d-lg-block d-none\">Adem\u00e1s ofrecen:<\/p>\n<ul>\n<li>Dise\u00f1o de lente dual en una sola pieza<\/li>\n<li>Frente unitario de lente dual, estrecho, base curveada de 9.5, ofrece visi\u00f3n amplia y sin obstruir<\/li>\n<li>Patillas de co-inyecci\u00f3n proporcionan m\u00e1xima comodidad al usuario<\/li>\n<li>Puente nasal suave, previene el deslizamiento mientras proporciona un ajuste c\u00f3modo y suave<\/li>\n<li>Resistente a rayones, recubrimiento duro, lente de policarbonato 100%<\/li>\n<li>El lente dorado in \/ out cuenta con UV 400<\/li>\n<\/ul>\n<p>&nbsp;<\/p>\n<h4><strong>Informaci\u00f3n t\u00e9cnica:\u00a0<\/strong><\/h4>\n<table>\n<tbody>\n<tr>\n<td>Tama\u00f1o<\/td>\n<td>Universal<\/td>\n<\/tr>\n<\/tbody>\n<tbody>\n<tr>\n<td>Mica<\/td>\n<td>Dorada (Protecci\u00f3n UV 400)<\/td>\n<\/tr>\n<\/tbody>\n<tbody>\n<tr>\n<td>Certificaciones<\/td>\n<td>ANSI<br \/>\nISEA<br \/>\nEN<\/td>\n<\/tr>\n<\/tbody>\n<tbody>\n<tr>\n<td>Aplicaciones<\/td>\n<td>Pintura<br \/>\nIndustria Alimenticia<\/td>\n<\/tr>\n<\/tbody>\n<\/table>\n","protected":false},"excerpt":{"rendered":"<p>Los lentes de seguridad Arctic\u2122 Elite ofrecen\u00a0protecci\u00f3n contra part\u00edculas, polvo y salpicaduras de productos qu\u00edmicos. Adem\u00e1s ofrecen: Dise\u00f1o de lente dual en una sola pieza Frente unitario de lente dual, estrecho, base curveada de 9.5, ofrece visi\u00f3n amplia y sin obstruir Patillas de co-inyecci\u00f3n proporcionan m\u00e1xima comodidad al usuario Puente nasal suave, previene el deslizamiento &hellip; <a href=\"https:\/\/itemsind.com\/tienda\/producto\/lente-artic-elite-para-interiores-y-exteriores-con-proteccion-uv400\/\" class=\"more-link\">Continue reading <span class=\"screen-reader-text\">Lente Artic Elite para interiores y exteriores, con protecci\u00f3n UV400<\/span><\/a><\/p>\n","protected":false},"featured_media":17433,"template":"","meta":[],"product_brand":[2359],"product_cat":[1370,2064],"product_tag":[2385,2387],"class_list":{"0":"post-17432","1":"product","2":"type-product","3":"status-publish","4":"has-post-thumbnail","6":"product_brand-msa","7":"product_cat-proteccion-facial-visual","8":"product_cat-proteccion","9":"product_tag-gafas-de-seguridad","10":"product_tag-lentes","13":"instock","14":"taxable","15":"shipping-taxable","16":"product-type-simple"},"yoast_head":"<!-- This site is optimized with the Yoast SEO plugin v27.1.1 - https:\/\/yoast.com\/product\/yoast-seo-wordpress\/ -->\n<title>Lente Artic Elite para interiores y exteriores, con protecci\u00f3n UV400 - Items Industriales<\/title>\n<meta name=\"robots\" content=\"index, follow, max-snippet:-1, max-image-preview:large, max-video-preview:-1\" \/>\n<link rel=\"canonical\" href=\"https:\/\/itemsind.com\/tienda\/producto\/lente-artic-elite-para-interiores-y-exteriores-con-proteccion-uv400\/\" \/>\n<meta property=\"og:locale\" content=\"es_ES\" \/>\n<meta property=\"og:type\" content=\"article\" \/>\n<meta property=\"og:title\" content=\"Lente Artic Elite para interiores y exteriores, con protecci\u00f3n UV400 - Items Industriales\" \/>\n<meta property=\"og:description\" content=\"Los lentes de seguridad Arctic\u2122 Elite ofrecen\u00a0protecci\u00f3n contra part\u00edculas, polvo y salpicaduras de productos qu\u00edmicos. Adem\u00e1s ofrecen: Dise\u00f1o de lente dual en una sola pieza Frente unitario de lente dual, estrecho, base curveada de 9.5, ofrece visi\u00f3n amplia y sin obstruir Patillas de co-inyecci\u00f3n proporcionan m\u00e1xima comodidad al usuario Puente nasal suave, previene el deslizamiento &hellip; Continue reading Lente Artic Elite para interiores y exteriores, con protecci\u00f3n UV400\" \/>\n<meta property=\"og:url\" content=\"https:\/\/itemsind.com\/tienda\/producto\/lente-artic-elite-para-interiores-y-exteriores-con-proteccion-uv400\/\" \/>\n<meta property=\"og:site_name\" content=\"Items Industriales\" \/>\n<meta property=\"article:publisher\" content=\"https:\/\/www.facebook.com\/itemsind\" \/>\n<meta property=\"article:modified_time\" content=\"2026-02-20T17:39:55+00:00\" \/>\n<meta property=\"og:image\" content=\"https:\/\/itemsind.com\/tienda\/wp-content\/uploads\/2026\/02\/10059671.webp\" \/>\n\t<meta property=\"og:image:width\" content=\"1800\" \/>\n\t<meta property=\"og:image:height\" content=\"1800\" \/>\n\t<meta property=\"og:image:type\" content=\"image\/webp\" \/>\n<meta name=\"twitter:card\" content=\"summary_large_image\" \/>\n<meta name=\"twitter:label1\" content=\"Tiempo de lectura\" \/>\n\t<meta name=\"twitter:data1\" content=\"1 minuto\" \/>\n<script type=\"application\/ld+json\" class=\"yoast-schema-graph\">{\"@context\":\"https:\/\/schema.org\",\"@graph\":[{\"@type\":\"WebPage\",\"@id\":\"https:\/\/itemsind.com\/tienda\/producto\/lente-artic-elite-para-interiores-y-exteriores-con-proteccion-uv400\/\",\"url\":\"https:\/\/itemsind.com\/tienda\/producto\/lente-artic-elite-para-interiores-y-exteriores-con-proteccion-uv400\/\",\"name\":\"Lente Artic Elite para interiores y exteriores, con protecci\u00f3n UV400 - Items Industriales\",\"isPartOf\":{\"@id\":\"https:\/\/itemsind.com\/tienda\/#website\"},\"primaryImageOfPage\":{\"@id\":\"https:\/\/itemsind.com\/tienda\/producto\/lente-artic-elite-para-interiores-y-exteriores-con-proteccion-uv400\/#primaryimage\"},\"image\":{\"@id\":\"https:\/\/itemsind.com\/tienda\/producto\/lente-artic-elite-para-interiores-y-exteriores-con-proteccion-uv400\/#primaryimage\"},\"thumbnailUrl\":\"https:\/\/itemsind.com\/tienda\/wp-content\/uploads\/2026\/02\/10059671.webp\",\"datePublished\":\"2026-02-20T17:38:32+00:00\",\"dateModified\":\"2026-02-20T17:39:55+00:00\",\"breadcrumb\":{\"@id\":\"https:\/\/itemsind.com\/tienda\/producto\/lente-artic-elite-para-interiores-y-exteriores-con-proteccion-uv400\/#breadcrumb\"},\"inLanguage\":\"es\",\"potentialAction\":[{\"@type\":\"ReadAction\",\"target\":[\"https:\/\/itemsind.com\/tienda\/producto\/lente-artic-elite-para-interiores-y-exteriores-con-proteccion-uv400\/\"]}]},{\"@type\":\"ImageObject\",\"inLanguage\":\"es\",\"@id\":\"https:\/\/itemsind.com\/tienda\/producto\/lente-artic-elite-para-interiores-y-exteriores-con-proteccion-uv400\/#primaryimage\",\"url\":\"https:\/\/itemsind.com\/tienda\/wp-content\/uploads\/2026\/02\/10059671.webp\",\"contentUrl\":\"https:\/\/itemsind.com\/tienda\/wp-content\/uploads\/2026\/02\/10059671.webp\",\"width\":1800,\"height\":1800},{\"@type\":\"BreadcrumbList\",\"@id\":\"https:\/\/itemsind.com\/tienda\/producto\/lente-artic-elite-para-interiores-y-exteriores-con-proteccion-uv400\/#breadcrumb\",\"itemListElement\":[{\"@type\":\"ListItem\",\"position\":1,\"name\":\"Portada\",\"item\":\"https:\/\/itemsind.com\/tienda\/\"},{\"@type\":\"ListItem\",\"position\":2,\"name\":\"Tienda\",\"item\":\"https:\/\/itemsind.com\/tienda\/tienda\/\"},{\"@type\":\"ListItem\",\"position\":3,\"name\":\"Lente Artic Elite para interiores y exteriores, con protecci\u00f3n UV400\"}]},{\"@type\":\"WebSite\",\"@id\":\"https:\/\/itemsind.com\/tienda\/#website\",\"url\":\"https:\/\/itemsind.com\/tienda\/\",\"name\":\"Items Industriales\",\"description\":\"Productos y Servicios para Seguridad Industrial\",\"publisher\":{\"@id\":\"https:\/\/itemsind.com\/tienda\/#organization\"},\"potentialAction\":[{\"@type\":\"SearchAction\",\"target\":{\"@type\":\"EntryPoint\",\"urlTemplate\":\"https:\/\/itemsind.com\/tienda\/?s={search_term_string}\"},\"query-input\":{\"@type\":\"PropertyValueSpecification\",\"valueRequired\":true,\"valueName\":\"search_term_string\"}}],\"inLanguage\":\"es\"},{\"@type\":\"Organization\",\"@id\":\"https:\/\/itemsind.com\/tienda\/#organization\",\"name\":\"Items Industriales\",\"url\":\"https:\/\/itemsind.com\/tienda\/\",\"logo\":{\"@type\":\"ImageObject\",\"inLanguage\":\"es\",\"@id\":\"https:\/\/itemsind.com\/tienda\/#\/schema\/logo\/image\/\",\"url\":\"https:\/\/itemsind.com\/tienda\/wp-content\/uploads\/2023\/11\/items-logo-principal.jpg\",\"contentUrl\":\"https:\/\/itemsind.com\/tienda\/wp-content\/uploads\/2023\/11\/items-logo-principal.jpg\",\"width\":2120,\"height\":793,\"caption\":\"Items Industriales\"},\"image\":{\"@id\":\"https:\/\/itemsind.com\/tienda\/#\/schema\/logo\/image\/\"},\"sameAs\":[\"https:\/\/www.facebook.com\/itemsind\",\"https:\/\/www.instagram.com\/itemsind\/\"]}]}<\/script>\n<!-- \/ Yoast SEO plugin. -->","yoast_head_json":{"title":"Lente Artic Elite para interiores y exteriores, con protecci\u00f3n UV400 - Items Industriales","robots":{"index":"index","follow":"follow","max-snippet":"max-snippet:-1","max-image-preview":"max-image-preview:large","max-video-preview":"max-video-preview:-1"},"canonical":"https:\/\/itemsind.com\/tienda\/producto\/lente-artic-elite-para-interiores-y-exteriores-con-proteccion-uv400\/","og_locale":"es_ES","og_type":"article","og_title":"Lente Artic Elite para interiores y exteriores, con protecci\u00f3n UV400 - Items Industriales","og_description":"Los lentes de seguridad Arctic\u2122 Elite ofrecen\u00a0protecci\u00f3n contra part\u00edculas, polvo y salpicaduras de productos qu\u00edmicos. Adem\u00e1s ofrecen: Dise\u00f1o de lente dual en una sola pieza Frente unitario de lente dual, estrecho, base curveada de 9.5, ofrece visi\u00f3n amplia y sin obstruir Patillas de co-inyecci\u00f3n proporcionan m\u00e1xima comodidad al usuario Puente nasal suave, previene el deslizamiento &hellip; Continue reading Lente Artic Elite para interiores y exteriores, con protecci\u00f3n UV400","og_url":"https:\/\/itemsind.com\/tienda\/producto\/lente-artic-elite-para-interiores-y-exteriores-con-proteccion-uv400\/","og_site_name":"Items Industriales","article_publisher":"https:\/\/www.facebook.com\/itemsind","article_modified_time":"2026-02-20T17:39:55+00:00","og_image":[{"width":1800,"height":1800,"url":"https:\/\/itemsind.com\/tienda\/wp-content\/uploads\/2026\/02\/10059671.webp","type":"image\/webp"}],"twitter_card":"summary_large_image","twitter_misc":{"Tiempo de lectura":"1 minuto"},"schema":{"@context":"https:\/\/schema.org","@graph":[{"@type":"WebPage","@id":"https:\/\/itemsind.com\/tienda\/producto\/lente-artic-elite-para-interiores-y-exteriores-con-proteccion-uv400\/","url":"https:\/\/itemsind.com\/tienda\/producto\/lente-artic-elite-para-interiores-y-exteriores-con-proteccion-uv400\/","name":"Lente Artic Elite para interiores y exteriores, con protecci\u00f3n UV400 - Items Industriales","isPartOf":{"@id":"https:\/\/itemsind.com\/tienda\/#website"},"primaryImageOfPage":{"@id":"https:\/\/itemsind.com\/tienda\/producto\/lente-artic-elite-para-interiores-y-exteriores-con-proteccion-uv400\/#primaryimage"},"image":{"@id":"https:\/\/itemsind.com\/tienda\/producto\/lente-artic-elite-para-interiores-y-exteriores-con-proteccion-uv400\/#primaryimage"},"thumbnailUrl":"https:\/\/itemsind.com\/tienda\/wp-content\/uploads\/2026\/02\/10059671.webp","datePublished":"2026-02-20T17:38:32+00:00","dateModified":"2026-02-20T17:39:55+00:00","breadcrumb":{"@id":"https:\/\/itemsind.com\/tienda\/producto\/lente-artic-elite-para-interiores-y-exteriores-con-proteccion-uv400\/#breadcrumb"},"inLanguage":"es","potentialAction":[{"@type":"ReadAction","target":["https:\/\/itemsind.com\/tienda\/producto\/lente-artic-elite-para-interiores-y-exteriores-con-proteccion-uv400\/"]}]},{"@type":"ImageObject","inLanguage":"es","@id":"https:\/\/itemsind.com\/tienda\/producto\/lente-artic-elite-para-interiores-y-exteriores-con-proteccion-uv400\/#primaryimage","url":"https:\/\/itemsind.com\/tienda\/wp-content\/uploads\/2026\/02\/10059671.webp","contentUrl":"https:\/\/itemsind.com\/tienda\/wp-content\/uploads\/2026\/02\/10059671.webp","width":1800,"height":1800},{"@type":"BreadcrumbList","@id":"https:\/\/itemsind.com\/tienda\/producto\/lente-artic-elite-para-interiores-y-exteriores-con-proteccion-uv400\/#breadcrumb","itemListElement":[{"@type":"ListItem","position":1,"name":"Portada","item":"https:\/\/itemsind.com\/tienda\/"},{"@type":"ListItem","position":2,"name":"Tienda","item":"https:\/\/itemsind.com\/tienda\/tienda\/"},{"@type":"ListItem","position":3,"name":"Lente Artic Elite para interiores y exteriores, con protecci\u00f3n UV400"}]},{"@type":"WebSite","@id":"https:\/\/itemsind.com\/tienda\/#website","url":"https:\/\/itemsind.com\/tienda\/","name":"Items Industriales","description":"Productos y Servicios para Seguridad Industrial","publisher":{"@id":"https:\/\/itemsind.com\/tienda\/#organization"},"potentialAction":[{"@type":"SearchAction","target":{"@type":"EntryPoint","urlTemplate":"https:\/\/itemsind.com\/tienda\/?s={search_term_string}"},"query-input":{"@type":"PropertyValueSpecification","valueRequired":true,"valueName":"search_term_string"}}],"inLanguage":"es"},{"@type":"Organization","@id":"https:\/\/itemsind.com\/tienda\/#organization","name":"Items Industriales","url":"https:\/\/itemsind.com\/tienda\/","logo":{"@type":"ImageObject","inLanguage":"es","@id":"https:\/\/itemsind.com\/tienda\/#\/schema\/logo\/image\/","url":"https:\/\/itemsind.com\/tienda\/wp-content\/uploads\/2023\/11\/items-logo-principal.jpg","contentUrl":"https:\/\/itemsind.com\/tienda\/wp-content\/uploads\/2023\/11\/items-logo-principal.jpg","width":2120,"height":793,"caption":"Items Industriales"},"image":{"@id":"https:\/\/itemsind.com\/tienda\/#\/schema\/logo\/image\/"},"sameAs":["https:\/\/www.facebook.com\/itemsind","https:\/\/www.instagram.com\/itemsind\/"]}]}},"_links":{"self":[{"href":"https:\/\/itemsind.com\/tienda\/wp-json\/wp\/v2\/product\/17432","targetHints":{"allow":["GET"]}}],"collection":[{"href":"https:\/\/itemsind.com\/tienda\/wp-json\/wp\/v2\/product"}],"about":[{"href":"https:\/\/itemsind.com\/tienda\/wp-json\/wp\/v2\/types\/product"}],"wp:featuredmedia":[{"embeddable":true,"href":"https:\/\/itemsind.com\/tienda\/wp-json\/wp\/v2\/media\/17433"}],"wp:attachment":[{"href":"https:\/\/itemsind.com\/tienda\/wp-json\/wp\/v2\/media?parent=17432"}],"wp:term":[{"taxonomy":"product_brand","embeddable":true,"href":"https:\/\/itemsind.com\/tienda\/wp-json\/wp\/v2\/product_brand?post=17432"},{"taxonomy":"product_cat","embeddable":true,"href":"https:\/\/itemsind.com\/tienda\/wp-json\/wp\/v2\/product_cat?post=17432"},{"taxonomy":"product_tag","embeddable":true,"href":"https:\/\/itemsind.com\/tienda\/wp-json\/wp\/v2\/product_tag?post=17432"}],"curies":[{"name":"wp","href":"https:\/\/api.w.org\/{rel}","templated":true}]}}