{"id":17436,"date":"2026-02-20T11:57:59","date_gmt":"2026-02-20T17:57:59","guid":{"rendered":"https:\/\/itemsind.com\/tienda\/?post_type=product&#038;p=17436"},"modified":"2026-02-20T11:58:19","modified_gmt":"2026-02-20T17:58:19","slug":"arnes-gravity-coated-web-tipo-chaleco-anillo-en-d-trasero-correas-para-piernas-con-hebilla-de-lengueta-estandar-std-amarillo","status":"publish","type":"product","link":"https:\/\/itemsind.com\/tienda\/producto\/arnes-gravity-coated-web-tipo-chaleco-anillo-en-d-trasero-correas-para-piernas-con-hebilla-de-lengueta-estandar-std-amarillo\/","title":{"rendered":"Arn\u00e9s Gravity COATED WEB, tipo chaleco, anillo en D TRASERO, correas para piernas con hebilla de leng\u00fceta, est\u00e1ndar (STD), amarillo"},"content":{"rendered":"<div class=\"pdp-redesign-table-column\">\n<div class=\"pdp-redesign-table-row\">\n<div><strong><span dir=\"auto\">Aprobaciones \/ Normas<\/span><\/strong><\/div>\n<div>\n<div><span dir=\"auto\">Norma ANSI Z359<\/span><\/div>\n<div><span dir=\"auto\">CSA Z259<\/span><\/div>\n<\/div>\n<\/div>\n<\/div>\n<div class=\"pdp-redesign-table-column\">\n<div class=\"pdp-redesign-table-row\">\n<div><strong><span dir=\"auto\">Color<\/span><\/strong><\/div>\n<div>\n<div><span dir=\"auto\">AMARILLO<\/span><\/div>\n<\/div>\n<\/div>\n<\/div>\n<div class=\"pdp-redesign-table-column\">\n<div class=\"pdp-redesign-table-row\">\n<div><strong><span dir=\"auto\">Altura<\/span><\/strong><\/div>\n<div>\n<div><span dir=\"auto\">8.071 PULGADAS (205.000 MM)<\/span><\/div>\n<\/div>\n<\/div>\n<\/div>\n<div class=\"pdp-redesign-table-column\">\n<div class=\"pdp-redesign-table-row\">\n<div><strong><span dir=\"auto\">Longitud<\/span><\/strong><\/div>\n<div>\n<div><span dir=\"auto\">23.307 PULGADAS (592.000 MM)<\/span><\/div>\n<\/div>\n<\/div>\n<\/div>\n<div class=\"pdp-redesign-table-column\">\n<div class=\"pdp-redesign-table-row\">\n<div><strong><span dir=\"auto\">Tama\u00f1o<\/span><\/strong><\/div>\n<div>\n<div><span dir=\"auto\">EST\u00c1NDAR<\/span><\/div>\n<\/div>\n<\/div>\n<\/div>\n<div class=\"pdp-redesign-table-column\">\n<div class=\"pdp-redesign-table-row\">\n<div><strong><span dir=\"auto\">Peso<\/span><\/strong><\/div>\n<div>\n<div><span dir=\"auto\">4,242 libras (1,924 kg)<\/span><\/div>\n<\/div>\n<\/div>\n<\/div>\n<div class=\"pdp-redesign-table-column\">\n<div class=\"pdp-redesign-table-row\">\n<div><strong><span dir=\"auto\">Ancho<\/span><\/strong><\/div>\n<div>\n<div><span dir=\"auto\">16,929 pulgadas (430,000 mm)<\/span><\/div>\n<\/div>\n<\/div>\n<\/div>\n","protected":false},"excerpt":{"rendered":"<p>Aprobaciones \/ Normas Norma ANSI Z359 CSA Z259 Color AMARILLO Altura 8.071 PULGADAS (205.000 MM) Longitud 23.307 PULGADAS (592.000 MM) Tama\u00f1o EST\u00c1NDAR Peso 4,242 libras (1,924 kg) Ancho 16,929 pulgadas (430,000 mm)<\/p>\n","protected":false},"featured_media":17437,"template":"","meta":[],"product_brand":[2359],"product_cat":[2252,1311],"product_tag":[1767],"class_list":{"0":"post-17436","1":"product","2":"type-product","3":"status-publish","4":"has-post-thumbnail","6":"product_brand-msa","7":"product_cat-equipo","8":"product_cat-trabajo-alturas","9":"product_tag-arnes","12":"instock","13":"taxable","14":"shipping-taxable","15":"product-type-simple"},"yoast_head":"<!-- This site is optimized with the Yoast SEO plugin v27.1.1 - https:\/\/yoast.com\/product\/yoast-seo-wordpress\/ -->\n<title>Arn\u00e9s Gravity COATED WEB, tipo chaleco, anillo en D TRASERO, correas para piernas con hebilla de leng\u00fceta, est\u00e1ndar (STD), amarillo - Items Industriales<\/title>\n<meta name=\"robots\" content=\"index, follow, max-snippet:-1, max-image-preview:large, max-video-preview:-1\" \/>\n<link rel=\"canonical\" href=\"https:\/\/itemsind.com\/tienda\/producto\/arnes-gravity-coated-web-tipo-chaleco-anillo-en-d-trasero-correas-para-piernas-con-hebilla-de-lengueta-estandar-std-amarillo\/\" \/>\n<meta property=\"og:locale\" content=\"es_ES\" \/>\n<meta property=\"og:type\" content=\"article\" \/>\n<meta property=\"og:title\" content=\"Arn\u00e9s Gravity COATED WEB, tipo chaleco, anillo en D TRASERO, correas para piernas con hebilla de leng\u00fceta, est\u00e1ndar (STD), amarillo - Items Industriales\" \/>\n<meta property=\"og:description\" content=\"Aprobaciones \/ Normas Norma ANSI Z359 CSA Z259 Color AMARILLO Altura 8.071 PULGADAS (205.000 MM) Longitud 23.307 PULGADAS (592.000 MM) Tama\u00f1o EST\u00c1NDAR Peso 4,242 libras (1,924 kg) Ancho 16,929 pulgadas (430,000 mm)\" \/>\n<meta property=\"og:url\" content=\"https:\/\/itemsind.com\/tienda\/producto\/arnes-gravity-coated-web-tipo-chaleco-anillo-en-d-trasero-correas-para-piernas-con-hebilla-de-lengueta-estandar-std-amarillo\/\" \/>\n<meta property=\"og:site_name\" content=\"Items Industriales\" \/>\n<meta property=\"article:publisher\" content=\"https:\/\/www.facebook.com\/itemsind\" \/>\n<meta property=\"article:modified_time\" content=\"2026-02-20T17:58:19+00:00\" \/>\n<meta name=\"twitter:card\" content=\"summary_large_image\" \/>\n<meta name=\"twitter:label1\" content=\"Tiempo de lectura\" \/>\n\t<meta name=\"twitter:data1\" content=\"1 minuto\" \/>\n<script type=\"application\/ld+json\" class=\"yoast-schema-graph\">{\"@context\":\"https:\/\/schema.org\",\"@graph\":[{\"@type\":\"WebPage\",\"@id\":\"https:\/\/itemsind.com\/tienda\/producto\/arnes-gravity-coated-web-tipo-chaleco-anillo-en-d-trasero-correas-para-piernas-con-hebilla-de-lengueta-estandar-std-amarillo\/\",\"url\":\"https:\/\/itemsind.com\/tienda\/producto\/arnes-gravity-coated-web-tipo-chaleco-anillo-en-d-trasero-correas-para-piernas-con-hebilla-de-lengueta-estandar-std-amarillo\/\",\"name\":\"Arn\u00e9s Gravity COATED WEB, tipo chaleco, anillo en D TRASERO, correas para piernas con hebilla de leng\u00fceta, est\u00e1ndar (STD), amarillo - Items Industriales\",\"isPartOf\":{\"@id\":\"https:\/\/itemsind.com\/tienda\/#website\"},\"primaryImageOfPage\":{\"@id\":\"https:\/\/itemsind.com\/tienda\/producto\/arnes-gravity-coated-web-tipo-chaleco-anillo-en-d-trasero-correas-para-piernas-con-hebilla-de-lengueta-estandar-std-amarillo\/#primaryimage\"},\"image\":{\"@id\":\"https:\/\/itemsind.com\/tienda\/producto\/arnes-gravity-coated-web-tipo-chaleco-anillo-en-d-trasero-correas-para-piernas-con-hebilla-de-lengueta-estandar-std-amarillo\/#primaryimage\"},\"thumbnailUrl\":\"https:\/\/itemsind.com\/tienda\/wp-content\/uploads\/2026\/02\/Gravity-COATED-WEB-Harness-Vest-Type-BACK-D-ring-Tongue-Buckle-leg-straps-Standard-STD-Yellow.avif\",\"datePublished\":\"2026-02-20T17:57:59+00:00\",\"dateModified\":\"2026-02-20T17:58:19+00:00\",\"breadcrumb\":{\"@id\":\"https:\/\/itemsind.com\/tienda\/producto\/arnes-gravity-coated-web-tipo-chaleco-anillo-en-d-trasero-correas-para-piernas-con-hebilla-de-lengueta-estandar-std-amarillo\/#breadcrumb\"},\"inLanguage\":\"es\",\"potentialAction\":[{\"@type\":\"ReadAction\",\"target\":[\"https:\/\/itemsind.com\/tienda\/producto\/arnes-gravity-coated-web-tipo-chaleco-anillo-en-d-trasero-correas-para-piernas-con-hebilla-de-lengueta-estandar-std-amarillo\/\"]}]},{\"@type\":\"ImageObject\",\"inLanguage\":\"es\",\"@id\":\"https:\/\/itemsind.com\/tienda\/producto\/arnes-gravity-coated-web-tipo-chaleco-anillo-en-d-trasero-correas-para-piernas-con-hebilla-de-lengueta-estandar-std-amarillo\/#primaryimage\",\"url\":\"https:\/\/itemsind.com\/tienda\/wp-content\/uploads\/2026\/02\/Gravity-COATED-WEB-Harness-Vest-Type-BACK-D-ring-Tongue-Buckle-leg-straps-Standard-STD-Yellow.avif\",\"contentUrl\":\"https:\/\/itemsind.com\/tienda\/wp-content\/uploads\/2026\/02\/Gravity-COATED-WEB-Harness-Vest-Type-BACK-D-ring-Tongue-Buckle-leg-straps-Standard-STD-Yellow.avif\",\"width\":500,\"height\":500},{\"@type\":\"BreadcrumbList\",\"@id\":\"https:\/\/itemsind.com\/tienda\/producto\/arnes-gravity-coated-web-tipo-chaleco-anillo-en-d-trasero-correas-para-piernas-con-hebilla-de-lengueta-estandar-std-amarillo\/#breadcrumb\",\"itemListElement\":[{\"@type\":\"ListItem\",\"position\":1,\"name\":\"Portada\",\"item\":\"https:\/\/itemsind.com\/tienda\/\"},{\"@type\":\"ListItem\",\"position\":2,\"name\":\"Tienda\",\"item\":\"https:\/\/itemsind.com\/tienda\/tienda\/\"},{\"@type\":\"ListItem\",\"position\":3,\"name\":\"Arn\u00e9s Gravity COATED WEB, tipo chaleco, anillo en D TRASERO, correas para piernas con hebilla de leng\u00fceta, est\u00e1ndar (STD), amarillo\"}]},{\"@type\":\"WebSite\",\"@id\":\"https:\/\/itemsind.com\/tienda\/#website\",\"url\":\"https:\/\/itemsind.com\/tienda\/\",\"name\":\"Items Industriales\",\"description\":\"Productos y Servicios para Seguridad Industrial\",\"publisher\":{\"@id\":\"https:\/\/itemsind.com\/tienda\/#organization\"},\"potentialAction\":[{\"@type\":\"SearchAction\",\"target\":{\"@type\":\"EntryPoint\",\"urlTemplate\":\"https:\/\/itemsind.com\/tienda\/?s={search_term_string}\"},\"query-input\":{\"@type\":\"PropertyValueSpecification\",\"valueRequired\":true,\"valueName\":\"search_term_string\"}}],\"inLanguage\":\"es\"},{\"@type\":\"Organization\",\"@id\":\"https:\/\/itemsind.com\/tienda\/#organization\",\"name\":\"Items Industriales\",\"url\":\"https:\/\/itemsind.com\/tienda\/\",\"logo\":{\"@type\":\"ImageObject\",\"inLanguage\":\"es\",\"@id\":\"https:\/\/itemsind.com\/tienda\/#\/schema\/logo\/image\/\",\"url\":\"https:\/\/itemsind.com\/tienda\/wp-content\/uploads\/2023\/11\/items-logo-principal.jpg\",\"contentUrl\":\"https:\/\/itemsind.com\/tienda\/wp-content\/uploads\/2023\/11\/items-logo-principal.jpg\",\"width\":2120,\"height\":793,\"caption\":\"Items Industriales\"},\"image\":{\"@id\":\"https:\/\/itemsind.com\/tienda\/#\/schema\/logo\/image\/\"},\"sameAs\":[\"https:\/\/www.facebook.com\/itemsind\",\"https:\/\/www.instagram.com\/itemsind\/\"]}]}<\/script>\n<!-- \/ Yoast SEO plugin. -->","yoast_head_json":{"title":"Arn\u00e9s Gravity COATED WEB, tipo chaleco, anillo en D TRASERO, correas para piernas con hebilla de leng\u00fceta, est\u00e1ndar (STD), amarillo - Items Industriales","robots":{"index":"index","follow":"follow","max-snippet":"max-snippet:-1","max-image-preview":"max-image-preview:large","max-video-preview":"max-video-preview:-1"},"canonical":"https:\/\/itemsind.com\/tienda\/producto\/arnes-gravity-coated-web-tipo-chaleco-anillo-en-d-trasero-correas-para-piernas-con-hebilla-de-lengueta-estandar-std-amarillo\/","og_locale":"es_ES","og_type":"article","og_title":"Arn\u00e9s Gravity COATED WEB, tipo chaleco, anillo en D TRASERO, correas para piernas con hebilla de leng\u00fceta, est\u00e1ndar (STD), amarillo - Items Industriales","og_description":"Aprobaciones \/ Normas Norma ANSI Z359 CSA Z259 Color AMARILLO Altura 8.071 PULGADAS (205.000 MM) Longitud 23.307 PULGADAS (592.000 MM) Tama\u00f1o EST\u00c1NDAR Peso 4,242 libras (1,924 kg) Ancho 16,929 pulgadas (430,000 mm)","og_url":"https:\/\/itemsind.com\/tienda\/producto\/arnes-gravity-coated-web-tipo-chaleco-anillo-en-d-trasero-correas-para-piernas-con-hebilla-de-lengueta-estandar-std-amarillo\/","og_site_name":"Items Industriales","article_publisher":"https:\/\/www.facebook.com\/itemsind","article_modified_time":"2026-02-20T17:58:19+00:00","twitter_card":"summary_large_image","twitter_misc":{"Tiempo de lectura":"1 minuto"},"schema":{"@context":"https:\/\/schema.org","@graph":[{"@type":"WebPage","@id":"https:\/\/itemsind.com\/tienda\/producto\/arnes-gravity-coated-web-tipo-chaleco-anillo-en-d-trasero-correas-para-piernas-con-hebilla-de-lengueta-estandar-std-amarillo\/","url":"https:\/\/itemsind.com\/tienda\/producto\/arnes-gravity-coated-web-tipo-chaleco-anillo-en-d-trasero-correas-para-piernas-con-hebilla-de-lengueta-estandar-std-amarillo\/","name":"Arn\u00e9s Gravity COATED WEB, tipo chaleco, anillo en D TRASERO, correas para piernas con hebilla de leng\u00fceta, est\u00e1ndar (STD), amarillo - Items Industriales","isPartOf":{"@id":"https:\/\/itemsind.com\/tienda\/#website"},"primaryImageOfPage":{"@id":"https:\/\/itemsind.com\/tienda\/producto\/arnes-gravity-coated-web-tipo-chaleco-anillo-en-d-trasero-correas-para-piernas-con-hebilla-de-lengueta-estandar-std-amarillo\/#primaryimage"},"image":{"@id":"https:\/\/itemsind.com\/tienda\/producto\/arnes-gravity-coated-web-tipo-chaleco-anillo-en-d-trasero-correas-para-piernas-con-hebilla-de-lengueta-estandar-std-amarillo\/#primaryimage"},"thumbnailUrl":"https:\/\/itemsind.com\/tienda\/wp-content\/uploads\/2026\/02\/Gravity-COATED-WEB-Harness-Vest-Type-BACK-D-ring-Tongue-Buckle-leg-straps-Standard-STD-Yellow.avif","datePublished":"2026-02-20T17:57:59+00:00","dateModified":"2026-02-20T17:58:19+00:00","breadcrumb":{"@id":"https:\/\/itemsind.com\/tienda\/producto\/arnes-gravity-coated-web-tipo-chaleco-anillo-en-d-trasero-correas-para-piernas-con-hebilla-de-lengueta-estandar-std-amarillo\/#breadcrumb"},"inLanguage":"es","potentialAction":[{"@type":"ReadAction","target":["https:\/\/itemsind.com\/tienda\/producto\/arnes-gravity-coated-web-tipo-chaleco-anillo-en-d-trasero-correas-para-piernas-con-hebilla-de-lengueta-estandar-std-amarillo\/"]}]},{"@type":"ImageObject","inLanguage":"es","@id":"https:\/\/itemsind.com\/tienda\/producto\/arnes-gravity-coated-web-tipo-chaleco-anillo-en-d-trasero-correas-para-piernas-con-hebilla-de-lengueta-estandar-std-amarillo\/#primaryimage","url":"https:\/\/itemsind.com\/tienda\/wp-content\/uploads\/2026\/02\/Gravity-COATED-WEB-Harness-Vest-Type-BACK-D-ring-Tongue-Buckle-leg-straps-Standard-STD-Yellow.avif","contentUrl":"https:\/\/itemsind.com\/tienda\/wp-content\/uploads\/2026\/02\/Gravity-COATED-WEB-Harness-Vest-Type-BACK-D-ring-Tongue-Buckle-leg-straps-Standard-STD-Yellow.avif","width":500,"height":500},{"@type":"BreadcrumbList","@id":"https:\/\/itemsind.com\/tienda\/producto\/arnes-gravity-coated-web-tipo-chaleco-anillo-en-d-trasero-correas-para-piernas-con-hebilla-de-lengueta-estandar-std-amarillo\/#breadcrumb","itemListElement":[{"@type":"ListItem","position":1,"name":"Portada","item":"https:\/\/itemsind.com\/tienda\/"},{"@type":"ListItem","position":2,"name":"Tienda","item":"https:\/\/itemsind.com\/tienda\/tienda\/"},{"@type":"ListItem","position":3,"name":"Arn\u00e9s Gravity COATED WEB, tipo chaleco, anillo en D TRASERO, correas para piernas con hebilla de leng\u00fceta, est\u00e1ndar (STD), amarillo"}]},{"@type":"WebSite","@id":"https:\/\/itemsind.com\/tienda\/#website","url":"https:\/\/itemsind.com\/tienda\/","name":"Items Industriales","description":"Productos y Servicios para Seguridad Industrial","publisher":{"@id":"https:\/\/itemsind.com\/tienda\/#organization"},"potentialAction":[{"@type":"SearchAction","target":{"@type":"EntryPoint","urlTemplate":"https:\/\/itemsind.com\/tienda\/?s={search_term_string}"},"query-input":{"@type":"PropertyValueSpecification","valueRequired":true,"valueName":"search_term_string"}}],"inLanguage":"es"},{"@type":"Organization","@id":"https:\/\/itemsind.com\/tienda\/#organization","name":"Items Industriales","url":"https:\/\/itemsind.com\/tienda\/","logo":{"@type":"ImageObject","inLanguage":"es","@id":"https:\/\/itemsind.com\/tienda\/#\/schema\/logo\/image\/","url":"https:\/\/itemsind.com\/tienda\/wp-content\/uploads\/2023\/11\/items-logo-principal.jpg","contentUrl":"https:\/\/itemsind.com\/tienda\/wp-content\/uploads\/2023\/11\/items-logo-principal.jpg","width":2120,"height":793,"caption":"Items Industriales"},"image":{"@id":"https:\/\/itemsind.com\/tienda\/#\/schema\/logo\/image\/"},"sameAs":["https:\/\/www.facebook.com\/itemsind","https:\/\/www.instagram.com\/itemsind\/"]}]}},"_links":{"self":[{"href":"https:\/\/itemsind.com\/tienda\/wp-json\/wp\/v2\/product\/17436","targetHints":{"allow":["GET"]}}],"collection":[{"href":"https:\/\/itemsind.com\/tienda\/wp-json\/wp\/v2\/product"}],"about":[{"href":"https:\/\/itemsind.com\/tienda\/wp-json\/wp\/v2\/types\/product"}],"wp:featuredmedia":[{"embeddable":true,"href":"https:\/\/itemsind.com\/tienda\/wp-json\/wp\/v2\/media\/17437"}],"wp:attachment":[{"href":"https:\/\/itemsind.com\/tienda\/wp-json\/wp\/v2\/media?parent=17436"}],"wp:term":[{"taxonomy":"product_brand","embeddable":true,"href":"https:\/\/itemsind.com\/tienda\/wp-json\/wp\/v2\/product_brand?post=17436"},{"taxonomy":"product_cat","embeddable":true,"href":"https:\/\/itemsind.com\/tienda\/wp-json\/wp\/v2\/product_cat?post=17436"},{"taxonomy":"product_tag","embeddable":true,"href":"https:\/\/itemsind.com\/tienda\/wp-json\/wp\/v2\/product_tag?post=17436"}],"curies":[{"name":"wp","href":"https:\/\/api.w.org\/{rel}","templated":true}]}}