{"id":17441,"date":"2026-02-20T12:28:18","date_gmt":"2026-02-20T18:28:18","guid":{"rendered":"https:\/\/itemsind.com\/tienda\/?post_type=product&#038;p=17441"},"modified":"2026-02-20T12:28:32","modified_gmt":"2026-02-20T18:28:32","slug":"arnes-tipo-x-415842","status":"publish","type":"product","link":"https:\/\/itemsind.com\/tienda\/producto\/arnes-tipo-x-415842\/","title":{"rendered":"Arn\u00e9s tipo X 415842"},"content":{"rendered":"<p>Arn\u00e9s de Cuerpo Completo, Aplicaci\u00f3n del Arn\u00e9s Industria General, Tama\u00f1o Est\u00e1ndar,<br \/>\nCapacidad de Peso 400 lb., Anillo D Trasero S\u00ed, Anillo D Frontal No, Anillos<br \/>\nHebillas para Correas de Hombro S\u00ed, Hebillas de Correa para Pecho No, Correas co<br \/>\npara Piernas S\u00ed, Correa Subp\u00e9lvica S\u00ed, Color Rojo, Material de Entramado Nailon, Material de<br \/>\nlos Herrajes Acero Cincado, Extendible No, Resistencia a la Tensi\u00f3n 5000 lb., Normas OSHA<\/p>\n<h3>Especificaciones t\u00e9cnicas<\/h3>\n<p>\uf0b7 Color:Rojo<br \/>\n\uf0b7 Normas:OSHA<br \/>\n\uf0b7 Capacidad de Carga:400 lb.<br \/>\n\uf0b7 Material de los Herrajes:Acero Cincado<br \/>\n\uf0b7 Art\u00edculo:Arn\u00e9s de Cuerpo Completo<br \/>\n\uf0b7 Tensi\u00f3n de Rotura:5000 lb.<br \/>\n\uf0b7 Hebillas de las Correas para Piernas:Conexi\u00f3n R\u00e1pida<br \/>\n\uf0b7 Hebillas de las Correas para Pecho:Ninguno<br \/>\n\uf0b7 Correa Subp\u00e9lvica:S\u00ed<br \/>\n\uf0b7 Material de la Cincha:Nailon<br \/>\n\uf0b7 Anillo en D Trasero:S\u00ed<br \/>\n\uf0b7 Aplicaci\u00f3n del Arn\u00e9s:Industria General<br \/>\n\uf0b7 Tama\u00f1o:Est\u00e1ndar<br \/>\n\uf0b7 Material de la Hebilla del Arn\u00e9s:Acero<\/p>\n","protected":false},"excerpt":{"rendered":"<p>Arn\u00e9s de Cuerpo Completo, Aplicaci\u00f3n del Arn\u00e9s Industria General, Tama\u00f1o Est\u00e1ndar, Capacidad de Peso 400 lb., Anillo D Trasero S\u00ed, Anillo D Frontal No, Anillos Hebillas para Correas de Hombro S\u00ed, Hebillas de Correa para Pecho No, Correas co para Piernas S\u00ed, Correa Subp\u00e9lvica S\u00ed, Color Rojo, Material de Entramado Nailon, Material de los Herrajes &hellip; <a href=\"https:\/\/itemsind.com\/tienda\/producto\/arnes-tipo-x-415842\/\" class=\"more-link\">Continue reading <span class=\"screen-reader-text\">Arn\u00e9s tipo X 415842<\/span><\/a><\/p>\n","protected":false},"featured_media":17442,"template":"","meta":[],"product_brand":[2359],"product_cat":[2252,1311],"product_tag":[1767],"class_list":{"0":"post-17441","1":"product","2":"type-product","3":"status-publish","4":"has-post-thumbnail","6":"product_brand-msa","7":"product_cat-equipo","8":"product_cat-trabajo-alturas","9":"product_tag-arnes","12":"instock","13":"taxable","14":"shipping-taxable","15":"product-type-simple"},"yoast_head":"<!-- This site is optimized with the Yoast SEO plugin v27.4 - https:\/\/yoast.com\/product\/yoast-seo-wordpress\/ -->\n<title>Arn\u00e9s tipo X 415842 - Items Industriales<\/title>\n<meta name=\"robots\" content=\"index, follow, max-snippet:-1, max-image-preview:large, max-video-preview:-1\" \/>\n<link rel=\"canonical\" href=\"https:\/\/itemsind.com\/tienda\/producto\/arnes-tipo-x-415842\/\" \/>\n<meta property=\"og:locale\" content=\"es_ES\" \/>\n<meta property=\"og:type\" content=\"article\" \/>\n<meta property=\"og:title\" content=\"Arn\u00e9s tipo X 415842 - Items Industriales\" \/>\n<meta property=\"og:description\" content=\"Arn\u00e9s de Cuerpo Completo, Aplicaci\u00f3n del Arn\u00e9s Industria General, Tama\u00f1o Est\u00e1ndar, Capacidad de Peso 400 lb., Anillo D Trasero S\u00ed, Anillo D Frontal No, Anillos Hebillas para Correas de Hombro S\u00ed, Hebillas de Correa para Pecho No, Correas co para Piernas S\u00ed, Correa Subp\u00e9lvica S\u00ed, Color Rojo, Material de Entramado Nailon, Material de los Herrajes &hellip; Continue reading Arn\u00e9s tipo X 415842\" \/>\n<meta property=\"og:url\" content=\"https:\/\/itemsind.com\/tienda\/producto\/arnes-tipo-x-415842\/\" \/>\n<meta property=\"og:site_name\" content=\"Items Industriales\" \/>\n<meta property=\"article:publisher\" content=\"https:\/\/www.facebook.com\/itemsind\" \/>\n<meta property=\"article:modified_time\" content=\"2026-02-20T18:28:32+00:00\" \/>\n<meta property=\"og:image\" content=\"https:\/\/itemsind.com\/tienda\/wp-content\/uploads\/2026\/02\/42ND15_AS01.jpg\" \/>\n\t<meta property=\"og:image:width\" content=\"1000\" \/>\n\t<meta property=\"og:image:height\" content=\"1000\" \/>\n\t<meta property=\"og:image:type\" content=\"image\/jpeg\" \/>\n<meta name=\"twitter:card\" content=\"summary_large_image\" \/>\n<meta name=\"twitter:label1\" content=\"Tiempo de lectura\" \/>\n\t<meta name=\"twitter:data1\" content=\"1 minuto\" \/>\n<script type=\"application\/ld+json\" class=\"yoast-schema-graph\">{\"@context\":\"https:\\\/\\\/schema.org\",\"@graph\":[{\"@type\":\"WebPage\",\"@id\":\"https:\\\/\\\/itemsind.com\\\/tienda\\\/producto\\\/arnes-tipo-x-415842\\\/\",\"url\":\"https:\\\/\\\/itemsind.com\\\/tienda\\\/producto\\\/arnes-tipo-x-415842\\\/\",\"name\":\"Arn\u00e9s tipo X 415842 - Items Industriales\",\"isPartOf\":{\"@id\":\"https:\\\/\\\/itemsind.com\\\/tienda\\\/#website\"},\"primaryImageOfPage\":{\"@id\":\"https:\\\/\\\/itemsind.com\\\/tienda\\\/producto\\\/arnes-tipo-x-415842\\\/#primaryimage\"},\"image\":{\"@id\":\"https:\\\/\\\/itemsind.com\\\/tienda\\\/producto\\\/arnes-tipo-x-415842\\\/#primaryimage\"},\"thumbnailUrl\":\"https:\\\/\\\/itemsind.com\\\/tienda\\\/wp-content\\\/uploads\\\/2026\\\/02\\\/42ND15_AS01.jpg\",\"datePublished\":\"2026-02-20T18:28:18+00:00\",\"dateModified\":\"2026-02-20T18:28:32+00:00\",\"breadcrumb\":{\"@id\":\"https:\\\/\\\/itemsind.com\\\/tienda\\\/producto\\\/arnes-tipo-x-415842\\\/#breadcrumb\"},\"inLanguage\":\"es\",\"potentialAction\":[{\"@type\":\"ReadAction\",\"target\":[\"https:\\\/\\\/itemsind.com\\\/tienda\\\/producto\\\/arnes-tipo-x-415842\\\/\"]}]},{\"@type\":\"ImageObject\",\"inLanguage\":\"es\",\"@id\":\"https:\\\/\\\/itemsind.com\\\/tienda\\\/producto\\\/arnes-tipo-x-415842\\\/#primaryimage\",\"url\":\"https:\\\/\\\/itemsind.com\\\/tienda\\\/wp-content\\\/uploads\\\/2026\\\/02\\\/42ND15_AS01.jpg\",\"contentUrl\":\"https:\\\/\\\/itemsind.com\\\/tienda\\\/wp-content\\\/uploads\\\/2026\\\/02\\\/42ND15_AS01.jpg\",\"width\":1000,\"height\":1000},{\"@type\":\"BreadcrumbList\",\"@id\":\"https:\\\/\\\/itemsind.com\\\/tienda\\\/producto\\\/arnes-tipo-x-415842\\\/#breadcrumb\",\"itemListElement\":[{\"@type\":\"ListItem\",\"position\":1,\"name\":\"Portada\",\"item\":\"https:\\\/\\\/itemsind.com\\\/tienda\\\/\"},{\"@type\":\"ListItem\",\"position\":2,\"name\":\"Tienda\",\"item\":\"https:\\\/\\\/itemsind.com\\\/tienda\\\/tienda\\\/\"},{\"@type\":\"ListItem\",\"position\":3,\"name\":\"Arn\u00e9s tipo X 415842\"}]},{\"@type\":\"WebSite\",\"@id\":\"https:\\\/\\\/itemsind.com\\\/tienda\\\/#website\",\"url\":\"https:\\\/\\\/itemsind.com\\\/tienda\\\/\",\"name\":\"Items Industriales\",\"description\":\"Productos y Servicios para Seguridad Industrial\",\"publisher\":{\"@id\":\"https:\\\/\\\/itemsind.com\\\/tienda\\\/#organization\"},\"potentialAction\":[{\"@type\":\"SearchAction\",\"target\":{\"@type\":\"EntryPoint\",\"urlTemplate\":\"https:\\\/\\\/itemsind.com\\\/tienda\\\/?s={search_term_string}\"},\"query-input\":{\"@type\":\"PropertyValueSpecification\",\"valueRequired\":true,\"valueName\":\"search_term_string\"}}],\"inLanguage\":\"es\"},{\"@type\":\"Organization\",\"@id\":\"https:\\\/\\\/itemsind.com\\\/tienda\\\/#organization\",\"name\":\"Items Industriales\",\"url\":\"https:\\\/\\\/itemsind.com\\\/tienda\\\/\",\"logo\":{\"@type\":\"ImageObject\",\"inLanguage\":\"es\",\"@id\":\"https:\\\/\\\/itemsind.com\\\/tienda\\\/#\\\/schema\\\/logo\\\/image\\\/\",\"url\":\"https:\\\/\\\/itemsind.com\\\/tienda\\\/wp-content\\\/uploads\\\/2023\\\/11\\\/items-logo-principal.jpg\",\"contentUrl\":\"https:\\\/\\\/itemsind.com\\\/tienda\\\/wp-content\\\/uploads\\\/2023\\\/11\\\/items-logo-principal.jpg\",\"width\":2120,\"height\":793,\"caption\":\"Items Industriales\"},\"image\":{\"@id\":\"https:\\\/\\\/itemsind.com\\\/tienda\\\/#\\\/schema\\\/logo\\\/image\\\/\"},\"sameAs\":[\"https:\\\/\\\/www.facebook.com\\\/itemsind\",\"https:\\\/\\\/www.instagram.com\\\/itemsind\\\/\"]}]}<\/script>\n<!-- \/ Yoast SEO plugin. -->","yoast_head_json":{"title":"Arn\u00e9s tipo X 415842 - Items Industriales","robots":{"index":"index","follow":"follow","max-snippet":"max-snippet:-1","max-image-preview":"max-image-preview:large","max-video-preview":"max-video-preview:-1"},"canonical":"https:\/\/itemsind.com\/tienda\/producto\/arnes-tipo-x-415842\/","og_locale":"es_ES","og_type":"article","og_title":"Arn\u00e9s tipo X 415842 - Items Industriales","og_description":"Arn\u00e9s de Cuerpo Completo, Aplicaci\u00f3n del Arn\u00e9s Industria General, Tama\u00f1o Est\u00e1ndar, Capacidad de Peso 400 lb., Anillo D Trasero S\u00ed, Anillo D Frontal No, Anillos Hebillas para Correas de Hombro S\u00ed, Hebillas de Correa para Pecho No, Correas co para Piernas S\u00ed, Correa Subp\u00e9lvica S\u00ed, Color Rojo, Material de Entramado Nailon, Material de los Herrajes &hellip; Continue reading Arn\u00e9s tipo X 415842","og_url":"https:\/\/itemsind.com\/tienda\/producto\/arnes-tipo-x-415842\/","og_site_name":"Items Industriales","article_publisher":"https:\/\/www.facebook.com\/itemsind","article_modified_time":"2026-02-20T18:28:32+00:00","og_image":[{"width":1000,"height":1000,"url":"https:\/\/itemsind.com\/tienda\/wp-content\/uploads\/2026\/02\/42ND15_AS01.jpg","type":"image\/jpeg"}],"twitter_card":"summary_large_image","twitter_misc":{"Tiempo de lectura":"1 minuto"},"schema":{"@context":"https:\/\/schema.org","@graph":[{"@type":"WebPage","@id":"https:\/\/itemsind.com\/tienda\/producto\/arnes-tipo-x-415842\/","url":"https:\/\/itemsind.com\/tienda\/producto\/arnes-tipo-x-415842\/","name":"Arn\u00e9s tipo X 415842 - Items Industriales","isPartOf":{"@id":"https:\/\/itemsind.com\/tienda\/#website"},"primaryImageOfPage":{"@id":"https:\/\/itemsind.com\/tienda\/producto\/arnes-tipo-x-415842\/#primaryimage"},"image":{"@id":"https:\/\/itemsind.com\/tienda\/producto\/arnes-tipo-x-415842\/#primaryimage"},"thumbnailUrl":"https:\/\/itemsind.com\/tienda\/wp-content\/uploads\/2026\/02\/42ND15_AS01.jpg","datePublished":"2026-02-20T18:28:18+00:00","dateModified":"2026-02-20T18:28:32+00:00","breadcrumb":{"@id":"https:\/\/itemsind.com\/tienda\/producto\/arnes-tipo-x-415842\/#breadcrumb"},"inLanguage":"es","potentialAction":[{"@type":"ReadAction","target":["https:\/\/itemsind.com\/tienda\/producto\/arnes-tipo-x-415842\/"]}]},{"@type":"ImageObject","inLanguage":"es","@id":"https:\/\/itemsind.com\/tienda\/producto\/arnes-tipo-x-415842\/#primaryimage","url":"https:\/\/itemsind.com\/tienda\/wp-content\/uploads\/2026\/02\/42ND15_AS01.jpg","contentUrl":"https:\/\/itemsind.com\/tienda\/wp-content\/uploads\/2026\/02\/42ND15_AS01.jpg","width":1000,"height":1000},{"@type":"BreadcrumbList","@id":"https:\/\/itemsind.com\/tienda\/producto\/arnes-tipo-x-415842\/#breadcrumb","itemListElement":[{"@type":"ListItem","position":1,"name":"Portada","item":"https:\/\/itemsind.com\/tienda\/"},{"@type":"ListItem","position":2,"name":"Tienda","item":"https:\/\/itemsind.com\/tienda\/tienda\/"},{"@type":"ListItem","position":3,"name":"Arn\u00e9s tipo X 415842"}]},{"@type":"WebSite","@id":"https:\/\/itemsind.com\/tienda\/#website","url":"https:\/\/itemsind.com\/tienda\/","name":"Items Industriales","description":"Productos y Servicios para Seguridad Industrial","publisher":{"@id":"https:\/\/itemsind.com\/tienda\/#organization"},"potentialAction":[{"@type":"SearchAction","target":{"@type":"EntryPoint","urlTemplate":"https:\/\/itemsind.com\/tienda\/?s={search_term_string}"},"query-input":{"@type":"PropertyValueSpecification","valueRequired":true,"valueName":"search_term_string"}}],"inLanguage":"es"},{"@type":"Organization","@id":"https:\/\/itemsind.com\/tienda\/#organization","name":"Items Industriales","url":"https:\/\/itemsind.com\/tienda\/","logo":{"@type":"ImageObject","inLanguage":"es","@id":"https:\/\/itemsind.com\/tienda\/#\/schema\/logo\/image\/","url":"https:\/\/itemsind.com\/tienda\/wp-content\/uploads\/2023\/11\/items-logo-principal.jpg","contentUrl":"https:\/\/itemsind.com\/tienda\/wp-content\/uploads\/2023\/11\/items-logo-principal.jpg","width":2120,"height":793,"caption":"Items Industriales"},"image":{"@id":"https:\/\/itemsind.com\/tienda\/#\/schema\/logo\/image\/"},"sameAs":["https:\/\/www.facebook.com\/itemsind","https:\/\/www.instagram.com\/itemsind\/"]}]}},"_links":{"self":[{"href":"https:\/\/itemsind.com\/tienda\/wp-json\/wp\/v2\/product\/17441","targetHints":{"allow":["GET"]}}],"collection":[{"href":"https:\/\/itemsind.com\/tienda\/wp-json\/wp\/v2\/product"}],"about":[{"href":"https:\/\/itemsind.com\/tienda\/wp-json\/wp\/v2\/types\/product"}],"wp:featuredmedia":[{"embeddable":true,"href":"https:\/\/itemsind.com\/tienda\/wp-json\/wp\/v2\/media\/17442"}],"wp:attachment":[{"href":"https:\/\/itemsind.com\/tienda\/wp-json\/wp\/v2\/media?parent=17441"}],"wp:term":[{"taxonomy":"product_brand","embeddable":true,"href":"https:\/\/itemsind.com\/tienda\/wp-json\/wp\/v2\/product_brand?post=17441"},{"taxonomy":"product_cat","embeddable":true,"href":"https:\/\/itemsind.com\/tienda\/wp-json\/wp\/v2\/product_cat?post=17441"},{"taxonomy":"product_tag","embeddable":true,"href":"https:\/\/itemsind.com\/tienda\/wp-json\/wp\/v2\/product_tag?post=17441"}],"curies":[{"name":"wp","href":"https:\/\/api.w.org\/{rel}","templated":true}]}}