{"id":17443,"date":"2026-02-20T12:35:12","date_gmt":"2026-02-20T18:35:12","guid":{"rendered":"https:\/\/itemsind.com\/tienda\/?post_type=product&#038;p=17443"},"modified":"2026-02-20T12:35:24","modified_gmt":"2026-02-20T18:35:24","slug":"arnes-v-form-estandar-anillo-en-d-posterior-correas-para-piernas-con-hebilla-de-lengueta","status":"publish","type":"product","link":"https:\/\/itemsind.com\/tienda\/producto\/arnes-v-form-estandar-anillo-en-d-posterior-correas-para-piernas-con-hebilla-de-lengueta\/","title":{"rendered":"Arn\u00e9s V-FORM, est\u00e1ndar, anillo en D posterior, correas para piernas con hebilla de leng\u00fceta"},"content":{"rendered":"<div class=\"pdp-redesign-table-column\">\n<div class=\"pdp-redesign-table-row\">\n<div><strong><span dir=\"auto\">Aprobaciones \/ Normas<\/span><\/strong><\/div>\n<div>\n<div><span dir=\"auto\">Norma ANSI Z359.11<\/span><\/div>\n<div><span dir=\"auto\">CSA Z259.10<\/span><\/div>\n<div><span dir=\"auto\">OSHA<\/span><\/div>\n<\/div>\n<\/div>\n<\/div>\n<div class=\"pdp-redesign-table-column\">\n<div class=\"pdp-redesign-table-row\">\n<div><\/div>\n<div><strong><span dir=\"auto\">Color<\/span><\/strong><\/div>\n<div>\n<div><span dir=\"auto\">VERDE<\/span><\/div>\n<\/div>\n<\/div>\n<\/div>\n<div class=\"pdp-redesign-table-column\">\n<div class=\"pdp-redesign-table-row\">\n<div><\/div>\n<div><strong><span dir=\"auto\">Material de hardware<\/span><\/strong><\/div>\n<div>\n<div><span dir=\"auto\">ACERO REVESTIDO<\/span><\/div>\n<\/div>\n<\/div>\n<\/div>\n<div class=\"pdp-redesign-table-column\">\n<div class=\"pdp-redesign-table-row\">\n<div><\/div>\n<\/div>\n<\/div>\n<div class=\"pdp-redesign-table-column\">\n<div class=\"pdp-redesign-table-row\">\n<div><strong><span dir=\"auto\">Material de conexi\u00f3n del pecho del arn\u00e9s<\/span><\/strong><\/div>\n<div>\n<div><span dir=\"auto\">ACERO REVESTIDO<\/span><\/div>\n<\/div>\n<\/div>\n<\/div>\n<div class=\"pdp-redesign-table-column\">\n<div class=\"pdp-redesign-table-row\">\n<div><\/div>\n<div><strong><span dir=\"auto\">Tipo de conexi\u00f3n del arn\u00e9s al pecho<\/span><\/strong><\/div>\n<div>\n<div><span dir=\"auto\">QWIK-FIT<\/span><\/div>\n<\/div>\n<\/div>\n<\/div>\n<div class=\"pdp-redesign-table-column\">\n<div class=\"pdp-redesign-table-row\">\n<div><\/div>\n<div><strong><span dir=\"auto\">Ubicaci\u00f3n(es) del anillo D del arn\u00e9s<\/span><\/strong><\/div>\n<div>\n<div><span dir=\"auto\">ATR\u00c1S<\/span><\/div>\n<\/div>\n<\/div>\n<\/div>\n<div class=\"pdp-redesign-table-column\">\n<div class=\"pdp-redesign-table-row\">\n<div><\/div>\n<div><strong><span dir=\"auto\">Material del anillo en D del arn\u00e9s<\/span><\/strong><\/div>\n<div>\n<div><span dir=\"auto\">ACERO REVESTIDO<\/span><\/div>\n<\/div>\n<\/div>\n<\/div>\n<div class=\"pdp-redesign-table-column\">\n<div class=\"pdp-redesign-table-row\">\n<div><\/div>\n<div><strong><span dir=\"auto\">Sujetacables para arn\u00e9s incluidos<\/span><\/strong><\/div>\n<div>\n<div><span dir=\"auto\">S\u00cd<\/span><\/div>\n<\/div>\n<\/div>\n<\/div>\n<div class=\"pdp-redesign-table-column\">\n<div class=\"pdp-redesign-table-row\">\n<div><\/div>\n<div><strong><span dir=\"auto\">Material de conexi\u00f3n de la pata del arn\u00e9s<\/span><\/strong><\/div>\n<div>\n<div><span dir=\"auto\">ACERO REVESTIDO<\/span><\/div>\n<\/div>\n<\/div>\n<\/div>\n<div class=\"pdp-redesign-table-column\">\n<div class=\"pdp-redesign-table-row\">\n<div><\/div>\n<div><strong><span dir=\"auto\">Tipo de conexi\u00f3n de la pata del arn\u00e9s<\/span><\/strong><\/div>\n<div>\n<div><span dir=\"auto\">HEBILLA DE LENG\u00dcETA<\/span><\/div>\n<\/div>\n<\/div>\n<\/div>\n<div class=\"pdp-redesign-table-column\">\n<div class=\"pdp-redesign-table-row\">\n<div><\/div>\n<div><strong><span dir=\"auto\">N\u00famero de anillos en D del arn\u00e9s<\/span><\/strong><\/div>\n<div>\n<div><span dir=\"auto\">1<\/span><\/div>\n<\/div>\n<\/div>\n<\/div>\n<div class=\"pdp-redesign-table-column\">\n<div class=\"pdp-redesign-table-row\">\n<div><\/div>\n<\/div>\n<\/div>\n<div class=\"pdp-redesign-table-column\">\n<div class=\"pdp-redesign-table-row\">\n<div><strong><span dir=\"auto\">Estilo de arn\u00e9s<\/span><\/strong><\/div>\n<div>\n<div><span dir=\"auto\">CHALECO<\/span><\/div>\n<\/div>\n<\/div>\n<\/div>\n<div class=\"pdp-redesign-table-column\">\n<div class=\"pdp-redesign-table-row\">\n<div><\/div>\n<\/div>\n<\/div>\n<div class=\"pdp-redesign-table-column\">\n<div class=\"pdp-redesign-table-row\">\n<div><strong><span dir=\"auto\">Material de la correa del arn\u00e9s<\/span><\/strong><\/div>\n<div>\n<div><span dir=\"auto\">POLI\u00c9STER<\/span><\/div>\n<\/div>\n<\/div>\n<\/div>\n<div class=\"pdp-redesign-table-column\">\n<div class=\"pdp-redesign-table-row\">\n<div><\/div>\n<div><strong><span dir=\"auto\">RFID<\/span><\/strong><\/div>\n<div>\n<div><span dir=\"auto\">S\u00cd<\/span><\/div>\n<\/div>\n<\/div>\n<\/div>\n<div class=\"pdp-redesign-table-column\">\n<div class=\"pdp-redesign-table-row\">\n<div><\/div>\n<div><strong><span dir=\"auto\">Tama\u00f1o<\/span><\/strong><\/div>\n<div>\n<div><span dir=\"auto\">EST\u00c1NDAR<\/span><\/div>\n<\/div>\n<\/div>\n<\/div>\n<div class=\"pdp-redesign-table-column\">\n<div class=\"pdp-redesign-table-row\">\n<div><\/div>\n<div><strong><span dir=\"auto\">Capacidad de peso<\/span><\/strong><\/div>\n<div>\n<div><span dir=\"auto\">400<\/span><\/div>\n<\/div>\n<\/div>\n<\/div>\n","protected":false},"excerpt":{"rendered":"<p>Aprobaciones \/ Normas Norma ANSI Z359.11 CSA Z259.10 OSHA Color VERDE Material de hardware ACERO REVESTIDO Material de conexi\u00f3n del pecho del arn\u00e9s ACERO REVESTIDO Tipo de conexi\u00f3n del arn\u00e9s al pecho QWIK-FIT Ubicaci\u00f3n(es) del anillo D del arn\u00e9s ATR\u00c1S Material del anillo en D del arn\u00e9s ACERO REVESTIDO Sujetacables para arn\u00e9s incluidos S\u00cd Material &hellip; <a href=\"https:\/\/itemsind.com\/tienda\/producto\/arnes-v-form-estandar-anillo-en-d-posterior-correas-para-piernas-con-hebilla-de-lengueta\/\" class=\"more-link\">Continue reading <span class=\"screen-reader-text\">Arn\u00e9s V-FORM, est\u00e1ndar, anillo en D posterior, correas para piernas con hebilla de leng\u00fceta<\/span><\/a><\/p>\n","protected":false},"featured_media":17444,"template":"","meta":[],"product_brand":[2359],"product_cat":[2252,1311],"product_tag":[1767],"class_list":{"0":"post-17443","1":"product","2":"type-product","3":"status-publish","4":"has-post-thumbnail","6":"product_brand-msa","7":"product_cat-equipo","8":"product_cat-trabajo-alturas","9":"product_tag-arnes","12":"instock","13":"taxable","14":"shipping-taxable","15":"product-type-simple"},"yoast_head":"<!-- This site is optimized with the Yoast SEO plugin v27.1.1 - https:\/\/yoast.com\/product\/yoast-seo-wordpress\/ -->\n<title>Arn\u00e9s V-FORM, est\u00e1ndar, anillo en D posterior, correas para piernas con hebilla de leng\u00fceta - Items Industriales<\/title>\n<meta name=\"robots\" content=\"index, follow, max-snippet:-1, max-image-preview:large, max-video-preview:-1\" \/>\n<link rel=\"canonical\" href=\"https:\/\/itemsind.com\/tienda\/producto\/arnes-v-form-estandar-anillo-en-d-posterior-correas-para-piernas-con-hebilla-de-lengueta\/\" \/>\n<meta property=\"og:locale\" content=\"es_ES\" \/>\n<meta property=\"og:type\" content=\"article\" \/>\n<meta property=\"og:title\" content=\"Arn\u00e9s V-FORM, est\u00e1ndar, anillo en D posterior, correas para piernas con hebilla de leng\u00fceta - Items Industriales\" \/>\n<meta property=\"og:description\" content=\"Aprobaciones \/ Normas Norma ANSI Z359.11 CSA Z259.10 OSHA Color VERDE Material de hardware ACERO REVESTIDO Material de conexi\u00f3n del pecho del arn\u00e9s ACERO REVESTIDO Tipo de conexi\u00f3n del arn\u00e9s al pecho QWIK-FIT Ubicaci\u00f3n(es) del anillo D del arn\u00e9s ATR\u00c1S Material del anillo en D del arn\u00e9s ACERO REVESTIDO Sujetacables para arn\u00e9s incluidos S\u00cd Material &hellip; Continue reading Arn\u00e9s V-FORM, est\u00e1ndar, anillo en D posterior, correas para piernas con hebilla de leng\u00fceta\" \/>\n<meta property=\"og:url\" content=\"https:\/\/itemsind.com\/tienda\/producto\/arnes-v-form-estandar-anillo-en-d-posterior-correas-para-piernas-con-hebilla-de-lengueta\/\" \/>\n<meta property=\"og:site_name\" content=\"Items Industriales\" \/>\n<meta property=\"article:publisher\" content=\"https:\/\/www.facebook.com\/itemsind\" \/>\n<meta property=\"article:modified_time\" content=\"2026-02-20T18:35:24+00:00\" \/>\n<meta name=\"twitter:card\" content=\"summary_large_image\" \/>\n<meta name=\"twitter:label1\" content=\"Tiempo de lectura\" \/>\n\t<meta name=\"twitter:data1\" content=\"1 minuto\" \/>\n<script type=\"application\/ld+json\" class=\"yoast-schema-graph\">{\"@context\":\"https:\/\/schema.org\",\"@graph\":[{\"@type\":\"WebPage\",\"@id\":\"https:\/\/itemsind.com\/tienda\/producto\/arnes-v-form-estandar-anillo-en-d-posterior-correas-para-piernas-con-hebilla-de-lengueta\/\",\"url\":\"https:\/\/itemsind.com\/tienda\/producto\/arnes-v-form-estandar-anillo-en-d-posterior-correas-para-piernas-con-hebilla-de-lengueta\/\",\"name\":\"Arn\u00e9s V-FORM, est\u00e1ndar, anillo en D posterior, correas para piernas con hebilla de leng\u00fceta - Items Industriales\",\"isPartOf\":{\"@id\":\"https:\/\/itemsind.com\/tienda\/#website\"},\"primaryImageOfPage\":{\"@id\":\"https:\/\/itemsind.com\/tienda\/producto\/arnes-v-form-estandar-anillo-en-d-posterior-correas-para-piernas-con-hebilla-de-lengueta\/#primaryimage\"},\"image\":{\"@id\":\"https:\/\/itemsind.com\/tienda\/producto\/arnes-v-form-estandar-anillo-en-d-posterior-correas-para-piernas-con-hebilla-de-lengueta\/#primaryimage\"},\"thumbnailUrl\":\"https:\/\/itemsind.com\/tienda\/wp-content\/uploads\/2026\/02\/V-FORM-Harness.avif\",\"datePublished\":\"2026-02-20T18:35:12+00:00\",\"dateModified\":\"2026-02-20T18:35:24+00:00\",\"breadcrumb\":{\"@id\":\"https:\/\/itemsind.com\/tienda\/producto\/arnes-v-form-estandar-anillo-en-d-posterior-correas-para-piernas-con-hebilla-de-lengueta\/#breadcrumb\"},\"inLanguage\":\"es\",\"potentialAction\":[{\"@type\":\"ReadAction\",\"target\":[\"https:\/\/itemsind.com\/tienda\/producto\/arnes-v-form-estandar-anillo-en-d-posterior-correas-para-piernas-con-hebilla-de-lengueta\/\"]}]},{\"@type\":\"ImageObject\",\"inLanguage\":\"es\",\"@id\":\"https:\/\/itemsind.com\/tienda\/producto\/arnes-v-form-estandar-anillo-en-d-posterior-correas-para-piernas-con-hebilla-de-lengueta\/#primaryimage\",\"url\":\"https:\/\/itemsind.com\/tienda\/wp-content\/uploads\/2026\/02\/V-FORM-Harness.avif\",\"contentUrl\":\"https:\/\/itemsind.com\/tienda\/wp-content\/uploads\/2026\/02\/V-FORM-Harness.avif\",\"width\":500,\"height\":500},{\"@type\":\"BreadcrumbList\",\"@id\":\"https:\/\/itemsind.com\/tienda\/producto\/arnes-v-form-estandar-anillo-en-d-posterior-correas-para-piernas-con-hebilla-de-lengueta\/#breadcrumb\",\"itemListElement\":[{\"@type\":\"ListItem\",\"position\":1,\"name\":\"Portada\",\"item\":\"https:\/\/itemsind.com\/tienda\/\"},{\"@type\":\"ListItem\",\"position\":2,\"name\":\"Tienda\",\"item\":\"https:\/\/itemsind.com\/tienda\/tienda\/\"},{\"@type\":\"ListItem\",\"position\":3,\"name\":\"Arn\u00e9s V-FORM, est\u00e1ndar, anillo en D posterior, correas para piernas con hebilla de leng\u00fceta\"}]},{\"@type\":\"WebSite\",\"@id\":\"https:\/\/itemsind.com\/tienda\/#website\",\"url\":\"https:\/\/itemsind.com\/tienda\/\",\"name\":\"Items Industriales\",\"description\":\"Productos y Servicios para Seguridad Industrial\",\"publisher\":{\"@id\":\"https:\/\/itemsind.com\/tienda\/#organization\"},\"potentialAction\":[{\"@type\":\"SearchAction\",\"target\":{\"@type\":\"EntryPoint\",\"urlTemplate\":\"https:\/\/itemsind.com\/tienda\/?s={search_term_string}\"},\"query-input\":{\"@type\":\"PropertyValueSpecification\",\"valueRequired\":true,\"valueName\":\"search_term_string\"}}],\"inLanguage\":\"es\"},{\"@type\":\"Organization\",\"@id\":\"https:\/\/itemsind.com\/tienda\/#organization\",\"name\":\"Items Industriales\",\"url\":\"https:\/\/itemsind.com\/tienda\/\",\"logo\":{\"@type\":\"ImageObject\",\"inLanguage\":\"es\",\"@id\":\"https:\/\/itemsind.com\/tienda\/#\/schema\/logo\/image\/\",\"url\":\"https:\/\/itemsind.com\/tienda\/wp-content\/uploads\/2023\/11\/items-logo-principal.jpg\",\"contentUrl\":\"https:\/\/itemsind.com\/tienda\/wp-content\/uploads\/2023\/11\/items-logo-principal.jpg\",\"width\":2120,\"height\":793,\"caption\":\"Items Industriales\"},\"image\":{\"@id\":\"https:\/\/itemsind.com\/tienda\/#\/schema\/logo\/image\/\"},\"sameAs\":[\"https:\/\/www.facebook.com\/itemsind\",\"https:\/\/www.instagram.com\/itemsind\/\"]}]}<\/script>\n<!-- \/ Yoast SEO plugin. -->","yoast_head_json":{"title":"Arn\u00e9s V-FORM, est\u00e1ndar, anillo en D posterior, correas para piernas con hebilla de leng\u00fceta - Items Industriales","robots":{"index":"index","follow":"follow","max-snippet":"max-snippet:-1","max-image-preview":"max-image-preview:large","max-video-preview":"max-video-preview:-1"},"canonical":"https:\/\/itemsind.com\/tienda\/producto\/arnes-v-form-estandar-anillo-en-d-posterior-correas-para-piernas-con-hebilla-de-lengueta\/","og_locale":"es_ES","og_type":"article","og_title":"Arn\u00e9s V-FORM, est\u00e1ndar, anillo en D posterior, correas para piernas con hebilla de leng\u00fceta - Items Industriales","og_description":"Aprobaciones \/ Normas Norma ANSI Z359.11 CSA Z259.10 OSHA Color VERDE Material de hardware ACERO REVESTIDO Material de conexi\u00f3n del pecho del arn\u00e9s ACERO REVESTIDO Tipo de conexi\u00f3n del arn\u00e9s al pecho QWIK-FIT Ubicaci\u00f3n(es) del anillo D del arn\u00e9s ATR\u00c1S Material del anillo en D del arn\u00e9s ACERO REVESTIDO Sujetacables para arn\u00e9s incluidos S\u00cd Material &hellip; Continue reading Arn\u00e9s V-FORM, est\u00e1ndar, anillo en D posterior, correas para piernas con hebilla de leng\u00fceta","og_url":"https:\/\/itemsind.com\/tienda\/producto\/arnes-v-form-estandar-anillo-en-d-posterior-correas-para-piernas-con-hebilla-de-lengueta\/","og_site_name":"Items Industriales","article_publisher":"https:\/\/www.facebook.com\/itemsind","article_modified_time":"2026-02-20T18:35:24+00:00","twitter_card":"summary_large_image","twitter_misc":{"Tiempo de lectura":"1 minuto"},"schema":{"@context":"https:\/\/schema.org","@graph":[{"@type":"WebPage","@id":"https:\/\/itemsind.com\/tienda\/producto\/arnes-v-form-estandar-anillo-en-d-posterior-correas-para-piernas-con-hebilla-de-lengueta\/","url":"https:\/\/itemsind.com\/tienda\/producto\/arnes-v-form-estandar-anillo-en-d-posterior-correas-para-piernas-con-hebilla-de-lengueta\/","name":"Arn\u00e9s V-FORM, est\u00e1ndar, anillo en D posterior, correas para piernas con hebilla de leng\u00fceta - Items Industriales","isPartOf":{"@id":"https:\/\/itemsind.com\/tienda\/#website"},"primaryImageOfPage":{"@id":"https:\/\/itemsind.com\/tienda\/producto\/arnes-v-form-estandar-anillo-en-d-posterior-correas-para-piernas-con-hebilla-de-lengueta\/#primaryimage"},"image":{"@id":"https:\/\/itemsind.com\/tienda\/producto\/arnes-v-form-estandar-anillo-en-d-posterior-correas-para-piernas-con-hebilla-de-lengueta\/#primaryimage"},"thumbnailUrl":"https:\/\/itemsind.com\/tienda\/wp-content\/uploads\/2026\/02\/V-FORM-Harness.avif","datePublished":"2026-02-20T18:35:12+00:00","dateModified":"2026-02-20T18:35:24+00:00","breadcrumb":{"@id":"https:\/\/itemsind.com\/tienda\/producto\/arnes-v-form-estandar-anillo-en-d-posterior-correas-para-piernas-con-hebilla-de-lengueta\/#breadcrumb"},"inLanguage":"es","potentialAction":[{"@type":"ReadAction","target":["https:\/\/itemsind.com\/tienda\/producto\/arnes-v-form-estandar-anillo-en-d-posterior-correas-para-piernas-con-hebilla-de-lengueta\/"]}]},{"@type":"ImageObject","inLanguage":"es","@id":"https:\/\/itemsind.com\/tienda\/producto\/arnes-v-form-estandar-anillo-en-d-posterior-correas-para-piernas-con-hebilla-de-lengueta\/#primaryimage","url":"https:\/\/itemsind.com\/tienda\/wp-content\/uploads\/2026\/02\/V-FORM-Harness.avif","contentUrl":"https:\/\/itemsind.com\/tienda\/wp-content\/uploads\/2026\/02\/V-FORM-Harness.avif","width":500,"height":500},{"@type":"BreadcrumbList","@id":"https:\/\/itemsind.com\/tienda\/producto\/arnes-v-form-estandar-anillo-en-d-posterior-correas-para-piernas-con-hebilla-de-lengueta\/#breadcrumb","itemListElement":[{"@type":"ListItem","position":1,"name":"Portada","item":"https:\/\/itemsind.com\/tienda\/"},{"@type":"ListItem","position":2,"name":"Tienda","item":"https:\/\/itemsind.com\/tienda\/tienda\/"},{"@type":"ListItem","position":3,"name":"Arn\u00e9s V-FORM, est\u00e1ndar, anillo en D posterior, correas para piernas con hebilla de leng\u00fceta"}]},{"@type":"WebSite","@id":"https:\/\/itemsind.com\/tienda\/#website","url":"https:\/\/itemsind.com\/tienda\/","name":"Items Industriales","description":"Productos y Servicios para Seguridad Industrial","publisher":{"@id":"https:\/\/itemsind.com\/tienda\/#organization"},"potentialAction":[{"@type":"SearchAction","target":{"@type":"EntryPoint","urlTemplate":"https:\/\/itemsind.com\/tienda\/?s={search_term_string}"},"query-input":{"@type":"PropertyValueSpecification","valueRequired":true,"valueName":"search_term_string"}}],"inLanguage":"es"},{"@type":"Organization","@id":"https:\/\/itemsind.com\/tienda\/#organization","name":"Items Industriales","url":"https:\/\/itemsind.com\/tienda\/","logo":{"@type":"ImageObject","inLanguage":"es","@id":"https:\/\/itemsind.com\/tienda\/#\/schema\/logo\/image\/","url":"https:\/\/itemsind.com\/tienda\/wp-content\/uploads\/2023\/11\/items-logo-principal.jpg","contentUrl":"https:\/\/itemsind.com\/tienda\/wp-content\/uploads\/2023\/11\/items-logo-principal.jpg","width":2120,"height":793,"caption":"Items Industriales"},"image":{"@id":"https:\/\/itemsind.com\/tienda\/#\/schema\/logo\/image\/"},"sameAs":["https:\/\/www.facebook.com\/itemsind","https:\/\/www.instagram.com\/itemsind\/"]}]}},"_links":{"self":[{"href":"https:\/\/itemsind.com\/tienda\/wp-json\/wp\/v2\/product\/17443","targetHints":{"allow":["GET"]}}],"collection":[{"href":"https:\/\/itemsind.com\/tienda\/wp-json\/wp\/v2\/product"}],"about":[{"href":"https:\/\/itemsind.com\/tienda\/wp-json\/wp\/v2\/types\/product"}],"wp:featuredmedia":[{"embeddable":true,"href":"https:\/\/itemsind.com\/tienda\/wp-json\/wp\/v2\/media\/17444"}],"wp:attachment":[{"href":"https:\/\/itemsind.com\/tienda\/wp-json\/wp\/v2\/media?parent=17443"}],"wp:term":[{"taxonomy":"product_brand","embeddable":true,"href":"https:\/\/itemsind.com\/tienda\/wp-json\/wp\/v2\/product_brand?post=17443"},{"taxonomy":"product_cat","embeddable":true,"href":"https:\/\/itemsind.com\/tienda\/wp-json\/wp\/v2\/product_cat?post=17443"},{"taxonomy":"product_tag","embeddable":true,"href":"https:\/\/itemsind.com\/tienda\/wp-json\/wp\/v2\/product_tag?post=17443"}],"curies":[{"name":"wp","href":"https:\/\/api.w.org\/{rel}","templated":true}]}}