{"id":17445,"date":"2026-02-20T12:45:06","date_gmt":"2026-02-20T18:45:06","guid":{"rendered":"https:\/\/itemsind.com\/tienda\/?post_type=product&#038;p=17445"},"modified":"2026-02-26T10:22:25","modified_gmt":"2026-02-26T16:22:25","slug":"arnes-de-seguridad-v-form","status":"publish","type":"product","link":"https:\/\/itemsind.com\/tienda\/producto\/arnes-de-seguridad-v-form\/","title":{"rendered":"Arn\u00e9s de seguridad V-FORM\u2122"},"content":{"rendered":"<p>El arn\u00e9s V-FORM\u2122 cuenta con una hebilla RaceFORM \u2122 la cual elimina las voluminosas correas del pecho creando un ajuste c\u00f3modo y ce\u00f1ido. El corte atl\u00e9tico del arn\u00e9s V-FORM\u2122 se adapta al cuerpo para mejorar el movimiento en la parte superior del torso, mientras que su dise\u00f1o de ajuste hacia abajo le permite ajustar r\u00e1pidamente su arn\u00e9s que dura todo el d\u00eda.<\/p>\n<ul>\n<li>La hebilla RaceFORM, permite un ajuste c\u00f3modo del arn\u00e9s, eliminando las cintas sueltas a la altura del pecho.<\/li>\n<li>Corte atl\u00e9tico que se adapta al cuerpo y permite una mayor movilidad<\/li>\n<li>Este arn\u00e9s se ajusta de manera sencilla y r\u00e1pida y se mantiene as\u00ed toda la jornada<\/li>\n<li>Gran variedad de configuraciones disponibles, incluyendo herrajes de acero inoxidable para entornos dif\u00edciles<\/li>\n<\/ul>\n<p>&nbsp;<\/p>\n","protected":false},"excerpt":{"rendered":"<p>El arn\u00e9s V-FORM\u2122 cuenta con una hebilla RaceFORM \u2122 la cual elimina las voluminosas correas del pecho creando un ajuste c\u00f3modo y ce\u00f1ido. El corte atl\u00e9tico del arn\u00e9s V-FORM\u2122 se adapta al cuerpo para mejorar el movimiento en la parte superior del torso, mientras que su dise\u00f1o de ajuste hacia abajo le permite ajustar r\u00e1pidamente &hellip; <a href=\"https:\/\/itemsind.com\/tienda\/producto\/arnes-de-seguridad-v-form\/\" class=\"more-link\">Continue reading <span class=\"screen-reader-text\">Arn\u00e9s de seguridad V-FORM\u2122<\/span><\/a><\/p>\n","protected":false},"featured_media":17563,"template":"","meta":[],"product_brand":[2359],"product_cat":[2252,1311],"product_tag":[1767],"class_list":{"0":"post-17445","1":"product","2":"type-product","3":"status-publish","4":"has-post-thumbnail","6":"product_brand-msa","7":"product_cat-equipo","8":"product_cat-trabajo-alturas","9":"product_tag-arnes","12":"instock","13":"taxable","14":"shipping-taxable","15":"product-type-simple"},"yoast_head":"<!-- This site is optimized with the Yoast SEO plugin v27.1.1 - https:\/\/yoast.com\/product\/yoast-seo-wordpress\/ -->\n<title>Arn\u00e9s de seguridad V-FORM\u2122 - Items Industriales<\/title>\n<meta name=\"robots\" content=\"index, follow, max-snippet:-1, max-image-preview:large, max-video-preview:-1\" \/>\n<link rel=\"canonical\" href=\"https:\/\/itemsind.com\/tienda\/producto\/arnes-de-seguridad-v-form\/\" \/>\n<meta property=\"og:locale\" content=\"es_ES\" \/>\n<meta property=\"og:type\" content=\"article\" \/>\n<meta property=\"og:title\" content=\"Arn\u00e9s de seguridad V-FORM\u2122 - Items Industriales\" \/>\n<meta property=\"og:description\" content=\"El arn\u00e9s V-FORM\u2122 cuenta con una hebilla RaceFORM \u2122 la cual elimina las voluminosas correas del pecho creando un ajuste c\u00f3modo y ce\u00f1ido. El corte atl\u00e9tico del arn\u00e9s V-FORM\u2122 se adapta al cuerpo para mejorar el movimiento en la parte superior del torso, mientras que su dise\u00f1o de ajuste hacia abajo le permite ajustar r\u00e1pidamente &hellip; Continue reading Arn\u00e9s de seguridad V-FORM\u2122\" \/>\n<meta property=\"og:url\" content=\"https:\/\/itemsind.com\/tienda\/producto\/arnes-de-seguridad-v-form\/\" \/>\n<meta property=\"og:site_name\" content=\"Items Industriales\" \/>\n<meta property=\"article:publisher\" content=\"https:\/\/www.facebook.com\/itemsind\" \/>\n<meta property=\"article:modified_time\" content=\"2026-02-26T16:22:25+00:00\" \/>\n<meta property=\"og:image\" content=\"https:\/\/itemsind.com\/tienda\/wp-content\/uploads\/2026\/02\/plantilla-productos-WEBSITE.png\" \/>\n\t<meta property=\"og:image:width\" content=\"1080\" \/>\n\t<meta property=\"og:image:height\" content=\"1080\" \/>\n\t<meta property=\"og:image:type\" content=\"image\/png\" \/>\n<meta name=\"twitter:card\" content=\"summary_large_image\" \/>\n<meta name=\"twitter:label1\" content=\"Tiempo de lectura\" \/>\n\t<meta name=\"twitter:data1\" content=\"1 minuto\" \/>\n<script type=\"application\/ld+json\" class=\"yoast-schema-graph\">{\"@context\":\"https:\/\/schema.org\",\"@graph\":[{\"@type\":\"WebPage\",\"@id\":\"https:\/\/itemsind.com\/tienda\/producto\/arnes-de-seguridad-v-form\/\",\"url\":\"https:\/\/itemsind.com\/tienda\/producto\/arnes-de-seguridad-v-form\/\",\"name\":\"Arn\u00e9s de seguridad V-FORM\u2122 - Items Industriales\",\"isPartOf\":{\"@id\":\"https:\/\/itemsind.com\/tienda\/#website\"},\"primaryImageOfPage\":{\"@id\":\"https:\/\/itemsind.com\/tienda\/producto\/arnes-de-seguridad-v-form\/#primaryimage\"},\"image\":{\"@id\":\"https:\/\/itemsind.com\/tienda\/producto\/arnes-de-seguridad-v-form\/#primaryimage\"},\"thumbnailUrl\":\"https:\/\/itemsind.com\/tienda\/wp-content\/uploads\/2026\/02\/plantilla-productos-WEBSITE.png\",\"datePublished\":\"2026-02-20T18:45:06+00:00\",\"dateModified\":\"2026-02-26T16:22:25+00:00\",\"breadcrumb\":{\"@id\":\"https:\/\/itemsind.com\/tienda\/producto\/arnes-de-seguridad-v-form\/#breadcrumb\"},\"inLanguage\":\"es\",\"potentialAction\":[{\"@type\":\"ReadAction\",\"target\":[\"https:\/\/itemsind.com\/tienda\/producto\/arnes-de-seguridad-v-form\/\"]}]},{\"@type\":\"ImageObject\",\"inLanguage\":\"es\",\"@id\":\"https:\/\/itemsind.com\/tienda\/producto\/arnes-de-seguridad-v-form\/#primaryimage\",\"url\":\"https:\/\/itemsind.com\/tienda\/wp-content\/uploads\/2026\/02\/plantilla-productos-WEBSITE.png\",\"contentUrl\":\"https:\/\/itemsind.com\/tienda\/wp-content\/uploads\/2026\/02\/plantilla-productos-WEBSITE.png\",\"width\":1080,\"height\":1080},{\"@type\":\"BreadcrumbList\",\"@id\":\"https:\/\/itemsind.com\/tienda\/producto\/arnes-de-seguridad-v-form\/#breadcrumb\",\"itemListElement\":[{\"@type\":\"ListItem\",\"position\":1,\"name\":\"Portada\",\"item\":\"https:\/\/itemsind.com\/tienda\/\"},{\"@type\":\"ListItem\",\"position\":2,\"name\":\"Tienda\",\"item\":\"https:\/\/itemsind.com\/tienda\/tienda\/\"},{\"@type\":\"ListItem\",\"position\":3,\"name\":\"Arn\u00e9s de seguridad V-FORM\u2122\"}]},{\"@type\":\"WebSite\",\"@id\":\"https:\/\/itemsind.com\/tienda\/#website\",\"url\":\"https:\/\/itemsind.com\/tienda\/\",\"name\":\"Items Industriales\",\"description\":\"Productos y Servicios para Seguridad Industrial\",\"publisher\":{\"@id\":\"https:\/\/itemsind.com\/tienda\/#organization\"},\"potentialAction\":[{\"@type\":\"SearchAction\",\"target\":{\"@type\":\"EntryPoint\",\"urlTemplate\":\"https:\/\/itemsind.com\/tienda\/?s={search_term_string}\"},\"query-input\":{\"@type\":\"PropertyValueSpecification\",\"valueRequired\":true,\"valueName\":\"search_term_string\"}}],\"inLanguage\":\"es\"},{\"@type\":\"Organization\",\"@id\":\"https:\/\/itemsind.com\/tienda\/#organization\",\"name\":\"Items Industriales\",\"url\":\"https:\/\/itemsind.com\/tienda\/\",\"logo\":{\"@type\":\"ImageObject\",\"inLanguage\":\"es\",\"@id\":\"https:\/\/itemsind.com\/tienda\/#\/schema\/logo\/image\/\",\"url\":\"https:\/\/itemsind.com\/tienda\/wp-content\/uploads\/2023\/11\/items-logo-principal.jpg\",\"contentUrl\":\"https:\/\/itemsind.com\/tienda\/wp-content\/uploads\/2023\/11\/items-logo-principal.jpg\",\"width\":2120,\"height\":793,\"caption\":\"Items Industriales\"},\"image\":{\"@id\":\"https:\/\/itemsind.com\/tienda\/#\/schema\/logo\/image\/\"},\"sameAs\":[\"https:\/\/www.facebook.com\/itemsind\",\"https:\/\/www.instagram.com\/itemsind\/\"]}]}<\/script>\n<!-- \/ Yoast SEO plugin. -->","yoast_head_json":{"title":"Arn\u00e9s de seguridad V-FORM\u2122 - Items Industriales","robots":{"index":"index","follow":"follow","max-snippet":"max-snippet:-1","max-image-preview":"max-image-preview:large","max-video-preview":"max-video-preview:-1"},"canonical":"https:\/\/itemsind.com\/tienda\/producto\/arnes-de-seguridad-v-form\/","og_locale":"es_ES","og_type":"article","og_title":"Arn\u00e9s de seguridad V-FORM\u2122 - Items Industriales","og_description":"El arn\u00e9s V-FORM\u2122 cuenta con una hebilla RaceFORM \u2122 la cual elimina las voluminosas correas del pecho creando un ajuste c\u00f3modo y ce\u00f1ido. El corte atl\u00e9tico del arn\u00e9s V-FORM\u2122 se adapta al cuerpo para mejorar el movimiento en la parte superior del torso, mientras que su dise\u00f1o de ajuste hacia abajo le permite ajustar r\u00e1pidamente &hellip; Continue reading Arn\u00e9s de seguridad V-FORM\u2122","og_url":"https:\/\/itemsind.com\/tienda\/producto\/arnes-de-seguridad-v-form\/","og_site_name":"Items Industriales","article_publisher":"https:\/\/www.facebook.com\/itemsind","article_modified_time":"2026-02-26T16:22:25+00:00","og_image":[{"width":1080,"height":1080,"url":"https:\/\/itemsind.com\/tienda\/wp-content\/uploads\/2026\/02\/plantilla-productos-WEBSITE.png","type":"image\/png"}],"twitter_card":"summary_large_image","twitter_misc":{"Tiempo de lectura":"1 minuto"},"schema":{"@context":"https:\/\/schema.org","@graph":[{"@type":"WebPage","@id":"https:\/\/itemsind.com\/tienda\/producto\/arnes-de-seguridad-v-form\/","url":"https:\/\/itemsind.com\/tienda\/producto\/arnes-de-seguridad-v-form\/","name":"Arn\u00e9s de seguridad V-FORM\u2122 - Items Industriales","isPartOf":{"@id":"https:\/\/itemsind.com\/tienda\/#website"},"primaryImageOfPage":{"@id":"https:\/\/itemsind.com\/tienda\/producto\/arnes-de-seguridad-v-form\/#primaryimage"},"image":{"@id":"https:\/\/itemsind.com\/tienda\/producto\/arnes-de-seguridad-v-form\/#primaryimage"},"thumbnailUrl":"https:\/\/itemsind.com\/tienda\/wp-content\/uploads\/2026\/02\/plantilla-productos-WEBSITE.png","datePublished":"2026-02-20T18:45:06+00:00","dateModified":"2026-02-26T16:22:25+00:00","breadcrumb":{"@id":"https:\/\/itemsind.com\/tienda\/producto\/arnes-de-seguridad-v-form\/#breadcrumb"},"inLanguage":"es","potentialAction":[{"@type":"ReadAction","target":["https:\/\/itemsind.com\/tienda\/producto\/arnes-de-seguridad-v-form\/"]}]},{"@type":"ImageObject","inLanguage":"es","@id":"https:\/\/itemsind.com\/tienda\/producto\/arnes-de-seguridad-v-form\/#primaryimage","url":"https:\/\/itemsind.com\/tienda\/wp-content\/uploads\/2026\/02\/plantilla-productos-WEBSITE.png","contentUrl":"https:\/\/itemsind.com\/tienda\/wp-content\/uploads\/2026\/02\/plantilla-productos-WEBSITE.png","width":1080,"height":1080},{"@type":"BreadcrumbList","@id":"https:\/\/itemsind.com\/tienda\/producto\/arnes-de-seguridad-v-form\/#breadcrumb","itemListElement":[{"@type":"ListItem","position":1,"name":"Portada","item":"https:\/\/itemsind.com\/tienda\/"},{"@type":"ListItem","position":2,"name":"Tienda","item":"https:\/\/itemsind.com\/tienda\/tienda\/"},{"@type":"ListItem","position":3,"name":"Arn\u00e9s de seguridad V-FORM\u2122"}]},{"@type":"WebSite","@id":"https:\/\/itemsind.com\/tienda\/#website","url":"https:\/\/itemsind.com\/tienda\/","name":"Items Industriales","description":"Productos y Servicios para Seguridad Industrial","publisher":{"@id":"https:\/\/itemsind.com\/tienda\/#organization"},"potentialAction":[{"@type":"SearchAction","target":{"@type":"EntryPoint","urlTemplate":"https:\/\/itemsind.com\/tienda\/?s={search_term_string}"},"query-input":{"@type":"PropertyValueSpecification","valueRequired":true,"valueName":"search_term_string"}}],"inLanguage":"es"},{"@type":"Organization","@id":"https:\/\/itemsind.com\/tienda\/#organization","name":"Items Industriales","url":"https:\/\/itemsind.com\/tienda\/","logo":{"@type":"ImageObject","inLanguage":"es","@id":"https:\/\/itemsind.com\/tienda\/#\/schema\/logo\/image\/","url":"https:\/\/itemsind.com\/tienda\/wp-content\/uploads\/2023\/11\/items-logo-principal.jpg","contentUrl":"https:\/\/itemsind.com\/tienda\/wp-content\/uploads\/2023\/11\/items-logo-principal.jpg","width":2120,"height":793,"caption":"Items Industriales"},"image":{"@id":"https:\/\/itemsind.com\/tienda\/#\/schema\/logo\/image\/"},"sameAs":["https:\/\/www.facebook.com\/itemsind","https:\/\/www.instagram.com\/itemsind\/"]}]}},"_links":{"self":[{"href":"https:\/\/itemsind.com\/tienda\/wp-json\/wp\/v2\/product\/17445","targetHints":{"allow":["GET"]}}],"collection":[{"href":"https:\/\/itemsind.com\/tienda\/wp-json\/wp\/v2\/product"}],"about":[{"href":"https:\/\/itemsind.com\/tienda\/wp-json\/wp\/v2\/types\/product"}],"wp:featuredmedia":[{"embeddable":true,"href":"https:\/\/itemsind.com\/tienda\/wp-json\/wp\/v2\/media\/17563"}],"wp:attachment":[{"href":"https:\/\/itemsind.com\/tienda\/wp-json\/wp\/v2\/media?parent=17445"}],"wp:term":[{"taxonomy":"product_brand","embeddable":true,"href":"https:\/\/itemsind.com\/tienda\/wp-json\/wp\/v2\/product_brand?post=17445"},{"taxonomy":"product_cat","embeddable":true,"href":"https:\/\/itemsind.com\/tienda\/wp-json\/wp\/v2\/product_cat?post=17445"},{"taxonomy":"product_tag","embeddable":true,"href":"https:\/\/itemsind.com\/tienda\/wp-json\/wp\/v2\/product_tag?post=17445"}],"curies":[{"name":"wp","href":"https:\/\/api.w.org\/{rel}","templated":true}]}}