{"id":17467,"date":"2026-02-24T16:18:04","date_gmt":"2026-02-24T22:18:04","guid":{"rendered":"https:\/\/itemsind.com\/tienda\/?post_type=product&#038;p=17467"},"modified":"2026-02-24T16:21:11","modified_gmt":"2026-02-24T22:21:11","slug":"traje-de-proteccion-alphatec-1500-plus-cosido-modelo-111","status":"publish","type":"product","link":"https:\/\/itemsind.com\/tienda\/producto\/traje-de-proteccion-alphatec-1500-plus-cosido-modelo-111\/","title":{"rendered":"Traje de protecci\u00f3n AlphaTec\u00ae 1500 PLUS Cosido &#8211; Modelo 111"},"content":{"rendered":"<h3>Caracter\u00edsticas y ventajas claves<\/h3>\n<ul>\n<li><strong>Tejido SMS filtrante de part\u00edculas:<\/strong>\u00a0filtra el 100% de las part\u00edculas de m\u00e1s de 3 micras*.<\/li>\n<li><strong>Permeabilidad al aire y al vapor de agua:<\/strong>\u00a0garantiza la protecci\u00f3n contra el estr\u00e9s t\u00e9rmico<\/li>\n<li><strong>Ajuste corporal optimizado:<\/strong>\u00a0mayor comodidad<\/li>\n<\/ul>\n<div class=\"ans-accordion-item\">\n<div class=\"ans-accordion-body d-xl-block\">\n<div class=\"ans-accordion-body-content\">\n<h3 class=\"d-none d-xl-block\">Aplicaciones ideales<\/h3>\n<ul>\n<li>Desembalaje de productos a granel<\/li>\n<li>Carga y descarga de equipo de procesado<\/li>\n<li>Inspecci\u00f3n superficial de carrocer\u00edas, marcado y retoque<\/li>\n<li>Ensamble &amp; inspecci\u00f3n de componentes<\/li>\n<li>Pintura o limpieza de herramientas o robots<\/li>\n<li>Soporte &amp; mantenimiento de l\u00edneas de soporte<\/li>\n<\/ul>\n<\/div>\n<\/div>\n<\/div>\n<div class=\"ans-accordion-item\">\n<div class=\"ans-accordion-body d-xl-block\">\n<div class=\"ans-accordion-body-content\">\n<h3 class=\"d-none d-xl-block\">Industrias primarias<\/h3>\n<ul>\n<li><strong>Maquinaria y Equipo<\/strong><\/li>\n<li><strong>Ciencias de la Vida<\/strong><\/li>\n<li><strong>Fabricaci\u00f3n de Metal<\/strong><\/li>\n<li><strong>Construcci\u00f3n<\/strong><\/li>\n<li><strong>Qu\u00edmico<\/strong><\/li>\n<\/ul>\n<\/div>\n<\/div>\n<\/div>\n","protected":false},"excerpt":{"rendered":"<p>Caracter\u00edsticas y ventajas claves Tejido SMS filtrante de part\u00edculas:\u00a0filtra el 100% de las part\u00edculas de m\u00e1s de 3 micras*. Permeabilidad al aire y al vapor de agua:\u00a0garantiza la protecci\u00f3n contra el estr\u00e9s t\u00e9rmico Ajuste corporal optimizado:\u00a0mayor comodidad Aplicaciones ideales Desembalaje de productos a granel Carga y descarga de equipo de procesado Inspecci\u00f3n superficial de carrocer\u00edas, &hellip; <a href=\"https:\/\/itemsind.com\/tienda\/producto\/traje-de-proteccion-alphatec-1500-plus-cosido-modelo-111\/\" class=\"more-link\">Continue reading <span class=\"screen-reader-text\">Traje de protecci\u00f3n AlphaTec\u00ae 1500 PLUS Cosido &#8211; Modelo 111<\/span><\/a><\/p>\n","protected":false},"featured_media":17468,"template":"","meta":[],"product_brand":[2356],"product_cat":[2064,1336],"product_tag":[2394],"class_list":{"0":"post-17467","1":"product","2":"type-product","3":"status-publish","4":"has-post-thumbnail","6":"product_brand-ansell","7":"product_cat-proteccion","8":"product_cat-proteccion-ropa","9":"product_tag-ropa-de-proteccion","12":"instock","13":"taxable","14":"shipping-taxable","15":"product-type-simple"},"yoast_head":"<!-- This site is optimized with the Yoast SEO plugin v27.4 - https:\/\/yoast.com\/product\/yoast-seo-wordpress\/ -->\n<title>Traje de protecci\u00f3n AlphaTec\u00ae 1500 PLUS Cosido - Modelo 111 - Items Industriales<\/title>\n<meta name=\"robots\" content=\"index, follow, max-snippet:-1, max-image-preview:large, max-video-preview:-1\" \/>\n<link rel=\"canonical\" href=\"https:\/\/itemsind.com\/tienda\/producto\/traje-de-proteccion-alphatec-1500-plus-cosido-modelo-111\/\" \/>\n<meta property=\"og:locale\" content=\"es_ES\" \/>\n<meta property=\"og:type\" content=\"article\" \/>\n<meta property=\"og:title\" content=\"Traje de protecci\u00f3n AlphaTec\u00ae 1500 PLUS Cosido - Modelo 111 - Items Industriales\" \/>\n<meta property=\"og:description\" content=\"Caracter\u00edsticas y ventajas claves Tejido SMS filtrante de part\u00edculas:\u00a0filtra el 100% de las part\u00edculas de m\u00e1s de 3 micras*. Permeabilidad al aire y al vapor de agua:\u00a0garantiza la protecci\u00f3n contra el estr\u00e9s t\u00e9rmico Ajuste corporal optimizado:\u00a0mayor comodidad Aplicaciones ideales Desembalaje de productos a granel Carga y descarga de equipo de procesado Inspecci\u00f3n superficial de carrocer\u00edas, &hellip; Continue reading Traje de protecci\u00f3n AlphaTec\u00ae 1500 PLUS Cosido &#8211; Modelo 111\" \/>\n<meta property=\"og:url\" content=\"https:\/\/itemsind.com\/tienda\/producto\/traje-de-proteccion-alphatec-1500-plus-cosido-modelo-111\/\" \/>\n<meta property=\"og:site_name\" content=\"Items Industriales\" \/>\n<meta property=\"article:publisher\" content=\"https:\/\/www.facebook.com\/itemsind\" \/>\n<meta property=\"article:modified_time\" content=\"2026-02-24T22:21:11+00:00\" \/>\n<meta property=\"og:image\" content=\"https:\/\/itemsind.com\/tienda\/wp-content\/uploads\/2026\/02\/alphatec-1500-plus_111_blue_product_front-e1771971391696.png\" \/>\n\t<meta property=\"og:image:width\" content=\"100\" \/>\n\t<meta property=\"og:image:height\" content=\"275\" \/>\n\t<meta property=\"og:image:type\" content=\"image\/png\" \/>\n<meta name=\"twitter:card\" content=\"summary_large_image\" \/>\n<meta name=\"twitter:label1\" content=\"Tiempo de lectura\" \/>\n\t<meta name=\"twitter:data1\" content=\"1 minuto\" \/>\n<script type=\"application\/ld+json\" class=\"yoast-schema-graph\">{\"@context\":\"https:\\\/\\\/schema.org\",\"@graph\":[{\"@type\":\"WebPage\",\"@id\":\"https:\\\/\\\/itemsind.com\\\/tienda\\\/producto\\\/traje-de-proteccion-alphatec-1500-plus-cosido-modelo-111\\\/\",\"url\":\"https:\\\/\\\/itemsind.com\\\/tienda\\\/producto\\\/traje-de-proteccion-alphatec-1500-plus-cosido-modelo-111\\\/\",\"name\":\"Traje de protecci\u00f3n AlphaTec\u00ae 1500 PLUS Cosido - Modelo 111 - Items Industriales\",\"isPartOf\":{\"@id\":\"https:\\\/\\\/itemsind.com\\\/tienda\\\/#website\"},\"primaryImageOfPage\":{\"@id\":\"https:\\\/\\\/itemsind.com\\\/tienda\\\/producto\\\/traje-de-proteccion-alphatec-1500-plus-cosido-modelo-111\\\/#primaryimage\"},\"image\":{\"@id\":\"https:\\\/\\\/itemsind.com\\\/tienda\\\/producto\\\/traje-de-proteccion-alphatec-1500-plus-cosido-modelo-111\\\/#primaryimage\"},\"thumbnailUrl\":\"https:\\\/\\\/itemsind.com\\\/tienda\\\/wp-content\\\/uploads\\\/2026\\\/02\\\/alphatec-1500-plus_111_blue_product_front-e1771971391696.png\",\"datePublished\":\"2026-02-24T22:18:04+00:00\",\"dateModified\":\"2026-02-24T22:21:11+00:00\",\"breadcrumb\":{\"@id\":\"https:\\\/\\\/itemsind.com\\\/tienda\\\/producto\\\/traje-de-proteccion-alphatec-1500-plus-cosido-modelo-111\\\/#breadcrumb\"},\"inLanguage\":\"es\",\"potentialAction\":[{\"@type\":\"ReadAction\",\"target\":[\"https:\\\/\\\/itemsind.com\\\/tienda\\\/producto\\\/traje-de-proteccion-alphatec-1500-plus-cosido-modelo-111\\\/\"]}]},{\"@type\":\"ImageObject\",\"inLanguage\":\"es\",\"@id\":\"https:\\\/\\\/itemsind.com\\\/tienda\\\/producto\\\/traje-de-proteccion-alphatec-1500-plus-cosido-modelo-111\\\/#primaryimage\",\"url\":\"https:\\\/\\\/itemsind.com\\\/tienda\\\/wp-content\\\/uploads\\\/2026\\\/02\\\/alphatec-1500-plus_111_blue_product_front-e1771971391696.png\",\"contentUrl\":\"https:\\\/\\\/itemsind.com\\\/tienda\\\/wp-content\\\/uploads\\\/2026\\\/02\\\/alphatec-1500-plus_111_blue_product_front-e1771971391696.png\",\"width\":100,\"height\":275},{\"@type\":\"BreadcrumbList\",\"@id\":\"https:\\\/\\\/itemsind.com\\\/tienda\\\/producto\\\/traje-de-proteccion-alphatec-1500-plus-cosido-modelo-111\\\/#breadcrumb\",\"itemListElement\":[{\"@type\":\"ListItem\",\"position\":1,\"name\":\"Portada\",\"item\":\"https:\\\/\\\/itemsind.com\\\/tienda\\\/\"},{\"@type\":\"ListItem\",\"position\":2,\"name\":\"Tienda\",\"item\":\"https:\\\/\\\/itemsind.com\\\/tienda\\\/tienda\\\/\"},{\"@type\":\"ListItem\",\"position\":3,\"name\":\"Traje de protecci\u00f3n AlphaTec\u00ae 1500 PLUS Cosido &#8211; Modelo 111\"}]},{\"@type\":\"WebSite\",\"@id\":\"https:\\\/\\\/itemsind.com\\\/tienda\\\/#website\",\"url\":\"https:\\\/\\\/itemsind.com\\\/tienda\\\/\",\"name\":\"Items Industriales\",\"description\":\"Productos y Servicios para Seguridad Industrial\",\"publisher\":{\"@id\":\"https:\\\/\\\/itemsind.com\\\/tienda\\\/#organization\"},\"potentialAction\":[{\"@type\":\"SearchAction\",\"target\":{\"@type\":\"EntryPoint\",\"urlTemplate\":\"https:\\\/\\\/itemsind.com\\\/tienda\\\/?s={search_term_string}\"},\"query-input\":{\"@type\":\"PropertyValueSpecification\",\"valueRequired\":true,\"valueName\":\"search_term_string\"}}],\"inLanguage\":\"es\"},{\"@type\":\"Organization\",\"@id\":\"https:\\\/\\\/itemsind.com\\\/tienda\\\/#organization\",\"name\":\"Items Industriales\",\"url\":\"https:\\\/\\\/itemsind.com\\\/tienda\\\/\",\"logo\":{\"@type\":\"ImageObject\",\"inLanguage\":\"es\",\"@id\":\"https:\\\/\\\/itemsind.com\\\/tienda\\\/#\\\/schema\\\/logo\\\/image\\\/\",\"url\":\"https:\\\/\\\/itemsind.com\\\/tienda\\\/wp-content\\\/uploads\\\/2023\\\/11\\\/items-logo-principal.jpg\",\"contentUrl\":\"https:\\\/\\\/itemsind.com\\\/tienda\\\/wp-content\\\/uploads\\\/2023\\\/11\\\/items-logo-principal.jpg\",\"width\":2120,\"height\":793,\"caption\":\"Items Industriales\"},\"image\":{\"@id\":\"https:\\\/\\\/itemsind.com\\\/tienda\\\/#\\\/schema\\\/logo\\\/image\\\/\"},\"sameAs\":[\"https:\\\/\\\/www.facebook.com\\\/itemsind\",\"https:\\\/\\\/www.instagram.com\\\/itemsind\\\/\"]}]}<\/script>\n<!-- \/ Yoast SEO plugin. -->","yoast_head_json":{"title":"Traje de protecci\u00f3n AlphaTec\u00ae 1500 PLUS Cosido - Modelo 111 - Items Industriales","robots":{"index":"index","follow":"follow","max-snippet":"max-snippet:-1","max-image-preview":"max-image-preview:large","max-video-preview":"max-video-preview:-1"},"canonical":"https:\/\/itemsind.com\/tienda\/producto\/traje-de-proteccion-alphatec-1500-plus-cosido-modelo-111\/","og_locale":"es_ES","og_type":"article","og_title":"Traje de protecci\u00f3n AlphaTec\u00ae 1500 PLUS Cosido - Modelo 111 - Items Industriales","og_description":"Caracter\u00edsticas y ventajas claves Tejido SMS filtrante de part\u00edculas:\u00a0filtra el 100% de las part\u00edculas de m\u00e1s de 3 micras*. Permeabilidad al aire y al vapor de agua:\u00a0garantiza la protecci\u00f3n contra el estr\u00e9s t\u00e9rmico Ajuste corporal optimizado:\u00a0mayor comodidad Aplicaciones ideales Desembalaje de productos a granel Carga y descarga de equipo de procesado Inspecci\u00f3n superficial de carrocer\u00edas, &hellip; Continue reading Traje de protecci\u00f3n AlphaTec\u00ae 1500 PLUS Cosido &#8211; Modelo 111","og_url":"https:\/\/itemsind.com\/tienda\/producto\/traje-de-proteccion-alphatec-1500-plus-cosido-modelo-111\/","og_site_name":"Items Industriales","article_publisher":"https:\/\/www.facebook.com\/itemsind","article_modified_time":"2026-02-24T22:21:11+00:00","og_image":[{"width":100,"height":275,"url":"https:\/\/itemsind.com\/tienda\/wp-content\/uploads\/2026\/02\/alphatec-1500-plus_111_blue_product_front-e1771971391696.png","type":"image\/png"}],"twitter_card":"summary_large_image","twitter_misc":{"Tiempo de lectura":"1 minuto"},"schema":{"@context":"https:\/\/schema.org","@graph":[{"@type":"WebPage","@id":"https:\/\/itemsind.com\/tienda\/producto\/traje-de-proteccion-alphatec-1500-plus-cosido-modelo-111\/","url":"https:\/\/itemsind.com\/tienda\/producto\/traje-de-proteccion-alphatec-1500-plus-cosido-modelo-111\/","name":"Traje de protecci\u00f3n AlphaTec\u00ae 1500 PLUS Cosido - Modelo 111 - Items Industriales","isPartOf":{"@id":"https:\/\/itemsind.com\/tienda\/#website"},"primaryImageOfPage":{"@id":"https:\/\/itemsind.com\/tienda\/producto\/traje-de-proteccion-alphatec-1500-plus-cosido-modelo-111\/#primaryimage"},"image":{"@id":"https:\/\/itemsind.com\/tienda\/producto\/traje-de-proteccion-alphatec-1500-plus-cosido-modelo-111\/#primaryimage"},"thumbnailUrl":"https:\/\/itemsind.com\/tienda\/wp-content\/uploads\/2026\/02\/alphatec-1500-plus_111_blue_product_front-e1771971391696.png","datePublished":"2026-02-24T22:18:04+00:00","dateModified":"2026-02-24T22:21:11+00:00","breadcrumb":{"@id":"https:\/\/itemsind.com\/tienda\/producto\/traje-de-proteccion-alphatec-1500-plus-cosido-modelo-111\/#breadcrumb"},"inLanguage":"es","potentialAction":[{"@type":"ReadAction","target":["https:\/\/itemsind.com\/tienda\/producto\/traje-de-proteccion-alphatec-1500-plus-cosido-modelo-111\/"]}]},{"@type":"ImageObject","inLanguage":"es","@id":"https:\/\/itemsind.com\/tienda\/producto\/traje-de-proteccion-alphatec-1500-plus-cosido-modelo-111\/#primaryimage","url":"https:\/\/itemsind.com\/tienda\/wp-content\/uploads\/2026\/02\/alphatec-1500-plus_111_blue_product_front-e1771971391696.png","contentUrl":"https:\/\/itemsind.com\/tienda\/wp-content\/uploads\/2026\/02\/alphatec-1500-plus_111_blue_product_front-e1771971391696.png","width":100,"height":275},{"@type":"BreadcrumbList","@id":"https:\/\/itemsind.com\/tienda\/producto\/traje-de-proteccion-alphatec-1500-plus-cosido-modelo-111\/#breadcrumb","itemListElement":[{"@type":"ListItem","position":1,"name":"Portada","item":"https:\/\/itemsind.com\/tienda\/"},{"@type":"ListItem","position":2,"name":"Tienda","item":"https:\/\/itemsind.com\/tienda\/tienda\/"},{"@type":"ListItem","position":3,"name":"Traje de protecci\u00f3n AlphaTec\u00ae 1500 PLUS Cosido &#8211; Modelo 111"}]},{"@type":"WebSite","@id":"https:\/\/itemsind.com\/tienda\/#website","url":"https:\/\/itemsind.com\/tienda\/","name":"Items Industriales","description":"Productos y Servicios para Seguridad Industrial","publisher":{"@id":"https:\/\/itemsind.com\/tienda\/#organization"},"potentialAction":[{"@type":"SearchAction","target":{"@type":"EntryPoint","urlTemplate":"https:\/\/itemsind.com\/tienda\/?s={search_term_string}"},"query-input":{"@type":"PropertyValueSpecification","valueRequired":true,"valueName":"search_term_string"}}],"inLanguage":"es"},{"@type":"Organization","@id":"https:\/\/itemsind.com\/tienda\/#organization","name":"Items Industriales","url":"https:\/\/itemsind.com\/tienda\/","logo":{"@type":"ImageObject","inLanguage":"es","@id":"https:\/\/itemsind.com\/tienda\/#\/schema\/logo\/image\/","url":"https:\/\/itemsind.com\/tienda\/wp-content\/uploads\/2023\/11\/items-logo-principal.jpg","contentUrl":"https:\/\/itemsind.com\/tienda\/wp-content\/uploads\/2023\/11\/items-logo-principal.jpg","width":2120,"height":793,"caption":"Items Industriales"},"image":{"@id":"https:\/\/itemsind.com\/tienda\/#\/schema\/logo\/image\/"},"sameAs":["https:\/\/www.facebook.com\/itemsind","https:\/\/www.instagram.com\/itemsind\/"]}]}},"_links":{"self":[{"href":"https:\/\/itemsind.com\/tienda\/wp-json\/wp\/v2\/product\/17467","targetHints":{"allow":["GET"]}}],"collection":[{"href":"https:\/\/itemsind.com\/tienda\/wp-json\/wp\/v2\/product"}],"about":[{"href":"https:\/\/itemsind.com\/tienda\/wp-json\/wp\/v2\/types\/product"}],"wp:featuredmedia":[{"embeddable":true,"href":"https:\/\/itemsind.com\/tienda\/wp-json\/wp\/v2\/media\/17468"}],"wp:attachment":[{"href":"https:\/\/itemsind.com\/tienda\/wp-json\/wp\/v2\/media?parent=17467"}],"wp:term":[{"taxonomy":"product_brand","embeddable":true,"href":"https:\/\/itemsind.com\/tienda\/wp-json\/wp\/v2\/product_brand?post=17467"},{"taxonomy":"product_cat","embeddable":true,"href":"https:\/\/itemsind.com\/tienda\/wp-json\/wp\/v2\/product_cat?post=17467"},{"taxonomy":"product_tag","embeddable":true,"href":"https:\/\/itemsind.com\/tienda\/wp-json\/wp\/v2\/product_tag?post=17467"}],"curies":[{"name":"wp","href":"https:\/\/api.w.org\/{rel}","templated":true}]}}