{"id":17524,"date":"2026-02-25T12:34:24","date_gmt":"2026-02-25T18:34:24","guid":{"rendered":"https:\/\/itemsind.com\/tienda\/?post_type=product&#038;p=17524"},"modified":"2026-02-25T12:34:25","modified_gmt":"2026-02-25T18:34:25","slug":"guantes-desechables-microflex-93-260-nitrilo-neopreno-11-largo","status":"publish","type":"product","link":"https:\/\/itemsind.com\/tienda\/producto\/guantes-desechables-microflex-93-260-nitrilo-neopreno-11-largo\/","title":{"rendered":"Guantes desechables MICROFLEX\u2122 93-260 Nitrilo\/Neopreno 11&#8243; largo"},"content":{"rendered":"<h3>Caracter\u00edsticas y ventajas claves<\/h3>\n<ul>\n<li><strong>Dise\u00f1o de tres capas:<\/strong>\u00a0Ofrece resistencia a productos qu\u00edmicos agresivos<\/li>\n<li><strong>El guante desechable m\u00e1s fino resistente a productos qu\u00edmicos:<\/strong>\u00a0Para tacto y destreza<\/li>\n<li><strong>Bajo AQL:<\/strong>\u00a00.65 AQL para agujeros de alfiler permitidos significa una integridad excepcional de la barrera<\/li>\n<\/ul>\n<div class=\"ans-accordion-item\">\n<div class=\"ans-accordion-body d-xl-block\">\n<div class=\"ans-accordion-body-content\">\n<h3 class=\"d-none d-xl-block\">Aplicaciones ideales<\/h3>\n<ul>\n<li>Inspecci\u00f3n, selecci\u00f3n, revisi\u00f3n de piezas<\/li>\n<li>Montaje e inspecci\u00f3n de componentes<\/li>\n<li>Mantenimiento y reparaci\u00f3n de equipos<\/li>\n<li>Soporte y mantenimiento de l\u00edneas de producci\u00f3n<\/li>\n<li>Uso General en Postventa automotriz<\/li>\n<li>Cambio de aceites, fluidos y filtros<\/li>\n<li>Mezcla y formulaci\u00f3n de s\u00f3lidos y l\u00edquidos<\/li>\n<li>Toma y procesado de muestras<\/li>\n<li>Transferencia de l\u00edquidos y s\u00f3lidos entre buques, tanques y equipos de procesado<\/li>\n<\/ul>\n<\/div>\n<\/div>\n<\/div>\n<div class=\"ans-accordion-item\">\n<div class=\"ans-accordion-body d-xl-block\">\n<div class=\"ans-accordion-body-content\">\n<h3 class=\"d-none d-xl-block\">Industrias primarias<\/h3>\n<ul>\n<li><strong>Aeroespacial<\/strong><\/li>\n<li><strong>Automotriz<\/strong><\/li>\n<li><strong>Mercado Postventa Automotriz<\/strong><\/li>\n<li><strong>Ciencias de la Vida<\/strong><\/li>\n<li><strong>Agricultura<\/strong><\/li>\n<li><strong>Mantenimiento de Infraestructuras<\/strong><\/li>\n<li><strong>Qu\u00edmico<\/strong><\/li>\n<\/ul>\n<\/div>\n<\/div>\n<\/div>\n","protected":false},"excerpt":{"rendered":"<p>Caracter\u00edsticas y ventajas claves Dise\u00f1o de tres capas:\u00a0Ofrece resistencia a productos qu\u00edmicos agresivos El guante desechable m\u00e1s fino resistente a productos qu\u00edmicos:\u00a0Para tacto y destreza Bajo AQL:\u00a00.65 AQL para agujeros de alfiler permitidos significa una integridad excepcional de la barrera Aplicaciones ideales Inspecci\u00f3n, selecci\u00f3n, revisi\u00f3n de piezas Montaje e inspecci\u00f3n de componentes Mantenimiento y reparaci\u00f3n &hellip; <a href=\"https:\/\/itemsind.com\/tienda\/producto\/guantes-desechables-microflex-93-260-nitrilo-neopreno-11-largo\/\" class=\"more-link\">Continue reading <span class=\"screen-reader-text\">Guantes desechables MICROFLEX\u2122 93-260 Nitrilo\/Neopreno 11&#8243; largo<\/span><\/a><\/p>\n","protected":false},"featured_media":17525,"template":"","meta":[],"product_brand":[2356],"product_cat":[1384,2064],"product_tag":[2272,2395],"class_list":{"0":"post-17524","1":"product","2":"type-product","3":"status-publish","4":"has-post-thumbnail","6":"product_brand-ansell","7":"product_cat-proteccion-de-manos-brazos","8":"product_cat-proteccion","9":"product_tag-guantes","10":"product_tag-guantes-desechables","13":"instock","14":"taxable","15":"shipping-taxable","16":"product-type-simple"},"yoast_head":"<!-- This site is optimized with the Yoast SEO plugin v27.4 - https:\/\/yoast.com\/product\/yoast-seo-wordpress\/ -->\n<title>Guantes desechables MICROFLEX\u2122 93-260 Nitrilo\/Neopreno 11&quot; largo - Items Industriales<\/title>\n<meta name=\"robots\" content=\"index, follow, max-snippet:-1, max-image-preview:large, max-video-preview:-1\" \/>\n<link rel=\"canonical\" href=\"https:\/\/itemsind.com\/tienda\/producto\/guantes-desechables-microflex-93-260-nitrilo-neopreno-11-largo\/\" \/>\n<meta property=\"og:locale\" content=\"es_ES\" \/>\n<meta property=\"og:type\" content=\"article\" \/>\n<meta property=\"og:title\" content=\"Guantes desechables MICROFLEX\u2122 93-260 Nitrilo\/Neopreno 11&quot; largo - Items Industriales\" \/>\n<meta property=\"og:description\" content=\"Caracter\u00edsticas y ventajas claves Dise\u00f1o de tres capas:\u00a0Ofrece resistencia a productos qu\u00edmicos agresivos El guante desechable m\u00e1s fino resistente a productos qu\u00edmicos:\u00a0Para tacto y destreza Bajo AQL:\u00a00.65 AQL para agujeros de alfiler permitidos significa una integridad excepcional de la barrera Aplicaciones ideales Inspecci\u00f3n, selecci\u00f3n, revisi\u00f3n de piezas Montaje e inspecci\u00f3n de componentes Mantenimiento y reparaci\u00f3n &hellip; Continue reading Guantes desechables MICROFLEX\u2122 93-260 Nitrilo\/Neopreno 11&#8243; largo\" \/>\n<meta property=\"og:url\" content=\"https:\/\/itemsind.com\/tienda\/producto\/guantes-desechables-microflex-93-260-nitrilo-neopreno-11-largo\/\" \/>\n<meta property=\"og:site_name\" content=\"Items Industriales\" \/>\n<meta property=\"article:publisher\" content=\"https:\/\/www.facebook.com\/itemsind\" \/>\n<meta property=\"article:modified_time\" content=\"2026-02-25T18:34:25+00:00\" \/>\n<meta property=\"og:image\" content=\"https:\/\/itemsind.com\/tienda\/wp-content\/uploads\/2026\/02\/microflex-93-260-green-synthetic-composite-product-donning-glove.png\" \/>\n\t<meta property=\"og:image:width\" content=\"1200\" \/>\n\t<meta property=\"og:image:height\" content=\"823\" \/>\n\t<meta property=\"og:image:type\" content=\"image\/png\" \/>\n<meta name=\"twitter:card\" content=\"summary_large_image\" \/>\n<meta name=\"twitter:label1\" content=\"Tiempo de lectura\" \/>\n\t<meta name=\"twitter:data1\" content=\"1 minuto\" \/>\n<script type=\"application\/ld+json\" class=\"yoast-schema-graph\">{\"@context\":\"https:\\\/\\\/schema.org\",\"@graph\":[{\"@type\":\"WebPage\",\"@id\":\"https:\\\/\\\/itemsind.com\\\/tienda\\\/producto\\\/guantes-desechables-microflex-93-260-nitrilo-neopreno-11-largo\\\/\",\"url\":\"https:\\\/\\\/itemsind.com\\\/tienda\\\/producto\\\/guantes-desechables-microflex-93-260-nitrilo-neopreno-11-largo\\\/\",\"name\":\"Guantes desechables MICROFLEX\u2122 93-260 Nitrilo\\\/Neopreno 11\\\" largo - Items Industriales\",\"isPartOf\":{\"@id\":\"https:\\\/\\\/itemsind.com\\\/tienda\\\/#website\"},\"primaryImageOfPage\":{\"@id\":\"https:\\\/\\\/itemsind.com\\\/tienda\\\/producto\\\/guantes-desechables-microflex-93-260-nitrilo-neopreno-11-largo\\\/#primaryimage\"},\"image\":{\"@id\":\"https:\\\/\\\/itemsind.com\\\/tienda\\\/producto\\\/guantes-desechables-microflex-93-260-nitrilo-neopreno-11-largo\\\/#primaryimage\"},\"thumbnailUrl\":\"https:\\\/\\\/itemsind.com\\\/tienda\\\/wp-content\\\/uploads\\\/2026\\\/02\\\/microflex-93-260-green-synthetic-composite-product-donning-glove.png\",\"datePublished\":\"2026-02-25T18:34:24+00:00\",\"dateModified\":\"2026-02-25T18:34:25+00:00\",\"breadcrumb\":{\"@id\":\"https:\\\/\\\/itemsind.com\\\/tienda\\\/producto\\\/guantes-desechables-microflex-93-260-nitrilo-neopreno-11-largo\\\/#breadcrumb\"},\"inLanguage\":\"es\",\"potentialAction\":[{\"@type\":\"ReadAction\",\"target\":[\"https:\\\/\\\/itemsind.com\\\/tienda\\\/producto\\\/guantes-desechables-microflex-93-260-nitrilo-neopreno-11-largo\\\/\"]}]},{\"@type\":\"ImageObject\",\"inLanguage\":\"es\",\"@id\":\"https:\\\/\\\/itemsind.com\\\/tienda\\\/producto\\\/guantes-desechables-microflex-93-260-nitrilo-neopreno-11-largo\\\/#primaryimage\",\"url\":\"https:\\\/\\\/itemsind.com\\\/tienda\\\/wp-content\\\/uploads\\\/2026\\\/02\\\/microflex-93-260-green-synthetic-composite-product-donning-glove.png\",\"contentUrl\":\"https:\\\/\\\/itemsind.com\\\/tienda\\\/wp-content\\\/uploads\\\/2026\\\/02\\\/microflex-93-260-green-synthetic-composite-product-donning-glove.png\",\"width\":1200,\"height\":823},{\"@type\":\"BreadcrumbList\",\"@id\":\"https:\\\/\\\/itemsind.com\\\/tienda\\\/producto\\\/guantes-desechables-microflex-93-260-nitrilo-neopreno-11-largo\\\/#breadcrumb\",\"itemListElement\":[{\"@type\":\"ListItem\",\"position\":1,\"name\":\"Portada\",\"item\":\"https:\\\/\\\/itemsind.com\\\/tienda\\\/\"},{\"@type\":\"ListItem\",\"position\":2,\"name\":\"Tienda\",\"item\":\"https:\\\/\\\/itemsind.com\\\/tienda\\\/tienda\\\/\"},{\"@type\":\"ListItem\",\"position\":3,\"name\":\"Guantes desechables MICROFLEX\u2122 93-260 Nitrilo\\\/Neopreno 11&#8243; largo\"}]},{\"@type\":\"WebSite\",\"@id\":\"https:\\\/\\\/itemsind.com\\\/tienda\\\/#website\",\"url\":\"https:\\\/\\\/itemsind.com\\\/tienda\\\/\",\"name\":\"Items Industriales\",\"description\":\"Productos y Servicios para Seguridad Industrial\",\"publisher\":{\"@id\":\"https:\\\/\\\/itemsind.com\\\/tienda\\\/#organization\"},\"potentialAction\":[{\"@type\":\"SearchAction\",\"target\":{\"@type\":\"EntryPoint\",\"urlTemplate\":\"https:\\\/\\\/itemsind.com\\\/tienda\\\/?s={search_term_string}\"},\"query-input\":{\"@type\":\"PropertyValueSpecification\",\"valueRequired\":true,\"valueName\":\"search_term_string\"}}],\"inLanguage\":\"es\"},{\"@type\":\"Organization\",\"@id\":\"https:\\\/\\\/itemsind.com\\\/tienda\\\/#organization\",\"name\":\"Items Industriales\",\"url\":\"https:\\\/\\\/itemsind.com\\\/tienda\\\/\",\"logo\":{\"@type\":\"ImageObject\",\"inLanguage\":\"es\",\"@id\":\"https:\\\/\\\/itemsind.com\\\/tienda\\\/#\\\/schema\\\/logo\\\/image\\\/\",\"url\":\"https:\\\/\\\/itemsind.com\\\/tienda\\\/wp-content\\\/uploads\\\/2023\\\/11\\\/items-logo-principal.jpg\",\"contentUrl\":\"https:\\\/\\\/itemsind.com\\\/tienda\\\/wp-content\\\/uploads\\\/2023\\\/11\\\/items-logo-principal.jpg\",\"width\":2120,\"height\":793,\"caption\":\"Items Industriales\"},\"image\":{\"@id\":\"https:\\\/\\\/itemsind.com\\\/tienda\\\/#\\\/schema\\\/logo\\\/image\\\/\"},\"sameAs\":[\"https:\\\/\\\/www.facebook.com\\\/itemsind\",\"https:\\\/\\\/www.instagram.com\\\/itemsind\\\/\"]}]}<\/script>\n<!-- \/ Yoast SEO plugin. -->","yoast_head_json":{"title":"Guantes desechables MICROFLEX\u2122 93-260 Nitrilo\/Neopreno 11\" largo - Items Industriales","robots":{"index":"index","follow":"follow","max-snippet":"max-snippet:-1","max-image-preview":"max-image-preview:large","max-video-preview":"max-video-preview:-1"},"canonical":"https:\/\/itemsind.com\/tienda\/producto\/guantes-desechables-microflex-93-260-nitrilo-neopreno-11-largo\/","og_locale":"es_ES","og_type":"article","og_title":"Guantes desechables MICROFLEX\u2122 93-260 Nitrilo\/Neopreno 11\" largo - Items Industriales","og_description":"Caracter\u00edsticas y ventajas claves Dise\u00f1o de tres capas:\u00a0Ofrece resistencia a productos qu\u00edmicos agresivos El guante desechable m\u00e1s fino resistente a productos qu\u00edmicos:\u00a0Para tacto y destreza Bajo AQL:\u00a00.65 AQL para agujeros de alfiler permitidos significa una integridad excepcional de la barrera Aplicaciones ideales Inspecci\u00f3n, selecci\u00f3n, revisi\u00f3n de piezas Montaje e inspecci\u00f3n de componentes Mantenimiento y reparaci\u00f3n &hellip; Continue reading Guantes desechables MICROFLEX\u2122 93-260 Nitrilo\/Neopreno 11&#8243; largo","og_url":"https:\/\/itemsind.com\/tienda\/producto\/guantes-desechables-microflex-93-260-nitrilo-neopreno-11-largo\/","og_site_name":"Items Industriales","article_publisher":"https:\/\/www.facebook.com\/itemsind","article_modified_time":"2026-02-25T18:34:25+00:00","og_image":[{"width":1200,"height":823,"url":"https:\/\/itemsind.com\/tienda\/wp-content\/uploads\/2026\/02\/microflex-93-260-green-synthetic-composite-product-donning-glove.png","type":"image\/png"}],"twitter_card":"summary_large_image","twitter_misc":{"Tiempo de lectura":"1 minuto"},"schema":{"@context":"https:\/\/schema.org","@graph":[{"@type":"WebPage","@id":"https:\/\/itemsind.com\/tienda\/producto\/guantes-desechables-microflex-93-260-nitrilo-neopreno-11-largo\/","url":"https:\/\/itemsind.com\/tienda\/producto\/guantes-desechables-microflex-93-260-nitrilo-neopreno-11-largo\/","name":"Guantes desechables MICROFLEX\u2122 93-260 Nitrilo\/Neopreno 11\" largo - Items Industriales","isPartOf":{"@id":"https:\/\/itemsind.com\/tienda\/#website"},"primaryImageOfPage":{"@id":"https:\/\/itemsind.com\/tienda\/producto\/guantes-desechables-microflex-93-260-nitrilo-neopreno-11-largo\/#primaryimage"},"image":{"@id":"https:\/\/itemsind.com\/tienda\/producto\/guantes-desechables-microflex-93-260-nitrilo-neopreno-11-largo\/#primaryimage"},"thumbnailUrl":"https:\/\/itemsind.com\/tienda\/wp-content\/uploads\/2026\/02\/microflex-93-260-green-synthetic-composite-product-donning-glove.png","datePublished":"2026-02-25T18:34:24+00:00","dateModified":"2026-02-25T18:34:25+00:00","breadcrumb":{"@id":"https:\/\/itemsind.com\/tienda\/producto\/guantes-desechables-microflex-93-260-nitrilo-neopreno-11-largo\/#breadcrumb"},"inLanguage":"es","potentialAction":[{"@type":"ReadAction","target":["https:\/\/itemsind.com\/tienda\/producto\/guantes-desechables-microflex-93-260-nitrilo-neopreno-11-largo\/"]}]},{"@type":"ImageObject","inLanguage":"es","@id":"https:\/\/itemsind.com\/tienda\/producto\/guantes-desechables-microflex-93-260-nitrilo-neopreno-11-largo\/#primaryimage","url":"https:\/\/itemsind.com\/tienda\/wp-content\/uploads\/2026\/02\/microflex-93-260-green-synthetic-composite-product-donning-glove.png","contentUrl":"https:\/\/itemsind.com\/tienda\/wp-content\/uploads\/2026\/02\/microflex-93-260-green-synthetic-composite-product-donning-glove.png","width":1200,"height":823},{"@type":"BreadcrumbList","@id":"https:\/\/itemsind.com\/tienda\/producto\/guantes-desechables-microflex-93-260-nitrilo-neopreno-11-largo\/#breadcrumb","itemListElement":[{"@type":"ListItem","position":1,"name":"Portada","item":"https:\/\/itemsind.com\/tienda\/"},{"@type":"ListItem","position":2,"name":"Tienda","item":"https:\/\/itemsind.com\/tienda\/tienda\/"},{"@type":"ListItem","position":3,"name":"Guantes desechables MICROFLEX\u2122 93-260 Nitrilo\/Neopreno 11&#8243; largo"}]},{"@type":"WebSite","@id":"https:\/\/itemsind.com\/tienda\/#website","url":"https:\/\/itemsind.com\/tienda\/","name":"Items Industriales","description":"Productos y Servicios para Seguridad Industrial","publisher":{"@id":"https:\/\/itemsind.com\/tienda\/#organization"},"potentialAction":[{"@type":"SearchAction","target":{"@type":"EntryPoint","urlTemplate":"https:\/\/itemsind.com\/tienda\/?s={search_term_string}"},"query-input":{"@type":"PropertyValueSpecification","valueRequired":true,"valueName":"search_term_string"}}],"inLanguage":"es"},{"@type":"Organization","@id":"https:\/\/itemsind.com\/tienda\/#organization","name":"Items Industriales","url":"https:\/\/itemsind.com\/tienda\/","logo":{"@type":"ImageObject","inLanguage":"es","@id":"https:\/\/itemsind.com\/tienda\/#\/schema\/logo\/image\/","url":"https:\/\/itemsind.com\/tienda\/wp-content\/uploads\/2023\/11\/items-logo-principal.jpg","contentUrl":"https:\/\/itemsind.com\/tienda\/wp-content\/uploads\/2023\/11\/items-logo-principal.jpg","width":2120,"height":793,"caption":"Items Industriales"},"image":{"@id":"https:\/\/itemsind.com\/tienda\/#\/schema\/logo\/image\/"},"sameAs":["https:\/\/www.facebook.com\/itemsind","https:\/\/www.instagram.com\/itemsind\/"]}]}},"_links":{"self":[{"href":"https:\/\/itemsind.com\/tienda\/wp-json\/wp\/v2\/product\/17524","targetHints":{"allow":["GET"]}}],"collection":[{"href":"https:\/\/itemsind.com\/tienda\/wp-json\/wp\/v2\/product"}],"about":[{"href":"https:\/\/itemsind.com\/tienda\/wp-json\/wp\/v2\/types\/product"}],"wp:featuredmedia":[{"embeddable":true,"href":"https:\/\/itemsind.com\/tienda\/wp-json\/wp\/v2\/media\/17525"}],"wp:attachment":[{"href":"https:\/\/itemsind.com\/tienda\/wp-json\/wp\/v2\/media?parent=17524"}],"wp:term":[{"taxonomy":"product_brand","embeddable":true,"href":"https:\/\/itemsind.com\/tienda\/wp-json\/wp\/v2\/product_brand?post=17524"},{"taxonomy":"product_cat","embeddable":true,"href":"https:\/\/itemsind.com\/tienda\/wp-json\/wp\/v2\/product_cat?post=17524"},{"taxonomy":"product_tag","embeddable":true,"href":"https:\/\/itemsind.com\/tienda\/wp-json\/wp\/v2\/product_tag?post=17524"}],"curies":[{"name":"wp","href":"https:\/\/api.w.org\/{rel}","templated":true}]}}