{"id":17588,"date":"2026-02-27T15:18:09","date_gmt":"2026-02-27T21:18:09","guid":{"rendered":"https:\/\/itemsind.com\/tienda\/?post_type=product&#038;p=17588"},"modified":"2026-02-27T15:18:27","modified_gmt":"2026-02-27T21:18:27","slug":"guante-hyflex-11-819-esd","status":"publish","type":"product","link":"https:\/\/itemsind.com\/tienda\/producto\/guante-hyflex-11-819-esd\/","title":{"rendered":"Guante HyFlex\u2122 11-819 ESD"},"content":{"rendered":"<div class=\"intro\">\n<p>Guantes duraderos y compatibles con pantallas t\u00e1ctiles que protegen contra las descargas electrost\u00e1ticas.<\/p>\n<\/div>\n<div class=\"details\">\n<h3>Caracter\u00edsticas y ventajas claves<\/h3>\n<ul>\n<li><strong>Funcionalidad ESD:<\/strong>\u00a0Protecci\u00f3n a los productos de las descargas electrost\u00e1ticas<\/li>\n<li><strong>Recubrimiento ultrafino de espuma de nitrilo:<\/strong>\u00a0Tactilidad compatible con pantallas t\u00e1ctiles<\/li>\n<li><strong>Resistencia a la abrasi\u00f3n FORTIX\u2122:<\/strong>\u00a02 veces m\u00e1s agarre, hasta un 20% m\u00e1s de durabilidad<\/li>\n<\/ul>\n<div class=\"ans-accordion-item\">\n<div class=\"ans-accordion-body d-xl-block\">\n<div class=\"ans-accordion-body-content\">\n<h3 class=\"d-none d-xl-block\">Aplicaciones ideales<\/h3>\n<ul>\n<li>Manipulaci\u00f3n en general<\/li>\n<li>Montaje y desmantelamiento<\/li>\n<li>Operaci\u00f3n con m\u00e1quinas herramientas<\/li>\n<li>Inspecci\u00f3n de calidad<\/li>\n<li>Aplicaciones que requieren destreza y precisi\u00f3n\u200b<\/li>\n<li>Compatibles con pantallas t\u00e1ctiles de dispositivos industriales y personales<\/li>\n<li>Entornos que requieren protecci\u00f3n electrost\u00e1tica<\/li>\n<li>Operaciones log\u00edsticas y de almac\u00e9n<\/li>\n<\/ul>\n<\/div>\n<\/div>\n<\/div>\n<div class=\"ans-accordion-item\">\n<div class=\"ans-accordion-body d-xl-block\">\n<div class=\"ans-accordion-body-content\">\n<h3 class=\"d-none d-xl-block\">Industrias primarias<\/h3>\n<ul>\n<li><strong>Aeroespacial<\/strong><\/li>\n<li><strong>Automotriz<\/strong><\/li>\n<li><strong>Industria<\/strong><\/li>\n<li><strong>Electrodom\u00e9sticos<\/strong><\/li>\n<\/ul>\n<\/div>\n<\/div>\n<\/div>\n<\/div>\n","protected":false},"excerpt":{"rendered":"<p>Guantes duraderos y compatibles con pantallas t\u00e1ctiles que protegen contra las descargas electrost\u00e1ticas. Caracter\u00edsticas y ventajas claves Funcionalidad ESD:\u00a0Protecci\u00f3n a los productos de las descargas electrost\u00e1ticas Recubrimiento ultrafino de espuma de nitrilo:\u00a0Tactilidad compatible con pantallas t\u00e1ctiles Resistencia a la abrasi\u00f3n FORTIX\u2122:\u00a02 veces m\u00e1s agarre, hasta un 20% m\u00e1s de durabilidad Aplicaciones ideales Manipulaci\u00f3n en general &hellip; <a href=\"https:\/\/itemsind.com\/tienda\/producto\/guante-hyflex-11-819-esd\/\" class=\"more-link\">Continue reading <span class=\"screen-reader-text\">Guante HyFlex\u2122 11-819 ESD<\/span><\/a><\/p>\n","protected":false},"featured_media":17587,"template":"","meta":[],"product_brand":[2356],"product_cat":[1384,2064],"product_tag":[2225,2272],"class_list":{"0":"post-17588","1":"product","2":"type-product","3":"status-publish","4":"has-post-thumbnail","6":"product_brand-ansell","7":"product_cat-proteccion-de-manos-brazos","8":"product_cat-proteccion","9":"product_tag-guante","10":"product_tag-guantes","13":"instock","14":"taxable","15":"shipping-taxable","16":"product-type-simple"},"yoast_head":"<!-- This site is optimized with the Yoast SEO plugin v27.4 - https:\/\/yoast.com\/product\/yoast-seo-wordpress\/ -->\n<title>Guante HyFlex\u2122 11-819 ESD - Items Industriales<\/title>\n<meta name=\"robots\" content=\"index, follow, max-snippet:-1, max-image-preview:large, max-video-preview:-1\" \/>\n<link rel=\"canonical\" href=\"https:\/\/itemsind.com\/tienda\/producto\/guante-hyflex-11-819-esd\/\" \/>\n<meta property=\"og:locale\" content=\"es_ES\" \/>\n<meta property=\"og:type\" content=\"article\" \/>\n<meta property=\"og:title\" content=\"Guante HyFlex\u2122 11-819 ESD - Items Industriales\" \/>\n<meta property=\"og:description\" content=\"Guantes duraderos y compatibles con pantallas t\u00e1ctiles que protegen contra las descargas electrost\u00e1ticas. Caracter\u00edsticas y ventajas claves Funcionalidad ESD:\u00a0Protecci\u00f3n a los productos de las descargas electrost\u00e1ticas Recubrimiento ultrafino de espuma de nitrilo:\u00a0Tactilidad compatible con pantallas t\u00e1ctiles Resistencia a la abrasi\u00f3n FORTIX\u2122:\u00a02 veces m\u00e1s agarre, hasta un 20% m\u00e1s de durabilidad Aplicaciones ideales Manipulaci\u00f3n en general &hellip; Continue reading Guante HyFlex\u2122 11-819 ESD\" \/>\n<meta property=\"og:url\" content=\"https:\/\/itemsind.com\/tienda\/producto\/guante-hyflex-11-819-esd\/\" \/>\n<meta property=\"og:site_name\" content=\"Items Industriales\" \/>\n<meta property=\"article:publisher\" content=\"https:\/\/www.facebook.com\/itemsind\" \/>\n<meta property=\"article:modified_time\" content=\"2026-02-27T21:18:27+00:00\" \/>\n<meta property=\"og:image\" content=\"https:\/\/itemsind.com\/tienda\/wp-content\/uploads\/2026\/02\/plantilla-productos-WEBSITE-8.png\" \/>\n\t<meta property=\"og:image:width\" content=\"1080\" \/>\n\t<meta property=\"og:image:height\" content=\"1080\" \/>\n\t<meta property=\"og:image:type\" content=\"image\/png\" \/>\n<meta name=\"twitter:card\" content=\"summary_large_image\" \/>\n<meta name=\"twitter:label1\" content=\"Tiempo de lectura\" \/>\n\t<meta name=\"twitter:data1\" content=\"1 minuto\" \/>\n<script type=\"application\/ld+json\" class=\"yoast-schema-graph\">{\"@context\":\"https:\\\/\\\/schema.org\",\"@graph\":[{\"@type\":\"WebPage\",\"@id\":\"https:\\\/\\\/itemsind.com\\\/tienda\\\/producto\\\/guante-hyflex-11-819-esd\\\/\",\"url\":\"https:\\\/\\\/itemsind.com\\\/tienda\\\/producto\\\/guante-hyflex-11-819-esd\\\/\",\"name\":\"Guante HyFlex\u2122 11-819 ESD - Items Industriales\",\"isPartOf\":{\"@id\":\"https:\\\/\\\/itemsind.com\\\/tienda\\\/#website\"},\"primaryImageOfPage\":{\"@id\":\"https:\\\/\\\/itemsind.com\\\/tienda\\\/producto\\\/guante-hyflex-11-819-esd\\\/#primaryimage\"},\"image\":{\"@id\":\"https:\\\/\\\/itemsind.com\\\/tienda\\\/producto\\\/guante-hyflex-11-819-esd\\\/#primaryimage\"},\"thumbnailUrl\":\"https:\\\/\\\/itemsind.com\\\/tienda\\\/wp-content\\\/uploads\\\/2026\\\/02\\\/plantilla-productos-WEBSITE-8.png\",\"datePublished\":\"2026-02-27T21:18:09+00:00\",\"dateModified\":\"2026-02-27T21:18:27+00:00\",\"breadcrumb\":{\"@id\":\"https:\\\/\\\/itemsind.com\\\/tienda\\\/producto\\\/guante-hyflex-11-819-esd\\\/#breadcrumb\"},\"inLanguage\":\"es\",\"potentialAction\":[{\"@type\":\"ReadAction\",\"target\":[\"https:\\\/\\\/itemsind.com\\\/tienda\\\/producto\\\/guante-hyflex-11-819-esd\\\/\"]}]},{\"@type\":\"ImageObject\",\"inLanguage\":\"es\",\"@id\":\"https:\\\/\\\/itemsind.com\\\/tienda\\\/producto\\\/guante-hyflex-11-819-esd\\\/#primaryimage\",\"url\":\"https:\\\/\\\/itemsind.com\\\/tienda\\\/wp-content\\\/uploads\\\/2026\\\/02\\\/plantilla-productos-WEBSITE-8.png\",\"contentUrl\":\"https:\\\/\\\/itemsind.com\\\/tienda\\\/wp-content\\\/uploads\\\/2026\\\/02\\\/plantilla-productos-WEBSITE-8.png\",\"width\":1080,\"height\":1080},{\"@type\":\"BreadcrumbList\",\"@id\":\"https:\\\/\\\/itemsind.com\\\/tienda\\\/producto\\\/guante-hyflex-11-819-esd\\\/#breadcrumb\",\"itemListElement\":[{\"@type\":\"ListItem\",\"position\":1,\"name\":\"Portada\",\"item\":\"https:\\\/\\\/itemsind.com\\\/tienda\\\/\"},{\"@type\":\"ListItem\",\"position\":2,\"name\":\"Tienda\",\"item\":\"https:\\\/\\\/itemsind.com\\\/tienda\\\/tienda\\\/\"},{\"@type\":\"ListItem\",\"position\":3,\"name\":\"Guante HyFlex\u2122 11-819 ESD\"}]},{\"@type\":\"WebSite\",\"@id\":\"https:\\\/\\\/itemsind.com\\\/tienda\\\/#website\",\"url\":\"https:\\\/\\\/itemsind.com\\\/tienda\\\/\",\"name\":\"Items Industriales\",\"description\":\"Productos y Servicios para Seguridad Industrial\",\"publisher\":{\"@id\":\"https:\\\/\\\/itemsind.com\\\/tienda\\\/#organization\"},\"potentialAction\":[{\"@type\":\"SearchAction\",\"target\":{\"@type\":\"EntryPoint\",\"urlTemplate\":\"https:\\\/\\\/itemsind.com\\\/tienda\\\/?s={search_term_string}\"},\"query-input\":{\"@type\":\"PropertyValueSpecification\",\"valueRequired\":true,\"valueName\":\"search_term_string\"}}],\"inLanguage\":\"es\"},{\"@type\":\"Organization\",\"@id\":\"https:\\\/\\\/itemsind.com\\\/tienda\\\/#organization\",\"name\":\"Items Industriales\",\"url\":\"https:\\\/\\\/itemsind.com\\\/tienda\\\/\",\"logo\":{\"@type\":\"ImageObject\",\"inLanguage\":\"es\",\"@id\":\"https:\\\/\\\/itemsind.com\\\/tienda\\\/#\\\/schema\\\/logo\\\/image\\\/\",\"url\":\"https:\\\/\\\/itemsind.com\\\/tienda\\\/wp-content\\\/uploads\\\/2023\\\/11\\\/items-logo-principal.jpg\",\"contentUrl\":\"https:\\\/\\\/itemsind.com\\\/tienda\\\/wp-content\\\/uploads\\\/2023\\\/11\\\/items-logo-principal.jpg\",\"width\":2120,\"height\":793,\"caption\":\"Items Industriales\"},\"image\":{\"@id\":\"https:\\\/\\\/itemsind.com\\\/tienda\\\/#\\\/schema\\\/logo\\\/image\\\/\"},\"sameAs\":[\"https:\\\/\\\/www.facebook.com\\\/itemsind\",\"https:\\\/\\\/www.instagram.com\\\/itemsind\\\/\"]}]}<\/script>\n<!-- \/ Yoast SEO plugin. -->","yoast_head_json":{"title":"Guante HyFlex\u2122 11-819 ESD - Items Industriales","robots":{"index":"index","follow":"follow","max-snippet":"max-snippet:-1","max-image-preview":"max-image-preview:large","max-video-preview":"max-video-preview:-1"},"canonical":"https:\/\/itemsind.com\/tienda\/producto\/guante-hyflex-11-819-esd\/","og_locale":"es_ES","og_type":"article","og_title":"Guante HyFlex\u2122 11-819 ESD - Items Industriales","og_description":"Guantes duraderos y compatibles con pantallas t\u00e1ctiles que protegen contra las descargas electrost\u00e1ticas. Caracter\u00edsticas y ventajas claves Funcionalidad ESD:\u00a0Protecci\u00f3n a los productos de las descargas electrost\u00e1ticas Recubrimiento ultrafino de espuma de nitrilo:\u00a0Tactilidad compatible con pantallas t\u00e1ctiles Resistencia a la abrasi\u00f3n FORTIX\u2122:\u00a02 veces m\u00e1s agarre, hasta un 20% m\u00e1s de durabilidad Aplicaciones ideales Manipulaci\u00f3n en general &hellip; Continue reading Guante HyFlex\u2122 11-819 ESD","og_url":"https:\/\/itemsind.com\/tienda\/producto\/guante-hyflex-11-819-esd\/","og_site_name":"Items Industriales","article_publisher":"https:\/\/www.facebook.com\/itemsind","article_modified_time":"2026-02-27T21:18:27+00:00","og_image":[{"width":1080,"height":1080,"url":"https:\/\/itemsind.com\/tienda\/wp-content\/uploads\/2026\/02\/plantilla-productos-WEBSITE-8.png","type":"image\/png"}],"twitter_card":"summary_large_image","twitter_misc":{"Tiempo de lectura":"1 minuto"},"schema":{"@context":"https:\/\/schema.org","@graph":[{"@type":"WebPage","@id":"https:\/\/itemsind.com\/tienda\/producto\/guante-hyflex-11-819-esd\/","url":"https:\/\/itemsind.com\/tienda\/producto\/guante-hyflex-11-819-esd\/","name":"Guante HyFlex\u2122 11-819 ESD - Items Industriales","isPartOf":{"@id":"https:\/\/itemsind.com\/tienda\/#website"},"primaryImageOfPage":{"@id":"https:\/\/itemsind.com\/tienda\/producto\/guante-hyflex-11-819-esd\/#primaryimage"},"image":{"@id":"https:\/\/itemsind.com\/tienda\/producto\/guante-hyflex-11-819-esd\/#primaryimage"},"thumbnailUrl":"https:\/\/itemsind.com\/tienda\/wp-content\/uploads\/2026\/02\/plantilla-productos-WEBSITE-8.png","datePublished":"2026-02-27T21:18:09+00:00","dateModified":"2026-02-27T21:18:27+00:00","breadcrumb":{"@id":"https:\/\/itemsind.com\/tienda\/producto\/guante-hyflex-11-819-esd\/#breadcrumb"},"inLanguage":"es","potentialAction":[{"@type":"ReadAction","target":["https:\/\/itemsind.com\/tienda\/producto\/guante-hyflex-11-819-esd\/"]}]},{"@type":"ImageObject","inLanguage":"es","@id":"https:\/\/itemsind.com\/tienda\/producto\/guante-hyflex-11-819-esd\/#primaryimage","url":"https:\/\/itemsind.com\/tienda\/wp-content\/uploads\/2026\/02\/plantilla-productos-WEBSITE-8.png","contentUrl":"https:\/\/itemsind.com\/tienda\/wp-content\/uploads\/2026\/02\/plantilla-productos-WEBSITE-8.png","width":1080,"height":1080},{"@type":"BreadcrumbList","@id":"https:\/\/itemsind.com\/tienda\/producto\/guante-hyflex-11-819-esd\/#breadcrumb","itemListElement":[{"@type":"ListItem","position":1,"name":"Portada","item":"https:\/\/itemsind.com\/tienda\/"},{"@type":"ListItem","position":2,"name":"Tienda","item":"https:\/\/itemsind.com\/tienda\/tienda\/"},{"@type":"ListItem","position":3,"name":"Guante HyFlex\u2122 11-819 ESD"}]},{"@type":"WebSite","@id":"https:\/\/itemsind.com\/tienda\/#website","url":"https:\/\/itemsind.com\/tienda\/","name":"Items Industriales","description":"Productos y Servicios para Seguridad Industrial","publisher":{"@id":"https:\/\/itemsind.com\/tienda\/#organization"},"potentialAction":[{"@type":"SearchAction","target":{"@type":"EntryPoint","urlTemplate":"https:\/\/itemsind.com\/tienda\/?s={search_term_string}"},"query-input":{"@type":"PropertyValueSpecification","valueRequired":true,"valueName":"search_term_string"}}],"inLanguage":"es"},{"@type":"Organization","@id":"https:\/\/itemsind.com\/tienda\/#organization","name":"Items Industriales","url":"https:\/\/itemsind.com\/tienda\/","logo":{"@type":"ImageObject","inLanguage":"es","@id":"https:\/\/itemsind.com\/tienda\/#\/schema\/logo\/image\/","url":"https:\/\/itemsind.com\/tienda\/wp-content\/uploads\/2023\/11\/items-logo-principal.jpg","contentUrl":"https:\/\/itemsind.com\/tienda\/wp-content\/uploads\/2023\/11\/items-logo-principal.jpg","width":2120,"height":793,"caption":"Items Industriales"},"image":{"@id":"https:\/\/itemsind.com\/tienda\/#\/schema\/logo\/image\/"},"sameAs":["https:\/\/www.facebook.com\/itemsind","https:\/\/www.instagram.com\/itemsind\/"]}]}},"_links":{"self":[{"href":"https:\/\/itemsind.com\/tienda\/wp-json\/wp\/v2\/product\/17588","targetHints":{"allow":["GET"]}}],"collection":[{"href":"https:\/\/itemsind.com\/tienda\/wp-json\/wp\/v2\/product"}],"about":[{"href":"https:\/\/itemsind.com\/tienda\/wp-json\/wp\/v2\/types\/product"}],"wp:featuredmedia":[{"embeddable":true,"href":"https:\/\/itemsind.com\/tienda\/wp-json\/wp\/v2\/media\/17587"}],"wp:attachment":[{"href":"https:\/\/itemsind.com\/tienda\/wp-json\/wp\/v2\/media?parent=17588"}],"wp:term":[{"taxonomy":"product_brand","embeddable":true,"href":"https:\/\/itemsind.com\/tienda\/wp-json\/wp\/v2\/product_brand?post=17588"},{"taxonomy":"product_cat","embeddable":true,"href":"https:\/\/itemsind.com\/tienda\/wp-json\/wp\/v2\/product_cat?post=17588"},{"taxonomy":"product_tag","embeddable":true,"href":"https:\/\/itemsind.com\/tienda\/wp-json\/wp\/v2\/product_tag?post=17588"}],"curies":[{"name":"wp","href":"https:\/\/api.w.org\/{rel}","templated":true}]}}