{"id":17601,"date":"2026-03-03T10:50:14","date_gmt":"2026-03-03T16:50:14","guid":{"rendered":"https:\/\/itemsind.com\/tienda\/?post_type=product&#038;p=17601"},"modified":"2026-03-03T10:50:26","modified_gmt":"2026-03-03T16:50:26","slug":"guante-hyflex-11-840","status":"publish","type":"product","link":"https:\/\/itemsind.com\/tienda\/producto\/guante-hyflex-11-840\/","title":{"rendered":"Guante HyFlex\u2122 11-840"},"content":{"rendered":"<div class=\"intro\">\n<p>Guantes industriales duraderos, que ofrecen 2 veces m\u00e1s agarre y hasta un 20% m\u00e1s de protecci\u00f3n contra la abrasi\u00f3n*.<\/p>\n<\/div>\n<div class=\"details\">\n<h3>Caracter\u00edsticas y ventajas claves<\/h3>\n<ul>\n<li style=\"list-style-type: none;\">\n<ul>\n<li><strong>Resistencia a la abrasi\u00f3n FORTIX\u2122:<\/strong>\u00a02 veces m\u00e1s agarre, hasta un 20% m\u00e1s de durabilidad*.<\/li>\n<li><strong>ERGOFORM\u2122 dise\u00f1o ergon\u00f3mico:<\/strong>\u00a0Menor tensi\u00f3n, mejor ergonom\u00eda.<\/li>\n<li><strong>ZONZ\u2122 ajuste c\u00f3modo:<\/strong>\u00a0Para guantes de seguridad que ofrecen un confort transpirable<\/li>\n<\/ul>\n<\/li>\n<\/ul>\n<p><sup>*con respecto a la versi\u00f3n tecnol\u00f3gica anterior<\/sup><\/div>\n<div>\n<div class=\"ans-accordion-item\">\n<div class=\"ans-accordion-body d-xl-block\">\n<div class=\"ans-accordion-body-content\">\n<h3 class=\"d-none d-xl-block\">Aplicaciones ideales<\/h3>\n<ul>\n<li>Montaje de piezas peque\u00f1as<\/li>\n<li>Manipulaci\u00f3n en general<\/li>\n<li>Manipulaci\u00f3n de materias primas<\/li>\n<li>Recolecci\u00f3n y fijaci\u00f3n de componentes y piezas<\/li>\n<li>Ajuste de sistemas y atornillado<\/li>\n<li>Compatibles con pantallas t\u00e1ctiles de dispositivos industriales y personales<\/li>\n<\/ul>\n<\/div>\n<\/div>\n<\/div>\n<div class=\"ans-accordion-item\">\n<div class=\"ans-accordion-body d-xl-block\">\n<div class=\"ans-accordion-body-content\">\n<h3 class=\"d-none d-xl-block\">Industrias primarias<\/h3>\n<ul>\n<li><strong>Aeroespacial<\/strong><\/li>\n<li><strong>Automotriz<\/strong><\/li>\n<li><strong>Maquinaria y Equipo<\/strong><\/li>\n<li><strong>Fabricaci\u00f3n de Metal<\/strong><\/li>\n<li><strong>Mercado Postventa Automotriz<\/strong><\/li>\n<li><strong>Servicios M\u00e9dicos de Emergencia<\/strong><\/li>\n<li><strong>Procesamiento de alimentos<\/strong><\/li>\n<li><strong>Energ\u00eda<\/strong><\/li>\n<li><strong>Servicios<\/strong><\/li>\n<li><strong>Almacenamiento<\/strong><\/li>\n<\/ul>\n<\/div>\n<\/div>\n<\/div>\n<\/div>\n","protected":false},"excerpt":{"rendered":"<p>Guantes industriales duraderos, que ofrecen 2 veces m\u00e1s agarre y hasta un 20% m\u00e1s de protecci\u00f3n contra la abrasi\u00f3n*. Caracter\u00edsticas y ventajas claves Resistencia a la abrasi\u00f3n FORTIX\u2122:\u00a02 veces m\u00e1s agarre, hasta un 20% m\u00e1s de durabilidad*. ERGOFORM\u2122 dise\u00f1o ergon\u00f3mico:\u00a0Menor tensi\u00f3n, mejor ergonom\u00eda. ZONZ\u2122 ajuste c\u00f3modo:\u00a0Para guantes de seguridad que ofrecen un confort transpirable *con &hellip; <a href=\"https:\/\/itemsind.com\/tienda\/producto\/guante-hyflex-11-840\/\" class=\"more-link\">Continue reading <span class=\"screen-reader-text\">Guante HyFlex\u2122 11-840<\/span><\/a><\/p>\n","protected":false},"featured_media":17603,"template":"","meta":[],"product_brand":[2356],"product_cat":[1300,1384,2064],"product_tag":[2225,2272],"class_list":{"0":"post-17601","1":"product","2":"type-product","3":"status-publish","4":"has-post-thumbnail","6":"product_brand-ansell","7":"product_cat-categorias-prodcutos","8":"product_cat-proteccion-de-manos-brazos","9":"product_cat-proteccion","10":"product_tag-guante","11":"product_tag-guantes","14":"instock","15":"taxable","16":"shipping-taxable","17":"product-type-simple"},"yoast_head":"<!-- This site is optimized with the Yoast SEO plugin v27.4 - https:\/\/yoast.com\/product\/yoast-seo-wordpress\/ -->\n<title>Guante HyFlex\u2122 11-840 - Items Industriales<\/title>\n<meta name=\"robots\" content=\"index, follow, max-snippet:-1, max-image-preview:large, max-video-preview:-1\" \/>\n<link rel=\"canonical\" href=\"https:\/\/itemsind.com\/tienda\/producto\/guante-hyflex-11-840\/\" \/>\n<meta property=\"og:locale\" content=\"es_ES\" \/>\n<meta property=\"og:type\" content=\"article\" \/>\n<meta property=\"og:title\" content=\"Guante HyFlex\u2122 11-840 - Items Industriales\" \/>\n<meta property=\"og:description\" content=\"Guantes industriales duraderos, que ofrecen 2 veces m\u00e1s agarre y hasta un 20% m\u00e1s de protecci\u00f3n contra la abrasi\u00f3n*. Caracter\u00edsticas y ventajas claves Resistencia a la abrasi\u00f3n FORTIX\u2122:\u00a02 veces m\u00e1s agarre, hasta un 20% m\u00e1s de durabilidad*. ERGOFORM\u2122 dise\u00f1o ergon\u00f3mico:\u00a0Menor tensi\u00f3n, mejor ergonom\u00eda. ZONZ\u2122 ajuste c\u00f3modo:\u00a0Para guantes de seguridad que ofrecen un confort transpirable *con &hellip; Continue reading Guante HyFlex\u2122 11-840\" \/>\n<meta property=\"og:url\" content=\"https:\/\/itemsind.com\/tienda\/producto\/guante-hyflex-11-840\/\" \/>\n<meta property=\"og:site_name\" content=\"Items Industriales\" \/>\n<meta property=\"article:publisher\" content=\"https:\/\/www.facebook.com\/itemsind\" \/>\n<meta property=\"article:modified_time\" content=\"2026-03-03T16:50:26+00:00\" \/>\n<meta property=\"og:image\" content=\"https:\/\/itemsind.com\/tienda\/wp-content\/uploads\/2026\/03\/plantilla-productos-WEBSITE-11.png\" \/>\n\t<meta property=\"og:image:width\" content=\"1080\" \/>\n\t<meta property=\"og:image:height\" content=\"1080\" \/>\n\t<meta property=\"og:image:type\" content=\"image\/png\" \/>\n<meta name=\"twitter:card\" content=\"summary_large_image\" \/>\n<meta name=\"twitter:label1\" content=\"Tiempo de lectura\" \/>\n\t<meta name=\"twitter:data1\" content=\"1 minuto\" \/>\n<script type=\"application\/ld+json\" class=\"yoast-schema-graph\">{\"@context\":\"https:\\\/\\\/schema.org\",\"@graph\":[{\"@type\":\"WebPage\",\"@id\":\"https:\\\/\\\/itemsind.com\\\/tienda\\\/producto\\\/guante-hyflex-11-840\\\/\",\"url\":\"https:\\\/\\\/itemsind.com\\\/tienda\\\/producto\\\/guante-hyflex-11-840\\\/\",\"name\":\"Guante HyFlex\u2122 11-840 - Items Industriales\",\"isPartOf\":{\"@id\":\"https:\\\/\\\/itemsind.com\\\/tienda\\\/#website\"},\"primaryImageOfPage\":{\"@id\":\"https:\\\/\\\/itemsind.com\\\/tienda\\\/producto\\\/guante-hyflex-11-840\\\/#primaryimage\"},\"image\":{\"@id\":\"https:\\\/\\\/itemsind.com\\\/tienda\\\/producto\\\/guante-hyflex-11-840\\\/#primaryimage\"},\"thumbnailUrl\":\"https:\\\/\\\/itemsind.com\\\/tienda\\\/wp-content\\\/uploads\\\/2026\\\/03\\\/plantilla-productos-WEBSITE-11.png\",\"datePublished\":\"2026-03-03T16:50:14+00:00\",\"dateModified\":\"2026-03-03T16:50:26+00:00\",\"breadcrumb\":{\"@id\":\"https:\\\/\\\/itemsind.com\\\/tienda\\\/producto\\\/guante-hyflex-11-840\\\/#breadcrumb\"},\"inLanguage\":\"es\",\"potentialAction\":[{\"@type\":\"ReadAction\",\"target\":[\"https:\\\/\\\/itemsind.com\\\/tienda\\\/producto\\\/guante-hyflex-11-840\\\/\"]}]},{\"@type\":\"ImageObject\",\"inLanguage\":\"es\",\"@id\":\"https:\\\/\\\/itemsind.com\\\/tienda\\\/producto\\\/guante-hyflex-11-840\\\/#primaryimage\",\"url\":\"https:\\\/\\\/itemsind.com\\\/tienda\\\/wp-content\\\/uploads\\\/2026\\\/03\\\/plantilla-productos-WEBSITE-11.png\",\"contentUrl\":\"https:\\\/\\\/itemsind.com\\\/tienda\\\/wp-content\\\/uploads\\\/2026\\\/03\\\/plantilla-productos-WEBSITE-11.png\",\"width\":1080,\"height\":1080},{\"@type\":\"BreadcrumbList\",\"@id\":\"https:\\\/\\\/itemsind.com\\\/tienda\\\/producto\\\/guante-hyflex-11-840\\\/#breadcrumb\",\"itemListElement\":[{\"@type\":\"ListItem\",\"position\":1,\"name\":\"Portada\",\"item\":\"https:\\\/\\\/itemsind.com\\\/tienda\\\/\"},{\"@type\":\"ListItem\",\"position\":2,\"name\":\"Tienda\",\"item\":\"https:\\\/\\\/itemsind.com\\\/tienda\\\/tienda\\\/\"},{\"@type\":\"ListItem\",\"position\":3,\"name\":\"Guante HyFlex\u2122 11-840\"}]},{\"@type\":\"WebSite\",\"@id\":\"https:\\\/\\\/itemsind.com\\\/tienda\\\/#website\",\"url\":\"https:\\\/\\\/itemsind.com\\\/tienda\\\/\",\"name\":\"Items Industriales\",\"description\":\"Productos y Servicios para Seguridad Industrial\",\"publisher\":{\"@id\":\"https:\\\/\\\/itemsind.com\\\/tienda\\\/#organization\"},\"potentialAction\":[{\"@type\":\"SearchAction\",\"target\":{\"@type\":\"EntryPoint\",\"urlTemplate\":\"https:\\\/\\\/itemsind.com\\\/tienda\\\/?s={search_term_string}\"},\"query-input\":{\"@type\":\"PropertyValueSpecification\",\"valueRequired\":true,\"valueName\":\"search_term_string\"}}],\"inLanguage\":\"es\"},{\"@type\":\"Organization\",\"@id\":\"https:\\\/\\\/itemsind.com\\\/tienda\\\/#organization\",\"name\":\"Items Industriales\",\"url\":\"https:\\\/\\\/itemsind.com\\\/tienda\\\/\",\"logo\":{\"@type\":\"ImageObject\",\"inLanguage\":\"es\",\"@id\":\"https:\\\/\\\/itemsind.com\\\/tienda\\\/#\\\/schema\\\/logo\\\/image\\\/\",\"url\":\"https:\\\/\\\/itemsind.com\\\/tienda\\\/wp-content\\\/uploads\\\/2023\\\/11\\\/items-logo-principal.jpg\",\"contentUrl\":\"https:\\\/\\\/itemsind.com\\\/tienda\\\/wp-content\\\/uploads\\\/2023\\\/11\\\/items-logo-principal.jpg\",\"width\":2120,\"height\":793,\"caption\":\"Items Industriales\"},\"image\":{\"@id\":\"https:\\\/\\\/itemsind.com\\\/tienda\\\/#\\\/schema\\\/logo\\\/image\\\/\"},\"sameAs\":[\"https:\\\/\\\/www.facebook.com\\\/itemsind\",\"https:\\\/\\\/www.instagram.com\\\/itemsind\\\/\"]}]}<\/script>\n<!-- \/ Yoast SEO plugin. -->","yoast_head_json":{"title":"Guante HyFlex\u2122 11-840 - Items Industriales","robots":{"index":"index","follow":"follow","max-snippet":"max-snippet:-1","max-image-preview":"max-image-preview:large","max-video-preview":"max-video-preview:-1"},"canonical":"https:\/\/itemsind.com\/tienda\/producto\/guante-hyflex-11-840\/","og_locale":"es_ES","og_type":"article","og_title":"Guante HyFlex\u2122 11-840 - Items Industriales","og_description":"Guantes industriales duraderos, que ofrecen 2 veces m\u00e1s agarre y hasta un 20% m\u00e1s de protecci\u00f3n contra la abrasi\u00f3n*. Caracter\u00edsticas y ventajas claves Resistencia a la abrasi\u00f3n FORTIX\u2122:\u00a02 veces m\u00e1s agarre, hasta un 20% m\u00e1s de durabilidad*. ERGOFORM\u2122 dise\u00f1o ergon\u00f3mico:\u00a0Menor tensi\u00f3n, mejor ergonom\u00eda. ZONZ\u2122 ajuste c\u00f3modo:\u00a0Para guantes de seguridad que ofrecen un confort transpirable *con &hellip; Continue reading Guante HyFlex\u2122 11-840","og_url":"https:\/\/itemsind.com\/tienda\/producto\/guante-hyflex-11-840\/","og_site_name":"Items Industriales","article_publisher":"https:\/\/www.facebook.com\/itemsind","article_modified_time":"2026-03-03T16:50:26+00:00","og_image":[{"width":1080,"height":1080,"url":"https:\/\/itemsind.com\/tienda\/wp-content\/uploads\/2026\/03\/plantilla-productos-WEBSITE-11.png","type":"image\/png"}],"twitter_card":"summary_large_image","twitter_misc":{"Tiempo de lectura":"1 minuto"},"schema":{"@context":"https:\/\/schema.org","@graph":[{"@type":"WebPage","@id":"https:\/\/itemsind.com\/tienda\/producto\/guante-hyflex-11-840\/","url":"https:\/\/itemsind.com\/tienda\/producto\/guante-hyflex-11-840\/","name":"Guante HyFlex\u2122 11-840 - Items Industriales","isPartOf":{"@id":"https:\/\/itemsind.com\/tienda\/#website"},"primaryImageOfPage":{"@id":"https:\/\/itemsind.com\/tienda\/producto\/guante-hyflex-11-840\/#primaryimage"},"image":{"@id":"https:\/\/itemsind.com\/tienda\/producto\/guante-hyflex-11-840\/#primaryimage"},"thumbnailUrl":"https:\/\/itemsind.com\/tienda\/wp-content\/uploads\/2026\/03\/plantilla-productos-WEBSITE-11.png","datePublished":"2026-03-03T16:50:14+00:00","dateModified":"2026-03-03T16:50:26+00:00","breadcrumb":{"@id":"https:\/\/itemsind.com\/tienda\/producto\/guante-hyflex-11-840\/#breadcrumb"},"inLanguage":"es","potentialAction":[{"@type":"ReadAction","target":["https:\/\/itemsind.com\/tienda\/producto\/guante-hyflex-11-840\/"]}]},{"@type":"ImageObject","inLanguage":"es","@id":"https:\/\/itemsind.com\/tienda\/producto\/guante-hyflex-11-840\/#primaryimage","url":"https:\/\/itemsind.com\/tienda\/wp-content\/uploads\/2026\/03\/plantilla-productos-WEBSITE-11.png","contentUrl":"https:\/\/itemsind.com\/tienda\/wp-content\/uploads\/2026\/03\/plantilla-productos-WEBSITE-11.png","width":1080,"height":1080},{"@type":"BreadcrumbList","@id":"https:\/\/itemsind.com\/tienda\/producto\/guante-hyflex-11-840\/#breadcrumb","itemListElement":[{"@type":"ListItem","position":1,"name":"Portada","item":"https:\/\/itemsind.com\/tienda\/"},{"@type":"ListItem","position":2,"name":"Tienda","item":"https:\/\/itemsind.com\/tienda\/tienda\/"},{"@type":"ListItem","position":3,"name":"Guante HyFlex\u2122 11-840"}]},{"@type":"WebSite","@id":"https:\/\/itemsind.com\/tienda\/#website","url":"https:\/\/itemsind.com\/tienda\/","name":"Items Industriales","description":"Productos y Servicios para Seguridad Industrial","publisher":{"@id":"https:\/\/itemsind.com\/tienda\/#organization"},"potentialAction":[{"@type":"SearchAction","target":{"@type":"EntryPoint","urlTemplate":"https:\/\/itemsind.com\/tienda\/?s={search_term_string}"},"query-input":{"@type":"PropertyValueSpecification","valueRequired":true,"valueName":"search_term_string"}}],"inLanguage":"es"},{"@type":"Organization","@id":"https:\/\/itemsind.com\/tienda\/#organization","name":"Items Industriales","url":"https:\/\/itemsind.com\/tienda\/","logo":{"@type":"ImageObject","inLanguage":"es","@id":"https:\/\/itemsind.com\/tienda\/#\/schema\/logo\/image\/","url":"https:\/\/itemsind.com\/tienda\/wp-content\/uploads\/2023\/11\/items-logo-principal.jpg","contentUrl":"https:\/\/itemsind.com\/tienda\/wp-content\/uploads\/2023\/11\/items-logo-principal.jpg","width":2120,"height":793,"caption":"Items Industriales"},"image":{"@id":"https:\/\/itemsind.com\/tienda\/#\/schema\/logo\/image\/"},"sameAs":["https:\/\/www.facebook.com\/itemsind","https:\/\/www.instagram.com\/itemsind\/"]}]}},"_links":{"self":[{"href":"https:\/\/itemsind.com\/tienda\/wp-json\/wp\/v2\/product\/17601","targetHints":{"allow":["GET"]}}],"collection":[{"href":"https:\/\/itemsind.com\/tienda\/wp-json\/wp\/v2\/product"}],"about":[{"href":"https:\/\/itemsind.com\/tienda\/wp-json\/wp\/v2\/types\/product"}],"wp:featuredmedia":[{"embeddable":true,"href":"https:\/\/itemsind.com\/tienda\/wp-json\/wp\/v2\/media\/17603"}],"wp:attachment":[{"href":"https:\/\/itemsind.com\/tienda\/wp-json\/wp\/v2\/media?parent=17601"}],"wp:term":[{"taxonomy":"product_brand","embeddable":true,"href":"https:\/\/itemsind.com\/tienda\/wp-json\/wp\/v2\/product_brand?post=17601"},{"taxonomy":"product_cat","embeddable":true,"href":"https:\/\/itemsind.com\/tienda\/wp-json\/wp\/v2\/product_cat?post=17601"},{"taxonomy":"product_tag","embeddable":true,"href":"https:\/\/itemsind.com\/tienda\/wp-json\/wp\/v2\/product_tag?post=17601"}],"curies":[{"name":"wp","href":"https:\/\/api.w.org\/{rel}","templated":true}]}}