{"id":17616,"date":"2026-03-03T12:13:28","date_gmt":"2026-03-03T18:13:28","guid":{"rendered":"https:\/\/itemsind.com\/tienda\/?post_type=product&#038;p=17616"},"modified":"2026-03-03T12:15:44","modified_gmt":"2026-03-03T18:15:44","slug":"overol-alphatec-2300-plus-cosido-y-encintado-modelo-132","status":"publish","type":"product","link":"https:\/\/itemsind.com\/tienda\/producto\/overol-alphatec-2300-plus-cosido-y-encintado-modelo-132\/","title":{"rendered":"Overol AlphaTec\u00ae 2300 PLUS cosido y encintado &#8211; Modelo 132"},"content":{"rendered":"<div class=\"intro\">\n<p>Barrera qu\u00edmica para trabajos medianamente exigentes, protecci\u00f3n Tipo 3\/4\/5<\/p>\n<\/div>\n<div class=\"details\">\n<h3>Caracter\u00edsticas y ventajas claves<\/h3>\n<ul>\n<li><b>Barrera protectora:<\/b>\u00a0Resistencia a productos qu\u00edmicos l\u00edquidos inorg\u00e1nicos (\u00e1cidos, bases)<\/li>\n<li><b>Polietileno, dise\u00f1o de doble capa:<\/b>\u00a0para una seguridad y durabilidad ligeras<\/li>\n<li><b>Color amarillo brillante:<\/b>\u00a0Alta visibilidad, para una mayor seguridad en el lugar de trabajo<\/li>\n<\/ul>\n<div class=\"ans-accordion-item\">\n<div class=\"ans-accordion-body d-xl-block\">\n<div class=\"ans-accordion-body-content\">\n<h3 class=\"d-none d-xl-block\">Aplicaciones ideales<\/h3>\n<ul>\n<li>Transferencia de l\u00edquidos y s\u00f3lidos entre buques, tanques y equipos de procesado<\/li>\n<li>Fugas, derrames u otras filtraciones imprevistas<\/li>\n<li>Carga y descarga de camiones y veh\u00edculos<\/li>\n<li>Llenado, mezcla y carga de materias primas<\/li>\n<li>Inspecci\u00f3n de productos<\/li>\n<li>Mezcla o carga de sustancias qu\u00edmicas<\/li>\n<li>Limpieza de plantas y maquinarias<\/li>\n<\/ul>\n<\/div>\n<\/div>\n<\/div>\n<div class=\"ans-accordion-item\">\n<div class=\"ans-accordion-body d-xl-block\">\n<div class=\"ans-accordion-body-content\">\n<h3 class=\"d-none d-xl-block\">Industrias primarias<\/h3>\n<ul>\n<li><strong>Ciencias de la Vida<\/strong><\/li>\n<li><strong>Maquinaria y Equipo<\/strong><\/li>\n<li><strong>Agricultura<\/strong><\/li>\n<li><strong>Procesamiento de <\/strong><strong>alimentos<\/strong><\/li>\n<\/ul>\n<\/div>\n<\/div>\n<\/div>\n<\/div>\n","protected":false},"excerpt":{"rendered":"<p>Barrera qu\u00edmica para trabajos medianamente exigentes, protecci\u00f3n Tipo 3\/4\/5 Caracter\u00edsticas y ventajas claves Barrera protectora:\u00a0Resistencia a productos qu\u00edmicos l\u00edquidos inorg\u00e1nicos (\u00e1cidos, bases) Polietileno, dise\u00f1o de doble capa:\u00a0para una seguridad y durabilidad ligeras Color amarillo brillante:\u00a0Alta visibilidad, para una mayor seguridad en el lugar de trabajo Aplicaciones ideales Transferencia de l\u00edquidos y s\u00f3lidos entre buques, tanques &hellip; <a href=\"https:\/\/itemsind.com\/tienda\/producto\/overol-alphatec-2300-plus-cosido-y-encintado-modelo-132\/\" class=\"more-link\">Continue reading <span class=\"screen-reader-text\">Overol AlphaTec\u00ae 2300 PLUS cosido y encintado &#8211; Modelo 132<\/span><\/a><\/p>\n","protected":false},"featured_media":17617,"template":"","meta":[],"product_brand":[2356],"product_cat":[1300,2064,1336],"product_tag":[1794,2079],"class_list":{"0":"post-17616","1":"product","2":"type-product","3":"status-publish","4":"has-post-thumbnail","6":"product_brand-ansell","7":"product_cat-categorias-prodcutos","8":"product_cat-proteccion","9":"product_cat-proteccion-ropa","10":"product_tag-overol","11":"product_tag-traje-de-proteccion","14":"instock","15":"taxable","16":"shipping-taxable","17":"product-type-simple"},"yoast_head":"<!-- This site is optimized with the Yoast SEO plugin v27.4 - https:\/\/yoast.com\/product\/yoast-seo-wordpress\/ -->\n<title>Overol AlphaTec\u00ae 2300 PLUS cosido y encintado - Modelo 132 - Items Industriales<\/title>\n<meta name=\"robots\" content=\"index, follow, max-snippet:-1, max-image-preview:large, max-video-preview:-1\" \/>\n<link rel=\"canonical\" href=\"https:\/\/itemsind.com\/tienda\/producto\/overol-alphatec-2300-plus-cosido-y-encintado-modelo-132\/\" \/>\n<meta property=\"og:locale\" content=\"es_ES\" \/>\n<meta property=\"og:type\" content=\"article\" \/>\n<meta property=\"og:title\" content=\"Overol AlphaTec\u00ae 2300 PLUS cosido y encintado - Modelo 132 - Items Industriales\" \/>\n<meta property=\"og:description\" content=\"Barrera qu\u00edmica para trabajos medianamente exigentes, protecci\u00f3n Tipo 3\/4\/5 Caracter\u00edsticas y ventajas claves Barrera protectora:\u00a0Resistencia a productos qu\u00edmicos l\u00edquidos inorg\u00e1nicos (\u00e1cidos, bases) Polietileno, dise\u00f1o de doble capa:\u00a0para una seguridad y durabilidad ligeras Color amarillo brillante:\u00a0Alta visibilidad, para una mayor seguridad en el lugar de trabajo Aplicaciones ideales Transferencia de l\u00edquidos y s\u00f3lidos entre buques, tanques &hellip; Continue reading Overol AlphaTec\u00ae 2300 PLUS cosido y encintado &#8211; Modelo 132\" \/>\n<meta property=\"og:url\" content=\"https:\/\/itemsind.com\/tienda\/producto\/overol-alphatec-2300-plus-cosido-y-encintado-modelo-132\/\" \/>\n<meta property=\"og:site_name\" content=\"Items Industriales\" \/>\n<meta property=\"article:publisher\" content=\"https:\/\/www.facebook.com\/itemsind\" \/>\n<meta property=\"article:modified_time\" content=\"2026-03-03T18:15:44+00:00\" \/>\n<meta property=\"og:image\" content=\"https:\/\/itemsind.com\/tienda\/wp-content\/uploads\/2026\/03\/plantilla-productos-WEBSITE-16.png\" \/>\n\t<meta property=\"og:image:width\" content=\"1080\" \/>\n\t<meta property=\"og:image:height\" content=\"1080\" \/>\n\t<meta property=\"og:image:type\" content=\"image\/png\" \/>\n<meta name=\"twitter:card\" content=\"summary_large_image\" \/>\n<meta name=\"twitter:label1\" content=\"Tiempo de lectura\" \/>\n\t<meta name=\"twitter:data1\" content=\"1 minuto\" \/>\n<script type=\"application\/ld+json\" class=\"yoast-schema-graph\">{\"@context\":\"https:\\\/\\\/schema.org\",\"@graph\":[{\"@type\":\"WebPage\",\"@id\":\"https:\\\/\\\/itemsind.com\\\/tienda\\\/producto\\\/overol-alphatec-2300-plus-cosido-y-encintado-modelo-132\\\/\",\"url\":\"https:\\\/\\\/itemsind.com\\\/tienda\\\/producto\\\/overol-alphatec-2300-plus-cosido-y-encintado-modelo-132\\\/\",\"name\":\"Overol AlphaTec\u00ae 2300 PLUS cosido y encintado - Modelo 132 - Items Industriales\",\"isPartOf\":{\"@id\":\"https:\\\/\\\/itemsind.com\\\/tienda\\\/#website\"},\"primaryImageOfPage\":{\"@id\":\"https:\\\/\\\/itemsind.com\\\/tienda\\\/producto\\\/overol-alphatec-2300-plus-cosido-y-encintado-modelo-132\\\/#primaryimage\"},\"image\":{\"@id\":\"https:\\\/\\\/itemsind.com\\\/tienda\\\/producto\\\/overol-alphatec-2300-plus-cosido-y-encintado-modelo-132\\\/#primaryimage\"},\"thumbnailUrl\":\"https:\\\/\\\/itemsind.com\\\/tienda\\\/wp-content\\\/uploads\\\/2026\\\/03\\\/plantilla-productos-WEBSITE-16.png\",\"datePublished\":\"2026-03-03T18:13:28+00:00\",\"dateModified\":\"2026-03-03T18:15:44+00:00\",\"breadcrumb\":{\"@id\":\"https:\\\/\\\/itemsind.com\\\/tienda\\\/producto\\\/overol-alphatec-2300-plus-cosido-y-encintado-modelo-132\\\/#breadcrumb\"},\"inLanguage\":\"es\",\"potentialAction\":[{\"@type\":\"ReadAction\",\"target\":[\"https:\\\/\\\/itemsind.com\\\/tienda\\\/producto\\\/overol-alphatec-2300-plus-cosido-y-encintado-modelo-132\\\/\"]}]},{\"@type\":\"ImageObject\",\"inLanguage\":\"es\",\"@id\":\"https:\\\/\\\/itemsind.com\\\/tienda\\\/producto\\\/overol-alphatec-2300-plus-cosido-y-encintado-modelo-132\\\/#primaryimage\",\"url\":\"https:\\\/\\\/itemsind.com\\\/tienda\\\/wp-content\\\/uploads\\\/2026\\\/03\\\/plantilla-productos-WEBSITE-16.png\",\"contentUrl\":\"https:\\\/\\\/itemsind.com\\\/tienda\\\/wp-content\\\/uploads\\\/2026\\\/03\\\/plantilla-productos-WEBSITE-16.png\",\"width\":1080,\"height\":1080},{\"@type\":\"BreadcrumbList\",\"@id\":\"https:\\\/\\\/itemsind.com\\\/tienda\\\/producto\\\/overol-alphatec-2300-plus-cosido-y-encintado-modelo-132\\\/#breadcrumb\",\"itemListElement\":[{\"@type\":\"ListItem\",\"position\":1,\"name\":\"Portada\",\"item\":\"https:\\\/\\\/itemsind.com\\\/tienda\\\/\"},{\"@type\":\"ListItem\",\"position\":2,\"name\":\"Tienda\",\"item\":\"https:\\\/\\\/itemsind.com\\\/tienda\\\/tienda\\\/\"},{\"@type\":\"ListItem\",\"position\":3,\"name\":\"Overol AlphaTec\u00ae 2300 PLUS cosido y encintado &#8211; Modelo 132\"}]},{\"@type\":\"WebSite\",\"@id\":\"https:\\\/\\\/itemsind.com\\\/tienda\\\/#website\",\"url\":\"https:\\\/\\\/itemsind.com\\\/tienda\\\/\",\"name\":\"Items Industriales\",\"description\":\"Productos y Servicios para Seguridad Industrial\",\"publisher\":{\"@id\":\"https:\\\/\\\/itemsind.com\\\/tienda\\\/#organization\"},\"potentialAction\":[{\"@type\":\"SearchAction\",\"target\":{\"@type\":\"EntryPoint\",\"urlTemplate\":\"https:\\\/\\\/itemsind.com\\\/tienda\\\/?s={search_term_string}\"},\"query-input\":{\"@type\":\"PropertyValueSpecification\",\"valueRequired\":true,\"valueName\":\"search_term_string\"}}],\"inLanguage\":\"es\"},{\"@type\":\"Organization\",\"@id\":\"https:\\\/\\\/itemsind.com\\\/tienda\\\/#organization\",\"name\":\"Items Industriales\",\"url\":\"https:\\\/\\\/itemsind.com\\\/tienda\\\/\",\"logo\":{\"@type\":\"ImageObject\",\"inLanguage\":\"es\",\"@id\":\"https:\\\/\\\/itemsind.com\\\/tienda\\\/#\\\/schema\\\/logo\\\/image\\\/\",\"url\":\"https:\\\/\\\/itemsind.com\\\/tienda\\\/wp-content\\\/uploads\\\/2023\\\/11\\\/items-logo-principal.jpg\",\"contentUrl\":\"https:\\\/\\\/itemsind.com\\\/tienda\\\/wp-content\\\/uploads\\\/2023\\\/11\\\/items-logo-principal.jpg\",\"width\":2120,\"height\":793,\"caption\":\"Items Industriales\"},\"image\":{\"@id\":\"https:\\\/\\\/itemsind.com\\\/tienda\\\/#\\\/schema\\\/logo\\\/image\\\/\"},\"sameAs\":[\"https:\\\/\\\/www.facebook.com\\\/itemsind\",\"https:\\\/\\\/www.instagram.com\\\/itemsind\\\/\"]}]}<\/script>\n<!-- \/ Yoast SEO plugin. -->","yoast_head_json":{"title":"Overol AlphaTec\u00ae 2300 PLUS cosido y encintado - Modelo 132 - Items Industriales","robots":{"index":"index","follow":"follow","max-snippet":"max-snippet:-1","max-image-preview":"max-image-preview:large","max-video-preview":"max-video-preview:-1"},"canonical":"https:\/\/itemsind.com\/tienda\/producto\/overol-alphatec-2300-plus-cosido-y-encintado-modelo-132\/","og_locale":"es_ES","og_type":"article","og_title":"Overol AlphaTec\u00ae 2300 PLUS cosido y encintado - Modelo 132 - Items Industriales","og_description":"Barrera qu\u00edmica para trabajos medianamente exigentes, protecci\u00f3n Tipo 3\/4\/5 Caracter\u00edsticas y ventajas claves Barrera protectora:\u00a0Resistencia a productos qu\u00edmicos l\u00edquidos inorg\u00e1nicos (\u00e1cidos, bases) Polietileno, dise\u00f1o de doble capa:\u00a0para una seguridad y durabilidad ligeras Color amarillo brillante:\u00a0Alta visibilidad, para una mayor seguridad en el lugar de trabajo Aplicaciones ideales Transferencia de l\u00edquidos y s\u00f3lidos entre buques, tanques &hellip; Continue reading Overol AlphaTec\u00ae 2300 PLUS cosido y encintado &#8211; Modelo 132","og_url":"https:\/\/itemsind.com\/tienda\/producto\/overol-alphatec-2300-plus-cosido-y-encintado-modelo-132\/","og_site_name":"Items Industriales","article_publisher":"https:\/\/www.facebook.com\/itemsind","article_modified_time":"2026-03-03T18:15:44+00:00","og_image":[{"width":1080,"height":1080,"url":"https:\/\/itemsind.com\/tienda\/wp-content\/uploads\/2026\/03\/plantilla-productos-WEBSITE-16.png","type":"image\/png"}],"twitter_card":"summary_large_image","twitter_misc":{"Tiempo de lectura":"1 minuto"},"schema":{"@context":"https:\/\/schema.org","@graph":[{"@type":"WebPage","@id":"https:\/\/itemsind.com\/tienda\/producto\/overol-alphatec-2300-plus-cosido-y-encintado-modelo-132\/","url":"https:\/\/itemsind.com\/tienda\/producto\/overol-alphatec-2300-plus-cosido-y-encintado-modelo-132\/","name":"Overol AlphaTec\u00ae 2300 PLUS cosido y encintado - Modelo 132 - Items Industriales","isPartOf":{"@id":"https:\/\/itemsind.com\/tienda\/#website"},"primaryImageOfPage":{"@id":"https:\/\/itemsind.com\/tienda\/producto\/overol-alphatec-2300-plus-cosido-y-encintado-modelo-132\/#primaryimage"},"image":{"@id":"https:\/\/itemsind.com\/tienda\/producto\/overol-alphatec-2300-plus-cosido-y-encintado-modelo-132\/#primaryimage"},"thumbnailUrl":"https:\/\/itemsind.com\/tienda\/wp-content\/uploads\/2026\/03\/plantilla-productos-WEBSITE-16.png","datePublished":"2026-03-03T18:13:28+00:00","dateModified":"2026-03-03T18:15:44+00:00","breadcrumb":{"@id":"https:\/\/itemsind.com\/tienda\/producto\/overol-alphatec-2300-plus-cosido-y-encintado-modelo-132\/#breadcrumb"},"inLanguage":"es","potentialAction":[{"@type":"ReadAction","target":["https:\/\/itemsind.com\/tienda\/producto\/overol-alphatec-2300-plus-cosido-y-encintado-modelo-132\/"]}]},{"@type":"ImageObject","inLanguage":"es","@id":"https:\/\/itemsind.com\/tienda\/producto\/overol-alphatec-2300-plus-cosido-y-encintado-modelo-132\/#primaryimage","url":"https:\/\/itemsind.com\/tienda\/wp-content\/uploads\/2026\/03\/plantilla-productos-WEBSITE-16.png","contentUrl":"https:\/\/itemsind.com\/tienda\/wp-content\/uploads\/2026\/03\/plantilla-productos-WEBSITE-16.png","width":1080,"height":1080},{"@type":"BreadcrumbList","@id":"https:\/\/itemsind.com\/tienda\/producto\/overol-alphatec-2300-plus-cosido-y-encintado-modelo-132\/#breadcrumb","itemListElement":[{"@type":"ListItem","position":1,"name":"Portada","item":"https:\/\/itemsind.com\/tienda\/"},{"@type":"ListItem","position":2,"name":"Tienda","item":"https:\/\/itemsind.com\/tienda\/tienda\/"},{"@type":"ListItem","position":3,"name":"Overol AlphaTec\u00ae 2300 PLUS cosido y encintado &#8211; Modelo 132"}]},{"@type":"WebSite","@id":"https:\/\/itemsind.com\/tienda\/#website","url":"https:\/\/itemsind.com\/tienda\/","name":"Items Industriales","description":"Productos y Servicios para Seguridad Industrial","publisher":{"@id":"https:\/\/itemsind.com\/tienda\/#organization"},"potentialAction":[{"@type":"SearchAction","target":{"@type":"EntryPoint","urlTemplate":"https:\/\/itemsind.com\/tienda\/?s={search_term_string}"},"query-input":{"@type":"PropertyValueSpecification","valueRequired":true,"valueName":"search_term_string"}}],"inLanguage":"es"},{"@type":"Organization","@id":"https:\/\/itemsind.com\/tienda\/#organization","name":"Items Industriales","url":"https:\/\/itemsind.com\/tienda\/","logo":{"@type":"ImageObject","inLanguage":"es","@id":"https:\/\/itemsind.com\/tienda\/#\/schema\/logo\/image\/","url":"https:\/\/itemsind.com\/tienda\/wp-content\/uploads\/2023\/11\/items-logo-principal.jpg","contentUrl":"https:\/\/itemsind.com\/tienda\/wp-content\/uploads\/2023\/11\/items-logo-principal.jpg","width":2120,"height":793,"caption":"Items Industriales"},"image":{"@id":"https:\/\/itemsind.com\/tienda\/#\/schema\/logo\/image\/"},"sameAs":["https:\/\/www.facebook.com\/itemsind","https:\/\/www.instagram.com\/itemsind\/"]}]}},"_links":{"self":[{"href":"https:\/\/itemsind.com\/tienda\/wp-json\/wp\/v2\/product\/17616","targetHints":{"allow":["GET"]}}],"collection":[{"href":"https:\/\/itemsind.com\/tienda\/wp-json\/wp\/v2\/product"}],"about":[{"href":"https:\/\/itemsind.com\/tienda\/wp-json\/wp\/v2\/types\/product"}],"wp:featuredmedia":[{"embeddable":true,"href":"https:\/\/itemsind.com\/tienda\/wp-json\/wp\/v2\/media\/17617"}],"wp:attachment":[{"href":"https:\/\/itemsind.com\/tienda\/wp-json\/wp\/v2\/media?parent=17616"}],"wp:term":[{"taxonomy":"product_brand","embeddable":true,"href":"https:\/\/itemsind.com\/tienda\/wp-json\/wp\/v2\/product_brand?post=17616"},{"taxonomy":"product_cat","embeddable":true,"href":"https:\/\/itemsind.com\/tienda\/wp-json\/wp\/v2\/product_cat?post=17616"},{"taxonomy":"product_tag","embeddable":true,"href":"https:\/\/itemsind.com\/tienda\/wp-json\/wp\/v2\/product_tag?post=17616"}],"curies":[{"name":"wp","href":"https:\/\/api.w.org\/{rel}","templated":true}]}}