{"id":17620,"date":"2026-03-03T12:23:13","date_gmt":"2026-03-03T18:23:13","guid":{"rendered":"https:\/\/itemsind.com\/tienda\/?post_type=product&#038;p=17620"},"modified":"2026-03-03T12:24:08","modified_gmt":"2026-03-03T18:24:08","slug":"traje-con-capucha-kleenguard-kga35-ewa","status":"publish","type":"product","link":"https:\/\/itemsind.com\/tienda\/producto\/traje-con-capucha-kleenguard-kga35-ewa\/","title":{"rendered":"Traje con Capucha KleenGuard\u2122 KGA35 EWA"},"content":{"rendered":"<div class=\"intro\">\n<p>Tecnolog\u00eda de laminado microporoso<\/p>\n<\/div>\n<div class=\"details\">\n<h3>Caracter\u00edsticas y ventajas claves<\/h3>\n<ul>\n<li><strong>Dise\u00f1o Configurable<\/strong>: Cuenta con cremallera frontal con varias configuraciones disponibles, incluyendo pu\u00f1os y tobillos abiertos o el\u00e1sticos, capucha y botas antideslizantes (dependiendo del modelo); m\u00faltiples tallas disponibles<\/li>\n<li><strong>Protecci\u00f3n Multiprop\u00f3sito<\/strong>: Proporciona protecci\u00f3n durante tareas como manufactura industrial general y mantenimiento, trabajo de laboratorio, pintura; ayuda a proteger a los trabajadores del polvo, suciedad y salpicaduras ligeras<\/li>\n<li><strong>Elegible Para<\/strong>: Reciclaje a trav\u00e9s de RightCycle\u2122 (cuando se usa en aplicaciones no peligrosas seg\u00fan la clasificaci\u00f3n de las regulaciones federales, estatales y locales)<\/li>\n<\/ul>\n<h3 class=\"d-none d-xl-block\">Industrias primarias<\/h3>\n<ul>\n<li><strong>Automotive<\/strong><\/li>\n<\/ul>\n<\/div>\n","protected":false},"excerpt":{"rendered":"<p>Tecnolog\u00eda de laminado microporoso Caracter\u00edsticas y ventajas claves Dise\u00f1o Configurable: Cuenta con cremallera frontal con varias configuraciones disponibles, incluyendo pu\u00f1os y tobillos abiertos o el\u00e1sticos, capucha y botas antideslizantes (dependiendo del modelo); m\u00faltiples tallas disponibles Protecci\u00f3n Multiprop\u00f3sito: Proporciona protecci\u00f3n durante tareas como manufactura industrial general y mantenimiento, trabajo de laboratorio, pintura; ayuda a proteger a &hellip; <a href=\"https:\/\/itemsind.com\/tienda\/producto\/traje-con-capucha-kleenguard-kga35-ewa\/\" class=\"more-link\">Continue reading <span class=\"screen-reader-text\">Traje con Capucha KleenGuard\u2122 KGA35 EWA<\/span><\/a><\/p>\n","protected":false},"featured_media":17622,"template":"","meta":[],"product_brand":[2356],"product_cat":[1300,2064,1336],"product_tag":[2079],"class_list":{"0":"post-17620","1":"product","2":"type-product","3":"status-publish","4":"has-post-thumbnail","6":"product_brand-ansell","7":"product_cat-categorias-prodcutos","8":"product_cat-proteccion","9":"product_cat-proteccion-ropa","10":"product_tag-traje-de-proteccion","13":"instock","14":"taxable","15":"shipping-taxable","16":"product-type-simple"},"yoast_head":"<!-- This site is optimized with the Yoast SEO plugin v27.4 - https:\/\/yoast.com\/product\/yoast-seo-wordpress\/ -->\n<title>Traje con Capucha KleenGuard\u2122 KGA35 EWA - Items Industriales<\/title>\n<meta name=\"robots\" content=\"index, follow, max-snippet:-1, max-image-preview:large, max-video-preview:-1\" \/>\n<link rel=\"canonical\" href=\"https:\/\/itemsind.com\/tienda\/producto\/traje-con-capucha-kleenguard-kga35-ewa\/\" \/>\n<meta property=\"og:locale\" content=\"es_ES\" \/>\n<meta property=\"og:type\" content=\"article\" \/>\n<meta property=\"og:title\" content=\"Traje con Capucha KleenGuard\u2122 KGA35 EWA - Items Industriales\" \/>\n<meta property=\"og:description\" content=\"Tecnolog\u00eda de laminado microporoso Caracter\u00edsticas y ventajas claves Dise\u00f1o Configurable: Cuenta con cremallera frontal con varias configuraciones disponibles, incluyendo pu\u00f1os y tobillos abiertos o el\u00e1sticos, capucha y botas antideslizantes (dependiendo del modelo); m\u00faltiples tallas disponibles Protecci\u00f3n Multiprop\u00f3sito: Proporciona protecci\u00f3n durante tareas como manufactura industrial general y mantenimiento, trabajo de laboratorio, pintura; ayuda a proteger a &hellip; Continue reading Traje con Capucha KleenGuard\u2122 KGA35 EWA\" \/>\n<meta property=\"og:url\" content=\"https:\/\/itemsind.com\/tienda\/producto\/traje-con-capucha-kleenguard-kga35-ewa\/\" \/>\n<meta property=\"og:site_name\" content=\"Items Industriales\" \/>\n<meta property=\"article:publisher\" content=\"https:\/\/www.facebook.com\/itemsind\" \/>\n<meta property=\"article:modified_time\" content=\"2026-03-03T18:24:08+00:00\" \/>\n<meta property=\"og:image\" content=\"https:\/\/itemsind.com\/tienda\/wp-content\/uploads\/2026\/03\/KleenGuard-KGA35-Coverall-Hood-EWA-P01.jpg\" \/>\n\t<meta property=\"og:image:width\" content=\"872\" \/>\n\t<meta property=\"og:image:height\" content=\"872\" \/>\n\t<meta property=\"og:image:type\" content=\"image\/jpeg\" \/>\n<meta name=\"twitter:card\" content=\"summary_large_image\" \/>\n<meta name=\"twitter:label1\" content=\"Tiempo de lectura\" \/>\n\t<meta name=\"twitter:data1\" content=\"1 minuto\" \/>\n<script type=\"application\/ld+json\" class=\"yoast-schema-graph\">{\"@context\":\"https:\\\/\\\/schema.org\",\"@graph\":[{\"@type\":\"WebPage\",\"@id\":\"https:\\\/\\\/itemsind.com\\\/tienda\\\/producto\\\/traje-con-capucha-kleenguard-kga35-ewa\\\/\",\"url\":\"https:\\\/\\\/itemsind.com\\\/tienda\\\/producto\\\/traje-con-capucha-kleenguard-kga35-ewa\\\/\",\"name\":\"Traje con Capucha KleenGuard\u2122 KGA35 EWA - Items Industriales\",\"isPartOf\":{\"@id\":\"https:\\\/\\\/itemsind.com\\\/tienda\\\/#website\"},\"primaryImageOfPage\":{\"@id\":\"https:\\\/\\\/itemsind.com\\\/tienda\\\/producto\\\/traje-con-capucha-kleenguard-kga35-ewa\\\/#primaryimage\"},\"image\":{\"@id\":\"https:\\\/\\\/itemsind.com\\\/tienda\\\/producto\\\/traje-con-capucha-kleenguard-kga35-ewa\\\/#primaryimage\"},\"thumbnailUrl\":\"https:\\\/\\\/itemsind.com\\\/tienda\\\/wp-content\\\/uploads\\\/2026\\\/03\\\/KleenGuard-KGA35-Coverall-Hood-EWA-P01.jpg\",\"datePublished\":\"2026-03-03T18:23:13+00:00\",\"dateModified\":\"2026-03-03T18:24:08+00:00\",\"breadcrumb\":{\"@id\":\"https:\\\/\\\/itemsind.com\\\/tienda\\\/producto\\\/traje-con-capucha-kleenguard-kga35-ewa\\\/#breadcrumb\"},\"inLanguage\":\"es\",\"potentialAction\":[{\"@type\":\"ReadAction\",\"target\":[\"https:\\\/\\\/itemsind.com\\\/tienda\\\/producto\\\/traje-con-capucha-kleenguard-kga35-ewa\\\/\"]}]},{\"@type\":\"ImageObject\",\"inLanguage\":\"es\",\"@id\":\"https:\\\/\\\/itemsind.com\\\/tienda\\\/producto\\\/traje-con-capucha-kleenguard-kga35-ewa\\\/#primaryimage\",\"url\":\"https:\\\/\\\/itemsind.com\\\/tienda\\\/wp-content\\\/uploads\\\/2026\\\/03\\\/KleenGuard-KGA35-Coverall-Hood-EWA-P01.jpg\",\"contentUrl\":\"https:\\\/\\\/itemsind.com\\\/tienda\\\/wp-content\\\/uploads\\\/2026\\\/03\\\/KleenGuard-KGA35-Coverall-Hood-EWA-P01.jpg\",\"width\":872,\"height\":872},{\"@type\":\"BreadcrumbList\",\"@id\":\"https:\\\/\\\/itemsind.com\\\/tienda\\\/producto\\\/traje-con-capucha-kleenguard-kga35-ewa\\\/#breadcrumb\",\"itemListElement\":[{\"@type\":\"ListItem\",\"position\":1,\"name\":\"Portada\",\"item\":\"https:\\\/\\\/itemsind.com\\\/tienda\\\/\"},{\"@type\":\"ListItem\",\"position\":2,\"name\":\"Tienda\",\"item\":\"https:\\\/\\\/itemsind.com\\\/tienda\\\/tienda\\\/\"},{\"@type\":\"ListItem\",\"position\":3,\"name\":\"Traje con Capucha KleenGuard\u2122 KGA35 EWA\"}]},{\"@type\":\"WebSite\",\"@id\":\"https:\\\/\\\/itemsind.com\\\/tienda\\\/#website\",\"url\":\"https:\\\/\\\/itemsind.com\\\/tienda\\\/\",\"name\":\"Items Industriales\",\"description\":\"Productos y Servicios para Seguridad Industrial\",\"publisher\":{\"@id\":\"https:\\\/\\\/itemsind.com\\\/tienda\\\/#organization\"},\"potentialAction\":[{\"@type\":\"SearchAction\",\"target\":{\"@type\":\"EntryPoint\",\"urlTemplate\":\"https:\\\/\\\/itemsind.com\\\/tienda\\\/?s={search_term_string}\"},\"query-input\":{\"@type\":\"PropertyValueSpecification\",\"valueRequired\":true,\"valueName\":\"search_term_string\"}}],\"inLanguage\":\"es\"},{\"@type\":\"Organization\",\"@id\":\"https:\\\/\\\/itemsind.com\\\/tienda\\\/#organization\",\"name\":\"Items Industriales\",\"url\":\"https:\\\/\\\/itemsind.com\\\/tienda\\\/\",\"logo\":{\"@type\":\"ImageObject\",\"inLanguage\":\"es\",\"@id\":\"https:\\\/\\\/itemsind.com\\\/tienda\\\/#\\\/schema\\\/logo\\\/image\\\/\",\"url\":\"https:\\\/\\\/itemsind.com\\\/tienda\\\/wp-content\\\/uploads\\\/2023\\\/11\\\/items-logo-principal.jpg\",\"contentUrl\":\"https:\\\/\\\/itemsind.com\\\/tienda\\\/wp-content\\\/uploads\\\/2023\\\/11\\\/items-logo-principal.jpg\",\"width\":2120,\"height\":793,\"caption\":\"Items Industriales\"},\"image\":{\"@id\":\"https:\\\/\\\/itemsind.com\\\/tienda\\\/#\\\/schema\\\/logo\\\/image\\\/\"},\"sameAs\":[\"https:\\\/\\\/www.facebook.com\\\/itemsind\",\"https:\\\/\\\/www.instagram.com\\\/itemsind\\\/\"]}]}<\/script>\n<!-- \/ Yoast SEO plugin. -->","yoast_head_json":{"title":"Traje con Capucha KleenGuard\u2122 KGA35 EWA - Items Industriales","robots":{"index":"index","follow":"follow","max-snippet":"max-snippet:-1","max-image-preview":"max-image-preview:large","max-video-preview":"max-video-preview:-1"},"canonical":"https:\/\/itemsind.com\/tienda\/producto\/traje-con-capucha-kleenguard-kga35-ewa\/","og_locale":"es_ES","og_type":"article","og_title":"Traje con Capucha KleenGuard\u2122 KGA35 EWA - Items Industriales","og_description":"Tecnolog\u00eda de laminado microporoso Caracter\u00edsticas y ventajas claves Dise\u00f1o Configurable: Cuenta con cremallera frontal con varias configuraciones disponibles, incluyendo pu\u00f1os y tobillos abiertos o el\u00e1sticos, capucha y botas antideslizantes (dependiendo del modelo); m\u00faltiples tallas disponibles Protecci\u00f3n Multiprop\u00f3sito: Proporciona protecci\u00f3n durante tareas como manufactura industrial general y mantenimiento, trabajo de laboratorio, pintura; ayuda a proteger a &hellip; Continue reading Traje con Capucha KleenGuard\u2122 KGA35 EWA","og_url":"https:\/\/itemsind.com\/tienda\/producto\/traje-con-capucha-kleenguard-kga35-ewa\/","og_site_name":"Items Industriales","article_publisher":"https:\/\/www.facebook.com\/itemsind","article_modified_time":"2026-03-03T18:24:08+00:00","og_image":[{"width":872,"height":872,"url":"https:\/\/itemsind.com\/tienda\/wp-content\/uploads\/2026\/03\/KleenGuard-KGA35-Coverall-Hood-EWA-P01.jpg","type":"image\/jpeg"}],"twitter_card":"summary_large_image","twitter_misc":{"Tiempo de lectura":"1 minuto"},"schema":{"@context":"https:\/\/schema.org","@graph":[{"@type":"WebPage","@id":"https:\/\/itemsind.com\/tienda\/producto\/traje-con-capucha-kleenguard-kga35-ewa\/","url":"https:\/\/itemsind.com\/tienda\/producto\/traje-con-capucha-kleenguard-kga35-ewa\/","name":"Traje con Capucha KleenGuard\u2122 KGA35 EWA - Items Industriales","isPartOf":{"@id":"https:\/\/itemsind.com\/tienda\/#website"},"primaryImageOfPage":{"@id":"https:\/\/itemsind.com\/tienda\/producto\/traje-con-capucha-kleenguard-kga35-ewa\/#primaryimage"},"image":{"@id":"https:\/\/itemsind.com\/tienda\/producto\/traje-con-capucha-kleenguard-kga35-ewa\/#primaryimage"},"thumbnailUrl":"https:\/\/itemsind.com\/tienda\/wp-content\/uploads\/2026\/03\/KleenGuard-KGA35-Coverall-Hood-EWA-P01.jpg","datePublished":"2026-03-03T18:23:13+00:00","dateModified":"2026-03-03T18:24:08+00:00","breadcrumb":{"@id":"https:\/\/itemsind.com\/tienda\/producto\/traje-con-capucha-kleenguard-kga35-ewa\/#breadcrumb"},"inLanguage":"es","potentialAction":[{"@type":"ReadAction","target":["https:\/\/itemsind.com\/tienda\/producto\/traje-con-capucha-kleenguard-kga35-ewa\/"]}]},{"@type":"ImageObject","inLanguage":"es","@id":"https:\/\/itemsind.com\/tienda\/producto\/traje-con-capucha-kleenguard-kga35-ewa\/#primaryimage","url":"https:\/\/itemsind.com\/tienda\/wp-content\/uploads\/2026\/03\/KleenGuard-KGA35-Coverall-Hood-EWA-P01.jpg","contentUrl":"https:\/\/itemsind.com\/tienda\/wp-content\/uploads\/2026\/03\/KleenGuard-KGA35-Coverall-Hood-EWA-P01.jpg","width":872,"height":872},{"@type":"BreadcrumbList","@id":"https:\/\/itemsind.com\/tienda\/producto\/traje-con-capucha-kleenguard-kga35-ewa\/#breadcrumb","itemListElement":[{"@type":"ListItem","position":1,"name":"Portada","item":"https:\/\/itemsind.com\/tienda\/"},{"@type":"ListItem","position":2,"name":"Tienda","item":"https:\/\/itemsind.com\/tienda\/tienda\/"},{"@type":"ListItem","position":3,"name":"Traje con Capucha KleenGuard\u2122 KGA35 EWA"}]},{"@type":"WebSite","@id":"https:\/\/itemsind.com\/tienda\/#website","url":"https:\/\/itemsind.com\/tienda\/","name":"Items Industriales","description":"Productos y Servicios para Seguridad Industrial","publisher":{"@id":"https:\/\/itemsind.com\/tienda\/#organization"},"potentialAction":[{"@type":"SearchAction","target":{"@type":"EntryPoint","urlTemplate":"https:\/\/itemsind.com\/tienda\/?s={search_term_string}"},"query-input":{"@type":"PropertyValueSpecification","valueRequired":true,"valueName":"search_term_string"}}],"inLanguage":"es"},{"@type":"Organization","@id":"https:\/\/itemsind.com\/tienda\/#organization","name":"Items Industriales","url":"https:\/\/itemsind.com\/tienda\/","logo":{"@type":"ImageObject","inLanguage":"es","@id":"https:\/\/itemsind.com\/tienda\/#\/schema\/logo\/image\/","url":"https:\/\/itemsind.com\/tienda\/wp-content\/uploads\/2023\/11\/items-logo-principal.jpg","contentUrl":"https:\/\/itemsind.com\/tienda\/wp-content\/uploads\/2023\/11\/items-logo-principal.jpg","width":2120,"height":793,"caption":"Items Industriales"},"image":{"@id":"https:\/\/itemsind.com\/tienda\/#\/schema\/logo\/image\/"},"sameAs":["https:\/\/www.facebook.com\/itemsind","https:\/\/www.instagram.com\/itemsind\/"]}]}},"_links":{"self":[{"href":"https:\/\/itemsind.com\/tienda\/wp-json\/wp\/v2\/product\/17620","targetHints":{"allow":["GET"]}}],"collection":[{"href":"https:\/\/itemsind.com\/tienda\/wp-json\/wp\/v2\/product"}],"about":[{"href":"https:\/\/itemsind.com\/tienda\/wp-json\/wp\/v2\/types\/product"}],"wp:featuredmedia":[{"embeddable":true,"href":"https:\/\/itemsind.com\/tienda\/wp-json\/wp\/v2\/media\/17622"}],"wp:attachment":[{"href":"https:\/\/itemsind.com\/tienda\/wp-json\/wp\/v2\/media?parent=17620"}],"wp:term":[{"taxonomy":"product_brand","embeddable":true,"href":"https:\/\/itemsind.com\/tienda\/wp-json\/wp\/v2\/product_brand?post=17620"},{"taxonomy":"product_cat","embeddable":true,"href":"https:\/\/itemsind.com\/tienda\/wp-json\/wp\/v2\/product_cat?post=17620"},{"taxonomy":"product_tag","embeddable":true,"href":"https:\/\/itemsind.com\/tienda\/wp-json\/wp\/v2\/product_tag?post=17620"}],"curies":[{"name":"wp","href":"https:\/\/api.w.org\/{rel}","templated":true}]}}