{"id":17623,"date":"2026-03-03T12:32:44","date_gmt":"2026-03-03T18:32:44","guid":{"rendered":"https:\/\/itemsind.com\/tienda\/?post_type=product&#038;p=17623"},"modified":"2026-03-03T12:33:16","modified_gmt":"2026-03-03T18:33:16","slug":"traje-alphatec-1500-plus-fr-cosido-modelo-111","status":"publish","type":"product","link":"https:\/\/itemsind.com\/tienda\/producto\/traje-alphatec-1500-plus-fr-cosido-modelo-111\/","title":{"rendered":"Traje AlphaTec\u00ae 1500 PLUS FR Cosido &#8211; Modelo 111"},"content":{"rendered":"<div class=\"intro\">\n<p class=\"sub-header\" data-webid=\"old-product-name\">Denominado anteriormente AlphaTec \u2122 1500 PLUS FR- Model 111 White<\/p>\n<p>Traje de protecci\u00f3n SMMS ign\u00edfugo y antiest\u00e1tico, que garantiza a los usuarios una protecci\u00f3n qu\u00edmica ligera.<\/p>\n<\/div>\n<div class=\"details\">\n<h3>Caracter\u00edsticas y ventajas claves<\/h3>\n<ul>\n<li style=\"list-style-type: none;\">\n<ul>\n<li><strong>Flame-retardant* SMMS fabric:<\/strong>\u00a0Resistencia a part\u00edculas y salpicaduras de bajo riesgo<\/li>\n<li><strong>Permeabilidad al aire y al vapor de agua:<\/strong>\u00a0menor riesgo de estr\u00e9s t\u00e9rmico<\/li>\n<li><strong>Cumplimiento de la norma EN 1149-5:<\/strong>\u00a0Capacidad antiest\u00e1tica garantizada<\/li>\n<\/ul>\n<\/li>\n<\/ul>\n<p><sup>*para llevar sobre ropa de protecci\u00f3n contra el calor y las llamas (EN ISO 14116 \u00cdndice 2 o superior) &#8211; limita la propagaci\u00f3n de las llamas en caso de incendio repentino (EN ISO 14116 \u00cdndice 1)<\/sup><\/p>\n<\/div>\n<div>\n<div class=\"ans-accordion-item\">\n<div class=\"ans-accordion-body d-xl-block\">\n<div class=\"ans-accordion-body-content\">\n<h3 class=\"d-none d-xl-block\">Caracteristicas de dise\u00f1o<\/h3>\n<p>Traje de protecci\u00f3n, capucha de 3 piezas, cremallera delantera bidireccional con solapa cubrecremallera resellable, gomas para los pulgares. El\u00e1stico en capucha, cintura, pu\u00f1os y tobillos. Tratamiento antiest\u00e1tico.<\/p>\n<\/div>\n<\/div>\n<\/div>\n<div class=\"ans-accordion-item\">\n<div class=\"ans-accordion-body d-xl-block\">\n<div class=\"ans-accordion-body-content\">\n<h3 class=\"d-none d-xl-block\">Aplicaciones ideales<\/h3>\n<ul>\n<li>Manipulaci\u00f3n de Productos Qu\u00edmicos<\/li>\n<li>Entornos Contaminados<\/li>\n<li>Llenado, mezcla y carga de materias primas<\/li>\n<li>Transferencia de l\u00edquidos y s\u00f3lidos<\/li>\n<li>Apertura y drenaje de bombas, v\u00e1lvulas o tuber\u00edas<\/li>\n<li>Carga y descarga de equipo de procesado<\/li>\n<li>Recolecci\u00f3n de muestras de materias primas<\/li>\n<li>Concentraci\u00f3n, mezcla y paletizaci\u00f3n<\/li>\n<\/ul>\n<\/div>\n<\/div>\n<\/div>\n<div class=\"ans-accordion-item\">\n<div class=\"ans-accordion-body d-xl-block\">\n<div class=\"ans-accordion-body-content\">\n<h3 class=\"d-none d-xl-block\">Industrias primarias<\/h3>\n<ul>\n<li><strong>Energ\u00eda<\/strong><\/li>\n<li><strong>Qu\u00edmico<\/strong><\/li>\n<\/ul>\n<\/div>\n<\/div>\n<\/div>\n<\/div>\n","protected":false},"excerpt":{"rendered":"<p>Denominado anteriormente AlphaTec \u2122 1500 PLUS FR- Model 111 White Traje de protecci\u00f3n SMMS ign\u00edfugo y antiest\u00e1tico, que garantiza a los usuarios una protecci\u00f3n qu\u00edmica ligera. Caracter\u00edsticas y ventajas claves Flame-retardant* SMMS fabric:\u00a0Resistencia a part\u00edculas y salpicaduras de bajo riesgo Permeabilidad al aire y al vapor de agua:\u00a0menor riesgo de estr\u00e9s t\u00e9rmico Cumplimiento de la &hellip; <a href=\"https:\/\/itemsind.com\/tienda\/producto\/traje-alphatec-1500-plus-fr-cosido-modelo-111\/\" class=\"more-link\">Continue reading <span class=\"screen-reader-text\">Traje AlphaTec\u00ae 1500 PLUS FR Cosido &#8211; Modelo 111<\/span><\/a><\/p>\n","protected":false},"featured_media":17624,"template":"","meta":[],"product_brand":[2356],"product_cat":[1300,2064,1336],"product_tag":[2079],"class_list":{"0":"post-17623","1":"product","2":"type-product","3":"status-publish","4":"has-post-thumbnail","6":"product_brand-ansell","7":"product_cat-categorias-prodcutos","8":"product_cat-proteccion","9":"product_cat-proteccion-ropa","10":"product_tag-traje-de-proteccion","13":"instock","14":"taxable","15":"shipping-taxable","16":"product-type-simple"},"yoast_head":"<!-- This site is optimized with the Yoast SEO plugin v27.4 - https:\/\/yoast.com\/product\/yoast-seo-wordpress\/ -->\n<title>Traje AlphaTec\u00ae 1500 PLUS FR Cosido - Modelo 111 - Items Industriales<\/title>\n<meta name=\"robots\" content=\"index, follow, max-snippet:-1, max-image-preview:large, max-video-preview:-1\" \/>\n<link rel=\"canonical\" href=\"https:\/\/itemsind.com\/tienda\/producto\/traje-alphatec-1500-plus-fr-cosido-modelo-111\/\" \/>\n<meta property=\"og:locale\" content=\"es_ES\" \/>\n<meta property=\"og:type\" content=\"article\" \/>\n<meta property=\"og:title\" content=\"Traje AlphaTec\u00ae 1500 PLUS FR Cosido - Modelo 111 - Items Industriales\" \/>\n<meta property=\"og:description\" content=\"Denominado anteriormente AlphaTec \u2122 1500 PLUS FR- Model 111 White Traje de protecci\u00f3n SMMS ign\u00edfugo y antiest\u00e1tico, que garantiza a los usuarios una protecci\u00f3n qu\u00edmica ligera. Caracter\u00edsticas y ventajas claves Flame-retardant* SMMS fabric:\u00a0Resistencia a part\u00edculas y salpicaduras de bajo riesgo Permeabilidad al aire y al vapor de agua:\u00a0menor riesgo de estr\u00e9s t\u00e9rmico Cumplimiento de la &hellip; Continue reading Traje AlphaTec\u00ae 1500 PLUS FR Cosido &#8211; Modelo 111\" \/>\n<meta property=\"og:url\" content=\"https:\/\/itemsind.com\/tienda\/producto\/traje-alphatec-1500-plus-fr-cosido-modelo-111\/\" \/>\n<meta property=\"og:site_name\" content=\"Items Industriales\" \/>\n<meta property=\"article:publisher\" content=\"https:\/\/www.facebook.com\/itemsind\" \/>\n<meta property=\"article:modified_time\" content=\"2026-03-03T18:33:16+00:00\" \/>\n<meta property=\"og:image\" content=\"https:\/\/itemsind.com\/tienda\/wp-content\/uploads\/2026\/03\/plantilla-productos-WEBSITE-17.png\" \/>\n\t<meta property=\"og:image:width\" content=\"1080\" \/>\n\t<meta property=\"og:image:height\" content=\"1080\" \/>\n\t<meta property=\"og:image:type\" content=\"image\/png\" \/>\n<meta name=\"twitter:card\" content=\"summary_large_image\" \/>\n<meta name=\"twitter:label1\" content=\"Tiempo de lectura\" \/>\n\t<meta name=\"twitter:data1\" content=\"2 minutos\" \/>\n<script type=\"application\/ld+json\" class=\"yoast-schema-graph\">{\"@context\":\"https:\\\/\\\/schema.org\",\"@graph\":[{\"@type\":\"WebPage\",\"@id\":\"https:\\\/\\\/itemsind.com\\\/tienda\\\/producto\\\/traje-alphatec-1500-plus-fr-cosido-modelo-111\\\/\",\"url\":\"https:\\\/\\\/itemsind.com\\\/tienda\\\/producto\\\/traje-alphatec-1500-plus-fr-cosido-modelo-111\\\/\",\"name\":\"Traje AlphaTec\u00ae 1500 PLUS FR Cosido - Modelo 111 - Items Industriales\",\"isPartOf\":{\"@id\":\"https:\\\/\\\/itemsind.com\\\/tienda\\\/#website\"},\"primaryImageOfPage\":{\"@id\":\"https:\\\/\\\/itemsind.com\\\/tienda\\\/producto\\\/traje-alphatec-1500-plus-fr-cosido-modelo-111\\\/#primaryimage\"},\"image\":{\"@id\":\"https:\\\/\\\/itemsind.com\\\/tienda\\\/producto\\\/traje-alphatec-1500-plus-fr-cosido-modelo-111\\\/#primaryimage\"},\"thumbnailUrl\":\"https:\\\/\\\/itemsind.com\\\/tienda\\\/wp-content\\\/uploads\\\/2026\\\/03\\\/plantilla-productos-WEBSITE-17.png\",\"datePublished\":\"2026-03-03T18:32:44+00:00\",\"dateModified\":\"2026-03-03T18:33:16+00:00\",\"breadcrumb\":{\"@id\":\"https:\\\/\\\/itemsind.com\\\/tienda\\\/producto\\\/traje-alphatec-1500-plus-fr-cosido-modelo-111\\\/#breadcrumb\"},\"inLanguage\":\"es\",\"potentialAction\":[{\"@type\":\"ReadAction\",\"target\":[\"https:\\\/\\\/itemsind.com\\\/tienda\\\/producto\\\/traje-alphatec-1500-plus-fr-cosido-modelo-111\\\/\"]}]},{\"@type\":\"ImageObject\",\"inLanguage\":\"es\",\"@id\":\"https:\\\/\\\/itemsind.com\\\/tienda\\\/producto\\\/traje-alphatec-1500-plus-fr-cosido-modelo-111\\\/#primaryimage\",\"url\":\"https:\\\/\\\/itemsind.com\\\/tienda\\\/wp-content\\\/uploads\\\/2026\\\/03\\\/plantilla-productos-WEBSITE-17.png\",\"contentUrl\":\"https:\\\/\\\/itemsind.com\\\/tienda\\\/wp-content\\\/uploads\\\/2026\\\/03\\\/plantilla-productos-WEBSITE-17.png\",\"width\":1080,\"height\":1080},{\"@type\":\"BreadcrumbList\",\"@id\":\"https:\\\/\\\/itemsind.com\\\/tienda\\\/producto\\\/traje-alphatec-1500-plus-fr-cosido-modelo-111\\\/#breadcrumb\",\"itemListElement\":[{\"@type\":\"ListItem\",\"position\":1,\"name\":\"Portada\",\"item\":\"https:\\\/\\\/itemsind.com\\\/tienda\\\/\"},{\"@type\":\"ListItem\",\"position\":2,\"name\":\"Tienda\",\"item\":\"https:\\\/\\\/itemsind.com\\\/tienda\\\/tienda\\\/\"},{\"@type\":\"ListItem\",\"position\":3,\"name\":\"Traje AlphaTec\u00ae 1500 PLUS FR Cosido &#8211; Modelo 111\"}]},{\"@type\":\"WebSite\",\"@id\":\"https:\\\/\\\/itemsind.com\\\/tienda\\\/#website\",\"url\":\"https:\\\/\\\/itemsind.com\\\/tienda\\\/\",\"name\":\"Items Industriales\",\"description\":\"Productos y Servicios para Seguridad Industrial\",\"publisher\":{\"@id\":\"https:\\\/\\\/itemsind.com\\\/tienda\\\/#organization\"},\"potentialAction\":[{\"@type\":\"SearchAction\",\"target\":{\"@type\":\"EntryPoint\",\"urlTemplate\":\"https:\\\/\\\/itemsind.com\\\/tienda\\\/?s={search_term_string}\"},\"query-input\":{\"@type\":\"PropertyValueSpecification\",\"valueRequired\":true,\"valueName\":\"search_term_string\"}}],\"inLanguage\":\"es\"},{\"@type\":\"Organization\",\"@id\":\"https:\\\/\\\/itemsind.com\\\/tienda\\\/#organization\",\"name\":\"Items Industriales\",\"url\":\"https:\\\/\\\/itemsind.com\\\/tienda\\\/\",\"logo\":{\"@type\":\"ImageObject\",\"inLanguage\":\"es\",\"@id\":\"https:\\\/\\\/itemsind.com\\\/tienda\\\/#\\\/schema\\\/logo\\\/image\\\/\",\"url\":\"https:\\\/\\\/itemsind.com\\\/tienda\\\/wp-content\\\/uploads\\\/2023\\\/11\\\/items-logo-principal.jpg\",\"contentUrl\":\"https:\\\/\\\/itemsind.com\\\/tienda\\\/wp-content\\\/uploads\\\/2023\\\/11\\\/items-logo-principal.jpg\",\"width\":2120,\"height\":793,\"caption\":\"Items Industriales\"},\"image\":{\"@id\":\"https:\\\/\\\/itemsind.com\\\/tienda\\\/#\\\/schema\\\/logo\\\/image\\\/\"},\"sameAs\":[\"https:\\\/\\\/www.facebook.com\\\/itemsind\",\"https:\\\/\\\/www.instagram.com\\\/itemsind\\\/\"]}]}<\/script>\n<!-- \/ Yoast SEO plugin. -->","yoast_head_json":{"title":"Traje AlphaTec\u00ae 1500 PLUS FR Cosido - Modelo 111 - Items Industriales","robots":{"index":"index","follow":"follow","max-snippet":"max-snippet:-1","max-image-preview":"max-image-preview:large","max-video-preview":"max-video-preview:-1"},"canonical":"https:\/\/itemsind.com\/tienda\/producto\/traje-alphatec-1500-plus-fr-cosido-modelo-111\/","og_locale":"es_ES","og_type":"article","og_title":"Traje AlphaTec\u00ae 1500 PLUS FR Cosido - Modelo 111 - Items Industriales","og_description":"Denominado anteriormente AlphaTec \u2122 1500 PLUS FR- Model 111 White Traje de protecci\u00f3n SMMS ign\u00edfugo y antiest\u00e1tico, que garantiza a los usuarios una protecci\u00f3n qu\u00edmica ligera. Caracter\u00edsticas y ventajas claves Flame-retardant* SMMS fabric:\u00a0Resistencia a part\u00edculas y salpicaduras de bajo riesgo Permeabilidad al aire y al vapor de agua:\u00a0menor riesgo de estr\u00e9s t\u00e9rmico Cumplimiento de la &hellip; Continue reading Traje AlphaTec\u00ae 1500 PLUS FR Cosido &#8211; Modelo 111","og_url":"https:\/\/itemsind.com\/tienda\/producto\/traje-alphatec-1500-plus-fr-cosido-modelo-111\/","og_site_name":"Items Industriales","article_publisher":"https:\/\/www.facebook.com\/itemsind","article_modified_time":"2026-03-03T18:33:16+00:00","og_image":[{"width":1080,"height":1080,"url":"https:\/\/itemsind.com\/tienda\/wp-content\/uploads\/2026\/03\/plantilla-productos-WEBSITE-17.png","type":"image\/png"}],"twitter_card":"summary_large_image","twitter_misc":{"Tiempo de lectura":"2 minutos"},"schema":{"@context":"https:\/\/schema.org","@graph":[{"@type":"WebPage","@id":"https:\/\/itemsind.com\/tienda\/producto\/traje-alphatec-1500-plus-fr-cosido-modelo-111\/","url":"https:\/\/itemsind.com\/tienda\/producto\/traje-alphatec-1500-plus-fr-cosido-modelo-111\/","name":"Traje AlphaTec\u00ae 1500 PLUS FR Cosido - Modelo 111 - Items Industriales","isPartOf":{"@id":"https:\/\/itemsind.com\/tienda\/#website"},"primaryImageOfPage":{"@id":"https:\/\/itemsind.com\/tienda\/producto\/traje-alphatec-1500-plus-fr-cosido-modelo-111\/#primaryimage"},"image":{"@id":"https:\/\/itemsind.com\/tienda\/producto\/traje-alphatec-1500-plus-fr-cosido-modelo-111\/#primaryimage"},"thumbnailUrl":"https:\/\/itemsind.com\/tienda\/wp-content\/uploads\/2026\/03\/plantilla-productos-WEBSITE-17.png","datePublished":"2026-03-03T18:32:44+00:00","dateModified":"2026-03-03T18:33:16+00:00","breadcrumb":{"@id":"https:\/\/itemsind.com\/tienda\/producto\/traje-alphatec-1500-plus-fr-cosido-modelo-111\/#breadcrumb"},"inLanguage":"es","potentialAction":[{"@type":"ReadAction","target":["https:\/\/itemsind.com\/tienda\/producto\/traje-alphatec-1500-plus-fr-cosido-modelo-111\/"]}]},{"@type":"ImageObject","inLanguage":"es","@id":"https:\/\/itemsind.com\/tienda\/producto\/traje-alphatec-1500-plus-fr-cosido-modelo-111\/#primaryimage","url":"https:\/\/itemsind.com\/tienda\/wp-content\/uploads\/2026\/03\/plantilla-productos-WEBSITE-17.png","contentUrl":"https:\/\/itemsind.com\/tienda\/wp-content\/uploads\/2026\/03\/plantilla-productos-WEBSITE-17.png","width":1080,"height":1080},{"@type":"BreadcrumbList","@id":"https:\/\/itemsind.com\/tienda\/producto\/traje-alphatec-1500-plus-fr-cosido-modelo-111\/#breadcrumb","itemListElement":[{"@type":"ListItem","position":1,"name":"Portada","item":"https:\/\/itemsind.com\/tienda\/"},{"@type":"ListItem","position":2,"name":"Tienda","item":"https:\/\/itemsind.com\/tienda\/tienda\/"},{"@type":"ListItem","position":3,"name":"Traje AlphaTec\u00ae 1500 PLUS FR Cosido &#8211; Modelo 111"}]},{"@type":"WebSite","@id":"https:\/\/itemsind.com\/tienda\/#website","url":"https:\/\/itemsind.com\/tienda\/","name":"Items Industriales","description":"Productos y Servicios para Seguridad Industrial","publisher":{"@id":"https:\/\/itemsind.com\/tienda\/#organization"},"potentialAction":[{"@type":"SearchAction","target":{"@type":"EntryPoint","urlTemplate":"https:\/\/itemsind.com\/tienda\/?s={search_term_string}"},"query-input":{"@type":"PropertyValueSpecification","valueRequired":true,"valueName":"search_term_string"}}],"inLanguage":"es"},{"@type":"Organization","@id":"https:\/\/itemsind.com\/tienda\/#organization","name":"Items Industriales","url":"https:\/\/itemsind.com\/tienda\/","logo":{"@type":"ImageObject","inLanguage":"es","@id":"https:\/\/itemsind.com\/tienda\/#\/schema\/logo\/image\/","url":"https:\/\/itemsind.com\/tienda\/wp-content\/uploads\/2023\/11\/items-logo-principal.jpg","contentUrl":"https:\/\/itemsind.com\/tienda\/wp-content\/uploads\/2023\/11\/items-logo-principal.jpg","width":2120,"height":793,"caption":"Items Industriales"},"image":{"@id":"https:\/\/itemsind.com\/tienda\/#\/schema\/logo\/image\/"},"sameAs":["https:\/\/www.facebook.com\/itemsind","https:\/\/www.instagram.com\/itemsind\/"]}]}},"_links":{"self":[{"href":"https:\/\/itemsind.com\/tienda\/wp-json\/wp\/v2\/product\/17623","targetHints":{"allow":["GET"]}}],"collection":[{"href":"https:\/\/itemsind.com\/tienda\/wp-json\/wp\/v2\/product"}],"about":[{"href":"https:\/\/itemsind.com\/tienda\/wp-json\/wp\/v2\/types\/product"}],"wp:featuredmedia":[{"embeddable":true,"href":"https:\/\/itemsind.com\/tienda\/wp-json\/wp\/v2\/media\/17624"}],"wp:attachment":[{"href":"https:\/\/itemsind.com\/tienda\/wp-json\/wp\/v2\/media?parent=17623"}],"wp:term":[{"taxonomy":"product_brand","embeddable":true,"href":"https:\/\/itemsind.com\/tienda\/wp-json\/wp\/v2\/product_brand?post=17623"},{"taxonomy":"product_cat","embeddable":true,"href":"https:\/\/itemsind.com\/tienda\/wp-json\/wp\/v2\/product_cat?post=17623"},{"taxonomy":"product_tag","embeddable":true,"href":"https:\/\/itemsind.com\/tienda\/wp-json\/wp\/v2\/product_tag?post=17623"}],"curies":[{"name":"wp","href":"https:\/\/api.w.org\/{rel}","templated":true}]}}