{"id":17625,"date":"2026-03-03T12:44:59","date_gmt":"2026-03-03T18:44:59","guid":{"rendered":"https:\/\/itemsind.com\/tienda\/?post_type=product&#038;p=17625"},"modified":"2026-03-03T12:47:30","modified_gmt":"2026-03-03T18:47:30","slug":"guante-alphatec-58-735-14largo-resistente-a-quimicos-corte","status":"publish","type":"product","link":"https:\/\/itemsind.com\/tienda\/producto\/guante-alphatec-58-735-14largo-resistente-a-quimicos-corte\/","title":{"rendered":"Guante AlphaTec\u2122 58-735 14&#8243;largo-Resistente a qu\u00edmicos\/corte"},"content":{"rendered":"<div class=\"intro\">\n<p>Guantes resistentes a productos qu\u00edmicos y con protecci\u00f3n a cortes, con forro de alta visibilidad, para una protecci\u00f3n avanzada<\/p>\n<\/div>\n<div class=\"details\">\n<h3>Caracter\u00edsticas y ventajas claves<\/h3>\n<ul>\n<li><strong>Barrera de concha de nitrilo:<\/strong>\u00a0Resistencia EN 374 Tipo A contra productos qu\u00edmicos comunes<\/li>\n<li><strong>Forro interior de alta visibilidad:<\/strong>\u00a0Indica cuando se corta, para mayor seguridad<\/li>\n<li><strong>Tecnolog\u00eda de resistencia al corte INTERCEPT\u2122:<\/strong>\u00a0Protecci\u00f3n al corte ANSI A3\/EN ISO C<\/li>\n<\/ul>\n<div class=\"ans-accordion-item\">\n<div class=\"ans-accordion-body d-xl-block\">\n<div class=\"ans-accordion-body-content\">\n<h3 class=\"d-none d-xl-block\">Aplicaciones ideales<\/h3>\n<ul>\n<li>Manejo de hojas met\u00e1licas y paneles<\/li>\n<li>Toma y procesado de muestras<\/li>\n<li>Eliminaci\u00f3n de vidrio roto<\/li>\n<li>Limpieza de derrames o fugas<\/li>\n<li>Ensamble y montaje de componentes<\/li>\n<li>Mezcla o carga de sustancias qu\u00edmicas<\/li>\n<li>Limpieza de plantas y maquinarias<\/li>\n<li>Manejo de herramientas de limpieza &amp; aplicaci\u00f3n<\/li>\n<\/ul>\n<\/div>\n<\/div>\n<\/div>\n<div class=\"ans-accordion-item\">\n<div class=\"ans-accordion-body d-xl-block\">\n<div class=\"ans-accordion-body-content\">\n<h3 class=\"d-none d-xl-block\">Industrias primarias<\/h3>\n<ul>\n<li><strong>Automotriz<\/strong><\/li>\n<li><strong>Ciencias de la Vida<\/strong><\/li>\n<li><strong>Energ\u00eda<\/strong><\/li>\n<li><strong>Procesamiento de alimentos<\/strong><\/li>\n<li><strong>Fabricaci\u00f3n de Metal<\/strong><\/li>\n<li><strong>Servicios M\u00e9dicos de Emergencia<\/strong><\/li>\n<\/ul>\n<\/div>\n<\/div>\n<\/div>\n<\/div>\n","protected":false},"excerpt":{"rendered":"<p>Guantes resistentes a productos qu\u00edmicos y con protecci\u00f3n a cortes, con forro de alta visibilidad, para una protecci\u00f3n avanzada Caracter\u00edsticas y ventajas claves Barrera de concha de nitrilo:\u00a0Resistencia EN 374 Tipo A contra productos qu\u00edmicos comunes Forro interior de alta visibilidad:\u00a0Indica cuando se corta, para mayor seguridad Tecnolog\u00eda de resistencia al corte INTERCEPT\u2122:\u00a0Protecci\u00f3n al corte &hellip; <a href=\"https:\/\/itemsind.com\/tienda\/producto\/guante-alphatec-58-735-14largo-resistente-a-quimicos-corte\/\" class=\"more-link\">Continue reading <span class=\"screen-reader-text\">Guante AlphaTec\u2122 58-735 14&#8243;largo-Resistente a qu\u00edmicos\/corte<\/span><\/a><\/p>\n","protected":false},"featured_media":17626,"template":"","meta":[],"product_brand":[2356],"product_cat":[1300,1384,2064],"product_tag":[2225,2398,2272],"class_list":{"0":"post-17625","1":"product","2":"type-product","3":"status-publish","4":"has-post-thumbnail","6":"product_brand-ansell","7":"product_cat-categorias-prodcutos","8":"product_cat-proteccion-de-manos-brazos","9":"product_cat-proteccion","10":"product_tag-guante","11":"product_tag-guante-de-nitrilo","12":"product_tag-guantes","15":"instock","16":"taxable","17":"shipping-taxable","18":"product-type-simple"},"yoast_head":"<!-- This site is optimized with the Yoast SEO plugin v27.4 - https:\/\/yoast.com\/product\/yoast-seo-wordpress\/ -->\n<title>Guante AlphaTec\u2122 58-735 14&quot;largo-Resistente a qu\u00edmicos\/corte - Items Industriales<\/title>\n<meta name=\"robots\" content=\"index, follow, max-snippet:-1, max-image-preview:large, max-video-preview:-1\" \/>\n<link rel=\"canonical\" href=\"https:\/\/itemsind.com\/tienda\/producto\/guante-alphatec-58-735-14largo-resistente-a-quimicos-corte\/\" \/>\n<meta property=\"og:locale\" content=\"es_ES\" \/>\n<meta property=\"og:type\" content=\"article\" \/>\n<meta property=\"og:title\" content=\"Guante AlphaTec\u2122 58-735 14&quot;largo-Resistente a qu\u00edmicos\/corte - Items Industriales\" \/>\n<meta property=\"og:description\" content=\"Guantes resistentes a productos qu\u00edmicos y con protecci\u00f3n a cortes, con forro de alta visibilidad, para una protecci\u00f3n avanzada Caracter\u00edsticas y ventajas claves Barrera de concha de nitrilo:\u00a0Resistencia EN 374 Tipo A contra productos qu\u00edmicos comunes Forro interior de alta visibilidad:\u00a0Indica cuando se corta, para mayor seguridad Tecnolog\u00eda de resistencia al corte INTERCEPT\u2122:\u00a0Protecci\u00f3n al corte &hellip; Continue reading Guante AlphaTec\u2122 58-735 14&#8243;largo-Resistente a qu\u00edmicos\/corte\" \/>\n<meta property=\"og:url\" content=\"https:\/\/itemsind.com\/tienda\/producto\/guante-alphatec-58-735-14largo-resistente-a-quimicos-corte\/\" \/>\n<meta property=\"og:site_name\" content=\"Items Industriales\" \/>\n<meta property=\"article:publisher\" content=\"https:\/\/www.facebook.com\/itemsind\" \/>\n<meta property=\"article:modified_time\" content=\"2026-03-03T18:47:30+00:00\" \/>\n<meta property=\"og:image\" content=\"https:\/\/itemsind.com\/tienda\/wp-content\/uploads\/2026\/03\/plantilla-productos-WEBSITE-18.png\" \/>\n\t<meta property=\"og:image:width\" content=\"1080\" \/>\n\t<meta property=\"og:image:height\" content=\"1080\" \/>\n\t<meta property=\"og:image:type\" content=\"image\/png\" \/>\n<meta name=\"twitter:card\" content=\"summary_large_image\" \/>\n<meta name=\"twitter:label1\" content=\"Tiempo de lectura\" \/>\n\t<meta name=\"twitter:data1\" content=\"1 minuto\" \/>\n<script type=\"application\/ld+json\" class=\"yoast-schema-graph\">{\"@context\":\"https:\\\/\\\/schema.org\",\"@graph\":[{\"@type\":\"WebPage\",\"@id\":\"https:\\\/\\\/itemsind.com\\\/tienda\\\/producto\\\/guante-alphatec-58-735-14largo-resistente-a-quimicos-corte\\\/\",\"url\":\"https:\\\/\\\/itemsind.com\\\/tienda\\\/producto\\\/guante-alphatec-58-735-14largo-resistente-a-quimicos-corte\\\/\",\"name\":\"Guante AlphaTec\u2122 58-735 14\\\"largo-Resistente a qu\u00edmicos\\\/corte - Items Industriales\",\"isPartOf\":{\"@id\":\"https:\\\/\\\/itemsind.com\\\/tienda\\\/#website\"},\"primaryImageOfPage\":{\"@id\":\"https:\\\/\\\/itemsind.com\\\/tienda\\\/producto\\\/guante-alphatec-58-735-14largo-resistente-a-quimicos-corte\\\/#primaryimage\"},\"image\":{\"@id\":\"https:\\\/\\\/itemsind.com\\\/tienda\\\/producto\\\/guante-alphatec-58-735-14largo-resistente-a-quimicos-corte\\\/#primaryimage\"},\"thumbnailUrl\":\"https:\\\/\\\/itemsind.com\\\/tienda\\\/wp-content\\\/uploads\\\/2026\\\/03\\\/plantilla-productos-WEBSITE-18.png\",\"datePublished\":\"2026-03-03T18:44:59+00:00\",\"dateModified\":\"2026-03-03T18:47:30+00:00\",\"breadcrumb\":{\"@id\":\"https:\\\/\\\/itemsind.com\\\/tienda\\\/producto\\\/guante-alphatec-58-735-14largo-resistente-a-quimicos-corte\\\/#breadcrumb\"},\"inLanguage\":\"es\",\"potentialAction\":[{\"@type\":\"ReadAction\",\"target\":[\"https:\\\/\\\/itemsind.com\\\/tienda\\\/producto\\\/guante-alphatec-58-735-14largo-resistente-a-quimicos-corte\\\/\"]}]},{\"@type\":\"ImageObject\",\"inLanguage\":\"es\",\"@id\":\"https:\\\/\\\/itemsind.com\\\/tienda\\\/producto\\\/guante-alphatec-58-735-14largo-resistente-a-quimicos-corte\\\/#primaryimage\",\"url\":\"https:\\\/\\\/itemsind.com\\\/tienda\\\/wp-content\\\/uploads\\\/2026\\\/03\\\/plantilla-productos-WEBSITE-18.png\",\"contentUrl\":\"https:\\\/\\\/itemsind.com\\\/tienda\\\/wp-content\\\/uploads\\\/2026\\\/03\\\/plantilla-productos-WEBSITE-18.png\",\"width\":1080,\"height\":1080},{\"@type\":\"BreadcrumbList\",\"@id\":\"https:\\\/\\\/itemsind.com\\\/tienda\\\/producto\\\/guante-alphatec-58-735-14largo-resistente-a-quimicos-corte\\\/#breadcrumb\",\"itemListElement\":[{\"@type\":\"ListItem\",\"position\":1,\"name\":\"Portada\",\"item\":\"https:\\\/\\\/itemsind.com\\\/tienda\\\/\"},{\"@type\":\"ListItem\",\"position\":2,\"name\":\"Tienda\",\"item\":\"https:\\\/\\\/itemsind.com\\\/tienda\\\/tienda\\\/\"},{\"@type\":\"ListItem\",\"position\":3,\"name\":\"Guante AlphaTec\u2122 58-735 14&#8243;largo-Resistente a qu\u00edmicos\\\/corte\"}]},{\"@type\":\"WebSite\",\"@id\":\"https:\\\/\\\/itemsind.com\\\/tienda\\\/#website\",\"url\":\"https:\\\/\\\/itemsind.com\\\/tienda\\\/\",\"name\":\"Items Industriales\",\"description\":\"Productos y Servicios para Seguridad Industrial\",\"publisher\":{\"@id\":\"https:\\\/\\\/itemsind.com\\\/tienda\\\/#organization\"},\"potentialAction\":[{\"@type\":\"SearchAction\",\"target\":{\"@type\":\"EntryPoint\",\"urlTemplate\":\"https:\\\/\\\/itemsind.com\\\/tienda\\\/?s={search_term_string}\"},\"query-input\":{\"@type\":\"PropertyValueSpecification\",\"valueRequired\":true,\"valueName\":\"search_term_string\"}}],\"inLanguage\":\"es\"},{\"@type\":\"Organization\",\"@id\":\"https:\\\/\\\/itemsind.com\\\/tienda\\\/#organization\",\"name\":\"Items Industriales\",\"url\":\"https:\\\/\\\/itemsind.com\\\/tienda\\\/\",\"logo\":{\"@type\":\"ImageObject\",\"inLanguage\":\"es\",\"@id\":\"https:\\\/\\\/itemsind.com\\\/tienda\\\/#\\\/schema\\\/logo\\\/image\\\/\",\"url\":\"https:\\\/\\\/itemsind.com\\\/tienda\\\/wp-content\\\/uploads\\\/2023\\\/11\\\/items-logo-principal.jpg\",\"contentUrl\":\"https:\\\/\\\/itemsind.com\\\/tienda\\\/wp-content\\\/uploads\\\/2023\\\/11\\\/items-logo-principal.jpg\",\"width\":2120,\"height\":793,\"caption\":\"Items Industriales\"},\"image\":{\"@id\":\"https:\\\/\\\/itemsind.com\\\/tienda\\\/#\\\/schema\\\/logo\\\/image\\\/\"},\"sameAs\":[\"https:\\\/\\\/www.facebook.com\\\/itemsind\",\"https:\\\/\\\/www.instagram.com\\\/itemsind\\\/\"]}]}<\/script>\n<!-- \/ Yoast SEO plugin. -->","yoast_head_json":{"title":"Guante AlphaTec\u2122 58-735 14\"largo-Resistente a qu\u00edmicos\/corte - Items Industriales","robots":{"index":"index","follow":"follow","max-snippet":"max-snippet:-1","max-image-preview":"max-image-preview:large","max-video-preview":"max-video-preview:-1"},"canonical":"https:\/\/itemsind.com\/tienda\/producto\/guante-alphatec-58-735-14largo-resistente-a-quimicos-corte\/","og_locale":"es_ES","og_type":"article","og_title":"Guante AlphaTec\u2122 58-735 14\"largo-Resistente a qu\u00edmicos\/corte - Items Industriales","og_description":"Guantes resistentes a productos qu\u00edmicos y con protecci\u00f3n a cortes, con forro de alta visibilidad, para una protecci\u00f3n avanzada Caracter\u00edsticas y ventajas claves Barrera de concha de nitrilo:\u00a0Resistencia EN 374 Tipo A contra productos qu\u00edmicos comunes Forro interior de alta visibilidad:\u00a0Indica cuando se corta, para mayor seguridad Tecnolog\u00eda de resistencia al corte INTERCEPT\u2122:\u00a0Protecci\u00f3n al corte &hellip; Continue reading Guante AlphaTec\u2122 58-735 14&#8243;largo-Resistente a qu\u00edmicos\/corte","og_url":"https:\/\/itemsind.com\/tienda\/producto\/guante-alphatec-58-735-14largo-resistente-a-quimicos-corte\/","og_site_name":"Items Industriales","article_publisher":"https:\/\/www.facebook.com\/itemsind","article_modified_time":"2026-03-03T18:47:30+00:00","og_image":[{"width":1080,"height":1080,"url":"https:\/\/itemsind.com\/tienda\/wp-content\/uploads\/2026\/03\/plantilla-productos-WEBSITE-18.png","type":"image\/png"}],"twitter_card":"summary_large_image","twitter_misc":{"Tiempo de lectura":"1 minuto"},"schema":{"@context":"https:\/\/schema.org","@graph":[{"@type":"WebPage","@id":"https:\/\/itemsind.com\/tienda\/producto\/guante-alphatec-58-735-14largo-resistente-a-quimicos-corte\/","url":"https:\/\/itemsind.com\/tienda\/producto\/guante-alphatec-58-735-14largo-resistente-a-quimicos-corte\/","name":"Guante AlphaTec\u2122 58-735 14\"largo-Resistente a qu\u00edmicos\/corte - Items Industriales","isPartOf":{"@id":"https:\/\/itemsind.com\/tienda\/#website"},"primaryImageOfPage":{"@id":"https:\/\/itemsind.com\/tienda\/producto\/guante-alphatec-58-735-14largo-resistente-a-quimicos-corte\/#primaryimage"},"image":{"@id":"https:\/\/itemsind.com\/tienda\/producto\/guante-alphatec-58-735-14largo-resistente-a-quimicos-corte\/#primaryimage"},"thumbnailUrl":"https:\/\/itemsind.com\/tienda\/wp-content\/uploads\/2026\/03\/plantilla-productos-WEBSITE-18.png","datePublished":"2026-03-03T18:44:59+00:00","dateModified":"2026-03-03T18:47:30+00:00","breadcrumb":{"@id":"https:\/\/itemsind.com\/tienda\/producto\/guante-alphatec-58-735-14largo-resistente-a-quimicos-corte\/#breadcrumb"},"inLanguage":"es","potentialAction":[{"@type":"ReadAction","target":["https:\/\/itemsind.com\/tienda\/producto\/guante-alphatec-58-735-14largo-resistente-a-quimicos-corte\/"]}]},{"@type":"ImageObject","inLanguage":"es","@id":"https:\/\/itemsind.com\/tienda\/producto\/guante-alphatec-58-735-14largo-resistente-a-quimicos-corte\/#primaryimage","url":"https:\/\/itemsind.com\/tienda\/wp-content\/uploads\/2026\/03\/plantilla-productos-WEBSITE-18.png","contentUrl":"https:\/\/itemsind.com\/tienda\/wp-content\/uploads\/2026\/03\/plantilla-productos-WEBSITE-18.png","width":1080,"height":1080},{"@type":"BreadcrumbList","@id":"https:\/\/itemsind.com\/tienda\/producto\/guante-alphatec-58-735-14largo-resistente-a-quimicos-corte\/#breadcrumb","itemListElement":[{"@type":"ListItem","position":1,"name":"Portada","item":"https:\/\/itemsind.com\/tienda\/"},{"@type":"ListItem","position":2,"name":"Tienda","item":"https:\/\/itemsind.com\/tienda\/tienda\/"},{"@type":"ListItem","position":3,"name":"Guante AlphaTec\u2122 58-735 14&#8243;largo-Resistente a qu\u00edmicos\/corte"}]},{"@type":"WebSite","@id":"https:\/\/itemsind.com\/tienda\/#website","url":"https:\/\/itemsind.com\/tienda\/","name":"Items Industriales","description":"Productos y Servicios para Seguridad Industrial","publisher":{"@id":"https:\/\/itemsind.com\/tienda\/#organization"},"potentialAction":[{"@type":"SearchAction","target":{"@type":"EntryPoint","urlTemplate":"https:\/\/itemsind.com\/tienda\/?s={search_term_string}"},"query-input":{"@type":"PropertyValueSpecification","valueRequired":true,"valueName":"search_term_string"}}],"inLanguage":"es"},{"@type":"Organization","@id":"https:\/\/itemsind.com\/tienda\/#organization","name":"Items Industriales","url":"https:\/\/itemsind.com\/tienda\/","logo":{"@type":"ImageObject","inLanguage":"es","@id":"https:\/\/itemsind.com\/tienda\/#\/schema\/logo\/image\/","url":"https:\/\/itemsind.com\/tienda\/wp-content\/uploads\/2023\/11\/items-logo-principal.jpg","contentUrl":"https:\/\/itemsind.com\/tienda\/wp-content\/uploads\/2023\/11\/items-logo-principal.jpg","width":2120,"height":793,"caption":"Items Industriales"},"image":{"@id":"https:\/\/itemsind.com\/tienda\/#\/schema\/logo\/image\/"},"sameAs":["https:\/\/www.facebook.com\/itemsind","https:\/\/www.instagram.com\/itemsind\/"]}]}},"_links":{"self":[{"href":"https:\/\/itemsind.com\/tienda\/wp-json\/wp\/v2\/product\/17625","targetHints":{"allow":["GET"]}}],"collection":[{"href":"https:\/\/itemsind.com\/tienda\/wp-json\/wp\/v2\/product"}],"about":[{"href":"https:\/\/itemsind.com\/tienda\/wp-json\/wp\/v2\/types\/product"}],"wp:featuredmedia":[{"embeddable":true,"href":"https:\/\/itemsind.com\/tienda\/wp-json\/wp\/v2\/media\/17626"}],"wp:attachment":[{"href":"https:\/\/itemsind.com\/tienda\/wp-json\/wp\/v2\/media?parent=17625"}],"wp:term":[{"taxonomy":"product_brand","embeddable":true,"href":"https:\/\/itemsind.com\/tienda\/wp-json\/wp\/v2\/product_brand?post=17625"},{"taxonomy":"product_cat","embeddable":true,"href":"https:\/\/itemsind.com\/tienda\/wp-json\/wp\/v2\/product_cat?post=17625"},{"taxonomy":"product_tag","embeddable":true,"href":"https:\/\/itemsind.com\/tienda\/wp-json\/wp\/v2\/product_tag?post=17625"}],"curies":[{"name":"wp","href":"https:\/\/api.w.org\/{rel}","templated":true}]}}