{"id":17638,"date":"2026-03-03T15:08:05","date_gmt":"2026-03-03T21:08:05","guid":{"rendered":"https:\/\/itemsind.com\/tienda\/?post_type=product&#038;p=17638"},"modified":"2026-03-03T15:08:22","modified_gmt":"2026-03-03T21:08:22","slug":"mangas-de-proteccion-hyflex-11-250-11-251","status":"publish","type":"product","link":"https:\/\/itemsind.com\/tienda\/producto\/mangas-de-proteccion-hyflex-11-250-11-251\/","title":{"rendered":"Mangas de protecci\u00f3n HyFlex\u2122 11-250\/11-251"},"content":{"rendered":"<h3>Caracter\u00edsticas y ventajas claves<\/h3>\n<ul>\n<li><strong>Resistencia al corte INTERCEPT\u2122:<\/strong>\u00a0Protecci\u00f3n al corte ANSI A3 y EN ISO B<\/li>\n<li><strong>Hilo HPPE:<\/strong>\u00a0Para mangas protectoras que proporcionan una sensaci\u00f3n de frescor y transpirabilidad<\/li>\n<li><strong>Sin silicona:<\/strong>\u00a0Evita la transferencia de contaminantes al metal antes de pintar<\/li>\n<li><strong>Manga fabricada con un 32% de contenido reciclado*:\u00a0<\/strong>Reducci\u00f3n de la huella de carbono de 89g CO2eq\/pieza**<\/li>\n<li>Test es LAC<\/li>\n<\/ul>\n<p>*% es el contenido reciclado m\u00ednimo en el producto final<br \/>\n** frente a la manga de nailon est\u00e1ndar<\/p>\n<div class=\"ans-accordion-item\">\n<div class=\"ans-accordion-body d-xl-block\">\n<div class=\"ans-accordion-body-content\">\n<h3 class=\"d-none d-xl-block\">Aplicaciones ideales<\/h3>\n<ul>\n<li>Operaciones en el taller de prensado<\/li>\n<li>Manejo de hojas met\u00e1licas y paneles<\/li>\n<li>Manipulaci\u00f3n de piezas con bordes afilados o rugosos<\/li>\n<li>Manipulaci\u00f3n de componentes estructurales y de carrocer\u00eda<\/li>\n<li>Inspecci\u00f3n, selecci\u00f3n, revisi\u00f3n de piezas<\/li>\n<li>Reparaci\u00f3n y montaje de vidrio<\/li>\n<li>Sujeci\u00f3n de piezas estructurales y de carrocer\u00eda<\/li>\n<li>Inspecci\u00f3n superficial de carrocer\u00edas, marcado y retoque<\/li>\n<li>Ajuste de sistemas y atornillado<\/li>\n<li>Ajuste de componentes de paneles y piezas<\/li>\n<\/ul>\n<\/div>\n<\/div>\n<\/div>\n<div class=\"ans-accordion-item\">\n<div class=\"ans-accordion-body d-xl-block\">\n<div class=\"ans-accordion-body-content\">\n<h3 class=\"d-none d-xl-block\">Industrias primarias<\/h3>\n<ul>\n<li><strong>Automotriz<\/strong><\/li>\n<li><strong>Fabricaci\u00f3n de Metal<\/strong><\/li>\n<\/ul>\n<\/div>\n<\/div>\n<\/div>\n","protected":false},"excerpt":{"rendered":"<p>Caracter\u00edsticas y ventajas claves Resistencia al corte INTERCEPT\u2122:\u00a0Protecci\u00f3n al corte ANSI A3 y EN ISO B Hilo HPPE:\u00a0Para mangas protectoras que proporcionan una sensaci\u00f3n de frescor y transpirabilidad Sin silicona:\u00a0Evita la transferencia de contaminantes al metal antes de pintar Manga fabricada con un 32% de contenido reciclado*:\u00a0Reducci\u00f3n de la huella de carbono de 89g CO2eq\/pieza** &hellip; <a href=\"https:\/\/itemsind.com\/tienda\/producto\/mangas-de-proteccion-hyflex-11-250-11-251\/\" class=\"more-link\">Continue reading <span class=\"screen-reader-text\">Mangas de protecci\u00f3n HyFlex\u2122 11-250\/11-251<\/span><\/a><\/p>\n","protected":false},"featured_media":17639,"template":"","meta":[],"product_brand":[2356],"product_cat":[1300,1384,2064],"product_tag":[2400,2230],"class_list":{"0":"post-17638","1":"product","2":"type-product","3":"status-publish","4":"has-post-thumbnail","6":"product_brand-ansell","7":"product_cat-categorias-prodcutos","8":"product_cat-proteccion-de-manos-brazos","9":"product_cat-proteccion","10":"product_tag-manga-de-proteccion","11":"product_tag-mangas","14":"instock","15":"taxable","16":"shipping-taxable","17":"product-type-simple"},"yoast_head":"<!-- This site is optimized with the Yoast SEO plugin v27.4 - https:\/\/yoast.com\/product\/yoast-seo-wordpress\/ -->\n<title>Mangas de protecci\u00f3n HyFlex\u2122 11-250\/11-251 - Items Industriales<\/title>\n<meta name=\"robots\" content=\"index, follow, max-snippet:-1, max-image-preview:large, max-video-preview:-1\" \/>\n<link rel=\"canonical\" href=\"https:\/\/itemsind.com\/tienda\/producto\/mangas-de-proteccion-hyflex-11-250-11-251\/\" \/>\n<meta property=\"og:locale\" content=\"es_ES\" \/>\n<meta property=\"og:type\" content=\"article\" \/>\n<meta property=\"og:title\" content=\"Mangas de protecci\u00f3n HyFlex\u2122 11-250\/11-251 - Items Industriales\" \/>\n<meta property=\"og:description\" content=\"Caracter\u00edsticas y ventajas claves Resistencia al corte INTERCEPT\u2122:\u00a0Protecci\u00f3n al corte ANSI A3 y EN ISO B Hilo HPPE:\u00a0Para mangas protectoras que proporcionan una sensaci\u00f3n de frescor y transpirabilidad Sin silicona:\u00a0Evita la transferencia de contaminantes al metal antes de pintar Manga fabricada con un 32% de contenido reciclado*:\u00a0Reducci\u00f3n de la huella de carbono de 89g CO2eq\/pieza** &hellip; Continue reading Mangas de protecci\u00f3n HyFlex\u2122 11-250\/11-251\" \/>\n<meta property=\"og:url\" content=\"https:\/\/itemsind.com\/tienda\/producto\/mangas-de-proteccion-hyflex-11-250-11-251\/\" \/>\n<meta property=\"og:site_name\" content=\"Items Industriales\" \/>\n<meta property=\"article:publisher\" content=\"https:\/\/www.facebook.com\/itemsind\" \/>\n<meta property=\"article:modified_time\" content=\"2026-03-03T21:08:22+00:00\" \/>\n<meta property=\"og:image\" content=\"https:\/\/itemsind.com\/tienda\/wp-content\/uploads\/2026\/03\/plantilla-productos-WEBSITE-22.png\" \/>\n\t<meta property=\"og:image:width\" content=\"1080\" \/>\n\t<meta property=\"og:image:height\" content=\"1080\" \/>\n\t<meta property=\"og:image:type\" content=\"image\/png\" \/>\n<meta name=\"twitter:card\" content=\"summary_large_image\" \/>\n<meta name=\"twitter:label1\" content=\"Tiempo de lectura\" \/>\n\t<meta name=\"twitter:data1\" content=\"1 minuto\" \/>\n<script type=\"application\/ld+json\" class=\"yoast-schema-graph\">{\"@context\":\"https:\\\/\\\/schema.org\",\"@graph\":[{\"@type\":\"WebPage\",\"@id\":\"https:\\\/\\\/itemsind.com\\\/tienda\\\/producto\\\/mangas-de-proteccion-hyflex-11-250-11-251\\\/\",\"url\":\"https:\\\/\\\/itemsind.com\\\/tienda\\\/producto\\\/mangas-de-proteccion-hyflex-11-250-11-251\\\/\",\"name\":\"Mangas de protecci\u00f3n HyFlex\u2122 11-250\\\/11-251 - Items Industriales\",\"isPartOf\":{\"@id\":\"https:\\\/\\\/itemsind.com\\\/tienda\\\/#website\"},\"primaryImageOfPage\":{\"@id\":\"https:\\\/\\\/itemsind.com\\\/tienda\\\/producto\\\/mangas-de-proteccion-hyflex-11-250-11-251\\\/#primaryimage\"},\"image\":{\"@id\":\"https:\\\/\\\/itemsind.com\\\/tienda\\\/producto\\\/mangas-de-proteccion-hyflex-11-250-11-251\\\/#primaryimage\"},\"thumbnailUrl\":\"https:\\\/\\\/itemsind.com\\\/tienda\\\/wp-content\\\/uploads\\\/2026\\\/03\\\/plantilla-productos-WEBSITE-22.png\",\"datePublished\":\"2026-03-03T21:08:05+00:00\",\"dateModified\":\"2026-03-03T21:08:22+00:00\",\"breadcrumb\":{\"@id\":\"https:\\\/\\\/itemsind.com\\\/tienda\\\/producto\\\/mangas-de-proteccion-hyflex-11-250-11-251\\\/#breadcrumb\"},\"inLanguage\":\"es\",\"potentialAction\":[{\"@type\":\"ReadAction\",\"target\":[\"https:\\\/\\\/itemsind.com\\\/tienda\\\/producto\\\/mangas-de-proteccion-hyflex-11-250-11-251\\\/\"]}]},{\"@type\":\"ImageObject\",\"inLanguage\":\"es\",\"@id\":\"https:\\\/\\\/itemsind.com\\\/tienda\\\/producto\\\/mangas-de-proteccion-hyflex-11-250-11-251\\\/#primaryimage\",\"url\":\"https:\\\/\\\/itemsind.com\\\/tienda\\\/wp-content\\\/uploads\\\/2026\\\/03\\\/plantilla-productos-WEBSITE-22.png\",\"contentUrl\":\"https:\\\/\\\/itemsind.com\\\/tienda\\\/wp-content\\\/uploads\\\/2026\\\/03\\\/plantilla-productos-WEBSITE-22.png\",\"width\":1080,\"height\":1080},{\"@type\":\"BreadcrumbList\",\"@id\":\"https:\\\/\\\/itemsind.com\\\/tienda\\\/producto\\\/mangas-de-proteccion-hyflex-11-250-11-251\\\/#breadcrumb\",\"itemListElement\":[{\"@type\":\"ListItem\",\"position\":1,\"name\":\"Portada\",\"item\":\"https:\\\/\\\/itemsind.com\\\/tienda\\\/\"},{\"@type\":\"ListItem\",\"position\":2,\"name\":\"Tienda\",\"item\":\"https:\\\/\\\/itemsind.com\\\/tienda\\\/tienda\\\/\"},{\"@type\":\"ListItem\",\"position\":3,\"name\":\"Mangas de protecci\u00f3n HyFlex\u2122 11-250\\\/11-251\"}]},{\"@type\":\"WebSite\",\"@id\":\"https:\\\/\\\/itemsind.com\\\/tienda\\\/#website\",\"url\":\"https:\\\/\\\/itemsind.com\\\/tienda\\\/\",\"name\":\"Items Industriales\",\"description\":\"Productos y Servicios para Seguridad Industrial\",\"publisher\":{\"@id\":\"https:\\\/\\\/itemsind.com\\\/tienda\\\/#organization\"},\"potentialAction\":[{\"@type\":\"SearchAction\",\"target\":{\"@type\":\"EntryPoint\",\"urlTemplate\":\"https:\\\/\\\/itemsind.com\\\/tienda\\\/?s={search_term_string}\"},\"query-input\":{\"@type\":\"PropertyValueSpecification\",\"valueRequired\":true,\"valueName\":\"search_term_string\"}}],\"inLanguage\":\"es\"},{\"@type\":\"Organization\",\"@id\":\"https:\\\/\\\/itemsind.com\\\/tienda\\\/#organization\",\"name\":\"Items Industriales\",\"url\":\"https:\\\/\\\/itemsind.com\\\/tienda\\\/\",\"logo\":{\"@type\":\"ImageObject\",\"inLanguage\":\"es\",\"@id\":\"https:\\\/\\\/itemsind.com\\\/tienda\\\/#\\\/schema\\\/logo\\\/image\\\/\",\"url\":\"https:\\\/\\\/itemsind.com\\\/tienda\\\/wp-content\\\/uploads\\\/2023\\\/11\\\/items-logo-principal.jpg\",\"contentUrl\":\"https:\\\/\\\/itemsind.com\\\/tienda\\\/wp-content\\\/uploads\\\/2023\\\/11\\\/items-logo-principal.jpg\",\"width\":2120,\"height\":793,\"caption\":\"Items Industriales\"},\"image\":{\"@id\":\"https:\\\/\\\/itemsind.com\\\/tienda\\\/#\\\/schema\\\/logo\\\/image\\\/\"},\"sameAs\":[\"https:\\\/\\\/www.facebook.com\\\/itemsind\",\"https:\\\/\\\/www.instagram.com\\\/itemsind\\\/\"]}]}<\/script>\n<!-- \/ Yoast SEO plugin. -->","yoast_head_json":{"title":"Mangas de protecci\u00f3n HyFlex\u2122 11-250\/11-251 - Items Industriales","robots":{"index":"index","follow":"follow","max-snippet":"max-snippet:-1","max-image-preview":"max-image-preview:large","max-video-preview":"max-video-preview:-1"},"canonical":"https:\/\/itemsind.com\/tienda\/producto\/mangas-de-proteccion-hyflex-11-250-11-251\/","og_locale":"es_ES","og_type":"article","og_title":"Mangas de protecci\u00f3n HyFlex\u2122 11-250\/11-251 - Items Industriales","og_description":"Caracter\u00edsticas y ventajas claves Resistencia al corte INTERCEPT\u2122:\u00a0Protecci\u00f3n al corte ANSI A3 y EN ISO B Hilo HPPE:\u00a0Para mangas protectoras que proporcionan una sensaci\u00f3n de frescor y transpirabilidad Sin silicona:\u00a0Evita la transferencia de contaminantes al metal antes de pintar Manga fabricada con un 32% de contenido reciclado*:\u00a0Reducci\u00f3n de la huella de carbono de 89g CO2eq\/pieza** &hellip; Continue reading Mangas de protecci\u00f3n HyFlex\u2122 11-250\/11-251","og_url":"https:\/\/itemsind.com\/tienda\/producto\/mangas-de-proteccion-hyflex-11-250-11-251\/","og_site_name":"Items Industriales","article_publisher":"https:\/\/www.facebook.com\/itemsind","article_modified_time":"2026-03-03T21:08:22+00:00","og_image":[{"width":1080,"height":1080,"url":"https:\/\/itemsind.com\/tienda\/wp-content\/uploads\/2026\/03\/plantilla-productos-WEBSITE-22.png","type":"image\/png"}],"twitter_card":"summary_large_image","twitter_misc":{"Tiempo de lectura":"1 minuto"},"schema":{"@context":"https:\/\/schema.org","@graph":[{"@type":"WebPage","@id":"https:\/\/itemsind.com\/tienda\/producto\/mangas-de-proteccion-hyflex-11-250-11-251\/","url":"https:\/\/itemsind.com\/tienda\/producto\/mangas-de-proteccion-hyflex-11-250-11-251\/","name":"Mangas de protecci\u00f3n HyFlex\u2122 11-250\/11-251 - Items Industriales","isPartOf":{"@id":"https:\/\/itemsind.com\/tienda\/#website"},"primaryImageOfPage":{"@id":"https:\/\/itemsind.com\/tienda\/producto\/mangas-de-proteccion-hyflex-11-250-11-251\/#primaryimage"},"image":{"@id":"https:\/\/itemsind.com\/tienda\/producto\/mangas-de-proteccion-hyflex-11-250-11-251\/#primaryimage"},"thumbnailUrl":"https:\/\/itemsind.com\/tienda\/wp-content\/uploads\/2026\/03\/plantilla-productos-WEBSITE-22.png","datePublished":"2026-03-03T21:08:05+00:00","dateModified":"2026-03-03T21:08:22+00:00","breadcrumb":{"@id":"https:\/\/itemsind.com\/tienda\/producto\/mangas-de-proteccion-hyflex-11-250-11-251\/#breadcrumb"},"inLanguage":"es","potentialAction":[{"@type":"ReadAction","target":["https:\/\/itemsind.com\/tienda\/producto\/mangas-de-proteccion-hyflex-11-250-11-251\/"]}]},{"@type":"ImageObject","inLanguage":"es","@id":"https:\/\/itemsind.com\/tienda\/producto\/mangas-de-proteccion-hyflex-11-250-11-251\/#primaryimage","url":"https:\/\/itemsind.com\/tienda\/wp-content\/uploads\/2026\/03\/plantilla-productos-WEBSITE-22.png","contentUrl":"https:\/\/itemsind.com\/tienda\/wp-content\/uploads\/2026\/03\/plantilla-productos-WEBSITE-22.png","width":1080,"height":1080},{"@type":"BreadcrumbList","@id":"https:\/\/itemsind.com\/tienda\/producto\/mangas-de-proteccion-hyflex-11-250-11-251\/#breadcrumb","itemListElement":[{"@type":"ListItem","position":1,"name":"Portada","item":"https:\/\/itemsind.com\/tienda\/"},{"@type":"ListItem","position":2,"name":"Tienda","item":"https:\/\/itemsind.com\/tienda\/tienda\/"},{"@type":"ListItem","position":3,"name":"Mangas de protecci\u00f3n HyFlex\u2122 11-250\/11-251"}]},{"@type":"WebSite","@id":"https:\/\/itemsind.com\/tienda\/#website","url":"https:\/\/itemsind.com\/tienda\/","name":"Items Industriales","description":"Productos y Servicios para Seguridad Industrial","publisher":{"@id":"https:\/\/itemsind.com\/tienda\/#organization"},"potentialAction":[{"@type":"SearchAction","target":{"@type":"EntryPoint","urlTemplate":"https:\/\/itemsind.com\/tienda\/?s={search_term_string}"},"query-input":{"@type":"PropertyValueSpecification","valueRequired":true,"valueName":"search_term_string"}}],"inLanguage":"es"},{"@type":"Organization","@id":"https:\/\/itemsind.com\/tienda\/#organization","name":"Items Industriales","url":"https:\/\/itemsind.com\/tienda\/","logo":{"@type":"ImageObject","inLanguage":"es","@id":"https:\/\/itemsind.com\/tienda\/#\/schema\/logo\/image\/","url":"https:\/\/itemsind.com\/tienda\/wp-content\/uploads\/2023\/11\/items-logo-principal.jpg","contentUrl":"https:\/\/itemsind.com\/tienda\/wp-content\/uploads\/2023\/11\/items-logo-principal.jpg","width":2120,"height":793,"caption":"Items Industriales"},"image":{"@id":"https:\/\/itemsind.com\/tienda\/#\/schema\/logo\/image\/"},"sameAs":["https:\/\/www.facebook.com\/itemsind","https:\/\/www.instagram.com\/itemsind\/"]}]}},"_links":{"self":[{"href":"https:\/\/itemsind.com\/tienda\/wp-json\/wp\/v2\/product\/17638","targetHints":{"allow":["GET"]}}],"collection":[{"href":"https:\/\/itemsind.com\/tienda\/wp-json\/wp\/v2\/product"}],"about":[{"href":"https:\/\/itemsind.com\/tienda\/wp-json\/wp\/v2\/types\/product"}],"wp:featuredmedia":[{"embeddable":true,"href":"https:\/\/itemsind.com\/tienda\/wp-json\/wp\/v2\/media\/17639"}],"wp:attachment":[{"href":"https:\/\/itemsind.com\/tienda\/wp-json\/wp\/v2\/media?parent=17638"}],"wp:term":[{"taxonomy":"product_brand","embeddable":true,"href":"https:\/\/itemsind.com\/tienda\/wp-json\/wp\/v2\/product_brand?post=17638"},{"taxonomy":"product_cat","embeddable":true,"href":"https:\/\/itemsind.com\/tienda\/wp-json\/wp\/v2\/product_cat?post=17638"},{"taxonomy":"product_tag","embeddable":true,"href":"https:\/\/itemsind.com\/tienda\/wp-json\/wp\/v2\/product_tag?post=17638"}],"curies":[{"name":"wp","href":"https:\/\/api.w.org\/{rel}","templated":true}]}}