{"id":17673,"date":"2026-03-04T11:24:26","date_gmt":"2026-03-04T17:24:26","guid":{"rendered":"https:\/\/itemsind.com\/tienda\/?post_type=product&#038;p=17673"},"modified":"2026-03-04T11:24:39","modified_gmt":"2026-03-04T17:24:39","slug":"smokesabre-2-6-oz","status":"publish","type":"product","link":"https:\/\/itemsind.com\/tienda\/producto\/smokesabre-2-6-oz\/","title":{"rendered":"SMOKESABRE 2.6 OZ."},"content":{"rendered":"<p>SMOKESABRE. <img decoding=\"async\" class=\"inline-image\" src=\"http:\/\/www.smokesabre.com\/images\/animation\/animation-logo.png\" alt=\"\" \/><span dir=\"auto\">Es la soluci\u00f3n a los problemas que antes presentaban los comprobadores de detectores de humo en aerosol.<\/span><\/p>\n<p>Comprobador de humo en aerosol funcional que permite probar detectores de humo de forma r\u00e1pida y econ\u00f3mica con un solo gesto. Econ\u00f3mico, sencillo y divertido de usar, es un comprobador revolucionario que elimina el riesgo de residuos nocivos, el principal problema de los comprobadores de detectores de humo en aerosol convencionales.<\/p>\n<ul>\n<li><span dir=\"auto\">M\u00e1s pruebas por lata<\/span><\/li>\n<li><span dir=\"auto\">Activaci\u00f3n y limpieza del detector m\u00e1s r\u00e1pidas<\/span><\/li>\n<li><span dir=\"auto\">El menor costo por prueba<\/span><\/li>\n<li><span dir=\"auto\">El fin de los residuos nocivos: el riesgo se elimina con el sable<\/span><\/li>\n<li><span dir=\"auto\">Prueba sin silicona<\/span><\/li>\n<li><span dir=\"auto\">Eco-responsabilidad &#8211; Sable 100% biodegradable, respetuoso con la capa de ozono, sin CFC y con bajo GWP<\/span><\/li>\n<li><span dir=\"auto\">Aprobaci\u00f3n del fabricante del detector: listado UL y UL<\/span><\/li>\n<\/ul>\n","protected":false},"excerpt":{"rendered":"<p>SMOKESABRE. Es la soluci\u00f3n a los problemas que antes presentaban los comprobadores de detectores de humo en aerosol. Comprobador de humo en aerosol funcional que permite probar detectores de humo de forma r\u00e1pida y econ\u00f3mica con un solo gesto. Econ\u00f3mico, sencillo y divertido de usar, es un comprobador revolucionario que elimina el riesgo de residuos &hellip; <a href=\"https:\/\/itemsind.com\/tienda\/producto\/smokesabre-2-6-oz\/\" class=\"more-link\">Continue reading <span class=\"screen-reader-text\">SMOKESABRE 2.6 OZ.<\/span><\/a><\/p>\n","protected":false},"featured_media":17674,"template":"","meta":[],"product_brand":[],"product_cat":[1300,2315,2252],"product_tag":[2407,2408],"class_list":{"0":"post-17673","1":"product","2":"type-product","3":"status-publish","4":"has-post-thumbnail","6":"product_cat-categorias-prodcutos","7":"product_cat-deteccion-gases","8":"product_cat-equipo","9":"product_tag-detector-de-gas","10":"product_tag-detector-de-humo","13":"instock","14":"taxable","15":"shipping-taxable","16":"product-type-simple"},"yoast_head":"<!-- This site is optimized with the Yoast SEO plugin v27.4 - https:\/\/yoast.com\/product\/yoast-seo-wordpress\/ -->\n<title>SMOKESABRE 2.6 OZ. - Items Industriales<\/title>\n<meta name=\"robots\" content=\"index, follow, max-snippet:-1, max-image-preview:large, max-video-preview:-1\" \/>\n<link rel=\"canonical\" href=\"https:\/\/itemsind.com\/tienda\/producto\/smokesabre-2-6-oz\/\" \/>\n<meta property=\"og:locale\" content=\"es_ES\" \/>\n<meta property=\"og:type\" content=\"article\" \/>\n<meta property=\"og:title\" content=\"SMOKESABRE 2.6 OZ. - Items Industriales\" \/>\n<meta property=\"og:description\" content=\"SMOKESABRE. Es la soluci\u00f3n a los problemas que antes presentaban los comprobadores de detectores de humo en aerosol. Comprobador de humo en aerosol funcional que permite probar detectores de humo de forma r\u00e1pida y econ\u00f3mica con un solo gesto. Econ\u00f3mico, sencillo y divertido de usar, es un comprobador revolucionario que elimina el riesgo de residuos &hellip; Continue reading SMOKESABRE 2.6 OZ.\" \/>\n<meta property=\"og:url\" content=\"https:\/\/itemsind.com\/tienda\/producto\/smokesabre-2-6-oz\/\" \/>\n<meta property=\"og:site_name\" content=\"Items Industriales\" \/>\n<meta property=\"article:publisher\" content=\"https:\/\/www.facebook.com\/itemsind\" \/>\n<meta property=\"article:modified_time\" content=\"2026-03-04T17:24:39+00:00\" \/>\n<meta property=\"og:image\" content=\"https:\/\/itemsind.com\/tienda\/wp-content\/uploads\/2026\/03\/plantilla-productos-WEBSITE-34.png\" \/>\n\t<meta property=\"og:image:width\" content=\"1080\" \/>\n\t<meta property=\"og:image:height\" content=\"1080\" \/>\n\t<meta property=\"og:image:type\" content=\"image\/png\" \/>\n<meta name=\"twitter:card\" content=\"summary_large_image\" \/>\n<meta name=\"twitter:label1\" content=\"Tiempo de lectura\" \/>\n\t<meta name=\"twitter:data1\" content=\"1 minuto\" \/>\n<script type=\"application\/ld+json\" class=\"yoast-schema-graph\">{\"@context\":\"https:\\\/\\\/schema.org\",\"@graph\":[{\"@type\":\"WebPage\",\"@id\":\"https:\\\/\\\/itemsind.com\\\/tienda\\\/producto\\\/smokesabre-2-6-oz\\\/\",\"url\":\"https:\\\/\\\/itemsind.com\\\/tienda\\\/producto\\\/smokesabre-2-6-oz\\\/\",\"name\":\"SMOKESABRE 2.6 OZ. - Items Industriales\",\"isPartOf\":{\"@id\":\"https:\\\/\\\/itemsind.com\\\/tienda\\\/#website\"},\"primaryImageOfPage\":{\"@id\":\"https:\\\/\\\/itemsind.com\\\/tienda\\\/producto\\\/smokesabre-2-6-oz\\\/#primaryimage\"},\"image\":{\"@id\":\"https:\\\/\\\/itemsind.com\\\/tienda\\\/producto\\\/smokesabre-2-6-oz\\\/#primaryimage\"},\"thumbnailUrl\":\"https:\\\/\\\/itemsind.com\\\/tienda\\\/wp-content\\\/uploads\\\/2026\\\/03\\\/plantilla-productos-WEBSITE-34.png\",\"datePublished\":\"2026-03-04T17:24:26+00:00\",\"dateModified\":\"2026-03-04T17:24:39+00:00\",\"breadcrumb\":{\"@id\":\"https:\\\/\\\/itemsind.com\\\/tienda\\\/producto\\\/smokesabre-2-6-oz\\\/#breadcrumb\"},\"inLanguage\":\"es\",\"potentialAction\":[{\"@type\":\"ReadAction\",\"target\":[\"https:\\\/\\\/itemsind.com\\\/tienda\\\/producto\\\/smokesabre-2-6-oz\\\/\"]}]},{\"@type\":\"ImageObject\",\"inLanguage\":\"es\",\"@id\":\"https:\\\/\\\/itemsind.com\\\/tienda\\\/producto\\\/smokesabre-2-6-oz\\\/#primaryimage\",\"url\":\"https:\\\/\\\/itemsind.com\\\/tienda\\\/wp-content\\\/uploads\\\/2026\\\/03\\\/plantilla-productos-WEBSITE-34.png\",\"contentUrl\":\"https:\\\/\\\/itemsind.com\\\/tienda\\\/wp-content\\\/uploads\\\/2026\\\/03\\\/plantilla-productos-WEBSITE-34.png\",\"width\":1080,\"height\":1080},{\"@type\":\"BreadcrumbList\",\"@id\":\"https:\\\/\\\/itemsind.com\\\/tienda\\\/producto\\\/smokesabre-2-6-oz\\\/#breadcrumb\",\"itemListElement\":[{\"@type\":\"ListItem\",\"position\":1,\"name\":\"Portada\",\"item\":\"https:\\\/\\\/itemsind.com\\\/tienda\\\/\"},{\"@type\":\"ListItem\",\"position\":2,\"name\":\"Tienda\",\"item\":\"https:\\\/\\\/itemsind.com\\\/tienda\\\/tienda\\\/\"},{\"@type\":\"ListItem\",\"position\":3,\"name\":\"SMOKESABRE 2.6 OZ.\"}]},{\"@type\":\"WebSite\",\"@id\":\"https:\\\/\\\/itemsind.com\\\/tienda\\\/#website\",\"url\":\"https:\\\/\\\/itemsind.com\\\/tienda\\\/\",\"name\":\"Items Industriales\",\"description\":\"Productos y Servicios para Seguridad Industrial\",\"publisher\":{\"@id\":\"https:\\\/\\\/itemsind.com\\\/tienda\\\/#organization\"},\"potentialAction\":[{\"@type\":\"SearchAction\",\"target\":{\"@type\":\"EntryPoint\",\"urlTemplate\":\"https:\\\/\\\/itemsind.com\\\/tienda\\\/?s={search_term_string}\"},\"query-input\":{\"@type\":\"PropertyValueSpecification\",\"valueRequired\":true,\"valueName\":\"search_term_string\"}}],\"inLanguage\":\"es\"},{\"@type\":\"Organization\",\"@id\":\"https:\\\/\\\/itemsind.com\\\/tienda\\\/#organization\",\"name\":\"Items Industriales\",\"url\":\"https:\\\/\\\/itemsind.com\\\/tienda\\\/\",\"logo\":{\"@type\":\"ImageObject\",\"inLanguage\":\"es\",\"@id\":\"https:\\\/\\\/itemsind.com\\\/tienda\\\/#\\\/schema\\\/logo\\\/image\\\/\",\"url\":\"https:\\\/\\\/itemsind.com\\\/tienda\\\/wp-content\\\/uploads\\\/2023\\\/11\\\/items-logo-principal.jpg\",\"contentUrl\":\"https:\\\/\\\/itemsind.com\\\/tienda\\\/wp-content\\\/uploads\\\/2023\\\/11\\\/items-logo-principal.jpg\",\"width\":2120,\"height\":793,\"caption\":\"Items Industriales\"},\"image\":{\"@id\":\"https:\\\/\\\/itemsind.com\\\/tienda\\\/#\\\/schema\\\/logo\\\/image\\\/\"},\"sameAs\":[\"https:\\\/\\\/www.facebook.com\\\/itemsind\",\"https:\\\/\\\/www.instagram.com\\\/itemsind\\\/\"]}]}<\/script>\n<!-- \/ Yoast SEO plugin. -->","yoast_head_json":{"title":"SMOKESABRE 2.6 OZ. - Items Industriales","robots":{"index":"index","follow":"follow","max-snippet":"max-snippet:-1","max-image-preview":"max-image-preview:large","max-video-preview":"max-video-preview:-1"},"canonical":"https:\/\/itemsind.com\/tienda\/producto\/smokesabre-2-6-oz\/","og_locale":"es_ES","og_type":"article","og_title":"SMOKESABRE 2.6 OZ. - Items Industriales","og_description":"SMOKESABRE. Es la soluci\u00f3n a los problemas que antes presentaban los comprobadores de detectores de humo en aerosol. Comprobador de humo en aerosol funcional que permite probar detectores de humo de forma r\u00e1pida y econ\u00f3mica con un solo gesto. Econ\u00f3mico, sencillo y divertido de usar, es un comprobador revolucionario que elimina el riesgo de residuos &hellip; Continue reading SMOKESABRE 2.6 OZ.","og_url":"https:\/\/itemsind.com\/tienda\/producto\/smokesabre-2-6-oz\/","og_site_name":"Items Industriales","article_publisher":"https:\/\/www.facebook.com\/itemsind","article_modified_time":"2026-03-04T17:24:39+00:00","og_image":[{"width":1080,"height":1080,"url":"https:\/\/itemsind.com\/tienda\/wp-content\/uploads\/2026\/03\/plantilla-productos-WEBSITE-34.png","type":"image\/png"}],"twitter_card":"summary_large_image","twitter_misc":{"Tiempo de lectura":"1 minuto"},"schema":{"@context":"https:\/\/schema.org","@graph":[{"@type":"WebPage","@id":"https:\/\/itemsind.com\/tienda\/producto\/smokesabre-2-6-oz\/","url":"https:\/\/itemsind.com\/tienda\/producto\/smokesabre-2-6-oz\/","name":"SMOKESABRE 2.6 OZ. - Items Industriales","isPartOf":{"@id":"https:\/\/itemsind.com\/tienda\/#website"},"primaryImageOfPage":{"@id":"https:\/\/itemsind.com\/tienda\/producto\/smokesabre-2-6-oz\/#primaryimage"},"image":{"@id":"https:\/\/itemsind.com\/tienda\/producto\/smokesabre-2-6-oz\/#primaryimage"},"thumbnailUrl":"https:\/\/itemsind.com\/tienda\/wp-content\/uploads\/2026\/03\/plantilla-productos-WEBSITE-34.png","datePublished":"2026-03-04T17:24:26+00:00","dateModified":"2026-03-04T17:24:39+00:00","breadcrumb":{"@id":"https:\/\/itemsind.com\/tienda\/producto\/smokesabre-2-6-oz\/#breadcrumb"},"inLanguage":"es","potentialAction":[{"@type":"ReadAction","target":["https:\/\/itemsind.com\/tienda\/producto\/smokesabre-2-6-oz\/"]}]},{"@type":"ImageObject","inLanguage":"es","@id":"https:\/\/itemsind.com\/tienda\/producto\/smokesabre-2-6-oz\/#primaryimage","url":"https:\/\/itemsind.com\/tienda\/wp-content\/uploads\/2026\/03\/plantilla-productos-WEBSITE-34.png","contentUrl":"https:\/\/itemsind.com\/tienda\/wp-content\/uploads\/2026\/03\/plantilla-productos-WEBSITE-34.png","width":1080,"height":1080},{"@type":"BreadcrumbList","@id":"https:\/\/itemsind.com\/tienda\/producto\/smokesabre-2-6-oz\/#breadcrumb","itemListElement":[{"@type":"ListItem","position":1,"name":"Portada","item":"https:\/\/itemsind.com\/tienda\/"},{"@type":"ListItem","position":2,"name":"Tienda","item":"https:\/\/itemsind.com\/tienda\/tienda\/"},{"@type":"ListItem","position":3,"name":"SMOKESABRE 2.6 OZ."}]},{"@type":"WebSite","@id":"https:\/\/itemsind.com\/tienda\/#website","url":"https:\/\/itemsind.com\/tienda\/","name":"Items Industriales","description":"Productos y Servicios para Seguridad Industrial","publisher":{"@id":"https:\/\/itemsind.com\/tienda\/#organization"},"potentialAction":[{"@type":"SearchAction","target":{"@type":"EntryPoint","urlTemplate":"https:\/\/itemsind.com\/tienda\/?s={search_term_string}"},"query-input":{"@type":"PropertyValueSpecification","valueRequired":true,"valueName":"search_term_string"}}],"inLanguage":"es"},{"@type":"Organization","@id":"https:\/\/itemsind.com\/tienda\/#organization","name":"Items Industriales","url":"https:\/\/itemsind.com\/tienda\/","logo":{"@type":"ImageObject","inLanguage":"es","@id":"https:\/\/itemsind.com\/tienda\/#\/schema\/logo\/image\/","url":"https:\/\/itemsind.com\/tienda\/wp-content\/uploads\/2023\/11\/items-logo-principal.jpg","contentUrl":"https:\/\/itemsind.com\/tienda\/wp-content\/uploads\/2023\/11\/items-logo-principal.jpg","width":2120,"height":793,"caption":"Items Industriales"},"image":{"@id":"https:\/\/itemsind.com\/tienda\/#\/schema\/logo\/image\/"},"sameAs":["https:\/\/www.facebook.com\/itemsind","https:\/\/www.instagram.com\/itemsind\/"]}]}},"_links":{"self":[{"href":"https:\/\/itemsind.com\/tienda\/wp-json\/wp\/v2\/product\/17673","targetHints":{"allow":["GET"]}}],"collection":[{"href":"https:\/\/itemsind.com\/tienda\/wp-json\/wp\/v2\/product"}],"about":[{"href":"https:\/\/itemsind.com\/tienda\/wp-json\/wp\/v2\/types\/product"}],"wp:featuredmedia":[{"embeddable":true,"href":"https:\/\/itemsind.com\/tienda\/wp-json\/wp\/v2\/media\/17674"}],"wp:attachment":[{"href":"https:\/\/itemsind.com\/tienda\/wp-json\/wp\/v2\/media?parent=17673"}],"wp:term":[{"taxonomy":"product_brand","embeddable":true,"href":"https:\/\/itemsind.com\/tienda\/wp-json\/wp\/v2\/product_brand?post=17673"},{"taxonomy":"product_cat","embeddable":true,"href":"https:\/\/itemsind.com\/tienda\/wp-json\/wp\/v2\/product_cat?post=17673"},{"taxonomy":"product_tag","embeddable":true,"href":"https:\/\/itemsind.com\/tienda\/wp-json\/wp\/v2\/product_tag?post=17673"}],"curies":[{"name":"wp","href":"https:\/\/api.w.org\/{rel}","templated":true}]}}