{"id":17679,"date":"2026-03-04T11:50:14","date_gmt":"2026-03-04T17:50:14","guid":{"rendered":"https:\/\/itemsind.com\/tienda\/?post_type=product&#038;p=17679"},"modified":"2026-03-04T11:54:10","modified_gmt":"2026-03-04T17:54:10","slug":"cuna-para-ruedas-de-uso-general-capacidad-de-carga-de-30000-lb-neumaticos-de-27-a-35-pulgadas-uc1700","status":"publish","type":"product","link":"https:\/\/itemsind.com\/tienda\/producto\/cuna-para-ruedas-de-uso-general-capacidad-de-carga-de-30000-lb-neumaticos-de-27-a-35-pulgadas-uc1700\/","title":{"rendered":"Cu\u00f1a para ruedas de uso general &#8211; UC1700"},"content":{"rendered":"<h2 class=\"summary-title\"><span dir=\"auto\">Resumen del producto:<\/span><\/h2>\n<ul>\n<li><span dir=\"auto\">Para neum\u00e1ticos con un di\u00e1metro exterior de hasta 35&#8243;.<\/span><\/li>\n<li><span dir=\"auto\">Clasificado para veh\u00edculos con un peso operativo bruto de hasta 30,000 libras.<\/span><\/li>\n<li><span dir=\"auto\">Construcci\u00f3n de poliuretano ligero y resistente a la intemperie.<\/span><\/li>\n<li><span dir=\"auto\">Resistente a aceites, combustibles y disolventes.<\/span><\/li>\n<li><span dir=\"auto\">Asa de transporte empotrada<\/span><\/li>\n<li><span dir=\"auto\">Orificio de montaje para cuerdas o cadenas<\/span><\/li>\n<li><span dir=\"auto\">Color naranja de alta visibilidad<\/span><\/li>\n<li><span dir=\"auto\">Disponible en unidades individuales o pares, especifique despu\u00e9s del n\u00famero de modelo S = Individual, P = Par<\/span><\/li>\n<\/ul>\n<p>Las cu\u00f1as para ruedas Checkers\u2122 UC1700 de uso general para veh\u00edculos terrestres est\u00e1n fabricadas con poliuretano ligero y de alta durabilidad, y cuentan con la certificaci\u00f3n y certificaci\u00f3n de terceros, lo que las flotas de todo el mundo conf\u00edan en ellas. Son ideales para camiones, remolques, camionetas y veh\u00edculos utilitarios de carretera. Est\u00e1n dise\u00f1adas para veh\u00edculos con neum\u00e1ticos de hasta 88,9 cm (35 pulgadas) de di\u00e1metro y un peso bruto operativo de hasta 13\u00a0636 kg (30\u00a0000 lb). Las cu\u00f1as UC1700 est\u00e1n disponibles individualmente o en pares (los pares se fijan con un cord\u00f3n de nailon de 122 cm (48 pulgadas) de largo y 1,6 cm (5\/8&#8243;) entre las cu\u00f1as).<\/p>\n","protected":false},"excerpt":{"rendered":"<p>Resumen del producto: Para neum\u00e1ticos con un di\u00e1metro exterior de hasta 35&#8243;. Clasificado para veh\u00edculos con un peso operativo bruto de hasta 30,000 libras. Construcci\u00f3n de poliuretano ligero y resistente a la intemperie. Resistente a aceites, combustibles y disolventes. Asa de transporte empotrada Orificio de montaje para cuerdas o cadenas Color naranja de alta visibilidad &hellip; <a href=\"https:\/\/itemsind.com\/tienda\/producto\/cuna-para-ruedas-de-uso-general-capacidad-de-carga-de-30000-lb-neumaticos-de-27-a-35-pulgadas-uc1700\/\" class=\"more-link\">Continue reading <span class=\"screen-reader-text\">Cu\u00f1a para ruedas de uso general &#8211; UC1700<\/span><\/a><\/p>\n","protected":false},"featured_media":17683,"template":"","meta":[],"product_brand":[2410],"product_cat":[1300,1317],"product_tag":[],"class_list":{"0":"post-17679","1":"product","2":"type-product","3":"status-publish","4":"has-post-thumbnail","6":"product_brand-checkers","7":"product_cat-categorias-prodcutos","8":"product_cat-trafico-y-senalizacion","11":"instock","12":"taxable","13":"shipping-taxable","14":"product-type-simple"},"yoast_head":"<!-- This site is optimized with the Yoast SEO plugin v27.4 - https:\/\/yoast.com\/product\/yoast-seo-wordpress\/ -->\n<title>Cu\u00f1a para ruedas de uso general - UC1700 - Items Industriales<\/title>\n<meta name=\"robots\" content=\"index, follow, max-snippet:-1, max-image-preview:large, max-video-preview:-1\" \/>\n<link rel=\"canonical\" href=\"https:\/\/itemsind.com\/tienda\/producto\/cuna-para-ruedas-de-uso-general-capacidad-de-carga-de-30000-lb-neumaticos-de-27-a-35-pulgadas-uc1700\/\" \/>\n<meta property=\"og:locale\" content=\"es_ES\" \/>\n<meta property=\"og:type\" content=\"article\" \/>\n<meta property=\"og:title\" content=\"Cu\u00f1a para ruedas de uso general - UC1700 - Items Industriales\" \/>\n<meta property=\"og:description\" content=\"Resumen del producto: Para neum\u00e1ticos con un di\u00e1metro exterior de hasta 35&#8243;. Clasificado para veh\u00edculos con un peso operativo bruto de hasta 30,000 libras. Construcci\u00f3n de poliuretano ligero y resistente a la intemperie. Resistente a aceites, combustibles y disolventes. Asa de transporte empotrada Orificio de montaje para cuerdas o cadenas Color naranja de alta visibilidad &hellip; Continue reading Cu\u00f1a para ruedas de uso general &#8211; UC1700\" \/>\n<meta property=\"og:url\" content=\"https:\/\/itemsind.com\/tienda\/producto\/cuna-para-ruedas-de-uso-general-capacidad-de-carga-de-30000-lb-neumaticos-de-27-a-35-pulgadas-uc1700\/\" \/>\n<meta property=\"og:site_name\" content=\"Items Industriales\" \/>\n<meta property=\"article:publisher\" content=\"https:\/\/www.facebook.com\/itemsind\" \/>\n<meta property=\"article:modified_time\" content=\"2026-03-04T17:54:10+00:00\" \/>\n<meta property=\"og:image\" content=\"https:\/\/itemsind.com\/tienda\/wp-content\/uploads\/2026\/03\/plantilla-productos-WEBSITE-36.png\" \/>\n\t<meta property=\"og:image:width\" content=\"1080\" \/>\n\t<meta property=\"og:image:height\" content=\"1080\" \/>\n\t<meta property=\"og:image:type\" content=\"image\/png\" \/>\n<meta name=\"twitter:card\" content=\"summary_large_image\" \/>\n<meta name=\"twitter:label1\" content=\"Tiempo de lectura\" \/>\n\t<meta name=\"twitter:data1\" content=\"2 minutos\" \/>\n<script type=\"application\/ld+json\" class=\"yoast-schema-graph\">{\"@context\":\"https:\\\/\\\/schema.org\",\"@graph\":[{\"@type\":\"WebPage\",\"@id\":\"https:\\\/\\\/itemsind.com\\\/tienda\\\/producto\\\/cuna-para-ruedas-de-uso-general-capacidad-de-carga-de-30000-lb-neumaticos-de-27-a-35-pulgadas-uc1700\\\/\",\"url\":\"https:\\\/\\\/itemsind.com\\\/tienda\\\/producto\\\/cuna-para-ruedas-de-uso-general-capacidad-de-carga-de-30000-lb-neumaticos-de-27-a-35-pulgadas-uc1700\\\/\",\"name\":\"Cu\u00f1a para ruedas de uso general - UC1700 - Items Industriales\",\"isPartOf\":{\"@id\":\"https:\\\/\\\/itemsind.com\\\/tienda\\\/#website\"},\"primaryImageOfPage\":{\"@id\":\"https:\\\/\\\/itemsind.com\\\/tienda\\\/producto\\\/cuna-para-ruedas-de-uso-general-capacidad-de-carga-de-30000-lb-neumaticos-de-27-a-35-pulgadas-uc1700\\\/#primaryimage\"},\"image\":{\"@id\":\"https:\\\/\\\/itemsind.com\\\/tienda\\\/producto\\\/cuna-para-ruedas-de-uso-general-capacidad-de-carga-de-30000-lb-neumaticos-de-27-a-35-pulgadas-uc1700\\\/#primaryimage\"},\"thumbnailUrl\":\"https:\\\/\\\/itemsind.com\\\/tienda\\\/wp-content\\\/uploads\\\/2026\\\/03\\\/plantilla-productos-WEBSITE-36.png\",\"datePublished\":\"2026-03-04T17:50:14+00:00\",\"dateModified\":\"2026-03-04T17:54:10+00:00\",\"breadcrumb\":{\"@id\":\"https:\\\/\\\/itemsind.com\\\/tienda\\\/producto\\\/cuna-para-ruedas-de-uso-general-capacidad-de-carga-de-30000-lb-neumaticos-de-27-a-35-pulgadas-uc1700\\\/#breadcrumb\"},\"inLanguage\":\"es\",\"potentialAction\":[{\"@type\":\"ReadAction\",\"target\":[\"https:\\\/\\\/itemsind.com\\\/tienda\\\/producto\\\/cuna-para-ruedas-de-uso-general-capacidad-de-carga-de-30000-lb-neumaticos-de-27-a-35-pulgadas-uc1700\\\/\"]}]},{\"@type\":\"ImageObject\",\"inLanguage\":\"es\",\"@id\":\"https:\\\/\\\/itemsind.com\\\/tienda\\\/producto\\\/cuna-para-ruedas-de-uso-general-capacidad-de-carga-de-30000-lb-neumaticos-de-27-a-35-pulgadas-uc1700\\\/#primaryimage\",\"url\":\"https:\\\/\\\/itemsind.com\\\/tienda\\\/wp-content\\\/uploads\\\/2026\\\/03\\\/plantilla-productos-WEBSITE-36.png\",\"contentUrl\":\"https:\\\/\\\/itemsind.com\\\/tienda\\\/wp-content\\\/uploads\\\/2026\\\/03\\\/plantilla-productos-WEBSITE-36.png\",\"width\":1080,\"height\":1080},{\"@type\":\"BreadcrumbList\",\"@id\":\"https:\\\/\\\/itemsind.com\\\/tienda\\\/producto\\\/cuna-para-ruedas-de-uso-general-capacidad-de-carga-de-30000-lb-neumaticos-de-27-a-35-pulgadas-uc1700\\\/#breadcrumb\",\"itemListElement\":[{\"@type\":\"ListItem\",\"position\":1,\"name\":\"Portada\",\"item\":\"https:\\\/\\\/itemsind.com\\\/tienda\\\/\"},{\"@type\":\"ListItem\",\"position\":2,\"name\":\"Tienda\",\"item\":\"https:\\\/\\\/itemsind.com\\\/tienda\\\/tienda\\\/\"},{\"@type\":\"ListItem\",\"position\":3,\"name\":\"Cu\u00f1a para ruedas de uso general &#8211; UC1700\"}]},{\"@type\":\"WebSite\",\"@id\":\"https:\\\/\\\/itemsind.com\\\/tienda\\\/#website\",\"url\":\"https:\\\/\\\/itemsind.com\\\/tienda\\\/\",\"name\":\"Items Industriales\",\"description\":\"Productos y Servicios para Seguridad Industrial\",\"publisher\":{\"@id\":\"https:\\\/\\\/itemsind.com\\\/tienda\\\/#organization\"},\"potentialAction\":[{\"@type\":\"SearchAction\",\"target\":{\"@type\":\"EntryPoint\",\"urlTemplate\":\"https:\\\/\\\/itemsind.com\\\/tienda\\\/?s={search_term_string}\"},\"query-input\":{\"@type\":\"PropertyValueSpecification\",\"valueRequired\":true,\"valueName\":\"search_term_string\"}}],\"inLanguage\":\"es\"},{\"@type\":\"Organization\",\"@id\":\"https:\\\/\\\/itemsind.com\\\/tienda\\\/#organization\",\"name\":\"Items Industriales\",\"url\":\"https:\\\/\\\/itemsind.com\\\/tienda\\\/\",\"logo\":{\"@type\":\"ImageObject\",\"inLanguage\":\"es\",\"@id\":\"https:\\\/\\\/itemsind.com\\\/tienda\\\/#\\\/schema\\\/logo\\\/image\\\/\",\"url\":\"https:\\\/\\\/itemsind.com\\\/tienda\\\/wp-content\\\/uploads\\\/2023\\\/11\\\/items-logo-principal.jpg\",\"contentUrl\":\"https:\\\/\\\/itemsind.com\\\/tienda\\\/wp-content\\\/uploads\\\/2023\\\/11\\\/items-logo-principal.jpg\",\"width\":2120,\"height\":793,\"caption\":\"Items Industriales\"},\"image\":{\"@id\":\"https:\\\/\\\/itemsind.com\\\/tienda\\\/#\\\/schema\\\/logo\\\/image\\\/\"},\"sameAs\":[\"https:\\\/\\\/www.facebook.com\\\/itemsind\",\"https:\\\/\\\/www.instagram.com\\\/itemsind\\\/\"]}]}<\/script>\n<!-- \/ Yoast SEO plugin. -->","yoast_head_json":{"title":"Cu\u00f1a para ruedas de uso general - UC1700 - Items Industriales","robots":{"index":"index","follow":"follow","max-snippet":"max-snippet:-1","max-image-preview":"max-image-preview:large","max-video-preview":"max-video-preview:-1"},"canonical":"https:\/\/itemsind.com\/tienda\/producto\/cuna-para-ruedas-de-uso-general-capacidad-de-carga-de-30000-lb-neumaticos-de-27-a-35-pulgadas-uc1700\/","og_locale":"es_ES","og_type":"article","og_title":"Cu\u00f1a para ruedas de uso general - UC1700 - Items Industriales","og_description":"Resumen del producto: Para neum\u00e1ticos con un di\u00e1metro exterior de hasta 35&#8243;. Clasificado para veh\u00edculos con un peso operativo bruto de hasta 30,000 libras. Construcci\u00f3n de poliuretano ligero y resistente a la intemperie. Resistente a aceites, combustibles y disolventes. Asa de transporte empotrada Orificio de montaje para cuerdas o cadenas Color naranja de alta visibilidad &hellip; Continue reading Cu\u00f1a para ruedas de uso general &#8211; UC1700","og_url":"https:\/\/itemsind.com\/tienda\/producto\/cuna-para-ruedas-de-uso-general-capacidad-de-carga-de-30000-lb-neumaticos-de-27-a-35-pulgadas-uc1700\/","og_site_name":"Items Industriales","article_publisher":"https:\/\/www.facebook.com\/itemsind","article_modified_time":"2026-03-04T17:54:10+00:00","og_image":[{"width":1080,"height":1080,"url":"https:\/\/itemsind.com\/tienda\/wp-content\/uploads\/2026\/03\/plantilla-productos-WEBSITE-36.png","type":"image\/png"}],"twitter_card":"summary_large_image","twitter_misc":{"Tiempo de lectura":"2 minutos"},"schema":{"@context":"https:\/\/schema.org","@graph":[{"@type":"WebPage","@id":"https:\/\/itemsind.com\/tienda\/producto\/cuna-para-ruedas-de-uso-general-capacidad-de-carga-de-30000-lb-neumaticos-de-27-a-35-pulgadas-uc1700\/","url":"https:\/\/itemsind.com\/tienda\/producto\/cuna-para-ruedas-de-uso-general-capacidad-de-carga-de-30000-lb-neumaticos-de-27-a-35-pulgadas-uc1700\/","name":"Cu\u00f1a para ruedas de uso general - UC1700 - Items Industriales","isPartOf":{"@id":"https:\/\/itemsind.com\/tienda\/#website"},"primaryImageOfPage":{"@id":"https:\/\/itemsind.com\/tienda\/producto\/cuna-para-ruedas-de-uso-general-capacidad-de-carga-de-30000-lb-neumaticos-de-27-a-35-pulgadas-uc1700\/#primaryimage"},"image":{"@id":"https:\/\/itemsind.com\/tienda\/producto\/cuna-para-ruedas-de-uso-general-capacidad-de-carga-de-30000-lb-neumaticos-de-27-a-35-pulgadas-uc1700\/#primaryimage"},"thumbnailUrl":"https:\/\/itemsind.com\/tienda\/wp-content\/uploads\/2026\/03\/plantilla-productos-WEBSITE-36.png","datePublished":"2026-03-04T17:50:14+00:00","dateModified":"2026-03-04T17:54:10+00:00","breadcrumb":{"@id":"https:\/\/itemsind.com\/tienda\/producto\/cuna-para-ruedas-de-uso-general-capacidad-de-carga-de-30000-lb-neumaticos-de-27-a-35-pulgadas-uc1700\/#breadcrumb"},"inLanguage":"es","potentialAction":[{"@type":"ReadAction","target":["https:\/\/itemsind.com\/tienda\/producto\/cuna-para-ruedas-de-uso-general-capacidad-de-carga-de-30000-lb-neumaticos-de-27-a-35-pulgadas-uc1700\/"]}]},{"@type":"ImageObject","inLanguage":"es","@id":"https:\/\/itemsind.com\/tienda\/producto\/cuna-para-ruedas-de-uso-general-capacidad-de-carga-de-30000-lb-neumaticos-de-27-a-35-pulgadas-uc1700\/#primaryimage","url":"https:\/\/itemsind.com\/tienda\/wp-content\/uploads\/2026\/03\/plantilla-productos-WEBSITE-36.png","contentUrl":"https:\/\/itemsind.com\/tienda\/wp-content\/uploads\/2026\/03\/plantilla-productos-WEBSITE-36.png","width":1080,"height":1080},{"@type":"BreadcrumbList","@id":"https:\/\/itemsind.com\/tienda\/producto\/cuna-para-ruedas-de-uso-general-capacidad-de-carga-de-30000-lb-neumaticos-de-27-a-35-pulgadas-uc1700\/#breadcrumb","itemListElement":[{"@type":"ListItem","position":1,"name":"Portada","item":"https:\/\/itemsind.com\/tienda\/"},{"@type":"ListItem","position":2,"name":"Tienda","item":"https:\/\/itemsind.com\/tienda\/tienda\/"},{"@type":"ListItem","position":3,"name":"Cu\u00f1a para ruedas de uso general &#8211; UC1700"}]},{"@type":"WebSite","@id":"https:\/\/itemsind.com\/tienda\/#website","url":"https:\/\/itemsind.com\/tienda\/","name":"Items Industriales","description":"Productos y Servicios para Seguridad Industrial","publisher":{"@id":"https:\/\/itemsind.com\/tienda\/#organization"},"potentialAction":[{"@type":"SearchAction","target":{"@type":"EntryPoint","urlTemplate":"https:\/\/itemsind.com\/tienda\/?s={search_term_string}"},"query-input":{"@type":"PropertyValueSpecification","valueRequired":true,"valueName":"search_term_string"}}],"inLanguage":"es"},{"@type":"Organization","@id":"https:\/\/itemsind.com\/tienda\/#organization","name":"Items Industriales","url":"https:\/\/itemsind.com\/tienda\/","logo":{"@type":"ImageObject","inLanguage":"es","@id":"https:\/\/itemsind.com\/tienda\/#\/schema\/logo\/image\/","url":"https:\/\/itemsind.com\/tienda\/wp-content\/uploads\/2023\/11\/items-logo-principal.jpg","contentUrl":"https:\/\/itemsind.com\/tienda\/wp-content\/uploads\/2023\/11\/items-logo-principal.jpg","width":2120,"height":793,"caption":"Items Industriales"},"image":{"@id":"https:\/\/itemsind.com\/tienda\/#\/schema\/logo\/image\/"},"sameAs":["https:\/\/www.facebook.com\/itemsind","https:\/\/www.instagram.com\/itemsind\/"]}]}},"_links":{"self":[{"href":"https:\/\/itemsind.com\/tienda\/wp-json\/wp\/v2\/product\/17679","targetHints":{"allow":["GET"]}}],"collection":[{"href":"https:\/\/itemsind.com\/tienda\/wp-json\/wp\/v2\/product"}],"about":[{"href":"https:\/\/itemsind.com\/tienda\/wp-json\/wp\/v2\/types\/product"}],"wp:featuredmedia":[{"embeddable":true,"href":"https:\/\/itemsind.com\/tienda\/wp-json\/wp\/v2\/media\/17683"}],"wp:attachment":[{"href":"https:\/\/itemsind.com\/tienda\/wp-json\/wp\/v2\/media?parent=17679"}],"wp:term":[{"taxonomy":"product_brand","embeddable":true,"href":"https:\/\/itemsind.com\/tienda\/wp-json\/wp\/v2\/product_brand?post=17679"},{"taxonomy":"product_cat","embeddable":true,"href":"https:\/\/itemsind.com\/tienda\/wp-json\/wp\/v2\/product_cat?post=17679"},{"taxonomy":"product_tag","embeddable":true,"href":"https:\/\/itemsind.com\/tienda\/wp-json\/wp\/v2\/product_tag?post=17679"}],"curies":[{"name":"wp","href":"https:\/\/api.w.org\/{rel}","templated":true}]}}