{"id":17728,"date":"2026-03-05T11:17:25","date_gmt":"2026-03-05T17:17:25","guid":{"rendered":"https:\/\/itemsind.com\/tienda\/?post_type=product&#038;p=17728"},"modified":"2026-03-05T11:43:38","modified_gmt":"2026-03-05T17:43:38","slug":"linterna-portatil-recargable-xp11r","status":"publish","type":"product","link":"https:\/\/itemsind.com\/tienda\/producto\/linterna-portatil-recargable-xp11r\/","title":{"rendered":"Linterna port\u00e1til recargable &#8211; XP11R"},"content":{"rendered":"<p>La COAST XP11R ofrece 3000 l\u00famenes con cuatro modos y potencia de haz m\u00faltiple, donde el rendimiento profesional se combina con la confiabilidad.<\/p>\n<h2 class=\"rt-Heading rt-r-size-8 rt-r-ta-left md:rt-r-ta-center\"><span dir=\"auto\">Especificaciones del producto<\/span><\/h2>\n<div class=\"rt-DataListItem\"><span class=\"rt-Text rt-r-weight-bold\"><span dir=\"auto\">Salida de luz (m\u00e1x.): <\/span><\/span><span dir=\"auto\">3000<\/span><span dir=\"auto\">l\u00famenes<\/span><\/div>\n<div class=\"rt-DataListItem\"><span class=\"rt-Text rt-r-weight-bold\"><span dir=\"auto\">Distancia del haz (m\u00e1x.): <\/span><\/span><span dir=\"auto\">280<\/span><span dir=\"auto\">metros<\/span><\/div>\n<div class=\"rt-DataListItem\"><span class=\"rt-Text rt-r-weight-bold\"><span dir=\"auto\">Tiempo de ejecuci\u00f3n (m\u00e1ximo): <\/span><\/span><span dir=\"auto\">200<\/span><span dir=\"auto\">horas<\/span><\/div>\n<div class=\"rt-DataListItem\"><span class=\"rt-Text rt-r-weight-bold\"><span dir=\"auto\">Calificaciones: <\/span><\/span><span dir=\"auto\">Resistente al agua y al polvo IP54<\/span><\/div>\n<div class=\"rt-DataListItem\"><span class=\"rt-Text rt-r-weight-bold\"><span dir=\"auto\">Modos de luz: <\/span><\/span><span dir=\"auto\">Medio | Alto | Bajo | Brillo lunar | Turbo<\/span><\/div>\n<div class=\"rt-DataListItem\"><span class=\"rt-Text rt-r-weight-bold\"><span dir=\"auto\">Tipo de enfoque: <\/span><\/span><span dir=\"auto\">PURE BEAM | ENFOQUE DESLIZANTE\u2122<\/span><\/div>\n<div class=\"rt-DataListItem\"><span class=\"rt-Text rt-r-weight-bold\"><span dir=\"auto\">Tipo de bater\u00eda: <\/span><\/span><span dir=\"auto\">ZX1000 o 3 x AAA (alcalinas no incluidas)<\/span><\/div>\n<div class=\"rt-DataListItem\"><span class=\"rt-Text rt-r-weight-bold\"><span dir=\"auto\">Puerto de carga: <\/span><\/span><span dir=\"auto\">USB-C<\/span><\/div>\n<div class=\"rt-DataListItem\"><span class=\"rt-Text rt-r-weight-bold\"><span dir=\"auto\">Salida de luz (media): <\/span><\/span><span dir=\"auto\">380 l\u00famenes<\/span><\/div>\n<div class=\"rt-DataListItem\"><span class=\"rt-Text rt-r-weight-bold\"><span dir=\"auto\">Distancia del haz (media): <\/span><\/span><span dir=\"auto\">100 metros<\/span><\/div>\n<div class=\"rt-DataListItem\"><span class=\"rt-Text rt-r-weight-bold\"><span dir=\"auto\">Tiempo de ejecuci\u00f3n (medio): <\/span><\/span><span dir=\"auto\">7,5 horas<\/span><\/div>\n<div class=\"rt-DataListItem\"><span class=\"rt-Text rt-r-weight-bold\"><span dir=\"auto\">Salida de luz (alta): <\/span><\/span><span dir=\"auto\">1100 l\u00famenes<\/span><\/div>\n<div class=\"rt-DataListItem\"><span class=\"rt-Text rt-r-weight-bold\"><span dir=\"auto\">Distancia del haz (alta): <\/span><\/span><span dir=\"auto\">165 metros<\/span><\/div>\n<div class=\"rt-DataListItem\"><span class=\"rt-Text rt-r-weight-bold\"><span dir=\"auto\">Tiempo de ejecuci\u00f3n (alto): <\/span><\/span><span dir=\"auto\">4.25 horas<\/span><\/div>\n<div class=\"rt-DataListItem\"><span class=\"rt-Text rt-r-weight-bold\"><span dir=\"auto\">Salida de luz (baja): <\/span><\/span><span dir=\"auto\">160 l\u00famenes<\/span><\/div>\n<div class=\"rt-DataListItem\"><span class=\"rt-Text rt-r-weight-bold\"><span dir=\"auto\">Distancia del haz (baja): <\/span><\/span><span dir=\"auto\">60 metros<\/span><\/div>\n<div class=\"rt-DataListItem\"><span class=\"rt-Text rt-r-weight-bold\"><span dir=\"auto\">Tiempo de ejecuci\u00f3n (bajo): <\/span><\/span><span dir=\"auto\">17 horas<\/span><\/div>\n<div class=\"rt-DataListItem\"><span class=\"rt-Text rt-r-weight-bold\"><span dir=\"auto\">Salida de luz (resplandor lunar): <\/span><\/span><span dir=\"auto\">12 lm<\/span><\/div>\n<div class=\"rt-DataListItem\"><span class=\"rt-Text rt-r-weight-bold\"><span dir=\"auto\">Distancia del haz (resplandor lunar): <\/span><\/span><span dir=\"auto\">16 metros<\/span><\/div>\n<div class=\"rt-DataListItem\"><span class=\"rt-Text rt-r-weight-bold\"><span dir=\"auto\">Tiempo de ejecuci\u00f3n (resplandor de luna): <\/span><\/span><span dir=\"auto\">200 horas<\/span><\/div>\n<div class=\"rt-DataListItem\"><span class=\"rt-Text rt-r-weight-bold\"><span dir=\"auto\">Salida de luz (Turbo): <\/span><\/span><span dir=\"auto\">3000 l\u00famenes<\/span><\/div>\n<div class=\"rt-DataListItem\"><span class=\"rt-Text rt-r-weight-bold\"><span dir=\"auto\">Distancia del haz (Turbo): <\/span><\/span><span dir=\"auto\">280 metros<\/span><\/div>\n<div class=\"rt-DataListItem\"><span class=\"rt-Text rt-r-weight-bold\"><span dir=\"auto\">Longitud: <\/span><\/span><span dir=\"auto\">6,02<\/span><span dir=\"auto\">pulgadas<\/span><\/div>\n<div class=\"rt-DataListItem\"><span class=\"rt-Text rt-r-weight-bold\"><span dir=\"auto\">Di\u00e1metro (bisel): <\/span><\/span><span dir=\"auto\">1,5<\/span><span dir=\"auto\">pulgadas<\/span><\/div>\n<div class=\"rt-DataListItem\"><span class=\"rt-Text rt-r-weight-bold\"><span dir=\"auto\">Di\u00e1metro (Cuerpo): <\/span><\/span><span dir=\"auto\">1,25<\/span><span dir=\"auto\">pulgadas<\/span><\/div>\n<div class=\"rt-DataListItem\"><span class=\"rt-Text rt-r-weight-bold\"><span dir=\"auto\">Peso: <\/span><\/span><span dir=\"auto\">8.25<\/span><span dir=\"auto\">onzas<\/span><\/div>\n","protected":false},"excerpt":{"rendered":"<p>La COAST XP11R ofrece 3000 l\u00famenes con cuatro modos y potencia de haz m\u00faltiple, donde el rendimiento profesional se combina con la confiabilidad. Especificaciones del producto Salida de luz (m\u00e1x.): 3000l\u00famenes Distancia del haz (m\u00e1x.): 280metros Tiempo de ejecuci\u00f3n (m\u00e1ximo): 200horas Calificaciones: Resistente al agua y al polvo IP54 Modos de luz: Medio | Alto &hellip; <a href=\"https:\/\/itemsind.com\/tienda\/producto\/linterna-portatil-recargable-xp11r\/\" class=\"more-link\">Continue reading <span class=\"screen-reader-text\">Linterna port\u00e1til recargable &#8211; XP11R<\/span><\/a><\/p>\n","protected":false},"featured_media":17730,"template":"","meta":[],"product_brand":[],"product_cat":[1300,2317],"product_tag":[1447,2431,2429],"class_list":{"0":"post-17728","1":"product","2":"type-product","3":"status-publish","4":"has-post-thumbnail","6":"product_cat-categorias-prodcutos","7":"product_cat-iluminacion","8":"product_tag-linterna","9":"product_tag-linterna-portatil","10":"product_tag-linterna-recargable","13":"instock","14":"taxable","15":"shipping-taxable","16":"product-type-simple"},"yoast_head":"<!-- This site is optimized with the Yoast SEO plugin v27.1.1 - https:\/\/yoast.com\/product\/yoast-seo-wordpress\/ -->\n<title>Linterna port\u00e1til recargable - XP11R - Items Industriales<\/title>\n<meta name=\"robots\" content=\"index, follow, max-snippet:-1, max-image-preview:large, max-video-preview:-1\" \/>\n<link rel=\"canonical\" href=\"https:\/\/itemsind.com\/tienda\/producto\/linterna-portatil-recargable-xp11r\/\" \/>\n<meta property=\"og:locale\" content=\"es_ES\" \/>\n<meta property=\"og:type\" content=\"article\" \/>\n<meta property=\"og:title\" content=\"Linterna port\u00e1til recargable - XP11R - Items Industriales\" \/>\n<meta property=\"og:description\" content=\"La COAST XP11R ofrece 3000 l\u00famenes con cuatro modos y potencia de haz m\u00faltiple, donde el rendimiento profesional se combina con la confiabilidad. Especificaciones del producto Salida de luz (m\u00e1x.): 3000l\u00famenes Distancia del haz (m\u00e1x.): 280metros Tiempo de ejecuci\u00f3n (m\u00e1ximo): 200horas Calificaciones: Resistente al agua y al polvo IP54 Modos de luz: Medio | Alto &hellip; Continue reading Linterna port\u00e1til recargable &#8211; XP11R\" \/>\n<meta property=\"og:url\" content=\"https:\/\/itemsind.com\/tienda\/producto\/linterna-portatil-recargable-xp11r\/\" \/>\n<meta property=\"og:site_name\" content=\"Items Industriales\" \/>\n<meta property=\"article:publisher\" content=\"https:\/\/www.facebook.com\/itemsind\" \/>\n<meta property=\"article:modified_time\" content=\"2026-03-05T17:43:38+00:00\" \/>\n<meta property=\"og:image\" content=\"https:\/\/itemsind.com\/tienda\/wp-content\/uploads\/2026\/03\/plantilla-productos-WEBSITE-48-1.png\" \/>\n\t<meta property=\"og:image:width\" content=\"1080\" \/>\n\t<meta property=\"og:image:height\" content=\"1080\" \/>\n\t<meta property=\"og:image:type\" content=\"image\/png\" \/>\n<meta name=\"twitter:card\" content=\"summary_large_image\" \/>\n<meta name=\"twitter:label1\" content=\"Tiempo de lectura\" \/>\n\t<meta name=\"twitter:data1\" content=\"2 minutos\" \/>\n<script type=\"application\/ld+json\" class=\"yoast-schema-graph\">{\"@context\":\"https:\/\/schema.org\",\"@graph\":[{\"@type\":\"WebPage\",\"@id\":\"https:\/\/itemsind.com\/tienda\/producto\/linterna-portatil-recargable-xp11r\/\",\"url\":\"https:\/\/itemsind.com\/tienda\/producto\/linterna-portatil-recargable-xp11r\/\",\"name\":\"Linterna port\u00e1til recargable - XP11R - Items Industriales\",\"isPartOf\":{\"@id\":\"https:\/\/itemsind.com\/tienda\/#website\"},\"primaryImageOfPage\":{\"@id\":\"https:\/\/itemsind.com\/tienda\/producto\/linterna-portatil-recargable-xp11r\/#primaryimage\"},\"image\":{\"@id\":\"https:\/\/itemsind.com\/tienda\/producto\/linterna-portatil-recargable-xp11r\/#primaryimage\"},\"thumbnailUrl\":\"https:\/\/itemsind.com\/tienda\/wp-content\/uploads\/2026\/03\/plantilla-productos-WEBSITE-48-1.png\",\"datePublished\":\"2026-03-05T17:17:25+00:00\",\"dateModified\":\"2026-03-05T17:43:38+00:00\",\"breadcrumb\":{\"@id\":\"https:\/\/itemsind.com\/tienda\/producto\/linterna-portatil-recargable-xp11r\/#breadcrumb\"},\"inLanguage\":\"es\",\"potentialAction\":[{\"@type\":\"ReadAction\",\"target\":[\"https:\/\/itemsind.com\/tienda\/producto\/linterna-portatil-recargable-xp11r\/\"]}]},{\"@type\":\"ImageObject\",\"inLanguage\":\"es\",\"@id\":\"https:\/\/itemsind.com\/tienda\/producto\/linterna-portatil-recargable-xp11r\/#primaryimage\",\"url\":\"https:\/\/itemsind.com\/tienda\/wp-content\/uploads\/2026\/03\/plantilla-productos-WEBSITE-48-1.png\",\"contentUrl\":\"https:\/\/itemsind.com\/tienda\/wp-content\/uploads\/2026\/03\/plantilla-productos-WEBSITE-48-1.png\",\"width\":1080,\"height\":1080},{\"@type\":\"BreadcrumbList\",\"@id\":\"https:\/\/itemsind.com\/tienda\/producto\/linterna-portatil-recargable-xp11r\/#breadcrumb\",\"itemListElement\":[{\"@type\":\"ListItem\",\"position\":1,\"name\":\"Portada\",\"item\":\"https:\/\/itemsind.com\/tienda\/\"},{\"@type\":\"ListItem\",\"position\":2,\"name\":\"Tienda\",\"item\":\"https:\/\/itemsind.com\/tienda\/tienda\/\"},{\"@type\":\"ListItem\",\"position\":3,\"name\":\"Linterna port\u00e1til recargable &#8211; XP11R\"}]},{\"@type\":\"WebSite\",\"@id\":\"https:\/\/itemsind.com\/tienda\/#website\",\"url\":\"https:\/\/itemsind.com\/tienda\/\",\"name\":\"Items Industriales\",\"description\":\"Productos y Servicios para Seguridad Industrial\",\"publisher\":{\"@id\":\"https:\/\/itemsind.com\/tienda\/#organization\"},\"potentialAction\":[{\"@type\":\"SearchAction\",\"target\":{\"@type\":\"EntryPoint\",\"urlTemplate\":\"https:\/\/itemsind.com\/tienda\/?s={search_term_string}\"},\"query-input\":{\"@type\":\"PropertyValueSpecification\",\"valueRequired\":true,\"valueName\":\"search_term_string\"}}],\"inLanguage\":\"es\"},{\"@type\":\"Organization\",\"@id\":\"https:\/\/itemsind.com\/tienda\/#organization\",\"name\":\"Items Industriales\",\"url\":\"https:\/\/itemsind.com\/tienda\/\",\"logo\":{\"@type\":\"ImageObject\",\"inLanguage\":\"es\",\"@id\":\"https:\/\/itemsind.com\/tienda\/#\/schema\/logo\/image\/\",\"url\":\"https:\/\/itemsind.com\/tienda\/wp-content\/uploads\/2023\/11\/items-logo-principal.jpg\",\"contentUrl\":\"https:\/\/itemsind.com\/tienda\/wp-content\/uploads\/2023\/11\/items-logo-principal.jpg\",\"width\":2120,\"height\":793,\"caption\":\"Items Industriales\"},\"image\":{\"@id\":\"https:\/\/itemsind.com\/tienda\/#\/schema\/logo\/image\/\"},\"sameAs\":[\"https:\/\/www.facebook.com\/itemsind\",\"https:\/\/www.instagram.com\/itemsind\/\"]}]}<\/script>\n<!-- \/ Yoast SEO plugin. -->","yoast_head_json":{"title":"Linterna port\u00e1til recargable - XP11R - Items Industriales","robots":{"index":"index","follow":"follow","max-snippet":"max-snippet:-1","max-image-preview":"max-image-preview:large","max-video-preview":"max-video-preview:-1"},"canonical":"https:\/\/itemsind.com\/tienda\/producto\/linterna-portatil-recargable-xp11r\/","og_locale":"es_ES","og_type":"article","og_title":"Linterna port\u00e1til recargable - XP11R - Items Industriales","og_description":"La COAST XP11R ofrece 3000 l\u00famenes con cuatro modos y potencia de haz m\u00faltiple, donde el rendimiento profesional se combina con la confiabilidad. Especificaciones del producto Salida de luz (m\u00e1x.): 3000l\u00famenes Distancia del haz (m\u00e1x.): 280metros Tiempo de ejecuci\u00f3n (m\u00e1ximo): 200horas Calificaciones: Resistente al agua y al polvo IP54 Modos de luz: Medio | Alto &hellip; Continue reading Linterna port\u00e1til recargable &#8211; XP11R","og_url":"https:\/\/itemsind.com\/tienda\/producto\/linterna-portatil-recargable-xp11r\/","og_site_name":"Items Industriales","article_publisher":"https:\/\/www.facebook.com\/itemsind","article_modified_time":"2026-03-05T17:43:38+00:00","og_image":[{"width":1080,"height":1080,"url":"https:\/\/itemsind.com\/tienda\/wp-content\/uploads\/2026\/03\/plantilla-productos-WEBSITE-48-1.png","type":"image\/png"}],"twitter_card":"summary_large_image","twitter_misc":{"Tiempo de lectura":"2 minutos"},"schema":{"@context":"https:\/\/schema.org","@graph":[{"@type":"WebPage","@id":"https:\/\/itemsind.com\/tienda\/producto\/linterna-portatil-recargable-xp11r\/","url":"https:\/\/itemsind.com\/tienda\/producto\/linterna-portatil-recargable-xp11r\/","name":"Linterna port\u00e1til recargable - XP11R - Items Industriales","isPartOf":{"@id":"https:\/\/itemsind.com\/tienda\/#website"},"primaryImageOfPage":{"@id":"https:\/\/itemsind.com\/tienda\/producto\/linterna-portatil-recargable-xp11r\/#primaryimage"},"image":{"@id":"https:\/\/itemsind.com\/tienda\/producto\/linterna-portatil-recargable-xp11r\/#primaryimage"},"thumbnailUrl":"https:\/\/itemsind.com\/tienda\/wp-content\/uploads\/2026\/03\/plantilla-productos-WEBSITE-48-1.png","datePublished":"2026-03-05T17:17:25+00:00","dateModified":"2026-03-05T17:43:38+00:00","breadcrumb":{"@id":"https:\/\/itemsind.com\/tienda\/producto\/linterna-portatil-recargable-xp11r\/#breadcrumb"},"inLanguage":"es","potentialAction":[{"@type":"ReadAction","target":["https:\/\/itemsind.com\/tienda\/producto\/linterna-portatil-recargable-xp11r\/"]}]},{"@type":"ImageObject","inLanguage":"es","@id":"https:\/\/itemsind.com\/tienda\/producto\/linterna-portatil-recargable-xp11r\/#primaryimage","url":"https:\/\/itemsind.com\/tienda\/wp-content\/uploads\/2026\/03\/plantilla-productos-WEBSITE-48-1.png","contentUrl":"https:\/\/itemsind.com\/tienda\/wp-content\/uploads\/2026\/03\/plantilla-productos-WEBSITE-48-1.png","width":1080,"height":1080},{"@type":"BreadcrumbList","@id":"https:\/\/itemsind.com\/tienda\/producto\/linterna-portatil-recargable-xp11r\/#breadcrumb","itemListElement":[{"@type":"ListItem","position":1,"name":"Portada","item":"https:\/\/itemsind.com\/tienda\/"},{"@type":"ListItem","position":2,"name":"Tienda","item":"https:\/\/itemsind.com\/tienda\/tienda\/"},{"@type":"ListItem","position":3,"name":"Linterna port\u00e1til recargable &#8211; XP11R"}]},{"@type":"WebSite","@id":"https:\/\/itemsind.com\/tienda\/#website","url":"https:\/\/itemsind.com\/tienda\/","name":"Items Industriales","description":"Productos y Servicios para Seguridad Industrial","publisher":{"@id":"https:\/\/itemsind.com\/tienda\/#organization"},"potentialAction":[{"@type":"SearchAction","target":{"@type":"EntryPoint","urlTemplate":"https:\/\/itemsind.com\/tienda\/?s={search_term_string}"},"query-input":{"@type":"PropertyValueSpecification","valueRequired":true,"valueName":"search_term_string"}}],"inLanguage":"es"},{"@type":"Organization","@id":"https:\/\/itemsind.com\/tienda\/#organization","name":"Items Industriales","url":"https:\/\/itemsind.com\/tienda\/","logo":{"@type":"ImageObject","inLanguage":"es","@id":"https:\/\/itemsind.com\/tienda\/#\/schema\/logo\/image\/","url":"https:\/\/itemsind.com\/tienda\/wp-content\/uploads\/2023\/11\/items-logo-principal.jpg","contentUrl":"https:\/\/itemsind.com\/tienda\/wp-content\/uploads\/2023\/11\/items-logo-principal.jpg","width":2120,"height":793,"caption":"Items Industriales"},"image":{"@id":"https:\/\/itemsind.com\/tienda\/#\/schema\/logo\/image\/"},"sameAs":["https:\/\/www.facebook.com\/itemsind","https:\/\/www.instagram.com\/itemsind\/"]}]}},"_links":{"self":[{"href":"https:\/\/itemsind.com\/tienda\/wp-json\/wp\/v2\/product\/17728","targetHints":{"allow":["GET"]}}],"collection":[{"href":"https:\/\/itemsind.com\/tienda\/wp-json\/wp\/v2\/product"}],"about":[{"href":"https:\/\/itemsind.com\/tienda\/wp-json\/wp\/v2\/types\/product"}],"wp:featuredmedia":[{"embeddable":true,"href":"https:\/\/itemsind.com\/tienda\/wp-json\/wp\/v2\/media\/17730"}],"wp:attachment":[{"href":"https:\/\/itemsind.com\/tienda\/wp-json\/wp\/v2\/media?parent=17728"}],"wp:term":[{"taxonomy":"product_brand","embeddable":true,"href":"https:\/\/itemsind.com\/tienda\/wp-json\/wp\/v2\/product_brand?post=17728"},{"taxonomy":"product_cat","embeddable":true,"href":"https:\/\/itemsind.com\/tienda\/wp-json\/wp\/v2\/product_cat?post=17728"},{"taxonomy":"product_tag","embeddable":true,"href":"https:\/\/itemsind.com\/tienda\/wp-json\/wp\/v2\/product_tag?post=17728"}],"curies":[{"name":"wp","href":"https:\/\/api.w.org\/{rel}","templated":true}]}}