{"id":17735,"date":"2026-03-05T11:56:09","date_gmt":"2026-03-05T17:56:09","guid":{"rendered":"https:\/\/itemsind.com\/tienda\/?post_type=product&#038;p=17735"},"modified":"2026-03-05T12:20:34","modified_gmt":"2026-03-05T18:20:34","slug":"bota-crucero-nr1-dielectrico-poliamida-pu-acr-nitrilo","status":"publish","type":"product","link":"https:\/\/itemsind.com\/tienda\/producto\/bota-crucero-nr1-dielectrico-poliamida-pu-acr-nitrilo\/","title":{"rendered":"Bota Crucero Nr1 | Diel\u00e9ctrico | Poliamida | Pu\/Acr-Nitrilo"},"content":{"rendered":"<p><strong>USOS Y \u00c1REAS SUGERIDAS<\/strong><\/p>\n<p>-Todo terreno<\/p>\n<p>-Pisos h\u00famedos o secos<\/p>\n<p>-Ideal para jornadas largas de trabajo<\/p>\n<p><strong>ESPECIFICACIONES DE SUELA<\/strong><\/p>\n<p>-Entresuela de poliuretano. Amortigua el impacto al caminar.<\/p>\n<p>-Suela de huleacrilo-nitrilo antiderrapante.<\/p>\n<p>-ShockAbsorberSystem.Proporcionamayorretornodeenerg\u00edaalcaminaryevitalafatiga.<\/p>\n<p>-L\u00edneas de tracci\u00f3n que ayudan al frenado enterrenos resbalosos.<\/p>\n<p>-Ventosa. Mayor agarre en superficies lisas.<\/p>\n<p>-Flexzone. Facilita la flexi\u00f3n del calzado aportando confort.<\/p>\n<p>-Canales de evacuaci\u00f3n. Facilita la salida de lodo y fluidos.<\/p>\n<p>-Resistente a solventes y aceites.<\/p>\n<p>-Punta protectora Wearless. Proporciona mayor durabilidad al calzado<\/p>\n","protected":false},"excerpt":{"rendered":"<p>USOS Y \u00c1REAS SUGERIDAS -Todo terreno -Pisos h\u00famedos o secos -Ideal para jornadas largas de trabajo ESPECIFICACIONES DE SUELA -Entresuela de poliuretano. Amortigua el impacto al caminar. -Suela de huleacrilo-nitrilo antiderrapante. -ShockAbsorberSystem.Proporcionamayorretornodeenerg\u00edaalcaminaryevitalafatiga. -L\u00edneas de tracci\u00f3n que ayudan al frenado enterrenos resbalosos. -Ventosa. Mayor agarre en superficies lisas. -Flexzone. Facilita la flexi\u00f3n del calzado aportando confort. &hellip; <a href=\"https:\/\/itemsind.com\/tienda\/producto\/bota-crucero-nr1-dielectrico-poliamida-pu-acr-nitrilo\/\" class=\"more-link\">Continue reading <span class=\"screen-reader-text\">Bota Crucero Nr1 | Diel\u00e9ctrico | Poliamida | Pu\/Acr-Nitrilo<\/span><\/a><\/p>\n","protected":false},"featured_media":17736,"template":"","meta":[],"product_brand":[2432],"product_cat":[1300,2198,2064],"product_tag":[2433,2434,2435],"class_list":{"0":"post-17735","1":"product","2":"type-product","3":"status-publish","4":"has-post-thumbnail","6":"product_brand-crucero","7":"product_cat-categorias-prodcutos","8":"product_cat-pies-y-piernas","9":"product_cat-proteccion","10":"product_tag-bota-de-seguridad","11":"product_tag-bota-dielectrica","12":"product_tag-bota-industrial","15":"instock","16":"taxable","17":"shipping-taxable","18":"product-type-simple"},"yoast_head":"<!-- This site is optimized with the Yoast SEO plugin v27.4 - https:\/\/yoast.com\/product\/yoast-seo-wordpress\/ -->\n<title>Bota Crucero Nr1 | Diel\u00e9ctrico | Poliamida | Pu\/Acr-Nitrilo - Items Industriales<\/title>\n<meta name=\"robots\" content=\"index, follow, max-snippet:-1, max-image-preview:large, max-video-preview:-1\" \/>\n<link rel=\"canonical\" href=\"https:\/\/itemsind.com\/tienda\/producto\/bota-crucero-nr1-dielectrico-poliamida-pu-acr-nitrilo\/\" \/>\n<meta property=\"og:locale\" content=\"es_ES\" \/>\n<meta property=\"og:type\" content=\"article\" \/>\n<meta property=\"og:title\" content=\"Bota Crucero Nr1 | Diel\u00e9ctrico | Poliamida | Pu\/Acr-Nitrilo - Items Industriales\" \/>\n<meta property=\"og:description\" content=\"USOS Y \u00c1REAS SUGERIDAS -Todo terreno -Pisos h\u00famedos o secos -Ideal para jornadas largas de trabajo ESPECIFICACIONES DE SUELA -Entresuela de poliuretano. Amortigua el impacto al caminar. -Suela de huleacrilo-nitrilo antiderrapante. -ShockAbsorberSystem.Proporcionamayorretornodeenerg\u00edaalcaminaryevitalafatiga. -L\u00edneas de tracci\u00f3n que ayudan al frenado enterrenos resbalosos. -Ventosa. Mayor agarre en superficies lisas. -Flexzone. Facilita la flexi\u00f3n del calzado aportando confort. &hellip; Continue reading Bota Crucero Nr1 | Diel\u00e9ctrico | Poliamida | Pu\/Acr-Nitrilo\" \/>\n<meta property=\"og:url\" content=\"https:\/\/itemsind.com\/tienda\/producto\/bota-crucero-nr1-dielectrico-poliamida-pu-acr-nitrilo\/\" \/>\n<meta property=\"og:site_name\" content=\"Items Industriales\" \/>\n<meta property=\"article:publisher\" content=\"https:\/\/www.facebook.com\/itemsind\" \/>\n<meta property=\"article:modified_time\" content=\"2026-03-05T18:20:34+00:00\" \/>\n<meta property=\"og:image\" content=\"https:\/\/itemsind.com\/tienda\/wp-content\/uploads\/2026\/03\/0CRU-NR1-53-E001000370970CRU-NR1-53-4.jpg\" \/>\n\t<meta property=\"og:image:width\" content=\"600\" \/>\n\t<meta property=\"og:image:height\" content=\"600\" \/>\n\t<meta property=\"og:image:type\" content=\"image\/jpeg\" \/>\n<meta name=\"twitter:card\" content=\"summary_large_image\" \/>\n<meta name=\"twitter:label1\" content=\"Tiempo de lectura\" \/>\n\t<meta name=\"twitter:data1\" content=\"1 minuto\" \/>\n<script type=\"application\/ld+json\" class=\"yoast-schema-graph\">{\"@context\":\"https:\\\/\\\/schema.org\",\"@graph\":[{\"@type\":\"WebPage\",\"@id\":\"https:\\\/\\\/itemsind.com\\\/tienda\\\/producto\\\/bota-crucero-nr1-dielectrico-poliamida-pu-acr-nitrilo\\\/\",\"url\":\"https:\\\/\\\/itemsind.com\\\/tienda\\\/producto\\\/bota-crucero-nr1-dielectrico-poliamida-pu-acr-nitrilo\\\/\",\"name\":\"Bota Crucero Nr1 | Diel\u00e9ctrico | Poliamida | Pu\\\/Acr-Nitrilo - Items Industriales\",\"isPartOf\":{\"@id\":\"https:\\\/\\\/itemsind.com\\\/tienda\\\/#website\"},\"primaryImageOfPage\":{\"@id\":\"https:\\\/\\\/itemsind.com\\\/tienda\\\/producto\\\/bota-crucero-nr1-dielectrico-poliamida-pu-acr-nitrilo\\\/#primaryimage\"},\"image\":{\"@id\":\"https:\\\/\\\/itemsind.com\\\/tienda\\\/producto\\\/bota-crucero-nr1-dielectrico-poliamida-pu-acr-nitrilo\\\/#primaryimage\"},\"thumbnailUrl\":\"https:\\\/\\\/itemsind.com\\\/tienda\\\/wp-content\\\/uploads\\\/2026\\\/03\\\/0CRU-NR1-53-E001000370970CRU-NR1-53-4.jpg\",\"datePublished\":\"2026-03-05T17:56:09+00:00\",\"dateModified\":\"2026-03-05T18:20:34+00:00\",\"breadcrumb\":{\"@id\":\"https:\\\/\\\/itemsind.com\\\/tienda\\\/producto\\\/bota-crucero-nr1-dielectrico-poliamida-pu-acr-nitrilo\\\/#breadcrumb\"},\"inLanguage\":\"es\",\"potentialAction\":[{\"@type\":\"ReadAction\",\"target\":[\"https:\\\/\\\/itemsind.com\\\/tienda\\\/producto\\\/bota-crucero-nr1-dielectrico-poliamida-pu-acr-nitrilo\\\/\"]}]},{\"@type\":\"ImageObject\",\"inLanguage\":\"es\",\"@id\":\"https:\\\/\\\/itemsind.com\\\/tienda\\\/producto\\\/bota-crucero-nr1-dielectrico-poliamida-pu-acr-nitrilo\\\/#primaryimage\",\"url\":\"https:\\\/\\\/itemsind.com\\\/tienda\\\/wp-content\\\/uploads\\\/2026\\\/03\\\/0CRU-NR1-53-E001000370970CRU-NR1-53-4.jpg\",\"contentUrl\":\"https:\\\/\\\/itemsind.com\\\/tienda\\\/wp-content\\\/uploads\\\/2026\\\/03\\\/0CRU-NR1-53-E001000370970CRU-NR1-53-4.jpg\",\"width\":600,\"height\":600},{\"@type\":\"BreadcrumbList\",\"@id\":\"https:\\\/\\\/itemsind.com\\\/tienda\\\/producto\\\/bota-crucero-nr1-dielectrico-poliamida-pu-acr-nitrilo\\\/#breadcrumb\",\"itemListElement\":[{\"@type\":\"ListItem\",\"position\":1,\"name\":\"Portada\",\"item\":\"https:\\\/\\\/itemsind.com\\\/tienda\\\/\"},{\"@type\":\"ListItem\",\"position\":2,\"name\":\"Tienda\",\"item\":\"https:\\\/\\\/itemsind.com\\\/tienda\\\/tienda\\\/\"},{\"@type\":\"ListItem\",\"position\":3,\"name\":\"Bota Crucero Nr1 | Diel\u00e9ctrico | Poliamida | Pu\\\/Acr-Nitrilo\"}]},{\"@type\":\"WebSite\",\"@id\":\"https:\\\/\\\/itemsind.com\\\/tienda\\\/#website\",\"url\":\"https:\\\/\\\/itemsind.com\\\/tienda\\\/\",\"name\":\"Items Industriales\",\"description\":\"Productos y Servicios para Seguridad Industrial\",\"publisher\":{\"@id\":\"https:\\\/\\\/itemsind.com\\\/tienda\\\/#organization\"},\"potentialAction\":[{\"@type\":\"SearchAction\",\"target\":{\"@type\":\"EntryPoint\",\"urlTemplate\":\"https:\\\/\\\/itemsind.com\\\/tienda\\\/?s={search_term_string}\"},\"query-input\":{\"@type\":\"PropertyValueSpecification\",\"valueRequired\":true,\"valueName\":\"search_term_string\"}}],\"inLanguage\":\"es\"},{\"@type\":\"Organization\",\"@id\":\"https:\\\/\\\/itemsind.com\\\/tienda\\\/#organization\",\"name\":\"Items Industriales\",\"url\":\"https:\\\/\\\/itemsind.com\\\/tienda\\\/\",\"logo\":{\"@type\":\"ImageObject\",\"inLanguage\":\"es\",\"@id\":\"https:\\\/\\\/itemsind.com\\\/tienda\\\/#\\\/schema\\\/logo\\\/image\\\/\",\"url\":\"https:\\\/\\\/itemsind.com\\\/tienda\\\/wp-content\\\/uploads\\\/2023\\\/11\\\/items-logo-principal.jpg\",\"contentUrl\":\"https:\\\/\\\/itemsind.com\\\/tienda\\\/wp-content\\\/uploads\\\/2023\\\/11\\\/items-logo-principal.jpg\",\"width\":2120,\"height\":793,\"caption\":\"Items Industriales\"},\"image\":{\"@id\":\"https:\\\/\\\/itemsind.com\\\/tienda\\\/#\\\/schema\\\/logo\\\/image\\\/\"},\"sameAs\":[\"https:\\\/\\\/www.facebook.com\\\/itemsind\",\"https:\\\/\\\/www.instagram.com\\\/itemsind\\\/\"]}]}<\/script>\n<!-- \/ Yoast SEO plugin. -->","yoast_head_json":{"title":"Bota Crucero Nr1 | Diel\u00e9ctrico | Poliamida | Pu\/Acr-Nitrilo - Items Industriales","robots":{"index":"index","follow":"follow","max-snippet":"max-snippet:-1","max-image-preview":"max-image-preview:large","max-video-preview":"max-video-preview:-1"},"canonical":"https:\/\/itemsind.com\/tienda\/producto\/bota-crucero-nr1-dielectrico-poliamida-pu-acr-nitrilo\/","og_locale":"es_ES","og_type":"article","og_title":"Bota Crucero Nr1 | Diel\u00e9ctrico | Poliamida | Pu\/Acr-Nitrilo - Items Industriales","og_description":"USOS Y \u00c1REAS SUGERIDAS -Todo terreno -Pisos h\u00famedos o secos -Ideal para jornadas largas de trabajo ESPECIFICACIONES DE SUELA -Entresuela de poliuretano. Amortigua el impacto al caminar. -Suela de huleacrilo-nitrilo antiderrapante. -ShockAbsorberSystem.Proporcionamayorretornodeenerg\u00edaalcaminaryevitalafatiga. -L\u00edneas de tracci\u00f3n que ayudan al frenado enterrenos resbalosos. -Ventosa. Mayor agarre en superficies lisas. -Flexzone. Facilita la flexi\u00f3n del calzado aportando confort. &hellip; Continue reading Bota Crucero Nr1 | Diel\u00e9ctrico | Poliamida | Pu\/Acr-Nitrilo","og_url":"https:\/\/itemsind.com\/tienda\/producto\/bota-crucero-nr1-dielectrico-poliamida-pu-acr-nitrilo\/","og_site_name":"Items Industriales","article_publisher":"https:\/\/www.facebook.com\/itemsind","article_modified_time":"2026-03-05T18:20:34+00:00","og_image":[{"width":600,"height":600,"url":"https:\/\/itemsind.com\/tienda\/wp-content\/uploads\/2026\/03\/0CRU-NR1-53-E001000370970CRU-NR1-53-4.jpg","type":"image\/jpeg"}],"twitter_card":"summary_large_image","twitter_misc":{"Tiempo de lectura":"1 minuto"},"schema":{"@context":"https:\/\/schema.org","@graph":[{"@type":"WebPage","@id":"https:\/\/itemsind.com\/tienda\/producto\/bota-crucero-nr1-dielectrico-poliamida-pu-acr-nitrilo\/","url":"https:\/\/itemsind.com\/tienda\/producto\/bota-crucero-nr1-dielectrico-poliamida-pu-acr-nitrilo\/","name":"Bota Crucero Nr1 | Diel\u00e9ctrico | Poliamida | Pu\/Acr-Nitrilo - Items Industriales","isPartOf":{"@id":"https:\/\/itemsind.com\/tienda\/#website"},"primaryImageOfPage":{"@id":"https:\/\/itemsind.com\/tienda\/producto\/bota-crucero-nr1-dielectrico-poliamida-pu-acr-nitrilo\/#primaryimage"},"image":{"@id":"https:\/\/itemsind.com\/tienda\/producto\/bota-crucero-nr1-dielectrico-poliamida-pu-acr-nitrilo\/#primaryimage"},"thumbnailUrl":"https:\/\/itemsind.com\/tienda\/wp-content\/uploads\/2026\/03\/0CRU-NR1-53-E001000370970CRU-NR1-53-4.jpg","datePublished":"2026-03-05T17:56:09+00:00","dateModified":"2026-03-05T18:20:34+00:00","breadcrumb":{"@id":"https:\/\/itemsind.com\/tienda\/producto\/bota-crucero-nr1-dielectrico-poliamida-pu-acr-nitrilo\/#breadcrumb"},"inLanguage":"es","potentialAction":[{"@type":"ReadAction","target":["https:\/\/itemsind.com\/tienda\/producto\/bota-crucero-nr1-dielectrico-poliamida-pu-acr-nitrilo\/"]}]},{"@type":"ImageObject","inLanguage":"es","@id":"https:\/\/itemsind.com\/tienda\/producto\/bota-crucero-nr1-dielectrico-poliamida-pu-acr-nitrilo\/#primaryimage","url":"https:\/\/itemsind.com\/tienda\/wp-content\/uploads\/2026\/03\/0CRU-NR1-53-E001000370970CRU-NR1-53-4.jpg","contentUrl":"https:\/\/itemsind.com\/tienda\/wp-content\/uploads\/2026\/03\/0CRU-NR1-53-E001000370970CRU-NR1-53-4.jpg","width":600,"height":600},{"@type":"BreadcrumbList","@id":"https:\/\/itemsind.com\/tienda\/producto\/bota-crucero-nr1-dielectrico-poliamida-pu-acr-nitrilo\/#breadcrumb","itemListElement":[{"@type":"ListItem","position":1,"name":"Portada","item":"https:\/\/itemsind.com\/tienda\/"},{"@type":"ListItem","position":2,"name":"Tienda","item":"https:\/\/itemsind.com\/tienda\/tienda\/"},{"@type":"ListItem","position":3,"name":"Bota Crucero Nr1 | Diel\u00e9ctrico | Poliamida | Pu\/Acr-Nitrilo"}]},{"@type":"WebSite","@id":"https:\/\/itemsind.com\/tienda\/#website","url":"https:\/\/itemsind.com\/tienda\/","name":"Items Industriales","description":"Productos y Servicios para Seguridad Industrial","publisher":{"@id":"https:\/\/itemsind.com\/tienda\/#organization"},"potentialAction":[{"@type":"SearchAction","target":{"@type":"EntryPoint","urlTemplate":"https:\/\/itemsind.com\/tienda\/?s={search_term_string}"},"query-input":{"@type":"PropertyValueSpecification","valueRequired":true,"valueName":"search_term_string"}}],"inLanguage":"es"},{"@type":"Organization","@id":"https:\/\/itemsind.com\/tienda\/#organization","name":"Items Industriales","url":"https:\/\/itemsind.com\/tienda\/","logo":{"@type":"ImageObject","inLanguage":"es","@id":"https:\/\/itemsind.com\/tienda\/#\/schema\/logo\/image\/","url":"https:\/\/itemsind.com\/tienda\/wp-content\/uploads\/2023\/11\/items-logo-principal.jpg","contentUrl":"https:\/\/itemsind.com\/tienda\/wp-content\/uploads\/2023\/11\/items-logo-principal.jpg","width":2120,"height":793,"caption":"Items Industriales"},"image":{"@id":"https:\/\/itemsind.com\/tienda\/#\/schema\/logo\/image\/"},"sameAs":["https:\/\/www.facebook.com\/itemsind","https:\/\/www.instagram.com\/itemsind\/"]}]}},"_links":{"self":[{"href":"https:\/\/itemsind.com\/tienda\/wp-json\/wp\/v2\/product\/17735","targetHints":{"allow":["GET"]}}],"collection":[{"href":"https:\/\/itemsind.com\/tienda\/wp-json\/wp\/v2\/product"}],"about":[{"href":"https:\/\/itemsind.com\/tienda\/wp-json\/wp\/v2\/types\/product"}],"wp:featuredmedia":[{"embeddable":true,"href":"https:\/\/itemsind.com\/tienda\/wp-json\/wp\/v2\/media\/17736"}],"wp:attachment":[{"href":"https:\/\/itemsind.com\/tienda\/wp-json\/wp\/v2\/media?parent=17735"}],"wp:term":[{"taxonomy":"product_brand","embeddable":true,"href":"https:\/\/itemsind.com\/tienda\/wp-json\/wp\/v2\/product_brand?post=17735"},{"taxonomy":"product_cat","embeddable":true,"href":"https:\/\/itemsind.com\/tienda\/wp-json\/wp\/v2\/product_cat?post=17735"},{"taxonomy":"product_tag","embeddable":true,"href":"https:\/\/itemsind.com\/tienda\/wp-json\/wp\/v2\/product_tag?post=17735"}],"curies":[{"name":"wp","href":"https:\/\/api.w.org\/{rel}","templated":true}]}}