{"id":17743,"date":"2026-03-05T12:48:53","date_gmt":"2026-03-05T18:48:53","guid":{"rendered":"https:\/\/itemsind.com\/tienda\/?post_type=product&#038;p=17743"},"modified":"2026-03-05T12:50:03","modified_gmt":"2026-03-05T18:50:03","slug":"bota-petrolera-238","status":"publish","type":"product","link":"https:\/\/itemsind.com\/tienda\/producto\/bota-petrolera-238\/","title":{"rendered":"Bota petrolera &#8211; 238"},"content":{"rendered":"<p>BOTA TODO TERRENOS SOLDADOR 238<\/p>\n<p>\u00a1Ideal para trabajos de industria pesada y semi-pesada con nuestras.Botas Todo Terreno 238 con Casco de policarbonato y diel\u00e9ctricas!<\/p>\n<p>Estas botas son tu mejor aliado en entornos desafiantes, gracias a su resistencia a aceites, solventes y gasolina, junto con un hule acrilonitrilo vulcanizado de uso rudo.<\/p>\n<p>Adem\u00e1s, soportan temperaturas elevadas, abrasi\u00f3n y desgarro. Fabricadas al 100% en aut\u00e9ntica piel, estas botas ofrecen comodidad, seguridad y durabilidad inigualables en tu entorno laboral.<\/p>\n<p>Ideales para industrias pesadas y semi-pesadas como industria petrolera, qu\u00edmica, metalmec\u00e1nica, soldador, etc.<\/p>\n<p>&nbsp;<\/p>\n<p>USO IDEAL:<\/p>\n<p>Pesadas y semi-pesadas como industria petrolera, qu\u00edmica, metalmec\u00e1nica, soldador, etc.<\/p>\n<p>-TIPO DE PROTECCION:<\/p>\n<p>&#8211; Tipo III con puntera de protecci\u00f3n + Diel\u00e9ctrico (PP+D).<\/p>\n<p>-ALTURA: 21\u00b11cm aprox.<\/p>\n<p>-SUELA: -Estrella de hule acrilo-nitrilo resistente a aceites y solventes. -Hule acrilo\u2013nitrilo vulcanizado para uso rudo. -Excelente resistencia a aceites, solventes y gasolina. -Alta resistencia a temperaturas altas, abrasi\u00f3n y desgarre. -Apta para trabajo en industria pesada e industria semi\u2013pesada.<\/p>\n<p>-CORTE: Flor entera de res Nappa lisa de 1.8 mm de espesor.<\/p>\n<p>-CONSTRUCCION: Goodyear Welt 360.<\/p>\n<p>-HORMA: EEE con el ancho ideal para el d\u00eda a d\u00eda.<\/p>\n<p>-PLANTILLA: Supreme de PU recubierta de malla textil con tratamiento antimic\u00f3tico.<\/p>\n<p>-PUNTERA: Policarbonato. Resistente al impacto (101.7 + 2 J) y compresi\u00f3n (11.135 + 0.2 kN) de acuerdo con la norma NOM-113-STPS-2009.<\/p>\n","protected":false},"excerpt":{"rendered":"<p>BOTA TODO TERRENOS SOLDADOR 238 \u00a1Ideal para trabajos de industria pesada y semi-pesada con nuestras.Botas Todo Terreno 238 con Casco de policarbonato y diel\u00e9ctricas! Estas botas son tu mejor aliado en entornos desafiantes, gracias a su resistencia a aceites, solventes y gasolina, junto con un hule acrilonitrilo vulcanizado de uso rudo. Adem\u00e1s, soportan temperaturas elevadas, &hellip; <a href=\"https:\/\/itemsind.com\/tienda\/producto\/bota-petrolera-238\/\" class=\"more-link\">Continue reading <span class=\"screen-reader-text\">Bota petrolera &#8211; 238<\/span><\/a><\/p>\n","protected":false},"featured_media":17745,"template":"","meta":[],"product_brand":[2432],"product_cat":[2198,2064],"product_tag":[2435,2436,2243],"class_list":{"0":"post-17743","1":"product","2":"type-product","3":"status-publish","4":"has-post-thumbnail","6":"product_brand-crucero","7":"product_cat-pies-y-piernas","8":"product_cat-proteccion","9":"product_tag-bota-industrial","10":"product_tag-bota-petrolera","11":"product_tag-calzado-industrial","14":"instock","15":"taxable","16":"shipping-taxable","17":"product-type-simple"},"yoast_head":"<!-- This site is optimized with the Yoast SEO plugin v27.4 - https:\/\/yoast.com\/product\/yoast-seo-wordpress\/ -->\n<title>Bota petrolera - 238 - Items Industriales<\/title>\n<meta name=\"robots\" content=\"index, follow, max-snippet:-1, max-image-preview:large, max-video-preview:-1\" \/>\n<link rel=\"canonical\" href=\"https:\/\/itemsind.com\/tienda\/producto\/bota-petrolera-238\/\" \/>\n<meta property=\"og:locale\" content=\"es_ES\" \/>\n<meta property=\"og:type\" content=\"article\" \/>\n<meta property=\"og:title\" content=\"Bota petrolera - 238 - Items Industriales\" \/>\n<meta property=\"og:description\" content=\"BOTA TODO TERRENOS SOLDADOR 238 \u00a1Ideal para trabajos de industria pesada y semi-pesada con nuestras.Botas Todo Terreno 238 con Casco de policarbonato y diel\u00e9ctricas! Estas botas son tu mejor aliado en entornos desafiantes, gracias a su resistencia a aceites, solventes y gasolina, junto con un hule acrilonitrilo vulcanizado de uso rudo. Adem\u00e1s, soportan temperaturas elevadas, &hellip; Continue reading Bota petrolera &#8211; 238\" \/>\n<meta property=\"og:url\" content=\"https:\/\/itemsind.com\/tienda\/producto\/bota-petrolera-238\/\" \/>\n<meta property=\"og:site_name\" content=\"Items Industriales\" \/>\n<meta property=\"article:publisher\" content=\"https:\/\/www.facebook.com\/itemsind\" \/>\n<meta property=\"article:modified_time\" content=\"2026-03-05T18:50:03+00:00\" \/>\n<meta property=\"og:image\" content=\"https:\/\/itemsind.com\/tienda\/wp-content\/uploads\/2026\/03\/D_NQ_NP_2X_847412-MLM85255796230_062025-F-bota-crucero-238-con-casquillo-industrial-petrolera-pemex.webp\" \/>\n\t<meta property=\"og:image:width\" content=\"1200\" \/>\n\t<meta property=\"og:image:height\" content=\"1193\" \/>\n\t<meta property=\"og:image:type\" content=\"image\/webp\" \/>\n<meta name=\"twitter:card\" content=\"summary_large_image\" \/>\n<meta name=\"twitter:label1\" content=\"Tiempo de lectura\" \/>\n\t<meta name=\"twitter:data1\" content=\"2 minutos\" \/>\n<script type=\"application\/ld+json\" class=\"yoast-schema-graph\">{\"@context\":\"https:\\\/\\\/schema.org\",\"@graph\":[{\"@type\":\"WebPage\",\"@id\":\"https:\\\/\\\/itemsind.com\\\/tienda\\\/producto\\\/bota-petrolera-238\\\/\",\"url\":\"https:\\\/\\\/itemsind.com\\\/tienda\\\/producto\\\/bota-petrolera-238\\\/\",\"name\":\"Bota petrolera - 238 - Items Industriales\",\"isPartOf\":{\"@id\":\"https:\\\/\\\/itemsind.com\\\/tienda\\\/#website\"},\"primaryImageOfPage\":{\"@id\":\"https:\\\/\\\/itemsind.com\\\/tienda\\\/producto\\\/bota-petrolera-238\\\/#primaryimage\"},\"image\":{\"@id\":\"https:\\\/\\\/itemsind.com\\\/tienda\\\/producto\\\/bota-petrolera-238\\\/#primaryimage\"},\"thumbnailUrl\":\"https:\\\/\\\/itemsind.com\\\/tienda\\\/wp-content\\\/uploads\\\/2026\\\/03\\\/D_NQ_NP_2X_847412-MLM85255796230_062025-F-bota-crucero-238-con-casquillo-industrial-petrolera-pemex.webp\",\"datePublished\":\"2026-03-05T18:48:53+00:00\",\"dateModified\":\"2026-03-05T18:50:03+00:00\",\"breadcrumb\":{\"@id\":\"https:\\\/\\\/itemsind.com\\\/tienda\\\/producto\\\/bota-petrolera-238\\\/#breadcrumb\"},\"inLanguage\":\"es\",\"potentialAction\":[{\"@type\":\"ReadAction\",\"target\":[\"https:\\\/\\\/itemsind.com\\\/tienda\\\/producto\\\/bota-petrolera-238\\\/\"]}]},{\"@type\":\"ImageObject\",\"inLanguage\":\"es\",\"@id\":\"https:\\\/\\\/itemsind.com\\\/tienda\\\/producto\\\/bota-petrolera-238\\\/#primaryimage\",\"url\":\"https:\\\/\\\/itemsind.com\\\/tienda\\\/wp-content\\\/uploads\\\/2026\\\/03\\\/D_NQ_NP_2X_847412-MLM85255796230_062025-F-bota-crucero-238-con-casquillo-industrial-petrolera-pemex.webp\",\"contentUrl\":\"https:\\\/\\\/itemsind.com\\\/tienda\\\/wp-content\\\/uploads\\\/2026\\\/03\\\/D_NQ_NP_2X_847412-MLM85255796230_062025-F-bota-crucero-238-con-casquillo-industrial-petrolera-pemex.webp\",\"width\":1200,\"height\":1193},{\"@type\":\"BreadcrumbList\",\"@id\":\"https:\\\/\\\/itemsind.com\\\/tienda\\\/producto\\\/bota-petrolera-238\\\/#breadcrumb\",\"itemListElement\":[{\"@type\":\"ListItem\",\"position\":1,\"name\":\"Portada\",\"item\":\"https:\\\/\\\/itemsind.com\\\/tienda\\\/\"},{\"@type\":\"ListItem\",\"position\":2,\"name\":\"Tienda\",\"item\":\"https:\\\/\\\/itemsind.com\\\/tienda\\\/tienda\\\/\"},{\"@type\":\"ListItem\",\"position\":3,\"name\":\"Bota petrolera &#8211; 238\"}]},{\"@type\":\"WebSite\",\"@id\":\"https:\\\/\\\/itemsind.com\\\/tienda\\\/#website\",\"url\":\"https:\\\/\\\/itemsind.com\\\/tienda\\\/\",\"name\":\"Items Industriales\",\"description\":\"Productos y Servicios para Seguridad Industrial\",\"publisher\":{\"@id\":\"https:\\\/\\\/itemsind.com\\\/tienda\\\/#organization\"},\"potentialAction\":[{\"@type\":\"SearchAction\",\"target\":{\"@type\":\"EntryPoint\",\"urlTemplate\":\"https:\\\/\\\/itemsind.com\\\/tienda\\\/?s={search_term_string}\"},\"query-input\":{\"@type\":\"PropertyValueSpecification\",\"valueRequired\":true,\"valueName\":\"search_term_string\"}}],\"inLanguage\":\"es\"},{\"@type\":\"Organization\",\"@id\":\"https:\\\/\\\/itemsind.com\\\/tienda\\\/#organization\",\"name\":\"Items Industriales\",\"url\":\"https:\\\/\\\/itemsind.com\\\/tienda\\\/\",\"logo\":{\"@type\":\"ImageObject\",\"inLanguage\":\"es\",\"@id\":\"https:\\\/\\\/itemsind.com\\\/tienda\\\/#\\\/schema\\\/logo\\\/image\\\/\",\"url\":\"https:\\\/\\\/itemsind.com\\\/tienda\\\/wp-content\\\/uploads\\\/2023\\\/11\\\/items-logo-principal.jpg\",\"contentUrl\":\"https:\\\/\\\/itemsind.com\\\/tienda\\\/wp-content\\\/uploads\\\/2023\\\/11\\\/items-logo-principal.jpg\",\"width\":2120,\"height\":793,\"caption\":\"Items Industriales\"},\"image\":{\"@id\":\"https:\\\/\\\/itemsind.com\\\/tienda\\\/#\\\/schema\\\/logo\\\/image\\\/\"},\"sameAs\":[\"https:\\\/\\\/www.facebook.com\\\/itemsind\",\"https:\\\/\\\/www.instagram.com\\\/itemsind\\\/\"]}]}<\/script>\n<!-- \/ Yoast SEO plugin. -->","yoast_head_json":{"title":"Bota petrolera - 238 - Items Industriales","robots":{"index":"index","follow":"follow","max-snippet":"max-snippet:-1","max-image-preview":"max-image-preview:large","max-video-preview":"max-video-preview:-1"},"canonical":"https:\/\/itemsind.com\/tienda\/producto\/bota-petrolera-238\/","og_locale":"es_ES","og_type":"article","og_title":"Bota petrolera - 238 - Items Industriales","og_description":"BOTA TODO TERRENOS SOLDADOR 238 \u00a1Ideal para trabajos de industria pesada y semi-pesada con nuestras.Botas Todo Terreno 238 con Casco de policarbonato y diel\u00e9ctricas! Estas botas son tu mejor aliado en entornos desafiantes, gracias a su resistencia a aceites, solventes y gasolina, junto con un hule acrilonitrilo vulcanizado de uso rudo. Adem\u00e1s, soportan temperaturas elevadas, &hellip; Continue reading Bota petrolera &#8211; 238","og_url":"https:\/\/itemsind.com\/tienda\/producto\/bota-petrolera-238\/","og_site_name":"Items Industriales","article_publisher":"https:\/\/www.facebook.com\/itemsind","article_modified_time":"2026-03-05T18:50:03+00:00","og_image":[{"width":1200,"height":1193,"url":"https:\/\/itemsind.com\/tienda\/wp-content\/uploads\/2026\/03\/D_NQ_NP_2X_847412-MLM85255796230_062025-F-bota-crucero-238-con-casquillo-industrial-petrolera-pemex.webp","type":"image\/webp"}],"twitter_card":"summary_large_image","twitter_misc":{"Tiempo de lectura":"2 minutos"},"schema":{"@context":"https:\/\/schema.org","@graph":[{"@type":"WebPage","@id":"https:\/\/itemsind.com\/tienda\/producto\/bota-petrolera-238\/","url":"https:\/\/itemsind.com\/tienda\/producto\/bota-petrolera-238\/","name":"Bota petrolera - 238 - Items Industriales","isPartOf":{"@id":"https:\/\/itemsind.com\/tienda\/#website"},"primaryImageOfPage":{"@id":"https:\/\/itemsind.com\/tienda\/producto\/bota-petrolera-238\/#primaryimage"},"image":{"@id":"https:\/\/itemsind.com\/tienda\/producto\/bota-petrolera-238\/#primaryimage"},"thumbnailUrl":"https:\/\/itemsind.com\/tienda\/wp-content\/uploads\/2026\/03\/D_NQ_NP_2X_847412-MLM85255796230_062025-F-bota-crucero-238-con-casquillo-industrial-petrolera-pemex.webp","datePublished":"2026-03-05T18:48:53+00:00","dateModified":"2026-03-05T18:50:03+00:00","breadcrumb":{"@id":"https:\/\/itemsind.com\/tienda\/producto\/bota-petrolera-238\/#breadcrumb"},"inLanguage":"es","potentialAction":[{"@type":"ReadAction","target":["https:\/\/itemsind.com\/tienda\/producto\/bota-petrolera-238\/"]}]},{"@type":"ImageObject","inLanguage":"es","@id":"https:\/\/itemsind.com\/tienda\/producto\/bota-petrolera-238\/#primaryimage","url":"https:\/\/itemsind.com\/tienda\/wp-content\/uploads\/2026\/03\/D_NQ_NP_2X_847412-MLM85255796230_062025-F-bota-crucero-238-con-casquillo-industrial-petrolera-pemex.webp","contentUrl":"https:\/\/itemsind.com\/tienda\/wp-content\/uploads\/2026\/03\/D_NQ_NP_2X_847412-MLM85255796230_062025-F-bota-crucero-238-con-casquillo-industrial-petrolera-pemex.webp","width":1200,"height":1193},{"@type":"BreadcrumbList","@id":"https:\/\/itemsind.com\/tienda\/producto\/bota-petrolera-238\/#breadcrumb","itemListElement":[{"@type":"ListItem","position":1,"name":"Portada","item":"https:\/\/itemsind.com\/tienda\/"},{"@type":"ListItem","position":2,"name":"Tienda","item":"https:\/\/itemsind.com\/tienda\/tienda\/"},{"@type":"ListItem","position":3,"name":"Bota petrolera &#8211; 238"}]},{"@type":"WebSite","@id":"https:\/\/itemsind.com\/tienda\/#website","url":"https:\/\/itemsind.com\/tienda\/","name":"Items Industriales","description":"Productos y Servicios para Seguridad Industrial","publisher":{"@id":"https:\/\/itemsind.com\/tienda\/#organization"},"potentialAction":[{"@type":"SearchAction","target":{"@type":"EntryPoint","urlTemplate":"https:\/\/itemsind.com\/tienda\/?s={search_term_string}"},"query-input":{"@type":"PropertyValueSpecification","valueRequired":true,"valueName":"search_term_string"}}],"inLanguage":"es"},{"@type":"Organization","@id":"https:\/\/itemsind.com\/tienda\/#organization","name":"Items Industriales","url":"https:\/\/itemsind.com\/tienda\/","logo":{"@type":"ImageObject","inLanguage":"es","@id":"https:\/\/itemsind.com\/tienda\/#\/schema\/logo\/image\/","url":"https:\/\/itemsind.com\/tienda\/wp-content\/uploads\/2023\/11\/items-logo-principal.jpg","contentUrl":"https:\/\/itemsind.com\/tienda\/wp-content\/uploads\/2023\/11\/items-logo-principal.jpg","width":2120,"height":793,"caption":"Items Industriales"},"image":{"@id":"https:\/\/itemsind.com\/tienda\/#\/schema\/logo\/image\/"},"sameAs":["https:\/\/www.facebook.com\/itemsind","https:\/\/www.instagram.com\/itemsind\/"]}]}},"_links":{"self":[{"href":"https:\/\/itemsind.com\/tienda\/wp-json\/wp\/v2\/product\/17743","targetHints":{"allow":["GET"]}}],"collection":[{"href":"https:\/\/itemsind.com\/tienda\/wp-json\/wp\/v2\/product"}],"about":[{"href":"https:\/\/itemsind.com\/tienda\/wp-json\/wp\/v2\/types\/product"}],"wp:featuredmedia":[{"embeddable":true,"href":"https:\/\/itemsind.com\/tienda\/wp-json\/wp\/v2\/media\/17745"}],"wp:attachment":[{"href":"https:\/\/itemsind.com\/tienda\/wp-json\/wp\/v2\/media?parent=17743"}],"wp:term":[{"taxonomy":"product_brand","embeddable":true,"href":"https:\/\/itemsind.com\/tienda\/wp-json\/wp\/v2\/product_brand?post=17743"},{"taxonomy":"product_cat","embeddable":true,"href":"https:\/\/itemsind.com\/tienda\/wp-json\/wp\/v2\/product_cat?post=17743"},{"taxonomy":"product_tag","embeddable":true,"href":"https:\/\/itemsind.com\/tienda\/wp-json\/wp\/v2\/product_tag?post=17743"}],"curies":[{"name":"wp","href":"https:\/\/api.w.org\/{rel}","templated":true}]}}