{"id":17795,"date":"2026-03-09T09:47:22","date_gmt":"2026-03-09T15:47:22","guid":{"rendered":"https:\/\/itemsind.com\/tienda\/?post_type=product&#038;p=17795"},"modified":"2026-03-09T09:48:16","modified_gmt":"2026-03-09T15:48:16","slug":"kit-completo-contra-pinturas-en-aerosol-pesticidas-9572-1","status":"publish","type":"product","link":"https:\/\/itemsind.com\/tienda\/producto\/kit-completo-contra-pinturas-en-aerosol-pesticidas-9572-1\/","title":{"rendered":"Kit completo contra pinturas en aerosol\/Pesticidas-9572-1"},"content":{"rendered":"","protected":false},"excerpt":{"rendered":"<p>El kit completo de pintura en aerosol est\u00e1 dise\u00f1ado para pintar carrocer\u00edas y otras aplicaciones. Incluye un respirador de silicona profesional de primera calidad, que garantiza una comodidad superior y un ajuste perfecto para un uso prolongado. Con un par de cartuchos para vapores org\u00e1nicos y filtros P95 incluidos, este kit ofrece protecci\u00f3n integral contra vapores org\u00e1nicos y part\u00edculas en suspensi\u00f3n, garantizando la seguridad sin comprometer la transpirabilidad. Ya sea que trabaje en la industria automotriz o en otras tareas exigentes, conf\u00ede en este kit para obtener protecci\u00f3n y comodidad inigualables, permiti\u00e9ndole trabajar con confianza y tranquilidad.<\/p>\n<h3><span dir=\"auto\">Funci\u00f3n avanzada QuickDrop\u2122<\/span><\/h3>\n<p><span dir=\"auto\">Experimente una comodidad inigualable con nuestra funci\u00f3n QuickDrop\u2122. Qu\u00edtese el respirador f\u00e1cilmente sin quitarse el sombrero ni la capucha. Mant\u00e9ngalo a mano en el pecho para un acceso r\u00e1pido.<\/span><\/p>\n<p><strong><span dir=\"auto\">Respirador Drop Down 9500.<\/span><\/strong><br \/>\n<span dir=\"auto\">Respirador profesional de caucho de silicona. Completamente ensamblado con cartuchos y filtros.<\/span><\/p>\n<p><strong><span dir=\"auto\">1 par de filtros P95<\/span><\/strong><br \/>\n<span dir=\"auto\">NIOSH Eficiencia de filtrado del 95 % con aerosoles s\u00f3lidos y de aceite.<\/span><\/p>\n<p><strong><span dir=\"auto\">1 par de cartuchos de vapor org\u00e1nico<\/span><\/strong><br \/>\n<span dir=\"auto\">Eficaz contra ciertos vapores org\u00e1nicos.<\/span><\/p>\n<p><strong><span dir=\"auto\">1 par de retenedores de cartucho.<\/span><\/strong><br \/>\n<span dir=\"auto\">Se utilizan para retener de forma segura las almohadillas del filtro<\/span><\/p>\n<h3><strong><span dir=\"auto\">Caracter\u00edsticas del producto<\/span><\/strong><\/h3>\n<ul>\n<li><span dir=\"auto\">Respirador P95 aprobado por NIOSH: TC-84A-9406.<\/span><\/li>\n<li><span dir=\"auto\">Caucho de silicona para m\u00e1xima comodidad y durabilidad.<\/span><\/li>\n<li><span dir=\"auto\">La funci\u00f3n QuickDrop\u2122 permite quitar la m\u00e1scara de la cara sin quitarse el arn\u00e9s.<\/span><\/li>\n<li><span dir=\"auto\">La tapa de la v\u00e1lvula protege la v\u00e1lvula contra el rociado excesivo y dirige el aliento hacia abajo para evitar el empa\u00f1amiento.<\/span><\/li>\n<li><span dir=\"auto\">Conexi\u00f3n de bayoneta de giro r\u00e1pido de 1\/4.<\/span><\/li>\n<li><span dir=\"auto\">El soporte para la cabeza de ajuste r\u00e1pido permite un soporte de cabeza de tres posiciones con hebilla y clip en la correa para la cabeza inferior.<\/span><\/li>\n<\/ul>\n","protected":false},"featured_media":17796,"template":"","meta":[],"product_brand":[2364],"product_cat":[1300,2064,1353],"product_tag":[2452,1456,2453],"class_list":{"0":"post-17795","1":"product","2":"type-product","3":"status-publish","4":"has-post-thumbnail","6":"product_brand-gerson","7":"product_cat-categorias-prodcutos","8":"product_cat-proteccion","9":"product_cat-proteccion-respiratoria","10":"product_tag-kit-para-proteccion-contra-pinturas","11":"product_tag-respirador","12":"product_tag-respirador-de-silicona","15":"instock","16":"taxable","17":"shipping-taxable","18":"product-type-simple"},"yoast_head":"<!-- This site is optimized with the Yoast SEO plugin v27.4 - https:\/\/yoast.com\/product\/yoast-seo-wordpress\/ -->\n<title>Kit completo contra pinturas en aerosol\/Pesticidas-9572-1 - Items Industriales<\/title>\n<meta name=\"robots\" content=\"index, follow, max-snippet:-1, max-image-preview:large, max-video-preview:-1\" \/>\n<link rel=\"canonical\" href=\"https:\/\/itemsind.com\/tienda\/producto\/kit-completo-contra-pinturas-en-aerosol-pesticidas-9572-1\/\" \/>\n<meta property=\"og:locale\" content=\"es_ES\" \/>\n<meta property=\"og:type\" content=\"article\" \/>\n<meta property=\"og:title\" content=\"Kit completo contra pinturas en aerosol\/Pesticidas-9572-1 - Items Industriales\" \/>\n<meta property=\"og:description\" content=\"El kit completo de pintura en aerosol est\u00e1 dise\u00f1ado para pintar carrocer\u00edas y otras aplicaciones. Incluye un respirador de silicona profesional de primera calidad, que garantiza una comodidad superior y un ajuste perfecto para un uso prolongado. Con un par de cartuchos para vapores org\u00e1nicos y filtros P95 incluidos, este kit ofrece protecci\u00f3n integral contra vapores org\u00e1nicos y part\u00edculas en suspensi\u00f3n, garantizando la seguridad sin comprometer la transpirabilidad. Ya sea que trabaje en la industria automotriz o en otras tareas exigentes, conf\u00ede en este kit para obtener protecci\u00f3n y comodidad inigualables, permiti\u00e9ndole trabajar con confianza y tranquilidad. Funci\u00f3n avanzada QuickDrop\u2122 Experimente una comodidad inigualable con nuestra funci\u00f3n QuickDrop\u2122. Qu\u00edtese el respirador f\u00e1cilmente sin quitarse el sombrero ni la capucha. Mant\u00e9ngalo a mano en el pecho para un acceso r\u00e1pido.  Respirador Drop Down 9500. Respirador profesional de caucho de silicona. Completamente ensamblado con cartuchos y filtros.  1 par de filtros P95 NIOSH Eficiencia de filtrado del 95 % con aerosoles s\u00f3lidos y de aceite.  1 par de cartuchos de vapor org\u00e1nico Eficaz contra ciertos vapores org\u00e1nicos.  1 par de retenedores de cartucho. Se utilizan para retener de forma segura las almohadillas del filtro Caracter\u00edsticas del producto   Respirador P95 aprobado por NIOSH: TC-84A-9406.  Caucho de silicona para m\u00e1xima comodidad y durabilidad.  La funci\u00f3n QuickDrop\u2122 permite quitar la m\u00e1scara de la cara sin quitarse el arn\u00e9s.  La tapa de la v\u00e1lvula protege la v\u00e1lvula contra el rociado excesivo y dirige el aliento hacia abajo para evitar el empa\u00f1amiento.  Conexi\u00f3n de bayoneta de giro r\u00e1pido de 1\/4.  El soporte para la cabeza de ajuste r\u00e1pido permite un soporte de cabeza de tres posiciones con hebilla y clip en la correa para la cabeza inferior.\" \/>\n<meta property=\"og:url\" content=\"https:\/\/itemsind.com\/tienda\/producto\/kit-completo-contra-pinturas-en-aerosol-pesticidas-9572-1\/\" \/>\n<meta property=\"og:site_name\" content=\"Items Industriales\" \/>\n<meta property=\"article:publisher\" content=\"https:\/\/www.facebook.com\/itemsind\" \/>\n<meta property=\"article:modified_time\" content=\"2026-03-09T15:48:16+00:00\" \/>\n<meta property=\"og:image\" content=\"https:\/\/itemsind.com\/tienda\/wp-content\/uploads\/2026\/03\/7ec22113-823a-4b62-b4cf-0361ac5a3c0b.jpg\" \/>\n\t<meta property=\"og:image:width\" content=\"800\" \/>\n\t<meta property=\"og:image:height\" content=\"800\" \/>\n\t<meta property=\"og:image:type\" content=\"image\/jpeg\" \/>\n<meta name=\"twitter:card\" content=\"summary_large_image\" \/>\n<meta name=\"twitter:label1\" content=\"Tiempo de lectura\" \/>\n\t<meta name=\"twitter:data1\" content=\"1 minuto\" \/>\n<script type=\"application\/ld+json\" class=\"yoast-schema-graph\">{\"@context\":\"https:\\\/\\\/schema.org\",\"@graph\":[{\"@type\":\"WebPage\",\"@id\":\"https:\\\/\\\/itemsind.com\\\/tienda\\\/producto\\\/kit-completo-contra-pinturas-en-aerosol-pesticidas-9572-1\\\/\",\"url\":\"https:\\\/\\\/itemsind.com\\\/tienda\\\/producto\\\/kit-completo-contra-pinturas-en-aerosol-pesticidas-9572-1\\\/\",\"name\":\"Kit completo contra pinturas en aerosol\\\/Pesticidas-9572-1 - Items Industriales\",\"isPartOf\":{\"@id\":\"https:\\\/\\\/itemsind.com\\\/tienda\\\/#website\"},\"primaryImageOfPage\":{\"@id\":\"https:\\\/\\\/itemsind.com\\\/tienda\\\/producto\\\/kit-completo-contra-pinturas-en-aerosol-pesticidas-9572-1\\\/#primaryimage\"},\"image\":{\"@id\":\"https:\\\/\\\/itemsind.com\\\/tienda\\\/producto\\\/kit-completo-contra-pinturas-en-aerosol-pesticidas-9572-1\\\/#primaryimage\"},\"thumbnailUrl\":\"https:\\\/\\\/itemsind.com\\\/tienda\\\/wp-content\\\/uploads\\\/2026\\\/03\\\/7ec22113-823a-4b62-b4cf-0361ac5a3c0b.jpg\",\"datePublished\":\"2026-03-09T15:47:22+00:00\",\"dateModified\":\"2026-03-09T15:48:16+00:00\",\"breadcrumb\":{\"@id\":\"https:\\\/\\\/itemsind.com\\\/tienda\\\/producto\\\/kit-completo-contra-pinturas-en-aerosol-pesticidas-9572-1\\\/#breadcrumb\"},\"inLanguage\":\"es\",\"potentialAction\":[{\"@type\":\"ReadAction\",\"target\":[\"https:\\\/\\\/itemsind.com\\\/tienda\\\/producto\\\/kit-completo-contra-pinturas-en-aerosol-pesticidas-9572-1\\\/\"]}]},{\"@type\":\"ImageObject\",\"inLanguage\":\"es\",\"@id\":\"https:\\\/\\\/itemsind.com\\\/tienda\\\/producto\\\/kit-completo-contra-pinturas-en-aerosol-pesticidas-9572-1\\\/#primaryimage\",\"url\":\"https:\\\/\\\/itemsind.com\\\/tienda\\\/wp-content\\\/uploads\\\/2026\\\/03\\\/7ec22113-823a-4b62-b4cf-0361ac5a3c0b.jpg\",\"contentUrl\":\"https:\\\/\\\/itemsind.com\\\/tienda\\\/wp-content\\\/uploads\\\/2026\\\/03\\\/7ec22113-823a-4b62-b4cf-0361ac5a3c0b.jpg\",\"width\":800,\"height\":800},{\"@type\":\"BreadcrumbList\",\"@id\":\"https:\\\/\\\/itemsind.com\\\/tienda\\\/producto\\\/kit-completo-contra-pinturas-en-aerosol-pesticidas-9572-1\\\/#breadcrumb\",\"itemListElement\":[{\"@type\":\"ListItem\",\"position\":1,\"name\":\"Portada\",\"item\":\"https:\\\/\\\/itemsind.com\\\/tienda\\\/\"},{\"@type\":\"ListItem\",\"position\":2,\"name\":\"Tienda\",\"item\":\"https:\\\/\\\/itemsind.com\\\/tienda\\\/tienda\\\/\"},{\"@type\":\"ListItem\",\"position\":3,\"name\":\"Kit completo contra pinturas en aerosol\\\/Pesticidas-9572-1\"}]},{\"@type\":\"WebSite\",\"@id\":\"https:\\\/\\\/itemsind.com\\\/tienda\\\/#website\",\"url\":\"https:\\\/\\\/itemsind.com\\\/tienda\\\/\",\"name\":\"Items Industriales\",\"description\":\"Productos y Servicios para Seguridad Industrial\",\"publisher\":{\"@id\":\"https:\\\/\\\/itemsind.com\\\/tienda\\\/#organization\"},\"potentialAction\":[{\"@type\":\"SearchAction\",\"target\":{\"@type\":\"EntryPoint\",\"urlTemplate\":\"https:\\\/\\\/itemsind.com\\\/tienda\\\/?s={search_term_string}\"},\"query-input\":{\"@type\":\"PropertyValueSpecification\",\"valueRequired\":true,\"valueName\":\"search_term_string\"}}],\"inLanguage\":\"es\"},{\"@type\":\"Organization\",\"@id\":\"https:\\\/\\\/itemsind.com\\\/tienda\\\/#organization\",\"name\":\"Items Industriales\",\"url\":\"https:\\\/\\\/itemsind.com\\\/tienda\\\/\",\"logo\":{\"@type\":\"ImageObject\",\"inLanguage\":\"es\",\"@id\":\"https:\\\/\\\/itemsind.com\\\/tienda\\\/#\\\/schema\\\/logo\\\/image\\\/\",\"url\":\"https:\\\/\\\/itemsind.com\\\/tienda\\\/wp-content\\\/uploads\\\/2023\\\/11\\\/items-logo-principal.jpg\",\"contentUrl\":\"https:\\\/\\\/itemsind.com\\\/tienda\\\/wp-content\\\/uploads\\\/2023\\\/11\\\/items-logo-principal.jpg\",\"width\":2120,\"height\":793,\"caption\":\"Items Industriales\"},\"image\":{\"@id\":\"https:\\\/\\\/itemsind.com\\\/tienda\\\/#\\\/schema\\\/logo\\\/image\\\/\"},\"sameAs\":[\"https:\\\/\\\/www.facebook.com\\\/itemsind\",\"https:\\\/\\\/www.instagram.com\\\/itemsind\\\/\"]}]}<\/script>\n<!-- \/ Yoast SEO plugin. -->","yoast_head_json":{"title":"Kit completo contra pinturas en aerosol\/Pesticidas-9572-1 - Items Industriales","robots":{"index":"index","follow":"follow","max-snippet":"max-snippet:-1","max-image-preview":"max-image-preview:large","max-video-preview":"max-video-preview:-1"},"canonical":"https:\/\/itemsind.com\/tienda\/producto\/kit-completo-contra-pinturas-en-aerosol-pesticidas-9572-1\/","og_locale":"es_ES","og_type":"article","og_title":"Kit completo contra pinturas en aerosol\/Pesticidas-9572-1 - Items Industriales","og_description":"El kit completo de pintura en aerosol est\u00e1 dise\u00f1ado para pintar carrocer\u00edas y otras aplicaciones. Incluye un respirador de silicona profesional de primera calidad, que garantiza una comodidad superior y un ajuste perfecto para un uso prolongado. Con un par de cartuchos para vapores org\u00e1nicos y filtros P95 incluidos, este kit ofrece protecci\u00f3n integral contra vapores org\u00e1nicos y part\u00edculas en suspensi\u00f3n, garantizando la seguridad sin comprometer la transpirabilidad. Ya sea que trabaje en la industria automotriz o en otras tareas exigentes, conf\u00ede en este kit para obtener protecci\u00f3n y comodidad inigualables, permiti\u00e9ndole trabajar con confianza y tranquilidad. Funci\u00f3n avanzada QuickDrop\u2122 Experimente una comodidad inigualable con nuestra funci\u00f3n QuickDrop\u2122. Qu\u00edtese el respirador f\u00e1cilmente sin quitarse el sombrero ni la capucha. Mant\u00e9ngalo a mano en el pecho para un acceso r\u00e1pido.  Respirador Drop Down 9500. Respirador profesional de caucho de silicona. Completamente ensamblado con cartuchos y filtros.  1 par de filtros P95 NIOSH Eficiencia de filtrado del 95 % con aerosoles s\u00f3lidos y de aceite.  1 par de cartuchos de vapor org\u00e1nico Eficaz contra ciertos vapores org\u00e1nicos.  1 par de retenedores de cartucho. Se utilizan para retener de forma segura las almohadillas del filtro Caracter\u00edsticas del producto   Respirador P95 aprobado por NIOSH: TC-84A-9406.  Caucho de silicona para m\u00e1xima comodidad y durabilidad.  La funci\u00f3n QuickDrop\u2122 permite quitar la m\u00e1scara de la cara sin quitarse el arn\u00e9s.  La tapa de la v\u00e1lvula protege la v\u00e1lvula contra el rociado excesivo y dirige el aliento hacia abajo para evitar el empa\u00f1amiento.  Conexi\u00f3n de bayoneta de giro r\u00e1pido de 1\/4.  El soporte para la cabeza de ajuste r\u00e1pido permite un soporte de cabeza de tres posiciones con hebilla y clip en la correa para la cabeza inferior.","og_url":"https:\/\/itemsind.com\/tienda\/producto\/kit-completo-contra-pinturas-en-aerosol-pesticidas-9572-1\/","og_site_name":"Items Industriales","article_publisher":"https:\/\/www.facebook.com\/itemsind","article_modified_time":"2026-03-09T15:48:16+00:00","og_image":[{"width":800,"height":800,"url":"https:\/\/itemsind.com\/tienda\/wp-content\/uploads\/2026\/03\/7ec22113-823a-4b62-b4cf-0361ac5a3c0b.jpg","type":"image\/jpeg"}],"twitter_card":"summary_large_image","twitter_misc":{"Tiempo de lectura":"1 minuto"},"schema":{"@context":"https:\/\/schema.org","@graph":[{"@type":"WebPage","@id":"https:\/\/itemsind.com\/tienda\/producto\/kit-completo-contra-pinturas-en-aerosol-pesticidas-9572-1\/","url":"https:\/\/itemsind.com\/tienda\/producto\/kit-completo-contra-pinturas-en-aerosol-pesticidas-9572-1\/","name":"Kit completo contra pinturas en aerosol\/Pesticidas-9572-1 - Items Industriales","isPartOf":{"@id":"https:\/\/itemsind.com\/tienda\/#website"},"primaryImageOfPage":{"@id":"https:\/\/itemsind.com\/tienda\/producto\/kit-completo-contra-pinturas-en-aerosol-pesticidas-9572-1\/#primaryimage"},"image":{"@id":"https:\/\/itemsind.com\/tienda\/producto\/kit-completo-contra-pinturas-en-aerosol-pesticidas-9572-1\/#primaryimage"},"thumbnailUrl":"https:\/\/itemsind.com\/tienda\/wp-content\/uploads\/2026\/03\/7ec22113-823a-4b62-b4cf-0361ac5a3c0b.jpg","datePublished":"2026-03-09T15:47:22+00:00","dateModified":"2026-03-09T15:48:16+00:00","breadcrumb":{"@id":"https:\/\/itemsind.com\/tienda\/producto\/kit-completo-contra-pinturas-en-aerosol-pesticidas-9572-1\/#breadcrumb"},"inLanguage":"es","potentialAction":[{"@type":"ReadAction","target":["https:\/\/itemsind.com\/tienda\/producto\/kit-completo-contra-pinturas-en-aerosol-pesticidas-9572-1\/"]}]},{"@type":"ImageObject","inLanguage":"es","@id":"https:\/\/itemsind.com\/tienda\/producto\/kit-completo-contra-pinturas-en-aerosol-pesticidas-9572-1\/#primaryimage","url":"https:\/\/itemsind.com\/tienda\/wp-content\/uploads\/2026\/03\/7ec22113-823a-4b62-b4cf-0361ac5a3c0b.jpg","contentUrl":"https:\/\/itemsind.com\/tienda\/wp-content\/uploads\/2026\/03\/7ec22113-823a-4b62-b4cf-0361ac5a3c0b.jpg","width":800,"height":800},{"@type":"BreadcrumbList","@id":"https:\/\/itemsind.com\/tienda\/producto\/kit-completo-contra-pinturas-en-aerosol-pesticidas-9572-1\/#breadcrumb","itemListElement":[{"@type":"ListItem","position":1,"name":"Portada","item":"https:\/\/itemsind.com\/tienda\/"},{"@type":"ListItem","position":2,"name":"Tienda","item":"https:\/\/itemsind.com\/tienda\/tienda\/"},{"@type":"ListItem","position":3,"name":"Kit completo contra pinturas en aerosol\/Pesticidas-9572-1"}]},{"@type":"WebSite","@id":"https:\/\/itemsind.com\/tienda\/#website","url":"https:\/\/itemsind.com\/tienda\/","name":"Items Industriales","description":"Productos y Servicios para Seguridad Industrial","publisher":{"@id":"https:\/\/itemsind.com\/tienda\/#organization"},"potentialAction":[{"@type":"SearchAction","target":{"@type":"EntryPoint","urlTemplate":"https:\/\/itemsind.com\/tienda\/?s={search_term_string}"},"query-input":{"@type":"PropertyValueSpecification","valueRequired":true,"valueName":"search_term_string"}}],"inLanguage":"es"},{"@type":"Organization","@id":"https:\/\/itemsind.com\/tienda\/#organization","name":"Items Industriales","url":"https:\/\/itemsind.com\/tienda\/","logo":{"@type":"ImageObject","inLanguage":"es","@id":"https:\/\/itemsind.com\/tienda\/#\/schema\/logo\/image\/","url":"https:\/\/itemsind.com\/tienda\/wp-content\/uploads\/2023\/11\/items-logo-principal.jpg","contentUrl":"https:\/\/itemsind.com\/tienda\/wp-content\/uploads\/2023\/11\/items-logo-principal.jpg","width":2120,"height":793,"caption":"Items Industriales"},"image":{"@id":"https:\/\/itemsind.com\/tienda\/#\/schema\/logo\/image\/"},"sameAs":["https:\/\/www.facebook.com\/itemsind","https:\/\/www.instagram.com\/itemsind\/"]}]}},"_links":{"self":[{"href":"https:\/\/itemsind.com\/tienda\/wp-json\/wp\/v2\/product\/17795","targetHints":{"allow":["GET"]}}],"collection":[{"href":"https:\/\/itemsind.com\/tienda\/wp-json\/wp\/v2\/product"}],"about":[{"href":"https:\/\/itemsind.com\/tienda\/wp-json\/wp\/v2\/types\/product"}],"wp:featuredmedia":[{"embeddable":true,"href":"https:\/\/itemsind.com\/tienda\/wp-json\/wp\/v2\/media\/17796"}],"wp:attachment":[{"href":"https:\/\/itemsind.com\/tienda\/wp-json\/wp\/v2\/media?parent=17795"}],"wp:term":[{"taxonomy":"product_brand","embeddable":true,"href":"https:\/\/itemsind.com\/tienda\/wp-json\/wp\/v2\/product_brand?post=17795"},{"taxonomy":"product_cat","embeddable":true,"href":"https:\/\/itemsind.com\/tienda\/wp-json\/wp\/v2\/product_cat?post=17795"},{"taxonomy":"product_tag","embeddable":true,"href":"https:\/\/itemsind.com\/tienda\/wp-json\/wp\/v2\/product_tag?post=17795"}],"curies":[{"name":"wp","href":"https:\/\/api.w.org\/{rel}","templated":true}]}}