{"id":17799,"date":"2026-03-09T10:03:57","date_gmt":"2026-03-09T16:03:57","guid":{"rendered":"https:\/\/itemsind.com\/tienda\/?post_type=product&#038;p=17799"},"modified":"2026-03-09T10:05:08","modified_gmt":"2026-03-09T16:05:08","slug":"respirador-desechable-n95-1745-con-alivio-de-molestias-ov-ag","status":"publish","type":"product","link":"https:\/\/itemsind.com\/tienda\/producto\/respirador-desechable-n95-1745-con-alivio-de-molestias-ov-ag\/","title":{"rendered":"Respirador desechable N95-1745 con alivio de molestias OV-AG"},"content":{"rendered":"","protected":false},"excerpt":{"rendered":"<p><span dir=\"auto\">\u2022 Una capa de carb\u00f3n activado proporciona un alivio c\u00f3modo contra los niveles molestos de vapores org\u00e1nicos y gases \u00e1cidos.<\/span><br \/>\n<span dir=\"auto\">\u2022 La v\u00e1lvula premium de gran tama\u00f1o se abre con mayor facilidad para expulsar el aire caliente y ofrecer una comodidad fresca.<\/span><br \/>\n<span dir=\"auto\">\u2022 El clip nasal contorneado proporciona mayor comodidad y ayuda a reducir el posible empa\u00f1amiento.<\/span><br \/>\n<span dir=\"auto\">\u2022 Las correas para la cabeza, hechas de pol\u00edmero suave sin l\u00e1tex, no se enganchan en el cabello. No requiere preestiramiento.<\/span><br \/>\n<span dir=\"auto\">\u2022 Correas para la cabeza sin l\u00e1tex ni grapas para mayor comodidad y seguridad. Almohadilla nasal de espuma suave.<\/span><br \/>\n<span dir=\"auto\">\u2022 Construcci\u00f3n de doble capa resistente al colapso<\/span><\/p>\n","protected":false},"featured_media":17800,"template":"","meta":[],"product_brand":[2364],"product_cat":[1300,2064,1353],"product_tag":[2450,1456],"class_list":{"0":"post-17799","1":"product","2":"type-product","3":"status-publish","4":"has-post-thumbnail","6":"product_brand-gerson","7":"product_cat-categorias-prodcutos","8":"product_cat-proteccion","9":"product_cat-proteccion-respiratoria","10":"product_tag-mascarilla-n95","11":"product_tag-respirador","14":"instock","15":"taxable","16":"shipping-taxable","17":"product-type-simple"},"yoast_head":"<!-- This site is optimized with the Yoast SEO plugin v27.4 - https:\/\/yoast.com\/product\/yoast-seo-wordpress\/ -->\n<title>Respirador desechable N95-1745 con alivio de molestias OV-AG - Items Industriales<\/title>\n<meta name=\"robots\" content=\"index, follow, max-snippet:-1, max-image-preview:large, max-video-preview:-1\" \/>\n<link rel=\"canonical\" href=\"https:\/\/itemsind.com\/tienda\/producto\/respirador-desechable-n95-1745-con-alivio-de-molestias-ov-ag\/\" \/>\n<meta property=\"og:locale\" content=\"es_ES\" \/>\n<meta property=\"og:type\" content=\"article\" \/>\n<meta property=\"og:title\" content=\"Respirador desechable N95-1745 con alivio de molestias OV-AG - Items Industriales\" \/>\n<meta property=\"og:description\" content=\"\u2022 Una capa de carb\u00f3n activado proporciona un alivio c\u00f3modo contra los niveles molestos de vapores org\u00e1nicos y gases \u00e1cidos. \u2022 La v\u00e1lvula premium de gran tama\u00f1o se abre con mayor facilidad para expulsar el aire caliente y ofrecer una comodidad fresca. \u2022 El clip nasal contorneado proporciona mayor comodidad y ayuda a reducir el posible empa\u00f1amiento. \u2022 Las correas para la cabeza, hechas de pol\u00edmero suave sin l\u00e1tex, no se enganchan en el cabello. No requiere preestiramiento. \u2022 Correas para la cabeza sin l\u00e1tex ni grapas para mayor comodidad y seguridad. Almohadilla nasal de espuma suave. \u2022 Construcci\u00f3n de doble capa resistente al colapso\" \/>\n<meta property=\"og:url\" content=\"https:\/\/itemsind.com\/tienda\/producto\/respirador-desechable-n95-1745-con-alivio-de-molestias-ov-ag\/\" \/>\n<meta property=\"og:site_name\" content=\"Items Industriales\" \/>\n<meta property=\"article:publisher\" content=\"https:\/\/www.facebook.com\/itemsind\" \/>\n<meta property=\"article:modified_time\" content=\"2026-03-09T16:05:08+00:00\" \/>\n<meta property=\"og:image\" content=\"https:\/\/itemsind.com\/tienda\/wp-content\/uploads\/2026\/03\/plantilla-productos-WEBSITE-57.png\" \/>\n\t<meta property=\"og:image:width\" content=\"1080\" \/>\n\t<meta property=\"og:image:height\" content=\"1080\" \/>\n\t<meta property=\"og:image:type\" content=\"image\/png\" \/>\n<meta name=\"twitter:card\" content=\"summary_large_image\" \/>\n<meta name=\"twitter:label1\" content=\"Tiempo de lectura\" \/>\n\t<meta name=\"twitter:data1\" content=\"1 minuto\" \/>\n<script type=\"application\/ld+json\" class=\"yoast-schema-graph\">{\"@context\":\"https:\\\/\\\/schema.org\",\"@graph\":[{\"@type\":\"WebPage\",\"@id\":\"https:\\\/\\\/itemsind.com\\\/tienda\\\/producto\\\/respirador-desechable-n95-1745-con-alivio-de-molestias-ov-ag\\\/\",\"url\":\"https:\\\/\\\/itemsind.com\\\/tienda\\\/producto\\\/respirador-desechable-n95-1745-con-alivio-de-molestias-ov-ag\\\/\",\"name\":\"Respirador desechable N95-1745 con alivio de molestias OV-AG - Items Industriales\",\"isPartOf\":{\"@id\":\"https:\\\/\\\/itemsind.com\\\/tienda\\\/#website\"},\"primaryImageOfPage\":{\"@id\":\"https:\\\/\\\/itemsind.com\\\/tienda\\\/producto\\\/respirador-desechable-n95-1745-con-alivio-de-molestias-ov-ag\\\/#primaryimage\"},\"image\":{\"@id\":\"https:\\\/\\\/itemsind.com\\\/tienda\\\/producto\\\/respirador-desechable-n95-1745-con-alivio-de-molestias-ov-ag\\\/#primaryimage\"},\"thumbnailUrl\":\"https:\\\/\\\/itemsind.com\\\/tienda\\\/wp-content\\\/uploads\\\/2026\\\/03\\\/plantilla-productos-WEBSITE-57.png\",\"datePublished\":\"2026-03-09T16:03:57+00:00\",\"dateModified\":\"2026-03-09T16:05:08+00:00\",\"breadcrumb\":{\"@id\":\"https:\\\/\\\/itemsind.com\\\/tienda\\\/producto\\\/respirador-desechable-n95-1745-con-alivio-de-molestias-ov-ag\\\/#breadcrumb\"},\"inLanguage\":\"es\",\"potentialAction\":[{\"@type\":\"ReadAction\",\"target\":[\"https:\\\/\\\/itemsind.com\\\/tienda\\\/producto\\\/respirador-desechable-n95-1745-con-alivio-de-molestias-ov-ag\\\/\"]}]},{\"@type\":\"ImageObject\",\"inLanguage\":\"es\",\"@id\":\"https:\\\/\\\/itemsind.com\\\/tienda\\\/producto\\\/respirador-desechable-n95-1745-con-alivio-de-molestias-ov-ag\\\/#primaryimage\",\"url\":\"https:\\\/\\\/itemsind.com\\\/tienda\\\/wp-content\\\/uploads\\\/2026\\\/03\\\/plantilla-productos-WEBSITE-57.png\",\"contentUrl\":\"https:\\\/\\\/itemsind.com\\\/tienda\\\/wp-content\\\/uploads\\\/2026\\\/03\\\/plantilla-productos-WEBSITE-57.png\",\"width\":1080,\"height\":1080},{\"@type\":\"BreadcrumbList\",\"@id\":\"https:\\\/\\\/itemsind.com\\\/tienda\\\/producto\\\/respirador-desechable-n95-1745-con-alivio-de-molestias-ov-ag\\\/#breadcrumb\",\"itemListElement\":[{\"@type\":\"ListItem\",\"position\":1,\"name\":\"Portada\",\"item\":\"https:\\\/\\\/itemsind.com\\\/tienda\\\/\"},{\"@type\":\"ListItem\",\"position\":2,\"name\":\"Tienda\",\"item\":\"https:\\\/\\\/itemsind.com\\\/tienda\\\/tienda\\\/\"},{\"@type\":\"ListItem\",\"position\":3,\"name\":\"Respirador desechable N95-1745 con alivio de molestias OV-AG\"}]},{\"@type\":\"WebSite\",\"@id\":\"https:\\\/\\\/itemsind.com\\\/tienda\\\/#website\",\"url\":\"https:\\\/\\\/itemsind.com\\\/tienda\\\/\",\"name\":\"Items Industriales\",\"description\":\"Productos y Servicios para Seguridad Industrial\",\"publisher\":{\"@id\":\"https:\\\/\\\/itemsind.com\\\/tienda\\\/#organization\"},\"potentialAction\":[{\"@type\":\"SearchAction\",\"target\":{\"@type\":\"EntryPoint\",\"urlTemplate\":\"https:\\\/\\\/itemsind.com\\\/tienda\\\/?s={search_term_string}\"},\"query-input\":{\"@type\":\"PropertyValueSpecification\",\"valueRequired\":true,\"valueName\":\"search_term_string\"}}],\"inLanguage\":\"es\"},{\"@type\":\"Organization\",\"@id\":\"https:\\\/\\\/itemsind.com\\\/tienda\\\/#organization\",\"name\":\"Items Industriales\",\"url\":\"https:\\\/\\\/itemsind.com\\\/tienda\\\/\",\"logo\":{\"@type\":\"ImageObject\",\"inLanguage\":\"es\",\"@id\":\"https:\\\/\\\/itemsind.com\\\/tienda\\\/#\\\/schema\\\/logo\\\/image\\\/\",\"url\":\"https:\\\/\\\/itemsind.com\\\/tienda\\\/wp-content\\\/uploads\\\/2023\\\/11\\\/items-logo-principal.jpg\",\"contentUrl\":\"https:\\\/\\\/itemsind.com\\\/tienda\\\/wp-content\\\/uploads\\\/2023\\\/11\\\/items-logo-principal.jpg\",\"width\":2120,\"height\":793,\"caption\":\"Items Industriales\"},\"image\":{\"@id\":\"https:\\\/\\\/itemsind.com\\\/tienda\\\/#\\\/schema\\\/logo\\\/image\\\/\"},\"sameAs\":[\"https:\\\/\\\/www.facebook.com\\\/itemsind\",\"https:\\\/\\\/www.instagram.com\\\/itemsind\\\/\"]}]}<\/script>\n<!-- \/ Yoast SEO plugin. -->","yoast_head_json":{"title":"Respirador desechable N95-1745 con alivio de molestias OV-AG - Items Industriales","robots":{"index":"index","follow":"follow","max-snippet":"max-snippet:-1","max-image-preview":"max-image-preview:large","max-video-preview":"max-video-preview:-1"},"canonical":"https:\/\/itemsind.com\/tienda\/producto\/respirador-desechable-n95-1745-con-alivio-de-molestias-ov-ag\/","og_locale":"es_ES","og_type":"article","og_title":"Respirador desechable N95-1745 con alivio de molestias OV-AG - Items Industriales","og_description":"\u2022 Una capa de carb\u00f3n activado proporciona un alivio c\u00f3modo contra los niveles molestos de vapores org\u00e1nicos y gases \u00e1cidos. \u2022 La v\u00e1lvula premium de gran tama\u00f1o se abre con mayor facilidad para expulsar el aire caliente y ofrecer una comodidad fresca. \u2022 El clip nasal contorneado proporciona mayor comodidad y ayuda a reducir el posible empa\u00f1amiento. \u2022 Las correas para la cabeza, hechas de pol\u00edmero suave sin l\u00e1tex, no se enganchan en el cabello. No requiere preestiramiento. \u2022 Correas para la cabeza sin l\u00e1tex ni grapas para mayor comodidad y seguridad. Almohadilla nasal de espuma suave. \u2022 Construcci\u00f3n de doble capa resistente al colapso","og_url":"https:\/\/itemsind.com\/tienda\/producto\/respirador-desechable-n95-1745-con-alivio-de-molestias-ov-ag\/","og_site_name":"Items Industriales","article_publisher":"https:\/\/www.facebook.com\/itemsind","article_modified_time":"2026-03-09T16:05:08+00:00","og_image":[{"width":1080,"height":1080,"url":"https:\/\/itemsind.com\/tienda\/wp-content\/uploads\/2026\/03\/plantilla-productos-WEBSITE-57.png","type":"image\/png"}],"twitter_card":"summary_large_image","twitter_misc":{"Tiempo de lectura":"1 minuto"},"schema":{"@context":"https:\/\/schema.org","@graph":[{"@type":"WebPage","@id":"https:\/\/itemsind.com\/tienda\/producto\/respirador-desechable-n95-1745-con-alivio-de-molestias-ov-ag\/","url":"https:\/\/itemsind.com\/tienda\/producto\/respirador-desechable-n95-1745-con-alivio-de-molestias-ov-ag\/","name":"Respirador desechable N95-1745 con alivio de molestias OV-AG - Items Industriales","isPartOf":{"@id":"https:\/\/itemsind.com\/tienda\/#website"},"primaryImageOfPage":{"@id":"https:\/\/itemsind.com\/tienda\/producto\/respirador-desechable-n95-1745-con-alivio-de-molestias-ov-ag\/#primaryimage"},"image":{"@id":"https:\/\/itemsind.com\/tienda\/producto\/respirador-desechable-n95-1745-con-alivio-de-molestias-ov-ag\/#primaryimage"},"thumbnailUrl":"https:\/\/itemsind.com\/tienda\/wp-content\/uploads\/2026\/03\/plantilla-productos-WEBSITE-57.png","datePublished":"2026-03-09T16:03:57+00:00","dateModified":"2026-03-09T16:05:08+00:00","breadcrumb":{"@id":"https:\/\/itemsind.com\/tienda\/producto\/respirador-desechable-n95-1745-con-alivio-de-molestias-ov-ag\/#breadcrumb"},"inLanguage":"es","potentialAction":[{"@type":"ReadAction","target":["https:\/\/itemsind.com\/tienda\/producto\/respirador-desechable-n95-1745-con-alivio-de-molestias-ov-ag\/"]}]},{"@type":"ImageObject","inLanguage":"es","@id":"https:\/\/itemsind.com\/tienda\/producto\/respirador-desechable-n95-1745-con-alivio-de-molestias-ov-ag\/#primaryimage","url":"https:\/\/itemsind.com\/tienda\/wp-content\/uploads\/2026\/03\/plantilla-productos-WEBSITE-57.png","contentUrl":"https:\/\/itemsind.com\/tienda\/wp-content\/uploads\/2026\/03\/plantilla-productos-WEBSITE-57.png","width":1080,"height":1080},{"@type":"BreadcrumbList","@id":"https:\/\/itemsind.com\/tienda\/producto\/respirador-desechable-n95-1745-con-alivio-de-molestias-ov-ag\/#breadcrumb","itemListElement":[{"@type":"ListItem","position":1,"name":"Portada","item":"https:\/\/itemsind.com\/tienda\/"},{"@type":"ListItem","position":2,"name":"Tienda","item":"https:\/\/itemsind.com\/tienda\/tienda\/"},{"@type":"ListItem","position":3,"name":"Respirador desechable N95-1745 con alivio de molestias OV-AG"}]},{"@type":"WebSite","@id":"https:\/\/itemsind.com\/tienda\/#website","url":"https:\/\/itemsind.com\/tienda\/","name":"Items Industriales","description":"Productos y Servicios para Seguridad Industrial","publisher":{"@id":"https:\/\/itemsind.com\/tienda\/#organization"},"potentialAction":[{"@type":"SearchAction","target":{"@type":"EntryPoint","urlTemplate":"https:\/\/itemsind.com\/tienda\/?s={search_term_string}"},"query-input":{"@type":"PropertyValueSpecification","valueRequired":true,"valueName":"search_term_string"}}],"inLanguage":"es"},{"@type":"Organization","@id":"https:\/\/itemsind.com\/tienda\/#organization","name":"Items Industriales","url":"https:\/\/itemsind.com\/tienda\/","logo":{"@type":"ImageObject","inLanguage":"es","@id":"https:\/\/itemsind.com\/tienda\/#\/schema\/logo\/image\/","url":"https:\/\/itemsind.com\/tienda\/wp-content\/uploads\/2023\/11\/items-logo-principal.jpg","contentUrl":"https:\/\/itemsind.com\/tienda\/wp-content\/uploads\/2023\/11\/items-logo-principal.jpg","width":2120,"height":793,"caption":"Items Industriales"},"image":{"@id":"https:\/\/itemsind.com\/tienda\/#\/schema\/logo\/image\/"},"sameAs":["https:\/\/www.facebook.com\/itemsind","https:\/\/www.instagram.com\/itemsind\/"]}]}},"_links":{"self":[{"href":"https:\/\/itemsind.com\/tienda\/wp-json\/wp\/v2\/product\/17799","targetHints":{"allow":["GET"]}}],"collection":[{"href":"https:\/\/itemsind.com\/tienda\/wp-json\/wp\/v2\/product"}],"about":[{"href":"https:\/\/itemsind.com\/tienda\/wp-json\/wp\/v2\/types\/product"}],"wp:featuredmedia":[{"embeddable":true,"href":"https:\/\/itemsind.com\/tienda\/wp-json\/wp\/v2\/media\/17800"}],"wp:attachment":[{"href":"https:\/\/itemsind.com\/tienda\/wp-json\/wp\/v2\/media?parent=17799"}],"wp:term":[{"taxonomy":"product_brand","embeddable":true,"href":"https:\/\/itemsind.com\/tienda\/wp-json\/wp\/v2\/product_brand?post=17799"},{"taxonomy":"product_cat","embeddable":true,"href":"https:\/\/itemsind.com\/tienda\/wp-json\/wp\/v2\/product_cat?post=17799"},{"taxonomy":"product_tag","embeddable":true,"href":"https:\/\/itemsind.com\/tienda\/wp-json\/wp\/v2\/product_tag?post=17799"}],"curies":[{"name":"wp","href":"https:\/\/api.w.org\/{rel}","templated":true}]}}