{"id":17807,"date":"2026-03-09T10:26:08","date_gmt":"2026-03-09T16:26:08","guid":{"rendered":"https:\/\/itemsind.com\/tienda\/?post_type=product&#038;p=17807"},"modified":"2026-03-09T10:29:53","modified_gmt":"2026-03-09T16:29:53","slug":"cartucho-contra-vapores-organicos-gas-acido-p100-xp100-ov-ag","status":"publish","type":"product","link":"https:\/\/itemsind.com\/tienda\/producto\/cartucho-contra-vapores-organicos-gas-acido-p100-xp100-ov-ag\/","title":{"rendered":"Cartucho contra Vapores Org\u00e1nicos\/Gas \u00e1cido\/P100\/XP100-OV\/AG"},"content":{"rendered":"","protected":false},"excerpt":{"rendered":"<p><span dir=\"auto\">\u2022 Se adapta a los respiradores de cartucho de cara completa y media m\u00e1scara Gerson.<\/span><br \/>\n<span dir=\"auto\">\u2022 Filtros de perfil bajo y con dise\u00f1o inclinado para un mayor campo de visi\u00f3n y uso con gafas\/antiparras.<\/span><\/p>\n<p><span dir=\"auto\">Nivel de molestia \u00fanicamente: vapor org\u00e1nico y gas \u00e1cido, todas las part\u00edculas.<\/span><\/p>\n","protected":false},"featured_media":17808,"template":"","meta":[],"product_brand":[2364],"product_cat":[1300,2064,1353],"product_tag":[1485,2447],"class_list":{"0":"post-17807","1":"product","2":"type-product","3":"status-publish","4":"has-post-thumbnail","6":"product_brand-gerson","7":"product_cat-categorias-prodcutos","8":"product_cat-proteccion","9":"product_cat-proteccion-respiratoria","10":"product_tag-cartucho","11":"product_tag-cartucho-contra-vapores","14":"instock","15":"taxable","16":"shipping-taxable","17":"product-type-simple"},"yoast_head":"<!-- This site is optimized with the Yoast SEO plugin v27.4 - https:\/\/yoast.com\/product\/yoast-seo-wordpress\/ -->\n<title>Cartucho contra Vapores Org\u00e1nicos\/Gas \u00e1cido\/P100\/XP100-OV\/AG - Items Industriales<\/title>\n<meta name=\"robots\" content=\"index, follow, max-snippet:-1, max-image-preview:large, max-video-preview:-1\" \/>\n<link rel=\"canonical\" href=\"https:\/\/itemsind.com\/tienda\/producto\/cartucho-contra-vapores-organicos-gas-acido-p100-xp100-ov-ag\/\" \/>\n<meta property=\"og:locale\" content=\"es_ES\" \/>\n<meta property=\"og:type\" content=\"article\" \/>\n<meta property=\"og:title\" content=\"Cartucho contra Vapores Org\u00e1nicos\/Gas \u00e1cido\/P100\/XP100-OV\/AG - Items Industriales\" \/>\n<meta property=\"og:description\" content=\"\u2022 Se adapta a los respiradores de cartucho de cara completa y media m\u00e1scara Gerson. \u2022 Filtros de perfil bajo y con dise\u00f1o inclinado para un mayor campo de visi\u00f3n y uso con gafas\/antiparras.  Nivel de molestia \u00fanicamente: vapor org\u00e1nico y gas \u00e1cido, todas las part\u00edculas.\" \/>\n<meta property=\"og:url\" content=\"https:\/\/itemsind.com\/tienda\/producto\/cartucho-contra-vapores-organicos-gas-acido-p100-xp100-ov-ag\/\" \/>\n<meta property=\"og:site_name\" content=\"Items Industriales\" \/>\n<meta property=\"article:publisher\" content=\"https:\/\/www.facebook.com\/itemsind\" \/>\n<meta property=\"article:modified_time\" content=\"2026-03-09T16:29:53+00:00\" \/>\n<meta property=\"og:image\" content=\"https:\/\/itemsind.com\/tienda\/wp-content\/uploads\/2026\/03\/Gerson-XP100-OVAG-PIX-090314.jpg\" \/>\n\t<meta property=\"og:image:width\" content=\"430\" \/>\n\t<meta property=\"og:image:height\" content=\"398\" \/>\n\t<meta property=\"og:image:type\" content=\"image\/jpeg\" \/>\n<meta name=\"twitter:card\" content=\"summary_large_image\" \/>\n<meta name=\"twitter:label1\" content=\"Tiempo de lectura\" \/>\n\t<meta name=\"twitter:data1\" content=\"1 minuto\" \/>\n<script type=\"application\/ld+json\" class=\"yoast-schema-graph\">{\"@context\":\"https:\\\/\\\/schema.org\",\"@graph\":[{\"@type\":\"WebPage\",\"@id\":\"https:\\\/\\\/itemsind.com\\\/tienda\\\/producto\\\/cartucho-contra-vapores-organicos-gas-acido-p100-xp100-ov-ag\\\/\",\"url\":\"https:\\\/\\\/itemsind.com\\\/tienda\\\/producto\\\/cartucho-contra-vapores-organicos-gas-acido-p100-xp100-ov-ag\\\/\",\"name\":\"Cartucho contra Vapores Org\u00e1nicos\\\/Gas \u00e1cido\\\/P100\\\/XP100-OV\\\/AG - Items Industriales\",\"isPartOf\":{\"@id\":\"https:\\\/\\\/itemsind.com\\\/tienda\\\/#website\"},\"primaryImageOfPage\":{\"@id\":\"https:\\\/\\\/itemsind.com\\\/tienda\\\/producto\\\/cartucho-contra-vapores-organicos-gas-acido-p100-xp100-ov-ag\\\/#primaryimage\"},\"image\":{\"@id\":\"https:\\\/\\\/itemsind.com\\\/tienda\\\/producto\\\/cartucho-contra-vapores-organicos-gas-acido-p100-xp100-ov-ag\\\/#primaryimage\"},\"thumbnailUrl\":\"https:\\\/\\\/itemsind.com\\\/tienda\\\/wp-content\\\/uploads\\\/2026\\\/03\\\/Gerson-XP100-OVAG-PIX-090314.jpg\",\"datePublished\":\"2026-03-09T16:26:08+00:00\",\"dateModified\":\"2026-03-09T16:29:53+00:00\",\"breadcrumb\":{\"@id\":\"https:\\\/\\\/itemsind.com\\\/tienda\\\/producto\\\/cartucho-contra-vapores-organicos-gas-acido-p100-xp100-ov-ag\\\/#breadcrumb\"},\"inLanguage\":\"es\",\"potentialAction\":[{\"@type\":\"ReadAction\",\"target\":[\"https:\\\/\\\/itemsind.com\\\/tienda\\\/producto\\\/cartucho-contra-vapores-organicos-gas-acido-p100-xp100-ov-ag\\\/\"]}]},{\"@type\":\"ImageObject\",\"inLanguage\":\"es\",\"@id\":\"https:\\\/\\\/itemsind.com\\\/tienda\\\/producto\\\/cartucho-contra-vapores-organicos-gas-acido-p100-xp100-ov-ag\\\/#primaryimage\",\"url\":\"https:\\\/\\\/itemsind.com\\\/tienda\\\/wp-content\\\/uploads\\\/2026\\\/03\\\/Gerson-XP100-OVAG-PIX-090314.jpg\",\"contentUrl\":\"https:\\\/\\\/itemsind.com\\\/tienda\\\/wp-content\\\/uploads\\\/2026\\\/03\\\/Gerson-XP100-OVAG-PIX-090314.jpg\",\"width\":430,\"height\":398},{\"@type\":\"BreadcrumbList\",\"@id\":\"https:\\\/\\\/itemsind.com\\\/tienda\\\/producto\\\/cartucho-contra-vapores-organicos-gas-acido-p100-xp100-ov-ag\\\/#breadcrumb\",\"itemListElement\":[{\"@type\":\"ListItem\",\"position\":1,\"name\":\"Portada\",\"item\":\"https:\\\/\\\/itemsind.com\\\/tienda\\\/\"},{\"@type\":\"ListItem\",\"position\":2,\"name\":\"Tienda\",\"item\":\"https:\\\/\\\/itemsind.com\\\/tienda\\\/tienda\\\/\"},{\"@type\":\"ListItem\",\"position\":3,\"name\":\"Cartucho contra Vapores Org\u00e1nicos\\\/Gas \u00e1cido\\\/P100\\\/XP100-OV\\\/AG\"}]},{\"@type\":\"WebSite\",\"@id\":\"https:\\\/\\\/itemsind.com\\\/tienda\\\/#website\",\"url\":\"https:\\\/\\\/itemsind.com\\\/tienda\\\/\",\"name\":\"Items Industriales\",\"description\":\"Productos y Servicios para Seguridad Industrial\",\"publisher\":{\"@id\":\"https:\\\/\\\/itemsind.com\\\/tienda\\\/#organization\"},\"potentialAction\":[{\"@type\":\"SearchAction\",\"target\":{\"@type\":\"EntryPoint\",\"urlTemplate\":\"https:\\\/\\\/itemsind.com\\\/tienda\\\/?s={search_term_string}\"},\"query-input\":{\"@type\":\"PropertyValueSpecification\",\"valueRequired\":true,\"valueName\":\"search_term_string\"}}],\"inLanguage\":\"es\"},{\"@type\":\"Organization\",\"@id\":\"https:\\\/\\\/itemsind.com\\\/tienda\\\/#organization\",\"name\":\"Items Industriales\",\"url\":\"https:\\\/\\\/itemsind.com\\\/tienda\\\/\",\"logo\":{\"@type\":\"ImageObject\",\"inLanguage\":\"es\",\"@id\":\"https:\\\/\\\/itemsind.com\\\/tienda\\\/#\\\/schema\\\/logo\\\/image\\\/\",\"url\":\"https:\\\/\\\/itemsind.com\\\/tienda\\\/wp-content\\\/uploads\\\/2023\\\/11\\\/items-logo-principal.jpg\",\"contentUrl\":\"https:\\\/\\\/itemsind.com\\\/tienda\\\/wp-content\\\/uploads\\\/2023\\\/11\\\/items-logo-principal.jpg\",\"width\":2120,\"height\":793,\"caption\":\"Items Industriales\"},\"image\":{\"@id\":\"https:\\\/\\\/itemsind.com\\\/tienda\\\/#\\\/schema\\\/logo\\\/image\\\/\"},\"sameAs\":[\"https:\\\/\\\/www.facebook.com\\\/itemsind\",\"https:\\\/\\\/www.instagram.com\\\/itemsind\\\/\"]}]}<\/script>\n<!-- \/ Yoast SEO plugin. -->","yoast_head_json":{"title":"Cartucho contra Vapores Org\u00e1nicos\/Gas \u00e1cido\/P100\/XP100-OV\/AG - Items Industriales","robots":{"index":"index","follow":"follow","max-snippet":"max-snippet:-1","max-image-preview":"max-image-preview:large","max-video-preview":"max-video-preview:-1"},"canonical":"https:\/\/itemsind.com\/tienda\/producto\/cartucho-contra-vapores-organicos-gas-acido-p100-xp100-ov-ag\/","og_locale":"es_ES","og_type":"article","og_title":"Cartucho contra Vapores Org\u00e1nicos\/Gas \u00e1cido\/P100\/XP100-OV\/AG - Items Industriales","og_description":"\u2022 Se adapta a los respiradores de cartucho de cara completa y media m\u00e1scara Gerson. \u2022 Filtros de perfil bajo y con dise\u00f1o inclinado para un mayor campo de visi\u00f3n y uso con gafas\/antiparras.  Nivel de molestia \u00fanicamente: vapor org\u00e1nico y gas \u00e1cido, todas las part\u00edculas.","og_url":"https:\/\/itemsind.com\/tienda\/producto\/cartucho-contra-vapores-organicos-gas-acido-p100-xp100-ov-ag\/","og_site_name":"Items Industriales","article_publisher":"https:\/\/www.facebook.com\/itemsind","article_modified_time":"2026-03-09T16:29:53+00:00","og_image":[{"width":430,"height":398,"url":"https:\/\/itemsind.com\/tienda\/wp-content\/uploads\/2026\/03\/Gerson-XP100-OVAG-PIX-090314.jpg","type":"image\/jpeg"}],"twitter_card":"summary_large_image","twitter_misc":{"Tiempo de lectura":"1 minuto"},"schema":{"@context":"https:\/\/schema.org","@graph":[{"@type":"WebPage","@id":"https:\/\/itemsind.com\/tienda\/producto\/cartucho-contra-vapores-organicos-gas-acido-p100-xp100-ov-ag\/","url":"https:\/\/itemsind.com\/tienda\/producto\/cartucho-contra-vapores-organicos-gas-acido-p100-xp100-ov-ag\/","name":"Cartucho contra Vapores Org\u00e1nicos\/Gas \u00e1cido\/P100\/XP100-OV\/AG - Items Industriales","isPartOf":{"@id":"https:\/\/itemsind.com\/tienda\/#website"},"primaryImageOfPage":{"@id":"https:\/\/itemsind.com\/tienda\/producto\/cartucho-contra-vapores-organicos-gas-acido-p100-xp100-ov-ag\/#primaryimage"},"image":{"@id":"https:\/\/itemsind.com\/tienda\/producto\/cartucho-contra-vapores-organicos-gas-acido-p100-xp100-ov-ag\/#primaryimage"},"thumbnailUrl":"https:\/\/itemsind.com\/tienda\/wp-content\/uploads\/2026\/03\/Gerson-XP100-OVAG-PIX-090314.jpg","datePublished":"2026-03-09T16:26:08+00:00","dateModified":"2026-03-09T16:29:53+00:00","breadcrumb":{"@id":"https:\/\/itemsind.com\/tienda\/producto\/cartucho-contra-vapores-organicos-gas-acido-p100-xp100-ov-ag\/#breadcrumb"},"inLanguage":"es","potentialAction":[{"@type":"ReadAction","target":["https:\/\/itemsind.com\/tienda\/producto\/cartucho-contra-vapores-organicos-gas-acido-p100-xp100-ov-ag\/"]}]},{"@type":"ImageObject","inLanguage":"es","@id":"https:\/\/itemsind.com\/tienda\/producto\/cartucho-contra-vapores-organicos-gas-acido-p100-xp100-ov-ag\/#primaryimage","url":"https:\/\/itemsind.com\/tienda\/wp-content\/uploads\/2026\/03\/Gerson-XP100-OVAG-PIX-090314.jpg","contentUrl":"https:\/\/itemsind.com\/tienda\/wp-content\/uploads\/2026\/03\/Gerson-XP100-OVAG-PIX-090314.jpg","width":430,"height":398},{"@type":"BreadcrumbList","@id":"https:\/\/itemsind.com\/tienda\/producto\/cartucho-contra-vapores-organicos-gas-acido-p100-xp100-ov-ag\/#breadcrumb","itemListElement":[{"@type":"ListItem","position":1,"name":"Portada","item":"https:\/\/itemsind.com\/tienda\/"},{"@type":"ListItem","position":2,"name":"Tienda","item":"https:\/\/itemsind.com\/tienda\/tienda\/"},{"@type":"ListItem","position":3,"name":"Cartucho contra Vapores Org\u00e1nicos\/Gas \u00e1cido\/P100\/XP100-OV\/AG"}]},{"@type":"WebSite","@id":"https:\/\/itemsind.com\/tienda\/#website","url":"https:\/\/itemsind.com\/tienda\/","name":"Items Industriales","description":"Productos y Servicios para Seguridad Industrial","publisher":{"@id":"https:\/\/itemsind.com\/tienda\/#organization"},"potentialAction":[{"@type":"SearchAction","target":{"@type":"EntryPoint","urlTemplate":"https:\/\/itemsind.com\/tienda\/?s={search_term_string}"},"query-input":{"@type":"PropertyValueSpecification","valueRequired":true,"valueName":"search_term_string"}}],"inLanguage":"es"},{"@type":"Organization","@id":"https:\/\/itemsind.com\/tienda\/#organization","name":"Items Industriales","url":"https:\/\/itemsind.com\/tienda\/","logo":{"@type":"ImageObject","inLanguage":"es","@id":"https:\/\/itemsind.com\/tienda\/#\/schema\/logo\/image\/","url":"https:\/\/itemsind.com\/tienda\/wp-content\/uploads\/2023\/11\/items-logo-principal.jpg","contentUrl":"https:\/\/itemsind.com\/tienda\/wp-content\/uploads\/2023\/11\/items-logo-principal.jpg","width":2120,"height":793,"caption":"Items Industriales"},"image":{"@id":"https:\/\/itemsind.com\/tienda\/#\/schema\/logo\/image\/"},"sameAs":["https:\/\/www.facebook.com\/itemsind","https:\/\/www.instagram.com\/itemsind\/"]}]}},"_links":{"self":[{"href":"https:\/\/itemsind.com\/tienda\/wp-json\/wp\/v2\/product\/17807","targetHints":{"allow":["GET"]}}],"collection":[{"href":"https:\/\/itemsind.com\/tienda\/wp-json\/wp\/v2\/product"}],"about":[{"href":"https:\/\/itemsind.com\/tienda\/wp-json\/wp\/v2\/types\/product"}],"wp:featuredmedia":[{"embeddable":true,"href":"https:\/\/itemsind.com\/tienda\/wp-json\/wp\/v2\/media\/17808"}],"wp:attachment":[{"href":"https:\/\/itemsind.com\/tienda\/wp-json\/wp\/v2\/media?parent=17807"}],"wp:term":[{"taxonomy":"product_brand","embeddable":true,"href":"https:\/\/itemsind.com\/tienda\/wp-json\/wp\/v2\/product_brand?post=17807"},{"taxonomy":"product_cat","embeddable":true,"href":"https:\/\/itemsind.com\/tienda\/wp-json\/wp\/v2\/product_cat?post=17807"},{"taxonomy":"product_tag","embeddable":true,"href":"https:\/\/itemsind.com\/tienda\/wp-json\/wp\/v2\/product_tag?post=17807"}],"curies":[{"name":"wp","href":"https:\/\/api.w.org\/{rel}","templated":true}]}}