{"id":17814,"date":"2026-03-09T10:50:26","date_gmt":"2026-03-09T16:50:26","guid":{"rendered":"https:\/\/itemsind.com\/tienda\/?post_type=product&#038;p=17814"},"modified":"2026-03-09T10:55:06","modified_gmt":"2026-03-09T16:55:06","slug":"respirador-desechable-n95-3230","status":"publish","type":"product","link":"https:\/\/itemsind.com\/tienda\/producto\/respirador-desechable-n95-3230\/","title":{"rendered":"Respirador desechable N95-3230+"},"content":{"rendered":"","protected":false},"excerpt":{"rendered":"<div class=\"woocommerce-product-details__short-description\">\n<h4><span dir=\"auto\">COMODIDAD EXTREMA\u2122<\/span><\/h4>\n<p><span dir=\"auto\" style=\"color: #2e2e45;\">\u2022 Resistencia respiratoria extremadamente baja de 6,7 a 6,4 mm H2O de inhalaci\u00f3n y 5,1 mm H2O de exhalaci\u00f3n: apenas notar\u00e1 que lleva puesto un<\/span><br \/>\n<span dir=\"auto\" style=\"color: #2e2e45;\">respirador N95<\/span><br \/>\n<span dir=\"auto\" style=\"color: #2e2e45;\">\u2022 Correas para la cabeza de caucho sint\u00e9tico sin l\u00e1tex para un perfil de tensi\u00f3n c\u00f3modo<\/span><br \/>\n<span dir=\"auto\" style=\"color: #2e2e45;\">\u2022 Suavidad sin grapas<\/span><br \/>\n<span dir=\"auto\" style=\"color: #2e2e45;\">\u2022 Sin empa\u00f1amiento de las gafas<\/span><br \/>\n<span dir=\"auto\" style=\"color: #2e2e45;\">\u2022 Forro interior suave<\/span><\/p>\n<h4><span dir=\"auto\">LA M\u00c1S ALTA CALIDAD<\/span><\/h4>\n<p><span dir=\"auto\" style=\"color: #2e2e45;\">\u2022 Respirador quir\u00fargico N95 aprobado por la FDA y NIOSH<\/span><br \/>\n<span dir=\"auto\" style=\"color: #2e2e45;\">\u2022 Resistente a fluidos: 120 mm Hg<\/span><br \/>\n<span dir=\"auto\" style=\"color: #2e2e45;\">\u2022 Cumple con las pautas de los CDC para el control de la exposici\u00f3n a la tuberculosis<\/span><br \/>\n<span dir=\"auto\" style=\"color: #2e2e45;\">\u2022 Empacado individualmente para un manejo higi\u00e9nico<\/span><\/p>\n<h4><span dir=\"auto\">DE CONFIANZA<\/span><\/h4>\n<p><span dir=\"auto\" style=\"color: #2e2e45;\">\u2022 GERSON\u00ae ha estado fabricando respiradores aprobados por NIOSH y autorizados por la FDA durante m\u00e1s de 35 a\u00f1os.<\/span><br \/>\n<span dir=\"auto\" style=\"color: #2e2e45;\">\u2022 Fabricaci\u00f3n de dispositivos de protecci\u00f3n respiratoria con certificaci\u00f3n ISO 9001:2015<\/span><br \/>\n<span dir=\"auto\" style=\"color: #2e2e45;\">\u2022 Fabricado en Middleboro, MA<\/span><\/p>\n<\/div>\n","protected":false},"featured_media":17815,"template":"","meta":[],"product_brand":[2364],"product_cat":[1300,2064,1353],"product_tag":[2450,1456,2455,2456],"class_list":{"0":"post-17814","1":"product","2":"type-product","3":"status-publish","4":"has-post-thumbnail","6":"product_brand-gerson","7":"product_cat-categorias-prodcutos","8":"product_cat-proteccion","9":"product_cat-proteccion-respiratoria","10":"product_tag-mascarilla-n95","11":"product_tag-respirador","12":"product_tag-respirador-desechable","13":"product_tag-respirador-n95","16":"instock","17":"taxable","18":"shipping-taxable","19":"product-type-simple"},"yoast_head":"<!-- This site is optimized with the Yoast SEO plugin v27.4 - https:\/\/yoast.com\/product\/yoast-seo-wordpress\/ -->\n<title>Respirador desechable N95-3230+ - Items Industriales<\/title>\n<meta name=\"robots\" content=\"index, follow, max-snippet:-1, max-image-preview:large, max-video-preview:-1\" \/>\n<link rel=\"canonical\" href=\"https:\/\/itemsind.com\/tienda\/producto\/respirador-desechable-n95-3230\/\" \/>\n<meta property=\"og:locale\" content=\"es_ES\" \/>\n<meta property=\"og:type\" content=\"article\" \/>\n<meta property=\"og:title\" content=\"Respirador desechable N95-3230+ - Items Industriales\" \/>\n<meta property=\"og:description\" content=\"COMODIDAD EXTREMA\u2122 \u2022 Resistencia respiratoria extremadamente baja de 6,7 a 6,4 mm H2O de inhalaci\u00f3n y 5,1 mm H2O de exhalaci\u00f3n: apenas notar\u00e1 que lleva puesto un respirador N95 \u2022 Correas para la cabeza de caucho sint\u00e9tico sin l\u00e1tex para un perfil de tensi\u00f3n c\u00f3modo \u2022 Suavidad sin grapas \u2022 Sin empa\u00f1amiento de las gafas \u2022 Forro interior suave LA M\u00c1S ALTA CALIDAD \u2022 Respirador quir\u00fargico N95 aprobado por la FDA y NIOSH \u2022 Resistente a fluidos: 120 mm Hg \u2022 Cumple con las pautas de los CDC para el control de la exposici\u00f3n a la tuberculosis \u2022 Empacado individualmente para un manejo higi\u00e9nico DE CONFIANZA \u2022 GERSON\u00ae ha estado fabricando respiradores aprobados por NIOSH y autorizados por la FDA durante m\u00e1s de 35 a\u00f1os. \u2022 Fabricaci\u00f3n de dispositivos de protecci\u00f3n respiratoria con certificaci\u00f3n ISO 9001:2015 \u2022 Fabricado en Middleboro, MA\" \/>\n<meta property=\"og:url\" content=\"https:\/\/itemsind.com\/tienda\/producto\/respirador-desechable-n95-3230\/\" \/>\n<meta property=\"og:site_name\" content=\"Items Industriales\" \/>\n<meta property=\"article:publisher\" content=\"https:\/\/www.facebook.com\/itemsind\" \/>\n<meta property=\"article:modified_time\" content=\"2026-03-09T16:55:06+00:00\" \/>\n<meta property=\"og:image\" content=\"https:\/\/itemsind.com\/tienda\/wp-content\/uploads\/2026\/03\/plantilla-productos-WEBSITE-59.png\" \/>\n\t<meta property=\"og:image:width\" content=\"1080\" \/>\n\t<meta property=\"og:image:height\" content=\"1080\" \/>\n\t<meta property=\"og:image:type\" content=\"image\/png\" \/>\n<meta name=\"twitter:card\" content=\"summary_large_image\" \/>\n<meta name=\"twitter:label1\" content=\"Tiempo de lectura\" \/>\n\t<meta name=\"twitter:data1\" content=\"1 minuto\" \/>\n<script type=\"application\/ld+json\" class=\"yoast-schema-graph\">{\"@context\":\"https:\\\/\\\/schema.org\",\"@graph\":[{\"@type\":\"WebPage\",\"@id\":\"https:\\\/\\\/itemsind.com\\\/tienda\\\/producto\\\/respirador-desechable-n95-3230\\\/\",\"url\":\"https:\\\/\\\/itemsind.com\\\/tienda\\\/producto\\\/respirador-desechable-n95-3230\\\/\",\"name\":\"Respirador desechable N95-3230+ - Items Industriales\",\"isPartOf\":{\"@id\":\"https:\\\/\\\/itemsind.com\\\/tienda\\\/#website\"},\"primaryImageOfPage\":{\"@id\":\"https:\\\/\\\/itemsind.com\\\/tienda\\\/producto\\\/respirador-desechable-n95-3230\\\/#primaryimage\"},\"image\":{\"@id\":\"https:\\\/\\\/itemsind.com\\\/tienda\\\/producto\\\/respirador-desechable-n95-3230\\\/#primaryimage\"},\"thumbnailUrl\":\"https:\\\/\\\/itemsind.com\\\/tienda\\\/wp-content\\\/uploads\\\/2026\\\/03\\\/plantilla-productos-WEBSITE-59.png\",\"datePublished\":\"2026-03-09T16:50:26+00:00\",\"dateModified\":\"2026-03-09T16:55:06+00:00\",\"breadcrumb\":{\"@id\":\"https:\\\/\\\/itemsind.com\\\/tienda\\\/producto\\\/respirador-desechable-n95-3230\\\/#breadcrumb\"},\"inLanguage\":\"es\",\"potentialAction\":[{\"@type\":\"ReadAction\",\"target\":[\"https:\\\/\\\/itemsind.com\\\/tienda\\\/producto\\\/respirador-desechable-n95-3230\\\/\"]}]},{\"@type\":\"ImageObject\",\"inLanguage\":\"es\",\"@id\":\"https:\\\/\\\/itemsind.com\\\/tienda\\\/producto\\\/respirador-desechable-n95-3230\\\/#primaryimage\",\"url\":\"https:\\\/\\\/itemsind.com\\\/tienda\\\/wp-content\\\/uploads\\\/2026\\\/03\\\/plantilla-productos-WEBSITE-59.png\",\"contentUrl\":\"https:\\\/\\\/itemsind.com\\\/tienda\\\/wp-content\\\/uploads\\\/2026\\\/03\\\/plantilla-productos-WEBSITE-59.png\",\"width\":1080,\"height\":1080},{\"@type\":\"BreadcrumbList\",\"@id\":\"https:\\\/\\\/itemsind.com\\\/tienda\\\/producto\\\/respirador-desechable-n95-3230\\\/#breadcrumb\",\"itemListElement\":[{\"@type\":\"ListItem\",\"position\":1,\"name\":\"Portada\",\"item\":\"https:\\\/\\\/itemsind.com\\\/tienda\\\/\"},{\"@type\":\"ListItem\",\"position\":2,\"name\":\"Tienda\",\"item\":\"https:\\\/\\\/itemsind.com\\\/tienda\\\/tienda\\\/\"},{\"@type\":\"ListItem\",\"position\":3,\"name\":\"Respirador desechable N95-3230+\"}]},{\"@type\":\"WebSite\",\"@id\":\"https:\\\/\\\/itemsind.com\\\/tienda\\\/#website\",\"url\":\"https:\\\/\\\/itemsind.com\\\/tienda\\\/\",\"name\":\"Items Industriales\",\"description\":\"Productos y Servicios para Seguridad Industrial\",\"publisher\":{\"@id\":\"https:\\\/\\\/itemsind.com\\\/tienda\\\/#organization\"},\"potentialAction\":[{\"@type\":\"SearchAction\",\"target\":{\"@type\":\"EntryPoint\",\"urlTemplate\":\"https:\\\/\\\/itemsind.com\\\/tienda\\\/?s={search_term_string}\"},\"query-input\":{\"@type\":\"PropertyValueSpecification\",\"valueRequired\":true,\"valueName\":\"search_term_string\"}}],\"inLanguage\":\"es\"},{\"@type\":\"Organization\",\"@id\":\"https:\\\/\\\/itemsind.com\\\/tienda\\\/#organization\",\"name\":\"Items Industriales\",\"url\":\"https:\\\/\\\/itemsind.com\\\/tienda\\\/\",\"logo\":{\"@type\":\"ImageObject\",\"inLanguage\":\"es\",\"@id\":\"https:\\\/\\\/itemsind.com\\\/tienda\\\/#\\\/schema\\\/logo\\\/image\\\/\",\"url\":\"https:\\\/\\\/itemsind.com\\\/tienda\\\/wp-content\\\/uploads\\\/2023\\\/11\\\/items-logo-principal.jpg\",\"contentUrl\":\"https:\\\/\\\/itemsind.com\\\/tienda\\\/wp-content\\\/uploads\\\/2023\\\/11\\\/items-logo-principal.jpg\",\"width\":2120,\"height\":793,\"caption\":\"Items Industriales\"},\"image\":{\"@id\":\"https:\\\/\\\/itemsind.com\\\/tienda\\\/#\\\/schema\\\/logo\\\/image\\\/\"},\"sameAs\":[\"https:\\\/\\\/www.facebook.com\\\/itemsind\",\"https:\\\/\\\/www.instagram.com\\\/itemsind\\\/\"]}]}<\/script>\n<!-- \/ Yoast SEO plugin. -->","yoast_head_json":{"title":"Respirador desechable N95-3230+ - Items Industriales","robots":{"index":"index","follow":"follow","max-snippet":"max-snippet:-1","max-image-preview":"max-image-preview:large","max-video-preview":"max-video-preview:-1"},"canonical":"https:\/\/itemsind.com\/tienda\/producto\/respirador-desechable-n95-3230\/","og_locale":"es_ES","og_type":"article","og_title":"Respirador desechable N95-3230+ - Items Industriales","og_description":"COMODIDAD EXTREMA\u2122 \u2022 Resistencia respiratoria extremadamente baja de 6,7 a 6,4 mm H2O de inhalaci\u00f3n y 5,1 mm H2O de exhalaci\u00f3n: apenas notar\u00e1 que lleva puesto un respirador N95 \u2022 Correas para la cabeza de caucho sint\u00e9tico sin l\u00e1tex para un perfil de tensi\u00f3n c\u00f3modo \u2022 Suavidad sin grapas \u2022 Sin empa\u00f1amiento de las gafas \u2022 Forro interior suave LA M\u00c1S ALTA CALIDAD \u2022 Respirador quir\u00fargico N95 aprobado por la FDA y NIOSH \u2022 Resistente a fluidos: 120 mm Hg \u2022 Cumple con las pautas de los CDC para el control de la exposici\u00f3n a la tuberculosis \u2022 Empacado individualmente para un manejo higi\u00e9nico DE CONFIANZA \u2022 GERSON\u00ae ha estado fabricando respiradores aprobados por NIOSH y autorizados por la FDA durante m\u00e1s de 35 a\u00f1os. \u2022 Fabricaci\u00f3n de dispositivos de protecci\u00f3n respiratoria con certificaci\u00f3n ISO 9001:2015 \u2022 Fabricado en Middleboro, MA","og_url":"https:\/\/itemsind.com\/tienda\/producto\/respirador-desechable-n95-3230\/","og_site_name":"Items Industriales","article_publisher":"https:\/\/www.facebook.com\/itemsind","article_modified_time":"2026-03-09T16:55:06+00:00","og_image":[{"width":1080,"height":1080,"url":"https:\/\/itemsind.com\/tienda\/wp-content\/uploads\/2026\/03\/plantilla-productos-WEBSITE-59.png","type":"image\/png"}],"twitter_card":"summary_large_image","twitter_misc":{"Tiempo de lectura":"1 minuto"},"schema":{"@context":"https:\/\/schema.org","@graph":[{"@type":"WebPage","@id":"https:\/\/itemsind.com\/tienda\/producto\/respirador-desechable-n95-3230\/","url":"https:\/\/itemsind.com\/tienda\/producto\/respirador-desechable-n95-3230\/","name":"Respirador desechable N95-3230+ - Items Industriales","isPartOf":{"@id":"https:\/\/itemsind.com\/tienda\/#website"},"primaryImageOfPage":{"@id":"https:\/\/itemsind.com\/tienda\/producto\/respirador-desechable-n95-3230\/#primaryimage"},"image":{"@id":"https:\/\/itemsind.com\/tienda\/producto\/respirador-desechable-n95-3230\/#primaryimage"},"thumbnailUrl":"https:\/\/itemsind.com\/tienda\/wp-content\/uploads\/2026\/03\/plantilla-productos-WEBSITE-59.png","datePublished":"2026-03-09T16:50:26+00:00","dateModified":"2026-03-09T16:55:06+00:00","breadcrumb":{"@id":"https:\/\/itemsind.com\/tienda\/producto\/respirador-desechable-n95-3230\/#breadcrumb"},"inLanguage":"es","potentialAction":[{"@type":"ReadAction","target":["https:\/\/itemsind.com\/tienda\/producto\/respirador-desechable-n95-3230\/"]}]},{"@type":"ImageObject","inLanguage":"es","@id":"https:\/\/itemsind.com\/tienda\/producto\/respirador-desechable-n95-3230\/#primaryimage","url":"https:\/\/itemsind.com\/tienda\/wp-content\/uploads\/2026\/03\/plantilla-productos-WEBSITE-59.png","contentUrl":"https:\/\/itemsind.com\/tienda\/wp-content\/uploads\/2026\/03\/plantilla-productos-WEBSITE-59.png","width":1080,"height":1080},{"@type":"BreadcrumbList","@id":"https:\/\/itemsind.com\/tienda\/producto\/respirador-desechable-n95-3230\/#breadcrumb","itemListElement":[{"@type":"ListItem","position":1,"name":"Portada","item":"https:\/\/itemsind.com\/tienda\/"},{"@type":"ListItem","position":2,"name":"Tienda","item":"https:\/\/itemsind.com\/tienda\/tienda\/"},{"@type":"ListItem","position":3,"name":"Respirador desechable N95-3230+"}]},{"@type":"WebSite","@id":"https:\/\/itemsind.com\/tienda\/#website","url":"https:\/\/itemsind.com\/tienda\/","name":"Items Industriales","description":"Productos y Servicios para Seguridad Industrial","publisher":{"@id":"https:\/\/itemsind.com\/tienda\/#organization"},"potentialAction":[{"@type":"SearchAction","target":{"@type":"EntryPoint","urlTemplate":"https:\/\/itemsind.com\/tienda\/?s={search_term_string}"},"query-input":{"@type":"PropertyValueSpecification","valueRequired":true,"valueName":"search_term_string"}}],"inLanguage":"es"},{"@type":"Organization","@id":"https:\/\/itemsind.com\/tienda\/#organization","name":"Items Industriales","url":"https:\/\/itemsind.com\/tienda\/","logo":{"@type":"ImageObject","inLanguage":"es","@id":"https:\/\/itemsind.com\/tienda\/#\/schema\/logo\/image\/","url":"https:\/\/itemsind.com\/tienda\/wp-content\/uploads\/2023\/11\/items-logo-principal.jpg","contentUrl":"https:\/\/itemsind.com\/tienda\/wp-content\/uploads\/2023\/11\/items-logo-principal.jpg","width":2120,"height":793,"caption":"Items Industriales"},"image":{"@id":"https:\/\/itemsind.com\/tienda\/#\/schema\/logo\/image\/"},"sameAs":["https:\/\/www.facebook.com\/itemsind","https:\/\/www.instagram.com\/itemsind\/"]}]}},"_links":{"self":[{"href":"https:\/\/itemsind.com\/tienda\/wp-json\/wp\/v2\/product\/17814","targetHints":{"allow":["GET"]}}],"collection":[{"href":"https:\/\/itemsind.com\/tienda\/wp-json\/wp\/v2\/product"}],"about":[{"href":"https:\/\/itemsind.com\/tienda\/wp-json\/wp\/v2\/types\/product"}],"wp:featuredmedia":[{"embeddable":true,"href":"https:\/\/itemsind.com\/tienda\/wp-json\/wp\/v2\/media\/17815"}],"wp:attachment":[{"href":"https:\/\/itemsind.com\/tienda\/wp-json\/wp\/v2\/media?parent=17814"}],"wp:term":[{"taxonomy":"product_brand","embeddable":true,"href":"https:\/\/itemsind.com\/tienda\/wp-json\/wp\/v2\/product_brand?post=17814"},{"taxonomy":"product_cat","embeddable":true,"href":"https:\/\/itemsind.com\/tienda\/wp-json\/wp\/v2\/product_cat?post=17814"},{"taxonomy":"product_tag","embeddable":true,"href":"https:\/\/itemsind.com\/tienda\/wp-json\/wp\/v2\/product_tag?post=17814"}],"curies":[{"name":"wp","href":"https:\/\/api.w.org\/{rel}","templated":true}]}}