{"id":17877,"date":"2026-03-10T11:02:01","date_gmt":"2026-03-10T17:02:01","guid":{"rendered":"https:\/\/itemsind.com\/tienda\/?post_type=product&#038;p=17877"},"modified":"2026-03-10T11:03:08","modified_gmt":"2026-03-10T17:03:08","slug":"anteojo-veratti-gt-montura-ambar-lente-ambar-scratchcoat","status":"publish","type":"product","link":"https:\/\/itemsind.com\/tienda\/producto\/anteojo-veratti-gt-montura-ambar-lente-ambar-scratchcoat\/","title":{"rendered":"Anteojo Veratti\u00ae GT\u2122 Montura \u00c1mbar, Lente \u00c1mbar, ScratchCoat"},"content":{"rendered":"","protected":false},"excerpt":{"rendered":"<h3><span style=\"color: #2e2e45;\">Caracter\u00edsticas del producto<\/span><\/h3>\n<ul>\n<li><span style=\"color: #2e2e45;\">Dise\u00f1o ligero y de perfil bajo<\/span><\/li>\n<li><span style=\"color: #2e2e45;\">Confort envolvente sin marco y transl\u00facido<\/span><\/li>\n<li><span style=\"color: #2e2e45;\">C\u00f3modo para llevarlo todo el d\u00eda<\/span><\/li>\n<li><span style=\"color: #2e2e45;\">Estructura de bastidor ultraflexible<\/span><\/li>\n<li><span style=\"color: #2e2e45;\">Puntas de las patillas engomadas<\/span><\/li>\n<\/ul>\n<h3><span style=\"color: #2e2e45;\">Especificaciones<\/span><\/h3>\n<ul>\n<li><span style=\"color: #2e2e45;\">9,75 curva base de la lente<\/span><\/li>\n<li><span style=\"color: #2e2e45;\">Lentes de policarbonato de alto impacto<\/span><\/li>\n<li><span style=\"color: #2e2e45;\">Disponible revestimiento ScratchCoat y ENFOG<\/span><\/li>\n<li><span style=\"color: #2e2e45;\">99,9% de protecci\u00f3n UVA&amp;UVB a 385Nm<\/span><\/li>\n<\/ul>\n","protected":false},"featured_media":17878,"template":"","meta":[],"product_brand":[2365],"product_cat":[1370,2064],"product_tag":[2460,2385,2387],"class_list":{"0":"post-17877","1":"product","2":"type-product","3":"status-publish","4":"has-post-thumbnail","6":"product_brand-encon","7":"product_cat-proteccion-facial-visual","8":"product_cat-proteccion","9":"product_tag-anteojo-de-seguridad","10":"product_tag-gafas-de-seguridad","11":"product_tag-lentes","14":"instock","15":"taxable","16":"shipping-taxable","17":"product-type-simple"},"yoast_head":"<!-- This site is optimized with the Yoast SEO plugin v27.4 - https:\/\/yoast.com\/product\/yoast-seo-wordpress\/ -->\n<title>Anteojo Veratti\u00ae GT\u2122 Montura \u00c1mbar, Lente \u00c1mbar, ScratchCoat - Items Industriales<\/title>\n<meta name=\"robots\" content=\"index, follow, max-snippet:-1, max-image-preview:large, max-video-preview:-1\" \/>\n<link rel=\"canonical\" href=\"https:\/\/itemsind.com\/tienda\/producto\/anteojo-veratti-gt-montura-ambar-lente-ambar-scratchcoat\/\" \/>\n<meta property=\"og:locale\" content=\"es_ES\" \/>\n<meta property=\"og:type\" content=\"article\" \/>\n<meta property=\"og:title\" content=\"Anteojo Veratti\u00ae GT\u2122 Montura \u00c1mbar, Lente \u00c1mbar, ScratchCoat - Items Industriales\" \/>\n<meta property=\"og:description\" content=\"Caracter\u00edsticas del producto   Dise\u00f1o ligero y de perfil bajo  Confort envolvente sin marco y transl\u00facido  C\u00f3modo para llevarlo todo el d\u00eda  Estructura de bastidor ultraflexible  Puntas de las patillas engomadas  Especificaciones   9,75 curva base de la lente  Lentes de policarbonato de alto impacto  Disponible revestimiento ScratchCoat y ENFOG  99,9% de protecci\u00f3n UVA&amp;UVB a 385Nm\" \/>\n<meta property=\"og:url\" content=\"https:\/\/itemsind.com\/tienda\/producto\/anteojo-veratti-gt-montura-ambar-lente-ambar-scratchcoat\/\" \/>\n<meta property=\"og:site_name\" content=\"Items Industriales\" \/>\n<meta property=\"article:publisher\" content=\"https:\/\/www.facebook.com\/itemsind\" \/>\n<meta property=\"article:modified_time\" content=\"2026-03-10T17:03:08+00:00\" \/>\n<meta property=\"og:image\" content=\"https:\/\/itemsind.com\/tienda\/wp-content\/uploads\/2026\/03\/plantilla-productos-WEBSITE-85.png\" \/>\n\t<meta property=\"og:image:width\" content=\"1080\" \/>\n\t<meta property=\"og:image:height\" content=\"1080\" \/>\n\t<meta property=\"og:image:type\" content=\"image\/png\" \/>\n<meta name=\"twitter:card\" content=\"summary_large_image\" \/>\n<meta name=\"twitter:label1\" content=\"Tiempo de lectura\" \/>\n\t<meta name=\"twitter:data1\" content=\"1 minuto\" \/>\n<script type=\"application\/ld+json\" class=\"yoast-schema-graph\">{\"@context\":\"https:\\\/\\\/schema.org\",\"@graph\":[{\"@type\":\"WebPage\",\"@id\":\"https:\\\/\\\/itemsind.com\\\/tienda\\\/producto\\\/anteojo-veratti-gt-montura-ambar-lente-ambar-scratchcoat\\\/\",\"url\":\"https:\\\/\\\/itemsind.com\\\/tienda\\\/producto\\\/anteojo-veratti-gt-montura-ambar-lente-ambar-scratchcoat\\\/\",\"name\":\"Anteojo Veratti\u00ae GT\u2122 Montura \u00c1mbar, Lente \u00c1mbar, ScratchCoat - Items Industriales\",\"isPartOf\":{\"@id\":\"https:\\\/\\\/itemsind.com\\\/tienda\\\/#website\"},\"primaryImageOfPage\":{\"@id\":\"https:\\\/\\\/itemsind.com\\\/tienda\\\/producto\\\/anteojo-veratti-gt-montura-ambar-lente-ambar-scratchcoat\\\/#primaryimage\"},\"image\":{\"@id\":\"https:\\\/\\\/itemsind.com\\\/tienda\\\/producto\\\/anteojo-veratti-gt-montura-ambar-lente-ambar-scratchcoat\\\/#primaryimage\"},\"thumbnailUrl\":\"https:\\\/\\\/itemsind.com\\\/tienda\\\/wp-content\\\/uploads\\\/2026\\\/03\\\/plantilla-productos-WEBSITE-85.png\",\"datePublished\":\"2026-03-10T17:02:01+00:00\",\"dateModified\":\"2026-03-10T17:03:08+00:00\",\"breadcrumb\":{\"@id\":\"https:\\\/\\\/itemsind.com\\\/tienda\\\/producto\\\/anteojo-veratti-gt-montura-ambar-lente-ambar-scratchcoat\\\/#breadcrumb\"},\"inLanguage\":\"es\",\"potentialAction\":[{\"@type\":\"ReadAction\",\"target\":[\"https:\\\/\\\/itemsind.com\\\/tienda\\\/producto\\\/anteojo-veratti-gt-montura-ambar-lente-ambar-scratchcoat\\\/\"]}]},{\"@type\":\"ImageObject\",\"inLanguage\":\"es\",\"@id\":\"https:\\\/\\\/itemsind.com\\\/tienda\\\/producto\\\/anteojo-veratti-gt-montura-ambar-lente-ambar-scratchcoat\\\/#primaryimage\",\"url\":\"https:\\\/\\\/itemsind.com\\\/tienda\\\/wp-content\\\/uploads\\\/2026\\\/03\\\/plantilla-productos-WEBSITE-85.png\",\"contentUrl\":\"https:\\\/\\\/itemsind.com\\\/tienda\\\/wp-content\\\/uploads\\\/2026\\\/03\\\/plantilla-productos-WEBSITE-85.png\",\"width\":1080,\"height\":1080},{\"@type\":\"BreadcrumbList\",\"@id\":\"https:\\\/\\\/itemsind.com\\\/tienda\\\/producto\\\/anteojo-veratti-gt-montura-ambar-lente-ambar-scratchcoat\\\/#breadcrumb\",\"itemListElement\":[{\"@type\":\"ListItem\",\"position\":1,\"name\":\"Portada\",\"item\":\"https:\\\/\\\/itemsind.com\\\/tienda\\\/\"},{\"@type\":\"ListItem\",\"position\":2,\"name\":\"Tienda\",\"item\":\"https:\\\/\\\/itemsind.com\\\/tienda\\\/tienda\\\/\"},{\"@type\":\"ListItem\",\"position\":3,\"name\":\"Anteojo Veratti\u00ae GT\u2122 Montura \u00c1mbar, Lente \u00c1mbar, ScratchCoat\"}]},{\"@type\":\"WebSite\",\"@id\":\"https:\\\/\\\/itemsind.com\\\/tienda\\\/#website\",\"url\":\"https:\\\/\\\/itemsind.com\\\/tienda\\\/\",\"name\":\"Items Industriales\",\"description\":\"Productos y Servicios para Seguridad Industrial\",\"publisher\":{\"@id\":\"https:\\\/\\\/itemsind.com\\\/tienda\\\/#organization\"},\"potentialAction\":[{\"@type\":\"SearchAction\",\"target\":{\"@type\":\"EntryPoint\",\"urlTemplate\":\"https:\\\/\\\/itemsind.com\\\/tienda\\\/?s={search_term_string}\"},\"query-input\":{\"@type\":\"PropertyValueSpecification\",\"valueRequired\":true,\"valueName\":\"search_term_string\"}}],\"inLanguage\":\"es\"},{\"@type\":\"Organization\",\"@id\":\"https:\\\/\\\/itemsind.com\\\/tienda\\\/#organization\",\"name\":\"Items Industriales\",\"url\":\"https:\\\/\\\/itemsind.com\\\/tienda\\\/\",\"logo\":{\"@type\":\"ImageObject\",\"inLanguage\":\"es\",\"@id\":\"https:\\\/\\\/itemsind.com\\\/tienda\\\/#\\\/schema\\\/logo\\\/image\\\/\",\"url\":\"https:\\\/\\\/itemsind.com\\\/tienda\\\/wp-content\\\/uploads\\\/2023\\\/11\\\/items-logo-principal.jpg\",\"contentUrl\":\"https:\\\/\\\/itemsind.com\\\/tienda\\\/wp-content\\\/uploads\\\/2023\\\/11\\\/items-logo-principal.jpg\",\"width\":2120,\"height\":793,\"caption\":\"Items Industriales\"},\"image\":{\"@id\":\"https:\\\/\\\/itemsind.com\\\/tienda\\\/#\\\/schema\\\/logo\\\/image\\\/\"},\"sameAs\":[\"https:\\\/\\\/www.facebook.com\\\/itemsind\",\"https:\\\/\\\/www.instagram.com\\\/itemsind\\\/\"]}]}<\/script>\n<!-- \/ Yoast SEO plugin. -->","yoast_head_json":{"title":"Anteojo Veratti\u00ae GT\u2122 Montura \u00c1mbar, Lente \u00c1mbar, ScratchCoat - Items Industriales","robots":{"index":"index","follow":"follow","max-snippet":"max-snippet:-1","max-image-preview":"max-image-preview:large","max-video-preview":"max-video-preview:-1"},"canonical":"https:\/\/itemsind.com\/tienda\/producto\/anteojo-veratti-gt-montura-ambar-lente-ambar-scratchcoat\/","og_locale":"es_ES","og_type":"article","og_title":"Anteojo Veratti\u00ae GT\u2122 Montura \u00c1mbar, Lente \u00c1mbar, ScratchCoat - Items Industriales","og_description":"Caracter\u00edsticas del producto   Dise\u00f1o ligero y de perfil bajo  Confort envolvente sin marco y transl\u00facido  C\u00f3modo para llevarlo todo el d\u00eda  Estructura de bastidor ultraflexible  Puntas de las patillas engomadas  Especificaciones   9,75 curva base de la lente  Lentes de policarbonato de alto impacto  Disponible revestimiento ScratchCoat y ENFOG  99,9% de protecci\u00f3n UVA&amp;UVB a 385Nm","og_url":"https:\/\/itemsind.com\/tienda\/producto\/anteojo-veratti-gt-montura-ambar-lente-ambar-scratchcoat\/","og_site_name":"Items Industriales","article_publisher":"https:\/\/www.facebook.com\/itemsind","article_modified_time":"2026-03-10T17:03:08+00:00","og_image":[{"width":1080,"height":1080,"url":"https:\/\/itemsind.com\/tienda\/wp-content\/uploads\/2026\/03\/plantilla-productos-WEBSITE-85.png","type":"image\/png"}],"twitter_card":"summary_large_image","twitter_misc":{"Tiempo de lectura":"1 minuto"},"schema":{"@context":"https:\/\/schema.org","@graph":[{"@type":"WebPage","@id":"https:\/\/itemsind.com\/tienda\/producto\/anteojo-veratti-gt-montura-ambar-lente-ambar-scratchcoat\/","url":"https:\/\/itemsind.com\/tienda\/producto\/anteojo-veratti-gt-montura-ambar-lente-ambar-scratchcoat\/","name":"Anteojo Veratti\u00ae GT\u2122 Montura \u00c1mbar, Lente \u00c1mbar, ScratchCoat - Items Industriales","isPartOf":{"@id":"https:\/\/itemsind.com\/tienda\/#website"},"primaryImageOfPage":{"@id":"https:\/\/itemsind.com\/tienda\/producto\/anteojo-veratti-gt-montura-ambar-lente-ambar-scratchcoat\/#primaryimage"},"image":{"@id":"https:\/\/itemsind.com\/tienda\/producto\/anteojo-veratti-gt-montura-ambar-lente-ambar-scratchcoat\/#primaryimage"},"thumbnailUrl":"https:\/\/itemsind.com\/tienda\/wp-content\/uploads\/2026\/03\/plantilla-productos-WEBSITE-85.png","datePublished":"2026-03-10T17:02:01+00:00","dateModified":"2026-03-10T17:03:08+00:00","breadcrumb":{"@id":"https:\/\/itemsind.com\/tienda\/producto\/anteojo-veratti-gt-montura-ambar-lente-ambar-scratchcoat\/#breadcrumb"},"inLanguage":"es","potentialAction":[{"@type":"ReadAction","target":["https:\/\/itemsind.com\/tienda\/producto\/anteojo-veratti-gt-montura-ambar-lente-ambar-scratchcoat\/"]}]},{"@type":"ImageObject","inLanguage":"es","@id":"https:\/\/itemsind.com\/tienda\/producto\/anteojo-veratti-gt-montura-ambar-lente-ambar-scratchcoat\/#primaryimage","url":"https:\/\/itemsind.com\/tienda\/wp-content\/uploads\/2026\/03\/plantilla-productos-WEBSITE-85.png","contentUrl":"https:\/\/itemsind.com\/tienda\/wp-content\/uploads\/2026\/03\/plantilla-productos-WEBSITE-85.png","width":1080,"height":1080},{"@type":"BreadcrumbList","@id":"https:\/\/itemsind.com\/tienda\/producto\/anteojo-veratti-gt-montura-ambar-lente-ambar-scratchcoat\/#breadcrumb","itemListElement":[{"@type":"ListItem","position":1,"name":"Portada","item":"https:\/\/itemsind.com\/tienda\/"},{"@type":"ListItem","position":2,"name":"Tienda","item":"https:\/\/itemsind.com\/tienda\/tienda\/"},{"@type":"ListItem","position":3,"name":"Anteojo Veratti\u00ae GT\u2122 Montura \u00c1mbar, Lente \u00c1mbar, ScratchCoat"}]},{"@type":"WebSite","@id":"https:\/\/itemsind.com\/tienda\/#website","url":"https:\/\/itemsind.com\/tienda\/","name":"Items Industriales","description":"Productos y Servicios para Seguridad Industrial","publisher":{"@id":"https:\/\/itemsind.com\/tienda\/#organization"},"potentialAction":[{"@type":"SearchAction","target":{"@type":"EntryPoint","urlTemplate":"https:\/\/itemsind.com\/tienda\/?s={search_term_string}"},"query-input":{"@type":"PropertyValueSpecification","valueRequired":true,"valueName":"search_term_string"}}],"inLanguage":"es"},{"@type":"Organization","@id":"https:\/\/itemsind.com\/tienda\/#organization","name":"Items Industriales","url":"https:\/\/itemsind.com\/tienda\/","logo":{"@type":"ImageObject","inLanguage":"es","@id":"https:\/\/itemsind.com\/tienda\/#\/schema\/logo\/image\/","url":"https:\/\/itemsind.com\/tienda\/wp-content\/uploads\/2023\/11\/items-logo-principal.jpg","contentUrl":"https:\/\/itemsind.com\/tienda\/wp-content\/uploads\/2023\/11\/items-logo-principal.jpg","width":2120,"height":793,"caption":"Items Industriales"},"image":{"@id":"https:\/\/itemsind.com\/tienda\/#\/schema\/logo\/image\/"},"sameAs":["https:\/\/www.facebook.com\/itemsind","https:\/\/www.instagram.com\/itemsind\/"]}]}},"_links":{"self":[{"href":"https:\/\/itemsind.com\/tienda\/wp-json\/wp\/v2\/product\/17877","targetHints":{"allow":["GET"]}}],"collection":[{"href":"https:\/\/itemsind.com\/tienda\/wp-json\/wp\/v2\/product"}],"about":[{"href":"https:\/\/itemsind.com\/tienda\/wp-json\/wp\/v2\/types\/product"}],"wp:featuredmedia":[{"embeddable":true,"href":"https:\/\/itemsind.com\/tienda\/wp-json\/wp\/v2\/media\/17878"}],"wp:attachment":[{"href":"https:\/\/itemsind.com\/tienda\/wp-json\/wp\/v2\/media?parent=17877"}],"wp:term":[{"taxonomy":"product_brand","embeddable":true,"href":"https:\/\/itemsind.com\/tienda\/wp-json\/wp\/v2\/product_brand?post=17877"},{"taxonomy":"product_cat","embeddable":true,"href":"https:\/\/itemsind.com\/tienda\/wp-json\/wp\/v2\/product_cat?post=17877"},{"taxonomy":"product_tag","embeddable":true,"href":"https:\/\/itemsind.com\/tienda\/wp-json\/wp\/v2\/product_tag?post=17877"}],"curies":[{"name":"wp","href":"https:\/\/api.w.org\/{rel}","templated":true}]}}