{"id":17895,"date":"2026-03-11T08:52:51","date_gmt":"2026-03-11T14:52:51","guid":{"rendered":"https:\/\/itemsind.com\/tienda\/?post_type=product&#038;p=17895"},"modified":"2026-03-11T08:53:05","modified_gmt":"2026-03-11T14:53:05","slug":"monogafa-encon-serie-160-2-59-montura-gris-lente-transparente-enfog","status":"publish","type":"product","link":"https:\/\/itemsind.com\/tienda\/producto\/monogafa-encon-serie-160-2-59-montura-gris-lente-transparente-enfog\/","title":{"rendered":"Monogafa Encon\u00ae Serie 160\u2122 2-59 Montura Gris, Lente Transparente, ENFOG"},"content":{"rendered":"","protected":false},"excerpt":{"rendered":"<h3><span style=\"color: #2e2e45;\">Caracter\u00edsticas del producto<\/span><\/h3>\n<ul>\n<li><span style=\"color: #2e2e45;\">Elegante cuerpo ergon\u00f3mico<\/span><\/li>\n<li><span style=\"color: #2e2e45;\">Lente esf\u00e9rica para una \u00f3ptica excepcional<\/span><\/li>\n<li><span style=\"color: #2e2e45;\">Protecci\u00f3n superior contra salpicaduras qu\u00edmicas<\/span><\/li>\n<li><span style=\"color: #2e2e45;\">Ventilaci\u00f3n excepcional<\/span><\/li>\n<li><span style=\"color: #2e2e45;\">Disponible con ajuste f\u00e1cil QuickDraw<\/span><\/li>\n<li><span style=\"color: #2e2e45;\">Lente reemplazable<\/span><\/li>\n<li><span style=\"color: #2e2e45;\">De gran tama\u00f1o para adaptarse a las gafas graduadas<\/span><\/li>\n<\/ul>\n<h3><span style=\"color: #2e2e45;\">Especificaciones<\/span><\/h3>\n<ul>\n<li><span style=\"color: #2e2e45;\">Lente curva de 3 bases<\/span><\/li>\n<li><span style=\"color: #2e2e45;\">Disponible sin recubrimiento o con recubrimiento ENFOG<\/span><\/li>\n<li><span style=\"color: #2e2e45;\">99,9% de protecci\u00f3n UVA y UVB a 385Nm<\/span><\/li>\n<\/ul>\n","protected":false},"featured_media":17896,"template":"","meta":[],"product_brand":[2365],"product_cat":[1370,2064],"product_tag":[1941,2458],"class_list":{"0":"post-17895","1":"product","2":"type-product","3":"status-publish","4":"has-post-thumbnail","6":"product_brand-encon","7":"product_cat-proteccion-facial-visual","8":"product_cat-proteccion","9":"product_tag-monogafa","10":"product_tag-proteccion-visual","13":"instock","14":"taxable","15":"shipping-taxable","16":"product-type-simple"},"yoast_head":"<!-- This site is optimized with the Yoast SEO plugin v27.4 - https:\/\/yoast.com\/product\/yoast-seo-wordpress\/ -->\n<title>Monogafa Encon\u00ae Serie 160\u2122 2-59 Montura Gris, Lente Transparente, ENFOG - Items Industriales<\/title>\n<meta name=\"robots\" content=\"index, follow, max-snippet:-1, max-image-preview:large, max-video-preview:-1\" \/>\n<link rel=\"canonical\" href=\"https:\/\/itemsind.com\/tienda\/producto\/monogafa-encon-serie-160-2-59-montura-gris-lente-transparente-enfog\/\" \/>\n<meta property=\"og:locale\" content=\"es_ES\" \/>\n<meta property=\"og:type\" content=\"article\" \/>\n<meta property=\"og:title\" content=\"Monogafa Encon\u00ae Serie 160\u2122 2-59 Montura Gris, Lente Transparente, ENFOG - Items Industriales\" \/>\n<meta property=\"og:description\" content=\"Caracter\u00edsticas del producto   Elegante cuerpo ergon\u00f3mico  Lente esf\u00e9rica para una \u00f3ptica excepcional  Protecci\u00f3n superior contra salpicaduras qu\u00edmicas  Ventilaci\u00f3n excepcional  Disponible con ajuste f\u00e1cil QuickDraw  Lente reemplazable  De gran tama\u00f1o para adaptarse a las gafas graduadas  Especificaciones   Lente curva de 3 bases  Disponible sin recubrimiento o con recubrimiento ENFOG  99,9% de protecci\u00f3n UVA y UVB a 385Nm\" \/>\n<meta property=\"og:url\" content=\"https:\/\/itemsind.com\/tienda\/producto\/monogafa-encon-serie-160-2-59-montura-gris-lente-transparente-enfog\/\" \/>\n<meta property=\"og:site_name\" content=\"Items Industriales\" \/>\n<meta property=\"article:publisher\" content=\"https:\/\/www.facebook.com\/itemsind\" \/>\n<meta property=\"article:modified_time\" content=\"2026-03-11T14:53:05+00:00\" \/>\n<meta property=\"og:image\" content=\"https:\/\/itemsind.com\/tienda\/wp-content\/uploads\/2026\/03\/plantilla-productos-WEBSITE-92.png\" \/>\n\t<meta property=\"og:image:width\" content=\"1080\" \/>\n\t<meta property=\"og:image:height\" content=\"1080\" \/>\n\t<meta property=\"og:image:type\" content=\"image\/png\" \/>\n<meta name=\"twitter:card\" content=\"summary_large_image\" \/>\n<meta name=\"twitter:label1\" content=\"Tiempo de lectura\" \/>\n\t<meta name=\"twitter:data1\" content=\"1 minuto\" \/>\n<script type=\"application\/ld+json\" class=\"yoast-schema-graph\">{\"@context\":\"https:\\\/\\\/schema.org\",\"@graph\":[{\"@type\":\"WebPage\",\"@id\":\"https:\\\/\\\/itemsind.com\\\/tienda\\\/producto\\\/monogafa-encon-serie-160-2-59-montura-gris-lente-transparente-enfog\\\/\",\"url\":\"https:\\\/\\\/itemsind.com\\\/tienda\\\/producto\\\/monogafa-encon-serie-160-2-59-montura-gris-lente-transparente-enfog\\\/\",\"name\":\"Monogafa Encon\u00ae Serie 160\u2122 2-59 Montura Gris, Lente Transparente, ENFOG - Items Industriales\",\"isPartOf\":{\"@id\":\"https:\\\/\\\/itemsind.com\\\/tienda\\\/#website\"},\"primaryImageOfPage\":{\"@id\":\"https:\\\/\\\/itemsind.com\\\/tienda\\\/producto\\\/monogafa-encon-serie-160-2-59-montura-gris-lente-transparente-enfog\\\/#primaryimage\"},\"image\":{\"@id\":\"https:\\\/\\\/itemsind.com\\\/tienda\\\/producto\\\/monogafa-encon-serie-160-2-59-montura-gris-lente-transparente-enfog\\\/#primaryimage\"},\"thumbnailUrl\":\"https:\\\/\\\/itemsind.com\\\/tienda\\\/wp-content\\\/uploads\\\/2026\\\/03\\\/plantilla-productos-WEBSITE-92.png\",\"datePublished\":\"2026-03-11T14:52:51+00:00\",\"dateModified\":\"2026-03-11T14:53:05+00:00\",\"breadcrumb\":{\"@id\":\"https:\\\/\\\/itemsind.com\\\/tienda\\\/producto\\\/monogafa-encon-serie-160-2-59-montura-gris-lente-transparente-enfog\\\/#breadcrumb\"},\"inLanguage\":\"es\",\"potentialAction\":[{\"@type\":\"ReadAction\",\"target\":[\"https:\\\/\\\/itemsind.com\\\/tienda\\\/producto\\\/monogafa-encon-serie-160-2-59-montura-gris-lente-transparente-enfog\\\/\"]}]},{\"@type\":\"ImageObject\",\"inLanguage\":\"es\",\"@id\":\"https:\\\/\\\/itemsind.com\\\/tienda\\\/producto\\\/monogafa-encon-serie-160-2-59-montura-gris-lente-transparente-enfog\\\/#primaryimage\",\"url\":\"https:\\\/\\\/itemsind.com\\\/tienda\\\/wp-content\\\/uploads\\\/2026\\\/03\\\/plantilla-productos-WEBSITE-92.png\",\"contentUrl\":\"https:\\\/\\\/itemsind.com\\\/tienda\\\/wp-content\\\/uploads\\\/2026\\\/03\\\/plantilla-productos-WEBSITE-92.png\",\"width\":1080,\"height\":1080},{\"@type\":\"BreadcrumbList\",\"@id\":\"https:\\\/\\\/itemsind.com\\\/tienda\\\/producto\\\/monogafa-encon-serie-160-2-59-montura-gris-lente-transparente-enfog\\\/#breadcrumb\",\"itemListElement\":[{\"@type\":\"ListItem\",\"position\":1,\"name\":\"Portada\",\"item\":\"https:\\\/\\\/itemsind.com\\\/tienda\\\/\"},{\"@type\":\"ListItem\",\"position\":2,\"name\":\"Tienda\",\"item\":\"https:\\\/\\\/itemsind.com\\\/tienda\\\/tienda\\\/\"},{\"@type\":\"ListItem\",\"position\":3,\"name\":\"Monogafa Encon\u00ae Serie 160\u2122 2-59 Montura Gris, Lente Transparente, ENFOG\"}]},{\"@type\":\"WebSite\",\"@id\":\"https:\\\/\\\/itemsind.com\\\/tienda\\\/#website\",\"url\":\"https:\\\/\\\/itemsind.com\\\/tienda\\\/\",\"name\":\"Items Industriales\",\"description\":\"Productos y Servicios para Seguridad Industrial\",\"publisher\":{\"@id\":\"https:\\\/\\\/itemsind.com\\\/tienda\\\/#organization\"},\"potentialAction\":[{\"@type\":\"SearchAction\",\"target\":{\"@type\":\"EntryPoint\",\"urlTemplate\":\"https:\\\/\\\/itemsind.com\\\/tienda\\\/?s={search_term_string}\"},\"query-input\":{\"@type\":\"PropertyValueSpecification\",\"valueRequired\":true,\"valueName\":\"search_term_string\"}}],\"inLanguage\":\"es\"},{\"@type\":\"Organization\",\"@id\":\"https:\\\/\\\/itemsind.com\\\/tienda\\\/#organization\",\"name\":\"Items Industriales\",\"url\":\"https:\\\/\\\/itemsind.com\\\/tienda\\\/\",\"logo\":{\"@type\":\"ImageObject\",\"inLanguage\":\"es\",\"@id\":\"https:\\\/\\\/itemsind.com\\\/tienda\\\/#\\\/schema\\\/logo\\\/image\\\/\",\"url\":\"https:\\\/\\\/itemsind.com\\\/tienda\\\/wp-content\\\/uploads\\\/2023\\\/11\\\/items-logo-principal.jpg\",\"contentUrl\":\"https:\\\/\\\/itemsind.com\\\/tienda\\\/wp-content\\\/uploads\\\/2023\\\/11\\\/items-logo-principal.jpg\",\"width\":2120,\"height\":793,\"caption\":\"Items Industriales\"},\"image\":{\"@id\":\"https:\\\/\\\/itemsind.com\\\/tienda\\\/#\\\/schema\\\/logo\\\/image\\\/\"},\"sameAs\":[\"https:\\\/\\\/www.facebook.com\\\/itemsind\",\"https:\\\/\\\/www.instagram.com\\\/itemsind\\\/\"]}]}<\/script>\n<!-- \/ Yoast SEO plugin. -->","yoast_head_json":{"title":"Monogafa Encon\u00ae Serie 160\u2122 2-59 Montura Gris, Lente Transparente, ENFOG - Items Industriales","robots":{"index":"index","follow":"follow","max-snippet":"max-snippet:-1","max-image-preview":"max-image-preview:large","max-video-preview":"max-video-preview:-1"},"canonical":"https:\/\/itemsind.com\/tienda\/producto\/monogafa-encon-serie-160-2-59-montura-gris-lente-transparente-enfog\/","og_locale":"es_ES","og_type":"article","og_title":"Monogafa Encon\u00ae Serie 160\u2122 2-59 Montura Gris, Lente Transparente, ENFOG - Items Industriales","og_description":"Caracter\u00edsticas del producto   Elegante cuerpo ergon\u00f3mico  Lente esf\u00e9rica para una \u00f3ptica excepcional  Protecci\u00f3n superior contra salpicaduras qu\u00edmicas  Ventilaci\u00f3n excepcional  Disponible con ajuste f\u00e1cil QuickDraw  Lente reemplazable  De gran tama\u00f1o para adaptarse a las gafas graduadas  Especificaciones   Lente curva de 3 bases  Disponible sin recubrimiento o con recubrimiento ENFOG  99,9% de protecci\u00f3n UVA y UVB a 385Nm","og_url":"https:\/\/itemsind.com\/tienda\/producto\/monogafa-encon-serie-160-2-59-montura-gris-lente-transparente-enfog\/","og_site_name":"Items Industriales","article_publisher":"https:\/\/www.facebook.com\/itemsind","article_modified_time":"2026-03-11T14:53:05+00:00","og_image":[{"width":1080,"height":1080,"url":"https:\/\/itemsind.com\/tienda\/wp-content\/uploads\/2026\/03\/plantilla-productos-WEBSITE-92.png","type":"image\/png"}],"twitter_card":"summary_large_image","twitter_misc":{"Tiempo de lectura":"1 minuto"},"schema":{"@context":"https:\/\/schema.org","@graph":[{"@type":"WebPage","@id":"https:\/\/itemsind.com\/tienda\/producto\/monogafa-encon-serie-160-2-59-montura-gris-lente-transparente-enfog\/","url":"https:\/\/itemsind.com\/tienda\/producto\/monogafa-encon-serie-160-2-59-montura-gris-lente-transparente-enfog\/","name":"Monogafa Encon\u00ae Serie 160\u2122 2-59 Montura Gris, Lente Transparente, ENFOG - Items Industriales","isPartOf":{"@id":"https:\/\/itemsind.com\/tienda\/#website"},"primaryImageOfPage":{"@id":"https:\/\/itemsind.com\/tienda\/producto\/monogafa-encon-serie-160-2-59-montura-gris-lente-transparente-enfog\/#primaryimage"},"image":{"@id":"https:\/\/itemsind.com\/tienda\/producto\/monogafa-encon-serie-160-2-59-montura-gris-lente-transparente-enfog\/#primaryimage"},"thumbnailUrl":"https:\/\/itemsind.com\/tienda\/wp-content\/uploads\/2026\/03\/plantilla-productos-WEBSITE-92.png","datePublished":"2026-03-11T14:52:51+00:00","dateModified":"2026-03-11T14:53:05+00:00","breadcrumb":{"@id":"https:\/\/itemsind.com\/tienda\/producto\/monogafa-encon-serie-160-2-59-montura-gris-lente-transparente-enfog\/#breadcrumb"},"inLanguage":"es","potentialAction":[{"@type":"ReadAction","target":["https:\/\/itemsind.com\/tienda\/producto\/monogafa-encon-serie-160-2-59-montura-gris-lente-transparente-enfog\/"]}]},{"@type":"ImageObject","inLanguage":"es","@id":"https:\/\/itemsind.com\/tienda\/producto\/monogafa-encon-serie-160-2-59-montura-gris-lente-transparente-enfog\/#primaryimage","url":"https:\/\/itemsind.com\/tienda\/wp-content\/uploads\/2026\/03\/plantilla-productos-WEBSITE-92.png","contentUrl":"https:\/\/itemsind.com\/tienda\/wp-content\/uploads\/2026\/03\/plantilla-productos-WEBSITE-92.png","width":1080,"height":1080},{"@type":"BreadcrumbList","@id":"https:\/\/itemsind.com\/tienda\/producto\/monogafa-encon-serie-160-2-59-montura-gris-lente-transparente-enfog\/#breadcrumb","itemListElement":[{"@type":"ListItem","position":1,"name":"Portada","item":"https:\/\/itemsind.com\/tienda\/"},{"@type":"ListItem","position":2,"name":"Tienda","item":"https:\/\/itemsind.com\/tienda\/tienda\/"},{"@type":"ListItem","position":3,"name":"Monogafa Encon\u00ae Serie 160\u2122 2-59 Montura Gris, Lente Transparente, ENFOG"}]},{"@type":"WebSite","@id":"https:\/\/itemsind.com\/tienda\/#website","url":"https:\/\/itemsind.com\/tienda\/","name":"Items Industriales","description":"Productos y Servicios para Seguridad Industrial","publisher":{"@id":"https:\/\/itemsind.com\/tienda\/#organization"},"potentialAction":[{"@type":"SearchAction","target":{"@type":"EntryPoint","urlTemplate":"https:\/\/itemsind.com\/tienda\/?s={search_term_string}"},"query-input":{"@type":"PropertyValueSpecification","valueRequired":true,"valueName":"search_term_string"}}],"inLanguage":"es"},{"@type":"Organization","@id":"https:\/\/itemsind.com\/tienda\/#organization","name":"Items Industriales","url":"https:\/\/itemsind.com\/tienda\/","logo":{"@type":"ImageObject","inLanguage":"es","@id":"https:\/\/itemsind.com\/tienda\/#\/schema\/logo\/image\/","url":"https:\/\/itemsind.com\/tienda\/wp-content\/uploads\/2023\/11\/items-logo-principal.jpg","contentUrl":"https:\/\/itemsind.com\/tienda\/wp-content\/uploads\/2023\/11\/items-logo-principal.jpg","width":2120,"height":793,"caption":"Items Industriales"},"image":{"@id":"https:\/\/itemsind.com\/tienda\/#\/schema\/logo\/image\/"},"sameAs":["https:\/\/www.facebook.com\/itemsind","https:\/\/www.instagram.com\/itemsind\/"]}]}},"_links":{"self":[{"href":"https:\/\/itemsind.com\/tienda\/wp-json\/wp\/v2\/product\/17895","targetHints":{"allow":["GET"]}}],"collection":[{"href":"https:\/\/itemsind.com\/tienda\/wp-json\/wp\/v2\/product"}],"about":[{"href":"https:\/\/itemsind.com\/tienda\/wp-json\/wp\/v2\/types\/product"}],"wp:featuredmedia":[{"embeddable":true,"href":"https:\/\/itemsind.com\/tienda\/wp-json\/wp\/v2\/media\/17896"}],"wp:attachment":[{"href":"https:\/\/itemsind.com\/tienda\/wp-json\/wp\/v2\/media?parent=17895"}],"wp:term":[{"taxonomy":"product_brand","embeddable":true,"href":"https:\/\/itemsind.com\/tienda\/wp-json\/wp\/v2\/product_brand?post=17895"},{"taxonomy":"product_cat","embeddable":true,"href":"https:\/\/itemsind.com\/tienda\/wp-json\/wp\/v2\/product_cat?post=17895"},{"taxonomy":"product_tag","embeddable":true,"href":"https:\/\/itemsind.com\/tienda\/wp-json\/wp\/v2\/product_tag?post=17895"}],"curies":[{"name":"wp","href":"https:\/\/api.w.org\/{rel}","templated":true}]}}