{"id":17897,"date":"2026-03-11T08:56:54","date_gmt":"2026-03-11T14:56:54","guid":{"rendered":"https:\/\/itemsind.com\/tienda\/?post_type=product&#038;p=17897"},"modified":"2026-03-11T08:57:24","modified_gmt":"2026-03-11T14:57:24","slug":"anteojo-veratti-2000-montura-gris-lente-gris-enfog","status":"publish","type":"product","link":"https:\/\/itemsind.com\/tienda\/producto\/anteojo-veratti-2000-montura-gris-lente-gris-enfog\/","title":{"rendered":"Anteojo Veratti\u00ae 2000\u2122 Montura Gris, Lente Gris, ENFOG"},"content":{"rendered":"","protected":false},"excerpt":{"rendered":"<h3><span style=\"color: #2e2e45;\">Caracter\u00edsticas del producto<\/span><\/h3>\n<ul>\n<li><span style=\"color: #2e2e45;\">Seguridad, moda y valor extremos<\/span><\/li>\n<li><span style=\"color: #2e2e45;\">Comodidad envolvente<\/span><\/li>\n<li><span style=\"color: #2e2e45;\">Dise\u00f1o elegante e ingr\u00e1vido<\/span><\/li>\n<li><span style=\"color: #2e2e45;\">Ofrece la \u00f3ptica m\u00e1s avanzada<\/span><\/li>\n<\/ul>\n<h3><span style=\"color: #2e2e45;\">Especificaciones<\/span><\/h3>\n<ul>\n<li><span style=\"color: #2e2e45;\">9,5 lente curva base<\/span><\/li>\n<li><span style=\"color: #2e2e45;\">Lentes de policarbonato de alto impacto<\/span><\/li>\n<li><span style=\"color: #2e2e45;\">Revestimientos ScratchCoat\u00ae y ENFOG\u00ae disponibles<\/span><\/li>\n<li><span style=\"color: #2e2e45;\">99,9% Protecci\u00f3n UVA y UVB hasta 385Nm<\/span><\/li>\n<\/ul>\n","protected":false},"featured_media":17898,"template":"","meta":[],"product_brand":[2365],"product_cat":[1370,2064],"product_tag":[2460,2385,2387,2458],"class_list":{"0":"post-17897","1":"product","2":"type-product","3":"status-publish","4":"has-post-thumbnail","6":"product_brand-encon","7":"product_cat-proteccion-facial-visual","8":"product_cat-proteccion","9":"product_tag-anteojo-de-seguridad","10":"product_tag-gafas-de-seguridad","11":"product_tag-lentes","12":"product_tag-proteccion-visual","15":"instock","16":"taxable","17":"shipping-taxable","18":"product-type-simple"},"yoast_head":"<!-- This site is optimized with the Yoast SEO plugin v27.4 - https:\/\/yoast.com\/product\/yoast-seo-wordpress\/ -->\n<title>Anteojo Veratti\u00ae 2000\u2122 Montura Gris, Lente Gris, ENFOG - Items Industriales<\/title>\n<meta name=\"robots\" content=\"index, follow, max-snippet:-1, max-image-preview:large, max-video-preview:-1\" \/>\n<link rel=\"canonical\" href=\"https:\/\/itemsind.com\/tienda\/producto\/anteojo-veratti-2000-montura-gris-lente-gris-enfog\/\" \/>\n<meta property=\"og:locale\" content=\"es_ES\" \/>\n<meta property=\"og:type\" content=\"article\" \/>\n<meta property=\"og:title\" content=\"Anteojo Veratti\u00ae 2000\u2122 Montura Gris, Lente Gris, ENFOG - Items Industriales\" \/>\n<meta property=\"og:description\" content=\"Caracter\u00edsticas del producto   Seguridad, moda y valor extremos  Comodidad envolvente  Dise\u00f1o elegante e ingr\u00e1vido  Ofrece la \u00f3ptica m\u00e1s avanzada  Especificaciones   9,5 lente curva base  Lentes de policarbonato de alto impacto  Revestimientos ScratchCoat\u00ae y ENFOG\u00ae disponibles  99,9% Protecci\u00f3n UVA y UVB hasta 385Nm\" \/>\n<meta property=\"og:url\" content=\"https:\/\/itemsind.com\/tienda\/producto\/anteojo-veratti-2000-montura-gris-lente-gris-enfog\/\" \/>\n<meta property=\"og:site_name\" content=\"Items Industriales\" \/>\n<meta property=\"article:publisher\" content=\"https:\/\/www.facebook.com\/itemsind\" \/>\n<meta property=\"article:modified_time\" content=\"2026-03-11T14:57:24+00:00\" \/>\n<meta property=\"og:image\" content=\"https:\/\/itemsind.com\/tienda\/wp-content\/uploads\/2026\/03\/plantilla-productos-WEBSITE-93.png\" \/>\n\t<meta property=\"og:image:width\" content=\"1080\" \/>\n\t<meta property=\"og:image:height\" content=\"1080\" \/>\n\t<meta property=\"og:image:type\" content=\"image\/png\" \/>\n<meta name=\"twitter:card\" content=\"summary_large_image\" \/>\n<meta name=\"twitter:label1\" content=\"Tiempo de lectura\" \/>\n\t<meta name=\"twitter:data1\" content=\"1 minuto\" \/>\n<script type=\"application\/ld+json\" class=\"yoast-schema-graph\">{\"@context\":\"https:\\\/\\\/schema.org\",\"@graph\":[{\"@type\":\"WebPage\",\"@id\":\"https:\\\/\\\/itemsind.com\\\/tienda\\\/producto\\\/anteojo-veratti-2000-montura-gris-lente-gris-enfog\\\/\",\"url\":\"https:\\\/\\\/itemsind.com\\\/tienda\\\/producto\\\/anteojo-veratti-2000-montura-gris-lente-gris-enfog\\\/\",\"name\":\"Anteojo Veratti\u00ae 2000\u2122 Montura Gris, Lente Gris, ENFOG - Items Industriales\",\"isPartOf\":{\"@id\":\"https:\\\/\\\/itemsind.com\\\/tienda\\\/#website\"},\"primaryImageOfPage\":{\"@id\":\"https:\\\/\\\/itemsind.com\\\/tienda\\\/producto\\\/anteojo-veratti-2000-montura-gris-lente-gris-enfog\\\/#primaryimage\"},\"image\":{\"@id\":\"https:\\\/\\\/itemsind.com\\\/tienda\\\/producto\\\/anteojo-veratti-2000-montura-gris-lente-gris-enfog\\\/#primaryimage\"},\"thumbnailUrl\":\"https:\\\/\\\/itemsind.com\\\/tienda\\\/wp-content\\\/uploads\\\/2026\\\/03\\\/plantilla-productos-WEBSITE-93.png\",\"datePublished\":\"2026-03-11T14:56:54+00:00\",\"dateModified\":\"2026-03-11T14:57:24+00:00\",\"breadcrumb\":{\"@id\":\"https:\\\/\\\/itemsind.com\\\/tienda\\\/producto\\\/anteojo-veratti-2000-montura-gris-lente-gris-enfog\\\/#breadcrumb\"},\"inLanguage\":\"es\",\"potentialAction\":[{\"@type\":\"ReadAction\",\"target\":[\"https:\\\/\\\/itemsind.com\\\/tienda\\\/producto\\\/anteojo-veratti-2000-montura-gris-lente-gris-enfog\\\/\"]}]},{\"@type\":\"ImageObject\",\"inLanguage\":\"es\",\"@id\":\"https:\\\/\\\/itemsind.com\\\/tienda\\\/producto\\\/anteojo-veratti-2000-montura-gris-lente-gris-enfog\\\/#primaryimage\",\"url\":\"https:\\\/\\\/itemsind.com\\\/tienda\\\/wp-content\\\/uploads\\\/2026\\\/03\\\/plantilla-productos-WEBSITE-93.png\",\"contentUrl\":\"https:\\\/\\\/itemsind.com\\\/tienda\\\/wp-content\\\/uploads\\\/2026\\\/03\\\/plantilla-productos-WEBSITE-93.png\",\"width\":1080,\"height\":1080},{\"@type\":\"BreadcrumbList\",\"@id\":\"https:\\\/\\\/itemsind.com\\\/tienda\\\/producto\\\/anteojo-veratti-2000-montura-gris-lente-gris-enfog\\\/#breadcrumb\",\"itemListElement\":[{\"@type\":\"ListItem\",\"position\":1,\"name\":\"Portada\",\"item\":\"https:\\\/\\\/itemsind.com\\\/tienda\\\/\"},{\"@type\":\"ListItem\",\"position\":2,\"name\":\"Tienda\",\"item\":\"https:\\\/\\\/itemsind.com\\\/tienda\\\/tienda\\\/\"},{\"@type\":\"ListItem\",\"position\":3,\"name\":\"Anteojo Veratti\u00ae 2000\u2122 Montura Gris, Lente Gris, ENFOG\"}]},{\"@type\":\"WebSite\",\"@id\":\"https:\\\/\\\/itemsind.com\\\/tienda\\\/#website\",\"url\":\"https:\\\/\\\/itemsind.com\\\/tienda\\\/\",\"name\":\"Items Industriales\",\"description\":\"Productos y Servicios para Seguridad Industrial\",\"publisher\":{\"@id\":\"https:\\\/\\\/itemsind.com\\\/tienda\\\/#organization\"},\"potentialAction\":[{\"@type\":\"SearchAction\",\"target\":{\"@type\":\"EntryPoint\",\"urlTemplate\":\"https:\\\/\\\/itemsind.com\\\/tienda\\\/?s={search_term_string}\"},\"query-input\":{\"@type\":\"PropertyValueSpecification\",\"valueRequired\":true,\"valueName\":\"search_term_string\"}}],\"inLanguage\":\"es\"},{\"@type\":\"Organization\",\"@id\":\"https:\\\/\\\/itemsind.com\\\/tienda\\\/#organization\",\"name\":\"Items Industriales\",\"url\":\"https:\\\/\\\/itemsind.com\\\/tienda\\\/\",\"logo\":{\"@type\":\"ImageObject\",\"inLanguage\":\"es\",\"@id\":\"https:\\\/\\\/itemsind.com\\\/tienda\\\/#\\\/schema\\\/logo\\\/image\\\/\",\"url\":\"https:\\\/\\\/itemsind.com\\\/tienda\\\/wp-content\\\/uploads\\\/2023\\\/11\\\/items-logo-principal.jpg\",\"contentUrl\":\"https:\\\/\\\/itemsind.com\\\/tienda\\\/wp-content\\\/uploads\\\/2023\\\/11\\\/items-logo-principal.jpg\",\"width\":2120,\"height\":793,\"caption\":\"Items Industriales\"},\"image\":{\"@id\":\"https:\\\/\\\/itemsind.com\\\/tienda\\\/#\\\/schema\\\/logo\\\/image\\\/\"},\"sameAs\":[\"https:\\\/\\\/www.facebook.com\\\/itemsind\",\"https:\\\/\\\/www.instagram.com\\\/itemsind\\\/\"]}]}<\/script>\n<!-- \/ Yoast SEO plugin. -->","yoast_head_json":{"title":"Anteojo Veratti\u00ae 2000\u2122 Montura Gris, Lente Gris, ENFOG - Items Industriales","robots":{"index":"index","follow":"follow","max-snippet":"max-snippet:-1","max-image-preview":"max-image-preview:large","max-video-preview":"max-video-preview:-1"},"canonical":"https:\/\/itemsind.com\/tienda\/producto\/anteojo-veratti-2000-montura-gris-lente-gris-enfog\/","og_locale":"es_ES","og_type":"article","og_title":"Anteojo Veratti\u00ae 2000\u2122 Montura Gris, Lente Gris, ENFOG - Items Industriales","og_description":"Caracter\u00edsticas del producto   Seguridad, moda y valor extremos  Comodidad envolvente  Dise\u00f1o elegante e ingr\u00e1vido  Ofrece la \u00f3ptica m\u00e1s avanzada  Especificaciones   9,5 lente curva base  Lentes de policarbonato de alto impacto  Revestimientos ScratchCoat\u00ae y ENFOG\u00ae disponibles  99,9% Protecci\u00f3n UVA y UVB hasta 385Nm","og_url":"https:\/\/itemsind.com\/tienda\/producto\/anteojo-veratti-2000-montura-gris-lente-gris-enfog\/","og_site_name":"Items Industriales","article_publisher":"https:\/\/www.facebook.com\/itemsind","article_modified_time":"2026-03-11T14:57:24+00:00","og_image":[{"width":1080,"height":1080,"url":"https:\/\/itemsind.com\/tienda\/wp-content\/uploads\/2026\/03\/plantilla-productos-WEBSITE-93.png","type":"image\/png"}],"twitter_card":"summary_large_image","twitter_misc":{"Tiempo de lectura":"1 minuto"},"schema":{"@context":"https:\/\/schema.org","@graph":[{"@type":"WebPage","@id":"https:\/\/itemsind.com\/tienda\/producto\/anteojo-veratti-2000-montura-gris-lente-gris-enfog\/","url":"https:\/\/itemsind.com\/tienda\/producto\/anteojo-veratti-2000-montura-gris-lente-gris-enfog\/","name":"Anteojo Veratti\u00ae 2000\u2122 Montura Gris, Lente Gris, ENFOG - Items Industriales","isPartOf":{"@id":"https:\/\/itemsind.com\/tienda\/#website"},"primaryImageOfPage":{"@id":"https:\/\/itemsind.com\/tienda\/producto\/anteojo-veratti-2000-montura-gris-lente-gris-enfog\/#primaryimage"},"image":{"@id":"https:\/\/itemsind.com\/tienda\/producto\/anteojo-veratti-2000-montura-gris-lente-gris-enfog\/#primaryimage"},"thumbnailUrl":"https:\/\/itemsind.com\/tienda\/wp-content\/uploads\/2026\/03\/plantilla-productos-WEBSITE-93.png","datePublished":"2026-03-11T14:56:54+00:00","dateModified":"2026-03-11T14:57:24+00:00","breadcrumb":{"@id":"https:\/\/itemsind.com\/tienda\/producto\/anteojo-veratti-2000-montura-gris-lente-gris-enfog\/#breadcrumb"},"inLanguage":"es","potentialAction":[{"@type":"ReadAction","target":["https:\/\/itemsind.com\/tienda\/producto\/anteojo-veratti-2000-montura-gris-lente-gris-enfog\/"]}]},{"@type":"ImageObject","inLanguage":"es","@id":"https:\/\/itemsind.com\/tienda\/producto\/anteojo-veratti-2000-montura-gris-lente-gris-enfog\/#primaryimage","url":"https:\/\/itemsind.com\/tienda\/wp-content\/uploads\/2026\/03\/plantilla-productos-WEBSITE-93.png","contentUrl":"https:\/\/itemsind.com\/tienda\/wp-content\/uploads\/2026\/03\/plantilla-productos-WEBSITE-93.png","width":1080,"height":1080},{"@type":"BreadcrumbList","@id":"https:\/\/itemsind.com\/tienda\/producto\/anteojo-veratti-2000-montura-gris-lente-gris-enfog\/#breadcrumb","itemListElement":[{"@type":"ListItem","position":1,"name":"Portada","item":"https:\/\/itemsind.com\/tienda\/"},{"@type":"ListItem","position":2,"name":"Tienda","item":"https:\/\/itemsind.com\/tienda\/tienda\/"},{"@type":"ListItem","position":3,"name":"Anteojo Veratti\u00ae 2000\u2122 Montura Gris, Lente Gris, ENFOG"}]},{"@type":"WebSite","@id":"https:\/\/itemsind.com\/tienda\/#website","url":"https:\/\/itemsind.com\/tienda\/","name":"Items Industriales","description":"Productos y Servicios para Seguridad Industrial","publisher":{"@id":"https:\/\/itemsind.com\/tienda\/#organization"},"potentialAction":[{"@type":"SearchAction","target":{"@type":"EntryPoint","urlTemplate":"https:\/\/itemsind.com\/tienda\/?s={search_term_string}"},"query-input":{"@type":"PropertyValueSpecification","valueRequired":true,"valueName":"search_term_string"}}],"inLanguage":"es"},{"@type":"Organization","@id":"https:\/\/itemsind.com\/tienda\/#organization","name":"Items Industriales","url":"https:\/\/itemsind.com\/tienda\/","logo":{"@type":"ImageObject","inLanguage":"es","@id":"https:\/\/itemsind.com\/tienda\/#\/schema\/logo\/image\/","url":"https:\/\/itemsind.com\/tienda\/wp-content\/uploads\/2023\/11\/items-logo-principal.jpg","contentUrl":"https:\/\/itemsind.com\/tienda\/wp-content\/uploads\/2023\/11\/items-logo-principal.jpg","width":2120,"height":793,"caption":"Items Industriales"},"image":{"@id":"https:\/\/itemsind.com\/tienda\/#\/schema\/logo\/image\/"},"sameAs":["https:\/\/www.facebook.com\/itemsind","https:\/\/www.instagram.com\/itemsind\/"]}]}},"_links":{"self":[{"href":"https:\/\/itemsind.com\/tienda\/wp-json\/wp\/v2\/product\/17897","targetHints":{"allow":["GET"]}}],"collection":[{"href":"https:\/\/itemsind.com\/tienda\/wp-json\/wp\/v2\/product"}],"about":[{"href":"https:\/\/itemsind.com\/tienda\/wp-json\/wp\/v2\/types\/product"}],"wp:featuredmedia":[{"embeddable":true,"href":"https:\/\/itemsind.com\/tienda\/wp-json\/wp\/v2\/media\/17898"}],"wp:attachment":[{"href":"https:\/\/itemsind.com\/tienda\/wp-json\/wp\/v2\/media?parent=17897"}],"wp:term":[{"taxonomy":"product_brand","embeddable":true,"href":"https:\/\/itemsind.com\/tienda\/wp-json\/wp\/v2\/product_brand?post=17897"},{"taxonomy":"product_cat","embeddable":true,"href":"https:\/\/itemsind.com\/tienda\/wp-json\/wp\/v2\/product_cat?post=17897"},{"taxonomy":"product_tag","embeddable":true,"href":"https:\/\/itemsind.com\/tienda\/wp-json\/wp\/v2\/product_tag?post=17897"}],"curies":[{"name":"wp","href":"https:\/\/api.w.org\/{rel}","templated":true}]}}