{"id":17918,"date":"2026-03-11T10:12:04","date_gmt":"2026-03-11T16:12:04","guid":{"rendered":"https:\/\/itemsind.com\/tienda\/?post_type=product&#038;p=17918"},"modified":"2026-03-11T11:20:48","modified_gmt":"2026-03-11T17:20:48","slug":"anteojo-veratti-lite-2-0-montura-gris-y-verde-lente-gris-claro-afr","status":"publish","type":"product","link":"https:\/\/itemsind.com\/tienda\/producto\/anteojo-veratti-lite-2-0-montura-gris-y-verde-lente-gris-claro-afr\/","title":{"rendered":"Anteojo Veratti\u00ae Lite\u2122 2.0 Montura Gris y Verde, Lente Gris Claro, AFR"},"content":{"rendered":"","protected":false},"excerpt":{"rendered":"<p>Las marcas Encon de gafas de seguridad son sin\u00f3nimo de rendimiento, durabilidad y estilo. Nuestros productos ofrecen una de las tecnolog\u00edas de recubrimiento m\u00e1s innovadoras del sector.<\/p>\n","protected":false},"featured_media":17919,"template":"","meta":[],"product_brand":[2365],"product_cat":[1370,2064],"product_tag":[2460,2385,2387,2458],"class_list":{"0":"post-17918","1":"product","2":"type-product","3":"status-publish","4":"has-post-thumbnail","6":"product_brand-encon","7":"product_cat-proteccion-facial-visual","8":"product_cat-proteccion","9":"product_tag-anteojo-de-seguridad","10":"product_tag-gafas-de-seguridad","11":"product_tag-lentes","12":"product_tag-proteccion-visual","15":"instock","16":"taxable","17":"shipping-taxable","18":"product-type-simple"},"yoast_head":"<!-- This site is optimized with the Yoast SEO plugin v27.4 - https:\/\/yoast.com\/product\/yoast-seo-wordpress\/ -->\n<title>Anteojo Veratti\u00ae Lite\u2122 2.0 Montura Gris y Verde, Lente Gris Claro, AFR - Items Industriales<\/title>\n<meta name=\"robots\" content=\"index, follow, max-snippet:-1, max-image-preview:large, max-video-preview:-1\" \/>\n<link rel=\"canonical\" href=\"https:\/\/itemsind.com\/tienda\/producto\/anteojo-veratti-lite-2-0-montura-gris-y-verde-lente-gris-claro-afr\/\" \/>\n<meta property=\"og:locale\" content=\"es_ES\" \/>\n<meta property=\"og:type\" content=\"article\" \/>\n<meta property=\"og:title\" content=\"Anteojo Veratti\u00ae Lite\u2122 2.0 Montura Gris y Verde, Lente Gris Claro, AFR - Items Industriales\" \/>\n<meta property=\"og:description\" content=\"Las marcas Encon de gafas de seguridad son sin\u00f3nimo de rendimiento, durabilidad y estilo. Nuestros productos ofrecen una de las tecnolog\u00edas de recubrimiento m\u00e1s innovadoras del sector.\" \/>\n<meta property=\"og:url\" content=\"https:\/\/itemsind.com\/tienda\/producto\/anteojo-veratti-lite-2-0-montura-gris-y-verde-lente-gris-claro-afr\/\" \/>\n<meta property=\"og:site_name\" content=\"Items Industriales\" \/>\n<meta property=\"article:publisher\" content=\"https:\/\/www.facebook.com\/itemsind\" \/>\n<meta property=\"article:modified_time\" content=\"2026-03-11T17:20:48+00:00\" \/>\n<meta property=\"og:image\" content=\"https:\/\/itemsind.com\/tienda\/wp-content\/uploads\/2026\/03\/plantilla-productos-WEBSITE-2026-03-11T100928.024.png\" \/>\n\t<meta property=\"og:image:width\" content=\"1080\" \/>\n\t<meta property=\"og:image:height\" content=\"1080\" \/>\n\t<meta property=\"og:image:type\" content=\"image\/png\" \/>\n<meta name=\"twitter:card\" content=\"summary_large_image\" \/>\n<meta name=\"twitter:label1\" content=\"Tiempo de lectura\" \/>\n\t<meta name=\"twitter:data1\" content=\"1 minuto\" \/>\n<script type=\"application\/ld+json\" class=\"yoast-schema-graph\">{\"@context\":\"https:\\\/\\\/schema.org\",\"@graph\":[{\"@type\":\"WebPage\",\"@id\":\"https:\\\/\\\/itemsind.com\\\/tienda\\\/producto\\\/anteojo-veratti-lite-2-0-montura-gris-y-verde-lente-gris-claro-afr\\\/\",\"url\":\"https:\\\/\\\/itemsind.com\\\/tienda\\\/producto\\\/anteojo-veratti-lite-2-0-montura-gris-y-verde-lente-gris-claro-afr\\\/\",\"name\":\"Anteojo Veratti\u00ae Lite\u2122 2.0 Montura Gris y Verde, Lente Gris Claro, AFR - Items Industriales\",\"isPartOf\":{\"@id\":\"https:\\\/\\\/itemsind.com\\\/tienda\\\/#website\"},\"primaryImageOfPage\":{\"@id\":\"https:\\\/\\\/itemsind.com\\\/tienda\\\/producto\\\/anteojo-veratti-lite-2-0-montura-gris-y-verde-lente-gris-claro-afr\\\/#primaryimage\"},\"image\":{\"@id\":\"https:\\\/\\\/itemsind.com\\\/tienda\\\/producto\\\/anteojo-veratti-lite-2-0-montura-gris-y-verde-lente-gris-claro-afr\\\/#primaryimage\"},\"thumbnailUrl\":\"https:\\\/\\\/itemsind.com\\\/tienda\\\/wp-content\\\/uploads\\\/2026\\\/03\\\/plantilla-productos-WEBSITE-2026-03-11T100928.024.png\",\"datePublished\":\"2026-03-11T16:12:04+00:00\",\"dateModified\":\"2026-03-11T17:20:48+00:00\",\"breadcrumb\":{\"@id\":\"https:\\\/\\\/itemsind.com\\\/tienda\\\/producto\\\/anteojo-veratti-lite-2-0-montura-gris-y-verde-lente-gris-claro-afr\\\/#breadcrumb\"},\"inLanguage\":\"es\",\"potentialAction\":[{\"@type\":\"ReadAction\",\"target\":[\"https:\\\/\\\/itemsind.com\\\/tienda\\\/producto\\\/anteojo-veratti-lite-2-0-montura-gris-y-verde-lente-gris-claro-afr\\\/\"]}]},{\"@type\":\"ImageObject\",\"inLanguage\":\"es\",\"@id\":\"https:\\\/\\\/itemsind.com\\\/tienda\\\/producto\\\/anteojo-veratti-lite-2-0-montura-gris-y-verde-lente-gris-claro-afr\\\/#primaryimage\",\"url\":\"https:\\\/\\\/itemsind.com\\\/tienda\\\/wp-content\\\/uploads\\\/2026\\\/03\\\/plantilla-productos-WEBSITE-2026-03-11T100928.024.png\",\"contentUrl\":\"https:\\\/\\\/itemsind.com\\\/tienda\\\/wp-content\\\/uploads\\\/2026\\\/03\\\/plantilla-productos-WEBSITE-2026-03-11T100928.024.png\",\"width\":1080,\"height\":1080},{\"@type\":\"BreadcrumbList\",\"@id\":\"https:\\\/\\\/itemsind.com\\\/tienda\\\/producto\\\/anteojo-veratti-lite-2-0-montura-gris-y-verde-lente-gris-claro-afr\\\/#breadcrumb\",\"itemListElement\":[{\"@type\":\"ListItem\",\"position\":1,\"name\":\"Portada\",\"item\":\"https:\\\/\\\/itemsind.com\\\/tienda\\\/\"},{\"@type\":\"ListItem\",\"position\":2,\"name\":\"Tienda\",\"item\":\"https:\\\/\\\/itemsind.com\\\/tienda\\\/tienda\\\/\"},{\"@type\":\"ListItem\",\"position\":3,\"name\":\"Anteojo Veratti\u00ae Lite\u2122 2.0 Montura Gris y Verde, Lente Gris Claro, AFR\"}]},{\"@type\":\"WebSite\",\"@id\":\"https:\\\/\\\/itemsind.com\\\/tienda\\\/#website\",\"url\":\"https:\\\/\\\/itemsind.com\\\/tienda\\\/\",\"name\":\"Items Industriales\",\"description\":\"Productos y Servicios para Seguridad Industrial\",\"publisher\":{\"@id\":\"https:\\\/\\\/itemsind.com\\\/tienda\\\/#organization\"},\"potentialAction\":[{\"@type\":\"SearchAction\",\"target\":{\"@type\":\"EntryPoint\",\"urlTemplate\":\"https:\\\/\\\/itemsind.com\\\/tienda\\\/?s={search_term_string}\"},\"query-input\":{\"@type\":\"PropertyValueSpecification\",\"valueRequired\":true,\"valueName\":\"search_term_string\"}}],\"inLanguage\":\"es\"},{\"@type\":\"Organization\",\"@id\":\"https:\\\/\\\/itemsind.com\\\/tienda\\\/#organization\",\"name\":\"Items Industriales\",\"url\":\"https:\\\/\\\/itemsind.com\\\/tienda\\\/\",\"logo\":{\"@type\":\"ImageObject\",\"inLanguage\":\"es\",\"@id\":\"https:\\\/\\\/itemsind.com\\\/tienda\\\/#\\\/schema\\\/logo\\\/image\\\/\",\"url\":\"https:\\\/\\\/itemsind.com\\\/tienda\\\/wp-content\\\/uploads\\\/2023\\\/11\\\/items-logo-principal.jpg\",\"contentUrl\":\"https:\\\/\\\/itemsind.com\\\/tienda\\\/wp-content\\\/uploads\\\/2023\\\/11\\\/items-logo-principal.jpg\",\"width\":2120,\"height\":793,\"caption\":\"Items Industriales\"},\"image\":{\"@id\":\"https:\\\/\\\/itemsind.com\\\/tienda\\\/#\\\/schema\\\/logo\\\/image\\\/\"},\"sameAs\":[\"https:\\\/\\\/www.facebook.com\\\/itemsind\",\"https:\\\/\\\/www.instagram.com\\\/itemsind\\\/\"]}]}<\/script>\n<!-- \/ Yoast SEO plugin. -->","yoast_head_json":{"title":"Anteojo Veratti\u00ae Lite\u2122 2.0 Montura Gris y Verde, Lente Gris Claro, AFR - Items Industriales","robots":{"index":"index","follow":"follow","max-snippet":"max-snippet:-1","max-image-preview":"max-image-preview:large","max-video-preview":"max-video-preview:-1"},"canonical":"https:\/\/itemsind.com\/tienda\/producto\/anteojo-veratti-lite-2-0-montura-gris-y-verde-lente-gris-claro-afr\/","og_locale":"es_ES","og_type":"article","og_title":"Anteojo Veratti\u00ae Lite\u2122 2.0 Montura Gris y Verde, Lente Gris Claro, AFR - Items Industriales","og_description":"Las marcas Encon de gafas de seguridad son sin\u00f3nimo de rendimiento, durabilidad y estilo. Nuestros productos ofrecen una de las tecnolog\u00edas de recubrimiento m\u00e1s innovadoras del sector.","og_url":"https:\/\/itemsind.com\/tienda\/producto\/anteojo-veratti-lite-2-0-montura-gris-y-verde-lente-gris-claro-afr\/","og_site_name":"Items Industriales","article_publisher":"https:\/\/www.facebook.com\/itemsind","article_modified_time":"2026-03-11T17:20:48+00:00","og_image":[{"width":1080,"height":1080,"url":"https:\/\/itemsind.com\/tienda\/wp-content\/uploads\/2026\/03\/plantilla-productos-WEBSITE-2026-03-11T100928.024.png","type":"image\/png"}],"twitter_card":"summary_large_image","twitter_misc":{"Tiempo de lectura":"1 minuto"},"schema":{"@context":"https:\/\/schema.org","@graph":[{"@type":"WebPage","@id":"https:\/\/itemsind.com\/tienda\/producto\/anteojo-veratti-lite-2-0-montura-gris-y-verde-lente-gris-claro-afr\/","url":"https:\/\/itemsind.com\/tienda\/producto\/anteojo-veratti-lite-2-0-montura-gris-y-verde-lente-gris-claro-afr\/","name":"Anteojo Veratti\u00ae Lite\u2122 2.0 Montura Gris y Verde, Lente Gris Claro, AFR - Items Industriales","isPartOf":{"@id":"https:\/\/itemsind.com\/tienda\/#website"},"primaryImageOfPage":{"@id":"https:\/\/itemsind.com\/tienda\/producto\/anteojo-veratti-lite-2-0-montura-gris-y-verde-lente-gris-claro-afr\/#primaryimage"},"image":{"@id":"https:\/\/itemsind.com\/tienda\/producto\/anteojo-veratti-lite-2-0-montura-gris-y-verde-lente-gris-claro-afr\/#primaryimage"},"thumbnailUrl":"https:\/\/itemsind.com\/tienda\/wp-content\/uploads\/2026\/03\/plantilla-productos-WEBSITE-2026-03-11T100928.024.png","datePublished":"2026-03-11T16:12:04+00:00","dateModified":"2026-03-11T17:20:48+00:00","breadcrumb":{"@id":"https:\/\/itemsind.com\/tienda\/producto\/anteojo-veratti-lite-2-0-montura-gris-y-verde-lente-gris-claro-afr\/#breadcrumb"},"inLanguage":"es","potentialAction":[{"@type":"ReadAction","target":["https:\/\/itemsind.com\/tienda\/producto\/anteojo-veratti-lite-2-0-montura-gris-y-verde-lente-gris-claro-afr\/"]}]},{"@type":"ImageObject","inLanguage":"es","@id":"https:\/\/itemsind.com\/tienda\/producto\/anteojo-veratti-lite-2-0-montura-gris-y-verde-lente-gris-claro-afr\/#primaryimage","url":"https:\/\/itemsind.com\/tienda\/wp-content\/uploads\/2026\/03\/plantilla-productos-WEBSITE-2026-03-11T100928.024.png","contentUrl":"https:\/\/itemsind.com\/tienda\/wp-content\/uploads\/2026\/03\/plantilla-productos-WEBSITE-2026-03-11T100928.024.png","width":1080,"height":1080},{"@type":"BreadcrumbList","@id":"https:\/\/itemsind.com\/tienda\/producto\/anteojo-veratti-lite-2-0-montura-gris-y-verde-lente-gris-claro-afr\/#breadcrumb","itemListElement":[{"@type":"ListItem","position":1,"name":"Portada","item":"https:\/\/itemsind.com\/tienda\/"},{"@type":"ListItem","position":2,"name":"Tienda","item":"https:\/\/itemsind.com\/tienda\/tienda\/"},{"@type":"ListItem","position":3,"name":"Anteojo Veratti\u00ae Lite\u2122 2.0 Montura Gris y Verde, Lente Gris Claro, AFR"}]},{"@type":"WebSite","@id":"https:\/\/itemsind.com\/tienda\/#website","url":"https:\/\/itemsind.com\/tienda\/","name":"Items Industriales","description":"Productos y Servicios para Seguridad Industrial","publisher":{"@id":"https:\/\/itemsind.com\/tienda\/#organization"},"potentialAction":[{"@type":"SearchAction","target":{"@type":"EntryPoint","urlTemplate":"https:\/\/itemsind.com\/tienda\/?s={search_term_string}"},"query-input":{"@type":"PropertyValueSpecification","valueRequired":true,"valueName":"search_term_string"}}],"inLanguage":"es"},{"@type":"Organization","@id":"https:\/\/itemsind.com\/tienda\/#organization","name":"Items Industriales","url":"https:\/\/itemsind.com\/tienda\/","logo":{"@type":"ImageObject","inLanguage":"es","@id":"https:\/\/itemsind.com\/tienda\/#\/schema\/logo\/image\/","url":"https:\/\/itemsind.com\/tienda\/wp-content\/uploads\/2023\/11\/items-logo-principal.jpg","contentUrl":"https:\/\/itemsind.com\/tienda\/wp-content\/uploads\/2023\/11\/items-logo-principal.jpg","width":2120,"height":793,"caption":"Items Industriales"},"image":{"@id":"https:\/\/itemsind.com\/tienda\/#\/schema\/logo\/image\/"},"sameAs":["https:\/\/www.facebook.com\/itemsind","https:\/\/www.instagram.com\/itemsind\/"]}]}},"_links":{"self":[{"href":"https:\/\/itemsind.com\/tienda\/wp-json\/wp\/v2\/product\/17918","targetHints":{"allow":["GET"]}}],"collection":[{"href":"https:\/\/itemsind.com\/tienda\/wp-json\/wp\/v2\/product"}],"about":[{"href":"https:\/\/itemsind.com\/tienda\/wp-json\/wp\/v2\/types\/product"}],"wp:featuredmedia":[{"embeddable":true,"href":"https:\/\/itemsind.com\/tienda\/wp-json\/wp\/v2\/media\/17919"}],"wp:attachment":[{"href":"https:\/\/itemsind.com\/tienda\/wp-json\/wp\/v2\/media?parent=17918"}],"wp:term":[{"taxonomy":"product_brand","embeddable":true,"href":"https:\/\/itemsind.com\/tienda\/wp-json\/wp\/v2\/product_brand?post=17918"},{"taxonomy":"product_cat","embeddable":true,"href":"https:\/\/itemsind.com\/tienda\/wp-json\/wp\/v2\/product_cat?post=17918"},{"taxonomy":"product_tag","embeddable":true,"href":"https:\/\/itemsind.com\/tienda\/wp-json\/wp\/v2\/product_tag?post=17918"}],"curies":[{"name":"wp","href":"https:\/\/api.w.org\/{rel}","templated":true}]}}