{"id":17943,"date":"2026-03-11T12:48:44","date_gmt":"2026-03-11T18:48:44","guid":{"rendered":"https:\/\/itemsind.com\/tienda\/?post_type=product&#038;p=17943"},"modified":"2026-03-11T12:52:57","modified_gmt":"2026-03-11T18:52:57","slug":"respirador-moldex-m2800n95-special-ops-handystrap","status":"publish","type":"product","link":"https:\/\/itemsind.com\/tienda\/producto\/respirador-moldex-m2800n95-special-ops-handystrap\/","title":{"rendered":"Respirador Moldex M2800N95-Special Ops\u00ae HandyStrap\u00ae"},"content":{"rendered":"","protected":false},"excerpt":{"rendered":"<ul class=\"featrues-ul\" role=\"presentation\">\n<li role=\"listitem\"><strong><span style=\"color: #000000;\"><span class=\"title\"><span dir=\"auto\">USO EN SOLDADURA, FUNDICI\u00d3N, ELIMINACI\u00d3N DE RESIDUOS Y OTRAS APLICACIONES\u00a0<\/span><\/span><\/span><\/strong><\/li>\n<\/ul>\n<p><span style=\"color: #000000;\"><span dir=\"auto\">Donde haya niveles molestos de vapores org\u00e1nicos.<\/span><\/span><\/p>\n<ul class=\"featrues-ul\" role=\"presentation\">\n<li role=\"listitem\"><span style=\"color: #000000;\"><span class=\"title\"><span dir=\"auto\"><strong>M\u00c1S DURADERO Y MENOS RESIDUOS<\/strong>. La\u00a0<\/span><\/span><span dir=\"auto\">exclusiva CARCASA NEGRA DURA-MESH protege el medio filtrante, manteni\u00e9ndolo limpio por m\u00e1s tiempo. Adem\u00e1s, la carcasa resiste el colapso en ambientes c\u00e1lidos y h\u00famedos, lo que permite que el respirador mantenga su forma por m\u00e1s tiempo, lo que resulta en menos respiradores utilizados y menores costos.<\/span><\/span><\/li>\n<\/ul>\n<ul class=\"featrues-ul\" role=\"presentation\">\n<li role=\"listitem\"><span style=\"color: #000000;\"><span class=\"title\"><span dir=\"auto\"><strong>M\u00c1S COMODIDAD MENOS PRESI\u00d3N<\/strong>\u00a0<\/span><\/span><span dir=\"auto\">La pieza facial tiene un contorno natural y el puente nasal moldeado sin pellizcos se sella f\u00e1cilmente sin una banda nasal de metal.<\/span><\/span><\/li>\n<\/ul>\n<ul class=\"featrues-ul\" role=\"presentation\">\n<li role=\"listitem\"><span style=\"color: #000000;\"><span class=\"title\"><span dir=\"auto\"><strong>V\u00c1LVULA VENTEX<\/strong>\u00a0<\/span><\/span><span dir=\"auto\">Permite que el aire caliente salga m\u00e1s r\u00e1pido, para que los trabajadores respiren mejor y se mantengan m\u00e1s frescos, adem\u00e1s de ayudar a que la m\u00e1scara dure m\u00e1s.<\/span><\/span><\/li>\n<\/ul>\n<ul class=\"featrues-ul\" role=\"presentation\">\n<li role=\"listitem\"><span style=\"color: #000000;\"><span class=\"title\"><span dir=\"auto\"><strong>CORREA DE MANO CON HEBILLA<\/strong>\u00a0<\/span><\/span><span dir=\"auto\">Permite que la mascarilla cuelgue alrededor del cuello del usuario para guardarla cuando no est\u00e9 en uso, evitando su descarte prematuro, reduciendo el uso, menos desperdicio y ahorrando dinero.<\/span><\/span><\/li>\n<\/ul>\n<ul class=\"featrues-ul\" role=\"presentation\">\n<li role=\"listitem\"><span style=\"color: #000000;\"><span class=\"title\"><span dir=\"auto\"><strong>PONTE C\u00d3MODO<\/strong>\u00a0<\/span><\/span><span dir=\"auto\">Con forro suave y almohadilla nasal de espuma suave.<\/span><\/span><\/li>\n<\/ul>\n<ul class=\"featrues-ul\" role=\"presentation\">\n<li role=\"listitem\"><span style=\"color: #000000;\"><span class=\"title\"><span dir=\"auto\"><strong>DISPONIBLE EN 2 TAMA\u00d1OS, INCLUIDO EL PEQUE\u00d1O<\/strong>\u00a0<\/span><\/span><span dir=\"auto\">Para la fuerza laboral diversa de hoy.<\/span><\/span><\/li>\n<\/ul>\n<ul class=\"featrues-ul\" role=\"presentation\">\n<li role=\"listitem\"><span style=\"color: #000000;\"><span class=\"title\"><span dir=\"auto\"><strong>HECHO EN AM\u00c9RICA<\/strong>\u00a0<\/span><\/span><span dir=\"auto\">Calidad en la que puede confiar.<\/span><\/span><\/li>\n<\/ul>\n<ul class=\"featrues-ul\" role=\"presentation\">\n<li role=\"listitem\"><span style=\"color: #000000;\"><span class=\"title\"><span dir=\"auto\"><strong>SOLUCIONES SOSTENIBLES<\/strong>\u00a0<\/span><\/span><span dir=\"auto\">100% libre de PVC, como todos los productos y embalajes Moldex.<\/span><\/span><\/li>\n<\/ul>\n","protected":false},"featured_media":17944,"template":"","meta":[],"product_brand":[2370],"product_cat":[2064,1353],"product_tag":[2464,1456,2456],"class_list":{"0":"post-17943","1":"product","2":"type-product","3":"status-publish","4":"has-post-thumbnail","6":"product_brand-moldex","7":"product_cat-proteccion","8":"product_cat-proteccion-respiratoria","9":"product_tag-proteccion-respiratoria","10":"product_tag-respirador","11":"product_tag-respirador-n95","14":"instock","15":"taxable","16":"shipping-taxable","17":"product-type-simple"},"yoast_head":"<!-- This site is optimized with the Yoast SEO plugin v27.4 - https:\/\/yoast.com\/product\/yoast-seo-wordpress\/ -->\n<title>Respirador Moldex M2800N95-Special Ops\u00ae HandyStrap\u00ae - Items Industriales<\/title>\n<meta name=\"robots\" content=\"index, follow, max-snippet:-1, max-image-preview:large, max-video-preview:-1\" \/>\n<link rel=\"canonical\" href=\"https:\/\/itemsind.com\/tienda\/producto\/respirador-moldex-m2800n95-special-ops-handystrap\/\" \/>\n<meta property=\"og:locale\" content=\"es_ES\" \/>\n<meta property=\"og:type\" content=\"article\" \/>\n<meta property=\"og:title\" content=\"Respirador Moldex M2800N95-Special Ops\u00ae HandyStrap\u00ae - Items Industriales\" \/>\n<meta property=\"og:description\" content=\"USO EN SOLDADURA, FUNDICI\u00d3N, ELIMINACI\u00d3N DE RESIDUOS Y OTRAS APLICACIONES\u00a0  Donde haya niveles molestos de vapores org\u00e1nicos.   M\u00c1S DURADERO Y MENOS RESIDUOS. La\u00a0exclusiva CARCASA NEGRA DURA-MESH protege el medio filtrante, manteni\u00e9ndolo limpio por m\u00e1s tiempo. Adem\u00e1s, la carcasa resiste el colapso en ambientes c\u00e1lidos y h\u00famedos, lo que permite que el respirador mantenga su forma por m\u00e1s tiempo, lo que resulta en menos respiradores utilizados y menores costos.    M\u00c1S COMODIDAD MENOS PRESI\u00d3N\u00a0La pieza facial tiene un contorno natural y el puente nasal moldeado sin pellizcos se sella f\u00e1cilmente sin una banda nasal de metal.    V\u00c1LVULA VENTEX\u00a0Permite que el aire caliente salga m\u00e1s r\u00e1pido, para que los trabajadores respiren mejor y se mantengan m\u00e1s frescos, adem\u00e1s de ayudar a que la m\u00e1scara dure m\u00e1s.    CORREA DE MANO CON HEBILLA\u00a0Permite que la mascarilla cuelgue alrededor del cuello del usuario para guardarla cuando no est\u00e9 en uso, evitando su descarte prematuro, reduciendo el uso, menos desperdicio y ahorrando dinero.    PONTE C\u00d3MODO\u00a0Con forro suave y almohadilla nasal de espuma suave.    DISPONIBLE EN 2 TAMA\u00d1OS, INCLUIDO EL PEQUE\u00d1O\u00a0Para la fuerza laboral diversa de hoy.    HECHO EN AM\u00c9RICA\u00a0Calidad en la que puede confiar.    SOLUCIONES SOSTENIBLES\u00a0100% libre de PVC, como todos los productos y embalajes Moldex.\" \/>\n<meta property=\"og:url\" content=\"https:\/\/itemsind.com\/tienda\/producto\/respirador-moldex-m2800n95-special-ops-handystrap\/\" \/>\n<meta property=\"og:site_name\" content=\"Items Industriales\" \/>\n<meta property=\"article:publisher\" content=\"https:\/\/www.facebook.com\/itemsind\" \/>\n<meta property=\"article:modified_time\" content=\"2026-03-11T18:52:57+00:00\" \/>\n<meta property=\"og:image\" content=\"https:\/\/itemsind.com\/tienda\/wp-content\/uploads\/2026\/03\/plantilla-productos-WEBSITE-2026-03-11T124606.429.png\" \/>\n\t<meta property=\"og:image:width\" content=\"1080\" \/>\n\t<meta property=\"og:image:height\" content=\"1080\" \/>\n\t<meta property=\"og:image:type\" content=\"image\/png\" \/>\n<meta name=\"twitter:card\" content=\"summary_large_image\" \/>\n<meta name=\"twitter:label1\" content=\"Tiempo de lectura\" \/>\n\t<meta name=\"twitter:data1\" content=\"1 minuto\" \/>\n<script type=\"application\/ld+json\" class=\"yoast-schema-graph\">{\"@context\":\"https:\\\/\\\/schema.org\",\"@graph\":[{\"@type\":\"WebPage\",\"@id\":\"https:\\\/\\\/itemsind.com\\\/tienda\\\/producto\\\/respirador-moldex-m2800n95-special-ops-handystrap\\\/\",\"url\":\"https:\\\/\\\/itemsind.com\\\/tienda\\\/producto\\\/respirador-moldex-m2800n95-special-ops-handystrap\\\/\",\"name\":\"Respirador Moldex M2800N95-Special Ops\u00ae HandyStrap\u00ae - Items Industriales\",\"isPartOf\":{\"@id\":\"https:\\\/\\\/itemsind.com\\\/tienda\\\/#website\"},\"primaryImageOfPage\":{\"@id\":\"https:\\\/\\\/itemsind.com\\\/tienda\\\/producto\\\/respirador-moldex-m2800n95-special-ops-handystrap\\\/#primaryimage\"},\"image\":{\"@id\":\"https:\\\/\\\/itemsind.com\\\/tienda\\\/producto\\\/respirador-moldex-m2800n95-special-ops-handystrap\\\/#primaryimage\"},\"thumbnailUrl\":\"https:\\\/\\\/itemsind.com\\\/tienda\\\/wp-content\\\/uploads\\\/2026\\\/03\\\/plantilla-productos-WEBSITE-2026-03-11T124606.429.png\",\"datePublished\":\"2026-03-11T18:48:44+00:00\",\"dateModified\":\"2026-03-11T18:52:57+00:00\",\"breadcrumb\":{\"@id\":\"https:\\\/\\\/itemsind.com\\\/tienda\\\/producto\\\/respirador-moldex-m2800n95-special-ops-handystrap\\\/#breadcrumb\"},\"inLanguage\":\"es\",\"potentialAction\":[{\"@type\":\"ReadAction\",\"target\":[\"https:\\\/\\\/itemsind.com\\\/tienda\\\/producto\\\/respirador-moldex-m2800n95-special-ops-handystrap\\\/\"]}]},{\"@type\":\"ImageObject\",\"inLanguage\":\"es\",\"@id\":\"https:\\\/\\\/itemsind.com\\\/tienda\\\/producto\\\/respirador-moldex-m2800n95-special-ops-handystrap\\\/#primaryimage\",\"url\":\"https:\\\/\\\/itemsind.com\\\/tienda\\\/wp-content\\\/uploads\\\/2026\\\/03\\\/plantilla-productos-WEBSITE-2026-03-11T124606.429.png\",\"contentUrl\":\"https:\\\/\\\/itemsind.com\\\/tienda\\\/wp-content\\\/uploads\\\/2026\\\/03\\\/plantilla-productos-WEBSITE-2026-03-11T124606.429.png\",\"width\":1080,\"height\":1080},{\"@type\":\"BreadcrumbList\",\"@id\":\"https:\\\/\\\/itemsind.com\\\/tienda\\\/producto\\\/respirador-moldex-m2800n95-special-ops-handystrap\\\/#breadcrumb\",\"itemListElement\":[{\"@type\":\"ListItem\",\"position\":1,\"name\":\"Portada\",\"item\":\"https:\\\/\\\/itemsind.com\\\/tienda\\\/\"},{\"@type\":\"ListItem\",\"position\":2,\"name\":\"Tienda\",\"item\":\"https:\\\/\\\/itemsind.com\\\/tienda\\\/tienda\\\/\"},{\"@type\":\"ListItem\",\"position\":3,\"name\":\"Respirador Moldex M2800N95-Special Ops\u00ae HandyStrap\u00ae\"}]},{\"@type\":\"WebSite\",\"@id\":\"https:\\\/\\\/itemsind.com\\\/tienda\\\/#website\",\"url\":\"https:\\\/\\\/itemsind.com\\\/tienda\\\/\",\"name\":\"Items Industriales\",\"description\":\"Productos y Servicios para Seguridad Industrial\",\"publisher\":{\"@id\":\"https:\\\/\\\/itemsind.com\\\/tienda\\\/#organization\"},\"potentialAction\":[{\"@type\":\"SearchAction\",\"target\":{\"@type\":\"EntryPoint\",\"urlTemplate\":\"https:\\\/\\\/itemsind.com\\\/tienda\\\/?s={search_term_string}\"},\"query-input\":{\"@type\":\"PropertyValueSpecification\",\"valueRequired\":true,\"valueName\":\"search_term_string\"}}],\"inLanguage\":\"es\"},{\"@type\":\"Organization\",\"@id\":\"https:\\\/\\\/itemsind.com\\\/tienda\\\/#organization\",\"name\":\"Items Industriales\",\"url\":\"https:\\\/\\\/itemsind.com\\\/tienda\\\/\",\"logo\":{\"@type\":\"ImageObject\",\"inLanguage\":\"es\",\"@id\":\"https:\\\/\\\/itemsind.com\\\/tienda\\\/#\\\/schema\\\/logo\\\/image\\\/\",\"url\":\"https:\\\/\\\/itemsind.com\\\/tienda\\\/wp-content\\\/uploads\\\/2023\\\/11\\\/items-logo-principal.jpg\",\"contentUrl\":\"https:\\\/\\\/itemsind.com\\\/tienda\\\/wp-content\\\/uploads\\\/2023\\\/11\\\/items-logo-principal.jpg\",\"width\":2120,\"height\":793,\"caption\":\"Items Industriales\"},\"image\":{\"@id\":\"https:\\\/\\\/itemsind.com\\\/tienda\\\/#\\\/schema\\\/logo\\\/image\\\/\"},\"sameAs\":[\"https:\\\/\\\/www.facebook.com\\\/itemsind\",\"https:\\\/\\\/www.instagram.com\\\/itemsind\\\/\"]}]}<\/script>\n<!-- \/ Yoast SEO plugin. -->","yoast_head_json":{"title":"Respirador Moldex M2800N95-Special Ops\u00ae HandyStrap\u00ae - Items Industriales","robots":{"index":"index","follow":"follow","max-snippet":"max-snippet:-1","max-image-preview":"max-image-preview:large","max-video-preview":"max-video-preview:-1"},"canonical":"https:\/\/itemsind.com\/tienda\/producto\/respirador-moldex-m2800n95-special-ops-handystrap\/","og_locale":"es_ES","og_type":"article","og_title":"Respirador Moldex M2800N95-Special Ops\u00ae HandyStrap\u00ae - Items Industriales","og_description":"USO EN SOLDADURA, FUNDICI\u00d3N, ELIMINACI\u00d3N DE RESIDUOS Y OTRAS APLICACIONES\u00a0  Donde haya niveles molestos de vapores org\u00e1nicos.   M\u00c1S DURADERO Y MENOS RESIDUOS. La\u00a0exclusiva CARCASA NEGRA DURA-MESH protege el medio filtrante, manteni\u00e9ndolo limpio por m\u00e1s tiempo. Adem\u00e1s, la carcasa resiste el colapso en ambientes c\u00e1lidos y h\u00famedos, lo que permite que el respirador mantenga su forma por m\u00e1s tiempo, lo que resulta en menos respiradores utilizados y menores costos.    M\u00c1S COMODIDAD MENOS PRESI\u00d3N\u00a0La pieza facial tiene un contorno natural y el puente nasal moldeado sin pellizcos se sella f\u00e1cilmente sin una banda nasal de metal.    V\u00c1LVULA VENTEX\u00a0Permite que el aire caliente salga m\u00e1s r\u00e1pido, para que los trabajadores respiren mejor y se mantengan m\u00e1s frescos, adem\u00e1s de ayudar a que la m\u00e1scara dure m\u00e1s.    CORREA DE MANO CON HEBILLA\u00a0Permite que la mascarilla cuelgue alrededor del cuello del usuario para guardarla cuando no est\u00e9 en uso, evitando su descarte prematuro, reduciendo el uso, menos desperdicio y ahorrando dinero.    PONTE C\u00d3MODO\u00a0Con forro suave y almohadilla nasal de espuma suave.    DISPONIBLE EN 2 TAMA\u00d1OS, INCLUIDO EL PEQUE\u00d1O\u00a0Para la fuerza laboral diversa de hoy.    HECHO EN AM\u00c9RICA\u00a0Calidad en la que puede confiar.    SOLUCIONES SOSTENIBLES\u00a0100% libre de PVC, como todos los productos y embalajes Moldex.","og_url":"https:\/\/itemsind.com\/tienda\/producto\/respirador-moldex-m2800n95-special-ops-handystrap\/","og_site_name":"Items Industriales","article_publisher":"https:\/\/www.facebook.com\/itemsind","article_modified_time":"2026-03-11T18:52:57+00:00","og_image":[{"width":1080,"height":1080,"url":"https:\/\/itemsind.com\/tienda\/wp-content\/uploads\/2026\/03\/plantilla-productos-WEBSITE-2026-03-11T124606.429.png","type":"image\/png"}],"twitter_card":"summary_large_image","twitter_misc":{"Tiempo de lectura":"1 minuto"},"schema":{"@context":"https:\/\/schema.org","@graph":[{"@type":"WebPage","@id":"https:\/\/itemsind.com\/tienda\/producto\/respirador-moldex-m2800n95-special-ops-handystrap\/","url":"https:\/\/itemsind.com\/tienda\/producto\/respirador-moldex-m2800n95-special-ops-handystrap\/","name":"Respirador Moldex M2800N95-Special Ops\u00ae HandyStrap\u00ae - Items Industriales","isPartOf":{"@id":"https:\/\/itemsind.com\/tienda\/#website"},"primaryImageOfPage":{"@id":"https:\/\/itemsind.com\/tienda\/producto\/respirador-moldex-m2800n95-special-ops-handystrap\/#primaryimage"},"image":{"@id":"https:\/\/itemsind.com\/tienda\/producto\/respirador-moldex-m2800n95-special-ops-handystrap\/#primaryimage"},"thumbnailUrl":"https:\/\/itemsind.com\/tienda\/wp-content\/uploads\/2026\/03\/plantilla-productos-WEBSITE-2026-03-11T124606.429.png","datePublished":"2026-03-11T18:48:44+00:00","dateModified":"2026-03-11T18:52:57+00:00","breadcrumb":{"@id":"https:\/\/itemsind.com\/tienda\/producto\/respirador-moldex-m2800n95-special-ops-handystrap\/#breadcrumb"},"inLanguage":"es","potentialAction":[{"@type":"ReadAction","target":["https:\/\/itemsind.com\/tienda\/producto\/respirador-moldex-m2800n95-special-ops-handystrap\/"]}]},{"@type":"ImageObject","inLanguage":"es","@id":"https:\/\/itemsind.com\/tienda\/producto\/respirador-moldex-m2800n95-special-ops-handystrap\/#primaryimage","url":"https:\/\/itemsind.com\/tienda\/wp-content\/uploads\/2026\/03\/plantilla-productos-WEBSITE-2026-03-11T124606.429.png","contentUrl":"https:\/\/itemsind.com\/tienda\/wp-content\/uploads\/2026\/03\/plantilla-productos-WEBSITE-2026-03-11T124606.429.png","width":1080,"height":1080},{"@type":"BreadcrumbList","@id":"https:\/\/itemsind.com\/tienda\/producto\/respirador-moldex-m2800n95-special-ops-handystrap\/#breadcrumb","itemListElement":[{"@type":"ListItem","position":1,"name":"Portada","item":"https:\/\/itemsind.com\/tienda\/"},{"@type":"ListItem","position":2,"name":"Tienda","item":"https:\/\/itemsind.com\/tienda\/tienda\/"},{"@type":"ListItem","position":3,"name":"Respirador Moldex M2800N95-Special Ops\u00ae HandyStrap\u00ae"}]},{"@type":"WebSite","@id":"https:\/\/itemsind.com\/tienda\/#website","url":"https:\/\/itemsind.com\/tienda\/","name":"Items Industriales","description":"Productos y Servicios para Seguridad Industrial","publisher":{"@id":"https:\/\/itemsind.com\/tienda\/#organization"},"potentialAction":[{"@type":"SearchAction","target":{"@type":"EntryPoint","urlTemplate":"https:\/\/itemsind.com\/tienda\/?s={search_term_string}"},"query-input":{"@type":"PropertyValueSpecification","valueRequired":true,"valueName":"search_term_string"}}],"inLanguage":"es"},{"@type":"Organization","@id":"https:\/\/itemsind.com\/tienda\/#organization","name":"Items Industriales","url":"https:\/\/itemsind.com\/tienda\/","logo":{"@type":"ImageObject","inLanguage":"es","@id":"https:\/\/itemsind.com\/tienda\/#\/schema\/logo\/image\/","url":"https:\/\/itemsind.com\/tienda\/wp-content\/uploads\/2023\/11\/items-logo-principal.jpg","contentUrl":"https:\/\/itemsind.com\/tienda\/wp-content\/uploads\/2023\/11\/items-logo-principal.jpg","width":2120,"height":793,"caption":"Items Industriales"},"image":{"@id":"https:\/\/itemsind.com\/tienda\/#\/schema\/logo\/image\/"},"sameAs":["https:\/\/www.facebook.com\/itemsind","https:\/\/www.instagram.com\/itemsind\/"]}]}},"_links":{"self":[{"href":"https:\/\/itemsind.com\/tienda\/wp-json\/wp\/v2\/product\/17943","targetHints":{"allow":["GET"]}}],"collection":[{"href":"https:\/\/itemsind.com\/tienda\/wp-json\/wp\/v2\/product"}],"about":[{"href":"https:\/\/itemsind.com\/tienda\/wp-json\/wp\/v2\/types\/product"}],"wp:featuredmedia":[{"embeddable":true,"href":"https:\/\/itemsind.com\/tienda\/wp-json\/wp\/v2\/media\/17944"}],"wp:attachment":[{"href":"https:\/\/itemsind.com\/tienda\/wp-json\/wp\/v2\/media?parent=17943"}],"wp:term":[{"taxonomy":"product_brand","embeddable":true,"href":"https:\/\/itemsind.com\/tienda\/wp-json\/wp\/v2\/product_brand?post=17943"},{"taxonomy":"product_cat","embeddable":true,"href":"https:\/\/itemsind.com\/tienda\/wp-json\/wp\/v2\/product_cat?post=17943"},{"taxonomy":"product_tag","embeddable":true,"href":"https:\/\/itemsind.com\/tienda\/wp-json\/wp\/v2\/product_tag?post=17943"}],"curies":[{"name":"wp","href":"https:\/\/api.w.org\/{rel}","templated":true}]}}