{"id":17947,"date":"2026-03-11T13:00:11","date_gmt":"2026-03-11T19:00:11","guid":{"rendered":"https:\/\/itemsind.com\/tienda\/?post_type=product&#038;p=17947"},"modified":"2026-03-11T13:02:11","modified_gmt":"2026-03-11T19:02:11","slug":"tapon-auditivo-reutilizable-con-cordon-moldex-alphas-en-pocket-pak-plus-6435-nrr-27-db","status":"publish","type":"product","link":"https:\/\/itemsind.com\/tienda\/producto\/tapon-auditivo-reutilizable-con-cordon-moldex-alphas-en-pocket-pak-plus-6435-nrr-27-db\/","title":{"rendered":"Tap\u00f3n auditivo reutilizable con cord\u00f3n Moldex Alphas\u2122 en Pocket-Pak Plus 6435, NRR 27 dB"},"content":{"rendered":"","protected":false},"excerpt":{"rendered":"<ul class=\"featrues-ul\" role=\"presentation\">\n<li role=\"listitem\"><span style=\"color: #000000;\"><span class=\"title\"><span dir=\"auto\"><strong>OBTENGA UN AGARRE<\/strong>\u00a0<\/span><\/span><span dir=\"auto\">El exclusivo v\u00e1stago estriado de Alphas permite un agarre s\u00f3lido en el tap\u00f3n para los o\u00eddos para facilitar su inserci\u00f3n y extracci\u00f3n.<\/span><\/span><\/li>\n<\/ul>\n<ul class=\"featrues-ul\" role=\"presentation\">\n<li role=\"listitem\"><span style=\"color: #000000;\"><span class=\"title\"><span dir=\"auto\"><strong>LAVABLE Y REUTILIZABLE<\/strong>\u00a0<\/span><\/span><span dir=\"auto\">El tap\u00f3n de triple brida suave se puede lavar y reutilizar.<\/span><\/span><\/li>\n<\/ul>\n<ul class=\"featrues-ul\" role=\"presentation\">\n<li role=\"listitem\"><span style=\"color: #000000;\"><span class=\"title\"><span dir=\"auto\"><strong>El estuche de transporte POCKET-PAK<\/strong>\u00a0<\/span><\/span><span dir=\"auto\">proporciona un almacenamiento higi\u00e9nico de los tapones entre usos.<\/span><\/span><\/li>\n<\/ul>\n<ul class=\"featrues-ul\" role=\"presentation\">\n<li role=\"listitem\"><span style=\"color: #000000;\"><span class=\"title\"><span dir=\"auto\"><strong>ALTO NRR 27dB, PROBADO INDEPENDIENTEMENTE<\/strong>\u00a0<\/span><\/span><span dir=\"auto\">Para que pueda estar seguro de que protegen en la mayor\u00eda de los entornos ruidosos.<\/span><\/span><\/li>\n<\/ul>\n<ul class=\"featrues-ul\" role=\"presentation\">\n<li role=\"listitem\"><span style=\"color: #000000;\"><span class=\"title\"><span dir=\"auto\"><strong>SOLUCIONES SOSTENIBLES<\/strong>\u00a0<\/span><\/span><span dir=\"auto\">100% libre de PVC, como todos los productos y embalajes Moldex.<\/span><\/span><\/li>\n<\/ul>\n","protected":false},"featured_media":17948,"template":"","meta":[],"product_brand":[2370],"product_cat":[2218,2064],"product_tag":[2461,2466,2465],"class_list":{"0":"post-17947","1":"product","2":"type-product","3":"status-publish","4":"has-post-thumbnail","6":"product_brand-moldex","7":"product_cat-auditiva","8":"product_cat-proteccion","9":"product_tag-proteccion-auditiva","10":"product_tag-tapones-auditivos","11":"product_tag-tapones-desechables","14":"instock","15":"taxable","16":"shipping-taxable","17":"product-type-simple"},"yoast_head":"<!-- This site is optimized with the Yoast SEO plugin v27.4 - https:\/\/yoast.com\/product\/yoast-seo-wordpress\/ -->\n<title>Tap\u00f3n auditivo reutilizable con cord\u00f3n Moldex Alphas\u2122 en Pocket-Pak Plus 6435, NRR 27 dB - Items Industriales<\/title>\n<meta name=\"robots\" content=\"index, follow, max-snippet:-1, max-image-preview:large, max-video-preview:-1\" \/>\n<link rel=\"canonical\" href=\"https:\/\/itemsind.com\/tienda\/producto\/tapon-auditivo-reutilizable-con-cordon-moldex-alphas-en-pocket-pak-plus-6435-nrr-27-db\/\" \/>\n<meta property=\"og:locale\" content=\"es_ES\" \/>\n<meta property=\"og:type\" content=\"article\" \/>\n<meta property=\"og:title\" content=\"Tap\u00f3n auditivo reutilizable con cord\u00f3n Moldex Alphas\u2122 en Pocket-Pak Plus 6435, NRR 27 dB - Items Industriales\" \/>\n<meta property=\"og:description\" content=\"OBTENGA UN AGARRE\u00a0El exclusivo v\u00e1stago estriado de Alphas permite un agarre s\u00f3lido en el tap\u00f3n para los o\u00eddos para facilitar su inserci\u00f3n y extracci\u00f3n.    LAVABLE Y REUTILIZABLE\u00a0El tap\u00f3n de triple brida suave se puede lavar y reutilizar.    El estuche de transporte POCKET-PAK\u00a0proporciona un almacenamiento higi\u00e9nico de los tapones entre usos.    ALTO NRR 27dB, PROBADO INDEPENDIENTEMENTE\u00a0Para que pueda estar seguro de que protegen en la mayor\u00eda de los entornos ruidosos.    SOLUCIONES SOSTENIBLES\u00a0100% libre de PVC, como todos los productos y embalajes Moldex.\" \/>\n<meta property=\"og:url\" content=\"https:\/\/itemsind.com\/tienda\/producto\/tapon-auditivo-reutilizable-con-cordon-moldex-alphas-en-pocket-pak-plus-6435-nrr-27-db\/\" \/>\n<meta property=\"og:site_name\" content=\"Items Industriales\" \/>\n<meta property=\"article:publisher\" content=\"https:\/\/www.facebook.com\/itemsind\" \/>\n<meta property=\"article:modified_time\" content=\"2026-03-11T19:02:11+00:00\" \/>\n<meta property=\"og:image\" content=\"https:\/\/itemsind.com\/tienda\/wp-content\/uploads\/2026\/03\/131ced3d7ea80236924cb24d9361600f.jpg\" \/>\n\t<meta property=\"og:image:width\" content=\"1800\" \/>\n\t<meta property=\"og:image:height\" content=\"1800\" \/>\n\t<meta property=\"og:image:type\" content=\"image\/jpeg\" \/>\n<meta name=\"twitter:card\" content=\"summary_large_image\" \/>\n<meta name=\"twitter:label1\" content=\"Tiempo de lectura\" \/>\n\t<meta name=\"twitter:data1\" content=\"1 minuto\" \/>\n<script type=\"application\/ld+json\" class=\"yoast-schema-graph\">{\"@context\":\"https:\\\/\\\/schema.org\",\"@graph\":[{\"@type\":\"WebPage\",\"@id\":\"https:\\\/\\\/itemsind.com\\\/tienda\\\/producto\\\/tapon-auditivo-reutilizable-con-cordon-moldex-alphas-en-pocket-pak-plus-6435-nrr-27-db\\\/\",\"url\":\"https:\\\/\\\/itemsind.com\\\/tienda\\\/producto\\\/tapon-auditivo-reutilizable-con-cordon-moldex-alphas-en-pocket-pak-plus-6435-nrr-27-db\\\/\",\"name\":\"Tap\u00f3n auditivo reutilizable con cord\u00f3n Moldex Alphas\u2122 en Pocket-Pak Plus 6435, NRR 27 dB - Items Industriales\",\"isPartOf\":{\"@id\":\"https:\\\/\\\/itemsind.com\\\/tienda\\\/#website\"},\"primaryImageOfPage\":{\"@id\":\"https:\\\/\\\/itemsind.com\\\/tienda\\\/producto\\\/tapon-auditivo-reutilizable-con-cordon-moldex-alphas-en-pocket-pak-plus-6435-nrr-27-db\\\/#primaryimage\"},\"image\":{\"@id\":\"https:\\\/\\\/itemsind.com\\\/tienda\\\/producto\\\/tapon-auditivo-reutilizable-con-cordon-moldex-alphas-en-pocket-pak-plus-6435-nrr-27-db\\\/#primaryimage\"},\"thumbnailUrl\":\"https:\\\/\\\/itemsind.com\\\/tienda\\\/wp-content\\\/uploads\\\/2026\\\/03\\\/131ced3d7ea80236924cb24d9361600f.jpg\",\"datePublished\":\"2026-03-11T19:00:11+00:00\",\"dateModified\":\"2026-03-11T19:02:11+00:00\",\"breadcrumb\":{\"@id\":\"https:\\\/\\\/itemsind.com\\\/tienda\\\/producto\\\/tapon-auditivo-reutilizable-con-cordon-moldex-alphas-en-pocket-pak-plus-6435-nrr-27-db\\\/#breadcrumb\"},\"inLanguage\":\"es\",\"potentialAction\":[{\"@type\":\"ReadAction\",\"target\":[\"https:\\\/\\\/itemsind.com\\\/tienda\\\/producto\\\/tapon-auditivo-reutilizable-con-cordon-moldex-alphas-en-pocket-pak-plus-6435-nrr-27-db\\\/\"]}]},{\"@type\":\"ImageObject\",\"inLanguage\":\"es\",\"@id\":\"https:\\\/\\\/itemsind.com\\\/tienda\\\/producto\\\/tapon-auditivo-reutilizable-con-cordon-moldex-alphas-en-pocket-pak-plus-6435-nrr-27-db\\\/#primaryimage\",\"url\":\"https:\\\/\\\/itemsind.com\\\/tienda\\\/wp-content\\\/uploads\\\/2026\\\/03\\\/131ced3d7ea80236924cb24d9361600f.jpg\",\"contentUrl\":\"https:\\\/\\\/itemsind.com\\\/tienda\\\/wp-content\\\/uploads\\\/2026\\\/03\\\/131ced3d7ea80236924cb24d9361600f.jpg\",\"width\":1800,\"height\":1800},{\"@type\":\"BreadcrumbList\",\"@id\":\"https:\\\/\\\/itemsind.com\\\/tienda\\\/producto\\\/tapon-auditivo-reutilizable-con-cordon-moldex-alphas-en-pocket-pak-plus-6435-nrr-27-db\\\/#breadcrumb\",\"itemListElement\":[{\"@type\":\"ListItem\",\"position\":1,\"name\":\"Portada\",\"item\":\"https:\\\/\\\/itemsind.com\\\/tienda\\\/\"},{\"@type\":\"ListItem\",\"position\":2,\"name\":\"Tienda\",\"item\":\"https:\\\/\\\/itemsind.com\\\/tienda\\\/tienda\\\/\"},{\"@type\":\"ListItem\",\"position\":3,\"name\":\"Tap\u00f3n auditivo reutilizable con cord\u00f3n Moldex Alphas\u2122 en Pocket-Pak Plus 6435, NRR 27 dB\"}]},{\"@type\":\"WebSite\",\"@id\":\"https:\\\/\\\/itemsind.com\\\/tienda\\\/#website\",\"url\":\"https:\\\/\\\/itemsind.com\\\/tienda\\\/\",\"name\":\"Items Industriales\",\"description\":\"Productos y Servicios para Seguridad Industrial\",\"publisher\":{\"@id\":\"https:\\\/\\\/itemsind.com\\\/tienda\\\/#organization\"},\"potentialAction\":[{\"@type\":\"SearchAction\",\"target\":{\"@type\":\"EntryPoint\",\"urlTemplate\":\"https:\\\/\\\/itemsind.com\\\/tienda\\\/?s={search_term_string}\"},\"query-input\":{\"@type\":\"PropertyValueSpecification\",\"valueRequired\":true,\"valueName\":\"search_term_string\"}}],\"inLanguage\":\"es\"},{\"@type\":\"Organization\",\"@id\":\"https:\\\/\\\/itemsind.com\\\/tienda\\\/#organization\",\"name\":\"Items Industriales\",\"url\":\"https:\\\/\\\/itemsind.com\\\/tienda\\\/\",\"logo\":{\"@type\":\"ImageObject\",\"inLanguage\":\"es\",\"@id\":\"https:\\\/\\\/itemsind.com\\\/tienda\\\/#\\\/schema\\\/logo\\\/image\\\/\",\"url\":\"https:\\\/\\\/itemsind.com\\\/tienda\\\/wp-content\\\/uploads\\\/2023\\\/11\\\/items-logo-principal.jpg\",\"contentUrl\":\"https:\\\/\\\/itemsind.com\\\/tienda\\\/wp-content\\\/uploads\\\/2023\\\/11\\\/items-logo-principal.jpg\",\"width\":2120,\"height\":793,\"caption\":\"Items Industriales\"},\"image\":{\"@id\":\"https:\\\/\\\/itemsind.com\\\/tienda\\\/#\\\/schema\\\/logo\\\/image\\\/\"},\"sameAs\":[\"https:\\\/\\\/www.facebook.com\\\/itemsind\",\"https:\\\/\\\/www.instagram.com\\\/itemsind\\\/\"]}]}<\/script>\n<!-- \/ Yoast SEO plugin. -->","yoast_head_json":{"title":"Tap\u00f3n auditivo reutilizable con cord\u00f3n Moldex Alphas\u2122 en Pocket-Pak Plus 6435, NRR 27 dB - Items Industriales","robots":{"index":"index","follow":"follow","max-snippet":"max-snippet:-1","max-image-preview":"max-image-preview:large","max-video-preview":"max-video-preview:-1"},"canonical":"https:\/\/itemsind.com\/tienda\/producto\/tapon-auditivo-reutilizable-con-cordon-moldex-alphas-en-pocket-pak-plus-6435-nrr-27-db\/","og_locale":"es_ES","og_type":"article","og_title":"Tap\u00f3n auditivo reutilizable con cord\u00f3n Moldex Alphas\u2122 en Pocket-Pak Plus 6435, NRR 27 dB - Items Industriales","og_description":"OBTENGA UN AGARRE\u00a0El exclusivo v\u00e1stago estriado de Alphas permite un agarre s\u00f3lido en el tap\u00f3n para los o\u00eddos para facilitar su inserci\u00f3n y extracci\u00f3n.    LAVABLE Y REUTILIZABLE\u00a0El tap\u00f3n de triple brida suave se puede lavar y reutilizar.    El estuche de transporte POCKET-PAK\u00a0proporciona un almacenamiento higi\u00e9nico de los tapones entre usos.    ALTO NRR 27dB, PROBADO INDEPENDIENTEMENTE\u00a0Para que pueda estar seguro de que protegen en la mayor\u00eda de los entornos ruidosos.    SOLUCIONES SOSTENIBLES\u00a0100% libre de PVC, como todos los productos y embalajes Moldex.","og_url":"https:\/\/itemsind.com\/tienda\/producto\/tapon-auditivo-reutilizable-con-cordon-moldex-alphas-en-pocket-pak-plus-6435-nrr-27-db\/","og_site_name":"Items Industriales","article_publisher":"https:\/\/www.facebook.com\/itemsind","article_modified_time":"2026-03-11T19:02:11+00:00","og_image":[{"width":1800,"height":1800,"url":"https:\/\/itemsind.com\/tienda\/wp-content\/uploads\/2026\/03\/131ced3d7ea80236924cb24d9361600f.jpg","type":"image\/jpeg"}],"twitter_card":"summary_large_image","twitter_misc":{"Tiempo de lectura":"1 minuto"},"schema":{"@context":"https:\/\/schema.org","@graph":[{"@type":"WebPage","@id":"https:\/\/itemsind.com\/tienda\/producto\/tapon-auditivo-reutilizable-con-cordon-moldex-alphas-en-pocket-pak-plus-6435-nrr-27-db\/","url":"https:\/\/itemsind.com\/tienda\/producto\/tapon-auditivo-reutilizable-con-cordon-moldex-alphas-en-pocket-pak-plus-6435-nrr-27-db\/","name":"Tap\u00f3n auditivo reutilizable con cord\u00f3n Moldex Alphas\u2122 en Pocket-Pak Plus 6435, NRR 27 dB - Items Industriales","isPartOf":{"@id":"https:\/\/itemsind.com\/tienda\/#website"},"primaryImageOfPage":{"@id":"https:\/\/itemsind.com\/tienda\/producto\/tapon-auditivo-reutilizable-con-cordon-moldex-alphas-en-pocket-pak-plus-6435-nrr-27-db\/#primaryimage"},"image":{"@id":"https:\/\/itemsind.com\/tienda\/producto\/tapon-auditivo-reutilizable-con-cordon-moldex-alphas-en-pocket-pak-plus-6435-nrr-27-db\/#primaryimage"},"thumbnailUrl":"https:\/\/itemsind.com\/tienda\/wp-content\/uploads\/2026\/03\/131ced3d7ea80236924cb24d9361600f.jpg","datePublished":"2026-03-11T19:00:11+00:00","dateModified":"2026-03-11T19:02:11+00:00","breadcrumb":{"@id":"https:\/\/itemsind.com\/tienda\/producto\/tapon-auditivo-reutilizable-con-cordon-moldex-alphas-en-pocket-pak-plus-6435-nrr-27-db\/#breadcrumb"},"inLanguage":"es","potentialAction":[{"@type":"ReadAction","target":["https:\/\/itemsind.com\/tienda\/producto\/tapon-auditivo-reutilizable-con-cordon-moldex-alphas-en-pocket-pak-plus-6435-nrr-27-db\/"]}]},{"@type":"ImageObject","inLanguage":"es","@id":"https:\/\/itemsind.com\/tienda\/producto\/tapon-auditivo-reutilizable-con-cordon-moldex-alphas-en-pocket-pak-plus-6435-nrr-27-db\/#primaryimage","url":"https:\/\/itemsind.com\/tienda\/wp-content\/uploads\/2026\/03\/131ced3d7ea80236924cb24d9361600f.jpg","contentUrl":"https:\/\/itemsind.com\/tienda\/wp-content\/uploads\/2026\/03\/131ced3d7ea80236924cb24d9361600f.jpg","width":1800,"height":1800},{"@type":"BreadcrumbList","@id":"https:\/\/itemsind.com\/tienda\/producto\/tapon-auditivo-reutilizable-con-cordon-moldex-alphas-en-pocket-pak-plus-6435-nrr-27-db\/#breadcrumb","itemListElement":[{"@type":"ListItem","position":1,"name":"Portada","item":"https:\/\/itemsind.com\/tienda\/"},{"@type":"ListItem","position":2,"name":"Tienda","item":"https:\/\/itemsind.com\/tienda\/tienda\/"},{"@type":"ListItem","position":3,"name":"Tap\u00f3n auditivo reutilizable con cord\u00f3n Moldex Alphas\u2122 en Pocket-Pak Plus 6435, NRR 27 dB"}]},{"@type":"WebSite","@id":"https:\/\/itemsind.com\/tienda\/#website","url":"https:\/\/itemsind.com\/tienda\/","name":"Items Industriales","description":"Productos y Servicios para Seguridad Industrial","publisher":{"@id":"https:\/\/itemsind.com\/tienda\/#organization"},"potentialAction":[{"@type":"SearchAction","target":{"@type":"EntryPoint","urlTemplate":"https:\/\/itemsind.com\/tienda\/?s={search_term_string}"},"query-input":{"@type":"PropertyValueSpecification","valueRequired":true,"valueName":"search_term_string"}}],"inLanguage":"es"},{"@type":"Organization","@id":"https:\/\/itemsind.com\/tienda\/#organization","name":"Items Industriales","url":"https:\/\/itemsind.com\/tienda\/","logo":{"@type":"ImageObject","inLanguage":"es","@id":"https:\/\/itemsind.com\/tienda\/#\/schema\/logo\/image\/","url":"https:\/\/itemsind.com\/tienda\/wp-content\/uploads\/2023\/11\/items-logo-principal.jpg","contentUrl":"https:\/\/itemsind.com\/tienda\/wp-content\/uploads\/2023\/11\/items-logo-principal.jpg","width":2120,"height":793,"caption":"Items Industriales"},"image":{"@id":"https:\/\/itemsind.com\/tienda\/#\/schema\/logo\/image\/"},"sameAs":["https:\/\/www.facebook.com\/itemsind","https:\/\/www.instagram.com\/itemsind\/"]}]}},"_links":{"self":[{"href":"https:\/\/itemsind.com\/tienda\/wp-json\/wp\/v2\/product\/17947","targetHints":{"allow":["GET"]}}],"collection":[{"href":"https:\/\/itemsind.com\/tienda\/wp-json\/wp\/v2\/product"}],"about":[{"href":"https:\/\/itemsind.com\/tienda\/wp-json\/wp\/v2\/types\/product"}],"wp:featuredmedia":[{"embeddable":true,"href":"https:\/\/itemsind.com\/tienda\/wp-json\/wp\/v2\/media\/17948"}],"wp:attachment":[{"href":"https:\/\/itemsind.com\/tienda\/wp-json\/wp\/v2\/media?parent=17947"}],"wp:term":[{"taxonomy":"product_brand","embeddable":true,"href":"https:\/\/itemsind.com\/tienda\/wp-json\/wp\/v2\/product_brand?post=17947"},{"taxonomy":"product_cat","embeddable":true,"href":"https:\/\/itemsind.com\/tienda\/wp-json\/wp\/v2\/product_cat?post=17947"},{"taxonomy":"product_tag","embeddable":true,"href":"https:\/\/itemsind.com\/tienda\/wp-json\/wp\/v2\/product_tag?post=17947"}],"curies":[{"name":"wp","href":"https:\/\/api.w.org\/{rel}","templated":true}]}}