{"id":18063,"date":"2026-04-20T13:34:25","date_gmt":"2026-04-20T19:34:25","guid":{"rendered":"https:\/\/itemsind.com\/tienda\/?post_type=product&#038;p=18063"},"modified":"2026-04-20T13:34:25","modified_gmt":"2026-04-20T19:34:25","slug":"guante-de-nylon-con-recubrimiento-de-nitrilo-espumoso-allflex","status":"publish","type":"product","link":"https:\/\/itemsind.com\/tienda\/producto\/guante-de-nylon-con-recubrimiento-de-nitrilo-espumoso-allflex\/","title":{"rendered":"Guante de nylon con recubrimiento de nitrilo espumoso ALLFLEX"},"content":{"rendered":"","protected":false},"excerpt":{"rendered":"<div class=\"mb-4\">\n<p class=\"mb-0 font-weight-light\">Los guantes ALLFLEX sin costuras de Safety Jogger est\u00e1n dise\u00f1ados para actividades livianas y delicadas para las que es imprescindible un m\u00e1ximo de agilidad y sensibilidad Excelente para el ensamblaje delicado y otras manipulaciones livianas. Revestimiento de spandex de nylon con microespuma negra de nitrilo para una manipulaci\u00f3n precisa en condiciones secas.<\/p>\n<\/div>\n<div>\n<div class=\"col-6 col-lg-3\">\n<h5 class=\"text-uppercase text-break color-yellow-important\">Alta resistencia a la abrasi\u00f3n<\/h5>\n<div>\n<p class=\"detail-text text-white mb-0\">Estos guantes est\u00e1n fabricados para soportar un uso intensivo sin desgastarse r\u00e1pidamente. Cumplen el m\u00e1ximo nivel de resistencia a la abrasi\u00f3n seg\u00fan la norma EN 388.<\/p>\n<\/div>\n<\/div>\n<div class=\"col-6 col-lg-3\">\n<h5 class=\"text-uppercase text-break color-yellow-important\">Gran destreza<\/h5>\n<div>\n<p class=\"detail-text text-white mb-0\">Estos guantes est\u00e1n fabricados con el material de punto m\u00e1s fino disponible, lo que garantiza el m\u00e1ximo nivel de destreza, comodidad y protecci\u00f3n.<\/p>\n<\/div>\n<\/div>\n<\/div>\n","protected":false},"featured_media":18064,"template":"","meta":[],"product_brand":[2362],"product_cat":[1384,2064],"product_tag":[2225,2272,2350],"class_list":{"0":"post-18063","1":"product","2":"type-product","3":"status-publish","4":"has-post-thumbnail","6":"product_brand-safety-jogger","7":"product_cat-proteccion-de-manos-brazos","8":"product_cat-proteccion","9":"product_tag-guante","10":"product_tag-guantes","11":"product_tag-proteccion-de-manos","14":"instock","15":"taxable","16":"shipping-taxable","17":"product-type-simple"},"yoast_head":"<!-- This site is optimized with the Yoast SEO plugin v27.4 - https:\/\/yoast.com\/product\/yoast-seo-wordpress\/ -->\n<title>Guante de nylon con recubrimiento de nitrilo espumoso ALLFLEX - Items Industriales<\/title>\n<meta name=\"robots\" content=\"index, follow, max-snippet:-1, max-image-preview:large, max-video-preview:-1\" \/>\n<link rel=\"canonical\" href=\"https:\/\/itemsind.com\/tienda\/producto\/guante-de-nylon-con-recubrimiento-de-nitrilo-espumoso-allflex\/\" \/>\n<meta property=\"og:locale\" content=\"es_ES\" \/>\n<meta property=\"og:type\" content=\"article\" \/>\n<meta property=\"og:title\" content=\"Guante de nylon con recubrimiento de nitrilo espumoso ALLFLEX - Items Industriales\" \/>\n<meta property=\"og:description\" content=\"Los guantes ALLFLEX sin costuras de Safety Jogger est\u00e1n dise\u00f1ados para actividades livianas y delicadas para las que es imprescindible un m\u00e1ximo de agilidad y sensibilidad Excelente para el ensamblaje delicado y otras manipulaciones livianas. Revestimiento de spandex de nylon con microespuma negra de nitrilo para una manipulaci\u00f3n precisa en condiciones secas.     Alta resistencia a la abrasi\u00f3n  Estos guantes est\u00e1n fabricados para soportar un uso intensivo sin desgastarse r\u00e1pidamente. Cumplen el m\u00e1ximo nivel de resistencia a la abrasi\u00f3n seg\u00fan la norma EN 388.     Gran destreza  Estos guantes est\u00e1n fabricados con el material de punto m\u00e1s fino disponible, lo que garantiza el m\u00e1ximo nivel de destreza, comodidad y protecci\u00f3n.\" \/>\n<meta property=\"og:url\" content=\"https:\/\/itemsind.com\/tienda\/producto\/guante-de-nylon-con-recubrimiento-de-nitrilo-espumoso-allflex\/\" \/>\n<meta property=\"og:site_name\" content=\"Items Industriales\" \/>\n<meta property=\"article:publisher\" content=\"https:\/\/www.facebook.com\/itemsind\" \/>\n<meta property=\"og:image\" content=\"https:\/\/itemsind.com\/tienda\/wp-content\/uploads\/2026\/04\/ALLFLEX-174-WEB01.webp\" \/>\n\t<meta property=\"og:image:width\" content=\"640\" \/>\n\t<meta property=\"og:image:height\" content=\"640\" \/>\n\t<meta property=\"og:image:type\" content=\"image\/webp\" \/>\n<meta name=\"twitter:card\" content=\"summary_large_image\" \/>\n<meta name=\"twitter:label1\" content=\"Tiempo de lectura\" \/>\n\t<meta name=\"twitter:data1\" content=\"1 minuto\" \/>\n<script type=\"application\/ld+json\" class=\"yoast-schema-graph\">{\"@context\":\"https:\\\/\\\/schema.org\",\"@graph\":[{\"@type\":\"WebPage\",\"@id\":\"https:\\\/\\\/itemsind.com\\\/tienda\\\/producto\\\/guante-de-nylon-con-recubrimiento-de-nitrilo-espumoso-allflex\\\/\",\"url\":\"https:\\\/\\\/itemsind.com\\\/tienda\\\/producto\\\/guante-de-nylon-con-recubrimiento-de-nitrilo-espumoso-allflex\\\/\",\"name\":\"Guante de nylon con recubrimiento de nitrilo espumoso ALLFLEX - Items Industriales\",\"isPartOf\":{\"@id\":\"https:\\\/\\\/itemsind.com\\\/tienda\\\/#website\"},\"primaryImageOfPage\":{\"@id\":\"https:\\\/\\\/itemsind.com\\\/tienda\\\/producto\\\/guante-de-nylon-con-recubrimiento-de-nitrilo-espumoso-allflex\\\/#primaryimage\"},\"image\":{\"@id\":\"https:\\\/\\\/itemsind.com\\\/tienda\\\/producto\\\/guante-de-nylon-con-recubrimiento-de-nitrilo-espumoso-allflex\\\/#primaryimage\"},\"thumbnailUrl\":\"https:\\\/\\\/itemsind.com\\\/tienda\\\/wp-content\\\/uploads\\\/2026\\\/04\\\/ALLFLEX-174-WEB01.webp\",\"datePublished\":\"2026-04-20T19:34:25+00:00\",\"breadcrumb\":{\"@id\":\"https:\\\/\\\/itemsind.com\\\/tienda\\\/producto\\\/guante-de-nylon-con-recubrimiento-de-nitrilo-espumoso-allflex\\\/#breadcrumb\"},\"inLanguage\":\"es\",\"potentialAction\":[{\"@type\":\"ReadAction\",\"target\":[\"https:\\\/\\\/itemsind.com\\\/tienda\\\/producto\\\/guante-de-nylon-con-recubrimiento-de-nitrilo-espumoso-allflex\\\/\"]}]},{\"@type\":\"ImageObject\",\"inLanguage\":\"es\",\"@id\":\"https:\\\/\\\/itemsind.com\\\/tienda\\\/producto\\\/guante-de-nylon-con-recubrimiento-de-nitrilo-espumoso-allflex\\\/#primaryimage\",\"url\":\"https:\\\/\\\/itemsind.com\\\/tienda\\\/wp-content\\\/uploads\\\/2026\\\/04\\\/ALLFLEX-174-WEB01.webp\",\"contentUrl\":\"https:\\\/\\\/itemsind.com\\\/tienda\\\/wp-content\\\/uploads\\\/2026\\\/04\\\/ALLFLEX-174-WEB01.webp\",\"width\":640,\"height\":640},{\"@type\":\"BreadcrumbList\",\"@id\":\"https:\\\/\\\/itemsind.com\\\/tienda\\\/producto\\\/guante-de-nylon-con-recubrimiento-de-nitrilo-espumoso-allflex\\\/#breadcrumb\",\"itemListElement\":[{\"@type\":\"ListItem\",\"position\":1,\"name\":\"Portada\",\"item\":\"https:\\\/\\\/itemsind.com\\\/tienda\\\/\"},{\"@type\":\"ListItem\",\"position\":2,\"name\":\"Tienda\",\"item\":\"https:\\\/\\\/itemsind.com\\\/tienda\\\/tienda\\\/\"},{\"@type\":\"ListItem\",\"position\":3,\"name\":\"Guante de nylon con recubrimiento de nitrilo espumoso ALLFLEX\"}]},{\"@type\":\"WebSite\",\"@id\":\"https:\\\/\\\/itemsind.com\\\/tienda\\\/#website\",\"url\":\"https:\\\/\\\/itemsind.com\\\/tienda\\\/\",\"name\":\"Items Industriales\",\"description\":\"Productos y Servicios para Seguridad Industrial\",\"publisher\":{\"@id\":\"https:\\\/\\\/itemsind.com\\\/tienda\\\/#organization\"},\"potentialAction\":[{\"@type\":\"SearchAction\",\"target\":{\"@type\":\"EntryPoint\",\"urlTemplate\":\"https:\\\/\\\/itemsind.com\\\/tienda\\\/?s={search_term_string}\"},\"query-input\":{\"@type\":\"PropertyValueSpecification\",\"valueRequired\":true,\"valueName\":\"search_term_string\"}}],\"inLanguage\":\"es\"},{\"@type\":\"Organization\",\"@id\":\"https:\\\/\\\/itemsind.com\\\/tienda\\\/#organization\",\"name\":\"Items Industriales\",\"url\":\"https:\\\/\\\/itemsind.com\\\/tienda\\\/\",\"logo\":{\"@type\":\"ImageObject\",\"inLanguage\":\"es\",\"@id\":\"https:\\\/\\\/itemsind.com\\\/tienda\\\/#\\\/schema\\\/logo\\\/image\\\/\",\"url\":\"https:\\\/\\\/itemsind.com\\\/tienda\\\/wp-content\\\/uploads\\\/2023\\\/11\\\/items-logo-principal.jpg\",\"contentUrl\":\"https:\\\/\\\/itemsind.com\\\/tienda\\\/wp-content\\\/uploads\\\/2023\\\/11\\\/items-logo-principal.jpg\",\"width\":2120,\"height\":793,\"caption\":\"Items Industriales\"},\"image\":{\"@id\":\"https:\\\/\\\/itemsind.com\\\/tienda\\\/#\\\/schema\\\/logo\\\/image\\\/\"},\"sameAs\":[\"https:\\\/\\\/www.facebook.com\\\/itemsind\",\"https:\\\/\\\/www.instagram.com\\\/itemsind\\\/\"]}]}<\/script>\n<!-- \/ Yoast SEO plugin. -->","yoast_head_json":{"title":"Guante de nylon con recubrimiento de nitrilo espumoso ALLFLEX - Items Industriales","robots":{"index":"index","follow":"follow","max-snippet":"max-snippet:-1","max-image-preview":"max-image-preview:large","max-video-preview":"max-video-preview:-1"},"canonical":"https:\/\/itemsind.com\/tienda\/producto\/guante-de-nylon-con-recubrimiento-de-nitrilo-espumoso-allflex\/","og_locale":"es_ES","og_type":"article","og_title":"Guante de nylon con recubrimiento de nitrilo espumoso ALLFLEX - Items Industriales","og_description":"Los guantes ALLFLEX sin costuras de Safety Jogger est\u00e1n dise\u00f1ados para actividades livianas y delicadas para las que es imprescindible un m\u00e1ximo de agilidad y sensibilidad Excelente para el ensamblaje delicado y otras manipulaciones livianas. Revestimiento de spandex de nylon con microespuma negra de nitrilo para una manipulaci\u00f3n precisa en condiciones secas.     Alta resistencia a la abrasi\u00f3n  Estos guantes est\u00e1n fabricados para soportar un uso intensivo sin desgastarse r\u00e1pidamente. Cumplen el m\u00e1ximo nivel de resistencia a la abrasi\u00f3n seg\u00fan la norma EN 388.     Gran destreza  Estos guantes est\u00e1n fabricados con el material de punto m\u00e1s fino disponible, lo que garantiza el m\u00e1ximo nivel de destreza, comodidad y protecci\u00f3n.","og_url":"https:\/\/itemsind.com\/tienda\/producto\/guante-de-nylon-con-recubrimiento-de-nitrilo-espumoso-allflex\/","og_site_name":"Items Industriales","article_publisher":"https:\/\/www.facebook.com\/itemsind","og_image":[{"width":640,"height":640,"url":"https:\/\/itemsind.com\/tienda\/wp-content\/uploads\/2026\/04\/ALLFLEX-174-WEB01.webp","type":"image\/webp"}],"twitter_card":"summary_large_image","twitter_misc":{"Tiempo de lectura":"1 minuto"},"schema":{"@context":"https:\/\/schema.org","@graph":[{"@type":"WebPage","@id":"https:\/\/itemsind.com\/tienda\/producto\/guante-de-nylon-con-recubrimiento-de-nitrilo-espumoso-allflex\/","url":"https:\/\/itemsind.com\/tienda\/producto\/guante-de-nylon-con-recubrimiento-de-nitrilo-espumoso-allflex\/","name":"Guante de nylon con recubrimiento de nitrilo espumoso ALLFLEX - Items Industriales","isPartOf":{"@id":"https:\/\/itemsind.com\/tienda\/#website"},"primaryImageOfPage":{"@id":"https:\/\/itemsind.com\/tienda\/producto\/guante-de-nylon-con-recubrimiento-de-nitrilo-espumoso-allflex\/#primaryimage"},"image":{"@id":"https:\/\/itemsind.com\/tienda\/producto\/guante-de-nylon-con-recubrimiento-de-nitrilo-espumoso-allflex\/#primaryimage"},"thumbnailUrl":"https:\/\/itemsind.com\/tienda\/wp-content\/uploads\/2026\/04\/ALLFLEX-174-WEB01.webp","datePublished":"2026-04-20T19:34:25+00:00","breadcrumb":{"@id":"https:\/\/itemsind.com\/tienda\/producto\/guante-de-nylon-con-recubrimiento-de-nitrilo-espumoso-allflex\/#breadcrumb"},"inLanguage":"es","potentialAction":[{"@type":"ReadAction","target":["https:\/\/itemsind.com\/tienda\/producto\/guante-de-nylon-con-recubrimiento-de-nitrilo-espumoso-allflex\/"]}]},{"@type":"ImageObject","inLanguage":"es","@id":"https:\/\/itemsind.com\/tienda\/producto\/guante-de-nylon-con-recubrimiento-de-nitrilo-espumoso-allflex\/#primaryimage","url":"https:\/\/itemsind.com\/tienda\/wp-content\/uploads\/2026\/04\/ALLFLEX-174-WEB01.webp","contentUrl":"https:\/\/itemsind.com\/tienda\/wp-content\/uploads\/2026\/04\/ALLFLEX-174-WEB01.webp","width":640,"height":640},{"@type":"BreadcrumbList","@id":"https:\/\/itemsind.com\/tienda\/producto\/guante-de-nylon-con-recubrimiento-de-nitrilo-espumoso-allflex\/#breadcrumb","itemListElement":[{"@type":"ListItem","position":1,"name":"Portada","item":"https:\/\/itemsind.com\/tienda\/"},{"@type":"ListItem","position":2,"name":"Tienda","item":"https:\/\/itemsind.com\/tienda\/tienda\/"},{"@type":"ListItem","position":3,"name":"Guante de nylon con recubrimiento de nitrilo espumoso ALLFLEX"}]},{"@type":"WebSite","@id":"https:\/\/itemsind.com\/tienda\/#website","url":"https:\/\/itemsind.com\/tienda\/","name":"Items Industriales","description":"Productos y Servicios para Seguridad Industrial","publisher":{"@id":"https:\/\/itemsind.com\/tienda\/#organization"},"potentialAction":[{"@type":"SearchAction","target":{"@type":"EntryPoint","urlTemplate":"https:\/\/itemsind.com\/tienda\/?s={search_term_string}"},"query-input":{"@type":"PropertyValueSpecification","valueRequired":true,"valueName":"search_term_string"}}],"inLanguage":"es"},{"@type":"Organization","@id":"https:\/\/itemsind.com\/tienda\/#organization","name":"Items Industriales","url":"https:\/\/itemsind.com\/tienda\/","logo":{"@type":"ImageObject","inLanguage":"es","@id":"https:\/\/itemsind.com\/tienda\/#\/schema\/logo\/image\/","url":"https:\/\/itemsind.com\/tienda\/wp-content\/uploads\/2023\/11\/items-logo-principal.jpg","contentUrl":"https:\/\/itemsind.com\/tienda\/wp-content\/uploads\/2023\/11\/items-logo-principal.jpg","width":2120,"height":793,"caption":"Items Industriales"},"image":{"@id":"https:\/\/itemsind.com\/tienda\/#\/schema\/logo\/image\/"},"sameAs":["https:\/\/www.facebook.com\/itemsind","https:\/\/www.instagram.com\/itemsind\/"]}]}},"_links":{"self":[{"href":"https:\/\/itemsind.com\/tienda\/wp-json\/wp\/v2\/product\/18063","targetHints":{"allow":["GET"]}}],"collection":[{"href":"https:\/\/itemsind.com\/tienda\/wp-json\/wp\/v2\/product"}],"about":[{"href":"https:\/\/itemsind.com\/tienda\/wp-json\/wp\/v2\/types\/product"}],"wp:featuredmedia":[{"embeddable":true,"href":"https:\/\/itemsind.com\/tienda\/wp-json\/wp\/v2\/media\/18064"}],"wp:attachment":[{"href":"https:\/\/itemsind.com\/tienda\/wp-json\/wp\/v2\/media?parent=18063"}],"wp:term":[{"taxonomy":"product_brand","embeddable":true,"href":"https:\/\/itemsind.com\/tienda\/wp-json\/wp\/v2\/product_brand?post=18063"},{"taxonomy":"product_cat","embeddable":true,"href":"https:\/\/itemsind.com\/tienda\/wp-json\/wp\/v2\/product_cat?post=18063"},{"taxonomy":"product_tag","embeddable":true,"href":"https:\/\/itemsind.com\/tienda\/wp-json\/wp\/v2\/product_tag?post=18063"}],"curies":[{"name":"wp","href":"https:\/\/api.w.org\/{rel}","templated":true}]}}