{"id":18067,"date":"2026-04-20T15:31:55","date_gmt":"2026-04-20T21:31:55","guid":{"rendered":"https:\/\/itemsind.com\/tienda\/?post_type=product&#038;p=18067"},"modified":"2026-04-20T15:31:56","modified_gmt":"2026-04-20T21:31:56","slug":"bota-de-cuero-dakar-ew-s3-leather-s3","status":"publish","type":"product","link":"https:\/\/itemsind.com\/tienda\/producto\/bota-de-cuero-dakar-ew-s3-leather-s3\/","title":{"rendered":"Bota de cuero DAKAR EW S3 LEATHER S3"},"content":{"rendered":"","protected":false},"excerpt":{"rendered":"<p>El DAKAR EW S3 de Safety Jogger es un zapato de seguridad de piel con puntera extra ancha. Ofrece un alto nivel de protecci\u00f3n y comodidad para quienes trabajan en industrias como la qu\u00edmica, la miner\u00eda, el petr\u00f3leo y el gas, la construcci\u00f3n y otras. Este zapato est\u00e1 dise\u00f1ado espec\u00edficamente para trabajar en entornos h\u00famedos, embarrados y secos, as\u00ed como en superficies irregulares y extremadamente resbaladizas. El DAKAR EW S3 proporciona resistencia a las descargas electrost\u00e1ticas, al aceite y al combustible, y cuenta con una parte superior de cuero transpirable. Viene con una entresuela resistente a los pinchazos, un agarre tipo escalera para mayor seguridad y un tap\u00f3n anti rozaduras para prolongar la usabilidad, a la vez que es antideslizante y resistente al agua.<\/p>\n<ul>\n<li>Resistente al agua<\/li>\n<li>Prevenci\u00f3n de las chispas o cargas est\u00e1ticas<\/li>\n<li>Resistencia a la penetraci\u00f3n<\/li>\n<li>Ajuste extra ancho<\/li>\n<li>Adaptaci\u00f3n ortop\u00e9dica (Neskrid)<\/li>\n<li>Plantilla ajustable<\/li>\n<li>Protecci\u00f3n de los objetos que caen<\/li>\n<li>Anti-deslizante<\/li>\n<\/ul>\n","protected":false},"featured_media":18068,"template":"","meta":[],"product_brand":[2362],"product_cat":[2198,2064],"product_tag":[2353,2433,2419],"class_list":{"0":"post-18067","1":"product","2":"type-product","3":"status-publish","4":"has-post-thumbnail","6":"product_brand-safety-jogger","7":"product_cat-pies-y-piernas","8":"product_cat-proteccion","9":"product_tag-bota-de-cuero","10":"product_tag-bota-de-seguridad","11":"product_tag-calzado-de-seguridad","14":"instock","15":"taxable","16":"shipping-taxable","17":"product-type-simple"},"yoast_head":"<!-- This site is optimized with the Yoast SEO plugin v27.4 - https:\/\/yoast.com\/product\/yoast-seo-wordpress\/ -->\n<title>Bota de cuero DAKAR EW S3 LEATHER S3 - Items Industriales<\/title>\n<meta name=\"robots\" content=\"index, follow, max-snippet:-1, max-image-preview:large, max-video-preview:-1\" \/>\n<link rel=\"canonical\" href=\"https:\/\/itemsind.com\/tienda\/producto\/bota-de-cuero-dakar-ew-s3-leather-s3\/\" \/>\n<meta property=\"og:locale\" content=\"es_ES\" \/>\n<meta property=\"og:type\" content=\"article\" \/>\n<meta property=\"og:title\" content=\"Bota de cuero DAKAR EW S3 LEATHER S3 - Items Industriales\" \/>\n<meta property=\"og:description\" content=\"El DAKAR EW S3 de Safety Jogger es un zapato de seguridad de piel con puntera extra ancha. Ofrece un alto nivel de protecci\u00f3n y comodidad para quienes trabajan en industrias como la qu\u00edmica, la miner\u00eda, el petr\u00f3leo y el gas, la construcci\u00f3n y otras. Este zapato est\u00e1 dise\u00f1ado espec\u00edficamente para trabajar en entornos h\u00famedos, embarrados y secos, as\u00ed como en superficies irregulares y extremadamente resbaladizas. El DAKAR EW S3 proporciona resistencia a las descargas electrost\u00e1ticas, al aceite y al combustible, y cuenta con una parte superior de cuero transpirable. Viene con una entresuela resistente a los pinchazos, un agarre tipo escalera para mayor seguridad y un tap\u00f3n anti rozaduras para prolongar la usabilidad, a la vez que es antideslizante y resistente al agua.   Resistente al agua  Prevenci\u00f3n de las chispas o cargas est\u00e1ticas  Resistencia a la penetraci\u00f3n  Ajuste extra ancho  Adaptaci\u00f3n ortop\u00e9dica (Neskrid)  Plantilla ajustable  Protecci\u00f3n de los objetos que caen  Anti-deslizante\" \/>\n<meta property=\"og:url\" content=\"https:\/\/itemsind.com\/tienda\/producto\/bota-de-cuero-dakar-ew-s3-leather-s3\/\" \/>\n<meta property=\"og:site_name\" content=\"Items Industriales\" \/>\n<meta property=\"article:publisher\" content=\"https:\/\/www.facebook.com\/itemsind\" \/>\n<meta property=\"article:modified_time\" content=\"2026-04-20T21:31:56+00:00\" \/>\n<meta property=\"og:image\" content=\"https:\/\/itemsind.com\/tienda\/wp-content\/uploads\/2026\/04\/DAKREWS3LE-BRN-WEB03.webp\" \/>\n\t<meta property=\"og:image:width\" content=\"800\" \/>\n\t<meta property=\"og:image:height\" content=\"800\" \/>\n\t<meta property=\"og:image:type\" content=\"image\/webp\" \/>\n<meta name=\"twitter:card\" content=\"summary_large_image\" \/>\n<meta name=\"twitter:label1\" content=\"Tiempo de lectura\" \/>\n\t<meta name=\"twitter:data1\" content=\"1 minuto\" \/>\n<script type=\"application\/ld+json\" class=\"yoast-schema-graph\">{\"@context\":\"https:\\\/\\\/schema.org\",\"@graph\":[{\"@type\":\"WebPage\",\"@id\":\"https:\\\/\\\/itemsind.com\\\/tienda\\\/producto\\\/bota-de-cuero-dakar-ew-s3-leather-s3\\\/\",\"url\":\"https:\\\/\\\/itemsind.com\\\/tienda\\\/producto\\\/bota-de-cuero-dakar-ew-s3-leather-s3\\\/\",\"name\":\"Bota de cuero DAKAR EW S3 LEATHER S3 - Items Industriales\",\"isPartOf\":{\"@id\":\"https:\\\/\\\/itemsind.com\\\/tienda\\\/#website\"},\"primaryImageOfPage\":{\"@id\":\"https:\\\/\\\/itemsind.com\\\/tienda\\\/producto\\\/bota-de-cuero-dakar-ew-s3-leather-s3\\\/#primaryimage\"},\"image\":{\"@id\":\"https:\\\/\\\/itemsind.com\\\/tienda\\\/producto\\\/bota-de-cuero-dakar-ew-s3-leather-s3\\\/#primaryimage\"},\"thumbnailUrl\":\"https:\\\/\\\/itemsind.com\\\/tienda\\\/wp-content\\\/uploads\\\/2026\\\/04\\\/DAKREWS3LE-BRN-WEB03.webp\",\"datePublished\":\"2026-04-20T21:31:55+00:00\",\"dateModified\":\"2026-04-20T21:31:56+00:00\",\"breadcrumb\":{\"@id\":\"https:\\\/\\\/itemsind.com\\\/tienda\\\/producto\\\/bota-de-cuero-dakar-ew-s3-leather-s3\\\/#breadcrumb\"},\"inLanguage\":\"es\",\"potentialAction\":[{\"@type\":\"ReadAction\",\"target\":[\"https:\\\/\\\/itemsind.com\\\/tienda\\\/producto\\\/bota-de-cuero-dakar-ew-s3-leather-s3\\\/\"]}]},{\"@type\":\"ImageObject\",\"inLanguage\":\"es\",\"@id\":\"https:\\\/\\\/itemsind.com\\\/tienda\\\/producto\\\/bota-de-cuero-dakar-ew-s3-leather-s3\\\/#primaryimage\",\"url\":\"https:\\\/\\\/itemsind.com\\\/tienda\\\/wp-content\\\/uploads\\\/2026\\\/04\\\/DAKREWS3LE-BRN-WEB03.webp\",\"contentUrl\":\"https:\\\/\\\/itemsind.com\\\/tienda\\\/wp-content\\\/uploads\\\/2026\\\/04\\\/DAKREWS3LE-BRN-WEB03.webp\",\"width\":800,\"height\":800},{\"@type\":\"BreadcrumbList\",\"@id\":\"https:\\\/\\\/itemsind.com\\\/tienda\\\/producto\\\/bota-de-cuero-dakar-ew-s3-leather-s3\\\/#breadcrumb\",\"itemListElement\":[{\"@type\":\"ListItem\",\"position\":1,\"name\":\"Portada\",\"item\":\"https:\\\/\\\/itemsind.com\\\/tienda\\\/\"},{\"@type\":\"ListItem\",\"position\":2,\"name\":\"Tienda\",\"item\":\"https:\\\/\\\/itemsind.com\\\/tienda\\\/tienda\\\/\"},{\"@type\":\"ListItem\",\"position\":3,\"name\":\"Bota de cuero DAKAR EW S3 LEATHER S3\"}]},{\"@type\":\"WebSite\",\"@id\":\"https:\\\/\\\/itemsind.com\\\/tienda\\\/#website\",\"url\":\"https:\\\/\\\/itemsind.com\\\/tienda\\\/\",\"name\":\"Items Industriales\",\"description\":\"Productos y Servicios para Seguridad Industrial\",\"publisher\":{\"@id\":\"https:\\\/\\\/itemsind.com\\\/tienda\\\/#organization\"},\"potentialAction\":[{\"@type\":\"SearchAction\",\"target\":{\"@type\":\"EntryPoint\",\"urlTemplate\":\"https:\\\/\\\/itemsind.com\\\/tienda\\\/?s={search_term_string}\"},\"query-input\":{\"@type\":\"PropertyValueSpecification\",\"valueRequired\":true,\"valueName\":\"search_term_string\"}}],\"inLanguage\":\"es\"},{\"@type\":\"Organization\",\"@id\":\"https:\\\/\\\/itemsind.com\\\/tienda\\\/#organization\",\"name\":\"Items Industriales\",\"url\":\"https:\\\/\\\/itemsind.com\\\/tienda\\\/\",\"logo\":{\"@type\":\"ImageObject\",\"inLanguage\":\"es\",\"@id\":\"https:\\\/\\\/itemsind.com\\\/tienda\\\/#\\\/schema\\\/logo\\\/image\\\/\",\"url\":\"https:\\\/\\\/itemsind.com\\\/tienda\\\/wp-content\\\/uploads\\\/2023\\\/11\\\/items-logo-principal.jpg\",\"contentUrl\":\"https:\\\/\\\/itemsind.com\\\/tienda\\\/wp-content\\\/uploads\\\/2023\\\/11\\\/items-logo-principal.jpg\",\"width\":2120,\"height\":793,\"caption\":\"Items Industriales\"},\"image\":{\"@id\":\"https:\\\/\\\/itemsind.com\\\/tienda\\\/#\\\/schema\\\/logo\\\/image\\\/\"},\"sameAs\":[\"https:\\\/\\\/www.facebook.com\\\/itemsind\",\"https:\\\/\\\/www.instagram.com\\\/itemsind\\\/\"]}]}<\/script>\n<!-- \/ Yoast SEO plugin. -->","yoast_head_json":{"title":"Bota de cuero DAKAR EW S3 LEATHER S3 - Items Industriales","robots":{"index":"index","follow":"follow","max-snippet":"max-snippet:-1","max-image-preview":"max-image-preview:large","max-video-preview":"max-video-preview:-1"},"canonical":"https:\/\/itemsind.com\/tienda\/producto\/bota-de-cuero-dakar-ew-s3-leather-s3\/","og_locale":"es_ES","og_type":"article","og_title":"Bota de cuero DAKAR EW S3 LEATHER S3 - Items Industriales","og_description":"El DAKAR EW S3 de Safety Jogger es un zapato de seguridad de piel con puntera extra ancha. Ofrece un alto nivel de protecci\u00f3n y comodidad para quienes trabajan en industrias como la qu\u00edmica, la miner\u00eda, el petr\u00f3leo y el gas, la construcci\u00f3n y otras. Este zapato est\u00e1 dise\u00f1ado espec\u00edficamente para trabajar en entornos h\u00famedos, embarrados y secos, as\u00ed como en superficies irregulares y extremadamente resbaladizas. El DAKAR EW S3 proporciona resistencia a las descargas electrost\u00e1ticas, al aceite y al combustible, y cuenta con una parte superior de cuero transpirable. Viene con una entresuela resistente a los pinchazos, un agarre tipo escalera para mayor seguridad y un tap\u00f3n anti rozaduras para prolongar la usabilidad, a la vez que es antideslizante y resistente al agua.   Resistente al agua  Prevenci\u00f3n de las chispas o cargas est\u00e1ticas  Resistencia a la penetraci\u00f3n  Ajuste extra ancho  Adaptaci\u00f3n ortop\u00e9dica (Neskrid)  Plantilla ajustable  Protecci\u00f3n de los objetos que caen  Anti-deslizante","og_url":"https:\/\/itemsind.com\/tienda\/producto\/bota-de-cuero-dakar-ew-s3-leather-s3\/","og_site_name":"Items Industriales","article_publisher":"https:\/\/www.facebook.com\/itemsind","article_modified_time":"2026-04-20T21:31:56+00:00","og_image":[{"width":800,"height":800,"url":"https:\/\/itemsind.com\/tienda\/wp-content\/uploads\/2026\/04\/DAKREWS3LE-BRN-WEB03.webp","type":"image\/webp"}],"twitter_card":"summary_large_image","twitter_misc":{"Tiempo de lectura":"1 minuto"},"schema":{"@context":"https:\/\/schema.org","@graph":[{"@type":"WebPage","@id":"https:\/\/itemsind.com\/tienda\/producto\/bota-de-cuero-dakar-ew-s3-leather-s3\/","url":"https:\/\/itemsind.com\/tienda\/producto\/bota-de-cuero-dakar-ew-s3-leather-s3\/","name":"Bota de cuero DAKAR EW S3 LEATHER S3 - Items Industriales","isPartOf":{"@id":"https:\/\/itemsind.com\/tienda\/#website"},"primaryImageOfPage":{"@id":"https:\/\/itemsind.com\/tienda\/producto\/bota-de-cuero-dakar-ew-s3-leather-s3\/#primaryimage"},"image":{"@id":"https:\/\/itemsind.com\/tienda\/producto\/bota-de-cuero-dakar-ew-s3-leather-s3\/#primaryimage"},"thumbnailUrl":"https:\/\/itemsind.com\/tienda\/wp-content\/uploads\/2026\/04\/DAKREWS3LE-BRN-WEB03.webp","datePublished":"2026-04-20T21:31:55+00:00","dateModified":"2026-04-20T21:31:56+00:00","breadcrumb":{"@id":"https:\/\/itemsind.com\/tienda\/producto\/bota-de-cuero-dakar-ew-s3-leather-s3\/#breadcrumb"},"inLanguage":"es","potentialAction":[{"@type":"ReadAction","target":["https:\/\/itemsind.com\/tienda\/producto\/bota-de-cuero-dakar-ew-s3-leather-s3\/"]}]},{"@type":"ImageObject","inLanguage":"es","@id":"https:\/\/itemsind.com\/tienda\/producto\/bota-de-cuero-dakar-ew-s3-leather-s3\/#primaryimage","url":"https:\/\/itemsind.com\/tienda\/wp-content\/uploads\/2026\/04\/DAKREWS3LE-BRN-WEB03.webp","contentUrl":"https:\/\/itemsind.com\/tienda\/wp-content\/uploads\/2026\/04\/DAKREWS3LE-BRN-WEB03.webp","width":800,"height":800},{"@type":"BreadcrumbList","@id":"https:\/\/itemsind.com\/tienda\/producto\/bota-de-cuero-dakar-ew-s3-leather-s3\/#breadcrumb","itemListElement":[{"@type":"ListItem","position":1,"name":"Portada","item":"https:\/\/itemsind.com\/tienda\/"},{"@type":"ListItem","position":2,"name":"Tienda","item":"https:\/\/itemsind.com\/tienda\/tienda\/"},{"@type":"ListItem","position":3,"name":"Bota de cuero DAKAR EW S3 LEATHER S3"}]},{"@type":"WebSite","@id":"https:\/\/itemsind.com\/tienda\/#website","url":"https:\/\/itemsind.com\/tienda\/","name":"Items Industriales","description":"Productos y Servicios para Seguridad Industrial","publisher":{"@id":"https:\/\/itemsind.com\/tienda\/#organization"},"potentialAction":[{"@type":"SearchAction","target":{"@type":"EntryPoint","urlTemplate":"https:\/\/itemsind.com\/tienda\/?s={search_term_string}"},"query-input":{"@type":"PropertyValueSpecification","valueRequired":true,"valueName":"search_term_string"}}],"inLanguage":"es"},{"@type":"Organization","@id":"https:\/\/itemsind.com\/tienda\/#organization","name":"Items Industriales","url":"https:\/\/itemsind.com\/tienda\/","logo":{"@type":"ImageObject","inLanguage":"es","@id":"https:\/\/itemsind.com\/tienda\/#\/schema\/logo\/image\/","url":"https:\/\/itemsind.com\/tienda\/wp-content\/uploads\/2023\/11\/items-logo-principal.jpg","contentUrl":"https:\/\/itemsind.com\/tienda\/wp-content\/uploads\/2023\/11\/items-logo-principal.jpg","width":2120,"height":793,"caption":"Items Industriales"},"image":{"@id":"https:\/\/itemsind.com\/tienda\/#\/schema\/logo\/image\/"},"sameAs":["https:\/\/www.facebook.com\/itemsind","https:\/\/www.instagram.com\/itemsind\/"]}]}},"_links":{"self":[{"href":"https:\/\/itemsind.com\/tienda\/wp-json\/wp\/v2\/product\/18067","targetHints":{"allow":["GET"]}}],"collection":[{"href":"https:\/\/itemsind.com\/tienda\/wp-json\/wp\/v2\/product"}],"about":[{"href":"https:\/\/itemsind.com\/tienda\/wp-json\/wp\/v2\/types\/product"}],"wp:featuredmedia":[{"embeddable":true,"href":"https:\/\/itemsind.com\/tienda\/wp-json\/wp\/v2\/media\/18068"}],"wp:attachment":[{"href":"https:\/\/itemsind.com\/tienda\/wp-json\/wp\/v2\/media?parent=18067"}],"wp:term":[{"taxonomy":"product_brand","embeddable":true,"href":"https:\/\/itemsind.com\/tienda\/wp-json\/wp\/v2\/product_brand?post=18067"},{"taxonomy":"product_cat","embeddable":true,"href":"https:\/\/itemsind.com\/tienda\/wp-json\/wp\/v2\/product_cat?post=18067"},{"taxonomy":"product_tag","embeddable":true,"href":"https:\/\/itemsind.com\/tienda\/wp-json\/wp\/v2\/product_tag?post=18067"}],"curies":[{"name":"wp","href":"https:\/\/api.w.org\/{rel}","templated":true}]}}