{"id":18069,"date":"2026-04-20T15:38:08","date_gmt":"2026-04-20T21:38:08","guid":{"rendered":"https:\/\/itemsind.com\/tienda\/?post_type=product&#038;p=18069"},"modified":"2026-04-20T15:40:09","modified_gmt":"2026-04-20T21:40:09","slug":"bota-de-cuero-mars-eh-18k-voltios","status":"publish","type":"product","link":"https:\/\/itemsind.com\/tienda\/producto\/bota-de-cuero-mars-eh-18k-voltios\/","title":{"rendered":"Bota de cuero MARS EH-18K VOLTIOS"},"content":{"rendered":"","protected":false},"excerpt":{"rendered":"<div class=\"mb-4\">\n<p class=\"mb-0 font-weight-light\">El zapato de corte medio MARS-EH supone un cambio de juego para los profesionales. Su dise\u00f1o sin metal y su puntera de material composite lo hacen ligero, reduciendo los dolores posturales y proporcionando una protecci\u00f3n superior frente a la ca\u00edda de objetos. Fabricado para ser resistente al agua, mantiene sus pies secos y c\u00f3modos tanto en entornos h\u00famedos como secos. La clasificaci\u00f3n de riesgo el\u00e9ctrico y la tecnolog\u00eda SJ Flex ofrecen protecci\u00f3n frente a descargas el\u00e9ctricas y objetos afilados. La exclusiva caracter\u00edstica de agarre garantiza una sujeci\u00f3n perfecta en superficies irregulares, lo que lo convierte en un todoterreno. Adem\u00e1s, mantiene los pies frescos y detiene las chispas o cargas est\u00e1ticas, lo que aumenta su seguridad.<\/p>\n<\/div>\n<div class=\"product-details bg-light-gray py-3 mb-3\">\n<ul>\n<li>Protecci\u00f3n de los objetos que caen<\/li>\n<li>Resistente al agua<\/li>\n<li>Puntera sin metal<\/li>\n<li>Certificado de riesgo el\u00e9ctrico (EH)<\/li>\n<li>Adaptaci\u00f3n ortop\u00e9dica (Neskrid)<\/li>\n<li>Resistencia a la penetraci\u00f3n<\/li>\n<li>Anti-deslizante<\/li>\n<\/ul>\n<\/div>\n","protected":false},"featured_media":18070,"template":"","meta":[],"product_brand":[2362],"product_cat":[1300,2198,2064],"product_tag":[2353,2433],"class_list":{"0":"post-18069","1":"product","2":"type-product","3":"status-publish","4":"has-post-thumbnail","6":"product_brand-safety-jogger","7":"product_cat-categorias-prodcutos","8":"product_cat-pies-y-piernas","9":"product_cat-proteccion","10":"product_tag-bota-de-cuero","11":"product_tag-bota-de-seguridad","14":"instock","15":"taxable","16":"shipping-taxable","17":"product-type-simple"},"yoast_head":"<!-- This site is optimized with the Yoast SEO plugin v27.4 - https:\/\/yoast.com\/product\/yoast-seo-wordpress\/ -->\n<title>Bota de cuero MARS EH-18K VOLTIOS - Items Industriales<\/title>\n<meta name=\"robots\" content=\"index, follow, max-snippet:-1, max-image-preview:large, max-video-preview:-1\" \/>\n<link rel=\"canonical\" href=\"https:\/\/itemsind.com\/tienda\/producto\/bota-de-cuero-mars-eh-18k-voltios\/\" \/>\n<meta property=\"og:locale\" content=\"es_ES\" \/>\n<meta property=\"og:type\" content=\"article\" \/>\n<meta property=\"og:title\" content=\"Bota de cuero MARS EH-18K VOLTIOS - Items Industriales\" \/>\n<meta property=\"og:description\" content=\"El zapato de corte medio MARS-EH supone un cambio de juego para los profesionales. Su dise\u00f1o sin metal y su puntera de material composite lo hacen ligero, reduciendo los dolores posturales y proporcionando una protecci\u00f3n superior frente a la ca\u00edda de objetos. Fabricado para ser resistente al agua, mantiene sus pies secos y c\u00f3modos tanto en entornos h\u00famedos como secos. La clasificaci\u00f3n de riesgo el\u00e9ctrico y la tecnolog\u00eda SJ Flex ofrecen protecci\u00f3n frente a descargas el\u00e9ctricas y objetos afilados. La exclusiva caracter\u00edstica de agarre garantiza una sujeci\u00f3n perfecta en superficies irregulares, lo que lo convierte en un todoterreno. Adem\u00e1s, mantiene los pies frescos y detiene las chispas o cargas est\u00e1ticas, lo que aumenta su seguridad.      Protecci\u00f3n de los objetos que caen  Resistente al agua  Puntera sin metal  Certificado de riesgo el\u00e9ctrico (EH)  Adaptaci\u00f3n ortop\u00e9dica (Neskrid)  Resistencia a la penetraci\u00f3n  Anti-deslizante\" \/>\n<meta property=\"og:url\" content=\"https:\/\/itemsind.com\/tienda\/producto\/bota-de-cuero-mars-eh-18k-voltios\/\" \/>\n<meta property=\"og:site_name\" content=\"Items Industriales\" \/>\n<meta property=\"article:publisher\" content=\"https:\/\/www.facebook.com\/itemsind\" \/>\n<meta property=\"article:modified_time\" content=\"2026-04-20T21:40:09+00:00\" \/>\n<meta property=\"og:image\" content=\"https:\/\/itemsind.com\/tienda\/wp-content\/uploads\/2026\/04\/MARS-EH-858-WEB01.webp\" \/>\n\t<meta property=\"og:image:width\" content=\"1024\" \/>\n\t<meta property=\"og:image:height\" content=\"1024\" \/>\n\t<meta property=\"og:image:type\" content=\"image\/webp\" \/>\n<meta name=\"twitter:card\" content=\"summary_large_image\" \/>\n<meta name=\"twitter:label1\" content=\"Tiempo de lectura\" \/>\n\t<meta name=\"twitter:data1\" content=\"1 minuto\" \/>\n<script type=\"application\/ld+json\" class=\"yoast-schema-graph\">{\"@context\":\"https:\\\/\\\/schema.org\",\"@graph\":[{\"@type\":\"WebPage\",\"@id\":\"https:\\\/\\\/itemsind.com\\\/tienda\\\/producto\\\/bota-de-cuero-mars-eh-18k-voltios\\\/\",\"url\":\"https:\\\/\\\/itemsind.com\\\/tienda\\\/producto\\\/bota-de-cuero-mars-eh-18k-voltios\\\/\",\"name\":\"Bota de cuero MARS EH-18K VOLTIOS - Items Industriales\",\"isPartOf\":{\"@id\":\"https:\\\/\\\/itemsind.com\\\/tienda\\\/#website\"},\"primaryImageOfPage\":{\"@id\":\"https:\\\/\\\/itemsind.com\\\/tienda\\\/producto\\\/bota-de-cuero-mars-eh-18k-voltios\\\/#primaryimage\"},\"image\":{\"@id\":\"https:\\\/\\\/itemsind.com\\\/tienda\\\/producto\\\/bota-de-cuero-mars-eh-18k-voltios\\\/#primaryimage\"},\"thumbnailUrl\":\"https:\\\/\\\/itemsind.com\\\/tienda\\\/wp-content\\\/uploads\\\/2026\\\/04\\\/MARS-EH-858-WEB01.webp\",\"datePublished\":\"2026-04-20T21:38:08+00:00\",\"dateModified\":\"2026-04-20T21:40:09+00:00\",\"breadcrumb\":{\"@id\":\"https:\\\/\\\/itemsind.com\\\/tienda\\\/producto\\\/bota-de-cuero-mars-eh-18k-voltios\\\/#breadcrumb\"},\"inLanguage\":\"es\",\"potentialAction\":[{\"@type\":\"ReadAction\",\"target\":[\"https:\\\/\\\/itemsind.com\\\/tienda\\\/producto\\\/bota-de-cuero-mars-eh-18k-voltios\\\/\"]}]},{\"@type\":\"ImageObject\",\"inLanguage\":\"es\",\"@id\":\"https:\\\/\\\/itemsind.com\\\/tienda\\\/producto\\\/bota-de-cuero-mars-eh-18k-voltios\\\/#primaryimage\",\"url\":\"https:\\\/\\\/itemsind.com\\\/tienda\\\/wp-content\\\/uploads\\\/2026\\\/04\\\/MARS-EH-858-WEB01.webp\",\"contentUrl\":\"https:\\\/\\\/itemsind.com\\\/tienda\\\/wp-content\\\/uploads\\\/2026\\\/04\\\/MARS-EH-858-WEB01.webp\",\"width\":1024,\"height\":1024},{\"@type\":\"BreadcrumbList\",\"@id\":\"https:\\\/\\\/itemsind.com\\\/tienda\\\/producto\\\/bota-de-cuero-mars-eh-18k-voltios\\\/#breadcrumb\",\"itemListElement\":[{\"@type\":\"ListItem\",\"position\":1,\"name\":\"Portada\",\"item\":\"https:\\\/\\\/itemsind.com\\\/tienda\\\/\"},{\"@type\":\"ListItem\",\"position\":2,\"name\":\"Tienda\",\"item\":\"https:\\\/\\\/itemsind.com\\\/tienda\\\/tienda\\\/\"},{\"@type\":\"ListItem\",\"position\":3,\"name\":\"Bota de cuero MARS EH-18K VOLTIOS\"}]},{\"@type\":\"WebSite\",\"@id\":\"https:\\\/\\\/itemsind.com\\\/tienda\\\/#website\",\"url\":\"https:\\\/\\\/itemsind.com\\\/tienda\\\/\",\"name\":\"Items Industriales\",\"description\":\"Productos y Servicios para Seguridad Industrial\",\"publisher\":{\"@id\":\"https:\\\/\\\/itemsind.com\\\/tienda\\\/#organization\"},\"potentialAction\":[{\"@type\":\"SearchAction\",\"target\":{\"@type\":\"EntryPoint\",\"urlTemplate\":\"https:\\\/\\\/itemsind.com\\\/tienda\\\/?s={search_term_string}\"},\"query-input\":{\"@type\":\"PropertyValueSpecification\",\"valueRequired\":true,\"valueName\":\"search_term_string\"}}],\"inLanguage\":\"es\"},{\"@type\":\"Organization\",\"@id\":\"https:\\\/\\\/itemsind.com\\\/tienda\\\/#organization\",\"name\":\"Items Industriales\",\"url\":\"https:\\\/\\\/itemsind.com\\\/tienda\\\/\",\"logo\":{\"@type\":\"ImageObject\",\"inLanguage\":\"es\",\"@id\":\"https:\\\/\\\/itemsind.com\\\/tienda\\\/#\\\/schema\\\/logo\\\/image\\\/\",\"url\":\"https:\\\/\\\/itemsind.com\\\/tienda\\\/wp-content\\\/uploads\\\/2023\\\/11\\\/items-logo-principal.jpg\",\"contentUrl\":\"https:\\\/\\\/itemsind.com\\\/tienda\\\/wp-content\\\/uploads\\\/2023\\\/11\\\/items-logo-principal.jpg\",\"width\":2120,\"height\":793,\"caption\":\"Items Industriales\"},\"image\":{\"@id\":\"https:\\\/\\\/itemsind.com\\\/tienda\\\/#\\\/schema\\\/logo\\\/image\\\/\"},\"sameAs\":[\"https:\\\/\\\/www.facebook.com\\\/itemsind\",\"https:\\\/\\\/www.instagram.com\\\/itemsind\\\/\"]}]}<\/script>\n<!-- \/ Yoast SEO plugin. -->","yoast_head_json":{"title":"Bota de cuero MARS EH-18K VOLTIOS - Items Industriales","robots":{"index":"index","follow":"follow","max-snippet":"max-snippet:-1","max-image-preview":"max-image-preview:large","max-video-preview":"max-video-preview:-1"},"canonical":"https:\/\/itemsind.com\/tienda\/producto\/bota-de-cuero-mars-eh-18k-voltios\/","og_locale":"es_ES","og_type":"article","og_title":"Bota de cuero MARS EH-18K VOLTIOS - Items Industriales","og_description":"El zapato de corte medio MARS-EH supone un cambio de juego para los profesionales. Su dise\u00f1o sin metal y su puntera de material composite lo hacen ligero, reduciendo los dolores posturales y proporcionando una protecci\u00f3n superior frente a la ca\u00edda de objetos. Fabricado para ser resistente al agua, mantiene sus pies secos y c\u00f3modos tanto en entornos h\u00famedos como secos. La clasificaci\u00f3n de riesgo el\u00e9ctrico y la tecnolog\u00eda SJ Flex ofrecen protecci\u00f3n frente a descargas el\u00e9ctricas y objetos afilados. La exclusiva caracter\u00edstica de agarre garantiza una sujeci\u00f3n perfecta en superficies irregulares, lo que lo convierte en un todoterreno. Adem\u00e1s, mantiene los pies frescos y detiene las chispas o cargas est\u00e1ticas, lo que aumenta su seguridad.      Protecci\u00f3n de los objetos que caen  Resistente al agua  Puntera sin metal  Certificado de riesgo el\u00e9ctrico (EH)  Adaptaci\u00f3n ortop\u00e9dica (Neskrid)  Resistencia a la penetraci\u00f3n  Anti-deslizante","og_url":"https:\/\/itemsind.com\/tienda\/producto\/bota-de-cuero-mars-eh-18k-voltios\/","og_site_name":"Items Industriales","article_publisher":"https:\/\/www.facebook.com\/itemsind","article_modified_time":"2026-04-20T21:40:09+00:00","og_image":[{"width":1024,"height":1024,"url":"https:\/\/itemsind.com\/tienda\/wp-content\/uploads\/2026\/04\/MARS-EH-858-WEB01.webp","type":"image\/webp"}],"twitter_card":"summary_large_image","twitter_misc":{"Tiempo de lectura":"1 minuto"},"schema":{"@context":"https:\/\/schema.org","@graph":[{"@type":"WebPage","@id":"https:\/\/itemsind.com\/tienda\/producto\/bota-de-cuero-mars-eh-18k-voltios\/","url":"https:\/\/itemsind.com\/tienda\/producto\/bota-de-cuero-mars-eh-18k-voltios\/","name":"Bota de cuero MARS EH-18K VOLTIOS - Items Industriales","isPartOf":{"@id":"https:\/\/itemsind.com\/tienda\/#website"},"primaryImageOfPage":{"@id":"https:\/\/itemsind.com\/tienda\/producto\/bota-de-cuero-mars-eh-18k-voltios\/#primaryimage"},"image":{"@id":"https:\/\/itemsind.com\/tienda\/producto\/bota-de-cuero-mars-eh-18k-voltios\/#primaryimage"},"thumbnailUrl":"https:\/\/itemsind.com\/tienda\/wp-content\/uploads\/2026\/04\/MARS-EH-858-WEB01.webp","datePublished":"2026-04-20T21:38:08+00:00","dateModified":"2026-04-20T21:40:09+00:00","breadcrumb":{"@id":"https:\/\/itemsind.com\/tienda\/producto\/bota-de-cuero-mars-eh-18k-voltios\/#breadcrumb"},"inLanguage":"es","potentialAction":[{"@type":"ReadAction","target":["https:\/\/itemsind.com\/tienda\/producto\/bota-de-cuero-mars-eh-18k-voltios\/"]}]},{"@type":"ImageObject","inLanguage":"es","@id":"https:\/\/itemsind.com\/tienda\/producto\/bota-de-cuero-mars-eh-18k-voltios\/#primaryimage","url":"https:\/\/itemsind.com\/tienda\/wp-content\/uploads\/2026\/04\/MARS-EH-858-WEB01.webp","contentUrl":"https:\/\/itemsind.com\/tienda\/wp-content\/uploads\/2026\/04\/MARS-EH-858-WEB01.webp","width":1024,"height":1024},{"@type":"BreadcrumbList","@id":"https:\/\/itemsind.com\/tienda\/producto\/bota-de-cuero-mars-eh-18k-voltios\/#breadcrumb","itemListElement":[{"@type":"ListItem","position":1,"name":"Portada","item":"https:\/\/itemsind.com\/tienda\/"},{"@type":"ListItem","position":2,"name":"Tienda","item":"https:\/\/itemsind.com\/tienda\/tienda\/"},{"@type":"ListItem","position":3,"name":"Bota de cuero MARS EH-18K VOLTIOS"}]},{"@type":"WebSite","@id":"https:\/\/itemsind.com\/tienda\/#website","url":"https:\/\/itemsind.com\/tienda\/","name":"Items Industriales","description":"Productos y Servicios para Seguridad Industrial","publisher":{"@id":"https:\/\/itemsind.com\/tienda\/#organization"},"potentialAction":[{"@type":"SearchAction","target":{"@type":"EntryPoint","urlTemplate":"https:\/\/itemsind.com\/tienda\/?s={search_term_string}"},"query-input":{"@type":"PropertyValueSpecification","valueRequired":true,"valueName":"search_term_string"}}],"inLanguage":"es"},{"@type":"Organization","@id":"https:\/\/itemsind.com\/tienda\/#organization","name":"Items Industriales","url":"https:\/\/itemsind.com\/tienda\/","logo":{"@type":"ImageObject","inLanguage":"es","@id":"https:\/\/itemsind.com\/tienda\/#\/schema\/logo\/image\/","url":"https:\/\/itemsind.com\/tienda\/wp-content\/uploads\/2023\/11\/items-logo-principal.jpg","contentUrl":"https:\/\/itemsind.com\/tienda\/wp-content\/uploads\/2023\/11\/items-logo-principal.jpg","width":2120,"height":793,"caption":"Items Industriales"},"image":{"@id":"https:\/\/itemsind.com\/tienda\/#\/schema\/logo\/image\/"},"sameAs":["https:\/\/www.facebook.com\/itemsind","https:\/\/www.instagram.com\/itemsind\/"]}]}},"_links":{"self":[{"href":"https:\/\/itemsind.com\/tienda\/wp-json\/wp\/v2\/product\/18069","targetHints":{"allow":["GET"]}}],"collection":[{"href":"https:\/\/itemsind.com\/tienda\/wp-json\/wp\/v2\/product"}],"about":[{"href":"https:\/\/itemsind.com\/tienda\/wp-json\/wp\/v2\/types\/product"}],"wp:featuredmedia":[{"embeddable":true,"href":"https:\/\/itemsind.com\/tienda\/wp-json\/wp\/v2\/media\/18070"}],"wp:attachment":[{"href":"https:\/\/itemsind.com\/tienda\/wp-json\/wp\/v2\/media?parent=18069"}],"wp:term":[{"taxonomy":"product_brand","embeddable":true,"href":"https:\/\/itemsind.com\/tienda\/wp-json\/wp\/v2\/product_brand?post=18069"},{"taxonomy":"product_cat","embeddable":true,"href":"https:\/\/itemsind.com\/tienda\/wp-json\/wp\/v2\/product_cat?post=18069"},{"taxonomy":"product_tag","embeddable":true,"href":"https:\/\/itemsind.com\/tienda\/wp-json\/wp\/v2\/product_tag?post=18069"}],"curies":[{"name":"wp","href":"https:\/\/api.w.org\/{rel}","templated":true}]}}