{"id":18084,"date":"2026-04-22T10:35:47","date_gmt":"2026-04-22T16:35:47","guid":{"rendered":"https:\/\/itemsind.com\/tienda\/?post_type=product&#038;p=18084"},"modified":"2026-04-22T10:35:47","modified_gmt":"2026-04-22T16:35:47","slug":"bota-de-seguridad-bestboy-s3","status":"publish","type":"product","link":"https:\/\/itemsind.com\/tienda\/producto\/bota-de-seguridad-bestboy-s3\/","title":{"rendered":"Bota de seguridad BESTBOY S3"},"content":{"rendered":"","protected":false},"excerpt":{"rendered":"<h1 class=\"h5 mb-3\">El favorito de todos los tiempos, el zapato de seguridad de corte medio<\/h1>\n<div class=\"mb-4\">\n<p class=\"mb-0 font-weight-light\">El BESTBOY es un zapato de seguridad S3 de corte medio con entresuela, puntera de acero y un forro de malla de nylon que proporciona la mejor seguridad para sus pies. Adem\u00e1s de la gran seguridad, tambi\u00e9n proporciona un buen ajuste en sus pies. La suela antideslizante (SRC) proporciona un buen agarre en casi todas las situaciones. Con un dise\u00f1o actualizado, traemos las caracter\u00edsticas de nuestro zapato de seguridad favorito de todos los tiempos en un dise\u00f1o renovado.<\/p>\n<\/div>\n<div class=\"product-details bg-light-gray py-3 mb-3\">\n<ul>\n<li>Plantilla ajustable<\/li>\n<li>Adaptaci\u00f3n ortop\u00e9dica (Neskrid)<\/li>\n<li>Anti-deslizante<\/li>\n<li>Resistente al agua<\/li>\n<li>Tapa de protecci\u00f3n<\/li>\n<li>Prevenci\u00f3n de las chispas o cargas est\u00e1ticas<\/li>\n<li>Protecci\u00f3n de los objetos que caen<\/li>\n<li>Resistencia a la penetraci\u00f3n<\/li>\n<\/ul>\n<\/div>\n","protected":false},"featured_media":18087,"template":"","meta":[],"product_brand":[2362],"product_cat":[2198,2064],"product_tag":[2433,2243],"class_list":{"0":"post-18084","1":"product","2":"type-product","3":"status-publish","4":"has-post-thumbnail","6":"product_brand-safety-jogger","7":"product_cat-pies-y-piernas","8":"product_cat-proteccion","9":"product_tag-bota-de-seguridad","10":"product_tag-calzado-industrial","13":"instock","14":"taxable","15":"shipping-taxable","16":"product-type-simple"},"yoast_head":"<!-- This site is optimized with the Yoast SEO plugin v27.4 - https:\/\/yoast.com\/product\/yoast-seo-wordpress\/ -->\n<title>Bota de seguridad BESTBOY S3 - Items Industriales<\/title>\n<meta name=\"robots\" content=\"index, follow, max-snippet:-1, max-image-preview:large, max-video-preview:-1\" \/>\n<link rel=\"canonical\" href=\"https:\/\/itemsind.com\/tienda\/producto\/bota-de-seguridad-bestboy-s3\/\" \/>\n<meta property=\"og:locale\" content=\"es_ES\" \/>\n<meta property=\"og:type\" content=\"article\" \/>\n<meta property=\"og:title\" content=\"Bota de seguridad BESTBOY S3 - Items Industriales\" \/>\n<meta property=\"og:description\" content=\"El favorito de todos los tiempos, el zapato de seguridad de corte medio  El BESTBOY es un zapato de seguridad S3 de corte medio con entresuela, puntera de acero y un forro de malla de nylon que proporciona la mejor seguridad para sus pies. Adem\u00e1s de la gran seguridad, tambi\u00e9n proporciona un buen ajuste en sus pies. La suela antideslizante (SRC) proporciona un buen agarre en casi todas las situaciones. Con un dise\u00f1o actualizado, traemos las caracter\u00edsticas de nuestro zapato de seguridad favorito de todos los tiempos en un dise\u00f1o renovado.      Plantilla ajustable  Adaptaci\u00f3n ortop\u00e9dica (Neskrid)  Anti-deslizante  Resistente al agua  Tapa de protecci\u00f3n  Prevenci\u00f3n de las chispas o cargas est\u00e1ticas  Protecci\u00f3n de los objetos que caen  Resistencia a la penetraci\u00f3n\" \/>\n<meta property=\"og:url\" content=\"https:\/\/itemsind.com\/tienda\/producto\/bota-de-seguridad-bestboy-s3\/\" \/>\n<meta property=\"og:site_name\" content=\"Items Industriales\" \/>\n<meta property=\"article:publisher\" content=\"https:\/\/www.facebook.com\/itemsind\" \/>\n<meta property=\"og:image\" content=\"https:\/\/itemsind.com\/tienda\/wp-content\/uploads\/2026\/04\/plantilla-productos-WEBSITE-4.png\" \/>\n\t<meta property=\"og:image:width\" content=\"1080\" \/>\n\t<meta property=\"og:image:height\" content=\"1080\" \/>\n\t<meta property=\"og:image:type\" content=\"image\/png\" \/>\n<meta name=\"twitter:card\" content=\"summary_large_image\" \/>\n<meta name=\"twitter:label1\" content=\"Tiempo de lectura\" \/>\n\t<meta name=\"twitter:data1\" content=\"1 minuto\" \/>\n<script type=\"application\/ld+json\" class=\"yoast-schema-graph\">{\"@context\":\"https:\\\/\\\/schema.org\",\"@graph\":[{\"@type\":\"WebPage\",\"@id\":\"https:\\\/\\\/itemsind.com\\\/tienda\\\/producto\\\/bota-de-seguridad-bestboy-s3\\\/\",\"url\":\"https:\\\/\\\/itemsind.com\\\/tienda\\\/producto\\\/bota-de-seguridad-bestboy-s3\\\/\",\"name\":\"Bota de seguridad BESTBOY S3 - Items Industriales\",\"isPartOf\":{\"@id\":\"https:\\\/\\\/itemsind.com\\\/tienda\\\/#website\"},\"primaryImageOfPage\":{\"@id\":\"https:\\\/\\\/itemsind.com\\\/tienda\\\/producto\\\/bota-de-seguridad-bestboy-s3\\\/#primaryimage\"},\"image\":{\"@id\":\"https:\\\/\\\/itemsind.com\\\/tienda\\\/producto\\\/bota-de-seguridad-bestboy-s3\\\/#primaryimage\"},\"thumbnailUrl\":\"https:\\\/\\\/itemsind.com\\\/tienda\\\/wp-content\\\/uploads\\\/2026\\\/04\\\/plantilla-productos-WEBSITE-4.png\",\"datePublished\":\"2026-04-22T16:35:47+00:00\",\"breadcrumb\":{\"@id\":\"https:\\\/\\\/itemsind.com\\\/tienda\\\/producto\\\/bota-de-seguridad-bestboy-s3\\\/#breadcrumb\"},\"inLanguage\":\"es\",\"potentialAction\":[{\"@type\":\"ReadAction\",\"target\":[\"https:\\\/\\\/itemsind.com\\\/tienda\\\/producto\\\/bota-de-seguridad-bestboy-s3\\\/\"]}]},{\"@type\":\"ImageObject\",\"inLanguage\":\"es\",\"@id\":\"https:\\\/\\\/itemsind.com\\\/tienda\\\/producto\\\/bota-de-seguridad-bestboy-s3\\\/#primaryimage\",\"url\":\"https:\\\/\\\/itemsind.com\\\/tienda\\\/wp-content\\\/uploads\\\/2026\\\/04\\\/plantilla-productos-WEBSITE-4.png\",\"contentUrl\":\"https:\\\/\\\/itemsind.com\\\/tienda\\\/wp-content\\\/uploads\\\/2026\\\/04\\\/plantilla-productos-WEBSITE-4.png\",\"width\":1080,\"height\":1080},{\"@type\":\"BreadcrumbList\",\"@id\":\"https:\\\/\\\/itemsind.com\\\/tienda\\\/producto\\\/bota-de-seguridad-bestboy-s3\\\/#breadcrumb\",\"itemListElement\":[{\"@type\":\"ListItem\",\"position\":1,\"name\":\"Portada\",\"item\":\"https:\\\/\\\/itemsind.com\\\/tienda\\\/\"},{\"@type\":\"ListItem\",\"position\":2,\"name\":\"Tienda\",\"item\":\"https:\\\/\\\/itemsind.com\\\/tienda\\\/tienda\\\/\"},{\"@type\":\"ListItem\",\"position\":3,\"name\":\"Bota de seguridad BESTBOY S3\"}]},{\"@type\":\"WebSite\",\"@id\":\"https:\\\/\\\/itemsind.com\\\/tienda\\\/#website\",\"url\":\"https:\\\/\\\/itemsind.com\\\/tienda\\\/\",\"name\":\"Items Industriales\",\"description\":\"Productos y Servicios para Seguridad Industrial\",\"publisher\":{\"@id\":\"https:\\\/\\\/itemsind.com\\\/tienda\\\/#organization\"},\"potentialAction\":[{\"@type\":\"SearchAction\",\"target\":{\"@type\":\"EntryPoint\",\"urlTemplate\":\"https:\\\/\\\/itemsind.com\\\/tienda\\\/?s={search_term_string}\"},\"query-input\":{\"@type\":\"PropertyValueSpecification\",\"valueRequired\":true,\"valueName\":\"search_term_string\"}}],\"inLanguage\":\"es\"},{\"@type\":\"Organization\",\"@id\":\"https:\\\/\\\/itemsind.com\\\/tienda\\\/#organization\",\"name\":\"Items Industriales\",\"url\":\"https:\\\/\\\/itemsind.com\\\/tienda\\\/\",\"logo\":{\"@type\":\"ImageObject\",\"inLanguage\":\"es\",\"@id\":\"https:\\\/\\\/itemsind.com\\\/tienda\\\/#\\\/schema\\\/logo\\\/image\\\/\",\"url\":\"https:\\\/\\\/itemsind.com\\\/tienda\\\/wp-content\\\/uploads\\\/2023\\\/11\\\/items-logo-principal.jpg\",\"contentUrl\":\"https:\\\/\\\/itemsind.com\\\/tienda\\\/wp-content\\\/uploads\\\/2023\\\/11\\\/items-logo-principal.jpg\",\"width\":2120,\"height\":793,\"caption\":\"Items Industriales\"},\"image\":{\"@id\":\"https:\\\/\\\/itemsind.com\\\/tienda\\\/#\\\/schema\\\/logo\\\/image\\\/\"},\"sameAs\":[\"https:\\\/\\\/www.facebook.com\\\/itemsind\",\"https:\\\/\\\/www.instagram.com\\\/itemsind\\\/\"]}]}<\/script>\n<!-- \/ Yoast SEO plugin. -->","yoast_head_json":{"title":"Bota de seguridad BESTBOY S3 - Items Industriales","robots":{"index":"index","follow":"follow","max-snippet":"max-snippet:-1","max-image-preview":"max-image-preview:large","max-video-preview":"max-video-preview:-1"},"canonical":"https:\/\/itemsind.com\/tienda\/producto\/bota-de-seguridad-bestboy-s3\/","og_locale":"es_ES","og_type":"article","og_title":"Bota de seguridad BESTBOY S3 - Items Industriales","og_description":"El favorito de todos los tiempos, el zapato de seguridad de corte medio  El BESTBOY es un zapato de seguridad S3 de corte medio con entresuela, puntera de acero y un forro de malla de nylon que proporciona la mejor seguridad para sus pies. Adem\u00e1s de la gran seguridad, tambi\u00e9n proporciona un buen ajuste en sus pies. La suela antideslizante (SRC) proporciona un buen agarre en casi todas las situaciones. Con un dise\u00f1o actualizado, traemos las caracter\u00edsticas de nuestro zapato de seguridad favorito de todos los tiempos en un dise\u00f1o renovado.      Plantilla ajustable  Adaptaci\u00f3n ortop\u00e9dica (Neskrid)  Anti-deslizante  Resistente al agua  Tapa de protecci\u00f3n  Prevenci\u00f3n de las chispas o cargas est\u00e1ticas  Protecci\u00f3n de los objetos que caen  Resistencia a la penetraci\u00f3n","og_url":"https:\/\/itemsind.com\/tienda\/producto\/bota-de-seguridad-bestboy-s3\/","og_site_name":"Items Industriales","article_publisher":"https:\/\/www.facebook.com\/itemsind","og_image":[{"width":1080,"height":1080,"url":"https:\/\/itemsind.com\/tienda\/wp-content\/uploads\/2026\/04\/plantilla-productos-WEBSITE-4.png","type":"image\/png"}],"twitter_card":"summary_large_image","twitter_misc":{"Tiempo de lectura":"1 minuto"},"schema":{"@context":"https:\/\/schema.org","@graph":[{"@type":"WebPage","@id":"https:\/\/itemsind.com\/tienda\/producto\/bota-de-seguridad-bestboy-s3\/","url":"https:\/\/itemsind.com\/tienda\/producto\/bota-de-seguridad-bestboy-s3\/","name":"Bota de seguridad BESTBOY S3 - Items Industriales","isPartOf":{"@id":"https:\/\/itemsind.com\/tienda\/#website"},"primaryImageOfPage":{"@id":"https:\/\/itemsind.com\/tienda\/producto\/bota-de-seguridad-bestboy-s3\/#primaryimage"},"image":{"@id":"https:\/\/itemsind.com\/tienda\/producto\/bota-de-seguridad-bestboy-s3\/#primaryimage"},"thumbnailUrl":"https:\/\/itemsind.com\/tienda\/wp-content\/uploads\/2026\/04\/plantilla-productos-WEBSITE-4.png","datePublished":"2026-04-22T16:35:47+00:00","breadcrumb":{"@id":"https:\/\/itemsind.com\/tienda\/producto\/bota-de-seguridad-bestboy-s3\/#breadcrumb"},"inLanguage":"es","potentialAction":[{"@type":"ReadAction","target":["https:\/\/itemsind.com\/tienda\/producto\/bota-de-seguridad-bestboy-s3\/"]}]},{"@type":"ImageObject","inLanguage":"es","@id":"https:\/\/itemsind.com\/tienda\/producto\/bota-de-seguridad-bestboy-s3\/#primaryimage","url":"https:\/\/itemsind.com\/tienda\/wp-content\/uploads\/2026\/04\/plantilla-productos-WEBSITE-4.png","contentUrl":"https:\/\/itemsind.com\/tienda\/wp-content\/uploads\/2026\/04\/plantilla-productos-WEBSITE-4.png","width":1080,"height":1080},{"@type":"BreadcrumbList","@id":"https:\/\/itemsind.com\/tienda\/producto\/bota-de-seguridad-bestboy-s3\/#breadcrumb","itemListElement":[{"@type":"ListItem","position":1,"name":"Portada","item":"https:\/\/itemsind.com\/tienda\/"},{"@type":"ListItem","position":2,"name":"Tienda","item":"https:\/\/itemsind.com\/tienda\/tienda\/"},{"@type":"ListItem","position":3,"name":"Bota de seguridad BESTBOY S3"}]},{"@type":"WebSite","@id":"https:\/\/itemsind.com\/tienda\/#website","url":"https:\/\/itemsind.com\/tienda\/","name":"Items Industriales","description":"Productos y Servicios para Seguridad Industrial","publisher":{"@id":"https:\/\/itemsind.com\/tienda\/#organization"},"potentialAction":[{"@type":"SearchAction","target":{"@type":"EntryPoint","urlTemplate":"https:\/\/itemsind.com\/tienda\/?s={search_term_string}"},"query-input":{"@type":"PropertyValueSpecification","valueRequired":true,"valueName":"search_term_string"}}],"inLanguage":"es"},{"@type":"Organization","@id":"https:\/\/itemsind.com\/tienda\/#organization","name":"Items Industriales","url":"https:\/\/itemsind.com\/tienda\/","logo":{"@type":"ImageObject","inLanguage":"es","@id":"https:\/\/itemsind.com\/tienda\/#\/schema\/logo\/image\/","url":"https:\/\/itemsind.com\/tienda\/wp-content\/uploads\/2023\/11\/items-logo-principal.jpg","contentUrl":"https:\/\/itemsind.com\/tienda\/wp-content\/uploads\/2023\/11\/items-logo-principal.jpg","width":2120,"height":793,"caption":"Items Industriales"},"image":{"@id":"https:\/\/itemsind.com\/tienda\/#\/schema\/logo\/image\/"},"sameAs":["https:\/\/www.facebook.com\/itemsind","https:\/\/www.instagram.com\/itemsind\/"]}]}},"_links":{"self":[{"href":"https:\/\/itemsind.com\/tienda\/wp-json\/wp\/v2\/product\/18084","targetHints":{"allow":["GET"]}}],"collection":[{"href":"https:\/\/itemsind.com\/tienda\/wp-json\/wp\/v2\/product"}],"about":[{"href":"https:\/\/itemsind.com\/tienda\/wp-json\/wp\/v2\/types\/product"}],"wp:featuredmedia":[{"embeddable":true,"href":"https:\/\/itemsind.com\/tienda\/wp-json\/wp\/v2\/media\/18087"}],"wp:attachment":[{"href":"https:\/\/itemsind.com\/tienda\/wp-json\/wp\/v2\/media?parent=18084"}],"wp:term":[{"taxonomy":"product_brand","embeddable":true,"href":"https:\/\/itemsind.com\/tienda\/wp-json\/wp\/v2\/product_brand?post=18084"},{"taxonomy":"product_cat","embeddable":true,"href":"https:\/\/itemsind.com\/tienda\/wp-json\/wp\/v2\/product_cat?post=18084"},{"taxonomy":"product_tag","embeddable":true,"href":"https:\/\/itemsind.com\/tienda\/wp-json\/wp\/v2\/product_tag?post=18084"}],"curies":[{"name":"wp","href":"https:\/\/api.w.org\/{rel}","templated":true}]}}