{"id":18103,"date":"2026-04-23T09:23:19","date_gmt":"2026-04-23T15:23:19","guid":{"rendered":"https:\/\/itemsind.com\/tienda\/?post_type=product&#038;p=18103"},"modified":"2026-04-23T09:24:46","modified_gmt":"2026-04-23T15:24:46","slug":"guante-de-polietileno-proshield","status":"publish","type":"product","link":"https:\/\/itemsind.com\/tienda\/producto\/guante-de-polietileno-proshield\/","title":{"rendered":"Guante de polietileno PROSHIELD"},"content":{"rendered":"","protected":false},"excerpt":{"rendered":"<h1 class=\"h5 mb-3\">Guante de HPPE (polietileno de alto rendimiento) resistente a los cortes con revestimiento de poliuretano<\/h1>\n<div class=\"mb-4\">\n<p>Los guantes anticorte sin costuras ECO PROSHIELD, fabricados con materiales reciclados, garantizan una gran destreza, seguridad, agarre y fiabilidad. Est\u00e1n dise\u00f1ados para ofrecer la m\u00e1xima resistencia a los cortes (nivel 5), lo que los convierte en la soluci\u00f3n ideal para trabajos con alto riesgo de cortes. Tambi\u00e9n ofrecen una protecci\u00f3n total de las mu\u00f1ecas y un alto nivel de destreza gracias al forro de calibre 15.<\/p>\n<\/div>\n<div class=\"col-12 col-sm-6 col-lg-3\">\n<dl>\n<dt class=\"font-weight-bold\">Forro<\/dt>\n<dd class=\"font-weight-light mb-3\">NYLON DE CALIBRE 15<\/dd>\n<\/dl>\n<\/div>\n<div class=\"col-12 col-sm-6 col-lg-3\">\n<dl>\n<dt class=\"font-weight-bold\">Revestimiento<\/dt>\n<dd class=\"font-weight-light mb-3\">PU<\/dd>\n<\/dl>\n<\/div>\n<div class=\"col-12 col-sm-6 col-lg-3\">\n<dl>\n<dt class=\"font-weight-bold\">Nivel de rendimiento<\/dt>\n<dd class=\"font-weight-light mb-3\">\n<div>EN 388:2016 : 4 X 4 2 F<\/div>\n<div>ANSI\/ISEA 105:2016 : A5 4 4<\/div>\n<\/dd>\n<\/dl>\n<\/div>\n<div class=\"col-12 col-sm-6 col-lg-3\">\n<dl>\n<dt class=\"font-weight-bold\">Tipo de protecci\u00f3n (guantes)<\/dt>\n<dd class=\"font-weight-light mb-3\">Protecci\u00f3n contra cortes , Protecci\u00f3n multiusos<\/dd>\n<\/dl>\n<\/div>\n","protected":false},"featured_media":18104,"template":"","meta":[],"product_brand":[2362],"product_cat":[1384,2064],"product_tag":[2472,2477,2350],"class_list":{"0":"post-18103","1":"product","2":"type-product","3":"status-publish","4":"has-post-thumbnail","6":"product_brand-safety-jogger","7":"product_cat-proteccion-de-manos-brazos","8":"product_cat-proteccion","9":"product_tag-guante-industrial","10":"product_tag-guante-polietileno","11":"product_tag-proteccion-de-manos","14":"instock","15":"taxable","16":"shipping-taxable","17":"product-type-simple"},"yoast_head":"<!-- This site is optimized with the Yoast SEO plugin v27.4 - https:\/\/yoast.com\/product\/yoast-seo-wordpress\/ -->\n<title>Guante de polietileno PROSHIELD - Items Industriales<\/title>\n<meta name=\"robots\" content=\"index, follow, max-snippet:-1, max-image-preview:large, max-video-preview:-1\" \/>\n<link rel=\"canonical\" href=\"https:\/\/itemsind.com\/tienda\/producto\/guante-de-polietileno-proshield\/\" \/>\n<meta property=\"og:locale\" content=\"es_ES\" \/>\n<meta property=\"og:type\" content=\"article\" \/>\n<meta property=\"og:title\" content=\"Guante de polietileno PROSHIELD - Items Industriales\" \/>\n<meta property=\"og:description\" content=\"Guante de HPPE (polietileno de alto rendimiento) resistente a los cortes con revestimiento de poliuretano   Los guantes anticorte sin costuras ECO PROSHIELD, fabricados con materiales reciclados, garantizan una gran destreza, seguridad, agarre y fiabilidad. Est\u00e1n dise\u00f1ados para ofrecer la m\u00e1xima resistencia a los cortes (nivel 5), lo que los convierte en la soluci\u00f3n ideal para trabajos con alto riesgo de cortes. Tambi\u00e9n ofrecen una protecci\u00f3n total de las mu\u00f1ecas y un alto nivel de destreza gracias al forro de calibre 15.      Forro  NYLON DE CALIBRE 15      Revestimiento  PU      Nivel de rendimiento   EN 388:2016 : 4 X 4 2 F ANSI\/ISEA 105:2016 : A5 4 4      Tipo de protecci\u00f3n (guantes)  Protecci\u00f3n contra cortes , Protecci\u00f3n multiusos\" \/>\n<meta property=\"og:url\" content=\"https:\/\/itemsind.com\/tienda\/producto\/guante-de-polietileno-proshield\/\" \/>\n<meta property=\"og:site_name\" content=\"Items Industriales\" \/>\n<meta property=\"article:publisher\" content=\"https:\/\/www.facebook.com\/itemsind\" \/>\n<meta property=\"article:modified_time\" content=\"2026-04-23T15:24:46+00:00\" \/>\n<meta property=\"og:image\" content=\"https:\/\/itemsind.com\/tienda\/wp-content\/uploads\/2026\/04\/plantilla-productos-WEBSITE-9.png\" \/>\n\t<meta property=\"og:image:width\" content=\"1080\" \/>\n\t<meta property=\"og:image:height\" content=\"1080\" \/>\n\t<meta property=\"og:image:type\" content=\"image\/png\" \/>\n<meta name=\"twitter:card\" content=\"summary_large_image\" \/>\n<meta name=\"twitter:label1\" content=\"Tiempo de lectura\" \/>\n\t<meta name=\"twitter:data1\" content=\"1 minuto\" \/>\n<script type=\"application\/ld+json\" class=\"yoast-schema-graph\">{\"@context\":\"https:\\\/\\\/schema.org\",\"@graph\":[{\"@type\":\"WebPage\",\"@id\":\"https:\\\/\\\/itemsind.com\\\/tienda\\\/producto\\\/guante-de-polietileno-proshield\\\/\",\"url\":\"https:\\\/\\\/itemsind.com\\\/tienda\\\/producto\\\/guante-de-polietileno-proshield\\\/\",\"name\":\"Guante de polietileno PROSHIELD - Items Industriales\",\"isPartOf\":{\"@id\":\"https:\\\/\\\/itemsind.com\\\/tienda\\\/#website\"},\"primaryImageOfPage\":{\"@id\":\"https:\\\/\\\/itemsind.com\\\/tienda\\\/producto\\\/guante-de-polietileno-proshield\\\/#primaryimage\"},\"image\":{\"@id\":\"https:\\\/\\\/itemsind.com\\\/tienda\\\/producto\\\/guante-de-polietileno-proshield\\\/#primaryimage\"},\"thumbnailUrl\":\"https:\\\/\\\/itemsind.com\\\/tienda\\\/wp-content\\\/uploads\\\/2026\\\/04\\\/plantilla-productos-WEBSITE-9.png\",\"datePublished\":\"2026-04-23T15:23:19+00:00\",\"dateModified\":\"2026-04-23T15:24:46+00:00\",\"breadcrumb\":{\"@id\":\"https:\\\/\\\/itemsind.com\\\/tienda\\\/producto\\\/guante-de-polietileno-proshield\\\/#breadcrumb\"},\"inLanguage\":\"es\",\"potentialAction\":[{\"@type\":\"ReadAction\",\"target\":[\"https:\\\/\\\/itemsind.com\\\/tienda\\\/producto\\\/guante-de-polietileno-proshield\\\/\"]}]},{\"@type\":\"ImageObject\",\"inLanguage\":\"es\",\"@id\":\"https:\\\/\\\/itemsind.com\\\/tienda\\\/producto\\\/guante-de-polietileno-proshield\\\/#primaryimage\",\"url\":\"https:\\\/\\\/itemsind.com\\\/tienda\\\/wp-content\\\/uploads\\\/2026\\\/04\\\/plantilla-productos-WEBSITE-9.png\",\"contentUrl\":\"https:\\\/\\\/itemsind.com\\\/tienda\\\/wp-content\\\/uploads\\\/2026\\\/04\\\/plantilla-productos-WEBSITE-9.png\",\"width\":1080,\"height\":1080},{\"@type\":\"BreadcrumbList\",\"@id\":\"https:\\\/\\\/itemsind.com\\\/tienda\\\/producto\\\/guante-de-polietileno-proshield\\\/#breadcrumb\",\"itemListElement\":[{\"@type\":\"ListItem\",\"position\":1,\"name\":\"Portada\",\"item\":\"https:\\\/\\\/itemsind.com\\\/tienda\\\/\"},{\"@type\":\"ListItem\",\"position\":2,\"name\":\"Tienda\",\"item\":\"https:\\\/\\\/itemsind.com\\\/tienda\\\/tienda\\\/\"},{\"@type\":\"ListItem\",\"position\":3,\"name\":\"Guante de polietileno PROSHIELD\"}]},{\"@type\":\"WebSite\",\"@id\":\"https:\\\/\\\/itemsind.com\\\/tienda\\\/#website\",\"url\":\"https:\\\/\\\/itemsind.com\\\/tienda\\\/\",\"name\":\"Items Industriales\",\"description\":\"Productos y Servicios para Seguridad Industrial\",\"publisher\":{\"@id\":\"https:\\\/\\\/itemsind.com\\\/tienda\\\/#organization\"},\"potentialAction\":[{\"@type\":\"SearchAction\",\"target\":{\"@type\":\"EntryPoint\",\"urlTemplate\":\"https:\\\/\\\/itemsind.com\\\/tienda\\\/?s={search_term_string}\"},\"query-input\":{\"@type\":\"PropertyValueSpecification\",\"valueRequired\":true,\"valueName\":\"search_term_string\"}}],\"inLanguage\":\"es\"},{\"@type\":\"Organization\",\"@id\":\"https:\\\/\\\/itemsind.com\\\/tienda\\\/#organization\",\"name\":\"Items Industriales\",\"url\":\"https:\\\/\\\/itemsind.com\\\/tienda\\\/\",\"logo\":{\"@type\":\"ImageObject\",\"inLanguage\":\"es\",\"@id\":\"https:\\\/\\\/itemsind.com\\\/tienda\\\/#\\\/schema\\\/logo\\\/image\\\/\",\"url\":\"https:\\\/\\\/itemsind.com\\\/tienda\\\/wp-content\\\/uploads\\\/2023\\\/11\\\/items-logo-principal.jpg\",\"contentUrl\":\"https:\\\/\\\/itemsind.com\\\/tienda\\\/wp-content\\\/uploads\\\/2023\\\/11\\\/items-logo-principal.jpg\",\"width\":2120,\"height\":793,\"caption\":\"Items Industriales\"},\"image\":{\"@id\":\"https:\\\/\\\/itemsind.com\\\/tienda\\\/#\\\/schema\\\/logo\\\/image\\\/\"},\"sameAs\":[\"https:\\\/\\\/www.facebook.com\\\/itemsind\",\"https:\\\/\\\/www.instagram.com\\\/itemsind\\\/\"]}]}<\/script>\n<!-- \/ Yoast SEO plugin. -->","yoast_head_json":{"title":"Guante de polietileno PROSHIELD - Items Industriales","robots":{"index":"index","follow":"follow","max-snippet":"max-snippet:-1","max-image-preview":"max-image-preview:large","max-video-preview":"max-video-preview:-1"},"canonical":"https:\/\/itemsind.com\/tienda\/producto\/guante-de-polietileno-proshield\/","og_locale":"es_ES","og_type":"article","og_title":"Guante de polietileno PROSHIELD - Items Industriales","og_description":"Guante de HPPE (polietileno de alto rendimiento) resistente a los cortes con revestimiento de poliuretano   Los guantes anticorte sin costuras ECO PROSHIELD, fabricados con materiales reciclados, garantizan una gran destreza, seguridad, agarre y fiabilidad. Est\u00e1n dise\u00f1ados para ofrecer la m\u00e1xima resistencia a los cortes (nivel 5), lo que los convierte en la soluci\u00f3n ideal para trabajos con alto riesgo de cortes. Tambi\u00e9n ofrecen una protecci\u00f3n total de las mu\u00f1ecas y un alto nivel de destreza gracias al forro de calibre 15.      Forro  NYLON DE CALIBRE 15      Revestimiento  PU      Nivel de rendimiento   EN 388:2016 : 4 X 4 2 F ANSI\/ISEA 105:2016 : A5 4 4      Tipo de protecci\u00f3n (guantes)  Protecci\u00f3n contra cortes , Protecci\u00f3n multiusos","og_url":"https:\/\/itemsind.com\/tienda\/producto\/guante-de-polietileno-proshield\/","og_site_name":"Items Industriales","article_publisher":"https:\/\/www.facebook.com\/itemsind","article_modified_time":"2026-04-23T15:24:46+00:00","og_image":[{"width":1080,"height":1080,"url":"https:\/\/itemsind.com\/tienda\/wp-content\/uploads\/2026\/04\/plantilla-productos-WEBSITE-9.png","type":"image\/png"}],"twitter_card":"summary_large_image","twitter_misc":{"Tiempo de lectura":"1 minuto"},"schema":{"@context":"https:\/\/schema.org","@graph":[{"@type":"WebPage","@id":"https:\/\/itemsind.com\/tienda\/producto\/guante-de-polietileno-proshield\/","url":"https:\/\/itemsind.com\/tienda\/producto\/guante-de-polietileno-proshield\/","name":"Guante de polietileno PROSHIELD - Items Industriales","isPartOf":{"@id":"https:\/\/itemsind.com\/tienda\/#website"},"primaryImageOfPage":{"@id":"https:\/\/itemsind.com\/tienda\/producto\/guante-de-polietileno-proshield\/#primaryimage"},"image":{"@id":"https:\/\/itemsind.com\/tienda\/producto\/guante-de-polietileno-proshield\/#primaryimage"},"thumbnailUrl":"https:\/\/itemsind.com\/tienda\/wp-content\/uploads\/2026\/04\/plantilla-productos-WEBSITE-9.png","datePublished":"2026-04-23T15:23:19+00:00","dateModified":"2026-04-23T15:24:46+00:00","breadcrumb":{"@id":"https:\/\/itemsind.com\/tienda\/producto\/guante-de-polietileno-proshield\/#breadcrumb"},"inLanguage":"es","potentialAction":[{"@type":"ReadAction","target":["https:\/\/itemsind.com\/tienda\/producto\/guante-de-polietileno-proshield\/"]}]},{"@type":"ImageObject","inLanguage":"es","@id":"https:\/\/itemsind.com\/tienda\/producto\/guante-de-polietileno-proshield\/#primaryimage","url":"https:\/\/itemsind.com\/tienda\/wp-content\/uploads\/2026\/04\/plantilla-productos-WEBSITE-9.png","contentUrl":"https:\/\/itemsind.com\/tienda\/wp-content\/uploads\/2026\/04\/plantilla-productos-WEBSITE-9.png","width":1080,"height":1080},{"@type":"BreadcrumbList","@id":"https:\/\/itemsind.com\/tienda\/producto\/guante-de-polietileno-proshield\/#breadcrumb","itemListElement":[{"@type":"ListItem","position":1,"name":"Portada","item":"https:\/\/itemsind.com\/tienda\/"},{"@type":"ListItem","position":2,"name":"Tienda","item":"https:\/\/itemsind.com\/tienda\/tienda\/"},{"@type":"ListItem","position":3,"name":"Guante de polietileno PROSHIELD"}]},{"@type":"WebSite","@id":"https:\/\/itemsind.com\/tienda\/#website","url":"https:\/\/itemsind.com\/tienda\/","name":"Items Industriales","description":"Productos y Servicios para Seguridad Industrial","publisher":{"@id":"https:\/\/itemsind.com\/tienda\/#organization"},"potentialAction":[{"@type":"SearchAction","target":{"@type":"EntryPoint","urlTemplate":"https:\/\/itemsind.com\/tienda\/?s={search_term_string}"},"query-input":{"@type":"PropertyValueSpecification","valueRequired":true,"valueName":"search_term_string"}}],"inLanguage":"es"},{"@type":"Organization","@id":"https:\/\/itemsind.com\/tienda\/#organization","name":"Items Industriales","url":"https:\/\/itemsind.com\/tienda\/","logo":{"@type":"ImageObject","inLanguage":"es","@id":"https:\/\/itemsind.com\/tienda\/#\/schema\/logo\/image\/","url":"https:\/\/itemsind.com\/tienda\/wp-content\/uploads\/2023\/11\/items-logo-principal.jpg","contentUrl":"https:\/\/itemsind.com\/tienda\/wp-content\/uploads\/2023\/11\/items-logo-principal.jpg","width":2120,"height":793,"caption":"Items Industriales"},"image":{"@id":"https:\/\/itemsind.com\/tienda\/#\/schema\/logo\/image\/"},"sameAs":["https:\/\/www.facebook.com\/itemsind","https:\/\/www.instagram.com\/itemsind\/"]}]}},"_links":{"self":[{"href":"https:\/\/itemsind.com\/tienda\/wp-json\/wp\/v2\/product\/18103","targetHints":{"allow":["GET"]}}],"collection":[{"href":"https:\/\/itemsind.com\/tienda\/wp-json\/wp\/v2\/product"}],"about":[{"href":"https:\/\/itemsind.com\/tienda\/wp-json\/wp\/v2\/types\/product"}],"wp:featuredmedia":[{"embeddable":true,"href":"https:\/\/itemsind.com\/tienda\/wp-json\/wp\/v2\/media\/18104"}],"wp:attachment":[{"href":"https:\/\/itemsind.com\/tienda\/wp-json\/wp\/v2\/media?parent=18103"}],"wp:term":[{"taxonomy":"product_brand","embeddable":true,"href":"https:\/\/itemsind.com\/tienda\/wp-json\/wp\/v2\/product_brand?post=18103"},{"taxonomy":"product_cat","embeddable":true,"href":"https:\/\/itemsind.com\/tienda\/wp-json\/wp\/v2\/product_cat?post=18103"},{"taxonomy":"product_tag","embeddable":true,"href":"https:\/\/itemsind.com\/tienda\/wp-json\/wp\/v2\/product_tag?post=18103"}],"curies":[{"name":"wp","href":"https:\/\/api.w.org\/{rel}","templated":true}]}}