{"id":18113,"date":"2026-04-23T11:20:37","date_gmt":"2026-04-23T17:20:37","guid":{"rendered":"https:\/\/itemsind.com\/tienda\/?post_type=product&#038;p=18113"},"modified":"2026-04-23T11:20:38","modified_gmt":"2026-04-23T17:20:38","slug":"arnes-tipo-x-de-4-argollas-con-cinturon-a6ap-std","status":"publish","type":"product","link":"https:\/\/itemsind.com\/tienda\/producto\/arnes-tipo-x-de-4-argollas-con-cinturon-a6ap-std\/","title":{"rendered":"Arn\u00e9s Tipo X De 4 Argollas con Cintur\u00f3n A6AP-STD"},"content":{"rendered":"","protected":false},"excerpt":{"rendered":"<p>Equipo dise\u00f1ado para tareas de posicionamiento, de arresto de ca\u00edda.<\/p>\n<p>Cuenta con un (1) anillo met\u00e1lico tipo \u201cD\u201d en la zona dorsal para sistemas contra ca\u00eddas, y dos (2) anillos met\u00e1licos a la altura de la cadera, para sistemas de posicionamiento y (1) en la zona esternal para ascenso-descenso de escaleras.<\/p>\n<ul>\n<li>Puntos de ajuste: 4<\/li>\n<li>Cinta: 100% poli\u00e9ster de 45 mm<\/li>\n<li>Anillos D y hebillas: Acero estampado y tropicalizado<\/li>\n<li>Hilo: Poli\u00e9ster 100% Bondeado<\/li>\n<li>Cumple ANSI Z359.11 y EN:361<\/li>\n<\/ul>\n","protected":false},"featured_media":18114,"template":"","meta":[],"product_brand":[2366],"product_cat":[2252,1311],"product_tag":[1767,2480,2273],"class_list":{"0":"post-18113","1":"product","2":"type-product","3":"status-publish","4":"has-post-thumbnail","6":"product_brand-hawk","7":"product_cat-equipo","8":"product_cat-trabajo-alturas","9":"product_tag-arnes","10":"product_tag-arnes-de-cuerpo-completo","11":"product_tag-trabajo-en-alturas","14":"instock","15":"taxable","16":"shipping-taxable","17":"product-type-simple"},"yoast_head":"<!-- This site is optimized with the Yoast SEO plugin v27.4 - https:\/\/yoast.com\/product\/yoast-seo-wordpress\/ -->\n<title>Arn\u00e9s Tipo X De 4 Argollas con Cintur\u00f3n A6AP-STD - Items Industriales<\/title>\n<meta name=\"robots\" content=\"index, follow, max-snippet:-1, max-image-preview:large, max-video-preview:-1\" \/>\n<link rel=\"canonical\" href=\"https:\/\/itemsind.com\/tienda\/producto\/arnes-tipo-x-de-4-argollas-con-cinturon-a6ap-std\/\" \/>\n<meta property=\"og:locale\" content=\"es_ES\" \/>\n<meta property=\"og:type\" content=\"article\" \/>\n<meta property=\"og:title\" content=\"Arn\u00e9s Tipo X De 4 Argollas con Cintur\u00f3n A6AP-STD - Items Industriales\" \/>\n<meta property=\"og:description\" content=\"Equipo dise\u00f1ado para tareas de posicionamiento, de arresto de ca\u00edda.  Cuenta con un (1) anillo met\u00e1lico tipo \u201cD\u201d en la zona dorsal para sistemas contra ca\u00eddas, y dos (2) anillos met\u00e1licos a la altura de la cadera, para sistemas de posicionamiento y (1) en la zona esternal para ascenso-descenso de escaleras.   Puntos de ajuste: 4  Cinta: 100% poli\u00e9ster de 45 mm  Anillos D y hebillas: Acero estampado y tropicalizado  Hilo: Poli\u00e9ster 100% Bondeado  Cumple ANSI Z359.11 y EN:361\" \/>\n<meta property=\"og:url\" content=\"https:\/\/itemsind.com\/tienda\/producto\/arnes-tipo-x-de-4-argollas-con-cinturon-a6ap-std\/\" \/>\n<meta property=\"og:site_name\" content=\"Items Industriales\" \/>\n<meta property=\"article:publisher\" content=\"https:\/\/www.facebook.com\/itemsind\" \/>\n<meta property=\"article:modified_time\" content=\"2026-04-23T17:20:38+00:00\" \/>\n<meta property=\"og:image\" content=\"https:\/\/itemsind.com\/tienda\/wp-content\/uploads\/2026\/04\/A6AP.webp\" \/>\n\t<meta property=\"og:image:width\" content=\"600\" \/>\n\t<meta property=\"og:image:height\" content=\"600\" \/>\n\t<meta property=\"og:image:type\" content=\"image\/webp\" \/>\n<meta name=\"twitter:card\" content=\"summary_large_image\" \/>\n<meta name=\"twitter:label1\" content=\"Tiempo de lectura\" \/>\n\t<meta name=\"twitter:data1\" content=\"1 minuto\" \/>\n<script type=\"application\/ld+json\" class=\"yoast-schema-graph\">{\"@context\":\"https:\\\/\\\/schema.org\",\"@graph\":[{\"@type\":\"WebPage\",\"@id\":\"https:\\\/\\\/itemsind.com\\\/tienda\\\/producto\\\/arnes-tipo-x-de-4-argollas-con-cinturon-a6ap-std\\\/\",\"url\":\"https:\\\/\\\/itemsind.com\\\/tienda\\\/producto\\\/arnes-tipo-x-de-4-argollas-con-cinturon-a6ap-std\\\/\",\"name\":\"Arn\u00e9s Tipo X De 4 Argollas con Cintur\u00f3n A6AP-STD - Items Industriales\",\"isPartOf\":{\"@id\":\"https:\\\/\\\/itemsind.com\\\/tienda\\\/#website\"},\"primaryImageOfPage\":{\"@id\":\"https:\\\/\\\/itemsind.com\\\/tienda\\\/producto\\\/arnes-tipo-x-de-4-argollas-con-cinturon-a6ap-std\\\/#primaryimage\"},\"image\":{\"@id\":\"https:\\\/\\\/itemsind.com\\\/tienda\\\/producto\\\/arnes-tipo-x-de-4-argollas-con-cinturon-a6ap-std\\\/#primaryimage\"},\"thumbnailUrl\":\"https:\\\/\\\/itemsind.com\\\/tienda\\\/wp-content\\\/uploads\\\/2026\\\/04\\\/A6AP.webp\",\"datePublished\":\"2026-04-23T17:20:37+00:00\",\"dateModified\":\"2026-04-23T17:20:38+00:00\",\"breadcrumb\":{\"@id\":\"https:\\\/\\\/itemsind.com\\\/tienda\\\/producto\\\/arnes-tipo-x-de-4-argollas-con-cinturon-a6ap-std\\\/#breadcrumb\"},\"inLanguage\":\"es\",\"potentialAction\":[{\"@type\":\"ReadAction\",\"target\":[\"https:\\\/\\\/itemsind.com\\\/tienda\\\/producto\\\/arnes-tipo-x-de-4-argollas-con-cinturon-a6ap-std\\\/\"]}]},{\"@type\":\"ImageObject\",\"inLanguage\":\"es\",\"@id\":\"https:\\\/\\\/itemsind.com\\\/tienda\\\/producto\\\/arnes-tipo-x-de-4-argollas-con-cinturon-a6ap-std\\\/#primaryimage\",\"url\":\"https:\\\/\\\/itemsind.com\\\/tienda\\\/wp-content\\\/uploads\\\/2026\\\/04\\\/A6AP.webp\",\"contentUrl\":\"https:\\\/\\\/itemsind.com\\\/tienda\\\/wp-content\\\/uploads\\\/2026\\\/04\\\/A6AP.webp\",\"width\":600,\"height\":600},{\"@type\":\"BreadcrumbList\",\"@id\":\"https:\\\/\\\/itemsind.com\\\/tienda\\\/producto\\\/arnes-tipo-x-de-4-argollas-con-cinturon-a6ap-std\\\/#breadcrumb\",\"itemListElement\":[{\"@type\":\"ListItem\",\"position\":1,\"name\":\"Portada\",\"item\":\"https:\\\/\\\/itemsind.com\\\/tienda\\\/\"},{\"@type\":\"ListItem\",\"position\":2,\"name\":\"Tienda\",\"item\":\"https:\\\/\\\/itemsind.com\\\/tienda\\\/tienda\\\/\"},{\"@type\":\"ListItem\",\"position\":3,\"name\":\"Arn\u00e9s Tipo X De 4 Argollas con Cintur\u00f3n A6AP-STD\"}]},{\"@type\":\"WebSite\",\"@id\":\"https:\\\/\\\/itemsind.com\\\/tienda\\\/#website\",\"url\":\"https:\\\/\\\/itemsind.com\\\/tienda\\\/\",\"name\":\"Items Industriales\",\"description\":\"Productos y Servicios para Seguridad Industrial\",\"publisher\":{\"@id\":\"https:\\\/\\\/itemsind.com\\\/tienda\\\/#organization\"},\"potentialAction\":[{\"@type\":\"SearchAction\",\"target\":{\"@type\":\"EntryPoint\",\"urlTemplate\":\"https:\\\/\\\/itemsind.com\\\/tienda\\\/?s={search_term_string}\"},\"query-input\":{\"@type\":\"PropertyValueSpecification\",\"valueRequired\":true,\"valueName\":\"search_term_string\"}}],\"inLanguage\":\"es\"},{\"@type\":\"Organization\",\"@id\":\"https:\\\/\\\/itemsind.com\\\/tienda\\\/#organization\",\"name\":\"Items Industriales\",\"url\":\"https:\\\/\\\/itemsind.com\\\/tienda\\\/\",\"logo\":{\"@type\":\"ImageObject\",\"inLanguage\":\"es\",\"@id\":\"https:\\\/\\\/itemsind.com\\\/tienda\\\/#\\\/schema\\\/logo\\\/image\\\/\",\"url\":\"https:\\\/\\\/itemsind.com\\\/tienda\\\/wp-content\\\/uploads\\\/2023\\\/11\\\/items-logo-principal.jpg\",\"contentUrl\":\"https:\\\/\\\/itemsind.com\\\/tienda\\\/wp-content\\\/uploads\\\/2023\\\/11\\\/items-logo-principal.jpg\",\"width\":2120,\"height\":793,\"caption\":\"Items Industriales\"},\"image\":{\"@id\":\"https:\\\/\\\/itemsind.com\\\/tienda\\\/#\\\/schema\\\/logo\\\/image\\\/\"},\"sameAs\":[\"https:\\\/\\\/www.facebook.com\\\/itemsind\",\"https:\\\/\\\/www.instagram.com\\\/itemsind\\\/\"]}]}<\/script>\n<!-- \/ Yoast SEO plugin. -->","yoast_head_json":{"title":"Arn\u00e9s Tipo X De 4 Argollas con Cintur\u00f3n A6AP-STD - Items Industriales","robots":{"index":"index","follow":"follow","max-snippet":"max-snippet:-1","max-image-preview":"max-image-preview:large","max-video-preview":"max-video-preview:-1"},"canonical":"https:\/\/itemsind.com\/tienda\/producto\/arnes-tipo-x-de-4-argollas-con-cinturon-a6ap-std\/","og_locale":"es_ES","og_type":"article","og_title":"Arn\u00e9s Tipo X De 4 Argollas con Cintur\u00f3n A6AP-STD - Items Industriales","og_description":"Equipo dise\u00f1ado para tareas de posicionamiento, de arresto de ca\u00edda.  Cuenta con un (1) anillo met\u00e1lico tipo \u201cD\u201d en la zona dorsal para sistemas contra ca\u00eddas, y dos (2) anillos met\u00e1licos a la altura de la cadera, para sistemas de posicionamiento y (1) en la zona esternal para ascenso-descenso de escaleras.   Puntos de ajuste: 4  Cinta: 100% poli\u00e9ster de 45 mm  Anillos D y hebillas: Acero estampado y tropicalizado  Hilo: Poli\u00e9ster 100% Bondeado  Cumple ANSI Z359.11 y EN:361","og_url":"https:\/\/itemsind.com\/tienda\/producto\/arnes-tipo-x-de-4-argollas-con-cinturon-a6ap-std\/","og_site_name":"Items Industriales","article_publisher":"https:\/\/www.facebook.com\/itemsind","article_modified_time":"2026-04-23T17:20:38+00:00","og_image":[{"width":600,"height":600,"url":"https:\/\/itemsind.com\/tienda\/wp-content\/uploads\/2026\/04\/A6AP.webp","type":"image\/webp"}],"twitter_card":"summary_large_image","twitter_misc":{"Tiempo de lectura":"1 minuto"},"schema":{"@context":"https:\/\/schema.org","@graph":[{"@type":"WebPage","@id":"https:\/\/itemsind.com\/tienda\/producto\/arnes-tipo-x-de-4-argollas-con-cinturon-a6ap-std\/","url":"https:\/\/itemsind.com\/tienda\/producto\/arnes-tipo-x-de-4-argollas-con-cinturon-a6ap-std\/","name":"Arn\u00e9s Tipo X De 4 Argollas con Cintur\u00f3n A6AP-STD - Items Industriales","isPartOf":{"@id":"https:\/\/itemsind.com\/tienda\/#website"},"primaryImageOfPage":{"@id":"https:\/\/itemsind.com\/tienda\/producto\/arnes-tipo-x-de-4-argollas-con-cinturon-a6ap-std\/#primaryimage"},"image":{"@id":"https:\/\/itemsind.com\/tienda\/producto\/arnes-tipo-x-de-4-argollas-con-cinturon-a6ap-std\/#primaryimage"},"thumbnailUrl":"https:\/\/itemsind.com\/tienda\/wp-content\/uploads\/2026\/04\/A6AP.webp","datePublished":"2026-04-23T17:20:37+00:00","dateModified":"2026-04-23T17:20:38+00:00","breadcrumb":{"@id":"https:\/\/itemsind.com\/tienda\/producto\/arnes-tipo-x-de-4-argollas-con-cinturon-a6ap-std\/#breadcrumb"},"inLanguage":"es","potentialAction":[{"@type":"ReadAction","target":["https:\/\/itemsind.com\/tienda\/producto\/arnes-tipo-x-de-4-argollas-con-cinturon-a6ap-std\/"]}]},{"@type":"ImageObject","inLanguage":"es","@id":"https:\/\/itemsind.com\/tienda\/producto\/arnes-tipo-x-de-4-argollas-con-cinturon-a6ap-std\/#primaryimage","url":"https:\/\/itemsind.com\/tienda\/wp-content\/uploads\/2026\/04\/A6AP.webp","contentUrl":"https:\/\/itemsind.com\/tienda\/wp-content\/uploads\/2026\/04\/A6AP.webp","width":600,"height":600},{"@type":"BreadcrumbList","@id":"https:\/\/itemsind.com\/tienda\/producto\/arnes-tipo-x-de-4-argollas-con-cinturon-a6ap-std\/#breadcrumb","itemListElement":[{"@type":"ListItem","position":1,"name":"Portada","item":"https:\/\/itemsind.com\/tienda\/"},{"@type":"ListItem","position":2,"name":"Tienda","item":"https:\/\/itemsind.com\/tienda\/tienda\/"},{"@type":"ListItem","position":3,"name":"Arn\u00e9s Tipo X De 4 Argollas con Cintur\u00f3n A6AP-STD"}]},{"@type":"WebSite","@id":"https:\/\/itemsind.com\/tienda\/#website","url":"https:\/\/itemsind.com\/tienda\/","name":"Items Industriales","description":"Productos y Servicios para Seguridad Industrial","publisher":{"@id":"https:\/\/itemsind.com\/tienda\/#organization"},"potentialAction":[{"@type":"SearchAction","target":{"@type":"EntryPoint","urlTemplate":"https:\/\/itemsind.com\/tienda\/?s={search_term_string}"},"query-input":{"@type":"PropertyValueSpecification","valueRequired":true,"valueName":"search_term_string"}}],"inLanguage":"es"},{"@type":"Organization","@id":"https:\/\/itemsind.com\/tienda\/#organization","name":"Items Industriales","url":"https:\/\/itemsind.com\/tienda\/","logo":{"@type":"ImageObject","inLanguage":"es","@id":"https:\/\/itemsind.com\/tienda\/#\/schema\/logo\/image\/","url":"https:\/\/itemsind.com\/tienda\/wp-content\/uploads\/2023\/11\/items-logo-principal.jpg","contentUrl":"https:\/\/itemsind.com\/tienda\/wp-content\/uploads\/2023\/11\/items-logo-principal.jpg","width":2120,"height":793,"caption":"Items Industriales"},"image":{"@id":"https:\/\/itemsind.com\/tienda\/#\/schema\/logo\/image\/"},"sameAs":["https:\/\/www.facebook.com\/itemsind","https:\/\/www.instagram.com\/itemsind\/"]}]}},"_links":{"self":[{"href":"https:\/\/itemsind.com\/tienda\/wp-json\/wp\/v2\/product\/18113","targetHints":{"allow":["GET"]}}],"collection":[{"href":"https:\/\/itemsind.com\/tienda\/wp-json\/wp\/v2\/product"}],"about":[{"href":"https:\/\/itemsind.com\/tienda\/wp-json\/wp\/v2\/types\/product"}],"wp:featuredmedia":[{"embeddable":true,"href":"https:\/\/itemsind.com\/tienda\/wp-json\/wp\/v2\/media\/18114"}],"wp:attachment":[{"href":"https:\/\/itemsind.com\/tienda\/wp-json\/wp\/v2\/media?parent=18113"}],"wp:term":[{"taxonomy":"product_brand","embeddable":true,"href":"https:\/\/itemsind.com\/tienda\/wp-json\/wp\/v2\/product_brand?post=18113"},{"taxonomy":"product_cat","embeddable":true,"href":"https:\/\/itemsind.com\/tienda\/wp-json\/wp\/v2\/product_cat?post=18113"},{"taxonomy":"product_tag","embeddable":true,"href":"https:\/\/itemsind.com\/tienda\/wp-json\/wp\/v2\/product_tag?post=18113"}],"curies":[{"name":"wp","href":"https:\/\/api.w.org\/{rel}","templated":true}]}}