{"id":18126,"date":"2026-04-23T12:58:14","date_gmt":"2026-04-23T18:58:14","guid":{"rendered":"https:\/\/itemsind.com\/tienda\/?post_type=product&#038;p=18126"},"modified":"2026-04-23T12:58:14","modified_gmt":"2026-04-23T18:58:14","slug":"deslizador-de-caidas-p-cab-acero-de-5-16-c-amort-sca-a516","status":"publish","type":"product","link":"https:\/\/itemsind.com\/tienda\/producto\/deslizador-de-caidas-p-cab-acero-de-5-16-c-amort-sca-a516\/","title":{"rendered":"Deslizador de ca\u00eddas P\/cab. acero de 5\/16&#8243; C\/AMORT SCA-A516"},"content":{"rendered":"","protected":false},"excerpt":{"rendered":"<div class=\"col-sm-12 no-padding info-producto-int\">\n<div class=\"Caracteristicas\">\n<div id=\"accordioninfo\" class=\"filtos-catalogo panel-group tymnyce\" role=\"tablist\" aria-multiselectable=\"true\">\n<div class=\"panel\">\n<div id=\"heading0\" class=\"panel-heading\" role=\"tab\">\n<h4 class=\"categoria\">DESCRIPCI\u00d3N<\/h4>\n<\/div>\n<div id=\"thir0\" class=\"panel-collapse collapse in\" role=\"tabpanel\" aria-labelledby=\"thir0\">\n<div class=\"panel-body\">Dispositivo el cual se conecta a una l\u00ednea de vida de acero como si fuera un punto de anclaje y \u00e9ste detiene al usuario en el momento de una ca\u00edda.<\/div>\n<\/div>\n<\/div>\n<\/div>\n<\/div>\n<\/div>\n<div class=\"col-sm-12 no-padding info-producto-int\">\n<div class=\"Caracteristicas\">\n<div id=\"accordioninfo\" class=\"filtos-catalogo panel-group tymnyce\" role=\"tablist\" aria-multiselectable=\"true\">\n<div class=\"panel\">\n<div id=\"heading1\" class=\"panel-heading\" role=\"tab\">\n<h4 class=\"categoria\">APLICACI\u00d3N<\/h4>\n<\/div>\n<div id=\"thir1\" class=\"panel-collapse collapse in\" role=\"tabpanel\" aria-labelledby=\"thir1\">\n<div class=\"panel-body\">Construcci\u00f3n, miner\u00eda, torres e\u00f3licas, alimenticia, servicios p\u00fablicos, mec\u00e1nica automotriz, electr\u00f3nica.<\/div>\n<\/div>\n<\/div>\n<\/div>\n<\/div>\n<\/div>\n","protected":false},"featured_media":18127,"template":"","meta":[],"product_brand":[2366],"product_cat":[2252,1311],"product_tag":[2484,2483,2273],"class_list":{"0":"post-18126","1":"product","2":"type-product","3":"status-publish","4":"has-post-thumbnail","6":"product_brand-hawk","7":"product_cat-equipo","8":"product_cat-trabajo-alturas","9":"product_tag-cable-de-acero","10":"product_tag-deslizador","11":"product_tag-trabajo-en-alturas","14":"instock","15":"taxable","16":"shipping-taxable","17":"product-type-simple"},"yoast_head":"<!-- This site is optimized with the Yoast SEO plugin v27.4 - https:\/\/yoast.com\/product\/yoast-seo-wordpress\/ -->\n<title>Deslizador de ca\u00eddas P\/cab. acero de 5\/16&quot; C\/AMORT SCA-A516 - Items Industriales<\/title>\n<meta name=\"robots\" content=\"index, follow, max-snippet:-1, max-image-preview:large, max-video-preview:-1\" \/>\n<link rel=\"canonical\" href=\"https:\/\/itemsind.com\/tienda\/producto\/deslizador-de-caidas-p-cab-acero-de-5-16-c-amort-sca-a516\/\" \/>\n<meta property=\"og:locale\" content=\"es_ES\" \/>\n<meta property=\"og:type\" content=\"article\" \/>\n<meta property=\"og:title\" content=\"Deslizador de ca\u00eddas P\/cab. acero de 5\/16&quot; C\/AMORT SCA-A516 - Items Industriales\" \/>\n<meta property=\"og:description\" content=\"DESCRIPCI\u00d3N   Dispositivo el cual se conecta a una l\u00ednea de vida de acero como si fuera un punto de anclaje y \u00e9ste detiene al usuario en el momento de una ca\u00edda.           APLICACI\u00d3N   Construcci\u00f3n, miner\u00eda, torres e\u00f3licas, alimenticia, servicios p\u00fablicos, mec\u00e1nica automotriz, electr\u00f3nica.\" \/>\n<meta property=\"og:url\" content=\"https:\/\/itemsind.com\/tienda\/producto\/deslizador-de-caidas-p-cab-acero-de-5-16-c-amort-sca-a516\/\" \/>\n<meta property=\"og:site_name\" content=\"Items Industriales\" \/>\n<meta property=\"article:publisher\" content=\"https:\/\/www.facebook.com\/itemsind\" \/>\n<meta property=\"og:image\" content=\"https:\/\/itemsind.com\/tienda\/wp-content\/uploads\/2026\/04\/plantilla-productos-WEBSITE-12.png\" \/>\n\t<meta property=\"og:image:width\" content=\"1080\" \/>\n\t<meta property=\"og:image:height\" content=\"1080\" \/>\n\t<meta property=\"og:image:type\" content=\"image\/png\" \/>\n<meta name=\"twitter:card\" content=\"summary_large_image\" \/>\n<meta name=\"twitter:label1\" content=\"Tiempo de lectura\" \/>\n\t<meta name=\"twitter:data1\" content=\"1 minuto\" \/>\n<script type=\"application\/ld+json\" class=\"yoast-schema-graph\">{\"@context\":\"https:\\\/\\\/schema.org\",\"@graph\":[{\"@type\":\"WebPage\",\"@id\":\"https:\\\/\\\/itemsind.com\\\/tienda\\\/producto\\\/deslizador-de-caidas-p-cab-acero-de-5-16-c-amort-sca-a516\\\/\",\"url\":\"https:\\\/\\\/itemsind.com\\\/tienda\\\/producto\\\/deslizador-de-caidas-p-cab-acero-de-5-16-c-amort-sca-a516\\\/\",\"name\":\"Deslizador de ca\u00eddas P\\\/cab. acero de 5\\\/16\\\" C\\\/AMORT SCA-A516 - Items Industriales\",\"isPartOf\":{\"@id\":\"https:\\\/\\\/itemsind.com\\\/tienda\\\/#website\"},\"primaryImageOfPage\":{\"@id\":\"https:\\\/\\\/itemsind.com\\\/tienda\\\/producto\\\/deslizador-de-caidas-p-cab-acero-de-5-16-c-amort-sca-a516\\\/#primaryimage\"},\"image\":{\"@id\":\"https:\\\/\\\/itemsind.com\\\/tienda\\\/producto\\\/deslizador-de-caidas-p-cab-acero-de-5-16-c-amort-sca-a516\\\/#primaryimage\"},\"thumbnailUrl\":\"https:\\\/\\\/itemsind.com\\\/tienda\\\/wp-content\\\/uploads\\\/2026\\\/04\\\/plantilla-productos-WEBSITE-12.png\",\"datePublished\":\"2026-04-23T18:58:14+00:00\",\"breadcrumb\":{\"@id\":\"https:\\\/\\\/itemsind.com\\\/tienda\\\/producto\\\/deslizador-de-caidas-p-cab-acero-de-5-16-c-amort-sca-a516\\\/#breadcrumb\"},\"inLanguage\":\"es\",\"potentialAction\":[{\"@type\":\"ReadAction\",\"target\":[\"https:\\\/\\\/itemsind.com\\\/tienda\\\/producto\\\/deslizador-de-caidas-p-cab-acero-de-5-16-c-amort-sca-a516\\\/\"]}]},{\"@type\":\"ImageObject\",\"inLanguage\":\"es\",\"@id\":\"https:\\\/\\\/itemsind.com\\\/tienda\\\/producto\\\/deslizador-de-caidas-p-cab-acero-de-5-16-c-amort-sca-a516\\\/#primaryimage\",\"url\":\"https:\\\/\\\/itemsind.com\\\/tienda\\\/wp-content\\\/uploads\\\/2026\\\/04\\\/plantilla-productos-WEBSITE-12.png\",\"contentUrl\":\"https:\\\/\\\/itemsind.com\\\/tienda\\\/wp-content\\\/uploads\\\/2026\\\/04\\\/plantilla-productos-WEBSITE-12.png\",\"width\":1080,\"height\":1080},{\"@type\":\"BreadcrumbList\",\"@id\":\"https:\\\/\\\/itemsind.com\\\/tienda\\\/producto\\\/deslizador-de-caidas-p-cab-acero-de-5-16-c-amort-sca-a516\\\/#breadcrumb\",\"itemListElement\":[{\"@type\":\"ListItem\",\"position\":1,\"name\":\"Portada\",\"item\":\"https:\\\/\\\/itemsind.com\\\/tienda\\\/\"},{\"@type\":\"ListItem\",\"position\":2,\"name\":\"Tienda\",\"item\":\"https:\\\/\\\/itemsind.com\\\/tienda\\\/tienda\\\/\"},{\"@type\":\"ListItem\",\"position\":3,\"name\":\"Deslizador de ca\u00eddas P\\\/cab. acero de 5\\\/16&#8243; C\\\/AMORT SCA-A516\"}]},{\"@type\":\"WebSite\",\"@id\":\"https:\\\/\\\/itemsind.com\\\/tienda\\\/#website\",\"url\":\"https:\\\/\\\/itemsind.com\\\/tienda\\\/\",\"name\":\"Items Industriales\",\"description\":\"Productos y Servicios para Seguridad Industrial\",\"publisher\":{\"@id\":\"https:\\\/\\\/itemsind.com\\\/tienda\\\/#organization\"},\"potentialAction\":[{\"@type\":\"SearchAction\",\"target\":{\"@type\":\"EntryPoint\",\"urlTemplate\":\"https:\\\/\\\/itemsind.com\\\/tienda\\\/?s={search_term_string}\"},\"query-input\":{\"@type\":\"PropertyValueSpecification\",\"valueRequired\":true,\"valueName\":\"search_term_string\"}}],\"inLanguage\":\"es\"},{\"@type\":\"Organization\",\"@id\":\"https:\\\/\\\/itemsind.com\\\/tienda\\\/#organization\",\"name\":\"Items Industriales\",\"url\":\"https:\\\/\\\/itemsind.com\\\/tienda\\\/\",\"logo\":{\"@type\":\"ImageObject\",\"inLanguage\":\"es\",\"@id\":\"https:\\\/\\\/itemsind.com\\\/tienda\\\/#\\\/schema\\\/logo\\\/image\\\/\",\"url\":\"https:\\\/\\\/itemsind.com\\\/tienda\\\/wp-content\\\/uploads\\\/2023\\\/11\\\/items-logo-principal.jpg\",\"contentUrl\":\"https:\\\/\\\/itemsind.com\\\/tienda\\\/wp-content\\\/uploads\\\/2023\\\/11\\\/items-logo-principal.jpg\",\"width\":2120,\"height\":793,\"caption\":\"Items Industriales\"},\"image\":{\"@id\":\"https:\\\/\\\/itemsind.com\\\/tienda\\\/#\\\/schema\\\/logo\\\/image\\\/\"},\"sameAs\":[\"https:\\\/\\\/www.facebook.com\\\/itemsind\",\"https:\\\/\\\/www.instagram.com\\\/itemsind\\\/\"]}]}<\/script>\n<!-- \/ Yoast SEO plugin. -->","yoast_head_json":{"title":"Deslizador de ca\u00eddas P\/cab. acero de 5\/16\" C\/AMORT SCA-A516 - Items Industriales","robots":{"index":"index","follow":"follow","max-snippet":"max-snippet:-1","max-image-preview":"max-image-preview:large","max-video-preview":"max-video-preview:-1"},"canonical":"https:\/\/itemsind.com\/tienda\/producto\/deslizador-de-caidas-p-cab-acero-de-5-16-c-amort-sca-a516\/","og_locale":"es_ES","og_type":"article","og_title":"Deslizador de ca\u00eddas P\/cab. acero de 5\/16\" C\/AMORT SCA-A516 - Items Industriales","og_description":"DESCRIPCI\u00d3N   Dispositivo el cual se conecta a una l\u00ednea de vida de acero como si fuera un punto de anclaje y \u00e9ste detiene al usuario en el momento de una ca\u00edda.           APLICACI\u00d3N   Construcci\u00f3n, miner\u00eda, torres e\u00f3licas, alimenticia, servicios p\u00fablicos, mec\u00e1nica automotriz, electr\u00f3nica.","og_url":"https:\/\/itemsind.com\/tienda\/producto\/deslizador-de-caidas-p-cab-acero-de-5-16-c-amort-sca-a516\/","og_site_name":"Items Industriales","article_publisher":"https:\/\/www.facebook.com\/itemsind","og_image":[{"width":1080,"height":1080,"url":"https:\/\/itemsind.com\/tienda\/wp-content\/uploads\/2026\/04\/plantilla-productos-WEBSITE-12.png","type":"image\/png"}],"twitter_card":"summary_large_image","twitter_misc":{"Tiempo de lectura":"1 minuto"},"schema":{"@context":"https:\/\/schema.org","@graph":[{"@type":"WebPage","@id":"https:\/\/itemsind.com\/tienda\/producto\/deslizador-de-caidas-p-cab-acero-de-5-16-c-amort-sca-a516\/","url":"https:\/\/itemsind.com\/tienda\/producto\/deslizador-de-caidas-p-cab-acero-de-5-16-c-amort-sca-a516\/","name":"Deslizador de ca\u00eddas P\/cab. acero de 5\/16\" C\/AMORT SCA-A516 - Items Industriales","isPartOf":{"@id":"https:\/\/itemsind.com\/tienda\/#website"},"primaryImageOfPage":{"@id":"https:\/\/itemsind.com\/tienda\/producto\/deslizador-de-caidas-p-cab-acero-de-5-16-c-amort-sca-a516\/#primaryimage"},"image":{"@id":"https:\/\/itemsind.com\/tienda\/producto\/deslizador-de-caidas-p-cab-acero-de-5-16-c-amort-sca-a516\/#primaryimage"},"thumbnailUrl":"https:\/\/itemsind.com\/tienda\/wp-content\/uploads\/2026\/04\/plantilla-productos-WEBSITE-12.png","datePublished":"2026-04-23T18:58:14+00:00","breadcrumb":{"@id":"https:\/\/itemsind.com\/tienda\/producto\/deslizador-de-caidas-p-cab-acero-de-5-16-c-amort-sca-a516\/#breadcrumb"},"inLanguage":"es","potentialAction":[{"@type":"ReadAction","target":["https:\/\/itemsind.com\/tienda\/producto\/deslizador-de-caidas-p-cab-acero-de-5-16-c-amort-sca-a516\/"]}]},{"@type":"ImageObject","inLanguage":"es","@id":"https:\/\/itemsind.com\/tienda\/producto\/deslizador-de-caidas-p-cab-acero-de-5-16-c-amort-sca-a516\/#primaryimage","url":"https:\/\/itemsind.com\/tienda\/wp-content\/uploads\/2026\/04\/plantilla-productos-WEBSITE-12.png","contentUrl":"https:\/\/itemsind.com\/tienda\/wp-content\/uploads\/2026\/04\/plantilla-productos-WEBSITE-12.png","width":1080,"height":1080},{"@type":"BreadcrumbList","@id":"https:\/\/itemsind.com\/tienda\/producto\/deslizador-de-caidas-p-cab-acero-de-5-16-c-amort-sca-a516\/#breadcrumb","itemListElement":[{"@type":"ListItem","position":1,"name":"Portada","item":"https:\/\/itemsind.com\/tienda\/"},{"@type":"ListItem","position":2,"name":"Tienda","item":"https:\/\/itemsind.com\/tienda\/tienda\/"},{"@type":"ListItem","position":3,"name":"Deslizador de ca\u00eddas P\/cab. acero de 5\/16&#8243; C\/AMORT SCA-A516"}]},{"@type":"WebSite","@id":"https:\/\/itemsind.com\/tienda\/#website","url":"https:\/\/itemsind.com\/tienda\/","name":"Items Industriales","description":"Productos y Servicios para Seguridad Industrial","publisher":{"@id":"https:\/\/itemsind.com\/tienda\/#organization"},"potentialAction":[{"@type":"SearchAction","target":{"@type":"EntryPoint","urlTemplate":"https:\/\/itemsind.com\/tienda\/?s={search_term_string}"},"query-input":{"@type":"PropertyValueSpecification","valueRequired":true,"valueName":"search_term_string"}}],"inLanguage":"es"},{"@type":"Organization","@id":"https:\/\/itemsind.com\/tienda\/#organization","name":"Items Industriales","url":"https:\/\/itemsind.com\/tienda\/","logo":{"@type":"ImageObject","inLanguage":"es","@id":"https:\/\/itemsind.com\/tienda\/#\/schema\/logo\/image\/","url":"https:\/\/itemsind.com\/tienda\/wp-content\/uploads\/2023\/11\/items-logo-principal.jpg","contentUrl":"https:\/\/itemsind.com\/tienda\/wp-content\/uploads\/2023\/11\/items-logo-principal.jpg","width":2120,"height":793,"caption":"Items Industriales"},"image":{"@id":"https:\/\/itemsind.com\/tienda\/#\/schema\/logo\/image\/"},"sameAs":["https:\/\/www.facebook.com\/itemsind","https:\/\/www.instagram.com\/itemsind\/"]}]}},"_links":{"self":[{"href":"https:\/\/itemsind.com\/tienda\/wp-json\/wp\/v2\/product\/18126","targetHints":{"allow":["GET"]}}],"collection":[{"href":"https:\/\/itemsind.com\/tienda\/wp-json\/wp\/v2\/product"}],"about":[{"href":"https:\/\/itemsind.com\/tienda\/wp-json\/wp\/v2\/types\/product"}],"wp:featuredmedia":[{"embeddable":true,"href":"https:\/\/itemsind.com\/tienda\/wp-json\/wp\/v2\/media\/18127"}],"wp:attachment":[{"href":"https:\/\/itemsind.com\/tienda\/wp-json\/wp\/v2\/media?parent=18126"}],"wp:term":[{"taxonomy":"product_brand","embeddable":true,"href":"https:\/\/itemsind.com\/tienda\/wp-json\/wp\/v2\/product_brand?post=18126"},{"taxonomy":"product_cat","embeddable":true,"href":"https:\/\/itemsind.com\/tienda\/wp-json\/wp\/v2\/product_cat?post=18126"},{"taxonomy":"product_tag","embeddable":true,"href":"https:\/\/itemsind.com\/tienda\/wp-json\/wp\/v2\/product_tag?post=18126"}],"curies":[{"name":"wp","href":"https:\/\/api.w.org\/{rel}","templated":true}]}}