{"id":18132,"date":"2026-04-23T13:20:55","date_gmt":"2026-04-23T19:20:55","guid":{"rendered":"https:\/\/itemsind.com\/tienda\/?post_type=product&#038;p=18132"},"modified":"2026-04-23T13:20:56","modified_gmt":"2026-04-23T19:20:56","slug":"cinta-con-amortiguador-externo-c1pg-1-8","status":"publish","type":"product","link":"https:\/\/itemsind.com\/tienda\/producto\/cinta-con-amortiguador-externo-c1pg-1-8\/","title":{"rendered":"Cinta con amortiguador externo C1PG-1.8"},"content":{"rendered":"","protected":false},"excerpt":{"rendered":"<div class=\"col-sm-12 no-padding info-producto-int\">\n<div class=\"Caracteristicas\">\n<div id=\"accordioninfo\" class=\"filtos-catalogo panel-group tymnyce\" role=\"tablist\" aria-multiselectable=\"true\">\n<div class=\"panel\">\n<div id=\"heading0\" class=\"panel-heading\" role=\"tab\">\n<h4 class=\"categoria\">DESCRIPCI\u00d3N<\/h4>\n<\/div>\n<div id=\"thir0\" class=\"panel-collapse collapse in\" role=\"tabpanel\" aria-labelledby=\"thir0\">\n<div class=\"panel-body\">Cinta o cuerda flexible que sirve para asegurar el arn\u00e9s a un punto de anclaje mediante ganchos de seguridad en los extremos. El cuerpo del cable es de Poli\u00e9ster, con un amortiguador de impacto, que absorbe la energ\u00eda en un evento de ca\u00edda.<\/div>\n<\/div>\n<\/div>\n<\/div>\n<\/div>\n<\/div>\n<div class=\"col-sm-12 no-padding info-producto-int\">\n<div class=\"Caracteristicas\">\n<div id=\"accordioninfo\" class=\"filtos-catalogo panel-group tymnyce\" role=\"tablist\" aria-multiselectable=\"true\">\n<div class=\"panel\">\n<div id=\"heading1\" class=\"panel-heading\" role=\"tab\">\n<h4 class=\"categoria\">MATERIAL<\/h4>\n<\/div>\n<div id=\"thir1\" class=\"panel-collapse collapse in\" role=\"tabpanel\" aria-labelledby=\"thir1\">\n<div class=\"panel-body\">POLYESTER<\/div>\n<\/div>\n<\/div>\n<\/div>\n<\/div>\n<\/div>\n","protected":false},"featured_media":18133,"template":"","meta":[],"product_brand":[2366],"product_cat":[2252,1311],"product_tag":[1652,2273],"class_list":{"0":"post-18132","1":"product","2":"type-product","3":"status-publish","4":"has-post-thumbnail","6":"product_brand-hawk","7":"product_cat-equipo","8":"product_cat-trabajo-alturas","9":"product_tag-cinta-con-amortiguador","10":"product_tag-trabajo-en-alturas","13":"instock","14":"taxable","15":"shipping-taxable","16":"product-type-simple"},"yoast_head":"<!-- This site is optimized with the Yoast SEO plugin v27.4 - https:\/\/yoast.com\/product\/yoast-seo-wordpress\/ -->\n<title>Cinta con amortiguador externo C1PG-1.8 - Items Industriales<\/title>\n<meta name=\"robots\" content=\"index, follow, max-snippet:-1, max-image-preview:large, max-video-preview:-1\" \/>\n<link rel=\"canonical\" href=\"https:\/\/itemsind.com\/tienda\/producto\/cinta-con-amortiguador-externo-c1pg-1-8\/\" \/>\n<meta property=\"og:locale\" content=\"es_ES\" \/>\n<meta property=\"og:type\" content=\"article\" \/>\n<meta property=\"og:title\" content=\"Cinta con amortiguador externo C1PG-1.8 - Items Industriales\" \/>\n<meta property=\"og:description\" content=\"DESCRIPCI\u00d3N   Cinta o cuerda flexible que sirve para asegurar el arn\u00e9s a un punto de anclaje mediante ganchos de seguridad en los extremos. El cuerpo del cable es de Poli\u00e9ster, con un amortiguador de impacto, que absorbe la energ\u00eda en un evento de ca\u00edda.           MATERIAL   POLYESTER\" \/>\n<meta property=\"og:url\" content=\"https:\/\/itemsind.com\/tienda\/producto\/cinta-con-amortiguador-externo-c1pg-1-8\/\" \/>\n<meta property=\"og:site_name\" content=\"Items Industriales\" \/>\n<meta property=\"article:publisher\" content=\"https:\/\/www.facebook.com\/itemsind\" \/>\n<meta property=\"article:modified_time\" content=\"2026-04-23T19:20:56+00:00\" \/>\n<meta property=\"og:image\" content=\"https:\/\/itemsind.com\/tienda\/wp-content\/uploads\/2026\/04\/C1PG-1-80_A-Cable-Contra-caidas-ALTO.png\" \/>\n\t<meta property=\"og:image:width\" content=\"1800\" \/>\n\t<meta property=\"og:image:height\" content=\"1800\" \/>\n\t<meta property=\"og:image:type\" content=\"image\/png\" \/>\n<meta name=\"twitter:card\" content=\"summary_large_image\" \/>\n<meta name=\"twitter:label1\" content=\"Tiempo de lectura\" \/>\n\t<meta name=\"twitter:data1\" content=\"1 minuto\" \/>\n<script type=\"application\/ld+json\" class=\"yoast-schema-graph\">{\"@context\":\"https:\\\/\\\/schema.org\",\"@graph\":[{\"@type\":\"WebPage\",\"@id\":\"https:\\\/\\\/itemsind.com\\\/tienda\\\/producto\\\/cinta-con-amortiguador-externo-c1pg-1-8\\\/\",\"url\":\"https:\\\/\\\/itemsind.com\\\/tienda\\\/producto\\\/cinta-con-amortiguador-externo-c1pg-1-8\\\/\",\"name\":\"Cinta con amortiguador externo C1PG-1.8 - Items Industriales\",\"isPartOf\":{\"@id\":\"https:\\\/\\\/itemsind.com\\\/tienda\\\/#website\"},\"primaryImageOfPage\":{\"@id\":\"https:\\\/\\\/itemsind.com\\\/tienda\\\/producto\\\/cinta-con-amortiguador-externo-c1pg-1-8\\\/#primaryimage\"},\"image\":{\"@id\":\"https:\\\/\\\/itemsind.com\\\/tienda\\\/producto\\\/cinta-con-amortiguador-externo-c1pg-1-8\\\/#primaryimage\"},\"thumbnailUrl\":\"https:\\\/\\\/itemsind.com\\\/tienda\\\/wp-content\\\/uploads\\\/2026\\\/04\\\/C1PG-1-80_A-Cable-Contra-caidas-ALTO.png\",\"datePublished\":\"2026-04-23T19:20:55+00:00\",\"dateModified\":\"2026-04-23T19:20:56+00:00\",\"breadcrumb\":{\"@id\":\"https:\\\/\\\/itemsind.com\\\/tienda\\\/producto\\\/cinta-con-amortiguador-externo-c1pg-1-8\\\/#breadcrumb\"},\"inLanguage\":\"es\",\"potentialAction\":[{\"@type\":\"ReadAction\",\"target\":[\"https:\\\/\\\/itemsind.com\\\/tienda\\\/producto\\\/cinta-con-amortiguador-externo-c1pg-1-8\\\/\"]}]},{\"@type\":\"ImageObject\",\"inLanguage\":\"es\",\"@id\":\"https:\\\/\\\/itemsind.com\\\/tienda\\\/producto\\\/cinta-con-amortiguador-externo-c1pg-1-8\\\/#primaryimage\",\"url\":\"https:\\\/\\\/itemsind.com\\\/tienda\\\/wp-content\\\/uploads\\\/2026\\\/04\\\/C1PG-1-80_A-Cable-Contra-caidas-ALTO.png\",\"contentUrl\":\"https:\\\/\\\/itemsind.com\\\/tienda\\\/wp-content\\\/uploads\\\/2026\\\/04\\\/C1PG-1-80_A-Cable-Contra-caidas-ALTO.png\",\"width\":1800,\"height\":1800},{\"@type\":\"BreadcrumbList\",\"@id\":\"https:\\\/\\\/itemsind.com\\\/tienda\\\/producto\\\/cinta-con-amortiguador-externo-c1pg-1-8\\\/#breadcrumb\",\"itemListElement\":[{\"@type\":\"ListItem\",\"position\":1,\"name\":\"Portada\",\"item\":\"https:\\\/\\\/itemsind.com\\\/tienda\\\/\"},{\"@type\":\"ListItem\",\"position\":2,\"name\":\"Tienda\",\"item\":\"https:\\\/\\\/itemsind.com\\\/tienda\\\/tienda\\\/\"},{\"@type\":\"ListItem\",\"position\":3,\"name\":\"Cinta con amortiguador externo C1PG-1.8\"}]},{\"@type\":\"WebSite\",\"@id\":\"https:\\\/\\\/itemsind.com\\\/tienda\\\/#website\",\"url\":\"https:\\\/\\\/itemsind.com\\\/tienda\\\/\",\"name\":\"Items Industriales\",\"description\":\"Productos y Servicios para Seguridad Industrial\",\"publisher\":{\"@id\":\"https:\\\/\\\/itemsind.com\\\/tienda\\\/#organization\"},\"potentialAction\":[{\"@type\":\"SearchAction\",\"target\":{\"@type\":\"EntryPoint\",\"urlTemplate\":\"https:\\\/\\\/itemsind.com\\\/tienda\\\/?s={search_term_string}\"},\"query-input\":{\"@type\":\"PropertyValueSpecification\",\"valueRequired\":true,\"valueName\":\"search_term_string\"}}],\"inLanguage\":\"es\"},{\"@type\":\"Organization\",\"@id\":\"https:\\\/\\\/itemsind.com\\\/tienda\\\/#organization\",\"name\":\"Items Industriales\",\"url\":\"https:\\\/\\\/itemsind.com\\\/tienda\\\/\",\"logo\":{\"@type\":\"ImageObject\",\"inLanguage\":\"es\",\"@id\":\"https:\\\/\\\/itemsind.com\\\/tienda\\\/#\\\/schema\\\/logo\\\/image\\\/\",\"url\":\"https:\\\/\\\/itemsind.com\\\/tienda\\\/wp-content\\\/uploads\\\/2023\\\/11\\\/items-logo-principal.jpg\",\"contentUrl\":\"https:\\\/\\\/itemsind.com\\\/tienda\\\/wp-content\\\/uploads\\\/2023\\\/11\\\/items-logo-principal.jpg\",\"width\":2120,\"height\":793,\"caption\":\"Items Industriales\"},\"image\":{\"@id\":\"https:\\\/\\\/itemsind.com\\\/tienda\\\/#\\\/schema\\\/logo\\\/image\\\/\"},\"sameAs\":[\"https:\\\/\\\/www.facebook.com\\\/itemsind\",\"https:\\\/\\\/www.instagram.com\\\/itemsind\\\/\"]}]}<\/script>\n<!-- \/ Yoast SEO plugin. -->","yoast_head_json":{"title":"Cinta con amortiguador externo C1PG-1.8 - Items Industriales","robots":{"index":"index","follow":"follow","max-snippet":"max-snippet:-1","max-image-preview":"max-image-preview:large","max-video-preview":"max-video-preview:-1"},"canonical":"https:\/\/itemsind.com\/tienda\/producto\/cinta-con-amortiguador-externo-c1pg-1-8\/","og_locale":"es_ES","og_type":"article","og_title":"Cinta con amortiguador externo C1PG-1.8 - Items Industriales","og_description":"DESCRIPCI\u00d3N   Cinta o cuerda flexible que sirve para asegurar el arn\u00e9s a un punto de anclaje mediante ganchos de seguridad en los extremos. El cuerpo del cable es de Poli\u00e9ster, con un amortiguador de impacto, que absorbe la energ\u00eda en un evento de ca\u00edda.           MATERIAL   POLYESTER","og_url":"https:\/\/itemsind.com\/tienda\/producto\/cinta-con-amortiguador-externo-c1pg-1-8\/","og_site_name":"Items Industriales","article_publisher":"https:\/\/www.facebook.com\/itemsind","article_modified_time":"2026-04-23T19:20:56+00:00","og_image":[{"width":1800,"height":1800,"url":"https:\/\/itemsind.com\/tienda\/wp-content\/uploads\/2026\/04\/C1PG-1-80_A-Cable-Contra-caidas-ALTO.png","type":"image\/png"}],"twitter_card":"summary_large_image","twitter_misc":{"Tiempo de lectura":"1 minuto"},"schema":{"@context":"https:\/\/schema.org","@graph":[{"@type":"WebPage","@id":"https:\/\/itemsind.com\/tienda\/producto\/cinta-con-amortiguador-externo-c1pg-1-8\/","url":"https:\/\/itemsind.com\/tienda\/producto\/cinta-con-amortiguador-externo-c1pg-1-8\/","name":"Cinta con amortiguador externo C1PG-1.8 - Items Industriales","isPartOf":{"@id":"https:\/\/itemsind.com\/tienda\/#website"},"primaryImageOfPage":{"@id":"https:\/\/itemsind.com\/tienda\/producto\/cinta-con-amortiguador-externo-c1pg-1-8\/#primaryimage"},"image":{"@id":"https:\/\/itemsind.com\/tienda\/producto\/cinta-con-amortiguador-externo-c1pg-1-8\/#primaryimage"},"thumbnailUrl":"https:\/\/itemsind.com\/tienda\/wp-content\/uploads\/2026\/04\/C1PG-1-80_A-Cable-Contra-caidas-ALTO.png","datePublished":"2026-04-23T19:20:55+00:00","dateModified":"2026-04-23T19:20:56+00:00","breadcrumb":{"@id":"https:\/\/itemsind.com\/tienda\/producto\/cinta-con-amortiguador-externo-c1pg-1-8\/#breadcrumb"},"inLanguage":"es","potentialAction":[{"@type":"ReadAction","target":["https:\/\/itemsind.com\/tienda\/producto\/cinta-con-amortiguador-externo-c1pg-1-8\/"]}]},{"@type":"ImageObject","inLanguage":"es","@id":"https:\/\/itemsind.com\/tienda\/producto\/cinta-con-amortiguador-externo-c1pg-1-8\/#primaryimage","url":"https:\/\/itemsind.com\/tienda\/wp-content\/uploads\/2026\/04\/C1PG-1-80_A-Cable-Contra-caidas-ALTO.png","contentUrl":"https:\/\/itemsind.com\/tienda\/wp-content\/uploads\/2026\/04\/C1PG-1-80_A-Cable-Contra-caidas-ALTO.png","width":1800,"height":1800},{"@type":"BreadcrumbList","@id":"https:\/\/itemsind.com\/tienda\/producto\/cinta-con-amortiguador-externo-c1pg-1-8\/#breadcrumb","itemListElement":[{"@type":"ListItem","position":1,"name":"Portada","item":"https:\/\/itemsind.com\/tienda\/"},{"@type":"ListItem","position":2,"name":"Tienda","item":"https:\/\/itemsind.com\/tienda\/tienda\/"},{"@type":"ListItem","position":3,"name":"Cinta con amortiguador externo C1PG-1.8"}]},{"@type":"WebSite","@id":"https:\/\/itemsind.com\/tienda\/#website","url":"https:\/\/itemsind.com\/tienda\/","name":"Items Industriales","description":"Productos y Servicios para Seguridad Industrial","publisher":{"@id":"https:\/\/itemsind.com\/tienda\/#organization"},"potentialAction":[{"@type":"SearchAction","target":{"@type":"EntryPoint","urlTemplate":"https:\/\/itemsind.com\/tienda\/?s={search_term_string}"},"query-input":{"@type":"PropertyValueSpecification","valueRequired":true,"valueName":"search_term_string"}}],"inLanguage":"es"},{"@type":"Organization","@id":"https:\/\/itemsind.com\/tienda\/#organization","name":"Items Industriales","url":"https:\/\/itemsind.com\/tienda\/","logo":{"@type":"ImageObject","inLanguage":"es","@id":"https:\/\/itemsind.com\/tienda\/#\/schema\/logo\/image\/","url":"https:\/\/itemsind.com\/tienda\/wp-content\/uploads\/2023\/11\/items-logo-principal.jpg","contentUrl":"https:\/\/itemsind.com\/tienda\/wp-content\/uploads\/2023\/11\/items-logo-principal.jpg","width":2120,"height":793,"caption":"Items Industriales"},"image":{"@id":"https:\/\/itemsind.com\/tienda\/#\/schema\/logo\/image\/"},"sameAs":["https:\/\/www.facebook.com\/itemsind","https:\/\/www.instagram.com\/itemsind\/"]}]}},"_links":{"self":[{"href":"https:\/\/itemsind.com\/tienda\/wp-json\/wp\/v2\/product\/18132","targetHints":{"allow":["GET"]}}],"collection":[{"href":"https:\/\/itemsind.com\/tienda\/wp-json\/wp\/v2\/product"}],"about":[{"href":"https:\/\/itemsind.com\/tienda\/wp-json\/wp\/v2\/types\/product"}],"wp:featuredmedia":[{"embeddable":true,"href":"https:\/\/itemsind.com\/tienda\/wp-json\/wp\/v2\/media\/18133"}],"wp:attachment":[{"href":"https:\/\/itemsind.com\/tienda\/wp-json\/wp\/v2\/media?parent=18132"}],"wp:term":[{"taxonomy":"product_brand","embeddable":true,"href":"https:\/\/itemsind.com\/tienda\/wp-json\/wp\/v2\/product_brand?post=18132"},{"taxonomy":"product_cat","embeddable":true,"href":"https:\/\/itemsind.com\/tienda\/wp-json\/wp\/v2\/product_cat?post=18132"},{"taxonomy":"product_tag","embeddable":true,"href":"https:\/\/itemsind.com\/tienda\/wp-json\/wp\/v2\/product_tag?post=18132"}],"curies":[{"name":"wp","href":"https:\/\/api.w.org\/{rel}","templated":true}]}}