{"id":18140,"date":"2026-04-27T08:43:55","date_gmt":"2026-04-27T14:43:55","guid":{"rendered":"https:\/\/itemsind.com\/tienda\/?post_type=product&#038;p=18140"},"modified":"2026-04-27T08:46:40","modified_gmt":"2026-04-27T14:46:40","slug":"cinta-doble-con-amortiguador-externo-671kn-1-8","status":"publish","type":"product","link":"https:\/\/itemsind.com\/tienda\/producto\/cinta-doble-con-amortiguador-externo-671kn-1-8\/","title":{"rendered":"Cinta doble con amortiguador externo 671KN-1.8"},"content":{"rendered":"","protected":false},"excerpt":{"rendered":"<p>Cinta o cuerda doble brazo de Kevlar\u00ae Nomex\u00ae con una resistencia a la tensi\u00f3n m\u00ednima de 7,000lbs y a una temperatura m\u00e1xima de 426\u00b0CEl material brinda la propiedad de no fundirse y . de no propagar la flama provocada por una posible chispa. La l\u00ednea sirve para asegurar el arn\u00e9s a un punto de anclaje mediante dos ganchos grandes de seguridad de 217mm con una apertura de \u00d850mm. Adem\u00e1s cuenta con un amortiguador que disipa el impacto en un evento de ca\u00edda<\/p>\n<div class=\"col-sm-12 no-padding info-producto-int\">\n<div class=\"Caracteristicas\">\n<div id=\"accordioninfo\" class=\"filtos-catalogo panel-group tymnyce\" role=\"tablist\" aria-multiselectable=\"true\">\n<div class=\"panel\">\n<div id=\"heading0\" class=\"panel-heading\" role=\"tab\">\n<h4 class=\"categoria\">DESCRIPCI\u00d3N<\/h4>\n<\/div>\n<div id=\"thir0\" class=\"panel-collapse collapse in\" role=\"tabpanel\" aria-labelledby=\"thir0\">\n<div class=\"panel-body\">L\u00ednea o cuerda flexible de Kevlar\u00ae Nomex\u00ae con resistencia a la tensi\u00f3n m\u00ednima de 7,000 lb y a una temperatura m\u00e1xima de 426\u00b0C, ganchos de acero.<\/div>\n<\/div>\n<\/div>\n<\/div>\n<\/div>\n<\/div>\n<div class=\"col-sm-12 no-padding info-producto-int\">\n<div class=\"Caracteristicas\">\n<div id=\"accordioninfo\" class=\"filtos-catalogo panel-group tymnyce\" role=\"tablist\" aria-multiselectable=\"true\">\n<div class=\"panel\">\n<div id=\"heading1\" class=\"panel-heading\" role=\"tab\">\n<h4 class=\"categoria\">APLICACI\u00d3N<\/h4>\n<\/div>\n<div id=\"thir1\" class=\"panel-collapse collapse in\" role=\"tabpanel\" aria-labelledby=\"thir1\">\n<div class=\"panel-body\">Construcci\u00f3n, miner\u00eda, torres e\u00f3licas, alimenticia, servicios p\u00fablicos, mec\u00e1nica automotriz, electr\u00f3nica.<\/div>\n<\/div>\n<\/div>\n<\/div>\n<\/div>\n<\/div>\n<p>&nbsp;<\/p>\n","protected":false},"featured_media":18141,"template":"","meta":[],"product_brand":[2366],"product_cat":[2252,1311],"product_tag":[1652,2273],"class_list":{"0":"post-18140","1":"product","2":"type-product","3":"status-publish","4":"has-post-thumbnail","6":"product_brand-hawk","7":"product_cat-equipo","8":"product_cat-trabajo-alturas","9":"product_tag-cinta-con-amortiguador","10":"product_tag-trabajo-en-alturas","13":"instock","14":"taxable","15":"shipping-taxable","16":"product-type-simple"},"yoast_head":"<!-- This site is optimized with the Yoast SEO plugin v27.4 - https:\/\/yoast.com\/product\/yoast-seo-wordpress\/ -->\n<title>Cinta doble con amortiguador externo 671KN-1.8 - Items Industriales<\/title>\n<meta name=\"robots\" content=\"index, follow, max-snippet:-1, max-image-preview:large, max-video-preview:-1\" \/>\n<link rel=\"canonical\" href=\"https:\/\/itemsind.com\/tienda\/producto\/cinta-doble-con-amortiguador-externo-671kn-1-8\/\" \/>\n<meta property=\"og:locale\" content=\"es_ES\" \/>\n<meta property=\"og:type\" content=\"article\" \/>\n<meta property=\"og:title\" content=\"Cinta doble con amortiguador externo 671KN-1.8 - Items Industriales\" \/>\n<meta property=\"og:description\" content=\"Cinta o cuerda doble brazo de Kevlar\u00ae Nomex\u00ae con una resistencia a la tensi\u00f3n m\u00ednima de 7,000lbs y a una temperatura m\u00e1xima de 426\u00b0CEl material brinda la propiedad de no fundirse y . de no propagar la flama provocada por una posible chispa. La l\u00ednea sirve para asegurar el arn\u00e9s a un punto de anclaje mediante dos ganchos grandes de seguridad de 217mm con una apertura de \u00d850mm. Adem\u00e1s cuenta con un amortiguador que disipa el impacto en un evento de ca\u00edda      DESCRIPCI\u00d3N   L\u00ednea o cuerda flexible de Kevlar\u00ae Nomex\u00ae con resistencia a la tensi\u00f3n m\u00ednima de 7,000 lb y a una temperatura m\u00e1xima de 426\u00b0C, ganchos de acero.           APLICACI\u00d3N   Construcci\u00f3n, miner\u00eda, torres e\u00f3licas, alimenticia, servicios p\u00fablicos, mec\u00e1nica automotriz, electr\u00f3nica.      &nbsp;\" \/>\n<meta property=\"og:url\" content=\"https:\/\/itemsind.com\/tienda\/producto\/cinta-doble-con-amortiguador-externo-671kn-1-8\/\" \/>\n<meta property=\"og:site_name\" content=\"Items Industriales\" \/>\n<meta property=\"article:publisher\" content=\"https:\/\/www.facebook.com\/itemsind\" \/>\n<meta property=\"article:modified_time\" content=\"2026-04-27T14:46:40+00:00\" \/>\n<meta property=\"og:image\" content=\"https:\/\/itemsind.com\/tienda\/wp-content\/uploads\/2026\/04\/plantilla-productos-WEBSITE-17.png\" \/>\n\t<meta property=\"og:image:width\" content=\"1080\" \/>\n\t<meta property=\"og:image:height\" content=\"1080\" \/>\n\t<meta property=\"og:image:type\" content=\"image\/png\" \/>\n<meta name=\"twitter:card\" content=\"summary_large_image\" \/>\n<meta name=\"twitter:label1\" content=\"Tiempo de lectura\" \/>\n\t<meta name=\"twitter:data1\" content=\"1 minuto\" \/>\n<script type=\"application\/ld+json\" class=\"yoast-schema-graph\">{\"@context\":\"https:\\\/\\\/schema.org\",\"@graph\":[{\"@type\":\"WebPage\",\"@id\":\"https:\\\/\\\/itemsind.com\\\/tienda\\\/producto\\\/cinta-doble-con-amortiguador-externo-671kn-1-8\\\/\",\"url\":\"https:\\\/\\\/itemsind.com\\\/tienda\\\/producto\\\/cinta-doble-con-amortiguador-externo-671kn-1-8\\\/\",\"name\":\"Cinta doble con amortiguador externo 671KN-1.8 - Items Industriales\",\"isPartOf\":{\"@id\":\"https:\\\/\\\/itemsind.com\\\/tienda\\\/#website\"},\"primaryImageOfPage\":{\"@id\":\"https:\\\/\\\/itemsind.com\\\/tienda\\\/producto\\\/cinta-doble-con-amortiguador-externo-671kn-1-8\\\/#primaryimage\"},\"image\":{\"@id\":\"https:\\\/\\\/itemsind.com\\\/tienda\\\/producto\\\/cinta-doble-con-amortiguador-externo-671kn-1-8\\\/#primaryimage\"},\"thumbnailUrl\":\"https:\\\/\\\/itemsind.com\\\/tienda\\\/wp-content\\\/uploads\\\/2026\\\/04\\\/plantilla-productos-WEBSITE-17.png\",\"datePublished\":\"2026-04-27T14:43:55+00:00\",\"dateModified\":\"2026-04-27T14:46:40+00:00\",\"breadcrumb\":{\"@id\":\"https:\\\/\\\/itemsind.com\\\/tienda\\\/producto\\\/cinta-doble-con-amortiguador-externo-671kn-1-8\\\/#breadcrumb\"},\"inLanguage\":\"es\",\"potentialAction\":[{\"@type\":\"ReadAction\",\"target\":[\"https:\\\/\\\/itemsind.com\\\/tienda\\\/producto\\\/cinta-doble-con-amortiguador-externo-671kn-1-8\\\/\"]}]},{\"@type\":\"ImageObject\",\"inLanguage\":\"es\",\"@id\":\"https:\\\/\\\/itemsind.com\\\/tienda\\\/producto\\\/cinta-doble-con-amortiguador-externo-671kn-1-8\\\/#primaryimage\",\"url\":\"https:\\\/\\\/itemsind.com\\\/tienda\\\/wp-content\\\/uploads\\\/2026\\\/04\\\/plantilla-productos-WEBSITE-17.png\",\"contentUrl\":\"https:\\\/\\\/itemsind.com\\\/tienda\\\/wp-content\\\/uploads\\\/2026\\\/04\\\/plantilla-productos-WEBSITE-17.png\",\"width\":1080,\"height\":1080},{\"@type\":\"BreadcrumbList\",\"@id\":\"https:\\\/\\\/itemsind.com\\\/tienda\\\/producto\\\/cinta-doble-con-amortiguador-externo-671kn-1-8\\\/#breadcrumb\",\"itemListElement\":[{\"@type\":\"ListItem\",\"position\":1,\"name\":\"Portada\",\"item\":\"https:\\\/\\\/itemsind.com\\\/tienda\\\/\"},{\"@type\":\"ListItem\",\"position\":2,\"name\":\"Tienda\",\"item\":\"https:\\\/\\\/itemsind.com\\\/tienda\\\/tienda\\\/\"},{\"@type\":\"ListItem\",\"position\":3,\"name\":\"Cinta doble con amortiguador externo 671KN-1.8\"}]},{\"@type\":\"WebSite\",\"@id\":\"https:\\\/\\\/itemsind.com\\\/tienda\\\/#website\",\"url\":\"https:\\\/\\\/itemsind.com\\\/tienda\\\/\",\"name\":\"Items Industriales\",\"description\":\"Productos y Servicios para Seguridad Industrial\",\"publisher\":{\"@id\":\"https:\\\/\\\/itemsind.com\\\/tienda\\\/#organization\"},\"potentialAction\":[{\"@type\":\"SearchAction\",\"target\":{\"@type\":\"EntryPoint\",\"urlTemplate\":\"https:\\\/\\\/itemsind.com\\\/tienda\\\/?s={search_term_string}\"},\"query-input\":{\"@type\":\"PropertyValueSpecification\",\"valueRequired\":true,\"valueName\":\"search_term_string\"}}],\"inLanguage\":\"es\"},{\"@type\":\"Organization\",\"@id\":\"https:\\\/\\\/itemsind.com\\\/tienda\\\/#organization\",\"name\":\"Items Industriales\",\"url\":\"https:\\\/\\\/itemsind.com\\\/tienda\\\/\",\"logo\":{\"@type\":\"ImageObject\",\"inLanguage\":\"es\",\"@id\":\"https:\\\/\\\/itemsind.com\\\/tienda\\\/#\\\/schema\\\/logo\\\/image\\\/\",\"url\":\"https:\\\/\\\/itemsind.com\\\/tienda\\\/wp-content\\\/uploads\\\/2023\\\/11\\\/items-logo-principal.jpg\",\"contentUrl\":\"https:\\\/\\\/itemsind.com\\\/tienda\\\/wp-content\\\/uploads\\\/2023\\\/11\\\/items-logo-principal.jpg\",\"width\":2120,\"height\":793,\"caption\":\"Items Industriales\"},\"image\":{\"@id\":\"https:\\\/\\\/itemsind.com\\\/tienda\\\/#\\\/schema\\\/logo\\\/image\\\/\"},\"sameAs\":[\"https:\\\/\\\/www.facebook.com\\\/itemsind\",\"https:\\\/\\\/www.instagram.com\\\/itemsind\\\/\"]}]}<\/script>\n<!-- \/ Yoast SEO plugin. -->","yoast_head_json":{"title":"Cinta doble con amortiguador externo 671KN-1.8 - Items Industriales","robots":{"index":"index","follow":"follow","max-snippet":"max-snippet:-1","max-image-preview":"max-image-preview:large","max-video-preview":"max-video-preview:-1"},"canonical":"https:\/\/itemsind.com\/tienda\/producto\/cinta-doble-con-amortiguador-externo-671kn-1-8\/","og_locale":"es_ES","og_type":"article","og_title":"Cinta doble con amortiguador externo 671KN-1.8 - Items Industriales","og_description":"Cinta o cuerda doble brazo de Kevlar\u00ae Nomex\u00ae con una resistencia a la tensi\u00f3n m\u00ednima de 7,000lbs y a una temperatura m\u00e1xima de 426\u00b0CEl material brinda la propiedad de no fundirse y . de no propagar la flama provocada por una posible chispa. La l\u00ednea sirve para asegurar el arn\u00e9s a un punto de anclaje mediante dos ganchos grandes de seguridad de 217mm con una apertura de \u00d850mm. Adem\u00e1s cuenta con un amortiguador que disipa el impacto en un evento de ca\u00edda      DESCRIPCI\u00d3N   L\u00ednea o cuerda flexible de Kevlar\u00ae Nomex\u00ae con resistencia a la tensi\u00f3n m\u00ednima de 7,000 lb y a una temperatura m\u00e1xima de 426\u00b0C, ganchos de acero.           APLICACI\u00d3N   Construcci\u00f3n, miner\u00eda, torres e\u00f3licas, alimenticia, servicios p\u00fablicos, mec\u00e1nica automotriz, electr\u00f3nica.      &nbsp;","og_url":"https:\/\/itemsind.com\/tienda\/producto\/cinta-doble-con-amortiguador-externo-671kn-1-8\/","og_site_name":"Items Industriales","article_publisher":"https:\/\/www.facebook.com\/itemsind","article_modified_time":"2026-04-27T14:46:40+00:00","og_image":[{"width":1080,"height":1080,"url":"https:\/\/itemsind.com\/tienda\/wp-content\/uploads\/2026\/04\/plantilla-productos-WEBSITE-17.png","type":"image\/png"}],"twitter_card":"summary_large_image","twitter_misc":{"Tiempo de lectura":"1 minuto"},"schema":{"@context":"https:\/\/schema.org","@graph":[{"@type":"WebPage","@id":"https:\/\/itemsind.com\/tienda\/producto\/cinta-doble-con-amortiguador-externo-671kn-1-8\/","url":"https:\/\/itemsind.com\/tienda\/producto\/cinta-doble-con-amortiguador-externo-671kn-1-8\/","name":"Cinta doble con amortiguador externo 671KN-1.8 - Items Industriales","isPartOf":{"@id":"https:\/\/itemsind.com\/tienda\/#website"},"primaryImageOfPage":{"@id":"https:\/\/itemsind.com\/tienda\/producto\/cinta-doble-con-amortiguador-externo-671kn-1-8\/#primaryimage"},"image":{"@id":"https:\/\/itemsind.com\/tienda\/producto\/cinta-doble-con-amortiguador-externo-671kn-1-8\/#primaryimage"},"thumbnailUrl":"https:\/\/itemsind.com\/tienda\/wp-content\/uploads\/2026\/04\/plantilla-productos-WEBSITE-17.png","datePublished":"2026-04-27T14:43:55+00:00","dateModified":"2026-04-27T14:46:40+00:00","breadcrumb":{"@id":"https:\/\/itemsind.com\/tienda\/producto\/cinta-doble-con-amortiguador-externo-671kn-1-8\/#breadcrumb"},"inLanguage":"es","potentialAction":[{"@type":"ReadAction","target":["https:\/\/itemsind.com\/tienda\/producto\/cinta-doble-con-amortiguador-externo-671kn-1-8\/"]}]},{"@type":"ImageObject","inLanguage":"es","@id":"https:\/\/itemsind.com\/tienda\/producto\/cinta-doble-con-amortiguador-externo-671kn-1-8\/#primaryimage","url":"https:\/\/itemsind.com\/tienda\/wp-content\/uploads\/2026\/04\/plantilla-productos-WEBSITE-17.png","contentUrl":"https:\/\/itemsind.com\/tienda\/wp-content\/uploads\/2026\/04\/plantilla-productos-WEBSITE-17.png","width":1080,"height":1080},{"@type":"BreadcrumbList","@id":"https:\/\/itemsind.com\/tienda\/producto\/cinta-doble-con-amortiguador-externo-671kn-1-8\/#breadcrumb","itemListElement":[{"@type":"ListItem","position":1,"name":"Portada","item":"https:\/\/itemsind.com\/tienda\/"},{"@type":"ListItem","position":2,"name":"Tienda","item":"https:\/\/itemsind.com\/tienda\/tienda\/"},{"@type":"ListItem","position":3,"name":"Cinta doble con amortiguador externo 671KN-1.8"}]},{"@type":"WebSite","@id":"https:\/\/itemsind.com\/tienda\/#website","url":"https:\/\/itemsind.com\/tienda\/","name":"Items Industriales","description":"Productos y Servicios para Seguridad Industrial","publisher":{"@id":"https:\/\/itemsind.com\/tienda\/#organization"},"potentialAction":[{"@type":"SearchAction","target":{"@type":"EntryPoint","urlTemplate":"https:\/\/itemsind.com\/tienda\/?s={search_term_string}"},"query-input":{"@type":"PropertyValueSpecification","valueRequired":true,"valueName":"search_term_string"}}],"inLanguage":"es"},{"@type":"Organization","@id":"https:\/\/itemsind.com\/tienda\/#organization","name":"Items Industriales","url":"https:\/\/itemsind.com\/tienda\/","logo":{"@type":"ImageObject","inLanguage":"es","@id":"https:\/\/itemsind.com\/tienda\/#\/schema\/logo\/image\/","url":"https:\/\/itemsind.com\/tienda\/wp-content\/uploads\/2023\/11\/items-logo-principal.jpg","contentUrl":"https:\/\/itemsind.com\/tienda\/wp-content\/uploads\/2023\/11\/items-logo-principal.jpg","width":2120,"height":793,"caption":"Items Industriales"},"image":{"@id":"https:\/\/itemsind.com\/tienda\/#\/schema\/logo\/image\/"},"sameAs":["https:\/\/www.facebook.com\/itemsind","https:\/\/www.instagram.com\/itemsind\/"]}]}},"_links":{"self":[{"href":"https:\/\/itemsind.com\/tienda\/wp-json\/wp\/v2\/product\/18140","targetHints":{"allow":["GET"]}}],"collection":[{"href":"https:\/\/itemsind.com\/tienda\/wp-json\/wp\/v2\/product"}],"about":[{"href":"https:\/\/itemsind.com\/tienda\/wp-json\/wp\/v2\/types\/product"}],"wp:featuredmedia":[{"embeddable":true,"href":"https:\/\/itemsind.com\/tienda\/wp-json\/wp\/v2\/media\/18141"}],"wp:attachment":[{"href":"https:\/\/itemsind.com\/tienda\/wp-json\/wp\/v2\/media?parent=18140"}],"wp:term":[{"taxonomy":"product_brand","embeddable":true,"href":"https:\/\/itemsind.com\/tienda\/wp-json\/wp\/v2\/product_brand?post=18140"},{"taxonomy":"product_cat","embeddable":true,"href":"https:\/\/itemsind.com\/tienda\/wp-json\/wp\/v2\/product_cat?post=18140"},{"taxonomy":"product_tag","embeddable":true,"href":"https:\/\/itemsind.com\/tienda\/wp-json\/wp\/v2\/product_tag?post=18140"}],"curies":[{"name":"wp","href":"https:\/\/api.w.org\/{rel}","templated":true}]}}